{"id":20093,"date":"2019-03-19T14:41:04","date_gmt":"2019-03-19T13:41:04","guid":{"rendered":"https:\/\/www.sestogrado.it\/?post_type=product&#038;p=20093"},"modified":"2026-04-28T10:42:22","modified_gmt":"2026-04-28T08:42:22","slug":"black-diamond-atc-guide-alpine-assicuratore-discensore","status":"publish","type":"product","link":"https:\/\/www.sestogrado.it\/en\/prodotto\/black-diamond-atc-guide-alpine-assicuratore-discensore\/","title":{"rendered":"Black Diamond ATC Guide Alpine assicuratore discensore"},"content":{"rendered":"<p>Il Black Diamond ATC Guide Alpine \u00e8 la versione ultraleggera ed ottimizzata per corde sottili del famoso secchiello <a href=\"https:\/\/www.sestogrado.it\/it\/prodotto\/black-diamond-atc-guide-assicuratore-discensore\/\" target=\"_blank\" rel=\"noopener noreferrer\">ATC Guide<\/a> di Black Diamond.<\/p>\n<p>L&#8217;ATC Guide Alpine \u00e8 stato alleggerito, pesa solo 73 grammi, \u00e8 omologato per corde tra 6,9 e 9mm ed \u00e8 ottimizzato per corde tra 8,1 e 8,5mm, \u00e8 quindi uno strumento compatto, leggero, ideale per corde sottili da alpinismo tecnico.<\/p>\n<p>La forma ovalizzata del buco per l&#8217;assicurazione consente di dare la corda in modo particolarmente scorrevole, e la modalit\u00e0 Guide consente di fare sicura dall&#8217;alto ad uno o due secondi. La modalit\u00e0 a frizione multipla fornisce un forte potere di frenata in fase di calata, orientando le gole in un verso specifico.<\/p>\n<ul>\n<li>Ultraleggero e compatto, 73g<\/li>\n<li>Modalit\u00e0 a frizione multipla per dare maggior forza frenante alla calata<\/li>\n<li>Il buco di assicurazione pu\u00f2 ospitare piccoli moschettoni<\/li>\n<li>Cavo di assicurazione robusto e durevole<\/li>\n<li>La modalit\u00e0 Guide con sicura dall&#8217;alto funziona con uno o due secondi<\/li>\n<\/ul>\n<p>Leggero, compatto e dedicato a corde sottili, l&#8217;ATC Guide Alpine \u00e8 il giusto assicuratore per chi pratica alpinismo tecnico light e fast.<\/p>\n","protected":false},"excerpt":{"rendered":"<p>Il Black Diamond ATC Guide Alpine \u00e8 la versione ultraleggera ed ottimizzata per corde sottili del famoso secchiello ATC Guide [&hellip;]<\/p>\n","protected":false},"featured_media":20125,"comment_status":"open","ping_status":"closed","template":"","meta":{"_acf_changed":false},"product_brand":[121],"product_cat":[134],"product_tag":[],"class_list":{"0":"post-20093","1":"product","2":"type-product","3":"status-publish","4":"has-post-thumbnail","6":"product_brand-black-diamond","7":"product_cat-assicuratori","9":"first","10":"instock","11":"sale","12":"taxable","13":"shipping-taxable","14":"purchasable","15":"product-type-simple"},"acf":[],"yoast_head":"<!-- This site is optimized with the Yoast SEO plugin v26.4 - https:\/\/yoast.com\/wordpress\/plugins\/seo\/ -->\n<title>Black Diamond ATC Guide Alpine assicuratore discensore - Sestogrado<\/title>\n<meta name=\"description\" content=\"Il Black Diamond ATC Guide Alpine \u00e8 la versione ultraleggera ed ottimizzata per corde sottili del famoso secchiello ATC Guide di Black Diamond. L&#039;ATC Guide Alpine \u00e8 stato alleggerito, pesa solo 73 grammi, \u00e8 omologato per corde tra 6,9 e 9mm ed \u00e8 ottimizzato per corde tra 8,1 e 8,5mm.\" \/>\n<meta name=\"robots\" content=\"index, follow, max-snippet:-1, max-image-preview:large, max-video-preview:-1\" \/>\n<link rel=\"canonical\" href=\"https:\/\/www.sestogrado.it\/en\/prodotto\/black-diamond-atc-guide-alpine-assicuratore-discensore\/\" \/>\n<meta property=\"og:locale\" content=\"en_US\" \/>\n<meta property=\"og:type\" content=\"article\" \/>\n<meta property=\"og:title\" content=\"Black Diamond ATC Guide Alpine assicuratore discensore - Sestogrado\" \/>\n<meta property=\"og:description\" content=\"Il Black Diamond ATC Guide Alpine \u00e8 la versione ultraleggera ed ottimizzata per corde sottili del famoso secchiello ATC Guide di Black Diamond. L&#039;ATC Guide Alpine \u00e8 stato alleggerito, pesa solo 73 grammi, \u00e8 omologato per corde tra 6,9 e 9mm ed \u00e8 ottimizzato per corde tra 8,1 e 8,5mm.\" \/>\n<meta property=\"og:url\" content=\"https:\/\/www.sestogrado.it\/en\/prodotto\/black-diamond-atc-guide-alpine-assicuratore-discensore\/\" \/>\n<meta property=\"og:site_name\" content=\"Sestogrado\" \/>\n<meta property=\"article:publisher\" content=\"https:\/\/www.facebook.com\/pages\/Sestogrado\/1542635979353017?ref=bookmarks\" \/>\n<meta property=\"article:modified_time\" content=\"2026-04-28T08:42:22+00:00\" \/>\n<meta property=\"og:image\" content=\"https:\/\/www.sestogrado.it\/wp-content\/uploads\/2019\/03\/620047_3011_EnvyGreen_ATC-ALPINEGUIDE.jpg\" \/>\n\t<meta property=\"og:image:width\" content=\"2000\" \/>\n\t<meta property=\"og:image:height\" content=\"1800\" \/>\n\t<meta property=\"og:image:type\" content=\"image\/jpeg\" \/>\n<meta name=\"twitter:label1\" content=\"Price\" \/>\n\t<meta name=\"twitter:data1\" content=\"&euro;&nbsp;25,50\" \/>\n\t<meta name=\"twitter:label2\" content=\"Availability\" \/>\n\t<meta name=\"twitter:data2\" content=\"In stock\" \/>\n<script type=\"application\/ld+json\" class=\"yoast-schema-graph\">{\"@context\":\"https:\/\/schema.org\",\"@graph\":[{\"@type\":\"WebPage\",\"@id\":\"https:\/\/www.sestogrado.it\/en\/prodotto\/black-diamond-atc-guide-alpine-assicuratore-discensore\/\",\"url\":\"https:\/\/www.sestogrado.it\/en\/prodotto\/black-diamond-atc-guide-alpine-assicuratore-discensore\/\",\"name\":\"Black Diamond ATC Guide Alpine assicuratore discensore - Sestogrado\",\"isPartOf\":{\"@id\":\"https:\/\/www.sestogrado.it\/en\/#website\"},\"primaryImageOfPage\":{\"@id\":\"https:\/\/www.sestogrado.it\/en\/prodotto\/black-diamond-atc-guide-alpine-assicuratore-discensore\/#primaryimage\"},\"image\":{\"@id\":\"https:\/\/www.sestogrado.it\/prodotto\/black-diamond-atc-guide-alpine-assicuratore-discensore\/#primaryimage\"},\"thumbnailUrl\":\"https:\/\/www.sestogrado.it\/wp-content\/uploads\/2019\/03\/620047_3011_EnvyGreen_ATC-ALPINEGUIDE.jpg\",\"datePublished\":\"2019-03-19T13:41:04+00:00\",\"dateModified\":\"2026-04-28T08:42:22+00:00\",\"description\":\"Il Black Diamond ATC Guide Alpine \u00e8 la versione ultraleggera ed ottimizzata per corde sottili del famoso secchiello ATC Guide di Black Diamond. L'ATC Guide Alpine \u00e8 stato alleggerito, pesa solo 73 grammi, \u00e8 omologato per corde tra 6,9 e 9mm ed \u00e8 ottimizzato per corde tra 8,1 e 8,5mm.\",\"breadcrumb\":{\"@id\":\"https:\/\/www.sestogrado.it\/en\/prodotto\/black-diamond-atc-guide-alpine-assicuratore-discensore\/#breadcrumb\"},\"inLanguage\":\"en-US\",\"potentialAction\":[{\"@type\":\"ReadAction\",\"target\":[[\"https:\/\/www.sestogrado.it\/en\/prodotto\/black-diamond-atc-guide-alpine-assicuratore-discensore\/\"]]}]},{\"@type\":\"ImageObject\",\"inLanguage\":\"en-US\",\"@id\":\"https:\/\/www.sestogrado.it\/en\/prodotto\/black-diamond-atc-guide-alpine-assicuratore-discensore\/#primaryimage\",\"url\":\"https:\/\/www.sestogrado.it\/wp-content\/uploads\/2019\/03\/620047_3011_EnvyGreen_ATC-ALPINEGUIDE.jpg\",\"contentUrl\":\"https:\/\/www.sestogrado.it\/wp-content\/uploads\/2019\/03\/620047_3011_EnvyGreen_ATC-ALPINEGUIDE.jpg\",\"width\":2000,\"height\":1800,\"caption\":\"ATC Guide Alpine\"},{\"@type\":\"BreadcrumbList\",\"@id\":\"https:\/\/www.sestogrado.it\/en\/prodotto\/black-diamond-atc-guide-alpine-assicuratore-discensore\/#breadcrumb\",\"itemListElement\":[{\"@type\":\"ListItem\",\"position\":1,\"name\":\"Home\",\"item\":\"https:\/\/www.sestogrado.it\/en\/\"},{\"@type\":\"ListItem\",\"position\":2,\"name\":\"Shop\",\"item\":\"https:\/\/www.sestogrado.it\/en\/shop\/\"},{\"@type\":\"ListItem\",\"position\":3,\"name\":\"Black Diamond ATC Guide Alpine assicuratore discensore\"}]},{\"@type\":\"WebSite\",\"@id\":\"https:\/\/www.sestogrado.it\/en\/#website\",\"url\":\"https:\/\/www.sestogrado.it\/en\/\",\"name\":\"Sestogrado\",\"description\":\"yes we climb\",\"publisher\":{\"@id\":\"https:\/\/www.sestogrado.it\/en\/#organization\"},\"potentialAction\":[{\"@type\":\"SearchAction\",\"target\":{\"@type\":\"EntryPoint\",\"urlTemplate\":\"https:\/\/www.sestogrado.it\/en\/?s={search_term_string}\"},\"query-input\":{\"@type\":\"PropertyValueSpecification\",\"valueRequired\":true,\"valueName\":\"search_term_string\"}}],\"inLanguage\":\"en-US\"},{\"@type\":\"Organization\",\"@id\":\"https:\/\/www.sestogrado.it\/en\/#organization\",\"name\":\"Sestogrado\",\"url\":\"https:\/\/www.sestogrado.it\/en\/\",\"logo\":{\"@type\":\"ImageObject\",\"inLanguage\":\"en-US\",\"@id\":\"https:\/\/www.sestogrado.it\/en\/#\/schema\/logo\/image\/\",\"url\":\"https:\/\/www.sestogrado.it\/wp-content\/uploads\/2015\/03\/sestogrado-favicon.png\",\"contentUrl\":\"https:\/\/www.sestogrado.it\/wp-content\/uploads\/2015\/03\/sestogrado-favicon.png\",\"width\":260,\"height\":260,\"caption\":\"Sestogrado\"},\"image\":{\"@id\":\"https:\/\/www.sestogrado.it\/en\/#\/schema\/logo\/image\/\"},\"sameAs\":[\"https:\/\/www.facebook.com\/pages\/Sestogrado\/1542635979353017?ref=bookmarks\",\"https:\/\/www.youtube.com\/channel\/UC847kAfTkaJsWpc1jtQwr3Q\"],\"hasMerchantReturnPolicy\":{\"@type\":\"MerchantReturnPolicy\",\"merchantReturnLink\":\"https:\/\/www.sestogrado.it\/en\/termini-e-condizioni\/\"}}]}<\/script>\n<meta property=\"product:brand\" content=\"Black Diamond\" \/>\n<meta property=\"product:price:amount\" content=\"25.50\" \/>\n<meta property=\"product:price:currency\" content=\"EUR\" \/>\n<meta property=\"og:availability\" content=\"instock\" \/>\n<meta property=\"product:availability\" content=\"instock\" \/>\n<meta property=\"product:condition\" content=\"new\" \/>\n<!-- \/ Yoast SEO plugin. -->","yoast_head_json":{"title":"Black Diamond ATC Guide Alpine assicuratore discensore - Sestogrado","description":"Il Black Diamond ATC Guide Alpine \u00e8 la versione ultraleggera ed ottimizzata per corde sottili del famoso secchiello ATC Guide di Black Diamond. L'ATC Guide Alpine \u00e8 stato alleggerito, pesa solo 73 grammi, \u00e8 omologato per corde tra 6,9 e 9mm ed \u00e8 ottimizzato per corde tra 8,1 e 8,5mm.","robots":{"index":"index","follow":"follow","max-snippet":"max-snippet:-1","max-image-preview":"max-image-preview:large","max-video-preview":"max-video-preview:-1"},"canonical":"https:\/\/www.sestogrado.it\/en\/prodotto\/black-diamond-atc-guide-alpine-assicuratore-discensore\/","og_locale":"en_US","og_type":"article","og_title":"Black Diamond ATC Guide Alpine assicuratore discensore - Sestogrado","og_description":"Il Black Diamond ATC Guide Alpine \u00e8 la versione ultraleggera ed ottimizzata per corde sottili del famoso secchiello ATC Guide di Black Diamond. L'ATC Guide Alpine \u00e8 stato alleggerito, pesa solo 73 grammi, \u00e8 omologato per corde tra 6,9 e 9mm ed \u00e8 ottimizzato per corde tra 8,1 e 8,5mm.","og_url":"https:\/\/www.sestogrado.it\/en\/prodotto\/black-diamond-atc-guide-alpine-assicuratore-discensore\/","og_site_name":"Sestogrado","article_publisher":"https:\/\/www.facebook.com\/pages\/Sestogrado\/1542635979353017?ref=bookmarks","article_modified_time":"2026-04-28T08:42:22+00:00","og_image":[{"width":2000,"height":1800,"url":"https:\/\/www.sestogrado.it\/wp-content\/uploads\/2019\/03\/620047_3011_EnvyGreen_ATC-ALPINEGUIDE.jpg","type":"image\/jpeg"}],"twitter_misc":{"Price":"&euro;&nbsp;25,50","Availability":"In stock"},"schema":{"@context":"https:\/\/schema.org","@graph":[{"@type":"WebPage","@id":"https:\/\/www.sestogrado.it\/en\/prodotto\/black-diamond-atc-guide-alpine-assicuratore-discensore\/","url":"https:\/\/www.sestogrado.it\/en\/prodotto\/black-diamond-atc-guide-alpine-assicuratore-discensore\/","name":"Black Diamond ATC Guide Alpine assicuratore discensore - Sestogrado","isPartOf":{"@id":"https:\/\/www.sestogrado.it\/en\/#website"},"primaryImageOfPage":{"@id":"https:\/\/www.sestogrado.it\/en\/prodotto\/black-diamond-atc-guide-alpine-assicuratore-discensore\/#primaryimage"},"image":{"@id":"https:\/\/www.sestogrado.it\/prodotto\/black-diamond-atc-guide-alpine-assicuratore-discensore\/#primaryimage"},"thumbnailUrl":"https:\/\/www.sestogrado.it\/wp-content\/uploads\/2019\/03\/620047_3011_EnvyGreen_ATC-ALPINEGUIDE.jpg","datePublished":"2019-03-19T13:41:04+00:00","dateModified":"2026-04-28T08:42:22+00:00","description":"Il Black Diamond ATC Guide Alpine \u00e8 la versione ultraleggera ed ottimizzata per corde sottili del famoso secchiello ATC Guide di Black Diamond. L'ATC Guide Alpine \u00e8 stato alleggerito, pesa solo 73 grammi, \u00e8 omologato per corde tra 6,9 e 9mm ed \u00e8 ottimizzato per corde tra 8,1 e 8,5mm.","breadcrumb":{"@id":"https:\/\/www.sestogrado.it\/en\/prodotto\/black-diamond-atc-guide-alpine-assicuratore-discensore\/#breadcrumb"},"inLanguage":"en-US","potentialAction":[{"@type":"ReadAction","target":[["https:\/\/www.sestogrado.it\/en\/prodotto\/black-diamond-atc-guide-alpine-assicuratore-discensore\/"]]}]},{"@type":"ImageObject","inLanguage":"en-US","@id":"https:\/\/www.sestogrado.it\/en\/prodotto\/black-diamond-atc-guide-alpine-assicuratore-discensore\/#primaryimage","url":"https:\/\/www.sestogrado.it\/wp-content\/uploads\/2019\/03\/620047_3011_EnvyGreen_ATC-ALPINEGUIDE.jpg","contentUrl":"https:\/\/www.sestogrado.it\/wp-content\/uploads\/2019\/03\/620047_3011_EnvyGreen_ATC-ALPINEGUIDE.jpg","width":2000,"height":1800,"caption":"ATC Guide Alpine"},{"@type":"BreadcrumbList","@id":"https:\/\/www.sestogrado.it\/en\/prodotto\/black-diamond-atc-guide-alpine-assicuratore-discensore\/#breadcrumb","itemListElement":[{"@type":"ListItem","position":1,"name":"Home","item":"https:\/\/www.sestogrado.it\/en\/"},{"@type":"ListItem","position":2,"name":"Shop","item":"https:\/\/www.sestogrado.it\/en\/shop\/"},{"@type":"ListItem","position":3,"name":"Black Diamond ATC Guide Alpine assicuratore discensore"}]},{"@type":"WebSite","@id":"https:\/\/www.sestogrado.it\/en\/#website","url":"https:\/\/www.sestogrado.it\/en\/","name":"Sestogrado","description":"yes we climb","publisher":{"@id":"https:\/\/www.sestogrado.it\/en\/#organization"},"potentialAction":[{"@type":"SearchAction","target":{"@type":"EntryPoint","urlTemplate":"https:\/\/www.sestogrado.it\/en\/?s={search_term_string}"},"query-input":{"@type":"PropertyValueSpecification","valueRequired":true,"valueName":"search_term_string"}}],"inLanguage":"en-US"},{"@type":"Organization","@id":"https:\/\/www.sestogrado.it\/en\/#organization","name":"Sestogrado","url":"https:\/\/www.sestogrado.it\/en\/","logo":{"@type":"ImageObject","inLanguage":"en-US","@id":"https:\/\/www.sestogrado.it\/en\/#\/schema\/logo\/image\/","url":"https:\/\/www.sestogrado.it\/wp-content\/uploads\/2015\/03\/sestogrado-favicon.png","contentUrl":"https:\/\/www.sestogrado.it\/wp-content\/uploads\/2015\/03\/sestogrado-favicon.png","width":260,"height":260,"caption":"Sestogrado"},"image":{"@id":"https:\/\/www.sestogrado.it\/en\/#\/schema\/logo\/image\/"},"sameAs":["https:\/\/www.facebook.com\/pages\/Sestogrado\/1542635979353017?ref=bookmarks","https:\/\/www.youtube.com\/channel\/UC847kAfTkaJsWpc1jtQwr3Q"],"hasMerchantReturnPolicy":{"@type":"MerchantReturnPolicy","merchantReturnLink":"https:\/\/www.sestogrado.it\/en\/termini-e-condizioni\/"}}]},"product_brand":"Black Diamond","product_price_amount":"25.50","product_price_currency":"EUR","og_availability":"instock","product_availability":"instock","product_condition":"new"},"_links":{"self":[{"href":"https:\/\/www.sestogrado.it\/en\/wp-json\/wp\/v2\/product\/20093","targetHints":{"allow":["GET"]}}],"collection":[{"href":"https:\/\/www.sestogrado.it\/en\/wp-json\/wp\/v2\/product"}],"about":[{"href":"https:\/\/www.sestogrado.it\/en\/wp-json\/wp\/v2\/types\/product"}],"replies":[{"embeddable":true,"href":"https:\/\/www.sestogrado.it\/en\/wp-json\/wp\/v2\/comments?post=20093"}],"wp:featuredmedia":[{"embeddable":true,"href":"https:\/\/www.sestogrado.it\/en\/wp-json\/wp\/v2\/media\/20125"}],"wp:attachment":[{"href":"https:\/\/www.sestogrado.it\/en\/wp-json\/wp\/v2\/media?parent=20093"}],"wp:term":[{"taxonomy":"product_brand","embeddable":true,"href":"https:\/\/www.sestogrado.it\/en\/wp-json\/wp\/v2\/product_brand?post=20093"},{"taxonomy":"product_cat","embeddable":true,"href":"https:\/\/www.sestogrado.it\/en\/wp-json\/wp\/v2\/product_cat?post=20093"},{"taxonomy":"product_tag","embeddable":true,"href":"https:\/\/www.sestogrado.it\/en\/wp-json\/wp\/v2\/product_tag?post=20093"}],"curies":[{"name":"wp","href":"https:\/\/api.w.org\/{rel}","templated":true}]}}