{"id":199603,"date":"2025-08-27T12:51:17","date_gmt":"2025-08-27T10:51:17","guid":{"rendered":"https:\/\/www.sestogrado.it\/?post_type=product&#038;p=199603"},"modified":"2025-08-27T12:51:17","modified_gmt":"2025-08-27T10:51:17","slug":"petzl-maestro-s-discensore-con-carrucola-bloccante-integrata","status":"publish","type":"product","link":"https:\/\/www.sestogrado.it\/en\/prodotto\/petzl-maestro-s-discensore-con-carrucola-bloccante-integrata\/","title":{"rendered":"Petzl Maestro S discensore con carrucola bloccante integrata"},"content":{"rendered":"<p class=\"qtranxs-available-languages-message qtranxs-available-languages-message-en\">Sorry, this entry is only available in <a href=\"https:\/\/www.sestogrado.it\/it\/wp-json\/wp\/v2\/product\/199603\" class=\"qtranxs-available-language-link qtranxs-available-language-link-it\" title=\"Italiano\">Italiano<\/a>.<\/p>","protected":false},"excerpt":{"rendered":"<p>Sorry, this entry is only available in Italiano.<\/p>\n","protected":false},"featured_media":199604,"comment_status":"open","ping_status":"closed","template":"","meta":{"_acf_changed":false},"product_brand":[50],"product_cat":[512],"product_tag":[],"class_list":{"0":"post-199603","1":"product","2":"type-product","3":"status-publish","4":"has-post-thumbnail","6":"product_brand-petzl","7":"product_cat-discensori-e-bloccanti","9":"first","10":"instock","11":"sale","12":"taxable","13":"shipping-taxable","14":"purchasable","15":"product-type-simple"},"acf":[],"yoast_head":"<!-- This site is optimized with the Yoast SEO plugin v26.4 - https:\/\/yoast.com\/wordpress\/plugins\/seo\/ -->\n<title>Petzl Maestro S discensore con carrucola bloccante integrata - Sestogrado<\/title>\n<meta name=\"description\" content=\"Il PETZL MAESTRO S \u00e8 un discensore progettato per le operazioni di soccorso tecnico. Facilita la movimentazione di carichi pesanti, in calata come in sollevamento, e pu\u00f2 essere utilizzato come sistema principale e in autoassicurazione. Questa polivalenza consente ai soccorritori di adattarsi a tutte le configurazioni riscontrate sul luogo dell\u2019intervento. La maniglia ergonomica e il freno integrato consentono di controllare comodamente la calata. Il passaggio dalla posizione di calata a quella di sollevamento \u00e8 immediato, senza dover recuperare il carico. La carrucola bloccante integrata, con puleggia di grande diametro su cuscinetti a sfere sigillati, garantisce un eccellente rendimento nel sollevamento. Il sistema AUTO-LOCK blocca automaticamente la corda quando la maniglia non \u00e8 utilizzata. Una volta bloccata, la corda pu\u00f2 essere recuperata senza dover utilizzare la maniglia. Il discensore MAESTRO S \u00e8 compatibile con corde da 10,5 a 11,5 mm e consente la movimentazione di carichi pesanti fino a 250 kg.\" \/>\n<meta name=\"robots\" content=\"index, follow, max-snippet:-1, max-image-preview:large, max-video-preview:-1\" \/>\n<link rel=\"canonical\" href=\"https:\/\/www.sestogrado.it\/en\/prodotto\/petzl-maestro-s-discensore-con-carrucola-bloccante-integrata\/\" \/>\n<meta property=\"og:locale\" content=\"en_US\" \/>\n<meta property=\"og:type\" content=\"article\" \/>\n<meta property=\"og:title\" content=\"Petzl Maestro S discensore con carrucola bloccante integrata - Sestogrado\" \/>\n<meta property=\"og:description\" content=\"Il PETZL MAESTRO S \u00e8 un discensore progettato per le operazioni di soccorso tecnico. Facilita la movimentazione di carichi pesanti, in calata come in sollevamento, e pu\u00f2 essere utilizzato come sistema principale e in autoassicurazione. Questa polivalenza consente ai soccorritori di adattarsi a tutte le configurazioni riscontrate sul luogo dell\u2019intervento. La maniglia ergonomica e il freno integrato consentono di controllare comodamente la calata. Il passaggio dalla posizione di calata a quella di sollevamento \u00e8 immediato, senza dover recuperare il carico. La carrucola bloccante integrata, con puleggia di grande diametro su cuscinetti a sfere sigillati, garantisce un eccellente rendimento nel sollevamento. Il sistema AUTO-LOCK blocca automaticamente la corda quando la maniglia non \u00e8 utilizzata. Una volta bloccata, la corda pu\u00f2 essere recuperata senza dover utilizzare la maniglia. Il discensore MAESTRO S \u00e8 compatibile con corde da 10,5 a 11,5 mm e consente la movimentazione di carichi pesanti fino a 250 kg.\" \/>\n<meta property=\"og:url\" content=\"https:\/\/www.sestogrado.it\/en\/prodotto\/petzl-maestro-s-discensore-con-carrucola-bloccante-integrata\/\" \/>\n<meta property=\"og:site_name\" content=\"Sestogrado\" \/>\n<meta property=\"article:publisher\" content=\"https:\/\/www.facebook.com\/pages\/Sestogrado\/1542635979353017?ref=bookmarks\" \/>\n<meta property=\"og:image\" content=\"https:\/\/www.sestogrado.it\/wp-content\/uploads\/2025\/08\/01-5.jpg\" \/>\n\t<meta property=\"og:image:width\" content=\"1174\" \/>\n\t<meta property=\"og:image:height\" content=\"1173\" \/>\n\t<meta property=\"og:image:type\" content=\"image\/jpeg\" \/>\n<meta name=\"twitter:label1\" content=\"Price\" \/>\n\t<meta name=\"twitter:data1\" content=\"&euro;&nbsp;449,00\" \/>\n\t<meta name=\"twitter:label2\" content=\"Availability\" \/>\n\t<meta name=\"twitter:data2\" content=\"In stock\" \/>\n<script type=\"application\/ld+json\" class=\"yoast-schema-graph\">{\"@context\":\"https:\/\/schema.org\",\"@graph\":[{\"@type\":\"WebPage\",\"@id\":\"https:\/\/www.sestogrado.it\/en\/prodotto\/petzl-maestro-s-discensore-con-carrucola-bloccante-integrata\/\",\"url\":\"https:\/\/www.sestogrado.it\/en\/prodotto\/petzl-maestro-s-discensore-con-carrucola-bloccante-integrata\/\",\"name\":\"Petzl Maestro S discensore con carrucola bloccante integrata - Sestogrado\",\"isPartOf\":{\"@id\":\"https:\/\/www.sestogrado.it\/en\/#website\"},\"primaryImageOfPage\":{\"@id\":\"https:\/\/www.sestogrado.it\/en\/prodotto\/petzl-maestro-s-discensore-con-carrucola-bloccante-integrata\/#primaryimage\"},\"image\":{\"@id\":\"https:\/\/www.sestogrado.it\/prodotto\/petzl-maestro-s-discensore-con-carrucola-bloccante-integrata\/#primaryimage\"},\"thumbnailUrl\":\"https:\/\/www.sestogrado.it\/wp-content\/uploads\/2025\/08\/01-5.jpg\",\"datePublished\":\"2025-08-27T10:51:17+00:00\",\"description\":\"Il PETZL MAESTRO S \u00e8 un discensore progettato per le operazioni di soccorso tecnico. Facilita la movimentazione di carichi pesanti, in calata come in sollevamento, e pu\u00f2 essere utilizzato come sistema principale e in autoassicurazione. Questa polivalenza consente ai soccorritori di adattarsi a tutte le configurazioni riscontrate sul luogo dell\u2019intervento. La maniglia ergonomica e il freno integrato consentono di controllare comodamente la calata. Il passaggio dalla posizione di calata a quella di sollevamento \u00e8 immediato, senza dover recuperare il carico. La carrucola bloccante integrata, con puleggia di grande diametro su cuscinetti a sfere sigillati, garantisce un eccellente rendimento nel sollevamento. Il sistema AUTO-LOCK blocca automaticamente la corda quando la maniglia non \u00e8 utilizzata. Una volta bloccata, la corda pu\u00f2 essere recuperata senza dover utilizzare la maniglia. Il discensore MAESTRO S \u00e8 compatibile con corde da 10,5 a 11,5 mm e consente la movimentazione di carichi pesanti fino a 250 kg.\",\"breadcrumb\":{\"@id\":\"https:\/\/www.sestogrado.it\/en\/prodotto\/petzl-maestro-s-discensore-con-carrucola-bloccante-integrata\/#breadcrumb\"},\"inLanguage\":\"en-US\",\"potentialAction\":[{\"@type\":\"ReadAction\",\"target\":[[\"https:\/\/www.sestogrado.it\/en\/prodotto\/petzl-maestro-s-discensore-con-carrucola-bloccante-integrata\/\"]]}]},{\"@type\":\"ImageObject\",\"inLanguage\":\"en-US\",\"@id\":\"https:\/\/www.sestogrado.it\/en\/prodotto\/petzl-maestro-s-discensore-con-carrucola-bloccante-integrata\/#primaryimage\",\"url\":\"https:\/\/www.sestogrado.it\/wp-content\/uploads\/2025\/08\/01-5.jpg\",\"contentUrl\":\"https:\/\/www.sestogrado.it\/wp-content\/uploads\/2025\/08\/01-5.jpg\",\"width\":1174,\"height\":1173,\"caption\":\"petzl maestro s\"},{\"@type\":\"BreadcrumbList\",\"@id\":\"https:\/\/www.sestogrado.it\/en\/prodotto\/petzl-maestro-s-discensore-con-carrucola-bloccante-integrata\/#breadcrumb\",\"itemListElement\":[{\"@type\":\"ListItem\",\"position\":1,\"name\":\"Home\",\"item\":\"https:\/\/www.sestogrado.it\/en\/\"},{\"@type\":\"ListItem\",\"position\":2,\"name\":\"Shop\",\"item\":\"https:\/\/www.sestogrado.it\/en\/shop\/\"},{\"@type\":\"ListItem\",\"position\":3,\"name\":\"Petzl Maestro S discensore con carrucola bloccante integrata\"}]},{\"@type\":\"WebSite\",\"@id\":\"https:\/\/www.sestogrado.it\/en\/#website\",\"url\":\"https:\/\/www.sestogrado.it\/en\/\",\"name\":\"Sestogrado\",\"description\":\"yes we climb\",\"publisher\":{\"@id\":\"https:\/\/www.sestogrado.it\/en\/#organization\"},\"potentialAction\":[{\"@type\":\"SearchAction\",\"target\":{\"@type\":\"EntryPoint\",\"urlTemplate\":\"https:\/\/www.sestogrado.it\/en\/?s={search_term_string}\"},\"query-input\":{\"@type\":\"PropertyValueSpecification\",\"valueRequired\":true,\"valueName\":\"search_term_string\"}}],\"inLanguage\":\"en-US\"},{\"@type\":\"Organization\",\"@id\":\"https:\/\/www.sestogrado.it\/en\/#organization\",\"name\":\"Sestogrado\",\"url\":\"https:\/\/www.sestogrado.it\/en\/\",\"logo\":{\"@type\":\"ImageObject\",\"inLanguage\":\"en-US\",\"@id\":\"https:\/\/www.sestogrado.it\/en\/#\/schema\/logo\/image\/\",\"url\":\"https:\/\/www.sestogrado.it\/wp-content\/uploads\/2015\/03\/sestogrado-favicon.png\",\"contentUrl\":\"https:\/\/www.sestogrado.it\/wp-content\/uploads\/2015\/03\/sestogrado-favicon.png\",\"width\":260,\"height\":260,\"caption\":\"Sestogrado\"},\"image\":{\"@id\":\"https:\/\/www.sestogrado.it\/en\/#\/schema\/logo\/image\/\"},\"sameAs\":[\"https:\/\/www.facebook.com\/pages\/Sestogrado\/1542635979353017?ref=bookmarks\",\"https:\/\/www.youtube.com\/channel\/UC847kAfTkaJsWpc1jtQwr3Q\"],\"hasMerchantReturnPolicy\":{\"@type\":\"MerchantReturnPolicy\",\"merchantReturnLink\":\"https:\/\/www.sestogrado.it\/en\/termini-e-condizioni\/\"}}]}<\/script>\n<meta property=\"product:brand\" content=\"Petzl\" \/>\n<meta property=\"product:price:amount\" content=\"449.00\" \/>\n<meta property=\"product:price:currency\" content=\"EUR\" \/>\n<meta property=\"og:availability\" content=\"instock\" \/>\n<meta property=\"product:availability\" content=\"instock\" \/>\n<meta property=\"product:condition\" content=\"new\" \/>\n<!-- \/ Yoast SEO plugin. -->","yoast_head_json":{"title":"Petzl Maestro S discensore con carrucola bloccante integrata - Sestogrado","description":"Il PETZL MAESTRO S \u00e8 un discensore progettato per le operazioni di soccorso tecnico. Facilita la movimentazione di carichi pesanti, in calata come in sollevamento, e pu\u00f2 essere utilizzato come sistema principale e in autoassicurazione. Questa polivalenza consente ai soccorritori di adattarsi a tutte le configurazioni riscontrate sul luogo dell\u2019intervento. La maniglia ergonomica e il freno integrato consentono di controllare comodamente la calata. Il passaggio dalla posizione di calata a quella di sollevamento \u00e8 immediato, senza dover recuperare il carico. La carrucola bloccante integrata, con puleggia di grande diametro su cuscinetti a sfere sigillati, garantisce un eccellente rendimento nel sollevamento. Il sistema AUTO-LOCK blocca automaticamente la corda quando la maniglia non \u00e8 utilizzata. Una volta bloccata, la corda pu\u00f2 essere recuperata senza dover utilizzare la maniglia. Il discensore MAESTRO S \u00e8 compatibile con corde da 10,5 a 11,5 mm e consente la movimentazione di carichi pesanti fino a 250 kg.","robots":{"index":"index","follow":"follow","max-snippet":"max-snippet:-1","max-image-preview":"max-image-preview:large","max-video-preview":"max-video-preview:-1"},"canonical":"https:\/\/www.sestogrado.it\/en\/prodotto\/petzl-maestro-s-discensore-con-carrucola-bloccante-integrata\/","og_locale":"en_US","og_type":"article","og_title":"Petzl Maestro S discensore con carrucola bloccante integrata - Sestogrado","og_description":"Il PETZL MAESTRO S \u00e8 un discensore progettato per le operazioni di soccorso tecnico. Facilita la movimentazione di carichi pesanti, in calata come in sollevamento, e pu\u00f2 essere utilizzato come sistema principale e in autoassicurazione. Questa polivalenza consente ai soccorritori di adattarsi a tutte le configurazioni riscontrate sul luogo dell\u2019intervento. La maniglia ergonomica e il freno integrato consentono di controllare comodamente la calata. Il passaggio dalla posizione di calata a quella di sollevamento \u00e8 immediato, senza dover recuperare il carico. La carrucola bloccante integrata, con puleggia di grande diametro su cuscinetti a sfere sigillati, garantisce un eccellente rendimento nel sollevamento. Il sistema AUTO-LOCK blocca automaticamente la corda quando la maniglia non \u00e8 utilizzata. Una volta bloccata, la corda pu\u00f2 essere recuperata senza dover utilizzare la maniglia. Il discensore MAESTRO S \u00e8 compatibile con corde da 10,5 a 11,5 mm e consente la movimentazione di carichi pesanti fino a 250 kg.","og_url":"https:\/\/www.sestogrado.it\/en\/prodotto\/petzl-maestro-s-discensore-con-carrucola-bloccante-integrata\/","og_site_name":"Sestogrado","article_publisher":"https:\/\/www.facebook.com\/pages\/Sestogrado\/1542635979353017?ref=bookmarks","og_image":[{"width":1174,"height":1173,"url":"https:\/\/www.sestogrado.it\/wp-content\/uploads\/2025\/08\/01-5.jpg","type":"image\/jpeg"}],"twitter_misc":{"Price":"&euro;&nbsp;449,00","Availability":"In stock"},"schema":{"@context":"https:\/\/schema.org","@graph":[{"@type":"WebPage","@id":"https:\/\/www.sestogrado.it\/en\/prodotto\/petzl-maestro-s-discensore-con-carrucola-bloccante-integrata\/","url":"https:\/\/www.sestogrado.it\/en\/prodotto\/petzl-maestro-s-discensore-con-carrucola-bloccante-integrata\/","name":"Petzl Maestro S discensore con carrucola bloccante integrata - Sestogrado","isPartOf":{"@id":"https:\/\/www.sestogrado.it\/en\/#website"},"primaryImageOfPage":{"@id":"https:\/\/www.sestogrado.it\/en\/prodotto\/petzl-maestro-s-discensore-con-carrucola-bloccante-integrata\/#primaryimage"},"image":{"@id":"https:\/\/www.sestogrado.it\/prodotto\/petzl-maestro-s-discensore-con-carrucola-bloccante-integrata\/#primaryimage"},"thumbnailUrl":"https:\/\/www.sestogrado.it\/wp-content\/uploads\/2025\/08\/01-5.jpg","datePublished":"2025-08-27T10:51:17+00:00","description":"Il PETZL MAESTRO S \u00e8 un discensore progettato per le operazioni di soccorso tecnico. Facilita la movimentazione di carichi pesanti, in calata come in sollevamento, e pu\u00f2 essere utilizzato come sistema principale e in autoassicurazione. Questa polivalenza consente ai soccorritori di adattarsi a tutte le configurazioni riscontrate sul luogo dell\u2019intervento. La maniglia ergonomica e il freno integrato consentono di controllare comodamente la calata. Il passaggio dalla posizione di calata a quella di sollevamento \u00e8 immediato, senza dover recuperare il carico. La carrucola bloccante integrata, con puleggia di grande diametro su cuscinetti a sfere sigillati, garantisce un eccellente rendimento nel sollevamento. Il sistema AUTO-LOCK blocca automaticamente la corda quando la maniglia non \u00e8 utilizzata. Una volta bloccata, la corda pu\u00f2 essere recuperata senza dover utilizzare la maniglia. Il discensore MAESTRO S \u00e8 compatibile con corde da 10,5 a 11,5 mm e consente la movimentazione di carichi pesanti fino a 250 kg.","breadcrumb":{"@id":"https:\/\/www.sestogrado.it\/en\/prodotto\/petzl-maestro-s-discensore-con-carrucola-bloccante-integrata\/#breadcrumb"},"inLanguage":"en-US","potentialAction":[{"@type":"ReadAction","target":[["https:\/\/www.sestogrado.it\/en\/prodotto\/petzl-maestro-s-discensore-con-carrucola-bloccante-integrata\/"]]}]},{"@type":"ImageObject","inLanguage":"en-US","@id":"https:\/\/www.sestogrado.it\/en\/prodotto\/petzl-maestro-s-discensore-con-carrucola-bloccante-integrata\/#primaryimage","url":"https:\/\/www.sestogrado.it\/wp-content\/uploads\/2025\/08\/01-5.jpg","contentUrl":"https:\/\/www.sestogrado.it\/wp-content\/uploads\/2025\/08\/01-5.jpg","width":1174,"height":1173,"caption":"petzl maestro s"},{"@type":"BreadcrumbList","@id":"https:\/\/www.sestogrado.it\/en\/prodotto\/petzl-maestro-s-discensore-con-carrucola-bloccante-integrata\/#breadcrumb","itemListElement":[{"@type":"ListItem","position":1,"name":"Home","item":"https:\/\/www.sestogrado.it\/en\/"},{"@type":"ListItem","position":2,"name":"Shop","item":"https:\/\/www.sestogrado.it\/en\/shop\/"},{"@type":"ListItem","position":3,"name":"Petzl Maestro S discensore con carrucola bloccante integrata"}]},{"@type":"WebSite","@id":"https:\/\/www.sestogrado.it\/en\/#website","url":"https:\/\/www.sestogrado.it\/en\/","name":"Sestogrado","description":"yes we climb","publisher":{"@id":"https:\/\/www.sestogrado.it\/en\/#organization"},"potentialAction":[{"@type":"SearchAction","target":{"@type":"EntryPoint","urlTemplate":"https:\/\/www.sestogrado.it\/en\/?s={search_term_string}"},"query-input":{"@type":"PropertyValueSpecification","valueRequired":true,"valueName":"search_term_string"}}],"inLanguage":"en-US"},{"@type":"Organization","@id":"https:\/\/www.sestogrado.it\/en\/#organization","name":"Sestogrado","url":"https:\/\/www.sestogrado.it\/en\/","logo":{"@type":"ImageObject","inLanguage":"en-US","@id":"https:\/\/www.sestogrado.it\/en\/#\/schema\/logo\/image\/","url":"https:\/\/www.sestogrado.it\/wp-content\/uploads\/2015\/03\/sestogrado-favicon.png","contentUrl":"https:\/\/www.sestogrado.it\/wp-content\/uploads\/2015\/03\/sestogrado-favicon.png","width":260,"height":260,"caption":"Sestogrado"},"image":{"@id":"https:\/\/www.sestogrado.it\/en\/#\/schema\/logo\/image\/"},"sameAs":["https:\/\/www.facebook.com\/pages\/Sestogrado\/1542635979353017?ref=bookmarks","https:\/\/www.youtube.com\/channel\/UC847kAfTkaJsWpc1jtQwr3Q"],"hasMerchantReturnPolicy":{"@type":"MerchantReturnPolicy","merchantReturnLink":"https:\/\/www.sestogrado.it\/en\/termini-e-condizioni\/"}}]},"product_brand":"Petzl","product_price_amount":"449.00","product_price_currency":"EUR","og_availability":"instock","product_availability":"instock","product_condition":"new"},"_links":{"self":[{"href":"https:\/\/www.sestogrado.it\/en\/wp-json\/wp\/v2\/product\/199603","targetHints":{"allow":["GET"]}}],"collection":[{"href":"https:\/\/www.sestogrado.it\/en\/wp-json\/wp\/v2\/product"}],"about":[{"href":"https:\/\/www.sestogrado.it\/en\/wp-json\/wp\/v2\/types\/product"}],"replies":[{"embeddable":true,"href":"https:\/\/www.sestogrado.it\/en\/wp-json\/wp\/v2\/comments?post=199603"}],"wp:featuredmedia":[{"embeddable":true,"href":"https:\/\/www.sestogrado.it\/en\/wp-json\/wp\/v2\/media\/199604"}],"wp:attachment":[{"href":"https:\/\/www.sestogrado.it\/en\/wp-json\/wp\/v2\/media?parent=199603"}],"wp:term":[{"taxonomy":"product_brand","embeddable":true,"href":"https:\/\/www.sestogrado.it\/en\/wp-json\/wp\/v2\/product_brand?post=199603"},{"taxonomy":"product_cat","embeddable":true,"href":"https:\/\/www.sestogrado.it\/en\/wp-json\/wp\/v2\/product_cat?post=199603"},{"taxonomy":"product_tag","embeddable":true,"href":"https:\/\/www.sestogrado.it\/en\/wp-json\/wp\/v2\/product_tag?post=199603"}],"curies":[{"name":"wp","href":"https:\/\/api.w.org\/{rel}","templated":true}]}}