{"id":19864,"date":"2019-03-04T10:25:00","date_gmt":"2019-03-04T09:25:00","guid":{"rendered":"https:\/\/www.sestogrado.it\/?post_type=product&#038;p=19864"},"modified":"2026-04-28T08:34:46","modified_gmt":"2026-04-28T06:34:46","slug":"petzl-grigri-assicuratore-a-bloccaggio-assistito","status":"publish","type":"product","link":"https:\/\/www.sestogrado.it\/en\/prodotto\/petzl-grigri-assicuratore-a-bloccaggio-assistito\/","title":{"rendered":"PETZL GRIGRI Assicuratore a bloccaggio assistito"},"content":{"rendered":"<p>Il PETZL GRIGRI \u00e8 il dispositivo di assicurazione pi\u00f9 diffuso ed imitato al mondo ed \u00e8 considerato da molti climber il migliore assicuratore.<\/p>\n<p>Giunto alla terza versione (Grigri1, Grigri2, e ora semplicemente Grigri), il Petzl Grigri mantiene le stesse caratteristiche di sempre, che lo hanno reso uno strumento cos\u00ec pratico e funzionale, con l\u2019aggiunta di alcune migliorie \u201cprese in prestito\u201d dal fratello maggiore, il <a href=\"https:\/\/www.sestogrado.it\/it\/prodotto\/petzl-grigri-plus\/\" target=\"_blank\" rel=\"noopener noreferrer\">Grigri + Plus<\/a>.<\/p>\n<p>In particolare il Grigri ha una geometria della camma interna che ne ha ampliato il range di utilizzo, ottimizzandolo per corde ancora pi\u00f9 sottili, per cui, come il Grigri Plus, \u00e8 omologato per corde 8.5 \u2013 11mm ed \u00e8 ottimizzato per corde 8.9 \u2013 10.5mm.<\/p>\n<p>Oltre ad aver ampliato il range di utilizzo, \u00e8 stata inserita la demoltiplicazione della maniglia, che garantisce un controllo eccezionale della discesa.<\/p>\n<p>In sintesi, se non hai mai usato un Grigri per fare sicura, le cose sono due: o hai appena iniziato ad arrampicare o (fortuna tua) sei piuttosto giovane!<\/p>\n<p>Con il Grigri sono cresciute infatti intere generazioni di climber, ed il motivo \u00e8 semplice: \u00e8 un dispositivo essenziale sia in falesia sia nell\u2019arrampicata indoor e offre la migliore esperienza, il miglior feeling e la migliore sicurezza nel fare sicura.<\/p>\n<ul>\n<li>Assicuratore con sistema frenante assistito con tutti i diametri di corde singole in commercio, per la pratica in palestra e in falesia:<br \/>\n&#8211; tecnica comune, basata sull&#8217;accompagnamento della corda nel dispositivo e la tenuta permanente di una mano sulla corda lato frenante,<br \/>\n&#8211; comfort d&#8217;assicurazione, grazie al sistema frenante assistito: in caso di caduta dell&#8217;arrampicatore, il dispositivo ruota sul moschettone, la corda va in tensione e la camma stringe la corda per frenarla. La mano, che trattiene la corda lato frenante, permette di azionare la camma e quindi occorre tenere sempre la corda lato frenante,<br \/>\n&#8211; compatibile con tutte le corde singole dinamiche da 8,5 a 11 mm e ottimizzato per i diametri compresi tra 8,9 e 10,5 mm,<br \/>\n&#8211; disegno d&#8217;installazione sulla corda inciso sull&#8217;assicuratore (all&#8217;interno e all&#8217;esterno).<\/li>\n<li>Comfort eccezionale durante la calata:<br \/>\n&#8211; presa confortevole e semplicit\u00e0 di sbloccaggio della corda, grazie alla maniglia ergonomica,<br \/>\n&#8211; controllo molto progressivo dello scorrimento della corda per garantire una calata fluida e confortevole.<br \/>\n&#8211; utilizzo semplice che consente l\u2019assicurazione da primo o in moulinette,<br \/>\n&#8211; rapporto ottimizzato tra leggerezza (175 g), compattezza e resistenza.<\/li>\n<\/ul>\n<p>&nbsp;<\/p>\n<p>Tra gli assicuratori con sistema frenante assistito il Grigri \u00e8 quello che ha fatto scuola e a cui tutte le altre case continuano ad ispirarsi. Oggi il mercato offre numerosi altri ottimi dispositivi, tuttavia se sei al tuo primo acquisto ti consigliamo di andare sul sicuro ed imparare ad usare il Petzl Grigri.<\/p>\n<p>L\u2019avventura Petzl \u00e8 iniziata con la passione di Fernand Petzl per la speleologia, passione al servizio della quale ha saputo mettere il suo talento di artigiano. Ne \u00e8 nata una competenza per la progettazione e la realizzazione di soluzioni per salire, calarsi, assicurarsi e avanzare nell\u2019oscurit\u00e0. Nel 1970, i primi prodotti marcati \u201cFernand Petzl\u201d sono realizzati nel laboratorio di Saint-Nazaire-les-Eymes (Is\u00e8re, Francia). Da allora, l\u2019azienda Petzl, creata nel 1975, \u00e8 riuscita a crescere e diventare un gruppo internazionale, conservando una dimensione familiare e la passione che animava Fernand Petzl.<\/p>\n","protected":false},"excerpt":{"rendered":"<p>Il PETZL GRIGRI \u00e8 il dispositivo di assicurazione pi\u00f9 diffuso ed imitato al mondo ed \u00e8 considerato da molti climber [&hellip;]<\/p>\n","protected":false},"featured_media":19865,"comment_status":"open","ping_status":"closed","template":"","meta":{"_acf_changed":false},"product_brand":[50],"product_cat":[134],"product_tag":[],"class_list":{"0":"post-19864","1":"product","2":"type-product","3":"status-publish","4":"has-post-thumbnail","6":"product_brand-petzl","7":"product_cat-assicuratori","9":"first","10":"instock","11":"sale","12":"taxable","13":"shipping-taxable","14":"purchasable","15":"product-type-variable"},"acf":[],"yoast_head":"<!-- This site is optimized with the Yoast SEO plugin v26.4 - https:\/\/yoast.com\/wordpress\/plugins\/seo\/ -->\n<title>PETZL GRIGRI Assicuratore a bloccaggio assistito - Sestogrado<\/title>\n<meta name=\"description\" content=\"Il PETZL GRIGRI \u00e8 il dispositivo di assicurazione pi\u00f9 diffuso ed imitato al mondo ed \u00e8 considerato da molti climber il migliore assicuratore.Giunto alla sua terza versione (Grigri1, Grigri2, e ora semplicemente Grigri), il Petzl Grigri mantiene le stesse caratteristiche di sempre, che lo hanno reso uno strumento cos\u00ec pratico e funzionale, con l\u2019aggiunta di alcune migliorie \u201cprese in prestito\u201d dal fratello maggiore, il Grigri + Plus.In particolare ora il Grigri ha una geometria della camma interna che ne ha ampliato il range di utilizzo, ottimizzandolo per corde ancora pi\u00f9 sottili, per cui, come il Grigri Plus, \u00e8 omologato per corde 8.5 \u2013 11mm ed \u00e8 ottimizzato per corde 8.9 \u2013 10.5mm.Oltre ad aver ampliato il range di utilizzo, \u00e8 stata inserita la demoltiplicazione della maniglia, che garantisce un controllo eccezionale della discesa.In sintesi, se non hai mai usato un Grigri per fare sicura, le cose sono due: o hai appena iniziato ad arrampicare o (fortuna tua) sei piuttosto giovane!Con il Grigri sono cresciute infatti intere generazioni di climber, ed il motivo \u00e8 semplice: \u00e8 un dispositivo essenziale sia in falesia sia nell\u2019arrampicata indoor e offre la migliore esperienza, il miglior feeling e la migliore sicurezza nel fare sicura.\" \/>\n<meta name=\"robots\" content=\"index, follow, max-snippet:-1, max-image-preview:large, max-video-preview:-1\" \/>\n<link rel=\"canonical\" href=\"https:\/\/www.sestogrado.it\/en\/prodotto\/petzl-grigri-assicuratore-a-bloccaggio-assistito\/\" \/>\n<meta property=\"og:locale\" content=\"en_US\" \/>\n<meta property=\"og:type\" content=\"article\" \/>\n<meta property=\"og:title\" content=\"PETZL GRIGRI Assicuratore a bloccaggio assistito - Sestogrado\" \/>\n<meta property=\"og:description\" content=\"Il PETZL GRIGRI \u00e8 il dispositivo di assicurazione pi\u00f9 diffuso ed imitato al mondo ed \u00e8 considerato da molti climber il migliore assicuratore.Giunto alla sua terza versione (Grigri1, Grigri2, e ora semplicemente Grigri), il Petzl Grigri mantiene le stesse caratteristiche di sempre, che lo hanno reso uno strumento cos\u00ec pratico e funzionale, con l\u2019aggiunta di alcune migliorie \u201cprese in prestito\u201d dal fratello maggiore, il Grigri + Plus.In particolare ora il Grigri ha una geometria della camma interna che ne ha ampliato il range di utilizzo, ottimizzandolo per corde ancora pi\u00f9 sottili, per cui, come il Grigri Plus, \u00e8 omologato per corde 8.5 \u2013 11mm ed \u00e8 ottimizzato per corde 8.9 \u2013 10.5mm.Oltre ad aver ampliato il range di utilizzo, \u00e8 stata inserita la demoltiplicazione della maniglia, che garantisce un controllo eccezionale della discesa.In sintesi, se non hai mai usato un Grigri per fare sicura, le cose sono due: o hai appena iniziato ad arrampicare o (fortuna tua) sei piuttosto giovane!Con il Grigri sono cresciute infatti intere generazioni di climber, ed il motivo \u00e8 semplice: \u00e8 un dispositivo essenziale sia in falesia sia nell\u2019arrampicata indoor e offre la migliore esperienza, il miglior feeling e la migliore sicurezza nel fare sicura.\" \/>\n<meta property=\"og:url\" content=\"https:\/\/www.sestogrado.it\/en\/prodotto\/petzl-grigri-assicuratore-a-bloccaggio-assistito\/\" \/>\n<meta property=\"og:site_name\" content=\"Sestogrado\" \/>\n<meta property=\"article:publisher\" content=\"https:\/\/www.facebook.com\/pages\/Sestogrado\/1542635979353017?ref=bookmarks\" \/>\n<meta property=\"article:modified_time\" content=\"2026-04-28T06:34:46+00:00\" \/>\n<meta property=\"og:image\" content=\"https:\/\/www.sestogrado.it\/wp-content\/uploads\/2019\/03\/petzl-grigri-rosso.jpg\" \/>\n\t<meta property=\"og:image:width\" content=\"1000\" \/>\n\t<meta property=\"og:image:height\" content=\"1000\" \/>\n\t<meta property=\"og:image:type\" content=\"image\/jpeg\" \/>\n<meta name=\"twitter:label1\" content=\"Availability\" \/>\n\t<meta name=\"twitter:data1\" content=\"In stock\" \/>\n<script type=\"application\/ld+json\" class=\"yoast-schema-graph\">{\"@context\":\"https:\/\/schema.org\",\"@graph\":[{\"@type\":\"WebPage\",\"@id\":\"https:\/\/www.sestogrado.it\/en\/prodotto\/petzl-grigri-assicuratore-a-bloccaggio-assistito\/\",\"url\":\"https:\/\/www.sestogrado.it\/en\/prodotto\/petzl-grigri-assicuratore-a-bloccaggio-assistito\/\",\"name\":\"PETZL GRIGRI Assicuratore a bloccaggio assistito - Sestogrado\",\"isPartOf\":{\"@id\":\"https:\/\/www.sestogrado.it\/en\/#website\"},\"primaryImageOfPage\":{\"@id\":\"https:\/\/www.sestogrado.it\/en\/prodotto\/petzl-grigri-assicuratore-a-bloccaggio-assistito\/#primaryimage\"},\"image\":{\"@id\":\"https:\/\/www.sestogrado.it\/prodotto\/petzl-grigri-assicuratore-a-bloccaggio-assistito\/#primaryimage\"},\"thumbnailUrl\":\"https:\/\/www.sestogrado.it\/wp-content\/uploads\/2019\/03\/petzl-grigri-rosso.jpg\",\"datePublished\":\"2019-03-04T09:25:00+00:00\",\"dateModified\":\"2026-04-28T06:34:46+00:00\",\"description\":\"Il PETZL GRIGRI \u00e8 il dispositivo di assicurazione pi\u00f9 diffuso ed imitato al mondo ed \u00e8 considerato da molti climber il migliore assicuratore.Giunto alla sua terza versione (Grigri1, Grigri2, e ora semplicemente Grigri), il Petzl Grigri mantiene le stesse caratteristiche di sempre, che lo hanno reso uno strumento cos\u00ec pratico e funzionale, con l\u2019aggiunta di alcune migliorie \u201cprese in prestito\u201d dal fratello maggiore, il Grigri + Plus.In particolare ora il Grigri ha una geometria della camma interna che ne ha ampliato il range di utilizzo, ottimizzandolo per corde ancora pi\u00f9 sottili, per cui, come il Grigri Plus, \u00e8 omologato per corde 8.5 \u2013 11mm ed \u00e8 ottimizzato per corde 8.9 \u2013 10.5mm.Oltre ad aver ampliato il range di utilizzo, \u00e8 stata inserita la demoltiplicazione della maniglia, che garantisce un controllo eccezionale della discesa.In sintesi, se non hai mai usato un Grigri per fare sicura, le cose sono due: o hai appena iniziato ad arrampicare o (fortuna tua) sei piuttosto giovane!Con il Grigri sono cresciute infatti intere generazioni di climber, ed il motivo \u00e8 semplice: \u00e8 un dispositivo essenziale sia in falesia sia nell\u2019arrampicata indoor e offre la migliore esperienza, il miglior feeling e la migliore sicurezza nel fare sicura.\",\"breadcrumb\":{\"@id\":\"https:\/\/www.sestogrado.it\/en\/prodotto\/petzl-grigri-assicuratore-a-bloccaggio-assistito\/#breadcrumb\"},\"inLanguage\":\"en-US\",\"potentialAction\":[{\"@type\":\"ReadAction\",\"target\":[[\"https:\/\/www.sestogrado.it\/en\/prodotto\/petzl-grigri-assicuratore-a-bloccaggio-assistito\/\"]]}]},{\"@type\":\"ImageObject\",\"inLanguage\":\"en-US\",\"@id\":\"https:\/\/www.sestogrado.it\/en\/prodotto\/petzl-grigri-assicuratore-a-bloccaggio-assistito\/#primaryimage\",\"url\":\"https:\/\/www.sestogrado.it\/wp-content\/uploads\/2019\/03\/petzl-grigri-rosso.jpg\",\"contentUrl\":\"https:\/\/www.sestogrado.it\/wp-content\/uploads\/2019\/03\/petzl-grigri-rosso.jpg\",\"width\":1000,\"height\":1000,\"caption\":\"petzl grigri arancione\"},{\"@type\":\"BreadcrumbList\",\"@id\":\"https:\/\/www.sestogrado.it\/en\/prodotto\/petzl-grigri-assicuratore-a-bloccaggio-assistito\/#breadcrumb\",\"itemListElement\":[{\"@type\":\"ListItem\",\"position\":1,\"name\":\"Home\",\"item\":\"https:\/\/www.sestogrado.it\/en\/\"},{\"@type\":\"ListItem\",\"position\":2,\"name\":\"Shop\",\"item\":\"https:\/\/www.sestogrado.it\/en\/shop\/\"},{\"@type\":\"ListItem\",\"position\":3,\"name\":\"PETZL GRIGRI Assicuratore a bloccaggio assistito\"}]},{\"@type\":\"WebSite\",\"@id\":\"https:\/\/www.sestogrado.it\/en\/#website\",\"url\":\"https:\/\/www.sestogrado.it\/en\/\",\"name\":\"Sestogrado\",\"description\":\"yes we climb\",\"publisher\":{\"@id\":\"https:\/\/www.sestogrado.it\/en\/#organization\"},\"potentialAction\":[{\"@type\":\"SearchAction\",\"target\":{\"@type\":\"EntryPoint\",\"urlTemplate\":\"https:\/\/www.sestogrado.it\/en\/?s={search_term_string}\"},\"query-input\":{\"@type\":\"PropertyValueSpecification\",\"valueRequired\":true,\"valueName\":\"search_term_string\"}}],\"inLanguage\":\"en-US\"},{\"@type\":\"Organization\",\"@id\":\"https:\/\/www.sestogrado.it\/en\/#organization\",\"name\":\"Sestogrado\",\"url\":\"https:\/\/www.sestogrado.it\/en\/\",\"logo\":{\"@type\":\"ImageObject\",\"inLanguage\":\"en-US\",\"@id\":\"https:\/\/www.sestogrado.it\/en\/#\/schema\/logo\/image\/\",\"url\":\"https:\/\/www.sestogrado.it\/wp-content\/uploads\/2015\/03\/sestogrado-favicon.png\",\"contentUrl\":\"https:\/\/www.sestogrado.it\/wp-content\/uploads\/2015\/03\/sestogrado-favicon.png\",\"width\":260,\"height\":260,\"caption\":\"Sestogrado\"},\"image\":{\"@id\":\"https:\/\/www.sestogrado.it\/en\/#\/schema\/logo\/image\/\"},\"sameAs\":[\"https:\/\/www.facebook.com\/pages\/Sestogrado\/1542635979353017?ref=bookmarks\",\"https:\/\/www.youtube.com\/channel\/UC847kAfTkaJsWpc1jtQwr3Q\"],\"hasMerchantReturnPolicy\":{\"@type\":\"MerchantReturnPolicy\",\"merchantReturnLink\":\"https:\/\/www.sestogrado.it\/en\/termini-e-condizioni\/\"}}]}<\/script>\n<meta property=\"product:brand\" content=\"Petzl\" \/>\n<meta property=\"og:availability\" content=\"instock\" \/>\n<meta property=\"product:availability\" content=\"instock\" \/>\n<meta property=\"product:condition\" content=\"new\" \/>\n<!-- \/ Yoast SEO plugin. -->","yoast_head_json":{"title":"PETZL GRIGRI Assicuratore a bloccaggio assistito - Sestogrado","description":"Il PETZL GRIGRI \u00e8 il dispositivo di assicurazione pi\u00f9 diffuso ed imitato al mondo ed \u00e8 considerato da molti climber il migliore assicuratore.Giunto alla sua terza versione (Grigri1, Grigri2, e ora semplicemente Grigri), il Petzl Grigri mantiene le stesse caratteristiche di sempre, che lo hanno reso uno strumento cos\u00ec pratico e funzionale, con l\u2019aggiunta di alcune migliorie \u201cprese in prestito\u201d dal fratello maggiore, il Grigri + Plus.In particolare ora il Grigri ha una geometria della camma interna che ne ha ampliato il range di utilizzo, ottimizzandolo per corde ancora pi\u00f9 sottili, per cui, come il Grigri Plus, \u00e8 omologato per corde 8.5 \u2013 11mm ed \u00e8 ottimizzato per corde 8.9 \u2013 10.5mm.Oltre ad aver ampliato il range di utilizzo, \u00e8 stata inserita la demoltiplicazione della maniglia, che garantisce un controllo eccezionale della discesa.In sintesi, se non hai mai usato un Grigri per fare sicura, le cose sono due: o hai appena iniziato ad arrampicare o (fortuna tua) sei piuttosto giovane!Con il Grigri sono cresciute infatti intere generazioni di climber, ed il motivo \u00e8 semplice: \u00e8 un dispositivo essenziale sia in falesia sia nell\u2019arrampicata indoor e offre la migliore esperienza, il miglior feeling e la migliore sicurezza nel fare sicura.","robots":{"index":"index","follow":"follow","max-snippet":"max-snippet:-1","max-image-preview":"max-image-preview:large","max-video-preview":"max-video-preview:-1"},"canonical":"https:\/\/www.sestogrado.it\/en\/prodotto\/petzl-grigri-assicuratore-a-bloccaggio-assistito\/","og_locale":"en_US","og_type":"article","og_title":"PETZL GRIGRI Assicuratore a bloccaggio assistito - Sestogrado","og_description":"Il PETZL GRIGRI \u00e8 il dispositivo di assicurazione pi\u00f9 diffuso ed imitato al mondo ed \u00e8 considerato da molti climber il migliore assicuratore.Giunto alla sua terza versione (Grigri1, Grigri2, e ora semplicemente Grigri), il Petzl Grigri mantiene le stesse caratteristiche di sempre, che lo hanno reso uno strumento cos\u00ec pratico e funzionale, con l\u2019aggiunta di alcune migliorie \u201cprese in prestito\u201d dal fratello maggiore, il Grigri + Plus.In particolare ora il Grigri ha una geometria della camma interna che ne ha ampliato il range di utilizzo, ottimizzandolo per corde ancora pi\u00f9 sottili, per cui, come il Grigri Plus, \u00e8 omologato per corde 8.5 \u2013 11mm ed \u00e8 ottimizzato per corde 8.9 \u2013 10.5mm.Oltre ad aver ampliato il range di utilizzo, \u00e8 stata inserita la demoltiplicazione della maniglia, che garantisce un controllo eccezionale della discesa.In sintesi, se non hai mai usato un Grigri per fare sicura, le cose sono due: o hai appena iniziato ad arrampicare o (fortuna tua) sei piuttosto giovane!Con il Grigri sono cresciute infatti intere generazioni di climber, ed il motivo \u00e8 semplice: \u00e8 un dispositivo essenziale sia in falesia sia nell\u2019arrampicata indoor e offre la migliore esperienza, il miglior feeling e la migliore sicurezza nel fare sicura.","og_url":"https:\/\/www.sestogrado.it\/en\/prodotto\/petzl-grigri-assicuratore-a-bloccaggio-assistito\/","og_site_name":"Sestogrado","article_publisher":"https:\/\/www.facebook.com\/pages\/Sestogrado\/1542635979353017?ref=bookmarks","article_modified_time":"2026-04-28T06:34:46+00:00","og_image":[{"width":1000,"height":1000,"url":"https:\/\/www.sestogrado.it\/wp-content\/uploads\/2019\/03\/petzl-grigri-rosso.jpg","type":"image\/jpeg"}],"twitter_misc":{"Availability":"In stock"},"schema":{"@context":"https:\/\/schema.org","@graph":[{"@type":"WebPage","@id":"https:\/\/www.sestogrado.it\/en\/prodotto\/petzl-grigri-assicuratore-a-bloccaggio-assistito\/","url":"https:\/\/www.sestogrado.it\/en\/prodotto\/petzl-grigri-assicuratore-a-bloccaggio-assistito\/","name":"PETZL GRIGRI Assicuratore a bloccaggio assistito - Sestogrado","isPartOf":{"@id":"https:\/\/www.sestogrado.it\/en\/#website"},"primaryImageOfPage":{"@id":"https:\/\/www.sestogrado.it\/en\/prodotto\/petzl-grigri-assicuratore-a-bloccaggio-assistito\/#primaryimage"},"image":{"@id":"https:\/\/www.sestogrado.it\/prodotto\/petzl-grigri-assicuratore-a-bloccaggio-assistito\/#primaryimage"},"thumbnailUrl":"https:\/\/www.sestogrado.it\/wp-content\/uploads\/2019\/03\/petzl-grigri-rosso.jpg","datePublished":"2019-03-04T09:25:00+00:00","dateModified":"2026-04-28T06:34:46+00:00","description":"Il PETZL GRIGRI \u00e8 il dispositivo di assicurazione pi\u00f9 diffuso ed imitato al mondo ed \u00e8 considerato da molti climber il migliore assicuratore.Giunto alla sua terza versione (Grigri1, Grigri2, e ora semplicemente Grigri), il Petzl Grigri mantiene le stesse caratteristiche di sempre, che lo hanno reso uno strumento cos\u00ec pratico e funzionale, con l\u2019aggiunta di alcune migliorie \u201cprese in prestito\u201d dal fratello maggiore, il Grigri + Plus.In particolare ora il Grigri ha una geometria della camma interna che ne ha ampliato il range di utilizzo, ottimizzandolo per corde ancora pi\u00f9 sottili, per cui, come il Grigri Plus, \u00e8 omologato per corde 8.5 \u2013 11mm ed \u00e8 ottimizzato per corde 8.9 \u2013 10.5mm.Oltre ad aver ampliato il range di utilizzo, \u00e8 stata inserita la demoltiplicazione della maniglia, che garantisce un controllo eccezionale della discesa.In sintesi, se non hai mai usato un Grigri per fare sicura, le cose sono due: o hai appena iniziato ad arrampicare o (fortuna tua) sei piuttosto giovane!Con il Grigri sono cresciute infatti intere generazioni di climber, ed il motivo \u00e8 semplice: \u00e8 un dispositivo essenziale sia in falesia sia nell\u2019arrampicata indoor e offre la migliore esperienza, il miglior feeling e la migliore sicurezza nel fare sicura.","breadcrumb":{"@id":"https:\/\/www.sestogrado.it\/en\/prodotto\/petzl-grigri-assicuratore-a-bloccaggio-assistito\/#breadcrumb"},"inLanguage":"en-US","potentialAction":[{"@type":"ReadAction","target":[["https:\/\/www.sestogrado.it\/en\/prodotto\/petzl-grigri-assicuratore-a-bloccaggio-assistito\/"]]}]},{"@type":"ImageObject","inLanguage":"en-US","@id":"https:\/\/www.sestogrado.it\/en\/prodotto\/petzl-grigri-assicuratore-a-bloccaggio-assistito\/#primaryimage","url":"https:\/\/www.sestogrado.it\/wp-content\/uploads\/2019\/03\/petzl-grigri-rosso.jpg","contentUrl":"https:\/\/www.sestogrado.it\/wp-content\/uploads\/2019\/03\/petzl-grigri-rosso.jpg","width":1000,"height":1000,"caption":"petzl grigri arancione"},{"@type":"BreadcrumbList","@id":"https:\/\/www.sestogrado.it\/en\/prodotto\/petzl-grigri-assicuratore-a-bloccaggio-assistito\/#breadcrumb","itemListElement":[{"@type":"ListItem","position":1,"name":"Home","item":"https:\/\/www.sestogrado.it\/en\/"},{"@type":"ListItem","position":2,"name":"Shop","item":"https:\/\/www.sestogrado.it\/en\/shop\/"},{"@type":"ListItem","position":3,"name":"PETZL GRIGRI Assicuratore a bloccaggio assistito"}]},{"@type":"WebSite","@id":"https:\/\/www.sestogrado.it\/en\/#website","url":"https:\/\/www.sestogrado.it\/en\/","name":"Sestogrado","description":"yes we climb","publisher":{"@id":"https:\/\/www.sestogrado.it\/en\/#organization"},"potentialAction":[{"@type":"SearchAction","target":{"@type":"EntryPoint","urlTemplate":"https:\/\/www.sestogrado.it\/en\/?s={search_term_string}"},"query-input":{"@type":"PropertyValueSpecification","valueRequired":true,"valueName":"search_term_string"}}],"inLanguage":"en-US"},{"@type":"Organization","@id":"https:\/\/www.sestogrado.it\/en\/#organization","name":"Sestogrado","url":"https:\/\/www.sestogrado.it\/en\/","logo":{"@type":"ImageObject","inLanguage":"en-US","@id":"https:\/\/www.sestogrado.it\/en\/#\/schema\/logo\/image\/","url":"https:\/\/www.sestogrado.it\/wp-content\/uploads\/2015\/03\/sestogrado-favicon.png","contentUrl":"https:\/\/www.sestogrado.it\/wp-content\/uploads\/2015\/03\/sestogrado-favicon.png","width":260,"height":260,"caption":"Sestogrado"},"image":{"@id":"https:\/\/www.sestogrado.it\/en\/#\/schema\/logo\/image\/"},"sameAs":["https:\/\/www.facebook.com\/pages\/Sestogrado\/1542635979353017?ref=bookmarks","https:\/\/www.youtube.com\/channel\/UC847kAfTkaJsWpc1jtQwr3Q"],"hasMerchantReturnPolicy":{"@type":"MerchantReturnPolicy","merchantReturnLink":"https:\/\/www.sestogrado.it\/en\/termini-e-condizioni\/"}}]},"product_brand":"Petzl","og_availability":"instock","product_availability":"instock","product_condition":"new"},"_links":{"self":[{"href":"https:\/\/www.sestogrado.it\/en\/wp-json\/wp\/v2\/product\/19864","targetHints":{"allow":["GET"]}}],"collection":[{"href":"https:\/\/www.sestogrado.it\/en\/wp-json\/wp\/v2\/product"}],"about":[{"href":"https:\/\/www.sestogrado.it\/en\/wp-json\/wp\/v2\/types\/product"}],"replies":[{"embeddable":true,"href":"https:\/\/www.sestogrado.it\/en\/wp-json\/wp\/v2\/comments?post=19864"}],"wp:featuredmedia":[{"embeddable":true,"href":"https:\/\/www.sestogrado.it\/en\/wp-json\/wp\/v2\/media\/19865"}],"wp:attachment":[{"href":"https:\/\/www.sestogrado.it\/en\/wp-json\/wp\/v2\/media?parent=19864"}],"wp:term":[{"taxonomy":"product_brand","embeddable":true,"href":"https:\/\/www.sestogrado.it\/en\/wp-json\/wp\/v2\/product_brand?post=19864"},{"taxonomy":"product_cat","embeddable":true,"href":"https:\/\/www.sestogrado.it\/en\/wp-json\/wp\/v2\/product_cat?post=19864"},{"taxonomy":"product_tag","embeddable":true,"href":"https:\/\/www.sestogrado.it\/en\/wp-json\/wp\/v2\/product_tag?post=19864"}],"curies":[{"name":"wp","href":"https:\/\/api.w.org\/{rel}","templated":true}]}}