{"id":1929,"date":"2015-07-08T08:59:00","date_gmt":"2015-07-08T06:59:00","guid":{"rendered":"http:\/\/www.sestogrado.it\/?post_type=product&#038;p=1929"},"modified":"2026-05-10T15:36:36","modified_gmt":"2026-05-10T13:36:36","slug":"black-diamond-atc-guide-assicuratore-discensore","status":"publish","type":"product","link":"https:\/\/www.sestogrado.it\/en\/prodotto\/black-diamond-atc-guide-assicuratore-discensore\/","title":{"rendered":"Black Diamond ATC Guide belay rappel device"},"content":{"rendered":"<p>Our most versatile belay\/rappel device, with machined windows through the body to save weight.<\/p>\n<p>Our most versatile belay\/rappel device, the Black Diamond ATC-Guide is now even lighter thanks to windows machined through the body. We also enlarged the auto-block release hole to accept a small carabiner. Multiple friction modes provide the optimal amount of stopping power when lowering or rappelling, and the device&#8217;s guide mode lets you belay one or two seconding climbers off an anchor.<\/p>\n<ul>\n<li>Multiple friction modes for belay and rappel<\/li>\n<li>Machined windows through device for weight savings<\/li>\n<li>Auto-block release hole accepts small carabiners<\/li>\n<li>Durable cable holds its shape and resists getting caught up between ropes<\/li>\n<li>Guide mode works with one or two climbers<\/li>\n<li>ascending and descending<\/li>\n<li>Dependable and smooth operation in all conditions, handling ropes from 7.7 to 11 mm<\/li>\n<\/ul>\n<p>&nbsp;<\/p>\n<p>https:\/\/www.youtube.com\/watch?v=50aBxpjk8pg<\/p>\n<p>At Black Diamond it&#8217;s all about climbing and skiing. We share the same experiences that you do on rock, ice and snow and these experiences push us to make the best gear possible for our worldwide family of climbers and skiers. Black Diamond is a company that&#8217;s not just for rock climbers and skiers, but one that stands for the spirit of the sports we live, their values and goals, past, present and future. Since 1957, our innovative gear designs have set the standard in numerous areas. This is partly the result of dedication, desire and diligence on the part of an incredible team of people. It&#8217;s also a product of the fact that each of us are climbers and skiers ourselves.<\/p>","protected":false},"excerpt":{"rendered":"<p>Our most versatile belay\/rappel device, with machined windows through the body to save weight. Our most versatile belay\/rappel device, the [&hellip;]<\/p>\n","protected":false},"featured_media":31418,"comment_status":"open","ping_status":"closed","template":"","meta":{"_acf_changed":false},"product_brand":[121],"product_cat":[17,134],"product_tag":[],"class_list":{"0":"post-1929","1":"product","2":"type-product","3":"status-publish","4":"has-post-thumbnail","6":"product_brand-black-diamond","7":"product_cat-ferramenta","8":"product_cat-assicuratori","10":"first","11":"instock","12":"sale","13":"taxable","14":"shipping-taxable","15":"purchasable","16":"product-type-simple"},"acf":[],"yoast_head":"<!-- This site is optimized with the Yoast SEO plugin v26.4 - https:\/\/yoast.com\/wordpress\/plugins\/seo\/ -->\n<title>Black Diamond ATC Guide belay rappel device - Sestogrado<\/title>\n<meta name=\"description\" content=\"Il Black Diamond ATC GUIDE \u00e8 il capostipite dei secchielli con funzionalit\u00e0 sia assicuratore sia discensore.Design ultraleggero, due modalit\u00e0 di frenaggio\u00a0e la modalit\u00e0 &quot;guide&quot; con cui si assicura un secondo in modalit\u00e0 auto bloccante dall&#039;alto, fanno dell&#039;ATC GUIDE un prodotto all around valido per molteplici situazioni in falesia e in montagna.Nell&#039;ultima versione, il corpo \u00e8 stato reso pi\u00f9 sottile e leggero, il buco per collegare l\u2019ATC GUIDE alla sosta \u00e8 stato ovalizzato per rendere pi\u00f9 maneggevole l\u2019utilizzo in sicura dall\u2019alto. E\u2019 pi\u00f9 facile dare e recuperare corda.Molteplici possibilit\u00e0 di frenaggio forniscono la migliore forza frenante quando si effettua sicura o quando si effettuano calate in corda doppia con dispositivo in modalit\u00e0 discensore.\" \/>\n<meta name=\"robots\" content=\"index, follow, max-snippet:-1, max-image-preview:large, max-video-preview:-1\" \/>\n<link rel=\"canonical\" href=\"https:\/\/www.sestogrado.it\/en\/prodotto\/black-diamond-atc-guide-assicuratore-discensore\/\" \/>\n<meta property=\"og:locale\" content=\"en_US\" \/>\n<meta property=\"og:type\" content=\"article\" \/>\n<meta property=\"og:title\" content=\"Black Diamond ATC Guide belay rappel device - Sestogrado\" \/>\n<meta property=\"og:description\" content=\"Il Black Diamond ATC GUIDE \u00e8 il capostipite dei secchielli con funzionalit\u00e0 sia assicuratore sia discensore.Design ultraleggero, due modalit\u00e0 di frenaggio\u00a0e la modalit\u00e0 &quot;guide&quot; con cui si assicura un secondo in modalit\u00e0 auto bloccante dall&#039;alto, fanno dell&#039;ATC GUIDE un prodotto all around valido per molteplici situazioni in falesia e in montagna.Nell&#039;ultima versione, il corpo \u00e8 stato reso pi\u00f9 sottile e leggero, il buco per collegare l\u2019ATC GUIDE alla sosta \u00e8 stato ovalizzato per rendere pi\u00f9 maneggevole l\u2019utilizzo in sicura dall\u2019alto. E\u2019 pi\u00f9 facile dare e recuperare corda.Molteplici possibilit\u00e0 di frenaggio forniscono la migliore forza frenante quando si effettua sicura o quando si effettuano calate in corda doppia con dispositivo in modalit\u00e0 discensore.\" \/>\n<meta property=\"og:url\" content=\"https:\/\/www.sestogrado.it\/en\/prodotto\/black-diamond-atc-guide-assicuratore-discensore\/\" \/>\n<meta property=\"og:site_name\" content=\"Sestogrado\" \/>\n<meta property=\"article:publisher\" content=\"https:\/\/www.facebook.com\/pages\/Sestogrado\/1542635979353017?ref=bookmarks\" \/>\n<meta property=\"article:modified_time\" content=\"2026-05-10T13:36:36+00:00\" \/>\n<meta property=\"og:image\" content=\"https:\/\/www.sestogrado.it\/wp-content\/uploads\/2015\/07\/black.jpg\" \/>\n\t<meta property=\"og:image:width\" content=\"600\" \/>\n\t<meta property=\"og:image:height\" content=\"540\" \/>\n\t<meta property=\"og:image:type\" content=\"image\/jpeg\" \/>\n<meta name=\"twitter:label1\" content=\"Price\" \/>\n\t<meta name=\"twitter:data1\" content=\"&euro;&nbsp;27,90\" \/>\n\t<meta name=\"twitter:label2\" content=\"Availability\" \/>\n\t<meta name=\"twitter:data2\" content=\"In stock\" \/>\n<script type=\"application\/ld+json\" class=\"yoast-schema-graph\">{\"@context\":\"https:\/\/schema.org\",\"@graph\":[{\"@type\":\"WebPage\",\"@id\":\"https:\/\/www.sestogrado.it\/en\/prodotto\/black-diamond-atc-guide-assicuratore-discensore\/\",\"url\":\"https:\/\/www.sestogrado.it\/en\/prodotto\/black-diamond-atc-guide-assicuratore-discensore\/\",\"name\":\"Black Diamond ATC Guide belay rappel device - Sestogrado\",\"isPartOf\":{\"@id\":\"https:\/\/www.sestogrado.it\/en\/#website\"},\"primaryImageOfPage\":{\"@id\":\"https:\/\/www.sestogrado.it\/en\/prodotto\/black-diamond-atc-guide-assicuratore-discensore\/#primaryimage\"},\"image\":{\"@id\":\"https:\/\/www.sestogrado.it\/prodotto\/black-diamond-atc-guide-assicuratore-discensore\/#primaryimage\"},\"thumbnailUrl\":\"https:\/\/www.sestogrado.it\/wp-content\/uploads\/2015\/07\/black.jpg\",\"datePublished\":\"2015-07-08T06:59:00+00:00\",\"dateModified\":\"2026-05-10T13:36:36+00:00\",\"description\":\"Il Black Diamond ATC GUIDE \u00e8 il capostipite dei secchielli con funzionalit\u00e0 sia assicuratore sia discensore.Design ultraleggero, due modalit\u00e0 di frenaggio\u00a0e la modalit\u00e0 \\\"guide\\\" con cui si assicura un secondo in modalit\u00e0 auto bloccante dall'alto, fanno dell'ATC GUIDE un prodotto all around valido per molteplici situazioni in falesia e in montagna.Nell'ultima versione, il corpo \u00e8 stato reso pi\u00f9 sottile e leggero, il buco per collegare l\u2019ATC GUIDE alla sosta \u00e8 stato ovalizzato per rendere pi\u00f9 maneggevole l\u2019utilizzo in sicura dall\u2019alto. E\u2019 pi\u00f9 facile dare e recuperare corda.Molteplici possibilit\u00e0 di frenaggio forniscono la migliore forza frenante quando si effettua sicura o quando si effettuano calate in corda doppia con dispositivo in modalit\u00e0 discensore.\",\"breadcrumb\":{\"@id\":\"https:\/\/www.sestogrado.it\/en\/prodotto\/black-diamond-atc-guide-assicuratore-discensore\/#breadcrumb\"},\"inLanguage\":\"en-US\",\"potentialAction\":[{\"@type\":\"ReadAction\",\"target\":[[\"https:\/\/www.sestogrado.it\/en\/prodotto\/black-diamond-atc-guide-assicuratore-discensore\/\"]]}]},{\"@type\":\"ImageObject\",\"inLanguage\":\"en-US\",\"@id\":\"https:\/\/www.sestogrado.it\/en\/prodotto\/black-diamond-atc-guide-assicuratore-discensore\/#primaryimage\",\"url\":\"https:\/\/www.sestogrado.it\/wp-content\/uploads\/2015\/07\/black.jpg\",\"contentUrl\":\"https:\/\/www.sestogrado.it\/wp-content\/uploads\/2015\/07\/black.jpg\",\"width\":600,\"height\":540,\"caption\":\"atc guide black\"},{\"@type\":\"BreadcrumbList\",\"@id\":\"https:\/\/www.sestogrado.it\/en\/prodotto\/black-diamond-atc-guide-assicuratore-discensore\/#breadcrumb\",\"itemListElement\":[{\"@type\":\"ListItem\",\"position\":1,\"name\":\"Home\",\"item\":\"https:\/\/www.sestogrado.it\/en\/\"},{\"@type\":\"ListItem\",\"position\":2,\"name\":\"Shop\",\"item\":\"https:\/\/www.sestogrado.it\/en\/shop\/\"},{\"@type\":\"ListItem\",\"position\":3,\"name\":\"Black Diamond ATC Guide assicuratore discensore secchiello\"}]},{\"@type\":\"WebSite\",\"@id\":\"https:\/\/www.sestogrado.it\/en\/#website\",\"url\":\"https:\/\/www.sestogrado.it\/en\/\",\"name\":\"Sestogrado\",\"description\":\"yes we climb\",\"publisher\":{\"@id\":\"https:\/\/www.sestogrado.it\/en\/#organization\"},\"potentialAction\":[{\"@type\":\"SearchAction\",\"target\":{\"@type\":\"EntryPoint\",\"urlTemplate\":\"https:\/\/www.sestogrado.it\/en\/?s={search_term_string}\"},\"query-input\":{\"@type\":\"PropertyValueSpecification\",\"valueRequired\":true,\"valueName\":\"search_term_string\"}}],\"inLanguage\":\"en-US\"},{\"@type\":\"Organization\",\"@id\":\"https:\/\/www.sestogrado.it\/en\/#organization\",\"name\":\"Sestogrado\",\"url\":\"https:\/\/www.sestogrado.it\/en\/\",\"logo\":{\"@type\":\"ImageObject\",\"inLanguage\":\"en-US\",\"@id\":\"https:\/\/www.sestogrado.it\/en\/#\/schema\/logo\/image\/\",\"url\":\"https:\/\/www.sestogrado.it\/wp-content\/uploads\/2015\/03\/sestogrado-favicon.png\",\"contentUrl\":\"https:\/\/www.sestogrado.it\/wp-content\/uploads\/2015\/03\/sestogrado-favicon.png\",\"width\":260,\"height\":260,\"caption\":\"Sestogrado\"},\"image\":{\"@id\":\"https:\/\/www.sestogrado.it\/en\/#\/schema\/logo\/image\/\"},\"sameAs\":[\"https:\/\/www.facebook.com\/pages\/Sestogrado\/1542635979353017?ref=bookmarks\",\"https:\/\/www.youtube.com\/channel\/UC847kAfTkaJsWpc1jtQwr3Q\"],\"hasMerchantReturnPolicy\":{\"@type\":\"MerchantReturnPolicy\",\"merchantReturnLink\":\"https:\/\/www.sestogrado.it\/en\/termini-e-condizioni\/\"}}]}<\/script>\n<meta property=\"product:brand\" content=\"Black Diamond\" \/>\n<meta property=\"product:price:amount\" content=\"27.90\" \/>\n<meta property=\"product:price:currency\" content=\"EUR\" \/>\n<meta property=\"og:availability\" content=\"instock\" \/>\n<meta property=\"product:availability\" content=\"instock\" \/>\n<meta property=\"product:condition\" content=\"new\" \/>\n<!-- \/ Yoast SEO plugin. -->","yoast_head_json":{"title":"Black Diamond ATC Guide belay rappel device - Sestogrado","description":"Il Black Diamond ATC GUIDE \u00e8 il capostipite dei secchielli con funzionalit\u00e0 sia assicuratore sia discensore.Design ultraleggero, due modalit\u00e0 di frenaggio\u00a0e la modalit\u00e0 \"guide\" con cui si assicura un secondo in modalit\u00e0 auto bloccante dall'alto, fanno dell'ATC GUIDE un prodotto all around valido per molteplici situazioni in falesia e in montagna.Nell'ultima versione, il corpo \u00e8 stato reso pi\u00f9 sottile e leggero, il buco per collegare l\u2019ATC GUIDE alla sosta \u00e8 stato ovalizzato per rendere pi\u00f9 maneggevole l\u2019utilizzo in sicura dall\u2019alto. E\u2019 pi\u00f9 facile dare e recuperare corda.Molteplici possibilit\u00e0 di frenaggio forniscono la migliore forza frenante quando si effettua sicura o quando si effettuano calate in corda doppia con dispositivo in modalit\u00e0 discensore.","robots":{"index":"index","follow":"follow","max-snippet":"max-snippet:-1","max-image-preview":"max-image-preview:large","max-video-preview":"max-video-preview:-1"},"canonical":"https:\/\/www.sestogrado.it\/en\/prodotto\/black-diamond-atc-guide-assicuratore-discensore\/","og_locale":"en_US","og_type":"article","og_title":"Black Diamond ATC Guide belay rappel device - Sestogrado","og_description":"Il Black Diamond ATC GUIDE \u00e8 il capostipite dei secchielli con funzionalit\u00e0 sia assicuratore sia discensore.Design ultraleggero, due modalit\u00e0 di frenaggio\u00a0e la modalit\u00e0 \"guide\" con cui si assicura un secondo in modalit\u00e0 auto bloccante dall'alto, fanno dell'ATC GUIDE un prodotto all around valido per molteplici situazioni in falesia e in montagna.Nell'ultima versione, il corpo \u00e8 stato reso pi\u00f9 sottile e leggero, il buco per collegare l\u2019ATC GUIDE alla sosta \u00e8 stato ovalizzato per rendere pi\u00f9 maneggevole l\u2019utilizzo in sicura dall\u2019alto. E\u2019 pi\u00f9 facile dare e recuperare corda.Molteplici possibilit\u00e0 di frenaggio forniscono la migliore forza frenante quando si effettua sicura o quando si effettuano calate in corda doppia con dispositivo in modalit\u00e0 discensore.","og_url":"https:\/\/www.sestogrado.it\/en\/prodotto\/black-diamond-atc-guide-assicuratore-discensore\/","og_site_name":"Sestogrado","article_publisher":"https:\/\/www.facebook.com\/pages\/Sestogrado\/1542635979353017?ref=bookmarks","article_modified_time":"2026-05-10T13:36:36+00:00","og_image":[{"width":600,"height":540,"url":"https:\/\/www.sestogrado.it\/wp-content\/uploads\/2015\/07\/black.jpg","type":"image\/jpeg"}],"twitter_misc":{"Price":"&euro;&nbsp;27,90","Availability":"In stock"},"schema":{"@context":"https:\/\/schema.org","@graph":[{"@type":"WebPage","@id":"https:\/\/www.sestogrado.it\/en\/prodotto\/black-diamond-atc-guide-assicuratore-discensore\/","url":"https:\/\/www.sestogrado.it\/en\/prodotto\/black-diamond-atc-guide-assicuratore-discensore\/","name":"Black Diamond ATC Guide belay rappel device - Sestogrado","isPartOf":{"@id":"https:\/\/www.sestogrado.it\/en\/#website"},"primaryImageOfPage":{"@id":"https:\/\/www.sestogrado.it\/en\/prodotto\/black-diamond-atc-guide-assicuratore-discensore\/#primaryimage"},"image":{"@id":"https:\/\/www.sestogrado.it\/prodotto\/black-diamond-atc-guide-assicuratore-discensore\/#primaryimage"},"thumbnailUrl":"https:\/\/www.sestogrado.it\/wp-content\/uploads\/2015\/07\/black.jpg","datePublished":"2015-07-08T06:59:00+00:00","dateModified":"2026-05-10T13:36:36+00:00","description":"Il Black Diamond ATC GUIDE \u00e8 il capostipite dei secchielli con funzionalit\u00e0 sia assicuratore sia discensore.Design ultraleggero, due modalit\u00e0 di frenaggio\u00a0e la modalit\u00e0 \"guide\" con cui si assicura un secondo in modalit\u00e0 auto bloccante dall'alto, fanno dell'ATC GUIDE un prodotto all around valido per molteplici situazioni in falesia e in montagna.Nell'ultima versione, il corpo \u00e8 stato reso pi\u00f9 sottile e leggero, il buco per collegare l\u2019ATC GUIDE alla sosta \u00e8 stato ovalizzato per rendere pi\u00f9 maneggevole l\u2019utilizzo in sicura dall\u2019alto. E\u2019 pi\u00f9 facile dare e recuperare corda.Molteplici possibilit\u00e0 di frenaggio forniscono la migliore forza frenante quando si effettua sicura o quando si effettuano calate in corda doppia con dispositivo in modalit\u00e0 discensore.","breadcrumb":{"@id":"https:\/\/www.sestogrado.it\/en\/prodotto\/black-diamond-atc-guide-assicuratore-discensore\/#breadcrumb"},"inLanguage":"en-US","potentialAction":[{"@type":"ReadAction","target":[["https:\/\/www.sestogrado.it\/en\/prodotto\/black-diamond-atc-guide-assicuratore-discensore\/"]]}]},{"@type":"ImageObject","inLanguage":"en-US","@id":"https:\/\/www.sestogrado.it\/en\/prodotto\/black-diamond-atc-guide-assicuratore-discensore\/#primaryimage","url":"https:\/\/www.sestogrado.it\/wp-content\/uploads\/2015\/07\/black.jpg","contentUrl":"https:\/\/www.sestogrado.it\/wp-content\/uploads\/2015\/07\/black.jpg","width":600,"height":540,"caption":"atc guide black"},{"@type":"BreadcrumbList","@id":"https:\/\/www.sestogrado.it\/en\/prodotto\/black-diamond-atc-guide-assicuratore-discensore\/#breadcrumb","itemListElement":[{"@type":"ListItem","position":1,"name":"Home","item":"https:\/\/www.sestogrado.it\/en\/"},{"@type":"ListItem","position":2,"name":"Shop","item":"https:\/\/www.sestogrado.it\/en\/shop\/"},{"@type":"ListItem","position":3,"name":"Black Diamond ATC Guide assicuratore discensore secchiello"}]},{"@type":"WebSite","@id":"https:\/\/www.sestogrado.it\/en\/#website","url":"https:\/\/www.sestogrado.it\/en\/","name":"Sestogrado","description":"yes we climb","publisher":{"@id":"https:\/\/www.sestogrado.it\/en\/#organization"},"potentialAction":[{"@type":"SearchAction","target":{"@type":"EntryPoint","urlTemplate":"https:\/\/www.sestogrado.it\/en\/?s={search_term_string}"},"query-input":{"@type":"PropertyValueSpecification","valueRequired":true,"valueName":"search_term_string"}}],"inLanguage":"en-US"},{"@type":"Organization","@id":"https:\/\/www.sestogrado.it\/en\/#organization","name":"Sestogrado","url":"https:\/\/www.sestogrado.it\/en\/","logo":{"@type":"ImageObject","inLanguage":"en-US","@id":"https:\/\/www.sestogrado.it\/en\/#\/schema\/logo\/image\/","url":"https:\/\/www.sestogrado.it\/wp-content\/uploads\/2015\/03\/sestogrado-favicon.png","contentUrl":"https:\/\/www.sestogrado.it\/wp-content\/uploads\/2015\/03\/sestogrado-favicon.png","width":260,"height":260,"caption":"Sestogrado"},"image":{"@id":"https:\/\/www.sestogrado.it\/en\/#\/schema\/logo\/image\/"},"sameAs":["https:\/\/www.facebook.com\/pages\/Sestogrado\/1542635979353017?ref=bookmarks","https:\/\/www.youtube.com\/channel\/UC847kAfTkaJsWpc1jtQwr3Q"],"hasMerchantReturnPolicy":{"@type":"MerchantReturnPolicy","merchantReturnLink":"https:\/\/www.sestogrado.it\/en\/termini-e-condizioni\/"}}]},"product_brand":"Black Diamond","product_price_amount":"27.90","product_price_currency":"EUR","og_availability":"instock","product_availability":"instock","product_condition":"new"},"_links":{"self":[{"href":"https:\/\/www.sestogrado.it\/en\/wp-json\/wp\/v2\/product\/1929","targetHints":{"allow":["GET"]}}],"collection":[{"href":"https:\/\/www.sestogrado.it\/en\/wp-json\/wp\/v2\/product"}],"about":[{"href":"https:\/\/www.sestogrado.it\/en\/wp-json\/wp\/v2\/types\/product"}],"replies":[{"embeddable":true,"href":"https:\/\/www.sestogrado.it\/en\/wp-json\/wp\/v2\/comments?post=1929"}],"wp:featuredmedia":[{"embeddable":true,"href":"https:\/\/www.sestogrado.it\/en\/wp-json\/wp\/v2\/media\/31418"}],"wp:attachment":[{"href":"https:\/\/www.sestogrado.it\/en\/wp-json\/wp\/v2\/media?parent=1929"}],"wp:term":[{"taxonomy":"product_brand","embeddable":true,"href":"https:\/\/www.sestogrado.it\/en\/wp-json\/wp\/v2\/product_brand?post=1929"},{"taxonomy":"product_cat","embeddable":true,"href":"https:\/\/www.sestogrado.it\/en\/wp-json\/wp\/v2\/product_cat?post=1929"},{"taxonomy":"product_tag","embeddable":true,"href":"https:\/\/www.sestogrado.it\/en\/wp-json\/wp\/v2\/product_tag?post=1929"}],"curies":[{"name":"wp","href":"https:\/\/api.w.org\/{rel}","templated":true}]}}