{"id":191087,"date":"2025-05-09T11:35:48","date_gmt":"2025-05-09T09:35:48","guid":{"rendered":"https:\/\/www.sestogrado.it\/?post_type=product&#038;p=191087"},"modified":"2026-04-02T11:27:43","modified_gmt":"2026-04-02T09:27:43","slug":"camp-ed-700-evo-essential-saccoletto-sacco-a-pelo","status":"publish","type":"product","link":"https:\/\/www.sestogrado.it\/en\/prodotto\/camp-ed-700-evo-essential-saccoletto-sacco-a-pelo\/","title":{"rendered":"Camp ED 700 EVO essential saccoletto sacco a pelo"},"content":{"rendered":"<p class=\"qtranxs-available-languages-message qtranxs-available-languages-message-en\">Sorry, this entry is only available in <a href=\"https:\/\/www.sestogrado.it\/it\/wp-json\/wp\/v2\/product\/191087\" class=\"qtranxs-available-language-link qtranxs-available-language-link-it\" title=\"Italiano\">Italiano<\/a>.<\/p>","protected":false},"excerpt":{"rendered":"<p>Sorry, this entry is only available in Italiano.<\/p>\n","protected":false},"featured_media":191090,"comment_status":"open","ping_status":"closed","template":"","meta":{"_acf_changed":false},"product_brand":[31],"product_cat":[577],"product_tag":[],"class_list":{"0":"post-191087","1":"product","2":"type-product","3":"status-publish","4":"has-post-thumbnail","6":"product_brand-camp","7":"product_cat-sacchi-a-pelo","9":"first","10":"instock","11":"sale","12":"taxable","13":"shipping-taxable","14":"purchasable","15":"product-type-variable"},"acf":[],"yoast_head":"<!-- This site is optimized with the Yoast SEO plugin v26.4 - https:\/\/yoast.com\/wordpress\/plugins\/seo\/ -->\n<title>Camp ED 700 EVO essential saccoletto sacco a pelo - Sestogrado<\/title>\n<meta name=\"description\" content=\"Il Camp ED 700 EVO \u00e8 un sacco letto in piuma della linea Essential di Camp, il top di gamma dei sacchi in piuma, realizzato con materiali tecnici, ad elevata termicit\u00e0 (temperatura estrema -24\u00b0) ed ultra comprimibile. E&#039; dedicato alle spedizioni alpinistiche in quota in climi estremamente rigidi.La versione EVO \u00e8 dotata di un design di alto livello, con una forma che segue esattamente quella del corpo ed una capacit\u00e0 termica che si adatta alle esigenze pi\u00f9 tecniche.\" \/>\n<meta name=\"robots\" content=\"index, follow, max-snippet:-1, max-image-preview:large, max-video-preview:-1\" \/>\n<link rel=\"canonical\" href=\"https:\/\/www.sestogrado.it\/en\/prodotto\/camp-ed-700-evo-essential-saccoletto-sacco-a-pelo\/\" \/>\n<meta property=\"og:locale\" content=\"en_US\" \/>\n<meta property=\"og:type\" content=\"article\" \/>\n<meta property=\"og:title\" content=\"Camp ED 700 EVO essential saccoletto sacco a pelo - Sestogrado\" \/>\n<meta property=\"og:description\" content=\"Il Camp ED 700 EVO \u00e8 un sacco letto in piuma della linea Essential di Camp, il top di gamma dei sacchi in piuma, realizzato con materiali tecnici, ad elevata termicit\u00e0 (temperatura estrema -24\u00b0) ed ultra comprimibile. E&#039; dedicato alle spedizioni alpinistiche in quota in climi estremamente rigidi.La versione EVO \u00e8 dotata di un design di alto livello, con una forma che segue esattamente quella del corpo ed una capacit\u00e0 termica che si adatta alle esigenze pi\u00f9 tecniche.\" \/>\n<meta property=\"og:url\" content=\"https:\/\/www.sestogrado.it\/en\/prodotto\/camp-ed-700-evo-essential-saccoletto-sacco-a-pelo\/\" \/>\n<meta property=\"og:site_name\" content=\"Sestogrado\" \/>\n<meta property=\"article:publisher\" content=\"https:\/\/www.facebook.com\/pages\/Sestogrado\/1542635979353017?ref=bookmarks\" \/>\n<meta property=\"article:modified_time\" content=\"2026-04-02T09:27:43+00:00\" \/>\n<meta property=\"og:image\" content=\"https:\/\/www.sestogrado.it\/wp-content\/uploads\/2025\/05\/700-evo-destra.jpg\" \/>\n\t<meta property=\"og:image:width\" content=\"1400\" \/>\n\t<meta property=\"og:image:height\" content=\"1400\" \/>\n\t<meta property=\"og:image:type\" content=\"image\/jpeg\" \/>\n<meta name=\"twitter:label1\" content=\"Availability\" \/>\n\t<meta name=\"twitter:data1\" content=\"In stock\" \/>\n<script type=\"application\/ld+json\" class=\"yoast-schema-graph\">{\"@context\":\"https:\/\/schema.org\",\"@graph\":[{\"@type\":\"WebPage\",\"@id\":\"https:\/\/www.sestogrado.it\/en\/prodotto\/camp-ed-700-evo-essential-saccoletto-sacco-a-pelo\/\",\"url\":\"https:\/\/www.sestogrado.it\/en\/prodotto\/camp-ed-700-evo-essential-saccoletto-sacco-a-pelo\/\",\"name\":\"Camp ED 700 EVO essential saccoletto sacco a pelo - Sestogrado\",\"isPartOf\":{\"@id\":\"https:\/\/www.sestogrado.it\/en\/#website\"},\"primaryImageOfPage\":{\"@id\":\"https:\/\/www.sestogrado.it\/en\/prodotto\/camp-ed-700-evo-essential-saccoletto-sacco-a-pelo\/#primaryimage\"},\"image\":{\"@id\":\"https:\/\/www.sestogrado.it\/prodotto\/camp-ed-700-evo-essential-saccoletto-sacco-a-pelo\/#primaryimage\"},\"thumbnailUrl\":\"https:\/\/www.sestogrado.it\/wp-content\/uploads\/2025\/05\/700-evo-destra.jpg\",\"datePublished\":\"2025-05-09T09:35:48+00:00\",\"dateModified\":\"2026-04-02T09:27:43+00:00\",\"description\":\"Il Camp ED 700 EVO \u00e8 un sacco letto in piuma della linea Essential di Camp, il top di gamma dei sacchi in piuma, realizzato con materiali tecnici, ad elevata termicit\u00e0 (temperatura estrema -24\u00b0) ed ultra comprimibile. E' dedicato alle spedizioni alpinistiche in quota in climi estremamente rigidi.La versione EVO \u00e8 dotata di un design di alto livello, con una forma che segue esattamente quella del corpo ed una capacit\u00e0 termica che si adatta alle esigenze pi\u00f9 tecniche.\",\"breadcrumb\":{\"@id\":\"https:\/\/www.sestogrado.it\/en\/prodotto\/camp-ed-700-evo-essential-saccoletto-sacco-a-pelo\/#breadcrumb\"},\"inLanguage\":\"en-US\",\"potentialAction\":[{\"@type\":\"ReadAction\",\"target\":[[\"https:\/\/www.sestogrado.it\/en\/prodotto\/camp-ed-700-evo-essential-saccoletto-sacco-a-pelo\/\"]]}]},{\"@type\":\"ImageObject\",\"inLanguage\":\"en-US\",\"@id\":\"https:\/\/www.sestogrado.it\/en\/prodotto\/camp-ed-700-evo-essential-saccoletto-sacco-a-pelo\/#primaryimage\",\"url\":\"https:\/\/www.sestogrado.it\/wp-content\/uploads\/2025\/05\/700-evo-destra.jpg\",\"contentUrl\":\"https:\/\/www.sestogrado.it\/wp-content\/uploads\/2025\/05\/700-evo-destra.jpg\",\"width\":1400,\"height\":1400,\"caption\":\"700-evo-destra\"},{\"@type\":\"BreadcrumbList\",\"@id\":\"https:\/\/www.sestogrado.it\/en\/prodotto\/camp-ed-700-evo-essential-saccoletto-sacco-a-pelo\/#breadcrumb\",\"itemListElement\":[{\"@type\":\"ListItem\",\"position\":1,\"name\":\"Home\",\"item\":\"https:\/\/www.sestogrado.it\/en\/\"},{\"@type\":\"ListItem\",\"position\":2,\"name\":\"Shop\",\"item\":\"https:\/\/www.sestogrado.it\/en\/shop\/\"},{\"@type\":\"ListItem\",\"position\":3,\"name\":\"Camp ED 700 EVO essential saccoletto sacco a pelo\"}]},{\"@type\":\"WebSite\",\"@id\":\"https:\/\/www.sestogrado.it\/en\/#website\",\"url\":\"https:\/\/www.sestogrado.it\/en\/\",\"name\":\"Sestogrado\",\"description\":\"yes we climb\",\"publisher\":{\"@id\":\"https:\/\/www.sestogrado.it\/en\/#organization\"},\"potentialAction\":[{\"@type\":\"SearchAction\",\"target\":{\"@type\":\"EntryPoint\",\"urlTemplate\":\"https:\/\/www.sestogrado.it\/en\/?s={search_term_string}\"},\"query-input\":{\"@type\":\"PropertyValueSpecification\",\"valueRequired\":true,\"valueName\":\"search_term_string\"}}],\"inLanguage\":\"en-US\"},{\"@type\":\"Organization\",\"@id\":\"https:\/\/www.sestogrado.it\/en\/#organization\",\"name\":\"Sestogrado\",\"url\":\"https:\/\/www.sestogrado.it\/en\/\",\"logo\":{\"@type\":\"ImageObject\",\"inLanguage\":\"en-US\",\"@id\":\"https:\/\/www.sestogrado.it\/en\/#\/schema\/logo\/image\/\",\"url\":\"https:\/\/www.sestogrado.it\/wp-content\/uploads\/2015\/03\/sestogrado-favicon.png\",\"contentUrl\":\"https:\/\/www.sestogrado.it\/wp-content\/uploads\/2015\/03\/sestogrado-favicon.png\",\"width\":260,\"height\":260,\"caption\":\"Sestogrado\"},\"image\":{\"@id\":\"https:\/\/www.sestogrado.it\/en\/#\/schema\/logo\/image\/\"},\"sameAs\":[\"https:\/\/www.facebook.com\/pages\/Sestogrado\/1542635979353017?ref=bookmarks\",\"https:\/\/www.youtube.com\/channel\/UC847kAfTkaJsWpc1jtQwr3Q\"],\"hasMerchantReturnPolicy\":{\"@type\":\"MerchantReturnPolicy\",\"merchantReturnLink\":\"https:\/\/www.sestogrado.it\/en\/termini-e-condizioni\/\"}}]}<\/script>\n<meta property=\"product:brand\" content=\"Camp\" \/>\n<meta property=\"og:availability\" content=\"instock\" \/>\n<meta property=\"product:availability\" content=\"instock\" \/>\n<meta property=\"product:condition\" content=\"new\" \/>\n<!-- \/ Yoast SEO plugin. -->","yoast_head_json":{"title":"Camp ED 700 EVO essential saccoletto sacco a pelo - Sestogrado","description":"Il Camp ED 700 EVO \u00e8 un sacco letto in piuma della linea Essential di Camp, il top di gamma dei sacchi in piuma, realizzato con materiali tecnici, ad elevata termicit\u00e0 (temperatura estrema -24\u00b0) ed ultra comprimibile. E' dedicato alle spedizioni alpinistiche in quota in climi estremamente rigidi.La versione EVO \u00e8 dotata di un design di alto livello, con una forma che segue esattamente quella del corpo ed una capacit\u00e0 termica che si adatta alle esigenze pi\u00f9 tecniche.","robots":{"index":"index","follow":"follow","max-snippet":"max-snippet:-1","max-image-preview":"max-image-preview:large","max-video-preview":"max-video-preview:-1"},"canonical":"https:\/\/www.sestogrado.it\/en\/prodotto\/camp-ed-700-evo-essential-saccoletto-sacco-a-pelo\/","og_locale":"en_US","og_type":"article","og_title":"Camp ED 700 EVO essential saccoletto sacco a pelo - Sestogrado","og_description":"Il Camp ED 700 EVO \u00e8 un sacco letto in piuma della linea Essential di Camp, il top di gamma dei sacchi in piuma, realizzato con materiali tecnici, ad elevata termicit\u00e0 (temperatura estrema -24\u00b0) ed ultra comprimibile. E' dedicato alle spedizioni alpinistiche in quota in climi estremamente rigidi.La versione EVO \u00e8 dotata di un design di alto livello, con una forma che segue esattamente quella del corpo ed una capacit\u00e0 termica che si adatta alle esigenze pi\u00f9 tecniche.","og_url":"https:\/\/www.sestogrado.it\/en\/prodotto\/camp-ed-700-evo-essential-saccoletto-sacco-a-pelo\/","og_site_name":"Sestogrado","article_publisher":"https:\/\/www.facebook.com\/pages\/Sestogrado\/1542635979353017?ref=bookmarks","article_modified_time":"2026-04-02T09:27:43+00:00","og_image":[{"width":1400,"height":1400,"url":"https:\/\/www.sestogrado.it\/wp-content\/uploads\/2025\/05\/700-evo-destra.jpg","type":"image\/jpeg"}],"twitter_misc":{"Availability":"In stock"},"schema":{"@context":"https:\/\/schema.org","@graph":[{"@type":"WebPage","@id":"https:\/\/www.sestogrado.it\/en\/prodotto\/camp-ed-700-evo-essential-saccoletto-sacco-a-pelo\/","url":"https:\/\/www.sestogrado.it\/en\/prodotto\/camp-ed-700-evo-essential-saccoletto-sacco-a-pelo\/","name":"Camp ED 700 EVO essential saccoletto sacco a pelo - Sestogrado","isPartOf":{"@id":"https:\/\/www.sestogrado.it\/en\/#website"},"primaryImageOfPage":{"@id":"https:\/\/www.sestogrado.it\/en\/prodotto\/camp-ed-700-evo-essential-saccoletto-sacco-a-pelo\/#primaryimage"},"image":{"@id":"https:\/\/www.sestogrado.it\/prodotto\/camp-ed-700-evo-essential-saccoletto-sacco-a-pelo\/#primaryimage"},"thumbnailUrl":"https:\/\/www.sestogrado.it\/wp-content\/uploads\/2025\/05\/700-evo-destra.jpg","datePublished":"2025-05-09T09:35:48+00:00","dateModified":"2026-04-02T09:27:43+00:00","description":"Il Camp ED 700 EVO \u00e8 un sacco letto in piuma della linea Essential di Camp, il top di gamma dei sacchi in piuma, realizzato con materiali tecnici, ad elevata termicit\u00e0 (temperatura estrema -24\u00b0) ed ultra comprimibile. E' dedicato alle spedizioni alpinistiche in quota in climi estremamente rigidi.La versione EVO \u00e8 dotata di un design di alto livello, con una forma che segue esattamente quella del corpo ed una capacit\u00e0 termica che si adatta alle esigenze pi\u00f9 tecniche.","breadcrumb":{"@id":"https:\/\/www.sestogrado.it\/en\/prodotto\/camp-ed-700-evo-essential-saccoletto-sacco-a-pelo\/#breadcrumb"},"inLanguage":"en-US","potentialAction":[{"@type":"ReadAction","target":[["https:\/\/www.sestogrado.it\/en\/prodotto\/camp-ed-700-evo-essential-saccoletto-sacco-a-pelo\/"]]}]},{"@type":"ImageObject","inLanguage":"en-US","@id":"https:\/\/www.sestogrado.it\/en\/prodotto\/camp-ed-700-evo-essential-saccoletto-sacco-a-pelo\/#primaryimage","url":"https:\/\/www.sestogrado.it\/wp-content\/uploads\/2025\/05\/700-evo-destra.jpg","contentUrl":"https:\/\/www.sestogrado.it\/wp-content\/uploads\/2025\/05\/700-evo-destra.jpg","width":1400,"height":1400,"caption":"700-evo-destra"},{"@type":"BreadcrumbList","@id":"https:\/\/www.sestogrado.it\/en\/prodotto\/camp-ed-700-evo-essential-saccoletto-sacco-a-pelo\/#breadcrumb","itemListElement":[{"@type":"ListItem","position":1,"name":"Home","item":"https:\/\/www.sestogrado.it\/en\/"},{"@type":"ListItem","position":2,"name":"Shop","item":"https:\/\/www.sestogrado.it\/en\/shop\/"},{"@type":"ListItem","position":3,"name":"Camp ED 700 EVO essential saccoletto sacco a pelo"}]},{"@type":"WebSite","@id":"https:\/\/www.sestogrado.it\/en\/#website","url":"https:\/\/www.sestogrado.it\/en\/","name":"Sestogrado","description":"yes we climb","publisher":{"@id":"https:\/\/www.sestogrado.it\/en\/#organization"},"potentialAction":[{"@type":"SearchAction","target":{"@type":"EntryPoint","urlTemplate":"https:\/\/www.sestogrado.it\/en\/?s={search_term_string}"},"query-input":{"@type":"PropertyValueSpecification","valueRequired":true,"valueName":"search_term_string"}}],"inLanguage":"en-US"},{"@type":"Organization","@id":"https:\/\/www.sestogrado.it\/en\/#organization","name":"Sestogrado","url":"https:\/\/www.sestogrado.it\/en\/","logo":{"@type":"ImageObject","inLanguage":"en-US","@id":"https:\/\/www.sestogrado.it\/en\/#\/schema\/logo\/image\/","url":"https:\/\/www.sestogrado.it\/wp-content\/uploads\/2015\/03\/sestogrado-favicon.png","contentUrl":"https:\/\/www.sestogrado.it\/wp-content\/uploads\/2015\/03\/sestogrado-favicon.png","width":260,"height":260,"caption":"Sestogrado"},"image":{"@id":"https:\/\/www.sestogrado.it\/en\/#\/schema\/logo\/image\/"},"sameAs":["https:\/\/www.facebook.com\/pages\/Sestogrado\/1542635979353017?ref=bookmarks","https:\/\/www.youtube.com\/channel\/UC847kAfTkaJsWpc1jtQwr3Q"],"hasMerchantReturnPolicy":{"@type":"MerchantReturnPolicy","merchantReturnLink":"https:\/\/www.sestogrado.it\/en\/termini-e-condizioni\/"}}]},"product_brand":"Camp","og_availability":"instock","product_availability":"instock","product_condition":"new"},"_links":{"self":[{"href":"https:\/\/www.sestogrado.it\/en\/wp-json\/wp\/v2\/product\/191087","targetHints":{"allow":["GET"]}}],"collection":[{"href":"https:\/\/www.sestogrado.it\/en\/wp-json\/wp\/v2\/product"}],"about":[{"href":"https:\/\/www.sestogrado.it\/en\/wp-json\/wp\/v2\/types\/product"}],"replies":[{"embeddable":true,"href":"https:\/\/www.sestogrado.it\/en\/wp-json\/wp\/v2\/comments?post=191087"}],"wp:featuredmedia":[{"embeddable":true,"href":"https:\/\/www.sestogrado.it\/en\/wp-json\/wp\/v2\/media\/191090"}],"wp:attachment":[{"href":"https:\/\/www.sestogrado.it\/en\/wp-json\/wp\/v2\/media?parent=191087"}],"wp:term":[{"taxonomy":"product_brand","embeddable":true,"href":"https:\/\/www.sestogrado.it\/en\/wp-json\/wp\/v2\/product_brand?post=191087"},{"taxonomy":"product_cat","embeddable":true,"href":"https:\/\/www.sestogrado.it\/en\/wp-json\/wp\/v2\/product_cat?post=191087"},{"taxonomy":"product_tag","embeddable":true,"href":"https:\/\/www.sestogrado.it\/en\/wp-json\/wp\/v2\/product_tag?post=191087"}],"curies":[{"name":"wp","href":"https:\/\/api.w.org\/{rel}","templated":true}]}}