{"id":191004,"date":"2025-05-08T12:38:00","date_gmt":"2025-05-08T10:38:00","guid":{"rendered":"https:\/\/www.sestogrado.it\/?post_type=product&#038;p=191004"},"modified":"2026-03-26T09:42:22","modified_gmt":"2026-03-26T08:42:22","slug":"camp-ed-300-evo-essential-saccoletto-sacco-a-pelo","status":"publish","type":"product","link":"https:\/\/www.sestogrado.it\/en\/prodotto\/camp-ed-300-evo-essential-saccoletto-sacco-a-pelo\/","title":{"rendered":"Camp ED 300 EVO essential saccoletto sacco a pelo"},"content":{"rendered":"<p class=\"qtranxs-available-languages-message qtranxs-available-languages-message-en\">Sorry, this entry is only available in <a href=\"https:\/\/www.sestogrado.it\/it\/wp-json\/wp\/v2\/product\/191004\" class=\"qtranxs-available-language-link qtranxs-available-language-link-it\" title=\"Italiano\">Italiano<\/a>.<\/p>","protected":false},"excerpt":{"rendered":"<p>Sorry, this entry is only available in Italiano.<\/p>\n","protected":false},"featured_media":191008,"comment_status":"open","ping_status":"closed","template":"","meta":{"_acf_changed":false},"product_brand":[31],"product_cat":[577],"product_tag":[],"class_list":{"0":"post-191004","1":"product","2":"type-product","3":"status-publish","4":"has-post-thumbnail","6":"product_brand-camp","7":"product_cat-sacchi-a-pelo","9":"first","10":"instock","11":"sale","12":"taxable","13":"shipping-taxable","14":"purchasable","15":"product-type-variable"},"acf":[],"yoast_head":"<!-- This site is optimized with the Yoast SEO plugin v26.4 - https:\/\/yoast.com\/wordpress\/plugins\/seo\/ -->\n<title>Camp ED 300 EVO essential saccoletto sacco a pelo - Sestogrado<\/title>\n<meta name=\"description\" content=\"Il Camp ED 300 EVO \u00e8 un sacco letto della linea Essential, in piumino d&#039;oca, realizzato con un design di alto livello e qualit\u00e0 superiore dei materiali impiegati, per dare massima termicit\u00e0 in poco spazio. La versione EVO \u00e8 dotata di un design di alto livello, con una forma che segue esattamente quella del corpo ed una capacit\u00e0 termica che si adatta alle esigenze pi\u00f9 tecniche.Design di alto livello e qualit\u00e0 superiore dei materiali impiegati: ecco i motivi che rendono questa linea veramente unica. L\u2019imbottitura in piumino d\u2019anatra e il tessuto Araneum offrono la miglior combinazione di termicit\u00e0, leggerezza e volume. I sacchiletto ED Evo sono ideali quando occorre ridurre il peso al minimo grazie alla forma, alla costruzione del cappuccio e alla zip laterale corta. La lunghezza di 210 cm, che non compromette la compattezza del prodotto ripiegato, garantisce un buon comfort anche alle persone pi\u00f9 alte. La custodia \u00e8 multiuso, pensata per fare anche da Storage Bag. Il sistema di apertura-chiusura Roll-up la rende particolarmente ampia, mentre il sistema di fettucce con fibbie permette di ridurne ulteriormente il volume.\" \/>\n<meta name=\"robots\" content=\"index, follow, max-snippet:-1, max-image-preview:large, max-video-preview:-1\" \/>\n<link rel=\"canonical\" href=\"https:\/\/www.sestogrado.it\/en\/prodotto\/camp-ed-300-evo-essential-saccoletto-sacco-a-pelo\/\" \/>\n<meta property=\"og:locale\" content=\"en_US\" \/>\n<meta property=\"og:type\" content=\"article\" \/>\n<meta property=\"og:title\" content=\"Camp ED 300 EVO essential saccoletto sacco a pelo - Sestogrado\" \/>\n<meta property=\"og:description\" content=\"Il Camp ED 300 EVO \u00e8 un sacco letto della linea Essential, in piumino d&#039;oca, realizzato con un design di alto livello e qualit\u00e0 superiore dei materiali impiegati, per dare massima termicit\u00e0 in poco spazio. La versione EVO \u00e8 dotata di un design di alto livello, con una forma che segue esattamente quella del corpo ed una capacit\u00e0 termica che si adatta alle esigenze pi\u00f9 tecniche.Design di alto livello e qualit\u00e0 superiore dei materiali impiegati: ecco i motivi che rendono questa linea veramente unica. L\u2019imbottitura in piumino d\u2019anatra e il tessuto Araneum offrono la miglior combinazione di termicit\u00e0, leggerezza e volume. I sacchiletto ED Evo sono ideali quando occorre ridurre il peso al minimo grazie alla forma, alla costruzione del cappuccio e alla zip laterale corta. La lunghezza di 210 cm, che non compromette la compattezza del prodotto ripiegato, garantisce un buon comfort anche alle persone pi\u00f9 alte. La custodia \u00e8 multiuso, pensata per fare anche da Storage Bag. Il sistema di apertura-chiusura Roll-up la rende particolarmente ampia, mentre il sistema di fettucce con fibbie permette di ridurne ulteriormente il volume.\" \/>\n<meta property=\"og:url\" content=\"https:\/\/www.sestogrado.it\/en\/prodotto\/camp-ed-300-evo-essential-saccoletto-sacco-a-pelo\/\" \/>\n<meta property=\"og:site_name\" content=\"Sestogrado\" \/>\n<meta property=\"article:publisher\" content=\"https:\/\/www.facebook.com\/pages\/Sestogrado\/1542635979353017?ref=bookmarks\" \/>\n<meta property=\"article:modified_time\" content=\"2026-03-26T08:42:22+00:00\" \/>\n<meta property=\"og:image\" content=\"https:\/\/www.sestogrado.it\/wp-content\/uploads\/2025\/05\/300-evo-destra.jpg\" \/>\n\t<meta property=\"og:image:width\" content=\"1400\" \/>\n\t<meta property=\"og:image:height\" content=\"1400\" \/>\n\t<meta property=\"og:image:type\" content=\"image\/jpeg\" \/>\n<meta name=\"twitter:label1\" content=\"Availability\" \/>\n\t<meta name=\"twitter:data1\" content=\"In stock\" \/>\n<script type=\"application\/ld+json\" class=\"yoast-schema-graph\">{\"@context\":\"https:\/\/schema.org\",\"@graph\":[{\"@type\":\"WebPage\",\"@id\":\"https:\/\/www.sestogrado.it\/en\/prodotto\/camp-ed-300-evo-essential-saccoletto-sacco-a-pelo\/\",\"url\":\"https:\/\/www.sestogrado.it\/en\/prodotto\/camp-ed-300-evo-essential-saccoletto-sacco-a-pelo\/\",\"name\":\"Camp ED 300 EVO essential saccoletto sacco a pelo - Sestogrado\",\"isPartOf\":{\"@id\":\"https:\/\/www.sestogrado.it\/en\/#website\"},\"primaryImageOfPage\":{\"@id\":\"https:\/\/www.sestogrado.it\/en\/prodotto\/camp-ed-300-evo-essential-saccoletto-sacco-a-pelo\/#primaryimage\"},\"image\":{\"@id\":\"https:\/\/www.sestogrado.it\/prodotto\/camp-ed-300-evo-essential-saccoletto-sacco-a-pelo\/#primaryimage\"},\"thumbnailUrl\":\"https:\/\/www.sestogrado.it\/wp-content\/uploads\/2025\/05\/300-evo-destra.jpg\",\"datePublished\":\"2025-05-08T10:38:00+00:00\",\"dateModified\":\"2026-03-26T08:42:22+00:00\",\"description\":\"Il Camp ED 300 EVO \u00e8 un sacco letto della linea Essential, in piumino d'oca, realizzato con un design di alto livello e qualit\u00e0 superiore dei materiali impiegati, per dare massima termicit\u00e0 in poco spazio. La versione EVO \u00e8 dotata di un design di alto livello, con una forma che segue esattamente quella del corpo ed una capacit\u00e0 termica che si adatta alle esigenze pi\u00f9 tecniche.Design di alto livello e qualit\u00e0 superiore dei materiali impiegati: ecco i motivi che rendono questa linea veramente unica. L\u2019imbottitura in piumino d\u2019anatra e il tessuto Araneum offrono la miglior combinazione di termicit\u00e0, leggerezza e volume. I sacchiletto ED Evo sono ideali quando occorre ridurre il peso al minimo grazie alla forma, alla costruzione del cappuccio e alla zip laterale corta. La lunghezza di 210 cm, che non compromette la compattezza del prodotto ripiegato, garantisce un buon comfort anche alle persone pi\u00f9 alte. La custodia \u00e8 multiuso, pensata per fare anche da Storage Bag. Il sistema di apertura-chiusura Roll-up la rende particolarmente ampia, mentre il sistema di fettucce con fibbie permette di ridurne ulteriormente il volume.\",\"breadcrumb\":{\"@id\":\"https:\/\/www.sestogrado.it\/en\/prodotto\/camp-ed-300-evo-essential-saccoletto-sacco-a-pelo\/#breadcrumb\"},\"inLanguage\":\"en-US\",\"potentialAction\":[{\"@type\":\"ReadAction\",\"target\":[[\"https:\/\/www.sestogrado.it\/en\/prodotto\/camp-ed-300-evo-essential-saccoletto-sacco-a-pelo\/\"]]}]},{\"@type\":\"ImageObject\",\"inLanguage\":\"en-US\",\"@id\":\"https:\/\/www.sestogrado.it\/en\/prodotto\/camp-ed-300-evo-essential-saccoletto-sacco-a-pelo\/#primaryimage\",\"url\":\"https:\/\/www.sestogrado.it\/wp-content\/uploads\/2025\/05\/300-evo-destra.jpg\",\"contentUrl\":\"https:\/\/www.sestogrado.it\/wp-content\/uploads\/2025\/05\/300-evo-destra.jpg\",\"width\":1400,\"height\":1400,\"caption\":\"300-evo-destra\"},{\"@type\":\"BreadcrumbList\",\"@id\":\"https:\/\/www.sestogrado.it\/en\/prodotto\/camp-ed-300-evo-essential-saccoletto-sacco-a-pelo\/#breadcrumb\",\"itemListElement\":[{\"@type\":\"ListItem\",\"position\":1,\"name\":\"Home\",\"item\":\"https:\/\/www.sestogrado.it\/en\/\"},{\"@type\":\"ListItem\",\"position\":2,\"name\":\"Shop\",\"item\":\"https:\/\/www.sestogrado.it\/en\/shop\/\"},{\"@type\":\"ListItem\",\"position\":3,\"name\":\"Camp ED 300 EVO essential saccoletto sacco a pelo\"}]},{\"@type\":\"WebSite\",\"@id\":\"https:\/\/www.sestogrado.it\/en\/#website\",\"url\":\"https:\/\/www.sestogrado.it\/en\/\",\"name\":\"Sestogrado\",\"description\":\"yes we climb\",\"publisher\":{\"@id\":\"https:\/\/www.sestogrado.it\/en\/#organization\"},\"potentialAction\":[{\"@type\":\"SearchAction\",\"target\":{\"@type\":\"EntryPoint\",\"urlTemplate\":\"https:\/\/www.sestogrado.it\/en\/?s={search_term_string}\"},\"query-input\":{\"@type\":\"PropertyValueSpecification\",\"valueRequired\":true,\"valueName\":\"search_term_string\"}}],\"inLanguage\":\"en-US\"},{\"@type\":\"Organization\",\"@id\":\"https:\/\/www.sestogrado.it\/en\/#organization\",\"name\":\"Sestogrado\",\"url\":\"https:\/\/www.sestogrado.it\/en\/\",\"logo\":{\"@type\":\"ImageObject\",\"inLanguage\":\"en-US\",\"@id\":\"https:\/\/www.sestogrado.it\/en\/#\/schema\/logo\/image\/\",\"url\":\"https:\/\/www.sestogrado.it\/wp-content\/uploads\/2015\/03\/sestogrado-favicon.png\",\"contentUrl\":\"https:\/\/www.sestogrado.it\/wp-content\/uploads\/2015\/03\/sestogrado-favicon.png\",\"width\":260,\"height\":260,\"caption\":\"Sestogrado\"},\"image\":{\"@id\":\"https:\/\/www.sestogrado.it\/en\/#\/schema\/logo\/image\/\"},\"sameAs\":[\"https:\/\/www.facebook.com\/pages\/Sestogrado\/1542635979353017?ref=bookmarks\",\"https:\/\/www.youtube.com\/channel\/UC847kAfTkaJsWpc1jtQwr3Q\"],\"hasMerchantReturnPolicy\":{\"@type\":\"MerchantReturnPolicy\",\"merchantReturnLink\":\"https:\/\/www.sestogrado.it\/en\/termini-e-condizioni\/\"}}]}<\/script>\n<meta property=\"product:brand\" content=\"Camp\" \/>\n<meta property=\"og:availability\" content=\"instock\" \/>\n<meta property=\"product:availability\" content=\"instock\" \/>\n<meta property=\"product:condition\" content=\"new\" \/>\n<!-- \/ Yoast SEO plugin. -->","yoast_head_json":{"title":"Camp ED 300 EVO essential saccoletto sacco a pelo - Sestogrado","description":"Il Camp ED 300 EVO \u00e8 un sacco letto della linea Essential, in piumino d'oca, realizzato con un design di alto livello e qualit\u00e0 superiore dei materiali impiegati, per dare massima termicit\u00e0 in poco spazio. La versione EVO \u00e8 dotata di un design di alto livello, con una forma che segue esattamente quella del corpo ed una capacit\u00e0 termica che si adatta alle esigenze pi\u00f9 tecniche.Design di alto livello e qualit\u00e0 superiore dei materiali impiegati: ecco i motivi che rendono questa linea veramente unica. L\u2019imbottitura in piumino d\u2019anatra e il tessuto Araneum offrono la miglior combinazione di termicit\u00e0, leggerezza e volume. I sacchiletto ED Evo sono ideali quando occorre ridurre il peso al minimo grazie alla forma, alla costruzione del cappuccio e alla zip laterale corta. La lunghezza di 210 cm, che non compromette la compattezza del prodotto ripiegato, garantisce un buon comfort anche alle persone pi\u00f9 alte. La custodia \u00e8 multiuso, pensata per fare anche da Storage Bag. Il sistema di apertura-chiusura Roll-up la rende particolarmente ampia, mentre il sistema di fettucce con fibbie permette di ridurne ulteriormente il volume.","robots":{"index":"index","follow":"follow","max-snippet":"max-snippet:-1","max-image-preview":"max-image-preview:large","max-video-preview":"max-video-preview:-1"},"canonical":"https:\/\/www.sestogrado.it\/en\/prodotto\/camp-ed-300-evo-essential-saccoletto-sacco-a-pelo\/","og_locale":"en_US","og_type":"article","og_title":"Camp ED 300 EVO essential saccoletto sacco a pelo - Sestogrado","og_description":"Il Camp ED 300 EVO \u00e8 un sacco letto della linea Essential, in piumino d'oca, realizzato con un design di alto livello e qualit\u00e0 superiore dei materiali impiegati, per dare massima termicit\u00e0 in poco spazio. La versione EVO \u00e8 dotata di un design di alto livello, con una forma che segue esattamente quella del corpo ed una capacit\u00e0 termica che si adatta alle esigenze pi\u00f9 tecniche.Design di alto livello e qualit\u00e0 superiore dei materiali impiegati: ecco i motivi che rendono questa linea veramente unica. L\u2019imbottitura in piumino d\u2019anatra e il tessuto Araneum offrono la miglior combinazione di termicit\u00e0, leggerezza e volume. I sacchiletto ED Evo sono ideali quando occorre ridurre il peso al minimo grazie alla forma, alla costruzione del cappuccio e alla zip laterale corta. La lunghezza di 210 cm, che non compromette la compattezza del prodotto ripiegato, garantisce un buon comfort anche alle persone pi\u00f9 alte. La custodia \u00e8 multiuso, pensata per fare anche da Storage Bag. Il sistema di apertura-chiusura Roll-up la rende particolarmente ampia, mentre il sistema di fettucce con fibbie permette di ridurne ulteriormente il volume.","og_url":"https:\/\/www.sestogrado.it\/en\/prodotto\/camp-ed-300-evo-essential-saccoletto-sacco-a-pelo\/","og_site_name":"Sestogrado","article_publisher":"https:\/\/www.facebook.com\/pages\/Sestogrado\/1542635979353017?ref=bookmarks","article_modified_time":"2026-03-26T08:42:22+00:00","og_image":[{"width":1400,"height":1400,"url":"https:\/\/www.sestogrado.it\/wp-content\/uploads\/2025\/05\/300-evo-destra.jpg","type":"image\/jpeg"}],"twitter_misc":{"Availability":"In stock"},"schema":{"@context":"https:\/\/schema.org","@graph":[{"@type":"WebPage","@id":"https:\/\/www.sestogrado.it\/en\/prodotto\/camp-ed-300-evo-essential-saccoletto-sacco-a-pelo\/","url":"https:\/\/www.sestogrado.it\/en\/prodotto\/camp-ed-300-evo-essential-saccoletto-sacco-a-pelo\/","name":"Camp ED 300 EVO essential saccoletto sacco a pelo - Sestogrado","isPartOf":{"@id":"https:\/\/www.sestogrado.it\/en\/#website"},"primaryImageOfPage":{"@id":"https:\/\/www.sestogrado.it\/en\/prodotto\/camp-ed-300-evo-essential-saccoletto-sacco-a-pelo\/#primaryimage"},"image":{"@id":"https:\/\/www.sestogrado.it\/prodotto\/camp-ed-300-evo-essential-saccoletto-sacco-a-pelo\/#primaryimage"},"thumbnailUrl":"https:\/\/www.sestogrado.it\/wp-content\/uploads\/2025\/05\/300-evo-destra.jpg","datePublished":"2025-05-08T10:38:00+00:00","dateModified":"2026-03-26T08:42:22+00:00","description":"Il Camp ED 300 EVO \u00e8 un sacco letto della linea Essential, in piumino d'oca, realizzato con un design di alto livello e qualit\u00e0 superiore dei materiali impiegati, per dare massima termicit\u00e0 in poco spazio. La versione EVO \u00e8 dotata di un design di alto livello, con una forma che segue esattamente quella del corpo ed una capacit\u00e0 termica che si adatta alle esigenze pi\u00f9 tecniche.Design di alto livello e qualit\u00e0 superiore dei materiali impiegati: ecco i motivi che rendono questa linea veramente unica. L\u2019imbottitura in piumino d\u2019anatra e il tessuto Araneum offrono la miglior combinazione di termicit\u00e0, leggerezza e volume. I sacchiletto ED Evo sono ideali quando occorre ridurre il peso al minimo grazie alla forma, alla costruzione del cappuccio e alla zip laterale corta. La lunghezza di 210 cm, che non compromette la compattezza del prodotto ripiegato, garantisce un buon comfort anche alle persone pi\u00f9 alte. La custodia \u00e8 multiuso, pensata per fare anche da Storage Bag. Il sistema di apertura-chiusura Roll-up la rende particolarmente ampia, mentre il sistema di fettucce con fibbie permette di ridurne ulteriormente il volume.","breadcrumb":{"@id":"https:\/\/www.sestogrado.it\/en\/prodotto\/camp-ed-300-evo-essential-saccoletto-sacco-a-pelo\/#breadcrumb"},"inLanguage":"en-US","potentialAction":[{"@type":"ReadAction","target":[["https:\/\/www.sestogrado.it\/en\/prodotto\/camp-ed-300-evo-essential-saccoletto-sacco-a-pelo\/"]]}]},{"@type":"ImageObject","inLanguage":"en-US","@id":"https:\/\/www.sestogrado.it\/en\/prodotto\/camp-ed-300-evo-essential-saccoletto-sacco-a-pelo\/#primaryimage","url":"https:\/\/www.sestogrado.it\/wp-content\/uploads\/2025\/05\/300-evo-destra.jpg","contentUrl":"https:\/\/www.sestogrado.it\/wp-content\/uploads\/2025\/05\/300-evo-destra.jpg","width":1400,"height":1400,"caption":"300-evo-destra"},{"@type":"BreadcrumbList","@id":"https:\/\/www.sestogrado.it\/en\/prodotto\/camp-ed-300-evo-essential-saccoletto-sacco-a-pelo\/#breadcrumb","itemListElement":[{"@type":"ListItem","position":1,"name":"Home","item":"https:\/\/www.sestogrado.it\/en\/"},{"@type":"ListItem","position":2,"name":"Shop","item":"https:\/\/www.sestogrado.it\/en\/shop\/"},{"@type":"ListItem","position":3,"name":"Camp ED 300 EVO essential saccoletto sacco a pelo"}]},{"@type":"WebSite","@id":"https:\/\/www.sestogrado.it\/en\/#website","url":"https:\/\/www.sestogrado.it\/en\/","name":"Sestogrado","description":"yes we climb","publisher":{"@id":"https:\/\/www.sestogrado.it\/en\/#organization"},"potentialAction":[{"@type":"SearchAction","target":{"@type":"EntryPoint","urlTemplate":"https:\/\/www.sestogrado.it\/en\/?s={search_term_string}"},"query-input":{"@type":"PropertyValueSpecification","valueRequired":true,"valueName":"search_term_string"}}],"inLanguage":"en-US"},{"@type":"Organization","@id":"https:\/\/www.sestogrado.it\/en\/#organization","name":"Sestogrado","url":"https:\/\/www.sestogrado.it\/en\/","logo":{"@type":"ImageObject","inLanguage":"en-US","@id":"https:\/\/www.sestogrado.it\/en\/#\/schema\/logo\/image\/","url":"https:\/\/www.sestogrado.it\/wp-content\/uploads\/2015\/03\/sestogrado-favicon.png","contentUrl":"https:\/\/www.sestogrado.it\/wp-content\/uploads\/2015\/03\/sestogrado-favicon.png","width":260,"height":260,"caption":"Sestogrado"},"image":{"@id":"https:\/\/www.sestogrado.it\/en\/#\/schema\/logo\/image\/"},"sameAs":["https:\/\/www.facebook.com\/pages\/Sestogrado\/1542635979353017?ref=bookmarks","https:\/\/www.youtube.com\/channel\/UC847kAfTkaJsWpc1jtQwr3Q"],"hasMerchantReturnPolicy":{"@type":"MerchantReturnPolicy","merchantReturnLink":"https:\/\/www.sestogrado.it\/en\/termini-e-condizioni\/"}}]},"product_brand":"Camp","og_availability":"instock","product_availability":"instock","product_condition":"new"},"_links":{"self":[{"href":"https:\/\/www.sestogrado.it\/en\/wp-json\/wp\/v2\/product\/191004","targetHints":{"allow":["GET"]}}],"collection":[{"href":"https:\/\/www.sestogrado.it\/en\/wp-json\/wp\/v2\/product"}],"about":[{"href":"https:\/\/www.sestogrado.it\/en\/wp-json\/wp\/v2\/types\/product"}],"replies":[{"embeddable":true,"href":"https:\/\/www.sestogrado.it\/en\/wp-json\/wp\/v2\/comments?post=191004"}],"wp:featuredmedia":[{"embeddable":true,"href":"https:\/\/www.sestogrado.it\/en\/wp-json\/wp\/v2\/media\/191008"}],"wp:attachment":[{"href":"https:\/\/www.sestogrado.it\/en\/wp-json\/wp\/v2\/media?parent=191004"}],"wp:term":[{"taxonomy":"product_brand","embeddable":true,"href":"https:\/\/www.sestogrado.it\/en\/wp-json\/wp\/v2\/product_brand?post=191004"},{"taxonomy":"product_cat","embeddable":true,"href":"https:\/\/www.sestogrado.it\/en\/wp-json\/wp\/v2\/product_cat?post=191004"},{"taxonomy":"product_tag","embeddable":true,"href":"https:\/\/www.sestogrado.it\/en\/wp-json\/wp\/v2\/product_tag?post=191004"}],"curies":[{"name":"wp","href":"https:\/\/api.w.org\/{rel}","templated":true}]}}