{"id":190655,"date":"2025-05-05T11:41:55","date_gmt":"2025-05-05T09:41:55","guid":{"rendered":"https:\/\/www.sestogrado.it\/?post_type=product&#038;p=190655"},"modified":"2026-03-14T20:51:54","modified_gmt":"2026-03-14T19:51:54","slug":"ferrino-estella-40-zaino-da-escursionismo-e-hiking","status":"publish","type":"product","link":"https:\/\/www.sestogrado.it\/en\/prodotto\/ferrino-estella-40-zaino-da-escursionismo-e-hiking\/","title":{"rendered":"Ferrino Estella 40 zaino da escursionismo e hiking"},"content":{"rendered":"<p>Ferrino Finisterre 38 is Ferrino&#8217;s iconic hiking backpack, completely renewed in materials and equipment to offer hikers an increasingly satisfying travel experience. The multiple pockets and the lower separator allow you to better organize the material and always have everything at hand. The backrest has been further lightened, ensuring the exceptional ventilation and transport comfort that have always characterized this model.<\/p>\n<ul>\n<li>Fabrics: 100% recycled 420D Honeycomb<\/li>\n<li>Back: Back with &#8220;Dry Net System&#8221;: the flexible steel rod, in addition to ensuring perfect load distribution, allows you to tension the net that separates the backpack from the user&#8217;s back, ensuring a high level of ventilation<\/li>\n<li>Pockets: On the hood | Security | Front | Side gussets with zip | On band for life | Internal on the back<\/li>\n<li>Lower separator<\/li>\n<li>2 Poles \/ ice ax holder<\/li>\n<li>Quick stick holder<\/li>\n<li>Side compression tapes<\/li>\n<li>Front material holder (with additional ribbons)<\/li>\n<li>Bag cover included<\/li>\n<li>Compatible with the H2 Bag hydration system<\/li>\n<\/ul>\n<p><\/p>","protected":false},"excerpt":{"rendered":"<p>Ferrino Finisterre 38 is Ferrino&#8217;s iconic hiking backpack, completely renewed in materials and equipment to offer hikers an increasingly satisfying [&hellip;]<\/p>\n","protected":false},"featured_media":190661,"comment_status":"open","ping_status":"closed","template":"","meta":{"_acf_changed":false},"product_brand":[614],"product_cat":[1432],"product_tag":[455],"class_list":{"0":"post-190655","1":"product","2":"type-product","3":"status-publish","4":"has-post-thumbnail","6":"product_brand-ferrino","7":"product_cat-escursionismo","8":"product_tag-zaino-alpinismo","10":"first","11":"instock","12":"sale","13":"taxable","14":"shipping-taxable","15":"purchasable","16":"product-type-variable"},"acf":[],"yoast_head":"<!-- This site is optimized with the Yoast SEO plugin v26.4 - https:\/\/yoast.com\/wordpress\/plugins\/seo\/ -->\n<title>Ferrino Estella 40 zaino da escursionismo e hiking - Sestogrado<\/title>\n<meta name=\"description\" content=\"Lo zaino da hiking Ferrino Estella 40 \u00e8 pensato per accompagnarti in ogni escursione con funzionalit\u00e0, comfort e sostenibilit\u00e0. Con una capacit\u00e0 ottimale per uscite di uno o pi\u00f9 giorni, \u00e8 l\u2019alleato perfetto per chi cerca uno zaino tecnico ma pratico. Grazie alla sua struttura ben organizzata, con numerose tasche \u2013 tra cui frontale, laterali, sul cappuccio e interna \u2013 consente di gestire al meglio l\u2019attrezzatura, tenendo tutto a portata di mano. Il sistema di schienale Dry Net System con telaio in acciaio flessibile garantisce una distribuzione ottimale del carico e una ventilazione continua, riducendo la sudorazione anche durante i percorsi pi\u00f9 intensi. Realizzato in poliestere ripstop 210D 100% riciclato, unisce resistenza e attenzione all\u2019ambiente. Progettato per offrire massima funzionalit\u00e0 anche su lunghi percorsi, unisce comfort, aerazione e sostenibilit\u00e0.\" \/>\n<meta name=\"robots\" content=\"index, follow, max-snippet:-1, max-image-preview:large, max-video-preview:-1\" \/>\n<link rel=\"canonical\" href=\"https:\/\/www.sestogrado.it\/en\/prodotto\/ferrino-estella-40-zaino-da-escursionismo-e-hiking\/\" \/>\n<meta property=\"og:locale\" content=\"en_US\" \/>\n<meta property=\"og:type\" content=\"article\" \/>\n<meta property=\"og:title\" content=\"Ferrino Estella 40 zaino da escursionismo e hiking - Sestogrado\" \/>\n<meta property=\"og:description\" content=\"Lo zaino da hiking Ferrino Estella 40 \u00e8 pensato per accompagnarti in ogni escursione con funzionalit\u00e0, comfort e sostenibilit\u00e0. Con una capacit\u00e0 ottimale per uscite di uno o pi\u00f9 giorni, \u00e8 l\u2019alleato perfetto per chi cerca uno zaino tecnico ma pratico. Grazie alla sua struttura ben organizzata, con numerose tasche \u2013 tra cui frontale, laterali, sul cappuccio e interna \u2013 consente di gestire al meglio l\u2019attrezzatura, tenendo tutto a portata di mano. Il sistema di schienale Dry Net System con telaio in acciaio flessibile garantisce una distribuzione ottimale del carico e una ventilazione continua, riducendo la sudorazione anche durante i percorsi pi\u00f9 intensi. Realizzato in poliestere ripstop 210D 100% riciclato, unisce resistenza e attenzione all\u2019ambiente. Progettato per offrire massima funzionalit\u00e0 anche su lunghi percorsi, unisce comfort, aerazione e sostenibilit\u00e0.\" \/>\n<meta property=\"og:url\" content=\"https:\/\/www.sestogrado.it\/en\/prodotto\/ferrino-estella-40-zaino-da-escursionismo-e-hiking\/\" \/>\n<meta property=\"og:site_name\" content=\"Sestogrado\" \/>\n<meta property=\"article:publisher\" content=\"https:\/\/www.facebook.com\/pages\/Sestogrado\/1542635979353017?ref=bookmarks\" \/>\n<meta property=\"article:modified_time\" content=\"2026-03-14T19:51:54+00:00\" \/>\n<meta property=\"og:image\" content=\"https:\/\/www.sestogrado.it\/wp-content\/uploads\/2025\/05\/01.jpg\" \/>\n\t<meta property=\"og:image:width\" content=\"1200\" \/>\n\t<meta property=\"og:image:height\" content=\"1200\" \/>\n\t<meta property=\"og:image:type\" content=\"image\/jpeg\" \/>\n<meta name=\"twitter:label1\" content=\"Availability\" \/>\n\t<meta name=\"twitter:data1\" content=\"In stock\" \/>\n<script type=\"application\/ld+json\" class=\"yoast-schema-graph\">{\"@context\":\"https:\/\/schema.org\",\"@graph\":[{\"@type\":\"WebPage\",\"@id\":\"https:\/\/www.sestogrado.it\/en\/prodotto\/ferrino-estella-40-zaino-da-escursionismo-e-hiking\/\",\"url\":\"https:\/\/www.sestogrado.it\/en\/prodotto\/ferrino-estella-40-zaino-da-escursionismo-e-hiking\/\",\"name\":\"Ferrino Estella 40 zaino da escursionismo e hiking - Sestogrado\",\"isPartOf\":{\"@id\":\"https:\/\/www.sestogrado.it\/en\/#website\"},\"primaryImageOfPage\":{\"@id\":\"https:\/\/www.sestogrado.it\/en\/prodotto\/ferrino-estella-40-zaino-da-escursionismo-e-hiking\/#primaryimage\"},\"image\":{\"@id\":\"https:\/\/www.sestogrado.it\/prodotto\/ferrino-estella-40-zaino-da-escursionismo-e-hiking\/#primaryimage\"},\"thumbnailUrl\":\"https:\/\/www.sestogrado.it\/wp-content\/uploads\/2025\/05\/01.jpg\",\"datePublished\":\"2025-05-05T09:41:55+00:00\",\"dateModified\":\"2026-03-14T19:51:54+00:00\",\"description\":\"Lo zaino da hiking Ferrino Estella 40 \u00e8 pensato per accompagnarti in ogni escursione con funzionalit\u00e0, comfort e sostenibilit\u00e0. Con una capacit\u00e0 ottimale per uscite di uno o pi\u00f9 giorni, \u00e8 l\u2019alleato perfetto per chi cerca uno zaino tecnico ma pratico. Grazie alla sua struttura ben organizzata, con numerose tasche \u2013 tra cui frontale, laterali, sul cappuccio e interna \u2013 consente di gestire al meglio l\u2019attrezzatura, tenendo tutto a portata di mano. Il sistema di schienale Dry Net System con telaio in acciaio flessibile garantisce una distribuzione ottimale del carico e una ventilazione continua, riducendo la sudorazione anche durante i percorsi pi\u00f9 intensi. Realizzato in poliestere ripstop 210D 100% riciclato, unisce resistenza e attenzione all\u2019ambiente. Progettato per offrire massima funzionalit\u00e0 anche su lunghi percorsi, unisce comfort, aerazione e sostenibilit\u00e0.\",\"breadcrumb\":{\"@id\":\"https:\/\/www.sestogrado.it\/en\/prodotto\/ferrino-estella-40-zaino-da-escursionismo-e-hiking\/#breadcrumb\"},\"inLanguage\":\"en-US\",\"potentialAction\":[{\"@type\":\"ReadAction\",\"target\":[[\"https:\/\/www.sestogrado.it\/en\/prodotto\/ferrino-estella-40-zaino-da-escursionismo-e-hiking\/\"]]}]},{\"@type\":\"ImageObject\",\"inLanguage\":\"en-US\",\"@id\":\"https:\/\/www.sestogrado.it\/en\/prodotto\/ferrino-estella-40-zaino-da-escursionismo-e-hiking\/#primaryimage\",\"url\":\"https:\/\/www.sestogrado.it\/wp-content\/uploads\/2025\/05\/01.jpg\",\"contentUrl\":\"https:\/\/www.sestogrado.it\/wp-content\/uploads\/2025\/05\/01.jpg\",\"width\":1200,\"height\":1200,\"caption\":\"estella 40 giallo\"},{\"@type\":\"BreadcrumbList\",\"@id\":\"https:\/\/www.sestogrado.it\/en\/prodotto\/ferrino-estella-40-zaino-da-escursionismo-e-hiking\/#breadcrumb\",\"itemListElement\":[{\"@type\":\"ListItem\",\"position\":1,\"name\":\"Home\",\"item\":\"https:\/\/www.sestogrado.it\/en\/\"},{\"@type\":\"ListItem\",\"position\":2,\"name\":\"Shop\",\"item\":\"https:\/\/www.sestogrado.it\/en\/shop\/\"},{\"@type\":\"ListItem\",\"position\":3,\"name\":\"Ferrino Estella 40 zaino da escursionismo e hiking\"}]},{\"@type\":\"WebSite\",\"@id\":\"https:\/\/www.sestogrado.it\/en\/#website\",\"url\":\"https:\/\/www.sestogrado.it\/en\/\",\"name\":\"Sestogrado\",\"description\":\"yes we climb\",\"publisher\":{\"@id\":\"https:\/\/www.sestogrado.it\/en\/#organization\"},\"potentialAction\":[{\"@type\":\"SearchAction\",\"target\":{\"@type\":\"EntryPoint\",\"urlTemplate\":\"https:\/\/www.sestogrado.it\/en\/?s={search_term_string}\"},\"query-input\":{\"@type\":\"PropertyValueSpecification\",\"valueRequired\":true,\"valueName\":\"search_term_string\"}}],\"inLanguage\":\"en-US\"},{\"@type\":\"Organization\",\"@id\":\"https:\/\/www.sestogrado.it\/en\/#organization\",\"name\":\"Sestogrado\",\"url\":\"https:\/\/www.sestogrado.it\/en\/\",\"logo\":{\"@type\":\"ImageObject\",\"inLanguage\":\"en-US\",\"@id\":\"https:\/\/www.sestogrado.it\/en\/#\/schema\/logo\/image\/\",\"url\":\"https:\/\/www.sestogrado.it\/wp-content\/uploads\/2015\/03\/sestogrado-favicon.png\",\"contentUrl\":\"https:\/\/www.sestogrado.it\/wp-content\/uploads\/2015\/03\/sestogrado-favicon.png\",\"width\":260,\"height\":260,\"caption\":\"Sestogrado\"},\"image\":{\"@id\":\"https:\/\/www.sestogrado.it\/en\/#\/schema\/logo\/image\/\"},\"sameAs\":[\"https:\/\/www.facebook.com\/pages\/Sestogrado\/1542635979353017?ref=bookmarks\",\"https:\/\/www.youtube.com\/channel\/UC847kAfTkaJsWpc1jtQwr3Q\"],\"hasMerchantReturnPolicy\":{\"@type\":\"MerchantReturnPolicy\",\"merchantReturnLink\":\"https:\/\/www.sestogrado.it\/en\/termini-e-condizioni\/\"}}]}<\/script>\n<meta property=\"product:brand\" content=\"Ferrino\" \/>\n<meta property=\"og:availability\" content=\"instock\" \/>\n<meta property=\"product:availability\" content=\"instock\" \/>\n<meta property=\"product:condition\" content=\"new\" \/>\n<!-- \/ Yoast SEO plugin. -->","yoast_head_json":{"title":"Ferrino Estella 40 zaino da escursionismo e hiking - Sestogrado","description":"Lo zaino da hiking Ferrino Estella 40 \u00e8 pensato per accompagnarti in ogni escursione con funzionalit\u00e0, comfort e sostenibilit\u00e0. Con una capacit\u00e0 ottimale per uscite di uno o pi\u00f9 giorni, \u00e8 l\u2019alleato perfetto per chi cerca uno zaino tecnico ma pratico. Grazie alla sua struttura ben organizzata, con numerose tasche \u2013 tra cui frontale, laterali, sul cappuccio e interna \u2013 consente di gestire al meglio l\u2019attrezzatura, tenendo tutto a portata di mano. Il sistema di schienale Dry Net System con telaio in acciaio flessibile garantisce una distribuzione ottimale del carico e una ventilazione continua, riducendo la sudorazione anche durante i percorsi pi\u00f9 intensi. Realizzato in poliestere ripstop 210D 100% riciclato, unisce resistenza e attenzione all\u2019ambiente. Progettato per offrire massima funzionalit\u00e0 anche su lunghi percorsi, unisce comfort, aerazione e sostenibilit\u00e0.","robots":{"index":"index","follow":"follow","max-snippet":"max-snippet:-1","max-image-preview":"max-image-preview:large","max-video-preview":"max-video-preview:-1"},"canonical":"https:\/\/www.sestogrado.it\/en\/prodotto\/ferrino-estella-40-zaino-da-escursionismo-e-hiking\/","og_locale":"en_US","og_type":"article","og_title":"Ferrino Estella 40 zaino da escursionismo e hiking - Sestogrado","og_description":"Lo zaino da hiking Ferrino Estella 40 \u00e8 pensato per accompagnarti in ogni escursione con funzionalit\u00e0, comfort e sostenibilit\u00e0. Con una capacit\u00e0 ottimale per uscite di uno o pi\u00f9 giorni, \u00e8 l\u2019alleato perfetto per chi cerca uno zaino tecnico ma pratico. Grazie alla sua struttura ben organizzata, con numerose tasche \u2013 tra cui frontale, laterali, sul cappuccio e interna \u2013 consente di gestire al meglio l\u2019attrezzatura, tenendo tutto a portata di mano. Il sistema di schienale Dry Net System con telaio in acciaio flessibile garantisce una distribuzione ottimale del carico e una ventilazione continua, riducendo la sudorazione anche durante i percorsi pi\u00f9 intensi. Realizzato in poliestere ripstop 210D 100% riciclato, unisce resistenza e attenzione all\u2019ambiente. Progettato per offrire massima funzionalit\u00e0 anche su lunghi percorsi, unisce comfort, aerazione e sostenibilit\u00e0.","og_url":"https:\/\/www.sestogrado.it\/en\/prodotto\/ferrino-estella-40-zaino-da-escursionismo-e-hiking\/","og_site_name":"Sestogrado","article_publisher":"https:\/\/www.facebook.com\/pages\/Sestogrado\/1542635979353017?ref=bookmarks","article_modified_time":"2026-03-14T19:51:54+00:00","og_image":[{"width":1200,"height":1200,"url":"https:\/\/www.sestogrado.it\/wp-content\/uploads\/2025\/05\/01.jpg","type":"image\/jpeg"}],"twitter_misc":{"Availability":"In stock"},"schema":{"@context":"https:\/\/schema.org","@graph":[{"@type":"WebPage","@id":"https:\/\/www.sestogrado.it\/en\/prodotto\/ferrino-estella-40-zaino-da-escursionismo-e-hiking\/","url":"https:\/\/www.sestogrado.it\/en\/prodotto\/ferrino-estella-40-zaino-da-escursionismo-e-hiking\/","name":"Ferrino Estella 40 zaino da escursionismo e hiking - Sestogrado","isPartOf":{"@id":"https:\/\/www.sestogrado.it\/en\/#website"},"primaryImageOfPage":{"@id":"https:\/\/www.sestogrado.it\/en\/prodotto\/ferrino-estella-40-zaino-da-escursionismo-e-hiking\/#primaryimage"},"image":{"@id":"https:\/\/www.sestogrado.it\/prodotto\/ferrino-estella-40-zaino-da-escursionismo-e-hiking\/#primaryimage"},"thumbnailUrl":"https:\/\/www.sestogrado.it\/wp-content\/uploads\/2025\/05\/01.jpg","datePublished":"2025-05-05T09:41:55+00:00","dateModified":"2026-03-14T19:51:54+00:00","description":"Lo zaino da hiking Ferrino Estella 40 \u00e8 pensato per accompagnarti in ogni escursione con funzionalit\u00e0, comfort e sostenibilit\u00e0. Con una capacit\u00e0 ottimale per uscite di uno o pi\u00f9 giorni, \u00e8 l\u2019alleato perfetto per chi cerca uno zaino tecnico ma pratico. Grazie alla sua struttura ben organizzata, con numerose tasche \u2013 tra cui frontale, laterali, sul cappuccio e interna \u2013 consente di gestire al meglio l\u2019attrezzatura, tenendo tutto a portata di mano. Il sistema di schienale Dry Net System con telaio in acciaio flessibile garantisce una distribuzione ottimale del carico e una ventilazione continua, riducendo la sudorazione anche durante i percorsi pi\u00f9 intensi. Realizzato in poliestere ripstop 210D 100% riciclato, unisce resistenza e attenzione all\u2019ambiente. Progettato per offrire massima funzionalit\u00e0 anche su lunghi percorsi, unisce comfort, aerazione e sostenibilit\u00e0.","breadcrumb":{"@id":"https:\/\/www.sestogrado.it\/en\/prodotto\/ferrino-estella-40-zaino-da-escursionismo-e-hiking\/#breadcrumb"},"inLanguage":"en-US","potentialAction":[{"@type":"ReadAction","target":[["https:\/\/www.sestogrado.it\/en\/prodotto\/ferrino-estella-40-zaino-da-escursionismo-e-hiking\/"]]}]},{"@type":"ImageObject","inLanguage":"en-US","@id":"https:\/\/www.sestogrado.it\/en\/prodotto\/ferrino-estella-40-zaino-da-escursionismo-e-hiking\/#primaryimage","url":"https:\/\/www.sestogrado.it\/wp-content\/uploads\/2025\/05\/01.jpg","contentUrl":"https:\/\/www.sestogrado.it\/wp-content\/uploads\/2025\/05\/01.jpg","width":1200,"height":1200,"caption":"estella 40 giallo"},{"@type":"BreadcrumbList","@id":"https:\/\/www.sestogrado.it\/en\/prodotto\/ferrino-estella-40-zaino-da-escursionismo-e-hiking\/#breadcrumb","itemListElement":[{"@type":"ListItem","position":1,"name":"Home","item":"https:\/\/www.sestogrado.it\/en\/"},{"@type":"ListItem","position":2,"name":"Shop","item":"https:\/\/www.sestogrado.it\/en\/shop\/"},{"@type":"ListItem","position":3,"name":"Ferrino Estella 40 zaino da escursionismo e hiking"}]},{"@type":"WebSite","@id":"https:\/\/www.sestogrado.it\/en\/#website","url":"https:\/\/www.sestogrado.it\/en\/","name":"Sestogrado","description":"yes we climb","publisher":{"@id":"https:\/\/www.sestogrado.it\/en\/#organization"},"potentialAction":[{"@type":"SearchAction","target":{"@type":"EntryPoint","urlTemplate":"https:\/\/www.sestogrado.it\/en\/?s={search_term_string}"},"query-input":{"@type":"PropertyValueSpecification","valueRequired":true,"valueName":"search_term_string"}}],"inLanguage":"en-US"},{"@type":"Organization","@id":"https:\/\/www.sestogrado.it\/en\/#organization","name":"Sestogrado","url":"https:\/\/www.sestogrado.it\/en\/","logo":{"@type":"ImageObject","inLanguage":"en-US","@id":"https:\/\/www.sestogrado.it\/en\/#\/schema\/logo\/image\/","url":"https:\/\/www.sestogrado.it\/wp-content\/uploads\/2015\/03\/sestogrado-favicon.png","contentUrl":"https:\/\/www.sestogrado.it\/wp-content\/uploads\/2015\/03\/sestogrado-favicon.png","width":260,"height":260,"caption":"Sestogrado"},"image":{"@id":"https:\/\/www.sestogrado.it\/en\/#\/schema\/logo\/image\/"},"sameAs":["https:\/\/www.facebook.com\/pages\/Sestogrado\/1542635979353017?ref=bookmarks","https:\/\/www.youtube.com\/channel\/UC847kAfTkaJsWpc1jtQwr3Q"],"hasMerchantReturnPolicy":{"@type":"MerchantReturnPolicy","merchantReturnLink":"https:\/\/www.sestogrado.it\/en\/termini-e-condizioni\/"}}]},"product_brand":"Ferrino","og_availability":"instock","product_availability":"instock","product_condition":"new"},"_links":{"self":[{"href":"https:\/\/www.sestogrado.it\/en\/wp-json\/wp\/v2\/product\/190655","targetHints":{"allow":["GET"]}}],"collection":[{"href":"https:\/\/www.sestogrado.it\/en\/wp-json\/wp\/v2\/product"}],"about":[{"href":"https:\/\/www.sestogrado.it\/en\/wp-json\/wp\/v2\/types\/product"}],"replies":[{"embeddable":true,"href":"https:\/\/www.sestogrado.it\/en\/wp-json\/wp\/v2\/comments?post=190655"}],"wp:featuredmedia":[{"embeddable":true,"href":"https:\/\/www.sestogrado.it\/en\/wp-json\/wp\/v2\/media\/190661"}],"wp:attachment":[{"href":"https:\/\/www.sestogrado.it\/en\/wp-json\/wp\/v2\/media?parent=190655"}],"wp:term":[{"taxonomy":"product_brand","embeddable":true,"href":"https:\/\/www.sestogrado.it\/en\/wp-json\/wp\/v2\/product_brand?post=190655"},{"taxonomy":"product_cat","embeddable":true,"href":"https:\/\/www.sestogrado.it\/en\/wp-json\/wp\/v2\/product_cat?post=190655"},{"taxonomy":"product_tag","embeddable":true,"href":"https:\/\/www.sestogrado.it\/en\/wp-json\/wp\/v2\/product_tag?post=190655"}],"curies":[{"name":"wp","href":"https:\/\/api.w.org\/{rel}","templated":true}]}}