{"id":18905,"date":"2018-12-11T14:36:47","date_gmt":"2018-12-11T13:36:47","guid":{"rendered":"https:\/\/www.sestogrado.it\/?post_type=product&#038;p=18905"},"modified":"2025-09-07T14:20:55","modified_gmt":"2025-09-07T12:20:55","slug":"puc-series-il-domani-trave-allenamento-arrampicata-patxi-usobiaga","status":"publish","type":"product","link":"https:\/\/www.sestogrado.it\/en\/prodotto\/puc-series-il-domani-trave-allenamento-arrampicata-patxi-usobiaga\/","title":{"rendered":"PUC Series Il Domani portable hangboard"},"content":{"rendered":"<p>The Il Domani is a portable 4-in-one hangboard that was designed to enable you to WARM UP and TRAIN in a more holistic manner.<\/p>\n<p>Many world-renowned climbers use the Il Domani and take it with them wherever they go. Climbers and alpinists that were once unable to train regularly are now able to do so with this lightweight, portable device. Take it to your local crag, boulder field, park, or campsite and prepare your fingers for your projects without shredding your skin on so many warm-up laps.<\/p>\n<p>The Il Domani has three different holds that can be used in a number of ways,\u00a0 and a durable 6mm rope.<\/p>\n<p>The device comes with its own bag, allowing you to keep it protected while carrying it in your backpack or suitcase.<\/p>\n<p>&nbsp;<\/p>\n<p>https:\/\/www.youtube.com\/watch?v=a7hqOIS8DjA<\/p>","protected":false},"excerpt":{"rendered":"<p>The Il Domani is a portable 4-in-one hangboard that was designed to enable you to WARM UP and TRAIN in [&hellip;]<\/p>\n","protected":false},"featured_media":18906,"comment_status":"open","ping_status":"closed","template":"","meta":{"_acf_changed":false},"product_brand":[559],"product_cat":[303],"product_tag":[],"class_list":{"0":"post-18905","1":"product","2":"type-product","3":"status-publish","4":"has-post-thumbnail","6":"product_brand-puc-series","7":"product_cat-allenamento","9":"first","10":"instock","11":"sale","12":"taxable","13":"shipping-taxable","14":"purchasable","15":"product-type-simple"},"acf":[],"yoast_head":"<!-- This site is optimized with the Yoast SEO plugin v26.4 - https:\/\/yoast.com\/wordpress\/plugins\/seo\/ -->\n<title>PUC Series Il Domani portable hangboard - Sestogrado<\/title>\n<meta name=\"description\" content=\"PUC Series IL DOMANI \u00e8 un trave da allenamento portatile studiato e progettato da Patxi Usobiaga, il fortissimo climber spagnolo. IL PUC SERIES IL DOMANI \u00e8 un trave portatile con un design particolare che lo rende &quot;quattro in uno&quot;, ideale per il riscaldamento e l&#039;allenamento in preparazione di vie difficili. Il trave IL DOMANI offre tre diverse prese, da tacche a svasi, con in pi\u00f9 una resistente corda elastica da 6mm. L\u2019attrezzo viene fornito con una speciale sacca, per portare il trave comodamente in viaggio, in vacanza, in aereo, mantenendola sempre protetta.IL DOMANI \u00e8 realizzato in legno, \u00e8 eco friendly e piacevole al tatto, non irrita la pelle delle dita e pu\u00f2 essere agganciato facilmente dove si vuole, grazie al cordino in dotazione.\" \/>\n<meta name=\"robots\" content=\"index, follow, max-snippet:-1, max-image-preview:large, max-video-preview:-1\" \/>\n<link rel=\"canonical\" href=\"https:\/\/www.sestogrado.it\/en\/prodotto\/puc-series-il-domani-trave-allenamento-arrampicata-patxi-usobiaga\/\" \/>\n<meta property=\"og:locale\" content=\"en_US\" \/>\n<meta property=\"og:type\" content=\"article\" \/>\n<meta property=\"og:title\" content=\"PUC Series Il Domani portable hangboard - Sestogrado\" \/>\n<meta property=\"og:description\" content=\"PUC Series IL DOMANI \u00e8 un trave da allenamento portatile studiato e progettato da Patxi Usobiaga, il fortissimo climber spagnolo. IL PUC SERIES IL DOMANI \u00e8 un trave portatile con un design particolare che lo rende &quot;quattro in uno&quot;, ideale per il riscaldamento e l&#039;allenamento in preparazione di vie difficili. Il trave IL DOMANI offre tre diverse prese, da tacche a svasi, con in pi\u00f9 una resistente corda elastica da 6mm. L\u2019attrezzo viene fornito con una speciale sacca, per portare il trave comodamente in viaggio, in vacanza, in aereo, mantenendola sempre protetta.IL DOMANI \u00e8 realizzato in legno, \u00e8 eco friendly e piacevole al tatto, non irrita la pelle delle dita e pu\u00f2 essere agganciato facilmente dove si vuole, grazie al cordino in dotazione.\" \/>\n<meta property=\"og:url\" content=\"https:\/\/www.sestogrado.it\/en\/prodotto\/puc-series-il-domani-trave-allenamento-arrampicata-patxi-usobiaga\/\" \/>\n<meta property=\"og:site_name\" content=\"Sestogrado\" \/>\n<meta property=\"article:publisher\" content=\"https:\/\/www.facebook.com\/pages\/Sestogrado\/1542635979353017?ref=bookmarks\" \/>\n<meta property=\"article:modified_time\" content=\"2025-09-07T12:20:55+00:00\" \/>\n<meta property=\"og:image\" content=\"https:\/\/www.sestogrado.it\/wp-content\/uploads\/2018\/12\/01-1.jpg\" \/>\n\t<meta property=\"og:image:width\" content=\"1000\" \/>\n\t<meta property=\"og:image:height\" content=\"1000\" \/>\n\t<meta property=\"og:image:type\" content=\"image\/jpeg\" \/>\n<meta name=\"twitter:label1\" content=\"Price\" \/>\n\t<meta name=\"twitter:data1\" content=\"&euro;&nbsp;63,90\" \/>\n\t<meta name=\"twitter:label2\" content=\"Availability\" \/>\n\t<meta name=\"twitter:data2\" content=\"In stock\" \/>\n<script type=\"application\/ld+json\" class=\"yoast-schema-graph\">{\"@context\":\"https:\/\/schema.org\",\"@graph\":[{\"@type\":\"WebPage\",\"@id\":\"https:\/\/www.sestogrado.it\/en\/prodotto\/puc-series-il-domani-trave-allenamento-arrampicata-patxi-usobiaga\/\",\"url\":\"https:\/\/www.sestogrado.it\/en\/prodotto\/puc-series-il-domani-trave-allenamento-arrampicata-patxi-usobiaga\/\",\"name\":\"PUC Series Il Domani portable hangboard - Sestogrado\",\"isPartOf\":{\"@id\":\"https:\/\/www.sestogrado.it\/en\/#website\"},\"primaryImageOfPage\":{\"@id\":\"https:\/\/www.sestogrado.it\/en\/prodotto\/puc-series-il-domani-trave-allenamento-arrampicata-patxi-usobiaga\/#primaryimage\"},\"image\":{\"@id\":\"https:\/\/www.sestogrado.it\/prodotto\/puc-series-il-domani-trave-allenamento-arrampicata-patxi-usobiaga\/#primaryimage\"},\"thumbnailUrl\":\"https:\/\/www.sestogrado.it\/wp-content\/uploads\/2018\/12\/01-1.jpg\",\"datePublished\":\"2018-12-11T13:36:47+00:00\",\"dateModified\":\"2025-09-07T12:20:55+00:00\",\"description\":\"PUC Series IL DOMANI \u00e8 un trave da allenamento portatile studiato e progettato da Patxi Usobiaga, il fortissimo climber spagnolo. IL PUC SERIES IL DOMANI \u00e8 un trave portatile con un design particolare che lo rende \\\"quattro in uno\\\", ideale per il riscaldamento e l'allenamento in preparazione di vie difficili. Il trave IL DOMANI offre tre diverse prese, da tacche a svasi, con in pi\u00f9 una resistente corda elastica da 6mm. L\u2019attrezzo viene fornito con una speciale sacca, per portare il trave comodamente in viaggio, in vacanza, in aereo, mantenendola sempre protetta.IL DOMANI \u00e8 realizzato in legno, \u00e8 eco friendly e piacevole al tatto, non irrita la pelle delle dita e pu\u00f2 essere agganciato facilmente dove si vuole, grazie al cordino in dotazione.\",\"breadcrumb\":{\"@id\":\"https:\/\/www.sestogrado.it\/en\/prodotto\/puc-series-il-domani-trave-allenamento-arrampicata-patxi-usobiaga\/#breadcrumb\"},\"inLanguage\":\"en-US\",\"potentialAction\":[{\"@type\":\"ReadAction\",\"target\":[[\"https:\/\/www.sestogrado.it\/en\/prodotto\/puc-series-il-domani-trave-allenamento-arrampicata-patxi-usobiaga\/\"]]}]},{\"@type\":\"ImageObject\",\"inLanguage\":\"en-US\",\"@id\":\"https:\/\/www.sestogrado.it\/en\/prodotto\/puc-series-il-domani-trave-allenamento-arrampicata-patxi-usobiaga\/#primaryimage\",\"url\":\"https:\/\/www.sestogrado.it\/wp-content\/uploads\/2018\/12\/01-1.jpg\",\"contentUrl\":\"https:\/\/www.sestogrado.it\/wp-content\/uploads\/2018\/12\/01-1.jpg\",\"width\":1000,\"height\":1000,\"caption\":\"puc series il domani\"},{\"@type\":\"BreadcrumbList\",\"@id\":\"https:\/\/www.sestogrado.it\/en\/prodotto\/puc-series-il-domani-trave-allenamento-arrampicata-patxi-usobiaga\/#breadcrumb\",\"itemListElement\":[{\"@type\":\"ListItem\",\"position\":1,\"name\":\"Home\",\"item\":\"https:\/\/www.sestogrado.it\/en\/\"},{\"@type\":\"ListItem\",\"position\":2,\"name\":\"Shop\",\"item\":\"https:\/\/www.sestogrado.it\/en\/shop\/\"},{\"@type\":\"ListItem\",\"position\":3,\"name\":\"PUC Series Il Domani trave allenamento arrampicata Patxi Usobiaga\"}]},{\"@type\":\"WebSite\",\"@id\":\"https:\/\/www.sestogrado.it\/en\/#website\",\"url\":\"https:\/\/www.sestogrado.it\/en\/\",\"name\":\"Sestogrado\",\"description\":\"yes we climb\",\"publisher\":{\"@id\":\"https:\/\/www.sestogrado.it\/en\/#organization\"},\"potentialAction\":[{\"@type\":\"SearchAction\",\"target\":{\"@type\":\"EntryPoint\",\"urlTemplate\":\"https:\/\/www.sestogrado.it\/en\/?s={search_term_string}\"},\"query-input\":{\"@type\":\"PropertyValueSpecification\",\"valueRequired\":true,\"valueName\":\"search_term_string\"}}],\"inLanguage\":\"en-US\"},{\"@type\":\"Organization\",\"@id\":\"https:\/\/www.sestogrado.it\/en\/#organization\",\"name\":\"Sestogrado\",\"url\":\"https:\/\/www.sestogrado.it\/en\/\",\"logo\":{\"@type\":\"ImageObject\",\"inLanguage\":\"en-US\",\"@id\":\"https:\/\/www.sestogrado.it\/en\/#\/schema\/logo\/image\/\",\"url\":\"https:\/\/www.sestogrado.it\/wp-content\/uploads\/2015\/03\/sestogrado-favicon.png\",\"contentUrl\":\"https:\/\/www.sestogrado.it\/wp-content\/uploads\/2015\/03\/sestogrado-favicon.png\",\"width\":260,\"height\":260,\"caption\":\"Sestogrado\"},\"image\":{\"@id\":\"https:\/\/www.sestogrado.it\/en\/#\/schema\/logo\/image\/\"},\"sameAs\":[\"https:\/\/www.facebook.com\/pages\/Sestogrado\/1542635979353017?ref=bookmarks\",\"https:\/\/www.youtube.com\/channel\/UC847kAfTkaJsWpc1jtQwr3Q\"],\"hasMerchantReturnPolicy\":{\"@type\":\"MerchantReturnPolicy\",\"merchantReturnLink\":\"https:\/\/www.sestogrado.it\/en\/termini-e-condizioni\/\"}}]}<\/script>\n<meta property=\"product:brand\" content=\"Puc Series\" \/>\n<meta property=\"product:price:amount\" content=\"63.90\" \/>\n<meta property=\"product:price:currency\" content=\"EUR\" \/>\n<meta property=\"og:availability\" content=\"instock\" \/>\n<meta property=\"product:availability\" content=\"instock\" \/>\n<meta property=\"product:condition\" content=\"new\" \/>\n<!-- \/ Yoast SEO plugin. -->","yoast_head_json":{"title":"PUC Series Il Domani portable hangboard - Sestogrado","description":"PUC Series IL DOMANI \u00e8 un trave da allenamento portatile studiato e progettato da Patxi Usobiaga, il fortissimo climber spagnolo. IL PUC SERIES IL DOMANI \u00e8 un trave portatile con un design particolare che lo rende \"quattro in uno\", ideale per il riscaldamento e l'allenamento in preparazione di vie difficili. Il trave IL DOMANI offre tre diverse prese, da tacche a svasi, con in pi\u00f9 una resistente corda elastica da 6mm. L\u2019attrezzo viene fornito con una speciale sacca, per portare il trave comodamente in viaggio, in vacanza, in aereo, mantenendola sempre protetta.IL DOMANI \u00e8 realizzato in legno, \u00e8 eco friendly e piacevole al tatto, non irrita la pelle delle dita e pu\u00f2 essere agganciato facilmente dove si vuole, grazie al cordino in dotazione.","robots":{"index":"index","follow":"follow","max-snippet":"max-snippet:-1","max-image-preview":"max-image-preview:large","max-video-preview":"max-video-preview:-1"},"canonical":"https:\/\/www.sestogrado.it\/en\/prodotto\/puc-series-il-domani-trave-allenamento-arrampicata-patxi-usobiaga\/","og_locale":"en_US","og_type":"article","og_title":"PUC Series Il Domani portable hangboard - Sestogrado","og_description":"PUC Series IL DOMANI \u00e8 un trave da allenamento portatile studiato e progettato da Patxi Usobiaga, il fortissimo climber spagnolo. IL PUC SERIES IL DOMANI \u00e8 un trave portatile con un design particolare che lo rende \"quattro in uno\", ideale per il riscaldamento e l'allenamento in preparazione di vie difficili. Il trave IL DOMANI offre tre diverse prese, da tacche a svasi, con in pi\u00f9 una resistente corda elastica da 6mm. L\u2019attrezzo viene fornito con una speciale sacca, per portare il trave comodamente in viaggio, in vacanza, in aereo, mantenendola sempre protetta.IL DOMANI \u00e8 realizzato in legno, \u00e8 eco friendly e piacevole al tatto, non irrita la pelle delle dita e pu\u00f2 essere agganciato facilmente dove si vuole, grazie al cordino in dotazione.","og_url":"https:\/\/www.sestogrado.it\/en\/prodotto\/puc-series-il-domani-trave-allenamento-arrampicata-patxi-usobiaga\/","og_site_name":"Sestogrado","article_publisher":"https:\/\/www.facebook.com\/pages\/Sestogrado\/1542635979353017?ref=bookmarks","article_modified_time":"2025-09-07T12:20:55+00:00","og_image":[{"width":1000,"height":1000,"url":"https:\/\/www.sestogrado.it\/wp-content\/uploads\/2018\/12\/01-1.jpg","type":"image\/jpeg"}],"twitter_misc":{"Price":"&euro;&nbsp;63,90","Availability":"In stock"},"schema":{"@context":"https:\/\/schema.org","@graph":[{"@type":"WebPage","@id":"https:\/\/www.sestogrado.it\/en\/prodotto\/puc-series-il-domani-trave-allenamento-arrampicata-patxi-usobiaga\/","url":"https:\/\/www.sestogrado.it\/en\/prodotto\/puc-series-il-domani-trave-allenamento-arrampicata-patxi-usobiaga\/","name":"PUC Series Il Domani portable hangboard - Sestogrado","isPartOf":{"@id":"https:\/\/www.sestogrado.it\/en\/#website"},"primaryImageOfPage":{"@id":"https:\/\/www.sestogrado.it\/en\/prodotto\/puc-series-il-domani-trave-allenamento-arrampicata-patxi-usobiaga\/#primaryimage"},"image":{"@id":"https:\/\/www.sestogrado.it\/prodotto\/puc-series-il-domani-trave-allenamento-arrampicata-patxi-usobiaga\/#primaryimage"},"thumbnailUrl":"https:\/\/www.sestogrado.it\/wp-content\/uploads\/2018\/12\/01-1.jpg","datePublished":"2018-12-11T13:36:47+00:00","dateModified":"2025-09-07T12:20:55+00:00","description":"PUC Series IL DOMANI \u00e8 un trave da allenamento portatile studiato e progettato da Patxi Usobiaga, il fortissimo climber spagnolo. IL PUC SERIES IL DOMANI \u00e8 un trave portatile con un design particolare che lo rende \"quattro in uno\", ideale per il riscaldamento e l'allenamento in preparazione di vie difficili. Il trave IL DOMANI offre tre diverse prese, da tacche a svasi, con in pi\u00f9 una resistente corda elastica da 6mm. L\u2019attrezzo viene fornito con una speciale sacca, per portare il trave comodamente in viaggio, in vacanza, in aereo, mantenendola sempre protetta.IL DOMANI \u00e8 realizzato in legno, \u00e8 eco friendly e piacevole al tatto, non irrita la pelle delle dita e pu\u00f2 essere agganciato facilmente dove si vuole, grazie al cordino in dotazione.","breadcrumb":{"@id":"https:\/\/www.sestogrado.it\/en\/prodotto\/puc-series-il-domani-trave-allenamento-arrampicata-patxi-usobiaga\/#breadcrumb"},"inLanguage":"en-US","potentialAction":[{"@type":"ReadAction","target":[["https:\/\/www.sestogrado.it\/en\/prodotto\/puc-series-il-domani-trave-allenamento-arrampicata-patxi-usobiaga\/"]]}]},{"@type":"ImageObject","inLanguage":"en-US","@id":"https:\/\/www.sestogrado.it\/en\/prodotto\/puc-series-il-domani-trave-allenamento-arrampicata-patxi-usobiaga\/#primaryimage","url":"https:\/\/www.sestogrado.it\/wp-content\/uploads\/2018\/12\/01-1.jpg","contentUrl":"https:\/\/www.sestogrado.it\/wp-content\/uploads\/2018\/12\/01-1.jpg","width":1000,"height":1000,"caption":"puc series il domani"},{"@type":"BreadcrumbList","@id":"https:\/\/www.sestogrado.it\/en\/prodotto\/puc-series-il-domani-trave-allenamento-arrampicata-patxi-usobiaga\/#breadcrumb","itemListElement":[{"@type":"ListItem","position":1,"name":"Home","item":"https:\/\/www.sestogrado.it\/en\/"},{"@type":"ListItem","position":2,"name":"Shop","item":"https:\/\/www.sestogrado.it\/en\/shop\/"},{"@type":"ListItem","position":3,"name":"PUC Series Il Domani trave allenamento arrampicata Patxi Usobiaga"}]},{"@type":"WebSite","@id":"https:\/\/www.sestogrado.it\/en\/#website","url":"https:\/\/www.sestogrado.it\/en\/","name":"Sestogrado","description":"yes we climb","publisher":{"@id":"https:\/\/www.sestogrado.it\/en\/#organization"},"potentialAction":[{"@type":"SearchAction","target":{"@type":"EntryPoint","urlTemplate":"https:\/\/www.sestogrado.it\/en\/?s={search_term_string}"},"query-input":{"@type":"PropertyValueSpecification","valueRequired":true,"valueName":"search_term_string"}}],"inLanguage":"en-US"},{"@type":"Organization","@id":"https:\/\/www.sestogrado.it\/en\/#organization","name":"Sestogrado","url":"https:\/\/www.sestogrado.it\/en\/","logo":{"@type":"ImageObject","inLanguage":"en-US","@id":"https:\/\/www.sestogrado.it\/en\/#\/schema\/logo\/image\/","url":"https:\/\/www.sestogrado.it\/wp-content\/uploads\/2015\/03\/sestogrado-favicon.png","contentUrl":"https:\/\/www.sestogrado.it\/wp-content\/uploads\/2015\/03\/sestogrado-favicon.png","width":260,"height":260,"caption":"Sestogrado"},"image":{"@id":"https:\/\/www.sestogrado.it\/en\/#\/schema\/logo\/image\/"},"sameAs":["https:\/\/www.facebook.com\/pages\/Sestogrado\/1542635979353017?ref=bookmarks","https:\/\/www.youtube.com\/channel\/UC847kAfTkaJsWpc1jtQwr3Q"],"hasMerchantReturnPolicy":{"@type":"MerchantReturnPolicy","merchantReturnLink":"https:\/\/www.sestogrado.it\/en\/termini-e-condizioni\/"}}]},"product_brand":"Puc Series","product_price_amount":"63.90","product_price_currency":"EUR","og_availability":"instock","product_availability":"instock","product_condition":"new"},"_links":{"self":[{"href":"https:\/\/www.sestogrado.it\/en\/wp-json\/wp\/v2\/product\/18905","targetHints":{"allow":["GET"]}}],"collection":[{"href":"https:\/\/www.sestogrado.it\/en\/wp-json\/wp\/v2\/product"}],"about":[{"href":"https:\/\/www.sestogrado.it\/en\/wp-json\/wp\/v2\/types\/product"}],"replies":[{"embeddable":true,"href":"https:\/\/www.sestogrado.it\/en\/wp-json\/wp\/v2\/comments?post=18905"}],"wp:featuredmedia":[{"embeddable":true,"href":"https:\/\/www.sestogrado.it\/en\/wp-json\/wp\/v2\/media\/18906"}],"wp:attachment":[{"href":"https:\/\/www.sestogrado.it\/en\/wp-json\/wp\/v2\/media?parent=18905"}],"wp:term":[{"taxonomy":"product_brand","embeddable":true,"href":"https:\/\/www.sestogrado.it\/en\/wp-json\/wp\/v2\/product_brand?post=18905"},{"taxonomy":"product_cat","embeddable":true,"href":"https:\/\/www.sestogrado.it\/en\/wp-json\/wp\/v2\/product_cat?post=18905"},{"taxonomy":"product_tag","embeddable":true,"href":"https:\/\/www.sestogrado.it\/en\/wp-json\/wp\/v2\/product_tag?post=18905"}],"curies":[{"name":"wp","href":"https:\/\/api.w.org\/{rel}","templated":true}]}}