{"id":185910,"date":"2025-03-19T10:57:32","date_gmt":"2025-03-19T09:57:32","guid":{"rendered":"https:\/\/www.sestogrado.it\/?post_type=product&#038;p=185910"},"modified":"2026-01-08T11:34:32","modified_gmt":"2026-01-08T10:34:32","slug":"yy-vertical-verticalboard-first-trave-da-arrampicata","status":"publish","type":"product","link":"https:\/\/www.sestogrado.it\/en\/prodotto\/yy-vertical-verticalboard-first-trave-da-arrampicata\/","title":{"rendered":"YY Vertical VerticalBoard FIRST trave da arrampicata"},"content":{"rendered":"<p class=\"qtranxs-available-languages-message qtranxs-available-languages-message-en\">Sorry, this entry is only available in <a href=\"https:\/\/www.sestogrado.it\/it\/wp-json\/wp\/v2\/product\/185910\" class=\"qtranxs-available-language-link qtranxs-available-language-link-it\" title=\"Italiano\">Italiano<\/a>.<\/p>","protected":false},"excerpt":{"rendered":"<p>Sorry, this entry is only available in Italiano.<\/p>\n","protected":false},"featured_media":185911,"comment_status":"open","ping_status":"closed","template":"","meta":{"_acf_changed":false},"product_brand":[197],"product_cat":[303],"product_tag":[],"class_list":{"0":"post-185910","1":"product","2":"type-product","3":"status-publish","4":"has-post-thumbnail","6":"product_brand-yy","7":"product_cat-allenamento","9":"first","10":"outofstock","11":"sale","12":"taxable","13":"shipping-taxable","14":"purchasable","15":"product-type-simple"},"acf":[],"yoast_head":"<!-- This site is optimized with the Yoast SEO plugin v26.4 - https:\/\/yoast.com\/wordpress\/plugins\/seo\/ -->\n<title>YY Vertical VerticalBoard FIRST trave da arrampicata - Sestogrado<\/title>\n<meta name=\"description\" content=\"La VerticalBoard First \u00e8 perfetta per i climber determinati che vogliono diventare pi\u00f9 forti e completare i propri progetti.Offre una variet\u00e0 di profondit\u00e0 (da 45 mm a 20 mm) per un allenamento progressivo, aiutando a migliorare gradualmente fino a raggiungere i propri obiettivi.\" \/>\n<meta name=\"robots\" content=\"index, follow, max-snippet:-1, max-image-preview:large, max-video-preview:-1\" \/>\n<link rel=\"canonical\" href=\"https:\/\/www.sestogrado.it\/en\/prodotto\/yy-vertical-verticalboard-first-trave-da-arrampicata\/\" \/>\n<meta property=\"og:locale\" content=\"en_US\" \/>\n<meta property=\"og:type\" content=\"article\" \/>\n<meta property=\"og:title\" content=\"YY Vertical VerticalBoard FIRST trave da arrampicata - Sestogrado\" \/>\n<meta property=\"og:description\" content=\"La VerticalBoard First \u00e8 perfetta per i climber determinati che vogliono diventare pi\u00f9 forti e completare i propri progetti.Offre una variet\u00e0 di profondit\u00e0 (da 45 mm a 20 mm) per un allenamento progressivo, aiutando a migliorare gradualmente fino a raggiungere i propri obiettivi.\" \/>\n<meta property=\"og:url\" content=\"https:\/\/www.sestogrado.it\/en\/prodotto\/yy-vertical-verticalboard-first-trave-da-arrampicata\/\" \/>\n<meta property=\"og:site_name\" content=\"Sestogrado\" \/>\n<meta property=\"article:publisher\" content=\"https:\/\/www.facebook.com\/pages\/Sestogrado\/1542635979353017?ref=bookmarks\" \/>\n<meta property=\"article:modified_time\" content=\"2026-01-08T10:34:32+00:00\" \/>\n<meta property=\"og:image\" content=\"https:\/\/www.sestogrado.it\/wp-content\/uploads\/2025\/03\/8c555c98e0_lg.jpg\" \/>\n\t<meta property=\"og:image:width\" content=\"540\" \/>\n\t<meta property=\"og:image:height\" content=\"540\" \/>\n\t<meta property=\"og:image:type\" content=\"image\/jpeg\" \/>\n<meta name=\"twitter:label1\" content=\"Price\" \/>\n\t<meta name=\"twitter:data1\" content=\"&euro;&nbsp;89,00\" \/>\n\t<meta name=\"twitter:label2\" content=\"Availability\" \/>\n\t<meta name=\"twitter:data2\" content=\"Out of stock\" \/>\n<script type=\"application\/ld+json\" class=\"yoast-schema-graph\">{\"@context\":\"https:\/\/schema.org\",\"@graph\":[{\"@type\":\"WebPage\",\"@id\":\"https:\/\/www.sestogrado.it\/en\/prodotto\/yy-vertical-verticalboard-first-trave-da-arrampicata\/\",\"url\":\"https:\/\/www.sestogrado.it\/en\/prodotto\/yy-vertical-verticalboard-first-trave-da-arrampicata\/\",\"name\":\"YY Vertical VerticalBoard FIRST trave da arrampicata - Sestogrado\",\"isPartOf\":{\"@id\":\"https:\/\/www.sestogrado.it\/en\/#website\"},\"primaryImageOfPage\":{\"@id\":\"https:\/\/www.sestogrado.it\/en\/prodotto\/yy-vertical-verticalboard-first-trave-da-arrampicata\/#primaryimage\"},\"image\":{\"@id\":\"https:\/\/www.sestogrado.it\/prodotto\/yy-vertical-verticalboard-first-trave-da-arrampicata\/#primaryimage\"},\"thumbnailUrl\":\"https:\/\/www.sestogrado.it\/wp-content\/uploads\/2025\/03\/8c555c98e0_lg.jpg\",\"datePublished\":\"2025-03-19T09:57:32+00:00\",\"dateModified\":\"2026-01-08T10:34:32+00:00\",\"description\":\"La VerticalBoard First \u00e8 perfetta per i climber determinati che vogliono diventare pi\u00f9 forti e completare i propri progetti.Offre una variet\u00e0 di profondit\u00e0 (da 45 mm a 20 mm) per un allenamento progressivo, aiutando a migliorare gradualmente fino a raggiungere i propri obiettivi.\",\"breadcrumb\":{\"@id\":\"https:\/\/www.sestogrado.it\/en\/prodotto\/yy-vertical-verticalboard-first-trave-da-arrampicata\/#breadcrumb\"},\"inLanguage\":\"en-US\",\"potentialAction\":[{\"@type\":\"ReadAction\",\"target\":[[\"https:\/\/www.sestogrado.it\/en\/prodotto\/yy-vertical-verticalboard-first-trave-da-arrampicata\/\"]]}]},{\"@type\":\"ImageObject\",\"inLanguage\":\"en-US\",\"@id\":\"https:\/\/www.sestogrado.it\/en\/prodotto\/yy-vertical-verticalboard-first-trave-da-arrampicata\/#primaryimage\",\"url\":\"https:\/\/www.sestogrado.it\/wp-content\/uploads\/2025\/03\/8c555c98e0_lg.jpg\",\"contentUrl\":\"https:\/\/www.sestogrado.it\/wp-content\/uploads\/2025\/03\/8c555c98e0_lg.jpg\",\"width\":540,\"height\":540,\"caption\":\"verticalboard first\"},{\"@type\":\"BreadcrumbList\",\"@id\":\"https:\/\/www.sestogrado.it\/en\/prodotto\/yy-vertical-verticalboard-first-trave-da-arrampicata\/#breadcrumb\",\"itemListElement\":[{\"@type\":\"ListItem\",\"position\":1,\"name\":\"Home\",\"item\":\"https:\/\/www.sestogrado.it\/en\/\"},{\"@type\":\"ListItem\",\"position\":2,\"name\":\"Shop\",\"item\":\"https:\/\/www.sestogrado.it\/en\/shop\/\"},{\"@type\":\"ListItem\",\"position\":3,\"name\":\"YY Vertical VerticalBoard FIRST trave da arrampicata\"}]},{\"@type\":\"WebSite\",\"@id\":\"https:\/\/www.sestogrado.it\/en\/#website\",\"url\":\"https:\/\/www.sestogrado.it\/en\/\",\"name\":\"Sestogrado\",\"description\":\"yes we climb\",\"publisher\":{\"@id\":\"https:\/\/www.sestogrado.it\/en\/#organization\"},\"potentialAction\":[{\"@type\":\"SearchAction\",\"target\":{\"@type\":\"EntryPoint\",\"urlTemplate\":\"https:\/\/www.sestogrado.it\/en\/?s={search_term_string}\"},\"query-input\":{\"@type\":\"PropertyValueSpecification\",\"valueRequired\":true,\"valueName\":\"search_term_string\"}}],\"inLanguage\":\"en-US\"},{\"@type\":\"Organization\",\"@id\":\"https:\/\/www.sestogrado.it\/en\/#organization\",\"name\":\"Sestogrado\",\"url\":\"https:\/\/www.sestogrado.it\/en\/\",\"logo\":{\"@type\":\"ImageObject\",\"inLanguage\":\"en-US\",\"@id\":\"https:\/\/www.sestogrado.it\/en\/#\/schema\/logo\/image\/\",\"url\":\"https:\/\/www.sestogrado.it\/wp-content\/uploads\/2015\/03\/sestogrado-favicon.png\",\"contentUrl\":\"https:\/\/www.sestogrado.it\/wp-content\/uploads\/2015\/03\/sestogrado-favicon.png\",\"width\":260,\"height\":260,\"caption\":\"Sestogrado\"},\"image\":{\"@id\":\"https:\/\/www.sestogrado.it\/en\/#\/schema\/logo\/image\/\"},\"sameAs\":[\"https:\/\/www.facebook.com\/pages\/Sestogrado\/1542635979353017?ref=bookmarks\",\"https:\/\/www.youtube.com\/channel\/UC847kAfTkaJsWpc1jtQwr3Q\"],\"hasMerchantReturnPolicy\":{\"@type\":\"MerchantReturnPolicy\",\"merchantReturnLink\":\"https:\/\/www.sestogrado.it\/en\/termini-e-condizioni\/\"}}]}<\/script>\n<meta property=\"product:brand\" content=\"YY\" \/>\n<meta property=\"product:price:amount\" content=\"89.00\" \/>\n<meta property=\"product:price:currency\" content=\"EUR\" \/>\n<meta property=\"og:availability\" content=\"out of stock\" \/>\n<meta property=\"product:availability\" content=\"out of stock\" \/>\n<meta property=\"product:condition\" content=\"new\" \/>\n<!-- \/ Yoast SEO plugin. -->","yoast_head_json":{"title":"YY Vertical VerticalBoard FIRST trave da arrampicata - Sestogrado","description":"La VerticalBoard First \u00e8 perfetta per i climber determinati che vogliono diventare pi\u00f9 forti e completare i propri progetti.Offre una variet\u00e0 di profondit\u00e0 (da 45 mm a 20 mm) per un allenamento progressivo, aiutando a migliorare gradualmente fino a raggiungere i propri obiettivi.","robots":{"index":"index","follow":"follow","max-snippet":"max-snippet:-1","max-image-preview":"max-image-preview:large","max-video-preview":"max-video-preview:-1"},"canonical":"https:\/\/www.sestogrado.it\/en\/prodotto\/yy-vertical-verticalboard-first-trave-da-arrampicata\/","og_locale":"en_US","og_type":"article","og_title":"YY Vertical VerticalBoard FIRST trave da arrampicata - Sestogrado","og_description":"La VerticalBoard First \u00e8 perfetta per i climber determinati che vogliono diventare pi\u00f9 forti e completare i propri progetti.Offre una variet\u00e0 di profondit\u00e0 (da 45 mm a 20 mm) per un allenamento progressivo, aiutando a migliorare gradualmente fino a raggiungere i propri obiettivi.","og_url":"https:\/\/www.sestogrado.it\/en\/prodotto\/yy-vertical-verticalboard-first-trave-da-arrampicata\/","og_site_name":"Sestogrado","article_publisher":"https:\/\/www.facebook.com\/pages\/Sestogrado\/1542635979353017?ref=bookmarks","article_modified_time":"2026-01-08T10:34:32+00:00","og_image":[{"width":540,"height":540,"url":"https:\/\/www.sestogrado.it\/wp-content\/uploads\/2025\/03\/8c555c98e0_lg.jpg","type":"image\/jpeg"}],"twitter_misc":{"Price":"&euro;&nbsp;89,00","Availability":"Out of stock"},"schema":{"@context":"https:\/\/schema.org","@graph":[{"@type":"WebPage","@id":"https:\/\/www.sestogrado.it\/en\/prodotto\/yy-vertical-verticalboard-first-trave-da-arrampicata\/","url":"https:\/\/www.sestogrado.it\/en\/prodotto\/yy-vertical-verticalboard-first-trave-da-arrampicata\/","name":"YY Vertical VerticalBoard FIRST trave da arrampicata - Sestogrado","isPartOf":{"@id":"https:\/\/www.sestogrado.it\/en\/#website"},"primaryImageOfPage":{"@id":"https:\/\/www.sestogrado.it\/en\/prodotto\/yy-vertical-verticalboard-first-trave-da-arrampicata\/#primaryimage"},"image":{"@id":"https:\/\/www.sestogrado.it\/prodotto\/yy-vertical-verticalboard-first-trave-da-arrampicata\/#primaryimage"},"thumbnailUrl":"https:\/\/www.sestogrado.it\/wp-content\/uploads\/2025\/03\/8c555c98e0_lg.jpg","datePublished":"2025-03-19T09:57:32+00:00","dateModified":"2026-01-08T10:34:32+00:00","description":"La VerticalBoard First \u00e8 perfetta per i climber determinati che vogliono diventare pi\u00f9 forti e completare i propri progetti.Offre una variet\u00e0 di profondit\u00e0 (da 45 mm a 20 mm) per un allenamento progressivo, aiutando a migliorare gradualmente fino a raggiungere i propri obiettivi.","breadcrumb":{"@id":"https:\/\/www.sestogrado.it\/en\/prodotto\/yy-vertical-verticalboard-first-trave-da-arrampicata\/#breadcrumb"},"inLanguage":"en-US","potentialAction":[{"@type":"ReadAction","target":[["https:\/\/www.sestogrado.it\/en\/prodotto\/yy-vertical-verticalboard-first-trave-da-arrampicata\/"]]}]},{"@type":"ImageObject","inLanguage":"en-US","@id":"https:\/\/www.sestogrado.it\/en\/prodotto\/yy-vertical-verticalboard-first-trave-da-arrampicata\/#primaryimage","url":"https:\/\/www.sestogrado.it\/wp-content\/uploads\/2025\/03\/8c555c98e0_lg.jpg","contentUrl":"https:\/\/www.sestogrado.it\/wp-content\/uploads\/2025\/03\/8c555c98e0_lg.jpg","width":540,"height":540,"caption":"verticalboard first"},{"@type":"BreadcrumbList","@id":"https:\/\/www.sestogrado.it\/en\/prodotto\/yy-vertical-verticalboard-first-trave-da-arrampicata\/#breadcrumb","itemListElement":[{"@type":"ListItem","position":1,"name":"Home","item":"https:\/\/www.sestogrado.it\/en\/"},{"@type":"ListItem","position":2,"name":"Shop","item":"https:\/\/www.sestogrado.it\/en\/shop\/"},{"@type":"ListItem","position":3,"name":"YY Vertical VerticalBoard FIRST trave da arrampicata"}]},{"@type":"WebSite","@id":"https:\/\/www.sestogrado.it\/en\/#website","url":"https:\/\/www.sestogrado.it\/en\/","name":"Sestogrado","description":"yes we climb","publisher":{"@id":"https:\/\/www.sestogrado.it\/en\/#organization"},"potentialAction":[{"@type":"SearchAction","target":{"@type":"EntryPoint","urlTemplate":"https:\/\/www.sestogrado.it\/en\/?s={search_term_string}"},"query-input":{"@type":"PropertyValueSpecification","valueRequired":true,"valueName":"search_term_string"}}],"inLanguage":"en-US"},{"@type":"Organization","@id":"https:\/\/www.sestogrado.it\/en\/#organization","name":"Sestogrado","url":"https:\/\/www.sestogrado.it\/en\/","logo":{"@type":"ImageObject","inLanguage":"en-US","@id":"https:\/\/www.sestogrado.it\/en\/#\/schema\/logo\/image\/","url":"https:\/\/www.sestogrado.it\/wp-content\/uploads\/2015\/03\/sestogrado-favicon.png","contentUrl":"https:\/\/www.sestogrado.it\/wp-content\/uploads\/2015\/03\/sestogrado-favicon.png","width":260,"height":260,"caption":"Sestogrado"},"image":{"@id":"https:\/\/www.sestogrado.it\/en\/#\/schema\/logo\/image\/"},"sameAs":["https:\/\/www.facebook.com\/pages\/Sestogrado\/1542635979353017?ref=bookmarks","https:\/\/www.youtube.com\/channel\/UC847kAfTkaJsWpc1jtQwr3Q"],"hasMerchantReturnPolicy":{"@type":"MerchantReturnPolicy","merchantReturnLink":"https:\/\/www.sestogrado.it\/en\/termini-e-condizioni\/"}}]},"product_brand":"YY","product_price_amount":"89.00","product_price_currency":"EUR","og_availability":"out of stock","product_availability":"out of stock","product_condition":"new"},"_links":{"self":[{"href":"https:\/\/www.sestogrado.it\/en\/wp-json\/wp\/v2\/product\/185910","targetHints":{"allow":["GET"]}}],"collection":[{"href":"https:\/\/www.sestogrado.it\/en\/wp-json\/wp\/v2\/product"}],"about":[{"href":"https:\/\/www.sestogrado.it\/en\/wp-json\/wp\/v2\/types\/product"}],"replies":[{"embeddable":true,"href":"https:\/\/www.sestogrado.it\/en\/wp-json\/wp\/v2\/comments?post=185910"}],"wp:featuredmedia":[{"embeddable":true,"href":"https:\/\/www.sestogrado.it\/en\/wp-json\/wp\/v2\/media\/185911"}],"wp:attachment":[{"href":"https:\/\/www.sestogrado.it\/en\/wp-json\/wp\/v2\/media?parent=185910"}],"wp:term":[{"taxonomy":"product_brand","embeddable":true,"href":"https:\/\/www.sestogrado.it\/en\/wp-json\/wp\/v2\/product_brand?post=185910"},{"taxonomy":"product_cat","embeddable":true,"href":"https:\/\/www.sestogrado.it\/en\/wp-json\/wp\/v2\/product_cat?post=185910"},{"taxonomy":"product_tag","embeddable":true,"href":"https:\/\/www.sestogrado.it\/en\/wp-json\/wp\/v2\/product_tag?post=185910"}],"curies":[{"name":"wp","href":"https:\/\/api.w.org\/{rel}","templated":true}]}}