{"id":183999,"date":"2025-02-21T11:41:00","date_gmt":"2025-02-21T10:41:00","guid":{"rendered":"https:\/\/www.sestogrado.it\/?post_type=product&#038;p=183999"},"modified":"2025-11-30T12:35:25","modified_gmt":"2025-11-30T11:35:25","slug":"monte-bianco-vie-normali-valle-daosta","status":"publish","type":"product","link":"https:\/\/www.sestogrado.it\/en\/prodotto\/monte-bianco-vie-normali-valle-daosta\/","title":{"rendered":"Monte Bianco vie normali Valle d&#8217;Aosta"},"content":{"rendered":"<p class=\"qtranxs-available-languages-message qtranxs-available-languages-message-en\">Sorry, this entry is only available in <a href=\"https:\/\/www.sestogrado.it\/it\/wp-json\/wp\/v2\/product\/183999\" class=\"qtranxs-available-language-link qtranxs-available-language-link-it\" title=\"Italiano\">Italiano<\/a>.<\/p>","protected":false},"excerpt":{"rendered":"<p>Sorry, this entry is only available in Italiano.<\/p>\n","protected":false},"featured_media":184000,"comment_status":"open","ping_status":"closed","template":"","meta":{"_acf_changed":false},"product_brand":[331],"product_cat":[98],"product_tag":[],"class_list":{"0":"post-183999","1":"product","2":"type-product","3":"status-publish","4":"has-post-thumbnail","6":"product_brand-idea-montagna","7":"product_cat-libri","9":"first","10":"instock","11":"taxable","12":"shipping-taxable","13":"purchasable","14":"product-type-simple"},"acf":[],"yoast_head":"<!-- This site is optimized with the Yoast SEO plugin v26.4 - https:\/\/yoast.com\/wordpress\/plugins\/seo\/ -->\n<title>Monte Bianco vie normali Valle d&#039;Aosta - Sestogrado<\/title>\n<meta name=\"description\" content=\"Il Monte Bianco, con i suoi 4807 m, \u00e8 la montagna pi\u00f9 alta delle Alpi. In parallelo, questo volume rappresenta il culmine pi\u00f9 importante della collana Vie Normali Valle d\u2019Aosta.La grandiosit\u00e0 delle sue cime, l\u2019estensione dei suoi ghiacciai e la profondit\u00e0 delle sue valli fanno del Monte Bianco la vera mecca dell\u2019alpinismo. La sua conquista, infatti, avvenuta nel 1786, segna l\u2019inizio di un\u2019attivit\u00e0, quella dell\u2019esplorazione delle terre alte, fino ad allora per nulla sviluppata.Una montagna importante per tutto il movimento degli amanti dell\u2019alpinismo e dell\u2019escursionismo. Vera terra di conquista, raccontata in pagine e pagine di libri di avventura alpinistica alle quali si aggiungono quelle di questo volume che conduce verso tutte le vette del gruppo.\" \/>\n<meta name=\"robots\" content=\"index, follow, max-snippet:-1, max-image-preview:large, max-video-preview:-1\" \/>\n<link rel=\"canonical\" href=\"https:\/\/www.sestogrado.it\/en\/prodotto\/monte-bianco-vie-normali-valle-daosta\/\" \/>\n<meta property=\"og:locale\" content=\"en_US\" \/>\n<meta property=\"og:type\" content=\"article\" \/>\n<meta property=\"og:title\" content=\"Monte Bianco vie normali Valle d&#039;Aosta - Sestogrado\" \/>\n<meta property=\"og:description\" content=\"Il Monte Bianco, con i suoi 4807 m, \u00e8 la montagna pi\u00f9 alta delle Alpi. In parallelo, questo volume rappresenta il culmine pi\u00f9 importante della collana Vie Normali Valle d\u2019Aosta.La grandiosit\u00e0 delle sue cime, l\u2019estensione dei suoi ghiacciai e la profondit\u00e0 delle sue valli fanno del Monte Bianco la vera mecca dell\u2019alpinismo. La sua conquista, infatti, avvenuta nel 1786, segna l\u2019inizio di un\u2019attivit\u00e0, quella dell\u2019esplorazione delle terre alte, fino ad allora per nulla sviluppata.Una montagna importante per tutto il movimento degli amanti dell\u2019alpinismo e dell\u2019escursionismo. Vera terra di conquista, raccontata in pagine e pagine di libri di avventura alpinistica alle quali si aggiungono quelle di questo volume che conduce verso tutte le vette del gruppo.\" \/>\n<meta property=\"og:url\" content=\"https:\/\/www.sestogrado.it\/en\/prodotto\/monte-bianco-vie-normali-valle-daosta\/\" \/>\n<meta property=\"og:site_name\" content=\"Sestogrado\" \/>\n<meta property=\"article:publisher\" content=\"https:\/\/www.facebook.com\/pages\/Sestogrado\/1542635979353017?ref=bookmarks\" \/>\n<meta property=\"article:modified_time\" content=\"2025-11-30T11:35:25+00:00\" \/>\n<meta property=\"og:image\" content=\"https:\/\/www.sestogrado.it\/wp-content\/uploads\/2025\/02\/bianco.jpg\" \/>\n\t<meta property=\"og:image:width\" content=\"1200\" \/>\n\t<meta property=\"og:image:height\" content=\"1200\" \/>\n\t<meta property=\"og:image:type\" content=\"image\/jpeg\" \/>\n<meta name=\"twitter:label1\" content=\"Price\" \/>\n\t<meta name=\"twitter:data1\" content=\"&euro;&nbsp;34,00\" \/>\n\t<meta name=\"twitter:label2\" content=\"Availability\" \/>\n\t<meta name=\"twitter:data2\" content=\"In stock\" \/>\n<script type=\"application\/ld+json\" class=\"yoast-schema-graph\">{\"@context\":\"https:\/\/schema.org\",\"@graph\":[{\"@type\":\"WebPage\",\"@id\":\"https:\/\/www.sestogrado.it\/en\/prodotto\/monte-bianco-vie-normali-valle-daosta\/\",\"url\":\"https:\/\/www.sestogrado.it\/en\/prodotto\/monte-bianco-vie-normali-valle-daosta\/\",\"name\":\"Monte Bianco vie normali Valle d'Aosta - Sestogrado\",\"isPartOf\":{\"@id\":\"https:\/\/www.sestogrado.it\/en\/#website\"},\"primaryImageOfPage\":{\"@id\":\"https:\/\/www.sestogrado.it\/en\/prodotto\/monte-bianco-vie-normali-valle-daosta\/#primaryimage\"},\"image\":{\"@id\":\"https:\/\/www.sestogrado.it\/prodotto\/monte-bianco-vie-normali-valle-daosta\/#primaryimage\"},\"thumbnailUrl\":\"https:\/\/www.sestogrado.it\/wp-content\/uploads\/2025\/02\/bianco.jpg\",\"datePublished\":\"2025-02-21T10:41:00+00:00\",\"dateModified\":\"2025-11-30T11:35:25+00:00\",\"description\":\"Il Monte Bianco, con i suoi 4807 m, \u00e8 la montagna pi\u00f9 alta delle Alpi. In parallelo, questo volume rappresenta il culmine pi\u00f9 importante della collana Vie Normali Valle d\u2019Aosta.La grandiosit\u00e0 delle sue cime, l\u2019estensione dei suoi ghiacciai e la profondit\u00e0 delle sue valli fanno del Monte Bianco la vera mecca dell\u2019alpinismo. La sua conquista, infatti, avvenuta nel 1786, segna l\u2019inizio di un\u2019attivit\u00e0, quella dell\u2019esplorazione delle terre alte, fino ad allora per nulla sviluppata.Una montagna importante per tutto il movimento degli amanti dell\u2019alpinismo e dell\u2019escursionismo. Vera terra di conquista, raccontata in pagine e pagine di libri di avventura alpinistica alle quali si aggiungono quelle di questo volume che conduce verso tutte le vette del gruppo.\",\"breadcrumb\":{\"@id\":\"https:\/\/www.sestogrado.it\/en\/prodotto\/monte-bianco-vie-normali-valle-daosta\/#breadcrumb\"},\"inLanguage\":\"en-US\",\"potentialAction\":[{\"@type\":\"ReadAction\",\"target\":[[\"https:\/\/www.sestogrado.it\/en\/prodotto\/monte-bianco-vie-normali-valle-daosta\/\"]]}]},{\"@type\":\"ImageObject\",\"inLanguage\":\"en-US\",\"@id\":\"https:\/\/www.sestogrado.it\/en\/prodotto\/monte-bianco-vie-normali-valle-daosta\/#primaryimage\",\"url\":\"https:\/\/www.sestogrado.it\/wp-content\/uploads\/2025\/02\/bianco.jpg\",\"contentUrl\":\"https:\/\/www.sestogrado.it\/wp-content\/uploads\/2025\/02\/bianco.jpg\",\"width\":1200,\"height\":1200,\"caption\":\"monte bianco\"},{\"@type\":\"BreadcrumbList\",\"@id\":\"https:\/\/www.sestogrado.it\/en\/prodotto\/monte-bianco-vie-normali-valle-daosta\/#breadcrumb\",\"itemListElement\":[{\"@type\":\"ListItem\",\"position\":1,\"name\":\"Home\",\"item\":\"https:\/\/www.sestogrado.it\/en\/\"},{\"@type\":\"ListItem\",\"position\":2,\"name\":\"Shop\",\"item\":\"https:\/\/www.sestogrado.it\/en\/shop\/\"},{\"@type\":\"ListItem\",\"position\":3,\"name\":\"Monte Bianco vie normali Valle d&#8217;Aosta\"}]},{\"@type\":\"WebSite\",\"@id\":\"https:\/\/www.sestogrado.it\/en\/#website\",\"url\":\"https:\/\/www.sestogrado.it\/en\/\",\"name\":\"Sestogrado\",\"description\":\"yes we climb\",\"publisher\":{\"@id\":\"https:\/\/www.sestogrado.it\/en\/#organization\"},\"potentialAction\":[{\"@type\":\"SearchAction\",\"target\":{\"@type\":\"EntryPoint\",\"urlTemplate\":\"https:\/\/www.sestogrado.it\/en\/?s={search_term_string}\"},\"query-input\":{\"@type\":\"PropertyValueSpecification\",\"valueRequired\":true,\"valueName\":\"search_term_string\"}}],\"inLanguage\":\"en-US\"},{\"@type\":\"Organization\",\"@id\":\"https:\/\/www.sestogrado.it\/en\/#organization\",\"name\":\"Sestogrado\",\"url\":\"https:\/\/www.sestogrado.it\/en\/\",\"logo\":{\"@type\":\"ImageObject\",\"inLanguage\":\"en-US\",\"@id\":\"https:\/\/www.sestogrado.it\/en\/#\/schema\/logo\/image\/\",\"url\":\"https:\/\/www.sestogrado.it\/wp-content\/uploads\/2015\/03\/sestogrado-favicon.png\",\"contentUrl\":\"https:\/\/www.sestogrado.it\/wp-content\/uploads\/2015\/03\/sestogrado-favicon.png\",\"width\":260,\"height\":260,\"caption\":\"Sestogrado\"},\"image\":{\"@id\":\"https:\/\/www.sestogrado.it\/en\/#\/schema\/logo\/image\/\"},\"sameAs\":[\"https:\/\/www.facebook.com\/pages\/Sestogrado\/1542635979353017?ref=bookmarks\",\"https:\/\/www.youtube.com\/channel\/UC847kAfTkaJsWpc1jtQwr3Q\"],\"hasMerchantReturnPolicy\":{\"@type\":\"MerchantReturnPolicy\",\"merchantReturnLink\":\"https:\/\/www.sestogrado.it\/en\/termini-e-condizioni\/\"}}]}<\/script>\n<meta property=\"product:brand\" content=\"Idea Montagna\" \/>\n<meta property=\"product:price:amount\" content=\"34.00\" \/>\n<meta property=\"product:price:currency\" content=\"EUR\" \/>\n<meta property=\"og:availability\" content=\"instock\" \/>\n<meta property=\"product:availability\" content=\"instock\" \/>\n<meta property=\"product:condition\" content=\"new\" \/>\n<!-- \/ Yoast SEO plugin. -->","yoast_head_json":{"title":"Monte Bianco vie normali Valle d'Aosta - Sestogrado","description":"Il Monte Bianco, con i suoi 4807 m, \u00e8 la montagna pi\u00f9 alta delle Alpi. In parallelo, questo volume rappresenta il culmine pi\u00f9 importante della collana Vie Normali Valle d\u2019Aosta.La grandiosit\u00e0 delle sue cime, l\u2019estensione dei suoi ghiacciai e la profondit\u00e0 delle sue valli fanno del Monte Bianco la vera mecca dell\u2019alpinismo. La sua conquista, infatti, avvenuta nel 1786, segna l\u2019inizio di un\u2019attivit\u00e0, quella dell\u2019esplorazione delle terre alte, fino ad allora per nulla sviluppata.Una montagna importante per tutto il movimento degli amanti dell\u2019alpinismo e dell\u2019escursionismo. Vera terra di conquista, raccontata in pagine e pagine di libri di avventura alpinistica alle quali si aggiungono quelle di questo volume che conduce verso tutte le vette del gruppo.","robots":{"index":"index","follow":"follow","max-snippet":"max-snippet:-1","max-image-preview":"max-image-preview:large","max-video-preview":"max-video-preview:-1"},"canonical":"https:\/\/www.sestogrado.it\/en\/prodotto\/monte-bianco-vie-normali-valle-daosta\/","og_locale":"en_US","og_type":"article","og_title":"Monte Bianco vie normali Valle d'Aosta - Sestogrado","og_description":"Il Monte Bianco, con i suoi 4807 m, \u00e8 la montagna pi\u00f9 alta delle Alpi. In parallelo, questo volume rappresenta il culmine pi\u00f9 importante della collana Vie Normali Valle d\u2019Aosta.La grandiosit\u00e0 delle sue cime, l\u2019estensione dei suoi ghiacciai e la profondit\u00e0 delle sue valli fanno del Monte Bianco la vera mecca dell\u2019alpinismo. La sua conquista, infatti, avvenuta nel 1786, segna l\u2019inizio di un\u2019attivit\u00e0, quella dell\u2019esplorazione delle terre alte, fino ad allora per nulla sviluppata.Una montagna importante per tutto il movimento degli amanti dell\u2019alpinismo e dell\u2019escursionismo. Vera terra di conquista, raccontata in pagine e pagine di libri di avventura alpinistica alle quali si aggiungono quelle di questo volume che conduce verso tutte le vette del gruppo.","og_url":"https:\/\/www.sestogrado.it\/en\/prodotto\/monte-bianco-vie-normali-valle-daosta\/","og_site_name":"Sestogrado","article_publisher":"https:\/\/www.facebook.com\/pages\/Sestogrado\/1542635979353017?ref=bookmarks","article_modified_time":"2025-11-30T11:35:25+00:00","og_image":[{"width":1200,"height":1200,"url":"https:\/\/www.sestogrado.it\/wp-content\/uploads\/2025\/02\/bianco.jpg","type":"image\/jpeg"}],"twitter_misc":{"Price":"&euro;&nbsp;34,00","Availability":"In stock"},"schema":{"@context":"https:\/\/schema.org","@graph":[{"@type":"WebPage","@id":"https:\/\/www.sestogrado.it\/en\/prodotto\/monte-bianco-vie-normali-valle-daosta\/","url":"https:\/\/www.sestogrado.it\/en\/prodotto\/monte-bianco-vie-normali-valle-daosta\/","name":"Monte Bianco vie normali Valle d'Aosta - Sestogrado","isPartOf":{"@id":"https:\/\/www.sestogrado.it\/en\/#website"},"primaryImageOfPage":{"@id":"https:\/\/www.sestogrado.it\/en\/prodotto\/monte-bianco-vie-normali-valle-daosta\/#primaryimage"},"image":{"@id":"https:\/\/www.sestogrado.it\/prodotto\/monte-bianco-vie-normali-valle-daosta\/#primaryimage"},"thumbnailUrl":"https:\/\/www.sestogrado.it\/wp-content\/uploads\/2025\/02\/bianco.jpg","datePublished":"2025-02-21T10:41:00+00:00","dateModified":"2025-11-30T11:35:25+00:00","description":"Il Monte Bianco, con i suoi 4807 m, \u00e8 la montagna pi\u00f9 alta delle Alpi. In parallelo, questo volume rappresenta il culmine pi\u00f9 importante della collana Vie Normali Valle d\u2019Aosta.La grandiosit\u00e0 delle sue cime, l\u2019estensione dei suoi ghiacciai e la profondit\u00e0 delle sue valli fanno del Monte Bianco la vera mecca dell\u2019alpinismo. La sua conquista, infatti, avvenuta nel 1786, segna l\u2019inizio di un\u2019attivit\u00e0, quella dell\u2019esplorazione delle terre alte, fino ad allora per nulla sviluppata.Una montagna importante per tutto il movimento degli amanti dell\u2019alpinismo e dell\u2019escursionismo. Vera terra di conquista, raccontata in pagine e pagine di libri di avventura alpinistica alle quali si aggiungono quelle di questo volume che conduce verso tutte le vette del gruppo.","breadcrumb":{"@id":"https:\/\/www.sestogrado.it\/en\/prodotto\/monte-bianco-vie-normali-valle-daosta\/#breadcrumb"},"inLanguage":"en-US","potentialAction":[{"@type":"ReadAction","target":[["https:\/\/www.sestogrado.it\/en\/prodotto\/monte-bianco-vie-normali-valle-daosta\/"]]}]},{"@type":"ImageObject","inLanguage":"en-US","@id":"https:\/\/www.sestogrado.it\/en\/prodotto\/monte-bianco-vie-normali-valle-daosta\/#primaryimage","url":"https:\/\/www.sestogrado.it\/wp-content\/uploads\/2025\/02\/bianco.jpg","contentUrl":"https:\/\/www.sestogrado.it\/wp-content\/uploads\/2025\/02\/bianco.jpg","width":1200,"height":1200,"caption":"monte bianco"},{"@type":"BreadcrumbList","@id":"https:\/\/www.sestogrado.it\/en\/prodotto\/monte-bianco-vie-normali-valle-daosta\/#breadcrumb","itemListElement":[{"@type":"ListItem","position":1,"name":"Home","item":"https:\/\/www.sestogrado.it\/en\/"},{"@type":"ListItem","position":2,"name":"Shop","item":"https:\/\/www.sestogrado.it\/en\/shop\/"},{"@type":"ListItem","position":3,"name":"Monte Bianco vie normali Valle d&#8217;Aosta"}]},{"@type":"WebSite","@id":"https:\/\/www.sestogrado.it\/en\/#website","url":"https:\/\/www.sestogrado.it\/en\/","name":"Sestogrado","description":"yes we climb","publisher":{"@id":"https:\/\/www.sestogrado.it\/en\/#organization"},"potentialAction":[{"@type":"SearchAction","target":{"@type":"EntryPoint","urlTemplate":"https:\/\/www.sestogrado.it\/en\/?s={search_term_string}"},"query-input":{"@type":"PropertyValueSpecification","valueRequired":true,"valueName":"search_term_string"}}],"inLanguage":"en-US"},{"@type":"Organization","@id":"https:\/\/www.sestogrado.it\/en\/#organization","name":"Sestogrado","url":"https:\/\/www.sestogrado.it\/en\/","logo":{"@type":"ImageObject","inLanguage":"en-US","@id":"https:\/\/www.sestogrado.it\/en\/#\/schema\/logo\/image\/","url":"https:\/\/www.sestogrado.it\/wp-content\/uploads\/2015\/03\/sestogrado-favicon.png","contentUrl":"https:\/\/www.sestogrado.it\/wp-content\/uploads\/2015\/03\/sestogrado-favicon.png","width":260,"height":260,"caption":"Sestogrado"},"image":{"@id":"https:\/\/www.sestogrado.it\/en\/#\/schema\/logo\/image\/"},"sameAs":["https:\/\/www.facebook.com\/pages\/Sestogrado\/1542635979353017?ref=bookmarks","https:\/\/www.youtube.com\/channel\/UC847kAfTkaJsWpc1jtQwr3Q"],"hasMerchantReturnPolicy":{"@type":"MerchantReturnPolicy","merchantReturnLink":"https:\/\/www.sestogrado.it\/en\/termini-e-condizioni\/"}}]},"product_brand":"Idea Montagna","product_price_amount":"34.00","product_price_currency":"EUR","og_availability":"instock","product_availability":"instock","product_condition":"new"},"_links":{"self":[{"href":"https:\/\/www.sestogrado.it\/en\/wp-json\/wp\/v2\/product\/183999","targetHints":{"allow":["GET"]}}],"collection":[{"href":"https:\/\/www.sestogrado.it\/en\/wp-json\/wp\/v2\/product"}],"about":[{"href":"https:\/\/www.sestogrado.it\/en\/wp-json\/wp\/v2\/types\/product"}],"replies":[{"embeddable":true,"href":"https:\/\/www.sestogrado.it\/en\/wp-json\/wp\/v2\/comments?post=183999"}],"wp:featuredmedia":[{"embeddable":true,"href":"https:\/\/www.sestogrado.it\/en\/wp-json\/wp\/v2\/media\/184000"}],"wp:attachment":[{"href":"https:\/\/www.sestogrado.it\/en\/wp-json\/wp\/v2\/media?parent=183999"}],"wp:term":[{"taxonomy":"product_brand","embeddable":true,"href":"https:\/\/www.sestogrado.it\/en\/wp-json\/wp\/v2\/product_brand?post=183999"},{"taxonomy":"product_cat","embeddable":true,"href":"https:\/\/www.sestogrado.it\/en\/wp-json\/wp\/v2\/product_cat?post=183999"},{"taxonomy":"product_tag","embeddable":true,"href":"https:\/\/www.sestogrado.it\/en\/wp-json\/wp\/v2\/product_tag?post=183999"}],"curies":[{"name":"wp","href":"https:\/\/api.w.org\/{rel}","templated":true}]}}