{"id":183994,"date":"2025-02-21T11:13:01","date_gmt":"2025-02-21T10:13:01","guid":{"rendered":"https:\/\/www.sestogrado.it\/?post_type=product&#038;p=183994"},"modified":"2025-02-21T11:22:40","modified_gmt":"2025-02-21T10:22:40","slug":"idea-montagna-3000-ortles-cevedale-vol2","status":"publish","type":"product","link":"https:\/\/www.sestogrado.it\/en\/prodotto\/idea-montagna-3000-ortles-cevedale-vol2\/","title":{"rendered":"Idea Montagna 3000 Ortles Cevedale Vol2"},"content":{"rendered":"<p class=\"qtranxs-available-languages-message qtranxs-available-languages-message-en\">Sorry, this entry is only available in <a href=\"https:\/\/www.sestogrado.it\/it\/wp-json\/wp\/v2\/product\/183994\" class=\"qtranxs-available-language-link qtranxs-available-language-link-it\" title=\"Italiano\">Italiano<\/a>.<\/p>","protected":false},"excerpt":{"rendered":"<p>Sorry, this entry is only available in Italiano.<\/p>\n","protected":false},"featured_media":183996,"comment_status":"open","ping_status":"closed","template":"","meta":{"_acf_changed":false},"product_brand":[331],"product_cat":[98],"product_tag":[],"class_list":{"0":"post-183994","1":"product","2":"type-product","3":"status-publish","4":"has-post-thumbnail","6":"product_brand-idea-montagna","7":"product_cat-libri","9":"first","10":"instock","11":"taxable","12":"shipping-taxable","13":"purchasable","14":"product-type-simple"},"acf":[],"yoast_head":"<!-- This site is optimized with the Yoast SEO plugin v26.4 - https:\/\/yoast.com\/wordpress\/plugins\/seo\/ -->\n<title>Idea Montagna 3000 Ortles Cevedale Vol2 - Sestogrado<\/title>\n<meta name=\"description\" content=\"Il secondo volume dedicato al gruppo Ortles-Cevedale si concentra sulle cime principali di questa magnifica area montuosa. Dopo aver passato in rassegna, con il volume 1, il Monte Cevedale e tutte le numerose vette attorno a esso, questo volume va a prendere in considerazione l\u2019Ortles, la cima pi\u00f9 alta, e il Gran Zebr\u00f9, probabilmente la pi\u00f9 bella e impervia. L\u2019intera zona \u00e8 famosa per un alpinismo di ampio respiro, dove i ghiacciai, seppur ridotti a causa del cambiamento climatico, rimangono i protagonisti per le lunghe e magnifiche ascensioni. Completa il volume l\u2019intera area di Cima Vertana, altra perla del gruppo.In totale il libro illustra, con precise descrizioni e splendide fotografie, la salita a 53 cime superiori ai 3000 metri.\" \/>\n<meta name=\"robots\" content=\"index, follow, max-snippet:-1, max-image-preview:large, max-video-preview:-1\" \/>\n<link rel=\"canonical\" href=\"https:\/\/www.sestogrado.it\/en\/prodotto\/idea-montagna-3000-ortles-cevedale-vol2\/\" \/>\n<meta property=\"og:locale\" content=\"en_US\" \/>\n<meta property=\"og:type\" content=\"article\" \/>\n<meta property=\"og:title\" content=\"Idea Montagna 3000 Ortles Cevedale Vol2 - Sestogrado\" \/>\n<meta property=\"og:description\" content=\"Il secondo volume dedicato al gruppo Ortles-Cevedale si concentra sulle cime principali di questa magnifica area montuosa. Dopo aver passato in rassegna, con il volume 1, il Monte Cevedale e tutte le numerose vette attorno a esso, questo volume va a prendere in considerazione l\u2019Ortles, la cima pi\u00f9 alta, e il Gran Zebr\u00f9, probabilmente la pi\u00f9 bella e impervia. L\u2019intera zona \u00e8 famosa per un alpinismo di ampio respiro, dove i ghiacciai, seppur ridotti a causa del cambiamento climatico, rimangono i protagonisti per le lunghe e magnifiche ascensioni. Completa il volume l\u2019intera area di Cima Vertana, altra perla del gruppo.In totale il libro illustra, con precise descrizioni e splendide fotografie, la salita a 53 cime superiori ai 3000 metri.\" \/>\n<meta property=\"og:url\" content=\"https:\/\/www.sestogrado.it\/en\/prodotto\/idea-montagna-3000-ortles-cevedale-vol2\/\" \/>\n<meta property=\"og:site_name\" content=\"Sestogrado\" \/>\n<meta property=\"article:publisher\" content=\"https:\/\/www.facebook.com\/pages\/Sestogrado\/1542635979353017?ref=bookmarks\" \/>\n<meta property=\"article:modified_time\" content=\"2025-02-21T10:22:40+00:00\" \/>\n<meta property=\"og:image\" content=\"https:\/\/www.sestogrado.it\/wp-content\/uploads\/2025\/02\/ortles-vol2.jpg\" \/>\n\t<meta property=\"og:image:width\" content=\"900\" \/>\n\t<meta property=\"og:image:height\" content=\"900\" \/>\n\t<meta property=\"og:image:type\" content=\"image\/jpeg\" \/>\n<meta name=\"twitter:label1\" content=\"Price\" \/>\n\t<meta name=\"twitter:data1\" content=\"&euro;&nbsp;26,00\" \/>\n\t<meta name=\"twitter:label2\" content=\"Availability\" \/>\n\t<meta name=\"twitter:data2\" content=\"In stock\" \/>\n<script type=\"application\/ld+json\" class=\"yoast-schema-graph\">{\"@context\":\"https:\/\/schema.org\",\"@graph\":[{\"@type\":\"WebPage\",\"@id\":\"https:\/\/www.sestogrado.it\/en\/prodotto\/idea-montagna-3000-ortles-cevedale-vol2\/\",\"url\":\"https:\/\/www.sestogrado.it\/en\/prodotto\/idea-montagna-3000-ortles-cevedale-vol2\/\",\"name\":\"Idea Montagna 3000 Ortles Cevedale Vol2 - Sestogrado\",\"isPartOf\":{\"@id\":\"https:\/\/www.sestogrado.it\/en\/#website\"},\"primaryImageOfPage\":{\"@id\":\"https:\/\/www.sestogrado.it\/en\/prodotto\/idea-montagna-3000-ortles-cevedale-vol2\/#primaryimage\"},\"image\":{\"@id\":\"https:\/\/www.sestogrado.it\/prodotto\/idea-montagna-3000-ortles-cevedale-vol2\/#primaryimage\"},\"thumbnailUrl\":\"https:\/\/www.sestogrado.it\/wp-content\/uploads\/2025\/02\/ortles-vol2.jpg\",\"datePublished\":\"2025-02-21T10:13:01+00:00\",\"dateModified\":\"2025-02-21T10:22:40+00:00\",\"description\":\"Il secondo volume dedicato al gruppo Ortles-Cevedale si concentra sulle cime principali di questa magnifica area montuosa. Dopo aver passato in rassegna, con il volume 1, il Monte Cevedale e tutte le numerose vette attorno a esso, questo volume va a prendere in considerazione l\u2019Ortles, la cima pi\u00f9 alta, e il Gran Zebr\u00f9, probabilmente la pi\u00f9 bella e impervia. L\u2019intera zona \u00e8 famosa per un alpinismo di ampio respiro, dove i ghiacciai, seppur ridotti a causa del cambiamento climatico, rimangono i protagonisti per le lunghe e magnifiche ascensioni. Completa il volume l\u2019intera area di Cima Vertana, altra perla del gruppo.In totale il libro illustra, con precise descrizioni e splendide fotografie, la salita a 53 cime superiori ai 3000 metri.\",\"breadcrumb\":{\"@id\":\"https:\/\/www.sestogrado.it\/en\/prodotto\/idea-montagna-3000-ortles-cevedale-vol2\/#breadcrumb\"},\"inLanguage\":\"en-US\",\"potentialAction\":[{\"@type\":\"ReadAction\",\"target\":[[\"https:\/\/www.sestogrado.it\/en\/prodotto\/idea-montagna-3000-ortles-cevedale-vol2\/\"]]}]},{\"@type\":\"ImageObject\",\"inLanguage\":\"en-US\",\"@id\":\"https:\/\/www.sestogrado.it\/en\/prodotto\/idea-montagna-3000-ortles-cevedale-vol2\/#primaryimage\",\"url\":\"https:\/\/www.sestogrado.it\/wp-content\/uploads\/2025\/02\/ortles-vol2.jpg\",\"contentUrl\":\"https:\/\/www.sestogrado.it\/wp-content\/uploads\/2025\/02\/ortles-vol2.jpg\",\"width\":900,\"height\":900,\"caption\":\"ortles-vol2\"},{\"@type\":\"BreadcrumbList\",\"@id\":\"https:\/\/www.sestogrado.it\/en\/prodotto\/idea-montagna-3000-ortles-cevedale-vol2\/#breadcrumb\",\"itemListElement\":[{\"@type\":\"ListItem\",\"position\":1,\"name\":\"Home\",\"item\":\"https:\/\/www.sestogrado.it\/en\/\"},{\"@type\":\"ListItem\",\"position\":2,\"name\":\"Shop\",\"item\":\"https:\/\/www.sestogrado.it\/en\/shop\/\"},{\"@type\":\"ListItem\",\"position\":3,\"name\":\"Idea Montagna 3000 Ortles Cevedale Vol2\"}]},{\"@type\":\"WebSite\",\"@id\":\"https:\/\/www.sestogrado.it\/en\/#website\",\"url\":\"https:\/\/www.sestogrado.it\/en\/\",\"name\":\"Sestogrado\",\"description\":\"yes we climb\",\"publisher\":{\"@id\":\"https:\/\/www.sestogrado.it\/en\/#organization\"},\"potentialAction\":[{\"@type\":\"SearchAction\",\"target\":{\"@type\":\"EntryPoint\",\"urlTemplate\":\"https:\/\/www.sestogrado.it\/en\/?s={search_term_string}\"},\"query-input\":{\"@type\":\"PropertyValueSpecification\",\"valueRequired\":true,\"valueName\":\"search_term_string\"}}],\"inLanguage\":\"en-US\"},{\"@type\":\"Organization\",\"@id\":\"https:\/\/www.sestogrado.it\/en\/#organization\",\"name\":\"Sestogrado\",\"url\":\"https:\/\/www.sestogrado.it\/en\/\",\"logo\":{\"@type\":\"ImageObject\",\"inLanguage\":\"en-US\",\"@id\":\"https:\/\/www.sestogrado.it\/en\/#\/schema\/logo\/image\/\",\"url\":\"https:\/\/www.sestogrado.it\/wp-content\/uploads\/2015\/03\/sestogrado-favicon.png\",\"contentUrl\":\"https:\/\/www.sestogrado.it\/wp-content\/uploads\/2015\/03\/sestogrado-favicon.png\",\"width\":260,\"height\":260,\"caption\":\"Sestogrado\"},\"image\":{\"@id\":\"https:\/\/www.sestogrado.it\/en\/#\/schema\/logo\/image\/\"},\"sameAs\":[\"https:\/\/www.facebook.com\/pages\/Sestogrado\/1542635979353017?ref=bookmarks\",\"https:\/\/www.youtube.com\/channel\/UC847kAfTkaJsWpc1jtQwr3Q\"],\"hasMerchantReturnPolicy\":{\"@type\":\"MerchantReturnPolicy\",\"merchantReturnLink\":\"https:\/\/www.sestogrado.it\/en\/termini-e-condizioni\/\"}}]}<\/script>\n<meta property=\"product:brand\" content=\"Idea Montagna\" \/>\n<meta property=\"product:price:amount\" content=\"26.00\" \/>\n<meta property=\"product:price:currency\" content=\"EUR\" \/>\n<meta property=\"og:availability\" content=\"instock\" \/>\n<meta property=\"product:availability\" content=\"instock\" \/>\n<meta property=\"product:condition\" content=\"new\" \/>\n<!-- \/ Yoast SEO plugin. -->","yoast_head_json":{"title":"Idea Montagna 3000 Ortles Cevedale Vol2 - Sestogrado","description":"Il secondo volume dedicato al gruppo Ortles-Cevedale si concentra sulle cime principali di questa magnifica area montuosa. Dopo aver passato in rassegna, con il volume 1, il Monte Cevedale e tutte le numerose vette attorno a esso, questo volume va a prendere in considerazione l\u2019Ortles, la cima pi\u00f9 alta, e il Gran Zebr\u00f9, probabilmente la pi\u00f9 bella e impervia. L\u2019intera zona \u00e8 famosa per un alpinismo di ampio respiro, dove i ghiacciai, seppur ridotti a causa del cambiamento climatico, rimangono i protagonisti per le lunghe e magnifiche ascensioni. Completa il volume l\u2019intera area di Cima Vertana, altra perla del gruppo.In totale il libro illustra, con precise descrizioni e splendide fotografie, la salita a 53 cime superiori ai 3000 metri.","robots":{"index":"index","follow":"follow","max-snippet":"max-snippet:-1","max-image-preview":"max-image-preview:large","max-video-preview":"max-video-preview:-1"},"canonical":"https:\/\/www.sestogrado.it\/en\/prodotto\/idea-montagna-3000-ortles-cevedale-vol2\/","og_locale":"en_US","og_type":"article","og_title":"Idea Montagna 3000 Ortles Cevedale Vol2 - Sestogrado","og_description":"Il secondo volume dedicato al gruppo Ortles-Cevedale si concentra sulle cime principali di questa magnifica area montuosa. Dopo aver passato in rassegna, con il volume 1, il Monte Cevedale e tutte le numerose vette attorno a esso, questo volume va a prendere in considerazione l\u2019Ortles, la cima pi\u00f9 alta, e il Gran Zebr\u00f9, probabilmente la pi\u00f9 bella e impervia. L\u2019intera zona \u00e8 famosa per un alpinismo di ampio respiro, dove i ghiacciai, seppur ridotti a causa del cambiamento climatico, rimangono i protagonisti per le lunghe e magnifiche ascensioni. Completa il volume l\u2019intera area di Cima Vertana, altra perla del gruppo.In totale il libro illustra, con precise descrizioni e splendide fotografie, la salita a 53 cime superiori ai 3000 metri.","og_url":"https:\/\/www.sestogrado.it\/en\/prodotto\/idea-montagna-3000-ortles-cevedale-vol2\/","og_site_name":"Sestogrado","article_publisher":"https:\/\/www.facebook.com\/pages\/Sestogrado\/1542635979353017?ref=bookmarks","article_modified_time":"2025-02-21T10:22:40+00:00","og_image":[{"width":900,"height":900,"url":"https:\/\/www.sestogrado.it\/wp-content\/uploads\/2025\/02\/ortles-vol2.jpg","type":"image\/jpeg"}],"twitter_misc":{"Price":"&euro;&nbsp;26,00","Availability":"In stock"},"schema":{"@context":"https:\/\/schema.org","@graph":[{"@type":"WebPage","@id":"https:\/\/www.sestogrado.it\/en\/prodotto\/idea-montagna-3000-ortles-cevedale-vol2\/","url":"https:\/\/www.sestogrado.it\/en\/prodotto\/idea-montagna-3000-ortles-cevedale-vol2\/","name":"Idea Montagna 3000 Ortles Cevedale Vol2 - Sestogrado","isPartOf":{"@id":"https:\/\/www.sestogrado.it\/en\/#website"},"primaryImageOfPage":{"@id":"https:\/\/www.sestogrado.it\/en\/prodotto\/idea-montagna-3000-ortles-cevedale-vol2\/#primaryimage"},"image":{"@id":"https:\/\/www.sestogrado.it\/prodotto\/idea-montagna-3000-ortles-cevedale-vol2\/#primaryimage"},"thumbnailUrl":"https:\/\/www.sestogrado.it\/wp-content\/uploads\/2025\/02\/ortles-vol2.jpg","datePublished":"2025-02-21T10:13:01+00:00","dateModified":"2025-02-21T10:22:40+00:00","description":"Il secondo volume dedicato al gruppo Ortles-Cevedale si concentra sulle cime principali di questa magnifica area montuosa. Dopo aver passato in rassegna, con il volume 1, il Monte Cevedale e tutte le numerose vette attorno a esso, questo volume va a prendere in considerazione l\u2019Ortles, la cima pi\u00f9 alta, e il Gran Zebr\u00f9, probabilmente la pi\u00f9 bella e impervia. L\u2019intera zona \u00e8 famosa per un alpinismo di ampio respiro, dove i ghiacciai, seppur ridotti a causa del cambiamento climatico, rimangono i protagonisti per le lunghe e magnifiche ascensioni. Completa il volume l\u2019intera area di Cima Vertana, altra perla del gruppo.In totale il libro illustra, con precise descrizioni e splendide fotografie, la salita a 53 cime superiori ai 3000 metri.","breadcrumb":{"@id":"https:\/\/www.sestogrado.it\/en\/prodotto\/idea-montagna-3000-ortles-cevedale-vol2\/#breadcrumb"},"inLanguage":"en-US","potentialAction":[{"@type":"ReadAction","target":[["https:\/\/www.sestogrado.it\/en\/prodotto\/idea-montagna-3000-ortles-cevedale-vol2\/"]]}]},{"@type":"ImageObject","inLanguage":"en-US","@id":"https:\/\/www.sestogrado.it\/en\/prodotto\/idea-montagna-3000-ortles-cevedale-vol2\/#primaryimage","url":"https:\/\/www.sestogrado.it\/wp-content\/uploads\/2025\/02\/ortles-vol2.jpg","contentUrl":"https:\/\/www.sestogrado.it\/wp-content\/uploads\/2025\/02\/ortles-vol2.jpg","width":900,"height":900,"caption":"ortles-vol2"},{"@type":"BreadcrumbList","@id":"https:\/\/www.sestogrado.it\/en\/prodotto\/idea-montagna-3000-ortles-cevedale-vol2\/#breadcrumb","itemListElement":[{"@type":"ListItem","position":1,"name":"Home","item":"https:\/\/www.sestogrado.it\/en\/"},{"@type":"ListItem","position":2,"name":"Shop","item":"https:\/\/www.sestogrado.it\/en\/shop\/"},{"@type":"ListItem","position":3,"name":"Idea Montagna 3000 Ortles Cevedale Vol2"}]},{"@type":"WebSite","@id":"https:\/\/www.sestogrado.it\/en\/#website","url":"https:\/\/www.sestogrado.it\/en\/","name":"Sestogrado","description":"yes we climb","publisher":{"@id":"https:\/\/www.sestogrado.it\/en\/#organization"},"potentialAction":[{"@type":"SearchAction","target":{"@type":"EntryPoint","urlTemplate":"https:\/\/www.sestogrado.it\/en\/?s={search_term_string}"},"query-input":{"@type":"PropertyValueSpecification","valueRequired":true,"valueName":"search_term_string"}}],"inLanguage":"en-US"},{"@type":"Organization","@id":"https:\/\/www.sestogrado.it\/en\/#organization","name":"Sestogrado","url":"https:\/\/www.sestogrado.it\/en\/","logo":{"@type":"ImageObject","inLanguage":"en-US","@id":"https:\/\/www.sestogrado.it\/en\/#\/schema\/logo\/image\/","url":"https:\/\/www.sestogrado.it\/wp-content\/uploads\/2015\/03\/sestogrado-favicon.png","contentUrl":"https:\/\/www.sestogrado.it\/wp-content\/uploads\/2015\/03\/sestogrado-favicon.png","width":260,"height":260,"caption":"Sestogrado"},"image":{"@id":"https:\/\/www.sestogrado.it\/en\/#\/schema\/logo\/image\/"},"sameAs":["https:\/\/www.facebook.com\/pages\/Sestogrado\/1542635979353017?ref=bookmarks","https:\/\/www.youtube.com\/channel\/UC847kAfTkaJsWpc1jtQwr3Q"],"hasMerchantReturnPolicy":{"@type":"MerchantReturnPolicy","merchantReturnLink":"https:\/\/www.sestogrado.it\/en\/termini-e-condizioni\/"}}]},"product_brand":"Idea Montagna","product_price_amount":"26.00","product_price_currency":"EUR","og_availability":"instock","product_availability":"instock","product_condition":"new"},"_links":{"self":[{"href":"https:\/\/www.sestogrado.it\/en\/wp-json\/wp\/v2\/product\/183994","targetHints":{"allow":["GET"]}}],"collection":[{"href":"https:\/\/www.sestogrado.it\/en\/wp-json\/wp\/v2\/product"}],"about":[{"href":"https:\/\/www.sestogrado.it\/en\/wp-json\/wp\/v2\/types\/product"}],"replies":[{"embeddable":true,"href":"https:\/\/www.sestogrado.it\/en\/wp-json\/wp\/v2\/comments?post=183994"}],"wp:featuredmedia":[{"embeddable":true,"href":"https:\/\/www.sestogrado.it\/en\/wp-json\/wp\/v2\/media\/183996"}],"wp:attachment":[{"href":"https:\/\/www.sestogrado.it\/en\/wp-json\/wp\/v2\/media?parent=183994"}],"wp:term":[{"taxonomy":"product_brand","embeddable":true,"href":"https:\/\/www.sestogrado.it\/en\/wp-json\/wp\/v2\/product_brand?post=183994"},{"taxonomy":"product_cat","embeddable":true,"href":"https:\/\/www.sestogrado.it\/en\/wp-json\/wp\/v2\/product_cat?post=183994"},{"taxonomy":"product_tag","embeddable":true,"href":"https:\/\/www.sestogrado.it\/en\/wp-json\/wp\/v2\/product_tag?post=183994"}],"curies":[{"name":"wp","href":"https:\/\/api.w.org\/{rel}","templated":true}]}}