{"id":1837,"date":"2015-07-03T13:14:31","date_gmt":"2015-07-03T11:14:31","guid":{"rendered":"http:\/\/www.sestogrado.it\/?post_type=product&#038;p=1837"},"modified":"2025-10-11T18:19:16","modified_gmt":"2025-10-11T16:19:16","slug":"grivel-mega-k6g-moschettone-hms-arrampicata-doppia-leva","status":"publish","type":"product","link":"https:\/\/www.sestogrado.it\/en\/prodotto\/grivel-mega-k6g-moschettone-hms-arrampicata-doppia-leva\/","title":{"rendered":"Grivel Mega K6G HMS double straight gate carabiner"},"content":{"rendered":"<p><\/p>\n<div>Pear shaped carabiner, double straight gates. Very large carabiner for belaying with Munter hitch and for rappelling, with single or double ropes.<\/div>\n<div>\n<ul>\n<li>Pear shaped<\/li>\n<li>Forged<\/li>\n<li>Twin Gate (Straight Gate+Straight Gate)<\/li>\n<\/ul>\n<\/div>\n<div class=\"embed-responsive embed-responsive-16by9\"><iframe title=\"Grivel new &quot; Twin Gate Carabiner &quot; - IN ACTION -\" width=\"500\" height=\"281\" src=\"https:\/\/www.youtube.com\/embed\/tPdSBA6Fjig?feature=oembed\" frameborder=\"0\" allow=\"accelerometer; autoplay; clipboard-write; encrypted-media; gyroscope; picture-in-picture; web-share\" referrerpolicy=\"strict-origin-when-cross-origin\" allowfullscreen><\/iframe><\/div>\n<p>&nbsp;<\/p>\n<p>Born in 1818 in Courmayeur, Grivel is an Italian company that produces equipment and equipment for mountaineering, climbing and outdoor, exporting to 26 countries. The company has been awarded the GS T\u00dcV certification since 1992, ISO 9001 since 1996, ISO 1400 since 2004. Grivel&#8217;s goal is to facilitate life for mountaineers and mountain lovers with technologically advanced products.<\/p>","protected":false},"excerpt":{"rendered":"<p>Pear shaped carabiner, double straight gates. Very large carabiner for belaying with Munter hitch and for rappelling, with single or [&hellip;]<\/p>\n","protected":false},"featured_media":39386,"comment_status":"open","ping_status":"closed","template":"","meta":{"_acf_changed":false},"product_brand":[126],"product_cat":[17,132],"product_tag":[418],"class_list":{"0":"post-1837","1":"product","2":"type-product","3":"status-publish","4":"has-post-thumbnail","6":"product_brand-grivel","7":"product_cat-ferramenta","8":"product_cat-moschettoni","9":"product_tag-moschettoni","11":"first","12":"instock","13":"sale","14":"taxable","15":"shipping-taxable","16":"purchasable","17":"product-type-simple"},"acf":[],"yoast_head":"<!-- This site is optimized with the Yoast SEO plugin v26.4 - https:\/\/yoast.com\/wordpress\/plugins\/seo\/ -->\n<title>Grivel Mega K6G HMS double straight gate carabiner  - Sestogrado<\/title>\n<meta name=\"description\" content=\"Il Grivel Mega K6G \u00e8 un moschettone a leva doppia o twin gate che conferisce massima sicurezza impedendo la fuoriuscita della corda o dell&#039;assicuratore. La particolarit\u00e0 di questo moschettone \u00e8 l&#039;impossibilit\u00e0 di uscita accidentale della corda, sia per sfregamento che per pressione, conferendo massima sicurezza.Il Grivel Mega K6G \u00e8 un moschettone a leva doppia o twin gate che conferisce massima sicurezza impedendo la fuoriuscita della corda o dell&#039;assicuratore.\" \/>\n<meta name=\"robots\" content=\"index, follow, max-snippet:-1, max-image-preview:large, max-video-preview:-1\" \/>\n<link rel=\"canonical\" href=\"https:\/\/www.sestogrado.it\/en\/prodotto\/grivel-mega-k6g-moschettone-hms-arrampicata-doppia-leva\/\" \/>\n<meta property=\"og:locale\" content=\"en_US\" \/>\n<meta property=\"og:type\" content=\"article\" \/>\n<meta property=\"og:title\" content=\"Grivel Mega K6G HMS double straight gate carabiner  - Sestogrado\" \/>\n<meta property=\"og:description\" content=\"Il Grivel Mega K6G \u00e8 un moschettone a leva doppia o twin gate che conferisce massima sicurezza impedendo la fuoriuscita della corda o dell&#039;assicuratore. La particolarit\u00e0 di questo moschettone \u00e8 l&#039;impossibilit\u00e0 di uscita accidentale della corda, sia per sfregamento che per pressione, conferendo massima sicurezza.Il Grivel Mega K6G \u00e8 un moschettone a leva doppia o twin gate che conferisce massima sicurezza impedendo la fuoriuscita della corda o dell&#039;assicuratore.\" \/>\n<meta property=\"og:url\" content=\"https:\/\/www.sestogrado.it\/en\/prodotto\/grivel-mega-k6g-moschettone-hms-arrampicata-doppia-leva\/\" \/>\n<meta property=\"og:site_name\" content=\"Sestogrado\" \/>\n<meta property=\"article:publisher\" content=\"https:\/\/www.facebook.com\/pages\/Sestogrado\/1542635979353017?ref=bookmarks\" \/>\n<meta property=\"article:modified_time\" content=\"2025-10-11T16:19:16+00:00\" \/>\n<meta property=\"og:image\" content=\"https:\/\/www.sestogrado.it\/wp-content\/uploads\/2015\/07\/k6g.jpg\" \/>\n\t<meta property=\"og:image:width\" content=\"1600\" \/>\n\t<meta property=\"og:image:height\" content=\"1600\" \/>\n\t<meta property=\"og:image:type\" content=\"image\/jpeg\" \/>\n<meta name=\"twitter:label1\" content=\"Price\" \/>\n\t<meta name=\"twitter:data1\" content=\"&euro;&nbsp;17,90\" \/>\n\t<meta name=\"twitter:label2\" content=\"Availability\" \/>\n\t<meta name=\"twitter:data2\" content=\"In stock\" \/>\n<script type=\"application\/ld+json\" class=\"yoast-schema-graph\">{\"@context\":\"https:\/\/schema.org\",\"@graph\":[{\"@type\":\"WebPage\",\"@id\":\"https:\/\/www.sestogrado.it\/en\/prodotto\/grivel-mega-k6g-moschettone-hms-arrampicata-doppia-leva\/\",\"url\":\"https:\/\/www.sestogrado.it\/en\/prodotto\/grivel-mega-k6g-moschettone-hms-arrampicata-doppia-leva\/\",\"name\":\"Grivel Mega K6G HMS double straight gate carabiner  - Sestogrado\",\"isPartOf\":{\"@id\":\"https:\/\/www.sestogrado.it\/en\/#website\"},\"primaryImageOfPage\":{\"@id\":\"https:\/\/www.sestogrado.it\/en\/prodotto\/grivel-mega-k6g-moschettone-hms-arrampicata-doppia-leva\/#primaryimage\"},\"image\":{\"@id\":\"https:\/\/www.sestogrado.it\/prodotto\/grivel-mega-k6g-moschettone-hms-arrampicata-doppia-leva\/#primaryimage\"},\"thumbnailUrl\":\"https:\/\/www.sestogrado.it\/wp-content\/uploads\/2015\/07\/k6g.jpg\",\"datePublished\":\"2015-07-03T11:14:31+00:00\",\"dateModified\":\"2025-10-11T16:19:16+00:00\",\"description\":\"Il Grivel Mega K6G \u00e8 un moschettone a leva doppia o twin gate che conferisce massima sicurezza impedendo la fuoriuscita della corda o dell'assicuratore. La particolarit\u00e0 di questo moschettone \u00e8 l'impossibilit\u00e0 di uscita accidentale della corda, sia per sfregamento che per pressione, conferendo massima sicurezza.Il Grivel Mega K6G \u00e8 un moschettone a leva doppia o twin gate che conferisce massima sicurezza impedendo la fuoriuscita della corda o dell'assicuratore.\",\"breadcrumb\":{\"@id\":\"https:\/\/www.sestogrado.it\/en\/prodotto\/grivel-mega-k6g-moschettone-hms-arrampicata-doppia-leva\/#breadcrumb\"},\"inLanguage\":\"en-US\",\"potentialAction\":[{\"@type\":\"ReadAction\",\"target\":[[\"https:\/\/www.sestogrado.it\/en\/prodotto\/grivel-mega-k6g-moschettone-hms-arrampicata-doppia-leva\/\"]]}]},{\"@type\":\"ImageObject\",\"inLanguage\":\"en-US\",\"@id\":\"https:\/\/www.sestogrado.it\/en\/prodotto\/grivel-mega-k6g-moschettone-hms-arrampicata-doppia-leva\/#primaryimage\",\"url\":\"https:\/\/www.sestogrado.it\/wp-content\/uploads\/2015\/07\/k6g.jpg\",\"contentUrl\":\"https:\/\/www.sestogrado.it\/wp-content\/uploads\/2015\/07\/k6g.jpg\",\"width\":1600,\"height\":1600,\"caption\":\"grivel mega k6g\"},{\"@type\":\"BreadcrumbList\",\"@id\":\"https:\/\/www.sestogrado.it\/en\/prodotto\/grivel-mega-k6g-moschettone-hms-arrampicata-doppia-leva\/#breadcrumb\",\"itemListElement\":[{\"@type\":\"ListItem\",\"position\":1,\"name\":\"Home\",\"item\":\"https:\/\/www.sestogrado.it\/en\/\"},{\"@type\":\"ListItem\",\"position\":2,\"name\":\"Shop\",\"item\":\"https:\/\/www.sestogrado.it\/en\/shop\/\"},{\"@type\":\"ListItem\",\"position\":3,\"name\":\"Grivel Mega K6G moschettone HMS arrampicata doppia leva\"}]},{\"@type\":\"WebSite\",\"@id\":\"https:\/\/www.sestogrado.it\/en\/#website\",\"url\":\"https:\/\/www.sestogrado.it\/en\/\",\"name\":\"Sestogrado\",\"description\":\"yes we climb\",\"publisher\":{\"@id\":\"https:\/\/www.sestogrado.it\/en\/#organization\"},\"potentialAction\":[{\"@type\":\"SearchAction\",\"target\":{\"@type\":\"EntryPoint\",\"urlTemplate\":\"https:\/\/www.sestogrado.it\/en\/?s={search_term_string}\"},\"query-input\":{\"@type\":\"PropertyValueSpecification\",\"valueRequired\":true,\"valueName\":\"search_term_string\"}}],\"inLanguage\":\"en-US\"},{\"@type\":\"Organization\",\"@id\":\"https:\/\/www.sestogrado.it\/en\/#organization\",\"name\":\"Sestogrado\",\"url\":\"https:\/\/www.sestogrado.it\/en\/\",\"logo\":{\"@type\":\"ImageObject\",\"inLanguage\":\"en-US\",\"@id\":\"https:\/\/www.sestogrado.it\/en\/#\/schema\/logo\/image\/\",\"url\":\"https:\/\/www.sestogrado.it\/wp-content\/uploads\/2015\/03\/sestogrado-favicon.png\",\"contentUrl\":\"https:\/\/www.sestogrado.it\/wp-content\/uploads\/2015\/03\/sestogrado-favicon.png\",\"width\":260,\"height\":260,\"caption\":\"Sestogrado\"},\"image\":{\"@id\":\"https:\/\/www.sestogrado.it\/en\/#\/schema\/logo\/image\/\"},\"sameAs\":[\"https:\/\/www.facebook.com\/pages\/Sestogrado\/1542635979353017?ref=bookmarks\",\"https:\/\/www.youtube.com\/channel\/UC847kAfTkaJsWpc1jtQwr3Q\"],\"hasMerchantReturnPolicy\":{\"@type\":\"MerchantReturnPolicy\",\"merchantReturnLink\":\"https:\/\/www.sestogrado.it\/en\/termini-e-condizioni\/\"}}]}<\/script>\n<meta property=\"product:brand\" content=\"Grivel\" \/>\n<meta property=\"product:price:amount\" content=\"17.90\" \/>\n<meta property=\"product:price:currency\" content=\"EUR\" \/>\n<meta property=\"og:availability\" content=\"instock\" \/>\n<meta property=\"product:availability\" content=\"instock\" \/>\n<meta property=\"product:condition\" content=\"new\" \/>\n<!-- \/ Yoast SEO plugin. -->","yoast_head_json":{"title":"Grivel Mega K6G HMS double straight gate carabiner  - Sestogrado","description":"Il Grivel Mega K6G \u00e8 un moschettone a leva doppia o twin gate che conferisce massima sicurezza impedendo la fuoriuscita della corda o dell'assicuratore. La particolarit\u00e0 di questo moschettone \u00e8 l'impossibilit\u00e0 di uscita accidentale della corda, sia per sfregamento che per pressione, conferendo massima sicurezza.Il Grivel Mega K6G \u00e8 un moschettone a leva doppia o twin gate che conferisce massima sicurezza impedendo la fuoriuscita della corda o dell'assicuratore.","robots":{"index":"index","follow":"follow","max-snippet":"max-snippet:-1","max-image-preview":"max-image-preview:large","max-video-preview":"max-video-preview:-1"},"canonical":"https:\/\/www.sestogrado.it\/en\/prodotto\/grivel-mega-k6g-moschettone-hms-arrampicata-doppia-leva\/","og_locale":"en_US","og_type":"article","og_title":"Grivel Mega K6G HMS double straight gate carabiner  - Sestogrado","og_description":"Il Grivel Mega K6G \u00e8 un moschettone a leva doppia o twin gate che conferisce massima sicurezza impedendo la fuoriuscita della corda o dell'assicuratore. La particolarit\u00e0 di questo moschettone \u00e8 l'impossibilit\u00e0 di uscita accidentale della corda, sia per sfregamento che per pressione, conferendo massima sicurezza.Il Grivel Mega K6G \u00e8 un moschettone a leva doppia o twin gate che conferisce massima sicurezza impedendo la fuoriuscita della corda o dell'assicuratore.","og_url":"https:\/\/www.sestogrado.it\/en\/prodotto\/grivel-mega-k6g-moschettone-hms-arrampicata-doppia-leva\/","og_site_name":"Sestogrado","article_publisher":"https:\/\/www.facebook.com\/pages\/Sestogrado\/1542635979353017?ref=bookmarks","article_modified_time":"2025-10-11T16:19:16+00:00","og_image":[{"width":1600,"height":1600,"url":"https:\/\/www.sestogrado.it\/wp-content\/uploads\/2015\/07\/k6g.jpg","type":"image\/jpeg"}],"twitter_misc":{"Price":"&euro;&nbsp;17,90","Availability":"In stock"},"schema":{"@context":"https:\/\/schema.org","@graph":[{"@type":"WebPage","@id":"https:\/\/www.sestogrado.it\/en\/prodotto\/grivel-mega-k6g-moschettone-hms-arrampicata-doppia-leva\/","url":"https:\/\/www.sestogrado.it\/en\/prodotto\/grivel-mega-k6g-moschettone-hms-arrampicata-doppia-leva\/","name":"Grivel Mega K6G HMS double straight gate carabiner  - Sestogrado","isPartOf":{"@id":"https:\/\/www.sestogrado.it\/en\/#website"},"primaryImageOfPage":{"@id":"https:\/\/www.sestogrado.it\/en\/prodotto\/grivel-mega-k6g-moschettone-hms-arrampicata-doppia-leva\/#primaryimage"},"image":{"@id":"https:\/\/www.sestogrado.it\/prodotto\/grivel-mega-k6g-moschettone-hms-arrampicata-doppia-leva\/#primaryimage"},"thumbnailUrl":"https:\/\/www.sestogrado.it\/wp-content\/uploads\/2015\/07\/k6g.jpg","datePublished":"2015-07-03T11:14:31+00:00","dateModified":"2025-10-11T16:19:16+00:00","description":"Il Grivel Mega K6G \u00e8 un moschettone a leva doppia o twin gate che conferisce massima sicurezza impedendo la fuoriuscita della corda o dell'assicuratore. La particolarit\u00e0 di questo moschettone \u00e8 l'impossibilit\u00e0 di uscita accidentale della corda, sia per sfregamento che per pressione, conferendo massima sicurezza.Il Grivel Mega K6G \u00e8 un moschettone a leva doppia o twin gate che conferisce massima sicurezza impedendo la fuoriuscita della corda o dell'assicuratore.","breadcrumb":{"@id":"https:\/\/www.sestogrado.it\/en\/prodotto\/grivel-mega-k6g-moschettone-hms-arrampicata-doppia-leva\/#breadcrumb"},"inLanguage":"en-US","potentialAction":[{"@type":"ReadAction","target":[["https:\/\/www.sestogrado.it\/en\/prodotto\/grivel-mega-k6g-moschettone-hms-arrampicata-doppia-leva\/"]]}]},{"@type":"ImageObject","inLanguage":"en-US","@id":"https:\/\/www.sestogrado.it\/en\/prodotto\/grivel-mega-k6g-moschettone-hms-arrampicata-doppia-leva\/#primaryimage","url":"https:\/\/www.sestogrado.it\/wp-content\/uploads\/2015\/07\/k6g.jpg","contentUrl":"https:\/\/www.sestogrado.it\/wp-content\/uploads\/2015\/07\/k6g.jpg","width":1600,"height":1600,"caption":"grivel mega k6g"},{"@type":"BreadcrumbList","@id":"https:\/\/www.sestogrado.it\/en\/prodotto\/grivel-mega-k6g-moschettone-hms-arrampicata-doppia-leva\/#breadcrumb","itemListElement":[{"@type":"ListItem","position":1,"name":"Home","item":"https:\/\/www.sestogrado.it\/en\/"},{"@type":"ListItem","position":2,"name":"Shop","item":"https:\/\/www.sestogrado.it\/en\/shop\/"},{"@type":"ListItem","position":3,"name":"Grivel Mega K6G moschettone HMS arrampicata doppia leva"}]},{"@type":"WebSite","@id":"https:\/\/www.sestogrado.it\/en\/#website","url":"https:\/\/www.sestogrado.it\/en\/","name":"Sestogrado","description":"yes we climb","publisher":{"@id":"https:\/\/www.sestogrado.it\/en\/#organization"},"potentialAction":[{"@type":"SearchAction","target":{"@type":"EntryPoint","urlTemplate":"https:\/\/www.sestogrado.it\/en\/?s={search_term_string}"},"query-input":{"@type":"PropertyValueSpecification","valueRequired":true,"valueName":"search_term_string"}}],"inLanguage":"en-US"},{"@type":"Organization","@id":"https:\/\/www.sestogrado.it\/en\/#organization","name":"Sestogrado","url":"https:\/\/www.sestogrado.it\/en\/","logo":{"@type":"ImageObject","inLanguage":"en-US","@id":"https:\/\/www.sestogrado.it\/en\/#\/schema\/logo\/image\/","url":"https:\/\/www.sestogrado.it\/wp-content\/uploads\/2015\/03\/sestogrado-favicon.png","contentUrl":"https:\/\/www.sestogrado.it\/wp-content\/uploads\/2015\/03\/sestogrado-favicon.png","width":260,"height":260,"caption":"Sestogrado"},"image":{"@id":"https:\/\/www.sestogrado.it\/en\/#\/schema\/logo\/image\/"},"sameAs":["https:\/\/www.facebook.com\/pages\/Sestogrado\/1542635979353017?ref=bookmarks","https:\/\/www.youtube.com\/channel\/UC847kAfTkaJsWpc1jtQwr3Q"],"hasMerchantReturnPolicy":{"@type":"MerchantReturnPolicy","merchantReturnLink":"https:\/\/www.sestogrado.it\/en\/termini-e-condizioni\/"}}]},"product_brand":"Grivel","product_price_amount":"17.90","product_price_currency":"EUR","og_availability":"instock","product_availability":"instock","product_condition":"new"},"_links":{"self":[{"href":"https:\/\/www.sestogrado.it\/en\/wp-json\/wp\/v2\/product\/1837","targetHints":{"allow":["GET"]}}],"collection":[{"href":"https:\/\/www.sestogrado.it\/en\/wp-json\/wp\/v2\/product"}],"about":[{"href":"https:\/\/www.sestogrado.it\/en\/wp-json\/wp\/v2\/types\/product"}],"replies":[{"embeddable":true,"href":"https:\/\/www.sestogrado.it\/en\/wp-json\/wp\/v2\/comments?post=1837"}],"wp:featuredmedia":[{"embeddable":true,"href":"https:\/\/www.sestogrado.it\/en\/wp-json\/wp\/v2\/media\/39386"}],"wp:attachment":[{"href":"https:\/\/www.sestogrado.it\/en\/wp-json\/wp\/v2\/media?parent=1837"}],"wp:term":[{"taxonomy":"product_brand","embeddable":true,"href":"https:\/\/www.sestogrado.it\/en\/wp-json\/wp\/v2\/product_brand?post=1837"},{"taxonomy":"product_cat","embeddable":true,"href":"https:\/\/www.sestogrado.it\/en\/wp-json\/wp\/v2\/product_cat?post=1837"},{"taxonomy":"product_tag","embeddable":true,"href":"https:\/\/www.sestogrado.it\/en\/wp-json\/wp\/v2\/product_tag?post=1837"}],"curies":[{"name":"wp","href":"https:\/\/api.w.org\/{rel}","templated":true}]}}