{"id":18195,"date":"2023-10-04T11:02:19","date_gmt":"2023-10-04T09:02:19","guid":{"rendered":"https:\/\/www.sestogrado.it\/?post_type=product&#038;p=18195"},"modified":"2024-09-13T16:02:10","modified_gmt":"2024-09-13T14:02:10","slug":"kalymnos-guida-darrampicata-sportiva-vertical-life","status":"publish","type":"product","link":"https:\/\/www.sestogrado.it\/en\/prodotto\/kalymnos-guida-darrampicata-sportiva-vertical-life\/","title":{"rendered":"Kalymnos: Sport Climbing Guidebook"},"content":{"rendered":"<p>Climbing directly by the sea and with mild temperatures during winter make the Greek island of Kalymnos one of the most popular climbing destinations that keeps evolving. The development of new crags and routes has been constantly going on since the last edition was published in 2016. The new edition presents 66 crags with about 800 to 1.000 new routes mounting to a total of 3.800. In addition, 12 crags will be available in the app only. As always, the guidebook offers full-color photo topos, all the GPS coordinates for the crags as well as detailed info on orientation, access, approach and grade range.<\/p>","protected":false},"excerpt":{"rendered":"<p>Climbing directly by the sea and with mild temperatures during winter make the Greek island of Kalymnos one of the [&hellip;]<\/p>\n","protected":false},"featured_media":143299,"comment_status":"open","ping_status":"closed","template":"","meta":{"_acf_changed":false},"product_brand":[511],"product_cat":[98],"product_tag":[510],"class_list":{"0":"post-18195","1":"product","2":"type-product","3":"status-publish","4":"has-post-thumbnail","6":"product_brand-vertical-life","7":"product_cat-libri","8":"product_tag-guida-arrampicata","10":"first","11":"outofstock","12":"sale","13":"taxable","14":"shipping-taxable","15":"purchasable","16":"product-type-simple"},"acf":[],"yoast_head":"<!-- This site is optimized with the Yoast SEO plugin v26.4 - https:\/\/yoast.com\/wordpress\/plugins\/seo\/ -->\n<title>Kalymnos: Sport Climbing Guidebook - Sestogrado<\/title>\n<meta name=\"description\" content=\"Kalymnos: Guida d&#039;arrampicata sportiva nell&#039;edizione 2023 \u00e8 la guida pi\u00f9 completa, con nuove falesie, nuove vie e informazioni aggiornate: in totale conta 100 pagine in pi\u00f9 rispetto all&#039;edizione precedente. Come sempre, questa guida \u00e8 stata redatta con cura da Katie Roussos e Aris Theodoropoulos, che vivono in zona da tanti anni ormai.\u00a0L&#039;isola di Kalymnos, di una bellezza sconvolgente, non ha bisogno di presentazioni. \u00c8 senza dubbio una delle destinazioni pi\u00f9 adatta per gli arrampicatori, ora muniti di una guida di 600 pagine. Insieme alla versione digitale dell&#039;app di Vertical-Life avrete contenuti sempre aggiornati su tutte le vie pi\u00f9 nuove e imperdibili, oltre ovviamente ai classici senza tempo. Se state cercando una scusa per rivisitare Kalymnos, o se non ci siete mai stati, regalatevi questa nuova guida e mettete in moto i vostri piani!Questa guida con copertina morbida \u00e8 pubblicata da Vertical-Life, in formato A5, solo in inglese.\" \/>\n<meta name=\"robots\" content=\"index, follow, max-snippet:-1, max-image-preview:large, max-video-preview:-1\" \/>\n<link rel=\"canonical\" href=\"https:\/\/www.sestogrado.it\/en\/prodotto\/kalymnos-guida-darrampicata-sportiva-vertical-life\/\" \/>\n<meta property=\"og:locale\" content=\"en_US\" \/>\n<meta property=\"og:type\" content=\"article\" \/>\n<meta property=\"og:title\" content=\"Kalymnos: Sport Climbing Guidebook - Sestogrado\" \/>\n<meta property=\"og:description\" content=\"Kalymnos: Guida d&#039;arrampicata sportiva nell&#039;edizione 2023 \u00e8 la guida pi\u00f9 completa, con nuove falesie, nuove vie e informazioni aggiornate: in totale conta 100 pagine in pi\u00f9 rispetto all&#039;edizione precedente. Come sempre, questa guida \u00e8 stata redatta con cura da Katie Roussos e Aris Theodoropoulos, che vivono in zona da tanti anni ormai.\u00a0L&#039;isola di Kalymnos, di una bellezza sconvolgente, non ha bisogno di presentazioni. \u00c8 senza dubbio una delle destinazioni pi\u00f9 adatta per gli arrampicatori, ora muniti di una guida di 600 pagine. Insieme alla versione digitale dell&#039;app di Vertical-Life avrete contenuti sempre aggiornati su tutte le vie pi\u00f9 nuove e imperdibili, oltre ovviamente ai classici senza tempo. Se state cercando una scusa per rivisitare Kalymnos, o se non ci siete mai stati, regalatevi questa nuova guida e mettete in moto i vostri piani!Questa guida con copertina morbida \u00e8 pubblicata da Vertical-Life, in formato A5, solo in inglese.\" \/>\n<meta property=\"og:url\" content=\"https:\/\/www.sestogrado.it\/en\/prodotto\/kalymnos-guida-darrampicata-sportiva-vertical-life\/\" \/>\n<meta property=\"og:site_name\" content=\"Sestogrado\" \/>\n<meta property=\"article:publisher\" content=\"https:\/\/www.facebook.com\/pages\/Sestogrado\/1542635979353017?ref=bookmarks\" \/>\n<meta property=\"article:modified_time\" content=\"2024-09-13T14:02:10+00:00\" \/>\n<meta property=\"og:image\" content=\"https:\/\/www.sestogrado.it\/wp-content\/uploads\/2022\/06\/01-3.jpg\" \/>\n\t<meta property=\"og:image:width\" content=\"1340\" \/>\n\t<meta property=\"og:image:height\" content=\"1339\" \/>\n\t<meta property=\"og:image:type\" content=\"image\/jpeg\" \/>\n<meta name=\"twitter:label1\" content=\"Price\" \/>\n\t<meta name=\"twitter:data1\" content=\"&euro;&nbsp;47,50\" \/>\n\t<meta name=\"twitter:label2\" content=\"Availability\" \/>\n\t<meta name=\"twitter:data2\" content=\"Out of stock\" \/>\n<script type=\"application\/ld+json\" class=\"yoast-schema-graph\">{\"@context\":\"https:\/\/schema.org\",\"@graph\":[{\"@type\":\"WebPage\",\"@id\":\"https:\/\/www.sestogrado.it\/en\/prodotto\/kalymnos-guida-darrampicata-sportiva-vertical-life\/\",\"url\":\"https:\/\/www.sestogrado.it\/en\/prodotto\/kalymnos-guida-darrampicata-sportiva-vertical-life\/\",\"name\":\"Kalymnos: Sport Climbing Guidebook - Sestogrado\",\"isPartOf\":{\"@id\":\"https:\/\/www.sestogrado.it\/en\/#website\"},\"primaryImageOfPage\":{\"@id\":\"https:\/\/www.sestogrado.it\/en\/prodotto\/kalymnos-guida-darrampicata-sportiva-vertical-life\/#primaryimage\"},\"image\":{\"@id\":\"https:\/\/www.sestogrado.it\/prodotto\/kalymnos-guida-darrampicata-sportiva-vertical-life\/#primaryimage\"},\"thumbnailUrl\":\"https:\/\/www.sestogrado.it\/wp-content\/uploads\/2022\/06\/01-3.jpg\",\"datePublished\":\"2023-10-04T09:02:19+00:00\",\"dateModified\":\"2024-09-13T14:02:10+00:00\",\"description\":\"Kalymnos: Guida d'arrampicata sportiva nell'edizione 2023 \u00e8 la guida pi\u00f9 completa, con nuove falesie, nuove vie e informazioni aggiornate: in totale conta 100 pagine in pi\u00f9 rispetto all'edizione precedente. Come sempre, questa guida \u00e8 stata redatta con cura da Katie Roussos e Aris Theodoropoulos, che vivono in zona da tanti anni ormai.\u00a0L'isola di Kalymnos, di una bellezza sconvolgente, non ha bisogno di presentazioni. \u00c8 senza dubbio una delle destinazioni pi\u00f9 adatta per gli arrampicatori, ora muniti di una guida di 600 pagine. Insieme alla versione digitale dell'app di Vertical-Life avrete contenuti sempre aggiornati su tutte le vie pi\u00f9 nuove e imperdibili, oltre ovviamente ai classici senza tempo. Se state cercando una scusa per rivisitare Kalymnos, o se non ci siete mai stati, regalatevi questa nuova guida e mettete in moto i vostri piani!Questa guida con copertina morbida \u00e8 pubblicata da Vertical-Life, in formato A5, solo in inglese.\",\"breadcrumb\":{\"@id\":\"https:\/\/www.sestogrado.it\/en\/prodotto\/kalymnos-guida-darrampicata-sportiva-vertical-life\/#breadcrumb\"},\"inLanguage\":\"en-US\",\"potentialAction\":[{\"@type\":\"ReadAction\",\"target\":[[\"https:\/\/www.sestogrado.it\/en\/prodotto\/kalymnos-guida-darrampicata-sportiva-vertical-life\/\"]]}]},{\"@type\":\"ImageObject\",\"inLanguage\":\"en-US\",\"@id\":\"https:\/\/www.sestogrado.it\/en\/prodotto\/kalymnos-guida-darrampicata-sportiva-vertical-life\/#primaryimage\",\"url\":\"https:\/\/www.sestogrado.it\/wp-content\/uploads\/2022\/06\/01-3.jpg\",\"contentUrl\":\"https:\/\/www.sestogrado.it\/wp-content\/uploads\/2022\/06\/01-3.jpg\",\"width\":1340,\"height\":1339,\"caption\":\"kalymnos\"},{\"@type\":\"BreadcrumbList\",\"@id\":\"https:\/\/www.sestogrado.it\/en\/prodotto\/kalymnos-guida-darrampicata-sportiva-vertical-life\/#breadcrumb\",\"itemListElement\":[{\"@type\":\"ListItem\",\"position\":1,\"name\":\"Home\",\"item\":\"https:\/\/www.sestogrado.it\/en\/\"},{\"@type\":\"ListItem\",\"position\":2,\"name\":\"Shop\",\"item\":\"https:\/\/www.sestogrado.it\/en\/shop\/\"},{\"@type\":\"ListItem\",\"position\":3,\"name\":\"Kalymnos Guida d&#8217;arrampicata sportiva vertical life\"}]},{\"@type\":\"WebSite\",\"@id\":\"https:\/\/www.sestogrado.it\/en\/#website\",\"url\":\"https:\/\/www.sestogrado.it\/en\/\",\"name\":\"Sestogrado\",\"description\":\"yes we climb\",\"publisher\":{\"@id\":\"https:\/\/www.sestogrado.it\/en\/#organization\"},\"potentialAction\":[{\"@type\":\"SearchAction\",\"target\":{\"@type\":\"EntryPoint\",\"urlTemplate\":\"https:\/\/www.sestogrado.it\/en\/?s={search_term_string}\"},\"query-input\":{\"@type\":\"PropertyValueSpecification\",\"valueRequired\":true,\"valueName\":\"search_term_string\"}}],\"inLanguage\":\"en-US\"},{\"@type\":\"Organization\",\"@id\":\"https:\/\/www.sestogrado.it\/en\/#organization\",\"name\":\"Sestogrado\",\"url\":\"https:\/\/www.sestogrado.it\/en\/\",\"logo\":{\"@type\":\"ImageObject\",\"inLanguage\":\"en-US\",\"@id\":\"https:\/\/www.sestogrado.it\/en\/#\/schema\/logo\/image\/\",\"url\":\"https:\/\/www.sestogrado.it\/wp-content\/uploads\/2015\/03\/sestogrado-favicon.png\",\"contentUrl\":\"https:\/\/www.sestogrado.it\/wp-content\/uploads\/2015\/03\/sestogrado-favicon.png\",\"width\":260,\"height\":260,\"caption\":\"Sestogrado\"},\"image\":{\"@id\":\"https:\/\/www.sestogrado.it\/en\/#\/schema\/logo\/image\/\"},\"sameAs\":[\"https:\/\/www.facebook.com\/pages\/Sestogrado\/1542635979353017?ref=bookmarks\",\"https:\/\/www.youtube.com\/channel\/UC847kAfTkaJsWpc1jtQwr3Q\"],\"hasMerchantReturnPolicy\":{\"@type\":\"MerchantReturnPolicy\",\"merchantReturnLink\":\"https:\/\/www.sestogrado.it\/en\/termini-e-condizioni\/\"}}]}<\/script>\n<meta property=\"product:brand\" content=\"Vertical-Life\" \/>\n<meta property=\"product:price:amount\" content=\"47.50\" \/>\n<meta property=\"product:price:currency\" content=\"EUR\" \/>\n<meta property=\"og:availability\" content=\"out of stock\" \/>\n<meta property=\"product:availability\" content=\"out of stock\" \/>\n<meta property=\"product:condition\" content=\"new\" \/>\n<!-- \/ Yoast SEO plugin. -->","yoast_head_json":{"title":"Kalymnos: Sport Climbing Guidebook - Sestogrado","description":"Kalymnos: Guida d'arrampicata sportiva nell'edizione 2023 \u00e8 la guida pi\u00f9 completa, con nuove falesie, nuove vie e informazioni aggiornate: in totale conta 100 pagine in pi\u00f9 rispetto all'edizione precedente. Come sempre, questa guida \u00e8 stata redatta con cura da Katie Roussos e Aris Theodoropoulos, che vivono in zona da tanti anni ormai.\u00a0L'isola di Kalymnos, di una bellezza sconvolgente, non ha bisogno di presentazioni. \u00c8 senza dubbio una delle destinazioni pi\u00f9 adatta per gli arrampicatori, ora muniti di una guida di 600 pagine. Insieme alla versione digitale dell'app di Vertical-Life avrete contenuti sempre aggiornati su tutte le vie pi\u00f9 nuove e imperdibili, oltre ovviamente ai classici senza tempo. Se state cercando una scusa per rivisitare Kalymnos, o se non ci siete mai stati, regalatevi questa nuova guida e mettete in moto i vostri piani!Questa guida con copertina morbida \u00e8 pubblicata da Vertical-Life, in formato A5, solo in inglese.","robots":{"index":"index","follow":"follow","max-snippet":"max-snippet:-1","max-image-preview":"max-image-preview:large","max-video-preview":"max-video-preview:-1"},"canonical":"https:\/\/www.sestogrado.it\/en\/prodotto\/kalymnos-guida-darrampicata-sportiva-vertical-life\/","og_locale":"en_US","og_type":"article","og_title":"Kalymnos: Sport Climbing Guidebook - Sestogrado","og_description":"Kalymnos: Guida d'arrampicata sportiva nell'edizione 2023 \u00e8 la guida pi\u00f9 completa, con nuove falesie, nuove vie e informazioni aggiornate: in totale conta 100 pagine in pi\u00f9 rispetto all'edizione precedente. Come sempre, questa guida \u00e8 stata redatta con cura da Katie Roussos e Aris Theodoropoulos, che vivono in zona da tanti anni ormai.\u00a0L'isola di Kalymnos, di una bellezza sconvolgente, non ha bisogno di presentazioni. \u00c8 senza dubbio una delle destinazioni pi\u00f9 adatta per gli arrampicatori, ora muniti di una guida di 600 pagine. Insieme alla versione digitale dell'app di Vertical-Life avrete contenuti sempre aggiornati su tutte le vie pi\u00f9 nuove e imperdibili, oltre ovviamente ai classici senza tempo. Se state cercando una scusa per rivisitare Kalymnos, o se non ci siete mai stati, regalatevi questa nuova guida e mettete in moto i vostri piani!Questa guida con copertina morbida \u00e8 pubblicata da Vertical-Life, in formato A5, solo in inglese.","og_url":"https:\/\/www.sestogrado.it\/en\/prodotto\/kalymnos-guida-darrampicata-sportiva-vertical-life\/","og_site_name":"Sestogrado","article_publisher":"https:\/\/www.facebook.com\/pages\/Sestogrado\/1542635979353017?ref=bookmarks","article_modified_time":"2024-09-13T14:02:10+00:00","og_image":[{"width":1340,"height":1339,"url":"https:\/\/www.sestogrado.it\/wp-content\/uploads\/2022\/06\/01-3.jpg","type":"image\/jpeg"}],"twitter_misc":{"Price":"&euro;&nbsp;47,50","Availability":"Out of stock"},"schema":{"@context":"https:\/\/schema.org","@graph":[{"@type":"WebPage","@id":"https:\/\/www.sestogrado.it\/en\/prodotto\/kalymnos-guida-darrampicata-sportiva-vertical-life\/","url":"https:\/\/www.sestogrado.it\/en\/prodotto\/kalymnos-guida-darrampicata-sportiva-vertical-life\/","name":"Kalymnos: Sport Climbing Guidebook - Sestogrado","isPartOf":{"@id":"https:\/\/www.sestogrado.it\/en\/#website"},"primaryImageOfPage":{"@id":"https:\/\/www.sestogrado.it\/en\/prodotto\/kalymnos-guida-darrampicata-sportiva-vertical-life\/#primaryimage"},"image":{"@id":"https:\/\/www.sestogrado.it\/prodotto\/kalymnos-guida-darrampicata-sportiva-vertical-life\/#primaryimage"},"thumbnailUrl":"https:\/\/www.sestogrado.it\/wp-content\/uploads\/2022\/06\/01-3.jpg","datePublished":"2023-10-04T09:02:19+00:00","dateModified":"2024-09-13T14:02:10+00:00","description":"Kalymnos: Guida d'arrampicata sportiva nell'edizione 2023 \u00e8 la guida pi\u00f9 completa, con nuove falesie, nuove vie e informazioni aggiornate: in totale conta 100 pagine in pi\u00f9 rispetto all'edizione precedente. Come sempre, questa guida \u00e8 stata redatta con cura da Katie Roussos e Aris Theodoropoulos, che vivono in zona da tanti anni ormai.\u00a0L'isola di Kalymnos, di una bellezza sconvolgente, non ha bisogno di presentazioni. \u00c8 senza dubbio una delle destinazioni pi\u00f9 adatta per gli arrampicatori, ora muniti di una guida di 600 pagine. Insieme alla versione digitale dell'app di Vertical-Life avrete contenuti sempre aggiornati su tutte le vie pi\u00f9 nuove e imperdibili, oltre ovviamente ai classici senza tempo. Se state cercando una scusa per rivisitare Kalymnos, o se non ci siete mai stati, regalatevi questa nuova guida e mettete in moto i vostri piani!Questa guida con copertina morbida \u00e8 pubblicata da Vertical-Life, in formato A5, solo in inglese.","breadcrumb":{"@id":"https:\/\/www.sestogrado.it\/en\/prodotto\/kalymnos-guida-darrampicata-sportiva-vertical-life\/#breadcrumb"},"inLanguage":"en-US","potentialAction":[{"@type":"ReadAction","target":[["https:\/\/www.sestogrado.it\/en\/prodotto\/kalymnos-guida-darrampicata-sportiva-vertical-life\/"]]}]},{"@type":"ImageObject","inLanguage":"en-US","@id":"https:\/\/www.sestogrado.it\/en\/prodotto\/kalymnos-guida-darrampicata-sportiva-vertical-life\/#primaryimage","url":"https:\/\/www.sestogrado.it\/wp-content\/uploads\/2022\/06\/01-3.jpg","contentUrl":"https:\/\/www.sestogrado.it\/wp-content\/uploads\/2022\/06\/01-3.jpg","width":1340,"height":1339,"caption":"kalymnos"},{"@type":"BreadcrumbList","@id":"https:\/\/www.sestogrado.it\/en\/prodotto\/kalymnos-guida-darrampicata-sportiva-vertical-life\/#breadcrumb","itemListElement":[{"@type":"ListItem","position":1,"name":"Home","item":"https:\/\/www.sestogrado.it\/en\/"},{"@type":"ListItem","position":2,"name":"Shop","item":"https:\/\/www.sestogrado.it\/en\/shop\/"},{"@type":"ListItem","position":3,"name":"Kalymnos Guida d&#8217;arrampicata sportiva vertical life"}]},{"@type":"WebSite","@id":"https:\/\/www.sestogrado.it\/en\/#website","url":"https:\/\/www.sestogrado.it\/en\/","name":"Sestogrado","description":"yes we climb","publisher":{"@id":"https:\/\/www.sestogrado.it\/en\/#organization"},"potentialAction":[{"@type":"SearchAction","target":{"@type":"EntryPoint","urlTemplate":"https:\/\/www.sestogrado.it\/en\/?s={search_term_string}"},"query-input":{"@type":"PropertyValueSpecification","valueRequired":true,"valueName":"search_term_string"}}],"inLanguage":"en-US"},{"@type":"Organization","@id":"https:\/\/www.sestogrado.it\/en\/#organization","name":"Sestogrado","url":"https:\/\/www.sestogrado.it\/en\/","logo":{"@type":"ImageObject","inLanguage":"en-US","@id":"https:\/\/www.sestogrado.it\/en\/#\/schema\/logo\/image\/","url":"https:\/\/www.sestogrado.it\/wp-content\/uploads\/2015\/03\/sestogrado-favicon.png","contentUrl":"https:\/\/www.sestogrado.it\/wp-content\/uploads\/2015\/03\/sestogrado-favicon.png","width":260,"height":260,"caption":"Sestogrado"},"image":{"@id":"https:\/\/www.sestogrado.it\/en\/#\/schema\/logo\/image\/"},"sameAs":["https:\/\/www.facebook.com\/pages\/Sestogrado\/1542635979353017?ref=bookmarks","https:\/\/www.youtube.com\/channel\/UC847kAfTkaJsWpc1jtQwr3Q"],"hasMerchantReturnPolicy":{"@type":"MerchantReturnPolicy","merchantReturnLink":"https:\/\/www.sestogrado.it\/en\/termini-e-condizioni\/"}}]},"product_brand":"Vertical-Life","product_price_amount":"47.50","product_price_currency":"EUR","og_availability":"out of stock","product_availability":"out of stock","product_condition":"new"},"_links":{"self":[{"href":"https:\/\/www.sestogrado.it\/en\/wp-json\/wp\/v2\/product\/18195","targetHints":{"allow":["GET"]}}],"collection":[{"href":"https:\/\/www.sestogrado.it\/en\/wp-json\/wp\/v2\/product"}],"about":[{"href":"https:\/\/www.sestogrado.it\/en\/wp-json\/wp\/v2\/types\/product"}],"replies":[{"embeddable":true,"href":"https:\/\/www.sestogrado.it\/en\/wp-json\/wp\/v2\/comments?post=18195"}],"wp:featuredmedia":[{"embeddable":true,"href":"https:\/\/www.sestogrado.it\/en\/wp-json\/wp\/v2\/media\/143299"}],"wp:attachment":[{"href":"https:\/\/www.sestogrado.it\/en\/wp-json\/wp\/v2\/media?parent=18195"}],"wp:term":[{"taxonomy":"product_brand","embeddable":true,"href":"https:\/\/www.sestogrado.it\/en\/wp-json\/wp\/v2\/product_brand?post=18195"},{"taxonomy":"product_cat","embeddable":true,"href":"https:\/\/www.sestogrado.it\/en\/wp-json\/wp\/v2\/product_cat?post=18195"},{"taxonomy":"product_tag","embeddable":true,"href":"https:\/\/www.sestogrado.it\/en\/wp-json\/wp\/v2\/product_tag?post=18195"}],"curies":[{"name":"wp","href":"https:\/\/api.w.org\/{rel}","templated":true}]}}