{"id":18192,"date":"2024-07-10T07:50:00","date_gmt":"2024-07-10T05:50:00","guid":{"rendered":"https:\/\/www.sestogrado.it\/?post_type=product&#038;p=18192"},"modified":"2025-07-11T11:16:15","modified_gmt":"2025-07-11T09:16:15","slug":"ceuse-guida-darrampicata-vertical-life","status":"publish","type":"product","link":"https:\/\/www.sestogrado.it\/en\/prodotto\/ceuse-guida-darrampicata-vertical-life\/","title":{"rendered":"C\u00e9\u00fcse: Sport Climbing Guidebook"},"content":{"rendered":"<p>The guidebook covering all the sport climbing in the area, has been completely revised and updated since the previous edition came out in 2013. The development of new routes has been constantly going on. Therefore, new routes have been opened in existing sectors\u00a0such as Grand Face and Nitshapa. In addition, 2 completely new sectors are now available in the book: Plein Sud and Papillon. In total, more than 200 new routes can be found in the guidebook compared to the previous version. This new guidebook is another great contribution to the constant development of sport climbing in one of the world&#8217;s best sport climbing areas.<\/p>","protected":false},"excerpt":{"rendered":"<p>The guidebook covering all the sport climbing in the area, has been completely revised and updated since the previous edition [&hellip;]<\/p>\n","protected":false},"featured_media":166324,"comment_status":"open","ping_status":"closed","template":"","meta":{"_acf_changed":false},"product_brand":[511],"product_cat":[98],"product_tag":[510],"class_list":{"0":"post-18192","1":"product","2":"type-product","3":"status-publish","4":"has-post-thumbnail","6":"product_brand-vertical-life","7":"product_cat-libri","8":"product_tag-guida-arrampicata","10":"first","11":"outofstock","12":"taxable","13":"shipping-taxable","14":"purchasable","15":"product-type-simple"},"acf":[],"yoast_head":"<!-- This site is optimized with the Yoast SEO plugin v26.4 - https:\/\/yoast.com\/wordpress\/plugins\/seo\/ -->\n<title>C\u00e9\u00fcse: Sport Climbing Guidebook - Sestogrado<\/title>\n<meta name=\"description\" content=\"C\u00c9\u00dcSE 2023: La guida che copre tutta l&#039; arrampicata sportive nella zona, \u00e8 stata completamente rivista e aggiornata dall&#039;edizione precedente del 2018. Lo sviluppo di nuove vie \u00e8 andato avanti costantemente. Questa nuova guida \u00e8 un altro grande contributo al costante sviluppo dell&#039;arrampicata sportiva in una delle migliori zone di arrampicata sportiva al mondo.\" \/>\n<meta name=\"robots\" content=\"index, follow, max-snippet:-1, max-image-preview:large, max-video-preview:-1\" \/>\n<link rel=\"canonical\" href=\"https:\/\/www.sestogrado.it\/en\/prodotto\/ceuse-guida-darrampicata-vertical-life\/\" \/>\n<meta property=\"og:locale\" content=\"en_US\" \/>\n<meta property=\"og:type\" content=\"article\" \/>\n<meta property=\"og:title\" content=\"C\u00e9\u00fcse: Sport Climbing Guidebook - Sestogrado\" \/>\n<meta property=\"og:description\" content=\"C\u00c9\u00dcSE 2023: La guida che copre tutta l&#039; arrampicata sportive nella zona, \u00e8 stata completamente rivista e aggiornata dall&#039;edizione precedente del 2018. Lo sviluppo di nuove vie \u00e8 andato avanti costantemente. Questa nuova guida \u00e8 un altro grande contributo al costante sviluppo dell&#039;arrampicata sportiva in una delle migliori zone di arrampicata sportiva al mondo.\" \/>\n<meta property=\"og:url\" content=\"https:\/\/www.sestogrado.it\/en\/prodotto\/ceuse-guida-darrampicata-vertical-life\/\" \/>\n<meta property=\"og:site_name\" content=\"Sestogrado\" \/>\n<meta property=\"article:publisher\" content=\"https:\/\/www.facebook.com\/pages\/Sestogrado\/1542635979353017?ref=bookmarks\" \/>\n<meta property=\"article:modified_time\" content=\"2025-07-11T09:16:15+00:00\" \/>\n<meta property=\"og:image\" content=\"https:\/\/www.sestogrado.it\/wp-content\/uploads\/2018\/10\/ff.jpg\" \/>\n\t<meta property=\"og:image:width\" content=\"1000\" \/>\n\t<meta property=\"og:image:height\" content=\"1000\" \/>\n\t<meta property=\"og:image:type\" content=\"image\/jpeg\" \/>\n<meta name=\"twitter:label1\" content=\"Price\" \/>\n\t<meta name=\"twitter:data1\" content=\"&euro;&nbsp;27,00\" \/>\n\t<meta name=\"twitter:label2\" content=\"Availability\" \/>\n\t<meta name=\"twitter:data2\" content=\"Out of stock\" \/>\n<script type=\"application\/ld+json\" class=\"yoast-schema-graph\">{\"@context\":\"https:\/\/schema.org\",\"@graph\":[{\"@type\":\"WebPage\",\"@id\":\"https:\/\/www.sestogrado.it\/en\/prodotto\/ceuse-guida-darrampicata-vertical-life\/\",\"url\":\"https:\/\/www.sestogrado.it\/en\/prodotto\/ceuse-guida-darrampicata-vertical-life\/\",\"name\":\"C\u00e9\u00fcse: Sport Climbing Guidebook - Sestogrado\",\"isPartOf\":{\"@id\":\"https:\/\/www.sestogrado.it\/en\/#website\"},\"primaryImageOfPage\":{\"@id\":\"https:\/\/www.sestogrado.it\/en\/prodotto\/ceuse-guida-darrampicata-vertical-life\/#primaryimage\"},\"image\":{\"@id\":\"https:\/\/www.sestogrado.it\/prodotto\/ceuse-guida-darrampicata-vertical-life\/#primaryimage\"},\"thumbnailUrl\":\"https:\/\/www.sestogrado.it\/wp-content\/uploads\/2018\/10\/ff.jpg\",\"datePublished\":\"2024-07-10T05:50:00+00:00\",\"dateModified\":\"2025-07-11T09:16:15+00:00\",\"description\":\"C\u00c9\u00dcSE 2023: La guida che copre tutta l' arrampicata sportive nella zona, \u00e8 stata completamente rivista e aggiornata dall'edizione precedente del 2018. Lo sviluppo di nuove vie \u00e8 andato avanti costantemente. Questa nuova guida \u00e8 un altro grande contributo al costante sviluppo dell'arrampicata sportiva in una delle migliori zone di arrampicata sportiva al mondo.\",\"breadcrumb\":{\"@id\":\"https:\/\/www.sestogrado.it\/en\/prodotto\/ceuse-guida-darrampicata-vertical-life\/#breadcrumb\"},\"inLanguage\":\"en-US\",\"potentialAction\":[{\"@type\":\"ReadAction\",\"target\":[[\"https:\/\/www.sestogrado.it\/en\/prodotto\/ceuse-guida-darrampicata-vertical-life\/\"]]}]},{\"@type\":\"ImageObject\",\"inLanguage\":\"en-US\",\"@id\":\"https:\/\/www.sestogrado.it\/en\/prodotto\/ceuse-guida-darrampicata-vertical-life\/#primaryimage\",\"url\":\"https:\/\/www.sestogrado.it\/wp-content\/uploads\/2018\/10\/ff.jpg\",\"contentUrl\":\"https:\/\/www.sestogrado.it\/wp-content\/uploads\/2018\/10\/ff.jpg\",\"width\":1000,\"height\":1000,\"caption\":\"ceuse\"},{\"@type\":\"BreadcrumbList\",\"@id\":\"https:\/\/www.sestogrado.it\/en\/prodotto\/ceuse-guida-darrampicata-vertical-life\/#breadcrumb\",\"itemListElement\":[{\"@type\":\"ListItem\",\"position\":1,\"name\":\"Home\",\"item\":\"https:\/\/www.sestogrado.it\/en\/\"},{\"@type\":\"ListItem\",\"position\":2,\"name\":\"Shop\",\"item\":\"https:\/\/www.sestogrado.it\/en\/shop\/\"},{\"@type\":\"ListItem\",\"position\":3,\"name\":\"C\u00e9\u00fcse guida d&#8217;arrampicata vertical life\"}]},{\"@type\":\"WebSite\",\"@id\":\"https:\/\/www.sestogrado.it\/en\/#website\",\"url\":\"https:\/\/www.sestogrado.it\/en\/\",\"name\":\"Sestogrado\",\"description\":\"yes we climb\",\"publisher\":{\"@id\":\"https:\/\/www.sestogrado.it\/en\/#organization\"},\"potentialAction\":[{\"@type\":\"SearchAction\",\"target\":{\"@type\":\"EntryPoint\",\"urlTemplate\":\"https:\/\/www.sestogrado.it\/en\/?s={search_term_string}\"},\"query-input\":{\"@type\":\"PropertyValueSpecification\",\"valueRequired\":true,\"valueName\":\"search_term_string\"}}],\"inLanguage\":\"en-US\"},{\"@type\":\"Organization\",\"@id\":\"https:\/\/www.sestogrado.it\/en\/#organization\",\"name\":\"Sestogrado\",\"url\":\"https:\/\/www.sestogrado.it\/en\/\",\"logo\":{\"@type\":\"ImageObject\",\"inLanguage\":\"en-US\",\"@id\":\"https:\/\/www.sestogrado.it\/en\/#\/schema\/logo\/image\/\",\"url\":\"https:\/\/www.sestogrado.it\/wp-content\/uploads\/2015\/03\/sestogrado-favicon.png\",\"contentUrl\":\"https:\/\/www.sestogrado.it\/wp-content\/uploads\/2015\/03\/sestogrado-favicon.png\",\"width\":260,\"height\":260,\"caption\":\"Sestogrado\"},\"image\":{\"@id\":\"https:\/\/www.sestogrado.it\/en\/#\/schema\/logo\/image\/\"},\"sameAs\":[\"https:\/\/www.facebook.com\/pages\/Sestogrado\/1542635979353017?ref=bookmarks\",\"https:\/\/www.youtube.com\/channel\/UC847kAfTkaJsWpc1jtQwr3Q\"],\"hasMerchantReturnPolicy\":{\"@type\":\"MerchantReturnPolicy\",\"merchantReturnLink\":\"https:\/\/www.sestogrado.it\/en\/termini-e-condizioni\/\"}}]}<\/script>\n<meta property=\"product:brand\" content=\"Vertical-Life\" \/>\n<meta property=\"product:price:amount\" content=\"27.00\" \/>\n<meta property=\"product:price:currency\" content=\"EUR\" \/>\n<meta property=\"og:availability\" content=\"out of stock\" \/>\n<meta property=\"product:availability\" content=\"out of stock\" \/>\n<meta property=\"product:condition\" content=\"new\" \/>\n<!-- \/ Yoast SEO plugin. -->","yoast_head_json":{"title":"C\u00e9\u00fcse: Sport Climbing Guidebook - Sestogrado","description":"C\u00c9\u00dcSE 2023: La guida che copre tutta l' arrampicata sportive nella zona, \u00e8 stata completamente rivista e aggiornata dall'edizione precedente del 2018. Lo sviluppo di nuove vie \u00e8 andato avanti costantemente. Questa nuova guida \u00e8 un altro grande contributo al costante sviluppo dell'arrampicata sportiva in una delle migliori zone di arrampicata sportiva al mondo.","robots":{"index":"index","follow":"follow","max-snippet":"max-snippet:-1","max-image-preview":"max-image-preview:large","max-video-preview":"max-video-preview:-1"},"canonical":"https:\/\/www.sestogrado.it\/en\/prodotto\/ceuse-guida-darrampicata-vertical-life\/","og_locale":"en_US","og_type":"article","og_title":"C\u00e9\u00fcse: Sport Climbing Guidebook - Sestogrado","og_description":"C\u00c9\u00dcSE 2023: La guida che copre tutta l' arrampicata sportive nella zona, \u00e8 stata completamente rivista e aggiornata dall'edizione precedente del 2018. Lo sviluppo di nuove vie \u00e8 andato avanti costantemente. Questa nuova guida \u00e8 un altro grande contributo al costante sviluppo dell'arrampicata sportiva in una delle migliori zone di arrampicata sportiva al mondo.","og_url":"https:\/\/www.sestogrado.it\/en\/prodotto\/ceuse-guida-darrampicata-vertical-life\/","og_site_name":"Sestogrado","article_publisher":"https:\/\/www.facebook.com\/pages\/Sestogrado\/1542635979353017?ref=bookmarks","article_modified_time":"2025-07-11T09:16:15+00:00","og_image":[{"width":1000,"height":1000,"url":"https:\/\/www.sestogrado.it\/wp-content\/uploads\/2018\/10\/ff.jpg","type":"image\/jpeg"}],"twitter_misc":{"Price":"&euro;&nbsp;27,00","Availability":"Out of stock"},"schema":{"@context":"https:\/\/schema.org","@graph":[{"@type":"WebPage","@id":"https:\/\/www.sestogrado.it\/en\/prodotto\/ceuse-guida-darrampicata-vertical-life\/","url":"https:\/\/www.sestogrado.it\/en\/prodotto\/ceuse-guida-darrampicata-vertical-life\/","name":"C\u00e9\u00fcse: Sport Climbing Guidebook - Sestogrado","isPartOf":{"@id":"https:\/\/www.sestogrado.it\/en\/#website"},"primaryImageOfPage":{"@id":"https:\/\/www.sestogrado.it\/en\/prodotto\/ceuse-guida-darrampicata-vertical-life\/#primaryimage"},"image":{"@id":"https:\/\/www.sestogrado.it\/prodotto\/ceuse-guida-darrampicata-vertical-life\/#primaryimage"},"thumbnailUrl":"https:\/\/www.sestogrado.it\/wp-content\/uploads\/2018\/10\/ff.jpg","datePublished":"2024-07-10T05:50:00+00:00","dateModified":"2025-07-11T09:16:15+00:00","description":"C\u00c9\u00dcSE 2023: La guida che copre tutta l' arrampicata sportive nella zona, \u00e8 stata completamente rivista e aggiornata dall'edizione precedente del 2018. Lo sviluppo di nuove vie \u00e8 andato avanti costantemente. Questa nuova guida \u00e8 un altro grande contributo al costante sviluppo dell'arrampicata sportiva in una delle migliori zone di arrampicata sportiva al mondo.","breadcrumb":{"@id":"https:\/\/www.sestogrado.it\/en\/prodotto\/ceuse-guida-darrampicata-vertical-life\/#breadcrumb"},"inLanguage":"en-US","potentialAction":[{"@type":"ReadAction","target":[["https:\/\/www.sestogrado.it\/en\/prodotto\/ceuse-guida-darrampicata-vertical-life\/"]]}]},{"@type":"ImageObject","inLanguage":"en-US","@id":"https:\/\/www.sestogrado.it\/en\/prodotto\/ceuse-guida-darrampicata-vertical-life\/#primaryimage","url":"https:\/\/www.sestogrado.it\/wp-content\/uploads\/2018\/10\/ff.jpg","contentUrl":"https:\/\/www.sestogrado.it\/wp-content\/uploads\/2018\/10\/ff.jpg","width":1000,"height":1000,"caption":"ceuse"},{"@type":"BreadcrumbList","@id":"https:\/\/www.sestogrado.it\/en\/prodotto\/ceuse-guida-darrampicata-vertical-life\/#breadcrumb","itemListElement":[{"@type":"ListItem","position":1,"name":"Home","item":"https:\/\/www.sestogrado.it\/en\/"},{"@type":"ListItem","position":2,"name":"Shop","item":"https:\/\/www.sestogrado.it\/en\/shop\/"},{"@type":"ListItem","position":3,"name":"C\u00e9\u00fcse guida d&#8217;arrampicata vertical life"}]},{"@type":"WebSite","@id":"https:\/\/www.sestogrado.it\/en\/#website","url":"https:\/\/www.sestogrado.it\/en\/","name":"Sestogrado","description":"yes we climb","publisher":{"@id":"https:\/\/www.sestogrado.it\/en\/#organization"},"potentialAction":[{"@type":"SearchAction","target":{"@type":"EntryPoint","urlTemplate":"https:\/\/www.sestogrado.it\/en\/?s={search_term_string}"},"query-input":{"@type":"PropertyValueSpecification","valueRequired":true,"valueName":"search_term_string"}}],"inLanguage":"en-US"},{"@type":"Organization","@id":"https:\/\/www.sestogrado.it\/en\/#organization","name":"Sestogrado","url":"https:\/\/www.sestogrado.it\/en\/","logo":{"@type":"ImageObject","inLanguage":"en-US","@id":"https:\/\/www.sestogrado.it\/en\/#\/schema\/logo\/image\/","url":"https:\/\/www.sestogrado.it\/wp-content\/uploads\/2015\/03\/sestogrado-favicon.png","contentUrl":"https:\/\/www.sestogrado.it\/wp-content\/uploads\/2015\/03\/sestogrado-favicon.png","width":260,"height":260,"caption":"Sestogrado"},"image":{"@id":"https:\/\/www.sestogrado.it\/en\/#\/schema\/logo\/image\/"},"sameAs":["https:\/\/www.facebook.com\/pages\/Sestogrado\/1542635979353017?ref=bookmarks","https:\/\/www.youtube.com\/channel\/UC847kAfTkaJsWpc1jtQwr3Q"],"hasMerchantReturnPolicy":{"@type":"MerchantReturnPolicy","merchantReturnLink":"https:\/\/www.sestogrado.it\/en\/termini-e-condizioni\/"}}]},"product_brand":"Vertical-Life","product_price_amount":"27.00","product_price_currency":"EUR","og_availability":"out of stock","product_availability":"out of stock","product_condition":"new"},"_links":{"self":[{"href":"https:\/\/www.sestogrado.it\/en\/wp-json\/wp\/v2\/product\/18192","targetHints":{"allow":["GET"]}}],"collection":[{"href":"https:\/\/www.sestogrado.it\/en\/wp-json\/wp\/v2\/product"}],"about":[{"href":"https:\/\/www.sestogrado.it\/en\/wp-json\/wp\/v2\/types\/product"}],"replies":[{"embeddable":true,"href":"https:\/\/www.sestogrado.it\/en\/wp-json\/wp\/v2\/comments?post=18192"}],"wp:featuredmedia":[{"embeddable":true,"href":"https:\/\/www.sestogrado.it\/en\/wp-json\/wp\/v2\/media\/166324"}],"wp:attachment":[{"href":"https:\/\/www.sestogrado.it\/en\/wp-json\/wp\/v2\/media?parent=18192"}],"wp:term":[{"taxonomy":"product_brand","embeddable":true,"href":"https:\/\/www.sestogrado.it\/en\/wp-json\/wp\/v2\/product_brand?post=18192"},{"taxonomy":"product_cat","embeddable":true,"href":"https:\/\/www.sestogrado.it\/en\/wp-json\/wp\/v2\/product_cat?post=18192"},{"taxonomy":"product_tag","embeddable":true,"href":"https:\/\/www.sestogrado.it\/en\/wp-json\/wp\/v2\/product_tag?post=18192"}],"curies":[{"name":"wp","href":"https:\/\/api.w.org\/{rel}","templated":true}]}}