{"id":1796,"date":"2020-03-09T15:06:02","date_gmt":"2020-03-09T14:06:02","guid":{"rendered":"http:\/\/www.sestogrado.it\/?post_type=product&#038;p=1796"},"modified":"2026-01-26T03:07:23","modified_gmt":"2026-01-26T02:07:23","slug":"black-diamond-hotforge-rinvio-rinvii-arrampicata","status":"publish","type":"product","link":"https:\/\/www.sestogrado.it\/en\/prodotto\/black-diamond-hotforge-rinvio-rinvii-arrampicata\/","title":{"rendered":"Black Diamond Hotforge rinvio rinvii arrampicata"},"content":{"rendered":"<p>Il Black Diamond HotForge \u00e8 il rinvio di riferimento di Black Diamond, polivalente e resistente. Un rinvio super versatile con due moschettoni HotForge a leva piena, leva dritta nel moschettone lato spit e leva curva in quello lato corda, per una rinviata rapida e comoda.<\/p>\n<p>I due moschettoni HotForge sono particolarmente solidi e resistenti, con colori diversi per un pi\u00f9 rapido riconoscimento del moschettone lato spit, rispetto a quello lato corda. La fettuccia \u00e8 in nylon e si addice a lavorare le vie. Il Black Diamond HotForge, grazie a moschettoni solidi e durevoli, una fettuccia facile da impugnare, il ferma fettuccia integrato, si configura come il rinvio polivalente di Black Diamond, ottimo per vie sportive in falesia o vie trad, per allungare le protezioni.<\/p>\n<ul>\n<li>Due moschettoni a leva piena HotForge<\/li>\n<li>Differenziazione cromatica per immediato riconoscimento dei moschettoni<\/li>\n<li>Naso keylock consente un moschettonaggio e smoschettonaggio rapido e sicuro<\/li>\n<li>Equipaggiato con una fettuccia in poliestere da 18mm di spessore, con ferma fettuccia integrato<\/li>\n<li>Disponibile in due lunghezze, 12 e 16cm<\/li>\n<\/ul>\n<p>Il Black Diamond HotForge \u00e8 il rinvio polivalente e solido di Black Diamond, per un alpinismo a 360 gradi.<\/p>\n<p>&nbsp;<\/p>\n<p>Black Diamond dal 1957 rappresenta un punto di riferimento mondiale per l&#8217;attrezzatura da arrampicata. Ci\u00f2 che all&#8217;inizio era una attivit\u00e0 artigianale con incudine e martello oggi si \u00e8 trasformata in una societ\u00e0 globale con uffici in tre continenti. Il segreto di Black Diamond \u00e8 sempre lo stesso: essere una societ\u00e0 formata da appassionati climber. In Black Diamond si continua a sognare su ci\u00f2 che potrebbe essere e si continua ad essere critici su ci\u00f2 che esiste. E&#8217; cos\u00ec che il processo creativo per la realizzazione della migliore attrezzatura da arrampicata non avr\u00e0 mai fine.<\/p>\n","protected":false},"excerpt":{"rendered":"<p>Il Black Diamond HotForge \u00e8 il rinvio di riferimento di Black Diamond, polivalente e resistente. Un rinvio super versatile con [&hellip;]<\/p>\n","protected":false},"featured_media":28876,"comment_status":"open","ping_status":"closed","template":"","meta":{"_acf_changed":false},"product_brand":[121],"product_cat":[17,133],"product_tag":[486],"class_list":{"0":"post-1796","1":"product","2":"type-product","3":"status-publish","4":"has-post-thumbnail","6":"product_brand-black-diamond","7":"product_cat-ferramenta","8":"product_cat-rinvii","9":"product_tag-rinvio-arrampicata","11":"first","12":"instock","13":"sale","14":"taxable","15":"shipping-taxable","16":"purchasable","17":"product-type-variable"},"acf":[],"yoast_head":"<!-- This site is optimized with the Yoast SEO plugin v26.4 - https:\/\/yoast.com\/wordpress\/plugins\/seo\/ -->\n<title>Black Diamond Hotforge rinvio rinvii arrampicata - Sestogrado<\/title>\n<meta name=\"description\" content=\"Il Black Diamond HotForge \u00e8 il rinvio di riferimento di Black Diamond, polivalente e resistente. Un rinvio super versatile con due moschettoni HotForge a leva piena, leva dritta nel moschettone lato spit e leva curva in quello lato corda, per una rinviata rapida e comoda.I due moschettoni HotForge sono particolarmente solidi e resistenti, con colori diversi per un pi\u00f9 rapido riconoscimento del moschettone lato spit, rispetto a quello lato corda. La fettuccia \u00e8 in nylon e si addice a lavorare le vie. Il Black Diamond HotForge, grazie a moschettoni solidi e durevoli, una fettuccia facile da impugnare, il ferma fettuccia integrato, si configura come il rinvio polivalente di Black Diamond, ottimo per vie sportive in falesia o vie trad, per allungare le protezioni.\" \/>\n<meta name=\"robots\" content=\"index, follow, max-snippet:-1, max-image-preview:large, max-video-preview:-1\" \/>\n<link rel=\"canonical\" href=\"https:\/\/www.sestogrado.it\/en\/prodotto\/black-diamond-hotforge-rinvio-rinvii-arrampicata\/\" \/>\n<meta property=\"og:locale\" content=\"en_US\" \/>\n<meta property=\"og:type\" content=\"article\" \/>\n<meta property=\"og:title\" content=\"Black Diamond Hotforge rinvio rinvii arrampicata - Sestogrado\" \/>\n<meta property=\"og:description\" content=\"Il Black Diamond HotForge \u00e8 il rinvio di riferimento di Black Diamond, polivalente e resistente. Un rinvio super versatile con due moschettoni HotForge a leva piena, leva dritta nel moschettone lato spit e leva curva in quello lato corda, per una rinviata rapida e comoda.I due moschettoni HotForge sono particolarmente solidi e resistenti, con colori diversi per un pi\u00f9 rapido riconoscimento del moschettone lato spit, rispetto a quello lato corda. La fettuccia \u00e8 in nylon e si addice a lavorare le vie. Il Black Diamond HotForge, grazie a moschettoni solidi e durevoli, una fettuccia facile da impugnare, il ferma fettuccia integrato, si configura come il rinvio polivalente di Black Diamond, ottimo per vie sportive in falesia o vie trad, per allungare le protezioni.\" \/>\n<meta property=\"og:url\" content=\"https:\/\/www.sestogrado.it\/en\/prodotto\/black-diamond-hotforge-rinvio-rinvii-arrampicata\/\" \/>\n<meta property=\"og:site_name\" content=\"Sestogrado\" \/>\n<meta property=\"article:publisher\" content=\"https:\/\/www.facebook.com\/pages\/Sestogrado\/1542635979353017?ref=bookmarks\" \/>\n<meta property=\"article:modified_time\" content=\"2026-01-26T02:07:23+00:00\" \/>\n<meta property=\"og:image\" content=\"https:\/\/www.sestogrado.it\/wp-content\/uploads\/2015\/07\/381115_1004_HOTFORGEQUICKDRAW12cm_LightGray.jpg\" \/>\n\t<meta property=\"og:image:width\" content=\"2000\" \/>\n\t<meta property=\"og:image:height\" content=\"1800\" \/>\n\t<meta property=\"og:image:type\" content=\"image\/jpeg\" \/>\n<meta name=\"twitter:label1\" content=\"Availability\" \/>\n\t<meta name=\"twitter:data1\" content=\"In stock\" \/>\n<script type=\"application\/ld+json\" class=\"yoast-schema-graph\">{\"@context\":\"https:\/\/schema.org\",\"@graph\":[{\"@type\":\"WebPage\",\"@id\":\"https:\/\/www.sestogrado.it\/en\/prodotto\/black-diamond-hotforge-rinvio-rinvii-arrampicata\/\",\"url\":\"https:\/\/www.sestogrado.it\/en\/prodotto\/black-diamond-hotforge-rinvio-rinvii-arrampicata\/\",\"name\":\"Black Diamond Hotforge rinvio rinvii arrampicata - Sestogrado\",\"isPartOf\":{\"@id\":\"https:\/\/www.sestogrado.it\/en\/#website\"},\"primaryImageOfPage\":{\"@id\":\"https:\/\/www.sestogrado.it\/en\/prodotto\/black-diamond-hotforge-rinvio-rinvii-arrampicata\/#primaryimage\"},\"image\":{\"@id\":\"https:\/\/www.sestogrado.it\/prodotto\/black-diamond-hotforge-rinvio-rinvii-arrampicata\/#primaryimage\"},\"thumbnailUrl\":\"https:\/\/www.sestogrado.it\/wp-content\/uploads\/2015\/07\/381115_1004_HOTFORGEQUICKDRAW12cm_LightGray.jpg\",\"datePublished\":\"2020-03-09T14:06:02+00:00\",\"dateModified\":\"2026-01-26T02:07:23+00:00\",\"description\":\"Il Black Diamond HotForge \u00e8 il rinvio di riferimento di Black Diamond, polivalente e resistente. Un rinvio super versatile con due moschettoni HotForge a leva piena, leva dritta nel moschettone lato spit e leva curva in quello lato corda, per una rinviata rapida e comoda.I due moschettoni HotForge sono particolarmente solidi e resistenti, con colori diversi per un pi\u00f9 rapido riconoscimento del moschettone lato spit, rispetto a quello lato corda. La fettuccia \u00e8 in nylon e si addice a lavorare le vie. Il Black Diamond HotForge, grazie a moschettoni solidi e durevoli, una fettuccia facile da impugnare, il ferma fettuccia integrato, si configura come il rinvio polivalente di Black Diamond, ottimo per vie sportive in falesia o vie trad, per allungare le protezioni.\",\"breadcrumb\":{\"@id\":\"https:\/\/www.sestogrado.it\/en\/prodotto\/black-diamond-hotforge-rinvio-rinvii-arrampicata\/#breadcrumb\"},\"inLanguage\":\"en-US\",\"potentialAction\":[{\"@type\":\"ReadAction\",\"target\":[[\"https:\/\/www.sestogrado.it\/en\/prodotto\/black-diamond-hotforge-rinvio-rinvii-arrampicata\/\"]]}]},{\"@type\":\"ImageObject\",\"inLanguage\":\"en-US\",\"@id\":\"https:\/\/www.sestogrado.it\/en\/prodotto\/black-diamond-hotforge-rinvio-rinvii-arrampicata\/#primaryimage\",\"url\":\"https:\/\/www.sestogrado.it\/wp-content\/uploads\/2015\/07\/381115_1004_HOTFORGEQUICKDRAW12cm_LightGray.jpg\",\"contentUrl\":\"https:\/\/www.sestogrado.it\/wp-content\/uploads\/2015\/07\/381115_1004_HOTFORGEQUICKDRAW12cm_LightGray.jpg\",\"width\":2000,\"height\":1800,\"caption\":\"black diamond hotforge 12\"},{\"@type\":\"BreadcrumbList\",\"@id\":\"https:\/\/www.sestogrado.it\/en\/prodotto\/black-diamond-hotforge-rinvio-rinvii-arrampicata\/#breadcrumb\",\"itemListElement\":[{\"@type\":\"ListItem\",\"position\":1,\"name\":\"Home\",\"item\":\"https:\/\/www.sestogrado.it\/en\/\"},{\"@type\":\"ListItem\",\"position\":2,\"name\":\"Shop\",\"item\":\"https:\/\/www.sestogrado.it\/en\/shop\/\"},{\"@type\":\"ListItem\",\"position\":3,\"name\":\"Black Diamond Hotforge rinvio rinvii arrampicata\"}]},{\"@type\":\"WebSite\",\"@id\":\"https:\/\/www.sestogrado.it\/en\/#website\",\"url\":\"https:\/\/www.sestogrado.it\/en\/\",\"name\":\"Sestogrado\",\"description\":\"yes we climb\",\"publisher\":{\"@id\":\"https:\/\/www.sestogrado.it\/en\/#organization\"},\"potentialAction\":[{\"@type\":\"SearchAction\",\"target\":{\"@type\":\"EntryPoint\",\"urlTemplate\":\"https:\/\/www.sestogrado.it\/en\/?s={search_term_string}\"},\"query-input\":{\"@type\":\"PropertyValueSpecification\",\"valueRequired\":true,\"valueName\":\"search_term_string\"}}],\"inLanguage\":\"en-US\"},{\"@type\":\"Organization\",\"@id\":\"https:\/\/www.sestogrado.it\/en\/#organization\",\"name\":\"Sestogrado\",\"url\":\"https:\/\/www.sestogrado.it\/en\/\",\"logo\":{\"@type\":\"ImageObject\",\"inLanguage\":\"en-US\",\"@id\":\"https:\/\/www.sestogrado.it\/en\/#\/schema\/logo\/image\/\",\"url\":\"https:\/\/www.sestogrado.it\/wp-content\/uploads\/2015\/03\/sestogrado-favicon.png\",\"contentUrl\":\"https:\/\/www.sestogrado.it\/wp-content\/uploads\/2015\/03\/sestogrado-favicon.png\",\"width\":260,\"height\":260,\"caption\":\"Sestogrado\"},\"image\":{\"@id\":\"https:\/\/www.sestogrado.it\/en\/#\/schema\/logo\/image\/\"},\"sameAs\":[\"https:\/\/www.facebook.com\/pages\/Sestogrado\/1542635979353017?ref=bookmarks\",\"https:\/\/www.youtube.com\/channel\/UC847kAfTkaJsWpc1jtQwr3Q\"],\"hasMerchantReturnPolicy\":{\"@type\":\"MerchantReturnPolicy\",\"merchantReturnLink\":\"https:\/\/www.sestogrado.it\/en\/termini-e-condizioni\/\"}}]}<\/script>\n<meta property=\"product:brand\" content=\"Black Diamond\" \/>\n<meta property=\"og:availability\" content=\"instock\" \/>\n<meta property=\"product:availability\" content=\"instock\" \/>\n<meta property=\"product:condition\" content=\"new\" \/>\n<!-- \/ Yoast SEO plugin. -->","yoast_head_json":{"title":"Black Diamond Hotforge rinvio rinvii arrampicata - Sestogrado","description":"Il Black Diamond HotForge \u00e8 il rinvio di riferimento di Black Diamond, polivalente e resistente. Un rinvio super versatile con due moschettoni HotForge a leva piena, leva dritta nel moschettone lato spit e leva curva in quello lato corda, per una rinviata rapida e comoda.I due moschettoni HotForge sono particolarmente solidi e resistenti, con colori diversi per un pi\u00f9 rapido riconoscimento del moschettone lato spit, rispetto a quello lato corda. La fettuccia \u00e8 in nylon e si addice a lavorare le vie. Il Black Diamond HotForge, grazie a moschettoni solidi e durevoli, una fettuccia facile da impugnare, il ferma fettuccia integrato, si configura come il rinvio polivalente di Black Diamond, ottimo per vie sportive in falesia o vie trad, per allungare le protezioni.","robots":{"index":"index","follow":"follow","max-snippet":"max-snippet:-1","max-image-preview":"max-image-preview:large","max-video-preview":"max-video-preview:-1"},"canonical":"https:\/\/www.sestogrado.it\/en\/prodotto\/black-diamond-hotforge-rinvio-rinvii-arrampicata\/","og_locale":"en_US","og_type":"article","og_title":"Black Diamond Hotforge rinvio rinvii arrampicata - Sestogrado","og_description":"Il Black Diamond HotForge \u00e8 il rinvio di riferimento di Black Diamond, polivalente e resistente. Un rinvio super versatile con due moschettoni HotForge a leva piena, leva dritta nel moschettone lato spit e leva curva in quello lato corda, per una rinviata rapida e comoda.I due moschettoni HotForge sono particolarmente solidi e resistenti, con colori diversi per un pi\u00f9 rapido riconoscimento del moschettone lato spit, rispetto a quello lato corda. La fettuccia \u00e8 in nylon e si addice a lavorare le vie. Il Black Diamond HotForge, grazie a moschettoni solidi e durevoli, una fettuccia facile da impugnare, il ferma fettuccia integrato, si configura come il rinvio polivalente di Black Diamond, ottimo per vie sportive in falesia o vie trad, per allungare le protezioni.","og_url":"https:\/\/www.sestogrado.it\/en\/prodotto\/black-diamond-hotforge-rinvio-rinvii-arrampicata\/","og_site_name":"Sestogrado","article_publisher":"https:\/\/www.facebook.com\/pages\/Sestogrado\/1542635979353017?ref=bookmarks","article_modified_time":"2026-01-26T02:07:23+00:00","og_image":[{"width":2000,"height":1800,"url":"https:\/\/www.sestogrado.it\/wp-content\/uploads\/2015\/07\/381115_1004_HOTFORGEQUICKDRAW12cm_LightGray.jpg","type":"image\/jpeg"}],"twitter_misc":{"Availability":"In stock"},"schema":{"@context":"https:\/\/schema.org","@graph":[{"@type":"WebPage","@id":"https:\/\/www.sestogrado.it\/en\/prodotto\/black-diamond-hotforge-rinvio-rinvii-arrampicata\/","url":"https:\/\/www.sestogrado.it\/en\/prodotto\/black-diamond-hotforge-rinvio-rinvii-arrampicata\/","name":"Black Diamond Hotforge rinvio rinvii arrampicata - Sestogrado","isPartOf":{"@id":"https:\/\/www.sestogrado.it\/en\/#website"},"primaryImageOfPage":{"@id":"https:\/\/www.sestogrado.it\/en\/prodotto\/black-diamond-hotforge-rinvio-rinvii-arrampicata\/#primaryimage"},"image":{"@id":"https:\/\/www.sestogrado.it\/prodotto\/black-diamond-hotforge-rinvio-rinvii-arrampicata\/#primaryimage"},"thumbnailUrl":"https:\/\/www.sestogrado.it\/wp-content\/uploads\/2015\/07\/381115_1004_HOTFORGEQUICKDRAW12cm_LightGray.jpg","datePublished":"2020-03-09T14:06:02+00:00","dateModified":"2026-01-26T02:07:23+00:00","description":"Il Black Diamond HotForge \u00e8 il rinvio di riferimento di Black Diamond, polivalente e resistente. Un rinvio super versatile con due moschettoni HotForge a leva piena, leva dritta nel moschettone lato spit e leva curva in quello lato corda, per una rinviata rapida e comoda.I due moschettoni HotForge sono particolarmente solidi e resistenti, con colori diversi per un pi\u00f9 rapido riconoscimento del moschettone lato spit, rispetto a quello lato corda. La fettuccia \u00e8 in nylon e si addice a lavorare le vie. Il Black Diamond HotForge, grazie a moschettoni solidi e durevoli, una fettuccia facile da impugnare, il ferma fettuccia integrato, si configura come il rinvio polivalente di Black Diamond, ottimo per vie sportive in falesia o vie trad, per allungare le protezioni.","breadcrumb":{"@id":"https:\/\/www.sestogrado.it\/en\/prodotto\/black-diamond-hotforge-rinvio-rinvii-arrampicata\/#breadcrumb"},"inLanguage":"en-US","potentialAction":[{"@type":"ReadAction","target":[["https:\/\/www.sestogrado.it\/en\/prodotto\/black-diamond-hotforge-rinvio-rinvii-arrampicata\/"]]}]},{"@type":"ImageObject","inLanguage":"en-US","@id":"https:\/\/www.sestogrado.it\/en\/prodotto\/black-diamond-hotforge-rinvio-rinvii-arrampicata\/#primaryimage","url":"https:\/\/www.sestogrado.it\/wp-content\/uploads\/2015\/07\/381115_1004_HOTFORGEQUICKDRAW12cm_LightGray.jpg","contentUrl":"https:\/\/www.sestogrado.it\/wp-content\/uploads\/2015\/07\/381115_1004_HOTFORGEQUICKDRAW12cm_LightGray.jpg","width":2000,"height":1800,"caption":"black diamond hotforge 12"},{"@type":"BreadcrumbList","@id":"https:\/\/www.sestogrado.it\/en\/prodotto\/black-diamond-hotforge-rinvio-rinvii-arrampicata\/#breadcrumb","itemListElement":[{"@type":"ListItem","position":1,"name":"Home","item":"https:\/\/www.sestogrado.it\/en\/"},{"@type":"ListItem","position":2,"name":"Shop","item":"https:\/\/www.sestogrado.it\/en\/shop\/"},{"@type":"ListItem","position":3,"name":"Black Diamond Hotforge rinvio rinvii arrampicata"}]},{"@type":"WebSite","@id":"https:\/\/www.sestogrado.it\/en\/#website","url":"https:\/\/www.sestogrado.it\/en\/","name":"Sestogrado","description":"yes we climb","publisher":{"@id":"https:\/\/www.sestogrado.it\/en\/#organization"},"potentialAction":[{"@type":"SearchAction","target":{"@type":"EntryPoint","urlTemplate":"https:\/\/www.sestogrado.it\/en\/?s={search_term_string}"},"query-input":{"@type":"PropertyValueSpecification","valueRequired":true,"valueName":"search_term_string"}}],"inLanguage":"en-US"},{"@type":"Organization","@id":"https:\/\/www.sestogrado.it\/en\/#organization","name":"Sestogrado","url":"https:\/\/www.sestogrado.it\/en\/","logo":{"@type":"ImageObject","inLanguage":"en-US","@id":"https:\/\/www.sestogrado.it\/en\/#\/schema\/logo\/image\/","url":"https:\/\/www.sestogrado.it\/wp-content\/uploads\/2015\/03\/sestogrado-favicon.png","contentUrl":"https:\/\/www.sestogrado.it\/wp-content\/uploads\/2015\/03\/sestogrado-favicon.png","width":260,"height":260,"caption":"Sestogrado"},"image":{"@id":"https:\/\/www.sestogrado.it\/en\/#\/schema\/logo\/image\/"},"sameAs":["https:\/\/www.facebook.com\/pages\/Sestogrado\/1542635979353017?ref=bookmarks","https:\/\/www.youtube.com\/channel\/UC847kAfTkaJsWpc1jtQwr3Q"],"hasMerchantReturnPolicy":{"@type":"MerchantReturnPolicy","merchantReturnLink":"https:\/\/www.sestogrado.it\/en\/termini-e-condizioni\/"}}]},"product_brand":"Black Diamond","og_availability":"instock","product_availability":"instock","product_condition":"new"},"_links":{"self":[{"href":"https:\/\/www.sestogrado.it\/en\/wp-json\/wp\/v2\/product\/1796","targetHints":{"allow":["GET"]}}],"collection":[{"href":"https:\/\/www.sestogrado.it\/en\/wp-json\/wp\/v2\/product"}],"about":[{"href":"https:\/\/www.sestogrado.it\/en\/wp-json\/wp\/v2\/types\/product"}],"replies":[{"embeddable":true,"href":"https:\/\/www.sestogrado.it\/en\/wp-json\/wp\/v2\/comments?post=1796"}],"wp:featuredmedia":[{"embeddable":true,"href":"https:\/\/www.sestogrado.it\/en\/wp-json\/wp\/v2\/media\/28876"}],"wp:attachment":[{"href":"https:\/\/www.sestogrado.it\/en\/wp-json\/wp\/v2\/media?parent=1796"}],"wp:term":[{"taxonomy":"product_brand","embeddable":true,"href":"https:\/\/www.sestogrado.it\/en\/wp-json\/wp\/v2\/product_brand?post=1796"},{"taxonomy":"product_cat","embeddable":true,"href":"https:\/\/www.sestogrado.it\/en\/wp-json\/wp\/v2\/product_cat?post=1796"},{"taxonomy":"product_tag","embeddable":true,"href":"https:\/\/www.sestogrado.it\/en\/wp-json\/wp\/v2\/product_tag?post=1796"}],"curies":[{"name":"wp","href":"https:\/\/api.w.org\/{rel}","templated":true}]}}