{"id":176988,"date":"2025-01-22T09:00:38","date_gmt":"2025-01-22T08:00:38","guid":{"rendered":"https:\/\/www.sestogrado.it\/?post_type=product&#038;p=176988"},"modified":"2026-04-19T17:24:53","modified_gmt":"2026-04-19T15:24:53","slug":"black-diamond-miniwire-alpine-quickdraw-rinvio-alpinistico-60cm","status":"publish","type":"product","link":"https:\/\/www.sestogrado.it\/en\/prodotto\/black-diamond-miniwire-alpine-quickdraw-rinvio-alpinistico-60cm\/","title":{"rendered":"Black Diamond Miniwire Alpine quickdraw rinvio alpinistico 60cm"},"content":{"rendered":"<p class=\"qtranxs-available-languages-message qtranxs-available-languages-message-en\">Sorry, this entry is only available in <a href=\"https:\/\/www.sestogrado.it\/it\/wp-json\/wp\/v2\/product\/176988\" class=\"qtranxs-available-language-link qtranxs-available-language-link-it\" title=\"Italiano\">Italiano<\/a>.<\/p>","protected":false},"excerpt":{"rendered":"<p>Sorry, this entry is only available in Italiano.<\/p>\n","protected":false},"featured_media":176999,"comment_status":"open","ping_status":"closed","template":"","meta":{"_acf_changed":false},"product_brand":[121],"product_cat":[133],"product_tag":[],"class_list":{"0":"post-176988","1":"product","2":"type-product","3":"status-publish","4":"has-post-thumbnail","6":"product_brand-black-diamond","7":"product_cat-rinvii","9":"first","10":"instock","11":"sale","12":"taxable","13":"shipping-taxable","14":"purchasable","15":"product-type-simple"},"acf":[],"yoast_head":"<!-- This site is optimized with the Yoast SEO plugin v26.4 - https:\/\/yoast.com\/wordpress\/plugins\/seo\/ -->\n<title>Black Diamond Miniwire Alpine quickdraw rinvio alpinistico 60cm - Sestogrado<\/title>\n<meta name=\"description\" content=\"Il Black Diamond Miniwire Alpine quickdraw \u00e8 un rinvio alpinistico, composto da una fettuccia tubolare in Dyneema 100%, lunga 60cm, e da due moschettoni Miniwire, i pi\u00f9 leggeri di BD, in una classica configurazione da rinvio alpinistico.Progettato per offrire una protezione essenziale su ghiaccio, vie alpine e tradizionali che richiedono uno stile leggero e veloce, il Black Diamond MiniWire Alpine Quickdraw \u00e8 una combinazione multi-funzionale di moschettoni e fettuccia. Pu\u00f2 essere utilizzato sia nella configurazione standard di rinvio sia con la fettuccia completamente estesa. \u00c8 dotato di due moschettoni MiniWire, i pi\u00f9 leggeri e completamente funzionali della gamma Black Diamond, e di una fettuccia tubolare Dynex 100% da 8 mm e 60 cm (lunghezza spalla), leggera, resistente all&#039;abrasione e meno soggetta ad assorbire acqua rispetto al nylon. Il MiniWire \u00e8 ideale per spedizioni in montagna dove la leggerezza fa la differenza.\" \/>\n<meta name=\"robots\" content=\"index, follow, max-snippet:-1, max-image-preview:large, max-video-preview:-1\" \/>\n<link rel=\"canonical\" href=\"https:\/\/www.sestogrado.it\/en\/prodotto\/black-diamond-miniwire-alpine-quickdraw-rinvio-alpinistico-60cm\/\" \/>\n<meta property=\"og:locale\" content=\"en_US\" \/>\n<meta property=\"og:type\" content=\"article\" \/>\n<meta property=\"og:title\" content=\"Black Diamond Miniwire Alpine quickdraw rinvio alpinistico 60cm - Sestogrado\" \/>\n<meta property=\"og:description\" content=\"Il Black Diamond Miniwire Alpine quickdraw \u00e8 un rinvio alpinistico, composto da una fettuccia tubolare in Dyneema 100%, lunga 60cm, e da due moschettoni Miniwire, i pi\u00f9 leggeri di BD, in una classica configurazione da rinvio alpinistico.Progettato per offrire una protezione essenziale su ghiaccio, vie alpine e tradizionali che richiedono uno stile leggero e veloce, il Black Diamond MiniWire Alpine Quickdraw \u00e8 una combinazione multi-funzionale di moschettoni e fettuccia. Pu\u00f2 essere utilizzato sia nella configurazione standard di rinvio sia con la fettuccia completamente estesa. \u00c8 dotato di due moschettoni MiniWire, i pi\u00f9 leggeri e completamente funzionali della gamma Black Diamond, e di una fettuccia tubolare Dynex 100% da 8 mm e 60 cm (lunghezza spalla), leggera, resistente all&#039;abrasione e meno soggetta ad assorbire acqua rispetto al nylon. Il MiniWire \u00e8 ideale per spedizioni in montagna dove la leggerezza fa la differenza.\" \/>\n<meta property=\"og:url\" content=\"https:\/\/www.sestogrado.it\/en\/prodotto\/black-diamond-miniwire-alpine-quickdraw-rinvio-alpinistico-60cm\/\" \/>\n<meta property=\"og:site_name\" content=\"Sestogrado\" \/>\n<meta property=\"article:publisher\" content=\"https:\/\/www.facebook.com\/pages\/Sestogrado\/1542635979353017?ref=bookmarks\" \/>\n<meta property=\"article:modified_time\" content=\"2026-04-19T15:24:53+00:00\" \/>\n<meta property=\"og:image\" content=\"https:\/\/www.sestogrado.it\/wp-content\/uploads\/2024\/12\/01.png\" \/>\n\t<meta property=\"og:image:width\" content=\"1000\" \/>\n\t<meta property=\"og:image:height\" content=\"1000\" \/>\n\t<meta property=\"og:image:type\" content=\"image\/png\" \/>\n<meta name=\"twitter:label1\" content=\"Price\" \/>\n\t<meta name=\"twitter:data1\" content=\"&euro;&nbsp;21,90\" \/>\n\t<meta name=\"twitter:label2\" content=\"Availability\" \/>\n\t<meta name=\"twitter:data2\" content=\"In stock\" \/>\n<script type=\"application\/ld+json\" class=\"yoast-schema-graph\">{\"@context\":\"https:\/\/schema.org\",\"@graph\":[{\"@type\":\"WebPage\",\"@id\":\"https:\/\/www.sestogrado.it\/en\/prodotto\/black-diamond-miniwire-alpine-quickdraw-rinvio-alpinistico-60cm\/\",\"url\":\"https:\/\/www.sestogrado.it\/en\/prodotto\/black-diamond-miniwire-alpine-quickdraw-rinvio-alpinistico-60cm\/\",\"name\":\"Black Diamond Miniwire Alpine quickdraw rinvio alpinistico 60cm - Sestogrado\",\"isPartOf\":{\"@id\":\"https:\/\/www.sestogrado.it\/en\/#website\"},\"primaryImageOfPage\":{\"@id\":\"https:\/\/www.sestogrado.it\/en\/prodotto\/black-diamond-miniwire-alpine-quickdraw-rinvio-alpinistico-60cm\/#primaryimage\"},\"image\":{\"@id\":\"https:\/\/www.sestogrado.it\/prodotto\/black-diamond-miniwire-alpine-quickdraw-rinvio-alpinistico-60cm\/#primaryimage\"},\"thumbnailUrl\":\"https:\/\/www.sestogrado.it\/wp-content\/uploads\/2024\/12\/01.png\",\"datePublished\":\"2025-01-22T08:00:38+00:00\",\"dateModified\":\"2026-04-19T15:24:53+00:00\",\"description\":\"Il Black Diamond Miniwire Alpine quickdraw \u00e8 un rinvio alpinistico, composto da una fettuccia tubolare in Dyneema 100%, lunga 60cm, e da due moschettoni Miniwire, i pi\u00f9 leggeri di BD, in una classica configurazione da rinvio alpinistico.Progettato per offrire una protezione essenziale su ghiaccio, vie alpine e tradizionali che richiedono uno stile leggero e veloce, il Black Diamond MiniWire Alpine Quickdraw \u00e8 una combinazione multi-funzionale di moschettoni e fettuccia. Pu\u00f2 essere utilizzato sia nella configurazione standard di rinvio sia con la fettuccia completamente estesa. \u00c8 dotato di due moschettoni MiniWire, i pi\u00f9 leggeri e completamente funzionali della gamma Black Diamond, e di una fettuccia tubolare Dynex 100% da 8 mm e 60 cm (lunghezza spalla), leggera, resistente all'abrasione e meno soggetta ad assorbire acqua rispetto al nylon. Il MiniWire \u00e8 ideale per spedizioni in montagna dove la leggerezza fa la differenza.\",\"breadcrumb\":{\"@id\":\"https:\/\/www.sestogrado.it\/en\/prodotto\/black-diamond-miniwire-alpine-quickdraw-rinvio-alpinistico-60cm\/#breadcrumb\"},\"inLanguage\":\"en-US\",\"potentialAction\":[{\"@type\":\"ReadAction\",\"target\":[[\"https:\/\/www.sestogrado.it\/en\/prodotto\/black-diamond-miniwire-alpine-quickdraw-rinvio-alpinistico-60cm\/\"]]}]},{\"@type\":\"ImageObject\",\"inLanguage\":\"en-US\",\"@id\":\"https:\/\/www.sestogrado.it\/en\/prodotto\/black-diamond-miniwire-alpine-quickdraw-rinvio-alpinistico-60cm\/#primaryimage\",\"url\":\"https:\/\/www.sestogrado.it\/wp-content\/uploads\/2024\/12\/01.png\",\"contentUrl\":\"https:\/\/www.sestogrado.it\/wp-content\/uploads\/2024\/12\/01.png\",\"width\":1000,\"height\":1000,\"caption\":\"black diamond miniwire alpine\"},{\"@type\":\"BreadcrumbList\",\"@id\":\"https:\/\/www.sestogrado.it\/en\/prodotto\/black-diamond-miniwire-alpine-quickdraw-rinvio-alpinistico-60cm\/#breadcrumb\",\"itemListElement\":[{\"@type\":\"ListItem\",\"position\":1,\"name\":\"Home\",\"item\":\"https:\/\/www.sestogrado.it\/en\/\"},{\"@type\":\"ListItem\",\"position\":2,\"name\":\"Shop\",\"item\":\"https:\/\/www.sestogrado.it\/en\/shop\/\"},{\"@type\":\"ListItem\",\"position\":3,\"name\":\"Black Diamond Miniwire Alpine quickdraw rinvio alpinistico 60cm\"}]},{\"@type\":\"WebSite\",\"@id\":\"https:\/\/www.sestogrado.it\/en\/#website\",\"url\":\"https:\/\/www.sestogrado.it\/en\/\",\"name\":\"Sestogrado\",\"description\":\"yes we climb\",\"publisher\":{\"@id\":\"https:\/\/www.sestogrado.it\/en\/#organization\"},\"potentialAction\":[{\"@type\":\"SearchAction\",\"target\":{\"@type\":\"EntryPoint\",\"urlTemplate\":\"https:\/\/www.sestogrado.it\/en\/?s={search_term_string}\"},\"query-input\":{\"@type\":\"PropertyValueSpecification\",\"valueRequired\":true,\"valueName\":\"search_term_string\"}}],\"inLanguage\":\"en-US\"},{\"@type\":\"Organization\",\"@id\":\"https:\/\/www.sestogrado.it\/en\/#organization\",\"name\":\"Sestogrado\",\"url\":\"https:\/\/www.sestogrado.it\/en\/\",\"logo\":{\"@type\":\"ImageObject\",\"inLanguage\":\"en-US\",\"@id\":\"https:\/\/www.sestogrado.it\/en\/#\/schema\/logo\/image\/\",\"url\":\"https:\/\/www.sestogrado.it\/wp-content\/uploads\/2015\/03\/sestogrado-favicon.png\",\"contentUrl\":\"https:\/\/www.sestogrado.it\/wp-content\/uploads\/2015\/03\/sestogrado-favicon.png\",\"width\":260,\"height\":260,\"caption\":\"Sestogrado\"},\"image\":{\"@id\":\"https:\/\/www.sestogrado.it\/en\/#\/schema\/logo\/image\/\"},\"sameAs\":[\"https:\/\/www.facebook.com\/pages\/Sestogrado\/1542635979353017?ref=bookmarks\",\"https:\/\/www.youtube.com\/channel\/UC847kAfTkaJsWpc1jtQwr3Q\"],\"hasMerchantReturnPolicy\":{\"@type\":\"MerchantReturnPolicy\",\"merchantReturnLink\":\"https:\/\/www.sestogrado.it\/en\/termini-e-condizioni\/\"}}]}<\/script>\n<meta property=\"product:brand\" content=\"Black Diamond\" \/>\n<meta property=\"product:price:amount\" content=\"21.90\" \/>\n<meta property=\"product:price:currency\" content=\"EUR\" \/>\n<meta property=\"og:availability\" content=\"instock\" \/>\n<meta property=\"product:availability\" content=\"instock\" \/>\n<meta property=\"product:condition\" content=\"new\" \/>\n<!-- \/ Yoast SEO plugin. -->","yoast_head_json":{"title":"Black Diamond Miniwire Alpine quickdraw rinvio alpinistico 60cm - Sestogrado","description":"Il Black Diamond Miniwire Alpine quickdraw \u00e8 un rinvio alpinistico, composto da una fettuccia tubolare in Dyneema 100%, lunga 60cm, e da due moschettoni Miniwire, i pi\u00f9 leggeri di BD, in una classica configurazione da rinvio alpinistico.Progettato per offrire una protezione essenziale su ghiaccio, vie alpine e tradizionali che richiedono uno stile leggero e veloce, il Black Diamond MiniWire Alpine Quickdraw \u00e8 una combinazione multi-funzionale di moschettoni e fettuccia. Pu\u00f2 essere utilizzato sia nella configurazione standard di rinvio sia con la fettuccia completamente estesa. \u00c8 dotato di due moschettoni MiniWire, i pi\u00f9 leggeri e completamente funzionali della gamma Black Diamond, e di una fettuccia tubolare Dynex 100% da 8 mm e 60 cm (lunghezza spalla), leggera, resistente all'abrasione e meno soggetta ad assorbire acqua rispetto al nylon. Il MiniWire \u00e8 ideale per spedizioni in montagna dove la leggerezza fa la differenza.","robots":{"index":"index","follow":"follow","max-snippet":"max-snippet:-1","max-image-preview":"max-image-preview:large","max-video-preview":"max-video-preview:-1"},"canonical":"https:\/\/www.sestogrado.it\/en\/prodotto\/black-diamond-miniwire-alpine-quickdraw-rinvio-alpinistico-60cm\/","og_locale":"en_US","og_type":"article","og_title":"Black Diamond Miniwire Alpine quickdraw rinvio alpinistico 60cm - Sestogrado","og_description":"Il Black Diamond Miniwire Alpine quickdraw \u00e8 un rinvio alpinistico, composto da una fettuccia tubolare in Dyneema 100%, lunga 60cm, e da due moschettoni Miniwire, i pi\u00f9 leggeri di BD, in una classica configurazione da rinvio alpinistico.Progettato per offrire una protezione essenziale su ghiaccio, vie alpine e tradizionali che richiedono uno stile leggero e veloce, il Black Diamond MiniWire Alpine Quickdraw \u00e8 una combinazione multi-funzionale di moschettoni e fettuccia. Pu\u00f2 essere utilizzato sia nella configurazione standard di rinvio sia con la fettuccia completamente estesa. \u00c8 dotato di due moschettoni MiniWire, i pi\u00f9 leggeri e completamente funzionali della gamma Black Diamond, e di una fettuccia tubolare Dynex 100% da 8 mm e 60 cm (lunghezza spalla), leggera, resistente all'abrasione e meno soggetta ad assorbire acqua rispetto al nylon. Il MiniWire \u00e8 ideale per spedizioni in montagna dove la leggerezza fa la differenza.","og_url":"https:\/\/www.sestogrado.it\/en\/prodotto\/black-diamond-miniwire-alpine-quickdraw-rinvio-alpinistico-60cm\/","og_site_name":"Sestogrado","article_publisher":"https:\/\/www.facebook.com\/pages\/Sestogrado\/1542635979353017?ref=bookmarks","article_modified_time":"2026-04-19T15:24:53+00:00","og_image":[{"width":1000,"height":1000,"url":"https:\/\/www.sestogrado.it\/wp-content\/uploads\/2024\/12\/01.png","type":"image\/png"}],"twitter_misc":{"Price":"&euro;&nbsp;21,90","Availability":"In stock"},"schema":{"@context":"https:\/\/schema.org","@graph":[{"@type":"WebPage","@id":"https:\/\/www.sestogrado.it\/en\/prodotto\/black-diamond-miniwire-alpine-quickdraw-rinvio-alpinistico-60cm\/","url":"https:\/\/www.sestogrado.it\/en\/prodotto\/black-diamond-miniwire-alpine-quickdraw-rinvio-alpinistico-60cm\/","name":"Black Diamond Miniwire Alpine quickdraw rinvio alpinistico 60cm - Sestogrado","isPartOf":{"@id":"https:\/\/www.sestogrado.it\/en\/#website"},"primaryImageOfPage":{"@id":"https:\/\/www.sestogrado.it\/en\/prodotto\/black-diamond-miniwire-alpine-quickdraw-rinvio-alpinistico-60cm\/#primaryimage"},"image":{"@id":"https:\/\/www.sestogrado.it\/prodotto\/black-diamond-miniwire-alpine-quickdraw-rinvio-alpinistico-60cm\/#primaryimage"},"thumbnailUrl":"https:\/\/www.sestogrado.it\/wp-content\/uploads\/2024\/12\/01.png","datePublished":"2025-01-22T08:00:38+00:00","dateModified":"2026-04-19T15:24:53+00:00","description":"Il Black Diamond Miniwire Alpine quickdraw \u00e8 un rinvio alpinistico, composto da una fettuccia tubolare in Dyneema 100%, lunga 60cm, e da due moschettoni Miniwire, i pi\u00f9 leggeri di BD, in una classica configurazione da rinvio alpinistico.Progettato per offrire una protezione essenziale su ghiaccio, vie alpine e tradizionali che richiedono uno stile leggero e veloce, il Black Diamond MiniWire Alpine Quickdraw \u00e8 una combinazione multi-funzionale di moschettoni e fettuccia. Pu\u00f2 essere utilizzato sia nella configurazione standard di rinvio sia con la fettuccia completamente estesa. \u00c8 dotato di due moschettoni MiniWire, i pi\u00f9 leggeri e completamente funzionali della gamma Black Diamond, e di una fettuccia tubolare Dynex 100% da 8 mm e 60 cm (lunghezza spalla), leggera, resistente all'abrasione e meno soggetta ad assorbire acqua rispetto al nylon. Il MiniWire \u00e8 ideale per spedizioni in montagna dove la leggerezza fa la differenza.","breadcrumb":{"@id":"https:\/\/www.sestogrado.it\/en\/prodotto\/black-diamond-miniwire-alpine-quickdraw-rinvio-alpinistico-60cm\/#breadcrumb"},"inLanguage":"en-US","potentialAction":[{"@type":"ReadAction","target":[["https:\/\/www.sestogrado.it\/en\/prodotto\/black-diamond-miniwire-alpine-quickdraw-rinvio-alpinistico-60cm\/"]]}]},{"@type":"ImageObject","inLanguage":"en-US","@id":"https:\/\/www.sestogrado.it\/en\/prodotto\/black-diamond-miniwire-alpine-quickdraw-rinvio-alpinistico-60cm\/#primaryimage","url":"https:\/\/www.sestogrado.it\/wp-content\/uploads\/2024\/12\/01.png","contentUrl":"https:\/\/www.sestogrado.it\/wp-content\/uploads\/2024\/12\/01.png","width":1000,"height":1000,"caption":"black diamond miniwire alpine"},{"@type":"BreadcrumbList","@id":"https:\/\/www.sestogrado.it\/en\/prodotto\/black-diamond-miniwire-alpine-quickdraw-rinvio-alpinistico-60cm\/#breadcrumb","itemListElement":[{"@type":"ListItem","position":1,"name":"Home","item":"https:\/\/www.sestogrado.it\/en\/"},{"@type":"ListItem","position":2,"name":"Shop","item":"https:\/\/www.sestogrado.it\/en\/shop\/"},{"@type":"ListItem","position":3,"name":"Black Diamond Miniwire Alpine quickdraw rinvio alpinistico 60cm"}]},{"@type":"WebSite","@id":"https:\/\/www.sestogrado.it\/en\/#website","url":"https:\/\/www.sestogrado.it\/en\/","name":"Sestogrado","description":"yes we climb","publisher":{"@id":"https:\/\/www.sestogrado.it\/en\/#organization"},"potentialAction":[{"@type":"SearchAction","target":{"@type":"EntryPoint","urlTemplate":"https:\/\/www.sestogrado.it\/en\/?s={search_term_string}"},"query-input":{"@type":"PropertyValueSpecification","valueRequired":true,"valueName":"search_term_string"}}],"inLanguage":"en-US"},{"@type":"Organization","@id":"https:\/\/www.sestogrado.it\/en\/#organization","name":"Sestogrado","url":"https:\/\/www.sestogrado.it\/en\/","logo":{"@type":"ImageObject","inLanguage":"en-US","@id":"https:\/\/www.sestogrado.it\/en\/#\/schema\/logo\/image\/","url":"https:\/\/www.sestogrado.it\/wp-content\/uploads\/2015\/03\/sestogrado-favicon.png","contentUrl":"https:\/\/www.sestogrado.it\/wp-content\/uploads\/2015\/03\/sestogrado-favicon.png","width":260,"height":260,"caption":"Sestogrado"},"image":{"@id":"https:\/\/www.sestogrado.it\/en\/#\/schema\/logo\/image\/"},"sameAs":["https:\/\/www.facebook.com\/pages\/Sestogrado\/1542635979353017?ref=bookmarks","https:\/\/www.youtube.com\/channel\/UC847kAfTkaJsWpc1jtQwr3Q"],"hasMerchantReturnPolicy":{"@type":"MerchantReturnPolicy","merchantReturnLink":"https:\/\/www.sestogrado.it\/en\/termini-e-condizioni\/"}}]},"product_brand":"Black Diamond","product_price_amount":"21.90","product_price_currency":"EUR","og_availability":"instock","product_availability":"instock","product_condition":"new"},"_links":{"self":[{"href":"https:\/\/www.sestogrado.it\/en\/wp-json\/wp\/v2\/product\/176988","targetHints":{"allow":["GET"]}}],"collection":[{"href":"https:\/\/www.sestogrado.it\/en\/wp-json\/wp\/v2\/product"}],"about":[{"href":"https:\/\/www.sestogrado.it\/en\/wp-json\/wp\/v2\/types\/product"}],"replies":[{"embeddable":true,"href":"https:\/\/www.sestogrado.it\/en\/wp-json\/wp\/v2\/comments?post=176988"}],"wp:featuredmedia":[{"embeddable":true,"href":"https:\/\/www.sestogrado.it\/en\/wp-json\/wp\/v2\/media\/176999"}],"wp:attachment":[{"href":"https:\/\/www.sestogrado.it\/en\/wp-json\/wp\/v2\/media?parent=176988"}],"wp:term":[{"taxonomy":"product_brand","embeddable":true,"href":"https:\/\/www.sestogrado.it\/en\/wp-json\/wp\/v2\/product_brand?post=176988"},{"taxonomy":"product_cat","embeddable":true,"href":"https:\/\/www.sestogrado.it\/en\/wp-json\/wp\/v2\/product_cat?post=176988"},{"taxonomy":"product_tag","embeddable":true,"href":"https:\/\/www.sestogrado.it\/en\/wp-json\/wp\/v2\/product_tag?post=176988"}],"curies":[{"name":"wp","href":"https:\/\/api.w.org\/{rel}","templated":true}]}}