{"id":17584,"date":"2018-08-30T10:09:36","date_gmt":"2018-08-30T08:09:36","guid":{"rendered":"https:\/\/www.sestogrado.it\/?post_type=product&#038;p=17584"},"modified":"2024-02-20T13:48:28","modified_gmt":"2024-02-20T12:48:28","slug":"zlagboard-evo-trave-allenamento-arrampicata","status":"publish","type":"product","link":"https:\/\/www.sestogrado.it\/en\/prodotto\/zlagboard-evo-trave-allenamento-arrampicata\/","title":{"rendered":"Zlagboard Evo training board"},"content":{"rendered":"<p>The Zlagboard.Evo is the next evolution of hangboard training: the newest product in the Zlagboard series comes with a compact, light design. At the same time, it offers versatile training possibilities on crimps, slopers, small pockets and jugs. The legendary Zlagboard Contest Edges enable the athlete to compare their finger power to thousands of climbers on the world ranking. This board is suitable for individual training; however, it has also been specifically developed for teams. The corresponding app is the perfect assistant for planning team workouts and keeping track of the athletes\u2019 performance. With its bright colour, the Zlagboard.Evo is a beautiful piece of furniture for a climber\u2019s home and training place.<\/p>\n<p><strong>Scope of delivery:<\/strong><\/p>\n<ul>\n<li>1 Zlagboard.Evo<\/li>\n<li>1 code for the activation of 5 app accounts<\/li>\n<li>1 silicon mount for attaching the smartphone (suitable for all sizes)<\/li>\n<li>3 eye-bolts for attaching additional equipment<\/li>\n<\/ul>\n<p><\/p>","protected":false},"excerpt":{"rendered":"<p>The Zlagboard.Evo is the next evolution of hangboard training: the newest product in the Zlagboard series comes with a compact, [&hellip;]<\/p>\n","protected":false},"featured_media":17587,"comment_status":"open","ping_status":"closed","template":"","meta":{"_acf_changed":false},"product_brand":[509],"product_cat":[303],"product_tag":[437,436],"class_list":{"0":"post-17584","1":"product","2":"type-product","3":"status-publish","4":"has-post-thumbnail","6":"product_brand-zlagboard","7":"product_cat-allenamento","8":"product_tag-trave-allenamento","9":"product_tag-trave-arrampicata","11":"first","12":"instock","13":"sale","14":"taxable","15":"shipping-taxable","16":"purchasable","17":"product-type-simple"},"acf":[],"yoast_head":"<!-- This site is optimized with the Yoast SEO plugin v26.4 - https:\/\/yoast.com\/wordpress\/plugins\/seo\/ -->\n<title>Zlagboard Evo training board - Sestogrado<\/title>\n<meta name=\"description\" content=\"La Zlagboard Evo \u00e8 l\u2019innovazione della famosa trave da allenamento inclinabile per allenarsi con l&#039;app dedicata. Il prodotto pi\u00f9 recente della serie Zlagboard \u00e8 un trave in legno di ontano con un design compatto e leggero. Offre possibilit\u00e0 di allenamento versatili su crimps, slopers, piccole tasche e maniglie.\" \/>\n<meta name=\"robots\" content=\"index, follow, max-snippet:-1, max-image-preview:large, max-video-preview:-1\" \/>\n<link rel=\"canonical\" href=\"https:\/\/www.sestogrado.it\/en\/prodotto\/zlagboard-evo-trave-allenamento-arrampicata\/\" \/>\n<meta property=\"og:locale\" content=\"en_US\" \/>\n<meta property=\"og:type\" content=\"article\" \/>\n<meta property=\"og:title\" content=\"Zlagboard Evo training board - Sestogrado\" \/>\n<meta property=\"og:description\" content=\"La Zlagboard Evo \u00e8 l\u2019innovazione della famosa trave da allenamento inclinabile per allenarsi con l&#039;app dedicata. Il prodotto pi\u00f9 recente della serie Zlagboard \u00e8 un trave in legno di ontano con un design compatto e leggero. Offre possibilit\u00e0 di allenamento versatili su crimps, slopers, piccole tasche e maniglie.\" \/>\n<meta property=\"og:url\" content=\"https:\/\/www.sestogrado.it\/en\/prodotto\/zlagboard-evo-trave-allenamento-arrampicata\/\" \/>\n<meta property=\"og:site_name\" content=\"Sestogrado\" \/>\n<meta property=\"article:publisher\" content=\"https:\/\/www.facebook.com\/pages\/Sestogrado\/1542635979353017?ref=bookmarks\" \/>\n<meta property=\"article:modified_time\" content=\"2024-02-20T12:48:28+00:00\" \/>\n<meta property=\"og:image\" content=\"https:\/\/www.sestogrado.it\/wp-content\/uploads\/2018\/08\/02_Training_Photos.jpg\" \/>\n\t<meta property=\"og:image:width\" content=\"1000\" \/>\n\t<meta property=\"og:image:height\" content=\"1000\" \/>\n\t<meta property=\"og:image:type\" content=\"image\/jpeg\" \/>\n<meta name=\"twitter:label1\" content=\"Price\" \/>\n\t<meta name=\"twitter:data1\" content=\"&euro;&nbsp;177,00\" \/>\n\t<meta name=\"twitter:label2\" content=\"Availability\" \/>\n\t<meta name=\"twitter:data2\" content=\"In stock\" \/>\n<script type=\"application\/ld+json\" class=\"yoast-schema-graph\">{\"@context\":\"https:\/\/schema.org\",\"@graph\":[{\"@type\":\"WebPage\",\"@id\":\"https:\/\/www.sestogrado.it\/en\/prodotto\/zlagboard-evo-trave-allenamento-arrampicata\/\",\"url\":\"https:\/\/www.sestogrado.it\/en\/prodotto\/zlagboard-evo-trave-allenamento-arrampicata\/\",\"name\":\"Zlagboard Evo training board - Sestogrado\",\"isPartOf\":{\"@id\":\"https:\/\/www.sestogrado.it\/en\/#website\"},\"primaryImageOfPage\":{\"@id\":\"https:\/\/www.sestogrado.it\/en\/prodotto\/zlagboard-evo-trave-allenamento-arrampicata\/#primaryimage\"},\"image\":{\"@id\":\"https:\/\/www.sestogrado.it\/prodotto\/zlagboard-evo-trave-allenamento-arrampicata\/#primaryimage\"},\"thumbnailUrl\":\"https:\/\/www.sestogrado.it\/wp-content\/uploads\/2018\/08\/02_Training_Photos.jpg\",\"datePublished\":\"2018-08-30T08:09:36+00:00\",\"dateModified\":\"2024-02-20T12:48:28+00:00\",\"description\":\"La Zlagboard Evo \u00e8 l\u2019innovazione della famosa trave da allenamento inclinabile per allenarsi con l'app dedicata. Il prodotto pi\u00f9 recente della serie Zlagboard \u00e8 un trave in legno di ontano con un design compatto e leggero. Offre possibilit\u00e0 di allenamento versatili su crimps, slopers, piccole tasche e maniglie.\",\"breadcrumb\":{\"@id\":\"https:\/\/www.sestogrado.it\/en\/prodotto\/zlagboard-evo-trave-allenamento-arrampicata\/#breadcrumb\"},\"inLanguage\":\"en-US\",\"potentialAction\":[{\"@type\":\"ReadAction\",\"target\":[[\"https:\/\/www.sestogrado.it\/en\/prodotto\/zlagboard-evo-trave-allenamento-arrampicata\/\"]]}]},{\"@type\":\"ImageObject\",\"inLanguage\":\"en-US\",\"@id\":\"https:\/\/www.sestogrado.it\/en\/prodotto\/zlagboard-evo-trave-allenamento-arrampicata\/#primaryimage\",\"url\":\"https:\/\/www.sestogrado.it\/wp-content\/uploads\/2018\/08\/02_Training_Photos.jpg\",\"contentUrl\":\"https:\/\/www.sestogrado.it\/wp-content\/uploads\/2018\/08\/02_Training_Photos.jpg\",\"width\":1000,\"height\":1000},{\"@type\":\"BreadcrumbList\",\"@id\":\"https:\/\/www.sestogrado.it\/en\/prodotto\/zlagboard-evo-trave-allenamento-arrampicata\/#breadcrumb\",\"itemListElement\":[{\"@type\":\"ListItem\",\"position\":1,\"name\":\"Home\",\"item\":\"https:\/\/www.sestogrado.it\/en\/\"},{\"@type\":\"ListItem\",\"position\":2,\"name\":\"Shop\",\"item\":\"https:\/\/www.sestogrado.it\/en\/shop\/\"},{\"@type\":\"ListItem\",\"position\":3,\"name\":\"Zlagboard Evo trave allenamento arrampicata\"}]},{\"@type\":\"WebSite\",\"@id\":\"https:\/\/www.sestogrado.it\/en\/#website\",\"url\":\"https:\/\/www.sestogrado.it\/en\/\",\"name\":\"Sestogrado\",\"description\":\"yes we climb\",\"publisher\":{\"@id\":\"https:\/\/www.sestogrado.it\/en\/#organization\"},\"potentialAction\":[{\"@type\":\"SearchAction\",\"target\":{\"@type\":\"EntryPoint\",\"urlTemplate\":\"https:\/\/www.sestogrado.it\/en\/?s={search_term_string}\"},\"query-input\":{\"@type\":\"PropertyValueSpecification\",\"valueRequired\":true,\"valueName\":\"search_term_string\"}}],\"inLanguage\":\"en-US\"},{\"@type\":\"Organization\",\"@id\":\"https:\/\/www.sestogrado.it\/en\/#organization\",\"name\":\"Sestogrado\",\"url\":\"https:\/\/www.sestogrado.it\/en\/\",\"logo\":{\"@type\":\"ImageObject\",\"inLanguage\":\"en-US\",\"@id\":\"https:\/\/www.sestogrado.it\/en\/#\/schema\/logo\/image\/\",\"url\":\"https:\/\/www.sestogrado.it\/wp-content\/uploads\/2015\/03\/sestogrado-favicon.png\",\"contentUrl\":\"https:\/\/www.sestogrado.it\/wp-content\/uploads\/2015\/03\/sestogrado-favicon.png\",\"width\":260,\"height\":260,\"caption\":\"Sestogrado\"},\"image\":{\"@id\":\"https:\/\/www.sestogrado.it\/en\/#\/schema\/logo\/image\/\"},\"sameAs\":[\"https:\/\/www.facebook.com\/pages\/Sestogrado\/1542635979353017?ref=bookmarks\",\"https:\/\/www.youtube.com\/channel\/UC847kAfTkaJsWpc1jtQwr3Q\"],\"hasMerchantReturnPolicy\":{\"@type\":\"MerchantReturnPolicy\",\"merchantReturnLink\":\"https:\/\/www.sestogrado.it\/en\/termini-e-condizioni\/\"}}]}<\/script>\n<meta property=\"product:brand\" content=\"Zlagboard\" \/>\n<meta property=\"product:price:amount\" content=\"177.00\" \/>\n<meta property=\"product:price:currency\" content=\"EUR\" \/>\n<meta property=\"og:availability\" content=\"instock\" \/>\n<meta property=\"product:availability\" content=\"instock\" \/>\n<meta property=\"product:condition\" content=\"new\" \/>\n<!-- \/ Yoast SEO plugin. -->","yoast_head_json":{"title":"Zlagboard Evo training board - Sestogrado","description":"La Zlagboard Evo \u00e8 l\u2019innovazione della famosa trave da allenamento inclinabile per allenarsi con l'app dedicata. Il prodotto pi\u00f9 recente della serie Zlagboard \u00e8 un trave in legno di ontano con un design compatto e leggero. Offre possibilit\u00e0 di allenamento versatili su crimps, slopers, piccole tasche e maniglie.","robots":{"index":"index","follow":"follow","max-snippet":"max-snippet:-1","max-image-preview":"max-image-preview:large","max-video-preview":"max-video-preview:-1"},"canonical":"https:\/\/www.sestogrado.it\/en\/prodotto\/zlagboard-evo-trave-allenamento-arrampicata\/","og_locale":"en_US","og_type":"article","og_title":"Zlagboard Evo training board - Sestogrado","og_description":"La Zlagboard Evo \u00e8 l\u2019innovazione della famosa trave da allenamento inclinabile per allenarsi con l'app dedicata. Il prodotto pi\u00f9 recente della serie Zlagboard \u00e8 un trave in legno di ontano con un design compatto e leggero. Offre possibilit\u00e0 di allenamento versatili su crimps, slopers, piccole tasche e maniglie.","og_url":"https:\/\/www.sestogrado.it\/en\/prodotto\/zlagboard-evo-trave-allenamento-arrampicata\/","og_site_name":"Sestogrado","article_publisher":"https:\/\/www.facebook.com\/pages\/Sestogrado\/1542635979353017?ref=bookmarks","article_modified_time":"2024-02-20T12:48:28+00:00","og_image":[{"width":1000,"height":1000,"url":"https:\/\/www.sestogrado.it\/wp-content\/uploads\/2018\/08\/02_Training_Photos.jpg","type":"image\/jpeg"}],"twitter_misc":{"Price":"&euro;&nbsp;177,00","Availability":"In stock"},"schema":{"@context":"https:\/\/schema.org","@graph":[{"@type":"WebPage","@id":"https:\/\/www.sestogrado.it\/en\/prodotto\/zlagboard-evo-trave-allenamento-arrampicata\/","url":"https:\/\/www.sestogrado.it\/en\/prodotto\/zlagboard-evo-trave-allenamento-arrampicata\/","name":"Zlagboard Evo training board - Sestogrado","isPartOf":{"@id":"https:\/\/www.sestogrado.it\/en\/#website"},"primaryImageOfPage":{"@id":"https:\/\/www.sestogrado.it\/en\/prodotto\/zlagboard-evo-trave-allenamento-arrampicata\/#primaryimage"},"image":{"@id":"https:\/\/www.sestogrado.it\/prodotto\/zlagboard-evo-trave-allenamento-arrampicata\/#primaryimage"},"thumbnailUrl":"https:\/\/www.sestogrado.it\/wp-content\/uploads\/2018\/08\/02_Training_Photos.jpg","datePublished":"2018-08-30T08:09:36+00:00","dateModified":"2024-02-20T12:48:28+00:00","description":"La Zlagboard Evo \u00e8 l\u2019innovazione della famosa trave da allenamento inclinabile per allenarsi con l'app dedicata. Il prodotto pi\u00f9 recente della serie Zlagboard \u00e8 un trave in legno di ontano con un design compatto e leggero. Offre possibilit\u00e0 di allenamento versatili su crimps, slopers, piccole tasche e maniglie.","breadcrumb":{"@id":"https:\/\/www.sestogrado.it\/en\/prodotto\/zlagboard-evo-trave-allenamento-arrampicata\/#breadcrumb"},"inLanguage":"en-US","potentialAction":[{"@type":"ReadAction","target":[["https:\/\/www.sestogrado.it\/en\/prodotto\/zlagboard-evo-trave-allenamento-arrampicata\/"]]}]},{"@type":"ImageObject","inLanguage":"en-US","@id":"https:\/\/www.sestogrado.it\/en\/prodotto\/zlagboard-evo-trave-allenamento-arrampicata\/#primaryimage","url":"https:\/\/www.sestogrado.it\/wp-content\/uploads\/2018\/08\/02_Training_Photos.jpg","contentUrl":"https:\/\/www.sestogrado.it\/wp-content\/uploads\/2018\/08\/02_Training_Photos.jpg","width":1000,"height":1000},{"@type":"BreadcrumbList","@id":"https:\/\/www.sestogrado.it\/en\/prodotto\/zlagboard-evo-trave-allenamento-arrampicata\/#breadcrumb","itemListElement":[{"@type":"ListItem","position":1,"name":"Home","item":"https:\/\/www.sestogrado.it\/en\/"},{"@type":"ListItem","position":2,"name":"Shop","item":"https:\/\/www.sestogrado.it\/en\/shop\/"},{"@type":"ListItem","position":3,"name":"Zlagboard Evo trave allenamento arrampicata"}]},{"@type":"WebSite","@id":"https:\/\/www.sestogrado.it\/en\/#website","url":"https:\/\/www.sestogrado.it\/en\/","name":"Sestogrado","description":"yes we climb","publisher":{"@id":"https:\/\/www.sestogrado.it\/en\/#organization"},"potentialAction":[{"@type":"SearchAction","target":{"@type":"EntryPoint","urlTemplate":"https:\/\/www.sestogrado.it\/en\/?s={search_term_string}"},"query-input":{"@type":"PropertyValueSpecification","valueRequired":true,"valueName":"search_term_string"}}],"inLanguage":"en-US"},{"@type":"Organization","@id":"https:\/\/www.sestogrado.it\/en\/#organization","name":"Sestogrado","url":"https:\/\/www.sestogrado.it\/en\/","logo":{"@type":"ImageObject","inLanguage":"en-US","@id":"https:\/\/www.sestogrado.it\/en\/#\/schema\/logo\/image\/","url":"https:\/\/www.sestogrado.it\/wp-content\/uploads\/2015\/03\/sestogrado-favicon.png","contentUrl":"https:\/\/www.sestogrado.it\/wp-content\/uploads\/2015\/03\/sestogrado-favicon.png","width":260,"height":260,"caption":"Sestogrado"},"image":{"@id":"https:\/\/www.sestogrado.it\/en\/#\/schema\/logo\/image\/"},"sameAs":["https:\/\/www.facebook.com\/pages\/Sestogrado\/1542635979353017?ref=bookmarks","https:\/\/www.youtube.com\/channel\/UC847kAfTkaJsWpc1jtQwr3Q"],"hasMerchantReturnPolicy":{"@type":"MerchantReturnPolicy","merchantReturnLink":"https:\/\/www.sestogrado.it\/en\/termini-e-condizioni\/"}}]},"product_brand":"Zlagboard","product_price_amount":"177.00","product_price_currency":"EUR","og_availability":"instock","product_availability":"instock","product_condition":"new"},"_links":{"self":[{"href":"https:\/\/www.sestogrado.it\/en\/wp-json\/wp\/v2\/product\/17584","targetHints":{"allow":["GET"]}}],"collection":[{"href":"https:\/\/www.sestogrado.it\/en\/wp-json\/wp\/v2\/product"}],"about":[{"href":"https:\/\/www.sestogrado.it\/en\/wp-json\/wp\/v2\/types\/product"}],"replies":[{"embeddable":true,"href":"https:\/\/www.sestogrado.it\/en\/wp-json\/wp\/v2\/comments?post=17584"}],"wp:featuredmedia":[{"embeddable":true,"href":"https:\/\/www.sestogrado.it\/en\/wp-json\/wp\/v2\/media\/17587"}],"wp:attachment":[{"href":"https:\/\/www.sestogrado.it\/en\/wp-json\/wp\/v2\/media?parent=17584"}],"wp:term":[{"taxonomy":"product_brand","embeddable":true,"href":"https:\/\/www.sestogrado.it\/en\/wp-json\/wp\/v2\/product_brand?post=17584"},{"taxonomy":"product_cat","embeddable":true,"href":"https:\/\/www.sestogrado.it\/en\/wp-json\/wp\/v2\/product_cat?post=17584"},{"taxonomy":"product_tag","embeddable":true,"href":"https:\/\/www.sestogrado.it\/en\/wp-json\/wp\/v2\/product_tag?post=17584"}],"curies":[{"name":"wp","href":"https:\/\/api.w.org\/{rel}","templated":true}]}}