{"id":175100,"date":"2024-11-26T08:55:27","date_gmt":"2024-11-26T07:55:27","guid":{"rendered":"https:\/\/www.sestogrado.it\/?post_type=product&#038;p=175100"},"modified":"2026-01-07T13:31:24","modified_gmt":"2026-01-07T12:31:24","slug":"ferrate-in-lombardia","status":"publish","type":"product","link":"https:\/\/www.sestogrado.it\/en\/prodotto\/ferrate-in-lombardia\/","title":{"rendered":"Ferrate in Lombardia"},"content":{"rendered":"<p class=\"qtranxs-available-languages-message qtranxs-available-languages-message-en\">Sorry, this entry is only available in <a href=\"https:\/\/www.sestogrado.it\/it\/wp-json\/wp\/v2\/product\/175100\" class=\"qtranxs-available-language-link qtranxs-available-language-link-it\" title=\"Italiano\">Italiano<\/a>.<\/p>","protected":false},"excerpt":{"rendered":"<p>Sorry, this entry is only available in Italiano.<\/p>\n","protected":false},"featured_media":175101,"comment_status":"open","ping_status":"closed","template":"","meta":{"_acf_changed":false},"product_brand":[99],"product_cat":[98],"product_tag":[],"class_list":{"0":"post-175100","1":"product","2":"type-product","3":"status-publish","4":"has-post-thumbnail","6":"product_brand-versante-sud","7":"product_cat-libri","9":"first","10":"instock","11":"taxable","12":"shipping-taxable","13":"purchasable","14":"product-type-simple"},"acf":[],"yoast_head":"<!-- This site is optimized with the Yoast SEO plugin v26.4 - https:\/\/yoast.com\/wordpress\/plugins\/seo\/ -->\n<title>Ferrate in Lombardia - Sestogrado<\/title>\n<meta name=\"description\" content=\"40 itinerari sulle Alpi e Prealpi di Varese, Lecco, Como, Sondrio, Bergamo e Brescia + Traversata alta delle Grigne e Sentiero RomaC\u2019\u00e8 un pubblico di appassionati di montagna, che ama le vie ferrate: percorsi attrezzati con cavi metallici, ancoraggi fissi di vario genere, scalette e ponti sospesi che rendono pi\u00f9 abbordabile agli alpinisti una parete rocciosa, consentendo di percorrerla con maggiore facilit\u00e0 e di raggiungere vette pi\u00f9 o meno elevate.\u00a0Le vie ferrate hanno un passato glorioso e sono state rivalutate notevolmente dal turismo legato all\u2019arrampicata con il trascorrere del tempo.Oggi le vie ferrate rappresentano un\u2019attivit\u00e0 ricreativa accessibile a molti sportivi\u00a0e, con questo libro, l\u2019autore, esperta Guida Alpina,\u00a0presenta e descrive in modo accurato tutti gli itinerari lombardi, andando a descriverne oltre alle necessarie informazioni logistiche anche lo stato di attrezzatura e manutenzione. Nella guida inoltre sono presenti\u00a0preziosi consigli sulle corrette tecniche di sicurezza e di progressione, espresse in modo chiaro e semplice, per permettere anche all\u2019utente meno esperto di eseguirle in modo corretto.\" \/>\n<meta name=\"robots\" content=\"index, follow, max-snippet:-1, max-image-preview:large, max-video-preview:-1\" \/>\n<link rel=\"canonical\" href=\"https:\/\/www.sestogrado.it\/en\/prodotto\/ferrate-in-lombardia\/\" \/>\n<meta property=\"og:locale\" content=\"en_US\" \/>\n<meta property=\"og:type\" content=\"article\" \/>\n<meta property=\"og:title\" content=\"Ferrate in Lombardia - Sestogrado\" \/>\n<meta property=\"og:description\" content=\"40 itinerari sulle Alpi e Prealpi di Varese, Lecco, Como, Sondrio, Bergamo e Brescia + Traversata alta delle Grigne e Sentiero RomaC\u2019\u00e8 un pubblico di appassionati di montagna, che ama le vie ferrate: percorsi attrezzati con cavi metallici, ancoraggi fissi di vario genere, scalette e ponti sospesi che rendono pi\u00f9 abbordabile agli alpinisti una parete rocciosa, consentendo di percorrerla con maggiore facilit\u00e0 e di raggiungere vette pi\u00f9 o meno elevate.\u00a0Le vie ferrate hanno un passato glorioso e sono state rivalutate notevolmente dal turismo legato all\u2019arrampicata con il trascorrere del tempo.Oggi le vie ferrate rappresentano un\u2019attivit\u00e0 ricreativa accessibile a molti sportivi\u00a0e, con questo libro, l\u2019autore, esperta Guida Alpina,\u00a0presenta e descrive in modo accurato tutti gli itinerari lombardi, andando a descriverne oltre alle necessarie informazioni logistiche anche lo stato di attrezzatura e manutenzione. Nella guida inoltre sono presenti\u00a0preziosi consigli sulle corrette tecniche di sicurezza e di progressione, espresse in modo chiaro e semplice, per permettere anche all\u2019utente meno esperto di eseguirle in modo corretto.\" \/>\n<meta property=\"og:url\" content=\"https:\/\/www.sestogrado.it\/en\/prodotto\/ferrate-in-lombardia\/\" \/>\n<meta property=\"og:site_name\" content=\"Sestogrado\" \/>\n<meta property=\"article:publisher\" content=\"https:\/\/www.facebook.com\/pages\/Sestogrado\/1542635979353017?ref=bookmarks\" \/>\n<meta property=\"article:modified_time\" content=\"2026-01-07T12:31:24+00:00\" \/>\n<meta property=\"og:image\" content=\"https:\/\/www.sestogrado.it\/wp-content\/uploads\/2024\/11\/lombardia.jpg\" \/>\n\t<meta property=\"og:image:width\" content=\"900\" \/>\n\t<meta property=\"og:image:height\" content=\"900\" \/>\n\t<meta property=\"og:image:type\" content=\"image\/jpeg\" \/>\n<meta name=\"twitter:label1\" content=\"Price\" \/>\n\t<meta name=\"twitter:data1\" content=\"&euro;&nbsp;32,00\" \/>\n\t<meta name=\"twitter:label2\" content=\"Availability\" \/>\n\t<meta name=\"twitter:data2\" content=\"In stock\" \/>\n<script type=\"application\/ld+json\" class=\"yoast-schema-graph\">{\"@context\":\"https:\/\/schema.org\",\"@graph\":[{\"@type\":\"WebPage\",\"@id\":\"https:\/\/www.sestogrado.it\/en\/prodotto\/ferrate-in-lombardia\/\",\"url\":\"https:\/\/www.sestogrado.it\/en\/prodotto\/ferrate-in-lombardia\/\",\"name\":\"Ferrate in Lombardia - Sestogrado\",\"isPartOf\":{\"@id\":\"https:\/\/www.sestogrado.it\/en\/#website\"},\"primaryImageOfPage\":{\"@id\":\"https:\/\/www.sestogrado.it\/en\/prodotto\/ferrate-in-lombardia\/#primaryimage\"},\"image\":{\"@id\":\"https:\/\/www.sestogrado.it\/prodotto\/ferrate-in-lombardia\/#primaryimage\"},\"thumbnailUrl\":\"https:\/\/www.sestogrado.it\/wp-content\/uploads\/2024\/11\/lombardia.jpg\",\"datePublished\":\"2024-11-26T07:55:27+00:00\",\"dateModified\":\"2026-01-07T12:31:24+00:00\",\"description\":\"40 itinerari sulle Alpi e Prealpi di Varese, Lecco, Como, Sondrio, Bergamo e Brescia + Traversata alta delle Grigne e Sentiero RomaC\u2019\u00e8 un pubblico di appassionati di montagna, che ama le vie ferrate: percorsi attrezzati con cavi metallici, ancoraggi fissi di vario genere, scalette e ponti sospesi che rendono pi\u00f9 abbordabile agli alpinisti una parete rocciosa, consentendo di percorrerla con maggiore facilit\u00e0 e di raggiungere vette pi\u00f9 o meno elevate.\u00a0Le vie ferrate hanno un passato glorioso e sono state rivalutate notevolmente dal turismo legato all\u2019arrampicata con il trascorrere del tempo.Oggi le vie ferrate rappresentano un\u2019attivit\u00e0 ricreativa accessibile a molti sportivi\u00a0e, con questo libro, l\u2019autore, esperta Guida Alpina,\u00a0presenta e descrive in modo accurato tutti gli itinerari lombardi, andando a descriverne oltre alle necessarie informazioni logistiche anche lo stato di attrezzatura e manutenzione. Nella guida inoltre sono presenti\u00a0preziosi consigli sulle corrette tecniche di sicurezza e di progressione, espresse in modo chiaro e semplice, per permettere anche all\u2019utente meno esperto di eseguirle in modo corretto.\",\"breadcrumb\":{\"@id\":\"https:\/\/www.sestogrado.it\/en\/prodotto\/ferrate-in-lombardia\/#breadcrumb\"},\"inLanguage\":\"en-US\",\"potentialAction\":[{\"@type\":\"ReadAction\",\"target\":[[\"https:\/\/www.sestogrado.it\/en\/prodotto\/ferrate-in-lombardia\/\"]]}]},{\"@type\":\"ImageObject\",\"inLanguage\":\"en-US\",\"@id\":\"https:\/\/www.sestogrado.it\/en\/prodotto\/ferrate-in-lombardia\/#primaryimage\",\"url\":\"https:\/\/www.sestogrado.it\/wp-content\/uploads\/2024\/11\/lombardia.jpg\",\"contentUrl\":\"https:\/\/www.sestogrado.it\/wp-content\/uploads\/2024\/11\/lombardia.jpg\",\"width\":900,\"height\":900,\"caption\":\"ferrate in lombardia\"},{\"@type\":\"BreadcrumbList\",\"@id\":\"https:\/\/www.sestogrado.it\/en\/prodotto\/ferrate-in-lombardia\/#breadcrumb\",\"itemListElement\":[{\"@type\":\"ListItem\",\"position\":1,\"name\":\"Home\",\"item\":\"https:\/\/www.sestogrado.it\/en\/\"},{\"@type\":\"ListItem\",\"position\":2,\"name\":\"Shop\",\"item\":\"https:\/\/www.sestogrado.it\/en\/shop\/\"},{\"@type\":\"ListItem\",\"position\":3,\"name\":\"Ferrate in Lombardia\"}]},{\"@type\":\"WebSite\",\"@id\":\"https:\/\/www.sestogrado.it\/en\/#website\",\"url\":\"https:\/\/www.sestogrado.it\/en\/\",\"name\":\"Sestogrado\",\"description\":\"yes we climb\",\"publisher\":{\"@id\":\"https:\/\/www.sestogrado.it\/en\/#organization\"},\"potentialAction\":[{\"@type\":\"SearchAction\",\"target\":{\"@type\":\"EntryPoint\",\"urlTemplate\":\"https:\/\/www.sestogrado.it\/en\/?s={search_term_string}\"},\"query-input\":{\"@type\":\"PropertyValueSpecification\",\"valueRequired\":true,\"valueName\":\"search_term_string\"}}],\"inLanguage\":\"en-US\"},{\"@type\":\"Organization\",\"@id\":\"https:\/\/www.sestogrado.it\/en\/#organization\",\"name\":\"Sestogrado\",\"url\":\"https:\/\/www.sestogrado.it\/en\/\",\"logo\":{\"@type\":\"ImageObject\",\"inLanguage\":\"en-US\",\"@id\":\"https:\/\/www.sestogrado.it\/en\/#\/schema\/logo\/image\/\",\"url\":\"https:\/\/www.sestogrado.it\/wp-content\/uploads\/2015\/03\/sestogrado-favicon.png\",\"contentUrl\":\"https:\/\/www.sestogrado.it\/wp-content\/uploads\/2015\/03\/sestogrado-favicon.png\",\"width\":260,\"height\":260,\"caption\":\"Sestogrado\"},\"image\":{\"@id\":\"https:\/\/www.sestogrado.it\/en\/#\/schema\/logo\/image\/\"},\"sameAs\":[\"https:\/\/www.facebook.com\/pages\/Sestogrado\/1542635979353017?ref=bookmarks\",\"https:\/\/www.youtube.com\/channel\/UC847kAfTkaJsWpc1jtQwr3Q\"],\"hasMerchantReturnPolicy\":{\"@type\":\"MerchantReturnPolicy\",\"merchantReturnLink\":\"https:\/\/www.sestogrado.it\/en\/termini-e-condizioni\/\"}}]}<\/script>\n<meta property=\"product:brand\" content=\"Versante Sud\" \/>\n<meta property=\"product:price:amount\" content=\"32.00\" \/>\n<meta property=\"product:price:currency\" content=\"EUR\" \/>\n<meta property=\"og:availability\" content=\"instock\" \/>\n<meta property=\"product:availability\" content=\"instock\" \/>\n<meta property=\"product:condition\" content=\"new\" \/>\n<!-- \/ Yoast SEO plugin. -->","yoast_head_json":{"title":"Ferrate in Lombardia - Sestogrado","description":"40 itinerari sulle Alpi e Prealpi di Varese, Lecco, Como, Sondrio, Bergamo e Brescia + Traversata alta delle Grigne e Sentiero RomaC\u2019\u00e8 un pubblico di appassionati di montagna, che ama le vie ferrate: percorsi attrezzati con cavi metallici, ancoraggi fissi di vario genere, scalette e ponti sospesi che rendono pi\u00f9 abbordabile agli alpinisti una parete rocciosa, consentendo di percorrerla con maggiore facilit\u00e0 e di raggiungere vette pi\u00f9 o meno elevate.\u00a0Le vie ferrate hanno un passato glorioso e sono state rivalutate notevolmente dal turismo legato all\u2019arrampicata con il trascorrere del tempo.Oggi le vie ferrate rappresentano un\u2019attivit\u00e0 ricreativa accessibile a molti sportivi\u00a0e, con questo libro, l\u2019autore, esperta Guida Alpina,\u00a0presenta e descrive in modo accurato tutti gli itinerari lombardi, andando a descriverne oltre alle necessarie informazioni logistiche anche lo stato di attrezzatura e manutenzione. Nella guida inoltre sono presenti\u00a0preziosi consigli sulle corrette tecniche di sicurezza e di progressione, espresse in modo chiaro e semplice, per permettere anche all\u2019utente meno esperto di eseguirle in modo corretto.","robots":{"index":"index","follow":"follow","max-snippet":"max-snippet:-1","max-image-preview":"max-image-preview:large","max-video-preview":"max-video-preview:-1"},"canonical":"https:\/\/www.sestogrado.it\/en\/prodotto\/ferrate-in-lombardia\/","og_locale":"en_US","og_type":"article","og_title":"Ferrate in Lombardia - Sestogrado","og_description":"40 itinerari sulle Alpi e Prealpi di Varese, Lecco, Como, Sondrio, Bergamo e Brescia + Traversata alta delle Grigne e Sentiero RomaC\u2019\u00e8 un pubblico di appassionati di montagna, che ama le vie ferrate: percorsi attrezzati con cavi metallici, ancoraggi fissi di vario genere, scalette e ponti sospesi che rendono pi\u00f9 abbordabile agli alpinisti una parete rocciosa, consentendo di percorrerla con maggiore facilit\u00e0 e di raggiungere vette pi\u00f9 o meno elevate.\u00a0Le vie ferrate hanno un passato glorioso e sono state rivalutate notevolmente dal turismo legato all\u2019arrampicata con il trascorrere del tempo.Oggi le vie ferrate rappresentano un\u2019attivit\u00e0 ricreativa accessibile a molti sportivi\u00a0e, con questo libro, l\u2019autore, esperta Guida Alpina,\u00a0presenta e descrive in modo accurato tutti gli itinerari lombardi, andando a descriverne oltre alle necessarie informazioni logistiche anche lo stato di attrezzatura e manutenzione. Nella guida inoltre sono presenti\u00a0preziosi consigli sulle corrette tecniche di sicurezza e di progressione, espresse in modo chiaro e semplice, per permettere anche all\u2019utente meno esperto di eseguirle in modo corretto.","og_url":"https:\/\/www.sestogrado.it\/en\/prodotto\/ferrate-in-lombardia\/","og_site_name":"Sestogrado","article_publisher":"https:\/\/www.facebook.com\/pages\/Sestogrado\/1542635979353017?ref=bookmarks","article_modified_time":"2026-01-07T12:31:24+00:00","og_image":[{"width":900,"height":900,"url":"https:\/\/www.sestogrado.it\/wp-content\/uploads\/2024\/11\/lombardia.jpg","type":"image\/jpeg"}],"twitter_misc":{"Price":"&euro;&nbsp;32,00","Availability":"In stock"},"schema":{"@context":"https:\/\/schema.org","@graph":[{"@type":"WebPage","@id":"https:\/\/www.sestogrado.it\/en\/prodotto\/ferrate-in-lombardia\/","url":"https:\/\/www.sestogrado.it\/en\/prodotto\/ferrate-in-lombardia\/","name":"Ferrate in Lombardia - Sestogrado","isPartOf":{"@id":"https:\/\/www.sestogrado.it\/en\/#website"},"primaryImageOfPage":{"@id":"https:\/\/www.sestogrado.it\/en\/prodotto\/ferrate-in-lombardia\/#primaryimage"},"image":{"@id":"https:\/\/www.sestogrado.it\/prodotto\/ferrate-in-lombardia\/#primaryimage"},"thumbnailUrl":"https:\/\/www.sestogrado.it\/wp-content\/uploads\/2024\/11\/lombardia.jpg","datePublished":"2024-11-26T07:55:27+00:00","dateModified":"2026-01-07T12:31:24+00:00","description":"40 itinerari sulle Alpi e Prealpi di Varese, Lecco, Como, Sondrio, Bergamo e Brescia + Traversata alta delle Grigne e Sentiero RomaC\u2019\u00e8 un pubblico di appassionati di montagna, che ama le vie ferrate: percorsi attrezzati con cavi metallici, ancoraggi fissi di vario genere, scalette e ponti sospesi che rendono pi\u00f9 abbordabile agli alpinisti una parete rocciosa, consentendo di percorrerla con maggiore facilit\u00e0 e di raggiungere vette pi\u00f9 o meno elevate.\u00a0Le vie ferrate hanno un passato glorioso e sono state rivalutate notevolmente dal turismo legato all\u2019arrampicata con il trascorrere del tempo.Oggi le vie ferrate rappresentano un\u2019attivit\u00e0 ricreativa accessibile a molti sportivi\u00a0e, con questo libro, l\u2019autore, esperta Guida Alpina,\u00a0presenta e descrive in modo accurato tutti gli itinerari lombardi, andando a descriverne oltre alle necessarie informazioni logistiche anche lo stato di attrezzatura e manutenzione. Nella guida inoltre sono presenti\u00a0preziosi consigli sulle corrette tecniche di sicurezza e di progressione, espresse in modo chiaro e semplice, per permettere anche all\u2019utente meno esperto di eseguirle in modo corretto.","breadcrumb":{"@id":"https:\/\/www.sestogrado.it\/en\/prodotto\/ferrate-in-lombardia\/#breadcrumb"},"inLanguage":"en-US","potentialAction":[{"@type":"ReadAction","target":[["https:\/\/www.sestogrado.it\/en\/prodotto\/ferrate-in-lombardia\/"]]}]},{"@type":"ImageObject","inLanguage":"en-US","@id":"https:\/\/www.sestogrado.it\/en\/prodotto\/ferrate-in-lombardia\/#primaryimage","url":"https:\/\/www.sestogrado.it\/wp-content\/uploads\/2024\/11\/lombardia.jpg","contentUrl":"https:\/\/www.sestogrado.it\/wp-content\/uploads\/2024\/11\/lombardia.jpg","width":900,"height":900,"caption":"ferrate in lombardia"},{"@type":"BreadcrumbList","@id":"https:\/\/www.sestogrado.it\/en\/prodotto\/ferrate-in-lombardia\/#breadcrumb","itemListElement":[{"@type":"ListItem","position":1,"name":"Home","item":"https:\/\/www.sestogrado.it\/en\/"},{"@type":"ListItem","position":2,"name":"Shop","item":"https:\/\/www.sestogrado.it\/en\/shop\/"},{"@type":"ListItem","position":3,"name":"Ferrate in Lombardia"}]},{"@type":"WebSite","@id":"https:\/\/www.sestogrado.it\/en\/#website","url":"https:\/\/www.sestogrado.it\/en\/","name":"Sestogrado","description":"yes we climb","publisher":{"@id":"https:\/\/www.sestogrado.it\/en\/#organization"},"potentialAction":[{"@type":"SearchAction","target":{"@type":"EntryPoint","urlTemplate":"https:\/\/www.sestogrado.it\/en\/?s={search_term_string}"},"query-input":{"@type":"PropertyValueSpecification","valueRequired":true,"valueName":"search_term_string"}}],"inLanguage":"en-US"},{"@type":"Organization","@id":"https:\/\/www.sestogrado.it\/en\/#organization","name":"Sestogrado","url":"https:\/\/www.sestogrado.it\/en\/","logo":{"@type":"ImageObject","inLanguage":"en-US","@id":"https:\/\/www.sestogrado.it\/en\/#\/schema\/logo\/image\/","url":"https:\/\/www.sestogrado.it\/wp-content\/uploads\/2015\/03\/sestogrado-favicon.png","contentUrl":"https:\/\/www.sestogrado.it\/wp-content\/uploads\/2015\/03\/sestogrado-favicon.png","width":260,"height":260,"caption":"Sestogrado"},"image":{"@id":"https:\/\/www.sestogrado.it\/en\/#\/schema\/logo\/image\/"},"sameAs":["https:\/\/www.facebook.com\/pages\/Sestogrado\/1542635979353017?ref=bookmarks","https:\/\/www.youtube.com\/channel\/UC847kAfTkaJsWpc1jtQwr3Q"],"hasMerchantReturnPolicy":{"@type":"MerchantReturnPolicy","merchantReturnLink":"https:\/\/www.sestogrado.it\/en\/termini-e-condizioni\/"}}]},"product_brand":"Versante Sud","product_price_amount":"32.00","product_price_currency":"EUR","og_availability":"instock","product_availability":"instock","product_condition":"new"},"_links":{"self":[{"href":"https:\/\/www.sestogrado.it\/en\/wp-json\/wp\/v2\/product\/175100","targetHints":{"allow":["GET"]}}],"collection":[{"href":"https:\/\/www.sestogrado.it\/en\/wp-json\/wp\/v2\/product"}],"about":[{"href":"https:\/\/www.sestogrado.it\/en\/wp-json\/wp\/v2\/types\/product"}],"replies":[{"embeddable":true,"href":"https:\/\/www.sestogrado.it\/en\/wp-json\/wp\/v2\/comments?post=175100"}],"wp:featuredmedia":[{"embeddable":true,"href":"https:\/\/www.sestogrado.it\/en\/wp-json\/wp\/v2\/media\/175101"}],"wp:attachment":[{"href":"https:\/\/www.sestogrado.it\/en\/wp-json\/wp\/v2\/media?parent=175100"}],"wp:term":[{"taxonomy":"product_brand","embeddable":true,"href":"https:\/\/www.sestogrado.it\/en\/wp-json\/wp\/v2\/product_brand?post=175100"},{"taxonomy":"product_cat","embeddable":true,"href":"https:\/\/www.sestogrado.it\/en\/wp-json\/wp\/v2\/product_cat?post=175100"},{"taxonomy":"product_tag","embeddable":true,"href":"https:\/\/www.sestogrado.it\/en\/wp-json\/wp\/v2\/product_tag?post=175100"}],"curies":[{"name":"wp","href":"https:\/\/api.w.org\/{rel}","templated":true}]}}