{"id":173831,"date":"2024-11-06T10:30:51","date_gmt":"2024-11-06T09:30:51","guid":{"rendered":"https:\/\/www.sestogrado.it\/?post_type=product&#038;p=173831"},"modified":"2026-03-05T16:42:32","modified_gmt":"2026-03-05T15:42:32","slug":"black-diamond-cirque-35-zaino-da-scialpinismo","status":"publish","type":"product","link":"https:\/\/www.sestogrado.it\/en\/prodotto\/black-diamond-cirque-35-zaino-da-scialpinismo\/","title":{"rendered":"Black Diamond Cirque 35 zaino da scialpinismo"},"content":{"rendered":"<p class=\"qtranxs-available-languages-message qtranxs-available-languages-message-en\">Sorry, this entry is only available in <a href=\"https:\/\/www.sestogrado.it\/it\/wp-json\/wp\/v2\/product\/173831\" class=\"qtranxs-available-language-link qtranxs-available-language-link-it\" title=\"Italiano\">Italiano<\/a>.<\/p>","protected":false},"excerpt":{"rendered":"<p>Sorry, this entry is only available in Italiano.<\/p>\n","protected":false},"featured_media":173832,"comment_status":"open","ping_status":"closed","template":"","meta":{"_acf_changed":false},"product_brand":[121],"product_cat":[1431],"product_tag":[],"class_list":{"0":"post-173831","1":"product","2":"type-product","3":"status-publish","4":"has-post-thumbnail","6":"product_brand-black-diamond","7":"product_cat-scialpinismo-zaini","9":"first","10":"outofstock","11":"sale","12":"taxable","13":"shipping-taxable","14":"purchasable","15":"product-type-variable"},"acf":[],"yoast_head":"<!-- This site is optimized with the Yoast SEO plugin v26.4 - https:\/\/yoast.com\/wordpress\/plugins\/seo\/ -->\n<title>Black Diamond Cirque 35 zaino da scialpinismo - Sestogrado<\/title>\n<meta name=\"description\" content=\"Pulito, essenziale e progettato per affrontare discese di sci impegnative, il Black Diamond Cirque 35 \u00e8 uno zaino tecnico da sci alpinismo con una capacit\u00e0 media. Il Cirque 35 \u00e8 dotato di uno scomparto principale a chiusura roll-top, una tasca esterna di rapido accesso per il kit di sicurezza da valanga e una tasca laterale per riporre velocemente le pelli o i ramponi. I sistemi di trasporto sci in configurazione A-frame o diagonale permettono transizioni agevoli. La cintura imbottita offre maggiore comfort, mentre gli spallacci imbottiti in tessuto elasticizzato garantiscono una vestibilit\u00e0 comoda. Il sistema PickPocket per piccozze \u00e8 a dispiegamento rapido, compatibile con piolets o attrezzi, ideale per tratti ripidi e imprevisti.\" \/>\n<meta name=\"robots\" content=\"index, follow, max-snippet:-1, max-image-preview:large, max-video-preview:-1\" \/>\n<link rel=\"canonical\" href=\"https:\/\/www.sestogrado.it\/en\/prodotto\/black-diamond-cirque-35-zaino-da-scialpinismo\/\" \/>\n<meta property=\"og:locale\" content=\"en_US\" \/>\n<meta property=\"og:type\" content=\"article\" \/>\n<meta property=\"og:title\" content=\"Black Diamond Cirque 35 zaino da scialpinismo - Sestogrado\" \/>\n<meta property=\"og:description\" content=\"Pulito, essenziale e progettato per affrontare discese di sci impegnative, il Black Diamond Cirque 35 \u00e8 uno zaino tecnico da sci alpinismo con una capacit\u00e0 media. Il Cirque 35 \u00e8 dotato di uno scomparto principale a chiusura roll-top, una tasca esterna di rapido accesso per il kit di sicurezza da valanga e una tasca laterale per riporre velocemente le pelli o i ramponi. I sistemi di trasporto sci in configurazione A-frame o diagonale permettono transizioni agevoli. La cintura imbottita offre maggiore comfort, mentre gli spallacci imbottiti in tessuto elasticizzato garantiscono una vestibilit\u00e0 comoda. Il sistema PickPocket per piccozze \u00e8 a dispiegamento rapido, compatibile con piolets o attrezzi, ideale per tratti ripidi e imprevisti.\" \/>\n<meta property=\"og:url\" content=\"https:\/\/www.sestogrado.it\/en\/prodotto\/black-diamond-cirque-35-zaino-da-scialpinismo\/\" \/>\n<meta property=\"og:site_name\" content=\"Sestogrado\" \/>\n<meta property=\"article:publisher\" content=\"https:\/\/www.facebook.com\/pages\/Sestogrado\/1542635979353017?ref=bookmarks\" \/>\n<meta property=\"article:modified_time\" content=\"2026-03-05T15:42:32+00:00\" \/>\n<meta property=\"og:image\" content=\"https:\/\/www.sestogrado.it\/wp-content\/uploads\/2024\/11\/01.jpg\" \/>\n\t<meta property=\"og:image:width\" content=\"1117\" \/>\n\t<meta property=\"og:image:height\" content=\"1117\" \/>\n\t<meta property=\"og:image:type\" content=\"image\/jpeg\" \/>\n<meta name=\"twitter:label1\" content=\"Availability\" \/>\n\t<meta name=\"twitter:data1\" content=\"Out of stock\" \/>\n<script type=\"application\/ld+json\" class=\"yoast-schema-graph\">{\"@context\":\"https:\/\/schema.org\",\"@graph\":[{\"@type\":\"WebPage\",\"@id\":\"https:\/\/www.sestogrado.it\/en\/prodotto\/black-diamond-cirque-35-zaino-da-scialpinismo\/\",\"url\":\"https:\/\/www.sestogrado.it\/en\/prodotto\/black-diamond-cirque-35-zaino-da-scialpinismo\/\",\"name\":\"Black Diamond Cirque 35 zaino da scialpinismo - Sestogrado\",\"isPartOf\":{\"@id\":\"https:\/\/www.sestogrado.it\/en\/#website\"},\"primaryImageOfPage\":{\"@id\":\"https:\/\/www.sestogrado.it\/en\/prodotto\/black-diamond-cirque-35-zaino-da-scialpinismo\/#primaryimage\"},\"image\":{\"@id\":\"https:\/\/www.sestogrado.it\/prodotto\/black-diamond-cirque-35-zaino-da-scialpinismo\/#primaryimage\"},\"thumbnailUrl\":\"https:\/\/www.sestogrado.it\/wp-content\/uploads\/2024\/11\/01.jpg\",\"datePublished\":\"2024-11-06T09:30:51+00:00\",\"dateModified\":\"2026-03-05T15:42:32+00:00\",\"description\":\"Pulito, essenziale e progettato per affrontare discese di sci impegnative, il Black Diamond Cirque 35 \u00e8 uno zaino tecnico da sci alpinismo con una capacit\u00e0 media. Il Cirque 35 \u00e8 dotato di uno scomparto principale a chiusura roll-top, una tasca esterna di rapido accesso per il kit di sicurezza da valanga e una tasca laterale per riporre velocemente le pelli o i ramponi. I sistemi di trasporto sci in configurazione A-frame o diagonale permettono transizioni agevoli. La cintura imbottita offre maggiore comfort, mentre gli spallacci imbottiti in tessuto elasticizzato garantiscono una vestibilit\u00e0 comoda. Il sistema PickPocket per piccozze \u00e8 a dispiegamento rapido, compatibile con piolets o attrezzi, ideale per tratti ripidi e imprevisti.\",\"breadcrumb\":{\"@id\":\"https:\/\/www.sestogrado.it\/en\/prodotto\/black-diamond-cirque-35-zaino-da-scialpinismo\/#breadcrumb\"},\"inLanguage\":\"en-US\",\"potentialAction\":[{\"@type\":\"ReadAction\",\"target\":[[\"https:\/\/www.sestogrado.it\/en\/prodotto\/black-diamond-cirque-35-zaino-da-scialpinismo\/\"]]}]},{\"@type\":\"ImageObject\",\"inLanguage\":\"en-US\",\"@id\":\"https:\/\/www.sestogrado.it\/en\/prodotto\/black-diamond-cirque-35-zaino-da-scialpinismo\/#primaryimage\",\"url\":\"https:\/\/www.sestogrado.it\/wp-content\/uploads\/2024\/11\/01.jpg\",\"contentUrl\":\"https:\/\/www.sestogrado.it\/wp-content\/uploads\/2024\/11\/01.jpg\",\"width\":1117,\"height\":1117,\"caption\":\"cirque 35\"},{\"@type\":\"BreadcrumbList\",\"@id\":\"https:\/\/www.sestogrado.it\/en\/prodotto\/black-diamond-cirque-35-zaino-da-scialpinismo\/#breadcrumb\",\"itemListElement\":[{\"@type\":\"ListItem\",\"position\":1,\"name\":\"Home\",\"item\":\"https:\/\/www.sestogrado.it\/en\/\"},{\"@type\":\"ListItem\",\"position\":2,\"name\":\"Shop\",\"item\":\"https:\/\/www.sestogrado.it\/en\/shop\/\"},{\"@type\":\"ListItem\",\"position\":3,\"name\":\"Black Diamond Cirque 35 zaino da scialpinismo\"}]},{\"@type\":\"WebSite\",\"@id\":\"https:\/\/www.sestogrado.it\/en\/#website\",\"url\":\"https:\/\/www.sestogrado.it\/en\/\",\"name\":\"Sestogrado\",\"description\":\"yes we climb\",\"publisher\":{\"@id\":\"https:\/\/www.sestogrado.it\/en\/#organization\"},\"potentialAction\":[{\"@type\":\"SearchAction\",\"target\":{\"@type\":\"EntryPoint\",\"urlTemplate\":\"https:\/\/www.sestogrado.it\/en\/?s={search_term_string}\"},\"query-input\":{\"@type\":\"PropertyValueSpecification\",\"valueRequired\":true,\"valueName\":\"search_term_string\"}}],\"inLanguage\":\"en-US\"},{\"@type\":\"Organization\",\"@id\":\"https:\/\/www.sestogrado.it\/en\/#organization\",\"name\":\"Sestogrado\",\"url\":\"https:\/\/www.sestogrado.it\/en\/\",\"logo\":{\"@type\":\"ImageObject\",\"inLanguage\":\"en-US\",\"@id\":\"https:\/\/www.sestogrado.it\/en\/#\/schema\/logo\/image\/\",\"url\":\"https:\/\/www.sestogrado.it\/wp-content\/uploads\/2015\/03\/sestogrado-favicon.png\",\"contentUrl\":\"https:\/\/www.sestogrado.it\/wp-content\/uploads\/2015\/03\/sestogrado-favicon.png\",\"width\":260,\"height\":260,\"caption\":\"Sestogrado\"},\"image\":{\"@id\":\"https:\/\/www.sestogrado.it\/en\/#\/schema\/logo\/image\/\"},\"sameAs\":[\"https:\/\/www.facebook.com\/pages\/Sestogrado\/1542635979353017?ref=bookmarks\",\"https:\/\/www.youtube.com\/channel\/UC847kAfTkaJsWpc1jtQwr3Q\"],\"hasMerchantReturnPolicy\":{\"@type\":\"MerchantReturnPolicy\",\"merchantReturnLink\":\"https:\/\/www.sestogrado.it\/en\/termini-e-condizioni\/\"}}]}<\/script>\n<meta property=\"product:brand\" content=\"Black Diamond\" \/>\n<meta property=\"og:availability\" content=\"out of stock\" \/>\n<meta property=\"product:availability\" content=\"out of stock\" \/>\n<meta property=\"product:condition\" content=\"new\" \/>\n<!-- \/ Yoast SEO plugin. -->","yoast_head_json":{"title":"Black Diamond Cirque 35 zaino da scialpinismo - Sestogrado","description":"Pulito, essenziale e progettato per affrontare discese di sci impegnative, il Black Diamond Cirque 35 \u00e8 uno zaino tecnico da sci alpinismo con una capacit\u00e0 media. Il Cirque 35 \u00e8 dotato di uno scomparto principale a chiusura roll-top, una tasca esterna di rapido accesso per il kit di sicurezza da valanga e una tasca laterale per riporre velocemente le pelli o i ramponi. I sistemi di trasporto sci in configurazione A-frame o diagonale permettono transizioni agevoli. La cintura imbottita offre maggiore comfort, mentre gli spallacci imbottiti in tessuto elasticizzato garantiscono una vestibilit\u00e0 comoda. Il sistema PickPocket per piccozze \u00e8 a dispiegamento rapido, compatibile con piolets o attrezzi, ideale per tratti ripidi e imprevisti.","robots":{"index":"index","follow":"follow","max-snippet":"max-snippet:-1","max-image-preview":"max-image-preview:large","max-video-preview":"max-video-preview:-1"},"canonical":"https:\/\/www.sestogrado.it\/en\/prodotto\/black-diamond-cirque-35-zaino-da-scialpinismo\/","og_locale":"en_US","og_type":"article","og_title":"Black Diamond Cirque 35 zaino da scialpinismo - Sestogrado","og_description":"Pulito, essenziale e progettato per affrontare discese di sci impegnative, il Black Diamond Cirque 35 \u00e8 uno zaino tecnico da sci alpinismo con una capacit\u00e0 media. Il Cirque 35 \u00e8 dotato di uno scomparto principale a chiusura roll-top, una tasca esterna di rapido accesso per il kit di sicurezza da valanga e una tasca laterale per riporre velocemente le pelli o i ramponi. I sistemi di trasporto sci in configurazione A-frame o diagonale permettono transizioni agevoli. La cintura imbottita offre maggiore comfort, mentre gli spallacci imbottiti in tessuto elasticizzato garantiscono una vestibilit\u00e0 comoda. Il sistema PickPocket per piccozze \u00e8 a dispiegamento rapido, compatibile con piolets o attrezzi, ideale per tratti ripidi e imprevisti.","og_url":"https:\/\/www.sestogrado.it\/en\/prodotto\/black-diamond-cirque-35-zaino-da-scialpinismo\/","og_site_name":"Sestogrado","article_publisher":"https:\/\/www.facebook.com\/pages\/Sestogrado\/1542635979353017?ref=bookmarks","article_modified_time":"2026-03-05T15:42:32+00:00","og_image":[{"width":1117,"height":1117,"url":"https:\/\/www.sestogrado.it\/wp-content\/uploads\/2024\/11\/01.jpg","type":"image\/jpeg"}],"twitter_misc":{"Availability":"Out of stock"},"schema":{"@context":"https:\/\/schema.org","@graph":[{"@type":"WebPage","@id":"https:\/\/www.sestogrado.it\/en\/prodotto\/black-diamond-cirque-35-zaino-da-scialpinismo\/","url":"https:\/\/www.sestogrado.it\/en\/prodotto\/black-diamond-cirque-35-zaino-da-scialpinismo\/","name":"Black Diamond Cirque 35 zaino da scialpinismo - Sestogrado","isPartOf":{"@id":"https:\/\/www.sestogrado.it\/en\/#website"},"primaryImageOfPage":{"@id":"https:\/\/www.sestogrado.it\/en\/prodotto\/black-diamond-cirque-35-zaino-da-scialpinismo\/#primaryimage"},"image":{"@id":"https:\/\/www.sestogrado.it\/prodotto\/black-diamond-cirque-35-zaino-da-scialpinismo\/#primaryimage"},"thumbnailUrl":"https:\/\/www.sestogrado.it\/wp-content\/uploads\/2024\/11\/01.jpg","datePublished":"2024-11-06T09:30:51+00:00","dateModified":"2026-03-05T15:42:32+00:00","description":"Pulito, essenziale e progettato per affrontare discese di sci impegnative, il Black Diamond Cirque 35 \u00e8 uno zaino tecnico da sci alpinismo con una capacit\u00e0 media. Il Cirque 35 \u00e8 dotato di uno scomparto principale a chiusura roll-top, una tasca esterna di rapido accesso per il kit di sicurezza da valanga e una tasca laterale per riporre velocemente le pelli o i ramponi. I sistemi di trasporto sci in configurazione A-frame o diagonale permettono transizioni agevoli. La cintura imbottita offre maggiore comfort, mentre gli spallacci imbottiti in tessuto elasticizzato garantiscono una vestibilit\u00e0 comoda. Il sistema PickPocket per piccozze \u00e8 a dispiegamento rapido, compatibile con piolets o attrezzi, ideale per tratti ripidi e imprevisti.","breadcrumb":{"@id":"https:\/\/www.sestogrado.it\/en\/prodotto\/black-diamond-cirque-35-zaino-da-scialpinismo\/#breadcrumb"},"inLanguage":"en-US","potentialAction":[{"@type":"ReadAction","target":[["https:\/\/www.sestogrado.it\/en\/prodotto\/black-diamond-cirque-35-zaino-da-scialpinismo\/"]]}]},{"@type":"ImageObject","inLanguage":"en-US","@id":"https:\/\/www.sestogrado.it\/en\/prodotto\/black-diamond-cirque-35-zaino-da-scialpinismo\/#primaryimage","url":"https:\/\/www.sestogrado.it\/wp-content\/uploads\/2024\/11\/01.jpg","contentUrl":"https:\/\/www.sestogrado.it\/wp-content\/uploads\/2024\/11\/01.jpg","width":1117,"height":1117,"caption":"cirque 35"},{"@type":"BreadcrumbList","@id":"https:\/\/www.sestogrado.it\/en\/prodotto\/black-diamond-cirque-35-zaino-da-scialpinismo\/#breadcrumb","itemListElement":[{"@type":"ListItem","position":1,"name":"Home","item":"https:\/\/www.sestogrado.it\/en\/"},{"@type":"ListItem","position":2,"name":"Shop","item":"https:\/\/www.sestogrado.it\/en\/shop\/"},{"@type":"ListItem","position":3,"name":"Black Diamond Cirque 35 zaino da scialpinismo"}]},{"@type":"WebSite","@id":"https:\/\/www.sestogrado.it\/en\/#website","url":"https:\/\/www.sestogrado.it\/en\/","name":"Sestogrado","description":"yes we climb","publisher":{"@id":"https:\/\/www.sestogrado.it\/en\/#organization"},"potentialAction":[{"@type":"SearchAction","target":{"@type":"EntryPoint","urlTemplate":"https:\/\/www.sestogrado.it\/en\/?s={search_term_string}"},"query-input":{"@type":"PropertyValueSpecification","valueRequired":true,"valueName":"search_term_string"}}],"inLanguage":"en-US"},{"@type":"Organization","@id":"https:\/\/www.sestogrado.it\/en\/#organization","name":"Sestogrado","url":"https:\/\/www.sestogrado.it\/en\/","logo":{"@type":"ImageObject","inLanguage":"en-US","@id":"https:\/\/www.sestogrado.it\/en\/#\/schema\/logo\/image\/","url":"https:\/\/www.sestogrado.it\/wp-content\/uploads\/2015\/03\/sestogrado-favicon.png","contentUrl":"https:\/\/www.sestogrado.it\/wp-content\/uploads\/2015\/03\/sestogrado-favicon.png","width":260,"height":260,"caption":"Sestogrado"},"image":{"@id":"https:\/\/www.sestogrado.it\/en\/#\/schema\/logo\/image\/"},"sameAs":["https:\/\/www.facebook.com\/pages\/Sestogrado\/1542635979353017?ref=bookmarks","https:\/\/www.youtube.com\/channel\/UC847kAfTkaJsWpc1jtQwr3Q"],"hasMerchantReturnPolicy":{"@type":"MerchantReturnPolicy","merchantReturnLink":"https:\/\/www.sestogrado.it\/en\/termini-e-condizioni\/"}}]},"product_brand":"Black Diamond","og_availability":"out of stock","product_availability":"out of stock","product_condition":"new"},"_links":{"self":[{"href":"https:\/\/www.sestogrado.it\/en\/wp-json\/wp\/v2\/product\/173831","targetHints":{"allow":["GET"]}}],"collection":[{"href":"https:\/\/www.sestogrado.it\/en\/wp-json\/wp\/v2\/product"}],"about":[{"href":"https:\/\/www.sestogrado.it\/en\/wp-json\/wp\/v2\/types\/product"}],"replies":[{"embeddable":true,"href":"https:\/\/www.sestogrado.it\/en\/wp-json\/wp\/v2\/comments?post=173831"}],"wp:featuredmedia":[{"embeddable":true,"href":"https:\/\/www.sestogrado.it\/en\/wp-json\/wp\/v2\/media\/173832"}],"wp:attachment":[{"href":"https:\/\/www.sestogrado.it\/en\/wp-json\/wp\/v2\/media?parent=173831"}],"wp:term":[{"taxonomy":"product_brand","embeddable":true,"href":"https:\/\/www.sestogrado.it\/en\/wp-json\/wp\/v2\/product_brand?post=173831"},{"taxonomy":"product_cat","embeddable":true,"href":"https:\/\/www.sestogrado.it\/en\/wp-json\/wp\/v2\/product_cat?post=173831"},{"taxonomy":"product_tag","embeddable":true,"href":"https:\/\/www.sestogrado.it\/en\/wp-json\/wp\/v2\/product_tag?post=173831"}],"curies":[{"name":"wp","href":"https:\/\/api.w.org\/{rel}","templated":true}]}}