{"id":173194,"date":"2024-11-05T14:24:05","date_gmt":"2024-11-05T13:24:05","guid":{"rendered":"https:\/\/www.sestogrado.it\/?post_type=product&#038;p=173194"},"modified":"2026-03-11T12:30:26","modified_gmt":"2026-03-11T11:30:26","slug":"black-diamond-vision-airnet-recco-imbrago-da-alpinismo","status":"publish","type":"product","link":"https:\/\/www.sestogrado.it\/en\/prodotto\/black-diamond-vision-airnet-recco-imbrago-da-alpinismo\/","title":{"rendered":"Black Diamond Vision airNET Recco imbrago da alpinismo"},"content":{"rendered":"<p class=\"qtranxs-available-languages-message qtranxs-available-languages-message-en\">Sorry, this entry is only available in <a href=\"https:\/\/www.sestogrado.it\/it\/wp-json\/wp\/v2\/product\/173194\" class=\"qtranxs-available-language-link qtranxs-available-language-link-it\" title=\"Italiano\">Italiano<\/a>.<\/p>","protected":false},"excerpt":{"rendered":"<p>Sorry, this entry is only available in Italiano.<\/p>\n","protected":false},"featured_media":173202,"comment_status":"open","ping_status":"closed","template":"","meta":{"_acf_changed":false},"product_brand":[121],"product_cat":[183],"product_tag":[],"class_list":{"0":"post-173194","1":"product","2":"type-product","3":"status-publish","4":"has-post-thumbnail","6":"product_brand-black-diamond","7":"product_cat-alpinismo","9":"first","10":"instock","11":"sale","12":"taxable","13":"shipping-taxable","14":"purchasable","15":"product-type-variable"},"acf":[],"yoast_head":"<!-- This site is optimized with the Yoast SEO plugin v26.4 - https:\/\/yoast.com\/wordpress\/plugins\/seo\/ -->\n<title>Black Diamond Vision airNET Recco imbrago da alpinismo - Sestogrado<\/title>\n<meta name=\"description\" content=\"Il Vision airNET Recco \u00e8 l&#039;imbracatura ultraleggera completa e di punta di Black Diamond, progettata per guide, professionisti e chiunque spinga i limiti sul ghiaccio o sulla roccia in montagna. Dotata della tecnologia airNET, questa imbracatura raggiunge l&#039;equilibrio ideale tra peso e comprimibilit\u00e0 fornendo allo stesso tempo un supporto superiore. Vision airNET include anche il nostro Infinity Belay Loop brevettato, che \u00e8 senza soluzione di continuit\u00e0, durevole ed elimina il temuto spostamento dell&#039;anello di assicurazione. Questa imbracatura \u00e8 anche pronta per la montagna con quattro portamateriali, pi\u00f9 un passante posteriore e 4 slot per portamateriali da ghiaccio. L&#039;aggiunta della tecnologia RECCO\u00ae, che consiste in un transponder passivo RECCO\u00ae integrato che non richiede alimentazione o attivazione per funzionare e ti rende ricercabile dai soccorritori.\" \/>\n<meta name=\"robots\" content=\"index, follow, max-snippet:-1, max-image-preview:large, max-video-preview:-1\" \/>\n<link rel=\"canonical\" href=\"https:\/\/www.sestogrado.it\/en\/prodotto\/black-diamond-vision-airnet-recco-imbrago-da-alpinismo\/\" \/>\n<meta property=\"og:locale\" content=\"en_US\" \/>\n<meta property=\"og:type\" content=\"article\" \/>\n<meta property=\"og:title\" content=\"Black Diamond Vision airNET Recco imbrago da alpinismo - Sestogrado\" \/>\n<meta property=\"og:description\" content=\"Il Vision airNET Recco \u00e8 l&#039;imbracatura ultraleggera completa e di punta di Black Diamond, progettata per guide, professionisti e chiunque spinga i limiti sul ghiaccio o sulla roccia in montagna. Dotata della tecnologia airNET, questa imbracatura raggiunge l&#039;equilibrio ideale tra peso e comprimibilit\u00e0 fornendo allo stesso tempo un supporto superiore. Vision airNET include anche il nostro Infinity Belay Loop brevettato, che \u00e8 senza soluzione di continuit\u00e0, durevole ed elimina il temuto spostamento dell&#039;anello di assicurazione. Questa imbracatura \u00e8 anche pronta per la montagna con quattro portamateriali, pi\u00f9 un passante posteriore e 4 slot per portamateriali da ghiaccio. L&#039;aggiunta della tecnologia RECCO\u00ae, che consiste in un transponder passivo RECCO\u00ae integrato che non richiede alimentazione o attivazione per funzionare e ti rende ricercabile dai soccorritori.\" \/>\n<meta property=\"og:url\" content=\"https:\/\/www.sestogrado.it\/en\/prodotto\/black-diamond-vision-airnet-recco-imbrago-da-alpinismo\/\" \/>\n<meta property=\"og:site_name\" content=\"Sestogrado\" \/>\n<meta property=\"article:publisher\" content=\"https:\/\/www.facebook.com\/pages\/Sestogrado\/1542635979353017?ref=bookmarks\" \/>\n<meta property=\"article:modified_time\" content=\"2026-03-11T11:30:26+00:00\" \/>\n<meta property=\"og:image\" content=\"https:\/\/www.sestogrado.it\/wp-content\/uploads\/2024\/10\/01-7.jpg\" \/>\n\t<meta property=\"og:image:width\" content=\"1000\" \/>\n\t<meta property=\"og:image:height\" content=\"1000\" \/>\n\t<meta property=\"og:image:type\" content=\"image\/jpeg\" \/>\n<meta name=\"twitter:label1\" content=\"Availability\" \/>\n\t<meta name=\"twitter:data1\" content=\"In stock\" \/>\n<script type=\"application\/ld+json\" class=\"yoast-schema-graph\">{\"@context\":\"https:\/\/schema.org\",\"@graph\":[{\"@type\":\"WebPage\",\"@id\":\"https:\/\/www.sestogrado.it\/en\/prodotto\/black-diamond-vision-airnet-recco-imbrago-da-alpinismo\/\",\"url\":\"https:\/\/www.sestogrado.it\/en\/prodotto\/black-diamond-vision-airnet-recco-imbrago-da-alpinismo\/\",\"name\":\"Black Diamond Vision airNET Recco imbrago da alpinismo - Sestogrado\",\"isPartOf\":{\"@id\":\"https:\/\/www.sestogrado.it\/en\/#website\"},\"primaryImageOfPage\":{\"@id\":\"https:\/\/www.sestogrado.it\/en\/prodotto\/black-diamond-vision-airnet-recco-imbrago-da-alpinismo\/#primaryimage\"},\"image\":{\"@id\":\"https:\/\/www.sestogrado.it\/prodotto\/black-diamond-vision-airnet-recco-imbrago-da-alpinismo\/#primaryimage\"},\"thumbnailUrl\":\"https:\/\/www.sestogrado.it\/wp-content\/uploads\/2024\/10\/01-7.jpg\",\"datePublished\":\"2024-11-05T13:24:05+00:00\",\"dateModified\":\"2026-03-11T11:30:26+00:00\",\"description\":\"Il Vision airNET Recco \u00e8 l'imbracatura ultraleggera completa e di punta di Black Diamond, progettata per guide, professionisti e chiunque spinga i limiti sul ghiaccio o sulla roccia in montagna. Dotata della tecnologia airNET, questa imbracatura raggiunge l'equilibrio ideale tra peso e comprimibilit\u00e0 fornendo allo stesso tempo un supporto superiore. Vision airNET include anche il nostro Infinity Belay Loop brevettato, che \u00e8 senza soluzione di continuit\u00e0, durevole ed elimina il temuto spostamento dell'anello di assicurazione. Questa imbracatura \u00e8 anche pronta per la montagna con quattro portamateriali, pi\u00f9 un passante posteriore e 4 slot per portamateriali da ghiaccio. L'aggiunta della tecnologia RECCO\u00ae, che consiste in un transponder passivo RECCO\u00ae integrato che non richiede alimentazione o attivazione per funzionare e ti rende ricercabile dai soccorritori.\",\"breadcrumb\":{\"@id\":\"https:\/\/www.sestogrado.it\/en\/prodotto\/black-diamond-vision-airnet-recco-imbrago-da-alpinismo\/#breadcrumb\"},\"inLanguage\":\"en-US\",\"potentialAction\":[{\"@type\":\"ReadAction\",\"target\":[[\"https:\/\/www.sestogrado.it\/en\/prodotto\/black-diamond-vision-airnet-recco-imbrago-da-alpinismo\/\"]]}]},{\"@type\":\"ImageObject\",\"inLanguage\":\"en-US\",\"@id\":\"https:\/\/www.sestogrado.it\/en\/prodotto\/black-diamond-vision-airnet-recco-imbrago-da-alpinismo\/#primaryimage\",\"url\":\"https:\/\/www.sestogrado.it\/wp-content\/uploads\/2024\/10\/01-7.jpg\",\"contentUrl\":\"https:\/\/www.sestogrado.it\/wp-content\/uploads\/2024\/10\/01-7.jpg\",\"width\":1000,\"height\":1000,\"caption\":\"black diamond vision\"},{\"@type\":\"BreadcrumbList\",\"@id\":\"https:\/\/www.sestogrado.it\/en\/prodotto\/black-diamond-vision-airnet-recco-imbrago-da-alpinismo\/#breadcrumb\",\"itemListElement\":[{\"@type\":\"ListItem\",\"position\":1,\"name\":\"Home\",\"item\":\"https:\/\/www.sestogrado.it\/en\/\"},{\"@type\":\"ListItem\",\"position\":2,\"name\":\"Shop\",\"item\":\"https:\/\/www.sestogrado.it\/en\/shop\/\"},{\"@type\":\"ListItem\",\"position\":3,\"name\":\"Black Diamond Vision airNET Recco imbrago da alpinismo\"}]},{\"@type\":\"WebSite\",\"@id\":\"https:\/\/www.sestogrado.it\/en\/#website\",\"url\":\"https:\/\/www.sestogrado.it\/en\/\",\"name\":\"Sestogrado\",\"description\":\"yes we climb\",\"publisher\":{\"@id\":\"https:\/\/www.sestogrado.it\/en\/#organization\"},\"potentialAction\":[{\"@type\":\"SearchAction\",\"target\":{\"@type\":\"EntryPoint\",\"urlTemplate\":\"https:\/\/www.sestogrado.it\/en\/?s={search_term_string}\"},\"query-input\":{\"@type\":\"PropertyValueSpecification\",\"valueRequired\":true,\"valueName\":\"search_term_string\"}}],\"inLanguage\":\"en-US\"},{\"@type\":\"Organization\",\"@id\":\"https:\/\/www.sestogrado.it\/en\/#organization\",\"name\":\"Sestogrado\",\"url\":\"https:\/\/www.sestogrado.it\/en\/\",\"logo\":{\"@type\":\"ImageObject\",\"inLanguage\":\"en-US\",\"@id\":\"https:\/\/www.sestogrado.it\/en\/#\/schema\/logo\/image\/\",\"url\":\"https:\/\/www.sestogrado.it\/wp-content\/uploads\/2015\/03\/sestogrado-favicon.png\",\"contentUrl\":\"https:\/\/www.sestogrado.it\/wp-content\/uploads\/2015\/03\/sestogrado-favicon.png\",\"width\":260,\"height\":260,\"caption\":\"Sestogrado\"},\"image\":{\"@id\":\"https:\/\/www.sestogrado.it\/en\/#\/schema\/logo\/image\/\"},\"sameAs\":[\"https:\/\/www.facebook.com\/pages\/Sestogrado\/1542635979353017?ref=bookmarks\",\"https:\/\/www.youtube.com\/channel\/UC847kAfTkaJsWpc1jtQwr3Q\"],\"hasMerchantReturnPolicy\":{\"@type\":\"MerchantReturnPolicy\",\"merchantReturnLink\":\"https:\/\/www.sestogrado.it\/en\/termini-e-condizioni\/\"}}]}<\/script>\n<meta property=\"product:brand\" content=\"Black Diamond\" \/>\n<meta property=\"og:availability\" content=\"instock\" \/>\n<meta property=\"product:availability\" content=\"instock\" \/>\n<meta property=\"product:condition\" content=\"new\" \/>\n<!-- \/ Yoast SEO plugin. -->","yoast_head_json":{"title":"Black Diamond Vision airNET Recco imbrago da alpinismo - Sestogrado","description":"Il Vision airNET Recco \u00e8 l'imbracatura ultraleggera completa e di punta di Black Diamond, progettata per guide, professionisti e chiunque spinga i limiti sul ghiaccio o sulla roccia in montagna. Dotata della tecnologia airNET, questa imbracatura raggiunge l'equilibrio ideale tra peso e comprimibilit\u00e0 fornendo allo stesso tempo un supporto superiore. Vision airNET include anche il nostro Infinity Belay Loop brevettato, che \u00e8 senza soluzione di continuit\u00e0, durevole ed elimina il temuto spostamento dell'anello di assicurazione. Questa imbracatura \u00e8 anche pronta per la montagna con quattro portamateriali, pi\u00f9 un passante posteriore e 4 slot per portamateriali da ghiaccio. L'aggiunta della tecnologia RECCO\u00ae, che consiste in un transponder passivo RECCO\u00ae integrato che non richiede alimentazione o attivazione per funzionare e ti rende ricercabile dai soccorritori.","robots":{"index":"index","follow":"follow","max-snippet":"max-snippet:-1","max-image-preview":"max-image-preview:large","max-video-preview":"max-video-preview:-1"},"canonical":"https:\/\/www.sestogrado.it\/en\/prodotto\/black-diamond-vision-airnet-recco-imbrago-da-alpinismo\/","og_locale":"en_US","og_type":"article","og_title":"Black Diamond Vision airNET Recco imbrago da alpinismo - Sestogrado","og_description":"Il Vision airNET Recco \u00e8 l'imbracatura ultraleggera completa e di punta di Black Diamond, progettata per guide, professionisti e chiunque spinga i limiti sul ghiaccio o sulla roccia in montagna. Dotata della tecnologia airNET, questa imbracatura raggiunge l'equilibrio ideale tra peso e comprimibilit\u00e0 fornendo allo stesso tempo un supporto superiore. Vision airNET include anche il nostro Infinity Belay Loop brevettato, che \u00e8 senza soluzione di continuit\u00e0, durevole ed elimina il temuto spostamento dell'anello di assicurazione. Questa imbracatura \u00e8 anche pronta per la montagna con quattro portamateriali, pi\u00f9 un passante posteriore e 4 slot per portamateriali da ghiaccio. L'aggiunta della tecnologia RECCO\u00ae, che consiste in un transponder passivo RECCO\u00ae integrato che non richiede alimentazione o attivazione per funzionare e ti rende ricercabile dai soccorritori.","og_url":"https:\/\/www.sestogrado.it\/en\/prodotto\/black-diamond-vision-airnet-recco-imbrago-da-alpinismo\/","og_site_name":"Sestogrado","article_publisher":"https:\/\/www.facebook.com\/pages\/Sestogrado\/1542635979353017?ref=bookmarks","article_modified_time":"2026-03-11T11:30:26+00:00","og_image":[{"width":1000,"height":1000,"url":"https:\/\/www.sestogrado.it\/wp-content\/uploads\/2024\/10\/01-7.jpg","type":"image\/jpeg"}],"twitter_misc":{"Availability":"In stock"},"schema":{"@context":"https:\/\/schema.org","@graph":[{"@type":"WebPage","@id":"https:\/\/www.sestogrado.it\/en\/prodotto\/black-diamond-vision-airnet-recco-imbrago-da-alpinismo\/","url":"https:\/\/www.sestogrado.it\/en\/prodotto\/black-diamond-vision-airnet-recco-imbrago-da-alpinismo\/","name":"Black Diamond Vision airNET Recco imbrago da alpinismo - Sestogrado","isPartOf":{"@id":"https:\/\/www.sestogrado.it\/en\/#website"},"primaryImageOfPage":{"@id":"https:\/\/www.sestogrado.it\/en\/prodotto\/black-diamond-vision-airnet-recco-imbrago-da-alpinismo\/#primaryimage"},"image":{"@id":"https:\/\/www.sestogrado.it\/prodotto\/black-diamond-vision-airnet-recco-imbrago-da-alpinismo\/#primaryimage"},"thumbnailUrl":"https:\/\/www.sestogrado.it\/wp-content\/uploads\/2024\/10\/01-7.jpg","datePublished":"2024-11-05T13:24:05+00:00","dateModified":"2026-03-11T11:30:26+00:00","description":"Il Vision airNET Recco \u00e8 l'imbracatura ultraleggera completa e di punta di Black Diamond, progettata per guide, professionisti e chiunque spinga i limiti sul ghiaccio o sulla roccia in montagna. Dotata della tecnologia airNET, questa imbracatura raggiunge l'equilibrio ideale tra peso e comprimibilit\u00e0 fornendo allo stesso tempo un supporto superiore. Vision airNET include anche il nostro Infinity Belay Loop brevettato, che \u00e8 senza soluzione di continuit\u00e0, durevole ed elimina il temuto spostamento dell'anello di assicurazione. Questa imbracatura \u00e8 anche pronta per la montagna con quattro portamateriali, pi\u00f9 un passante posteriore e 4 slot per portamateriali da ghiaccio. L'aggiunta della tecnologia RECCO\u00ae, che consiste in un transponder passivo RECCO\u00ae integrato che non richiede alimentazione o attivazione per funzionare e ti rende ricercabile dai soccorritori.","breadcrumb":{"@id":"https:\/\/www.sestogrado.it\/en\/prodotto\/black-diamond-vision-airnet-recco-imbrago-da-alpinismo\/#breadcrumb"},"inLanguage":"en-US","potentialAction":[{"@type":"ReadAction","target":[["https:\/\/www.sestogrado.it\/en\/prodotto\/black-diamond-vision-airnet-recco-imbrago-da-alpinismo\/"]]}]},{"@type":"ImageObject","inLanguage":"en-US","@id":"https:\/\/www.sestogrado.it\/en\/prodotto\/black-diamond-vision-airnet-recco-imbrago-da-alpinismo\/#primaryimage","url":"https:\/\/www.sestogrado.it\/wp-content\/uploads\/2024\/10\/01-7.jpg","contentUrl":"https:\/\/www.sestogrado.it\/wp-content\/uploads\/2024\/10\/01-7.jpg","width":1000,"height":1000,"caption":"black diamond vision"},{"@type":"BreadcrumbList","@id":"https:\/\/www.sestogrado.it\/en\/prodotto\/black-diamond-vision-airnet-recco-imbrago-da-alpinismo\/#breadcrumb","itemListElement":[{"@type":"ListItem","position":1,"name":"Home","item":"https:\/\/www.sestogrado.it\/en\/"},{"@type":"ListItem","position":2,"name":"Shop","item":"https:\/\/www.sestogrado.it\/en\/shop\/"},{"@type":"ListItem","position":3,"name":"Black Diamond Vision airNET Recco imbrago da alpinismo"}]},{"@type":"WebSite","@id":"https:\/\/www.sestogrado.it\/en\/#website","url":"https:\/\/www.sestogrado.it\/en\/","name":"Sestogrado","description":"yes we climb","publisher":{"@id":"https:\/\/www.sestogrado.it\/en\/#organization"},"potentialAction":[{"@type":"SearchAction","target":{"@type":"EntryPoint","urlTemplate":"https:\/\/www.sestogrado.it\/en\/?s={search_term_string}"},"query-input":{"@type":"PropertyValueSpecification","valueRequired":true,"valueName":"search_term_string"}}],"inLanguage":"en-US"},{"@type":"Organization","@id":"https:\/\/www.sestogrado.it\/en\/#organization","name":"Sestogrado","url":"https:\/\/www.sestogrado.it\/en\/","logo":{"@type":"ImageObject","inLanguage":"en-US","@id":"https:\/\/www.sestogrado.it\/en\/#\/schema\/logo\/image\/","url":"https:\/\/www.sestogrado.it\/wp-content\/uploads\/2015\/03\/sestogrado-favicon.png","contentUrl":"https:\/\/www.sestogrado.it\/wp-content\/uploads\/2015\/03\/sestogrado-favicon.png","width":260,"height":260,"caption":"Sestogrado"},"image":{"@id":"https:\/\/www.sestogrado.it\/en\/#\/schema\/logo\/image\/"},"sameAs":["https:\/\/www.facebook.com\/pages\/Sestogrado\/1542635979353017?ref=bookmarks","https:\/\/www.youtube.com\/channel\/UC847kAfTkaJsWpc1jtQwr3Q"],"hasMerchantReturnPolicy":{"@type":"MerchantReturnPolicy","merchantReturnLink":"https:\/\/www.sestogrado.it\/en\/termini-e-condizioni\/"}}]},"product_brand":"Black Diamond","og_availability":"instock","product_availability":"instock","product_condition":"new"},"_links":{"self":[{"href":"https:\/\/www.sestogrado.it\/en\/wp-json\/wp\/v2\/product\/173194","targetHints":{"allow":["GET"]}}],"collection":[{"href":"https:\/\/www.sestogrado.it\/en\/wp-json\/wp\/v2\/product"}],"about":[{"href":"https:\/\/www.sestogrado.it\/en\/wp-json\/wp\/v2\/types\/product"}],"replies":[{"embeddable":true,"href":"https:\/\/www.sestogrado.it\/en\/wp-json\/wp\/v2\/comments?post=173194"}],"wp:featuredmedia":[{"embeddable":true,"href":"https:\/\/www.sestogrado.it\/en\/wp-json\/wp\/v2\/media\/173202"}],"wp:attachment":[{"href":"https:\/\/www.sestogrado.it\/en\/wp-json\/wp\/v2\/media?parent=173194"}],"wp:term":[{"taxonomy":"product_brand","embeddable":true,"href":"https:\/\/www.sestogrado.it\/en\/wp-json\/wp\/v2\/product_brand?post=173194"},{"taxonomy":"product_cat","embeddable":true,"href":"https:\/\/www.sestogrado.it\/en\/wp-json\/wp\/v2\/product_cat?post=173194"},{"taxonomy":"product_tag","embeddable":true,"href":"https:\/\/www.sestogrado.it\/en\/wp-json\/wp\/v2\/product_tag?post=173194"}],"curies":[{"name":"wp","href":"https:\/\/api.w.org\/{rel}","templated":true}]}}