{"id":171583,"date":"2024-11-12T13:02:07","date_gmt":"2024-11-12T12:02:07","guid":{"rendered":"https:\/\/www.sestogrado.it\/?post_type=product&#038;p=171583"},"modified":"2026-04-23T14:50:07","modified_gmt":"2026-04-23T12:50:07","slug":"blue-ice-taka-ul-20-zaino-da-alpinismo-scialpinismo","status":"publish","type":"product","link":"https:\/\/www.sestogrado.it\/en\/prodotto\/blue-ice-taka-ul-20-zaino-da-alpinismo-scialpinismo\/","title":{"rendered":"Blue Ice Taka UL 20 zaino da alpinismo scialpinismo"},"content":{"rendered":"<p class=\"qtranxs-available-languages-message qtranxs-available-languages-message-en\">Sorry, this entry is only available in <a href=\"https:\/\/www.sestogrado.it\/it\/wp-json\/wp\/v2\/product\/171583\" class=\"qtranxs-available-language-link qtranxs-available-language-link-it\" title=\"Italiano\">Italiano<\/a>.<\/p>","protected":false},"excerpt":{"rendered":"<p>Sorry, this entry is only available in Italiano.<\/p>\n","protected":false},"featured_media":171584,"comment_status":"open","ping_status":"closed","template":"","meta":{"_acf_changed":false},"product_brand":[641],"product_cat":[389,1431],"product_tag":[],"class_list":{"0":"post-171583","1":"product","2":"type-product","3":"status-publish","4":"has-post-thumbnail","6":"product_brand-blue-ice","7":"product_cat-zaini-alpinismo","8":"product_cat-scialpinismo-zaini","10":"first","11":"instock","12":"sale","13":"taxable","14":"shipping-taxable","15":"purchasable","16":"product-type-simple"},"acf":[],"yoast_head":"<!-- This site is optimized with the Yoast SEO plugin v26.4 - https:\/\/yoast.com\/wordpress\/plugins\/seo\/ -->\n<title>Blue Ice Taka UL 20 zaino da alpinismo scialpinismo - Sestogrado<\/title>\n<meta name=\"description\" content=\"Originariamente progettato per le competizioni di scialpinismo, il Blue Ice Taka UL 20 \u00e8 uno zaino ultra-minimalista, il pi\u00f9 leggero della categoria.Questo zaino \u00e8 stato progettato specificamente per le competizioni di scialpinismo. Con il suo peso piuma inferiore ai 400g, \u00e8 perfettamente adatto anche alle esigenze di tutti gli appassionati di sci alpinismo che cercano spedizioni ultra-rapide ed efficienti. Il suo gancio porta-sci \u00e8 bloccabile per fissare gli sci rapidamente, ed \u00e8 disponibile un secondo porta-sci. Dispone inoltre di uno scomparto rinforzato con zip e velcro per i ramponi e di un porta piccozza. Il nylon Ripstop 100d ad alta tenacit\u00e0 garantisce una delle durabilit\u00e0 pi\u00f9 elevate che questa categoria di peso possa offrire.Uno zaino minimalista ma altamente funzionale con il miglior rapporto peso\/durata. Tutto \u00e8 progettato per mantenerti in movimento senza dover togliere lo zaino.\" \/>\n<meta name=\"robots\" content=\"index, follow, max-snippet:-1, max-image-preview:large, max-video-preview:-1\" \/>\n<link rel=\"canonical\" href=\"https:\/\/www.sestogrado.it\/en\/prodotto\/blue-ice-taka-ul-20-zaino-da-alpinismo-scialpinismo\/\" \/>\n<meta property=\"og:locale\" content=\"en_US\" \/>\n<meta property=\"og:type\" content=\"article\" \/>\n<meta property=\"og:title\" content=\"Blue Ice Taka UL 20 zaino da alpinismo scialpinismo - Sestogrado\" \/>\n<meta property=\"og:description\" content=\"Originariamente progettato per le competizioni di scialpinismo, il Blue Ice Taka UL 20 \u00e8 uno zaino ultra-minimalista, il pi\u00f9 leggero della categoria.Questo zaino \u00e8 stato progettato specificamente per le competizioni di scialpinismo. Con il suo peso piuma inferiore ai 400g, \u00e8 perfettamente adatto anche alle esigenze di tutti gli appassionati di sci alpinismo che cercano spedizioni ultra-rapide ed efficienti. Il suo gancio porta-sci \u00e8 bloccabile per fissare gli sci rapidamente, ed \u00e8 disponibile un secondo porta-sci. Dispone inoltre di uno scomparto rinforzato con zip e velcro per i ramponi e di un porta piccozza. Il nylon Ripstop 100d ad alta tenacit\u00e0 garantisce una delle durabilit\u00e0 pi\u00f9 elevate che questa categoria di peso possa offrire.Uno zaino minimalista ma altamente funzionale con il miglior rapporto peso\/durata. Tutto \u00e8 progettato per mantenerti in movimento senza dover togliere lo zaino.\" \/>\n<meta property=\"og:url\" content=\"https:\/\/www.sestogrado.it\/en\/prodotto\/blue-ice-taka-ul-20-zaino-da-alpinismo-scialpinismo\/\" \/>\n<meta property=\"og:site_name\" content=\"Sestogrado\" \/>\n<meta property=\"article:publisher\" content=\"https:\/\/www.facebook.com\/pages\/Sestogrado\/1542635979353017?ref=bookmarks\" \/>\n<meta property=\"article:modified_time\" content=\"2026-04-23T12:50:07+00:00\" \/>\n<meta property=\"og:image\" content=\"https:\/\/www.sestogrado.it\/wp-content\/uploads\/2024\/09\/01-4.jpg\" \/>\n\t<meta property=\"og:image:width\" content=\"1400\" \/>\n\t<meta property=\"og:image:height\" content=\"1400\" \/>\n\t<meta property=\"og:image:type\" content=\"image\/jpeg\" \/>\n<meta name=\"twitter:label1\" content=\"Price\" \/>\n\t<meta name=\"twitter:data1\" content=\"&euro;&nbsp;99,00\" \/>\n\t<meta name=\"twitter:label2\" content=\"Availability\" \/>\n\t<meta name=\"twitter:data2\" content=\"In stock\" \/>\n<script type=\"application\/ld+json\" class=\"yoast-schema-graph\">{\"@context\":\"https:\/\/schema.org\",\"@graph\":[{\"@type\":\"WebPage\",\"@id\":\"https:\/\/www.sestogrado.it\/en\/prodotto\/blue-ice-taka-ul-20-zaino-da-alpinismo-scialpinismo\/\",\"url\":\"https:\/\/www.sestogrado.it\/en\/prodotto\/blue-ice-taka-ul-20-zaino-da-alpinismo-scialpinismo\/\",\"name\":\"Blue Ice Taka UL 20 zaino da alpinismo scialpinismo - Sestogrado\",\"isPartOf\":{\"@id\":\"https:\/\/www.sestogrado.it\/en\/#website\"},\"primaryImageOfPage\":{\"@id\":\"https:\/\/www.sestogrado.it\/en\/prodotto\/blue-ice-taka-ul-20-zaino-da-alpinismo-scialpinismo\/#primaryimage\"},\"image\":{\"@id\":\"https:\/\/www.sestogrado.it\/prodotto\/blue-ice-taka-ul-20-zaino-da-alpinismo-scialpinismo\/#primaryimage\"},\"thumbnailUrl\":\"https:\/\/www.sestogrado.it\/wp-content\/uploads\/2024\/09\/01-4.jpg\",\"datePublished\":\"2024-11-12T12:02:07+00:00\",\"dateModified\":\"2026-04-23T12:50:07+00:00\",\"description\":\"Originariamente progettato per le competizioni di scialpinismo, il Blue Ice Taka UL 20 \u00e8 uno zaino ultra-minimalista, il pi\u00f9 leggero della categoria.Questo zaino \u00e8 stato progettato specificamente per le competizioni di scialpinismo. Con il suo peso piuma inferiore ai 400g, \u00e8 perfettamente adatto anche alle esigenze di tutti gli appassionati di sci alpinismo che cercano spedizioni ultra-rapide ed efficienti. Il suo gancio porta-sci \u00e8 bloccabile per fissare gli sci rapidamente, ed \u00e8 disponibile un secondo porta-sci. Dispone inoltre di uno scomparto rinforzato con zip e velcro per i ramponi e di un porta piccozza. Il nylon Ripstop 100d ad alta tenacit\u00e0 garantisce una delle durabilit\u00e0 pi\u00f9 elevate che questa categoria di peso possa offrire.Uno zaino minimalista ma altamente funzionale con il miglior rapporto peso\/durata. Tutto \u00e8 progettato per mantenerti in movimento senza dover togliere lo zaino.\",\"breadcrumb\":{\"@id\":\"https:\/\/www.sestogrado.it\/en\/prodotto\/blue-ice-taka-ul-20-zaino-da-alpinismo-scialpinismo\/#breadcrumb\"},\"inLanguage\":\"en-US\",\"potentialAction\":[{\"@type\":\"ReadAction\",\"target\":[[\"https:\/\/www.sestogrado.it\/en\/prodotto\/blue-ice-taka-ul-20-zaino-da-alpinismo-scialpinismo\/\"]]}]},{\"@type\":\"ImageObject\",\"inLanguage\":\"en-US\",\"@id\":\"https:\/\/www.sestogrado.it\/en\/prodotto\/blue-ice-taka-ul-20-zaino-da-alpinismo-scialpinismo\/#primaryimage\",\"url\":\"https:\/\/www.sestogrado.it\/wp-content\/uploads\/2024\/09\/01-4.jpg\",\"contentUrl\":\"https:\/\/www.sestogrado.it\/wp-content\/uploads\/2024\/09\/01-4.jpg\",\"width\":1400,\"height\":1400,\"caption\":\"blue ice taka UL\"},{\"@type\":\"BreadcrumbList\",\"@id\":\"https:\/\/www.sestogrado.it\/en\/prodotto\/blue-ice-taka-ul-20-zaino-da-alpinismo-scialpinismo\/#breadcrumb\",\"itemListElement\":[{\"@type\":\"ListItem\",\"position\":1,\"name\":\"Home\",\"item\":\"https:\/\/www.sestogrado.it\/en\/\"},{\"@type\":\"ListItem\",\"position\":2,\"name\":\"Shop\",\"item\":\"https:\/\/www.sestogrado.it\/en\/shop\/\"},{\"@type\":\"ListItem\",\"position\":3,\"name\":\"Blue Ice Taka UL 20 zaino da alpinismo scialpinismo\"}]},{\"@type\":\"WebSite\",\"@id\":\"https:\/\/www.sestogrado.it\/en\/#website\",\"url\":\"https:\/\/www.sestogrado.it\/en\/\",\"name\":\"Sestogrado\",\"description\":\"yes we climb\",\"publisher\":{\"@id\":\"https:\/\/www.sestogrado.it\/en\/#organization\"},\"potentialAction\":[{\"@type\":\"SearchAction\",\"target\":{\"@type\":\"EntryPoint\",\"urlTemplate\":\"https:\/\/www.sestogrado.it\/en\/?s={search_term_string}\"},\"query-input\":{\"@type\":\"PropertyValueSpecification\",\"valueRequired\":true,\"valueName\":\"search_term_string\"}}],\"inLanguage\":\"en-US\"},{\"@type\":\"Organization\",\"@id\":\"https:\/\/www.sestogrado.it\/en\/#organization\",\"name\":\"Sestogrado\",\"url\":\"https:\/\/www.sestogrado.it\/en\/\",\"logo\":{\"@type\":\"ImageObject\",\"inLanguage\":\"en-US\",\"@id\":\"https:\/\/www.sestogrado.it\/en\/#\/schema\/logo\/image\/\",\"url\":\"https:\/\/www.sestogrado.it\/wp-content\/uploads\/2015\/03\/sestogrado-favicon.png\",\"contentUrl\":\"https:\/\/www.sestogrado.it\/wp-content\/uploads\/2015\/03\/sestogrado-favicon.png\",\"width\":260,\"height\":260,\"caption\":\"Sestogrado\"},\"image\":{\"@id\":\"https:\/\/www.sestogrado.it\/en\/#\/schema\/logo\/image\/\"},\"sameAs\":[\"https:\/\/www.facebook.com\/pages\/Sestogrado\/1542635979353017?ref=bookmarks\",\"https:\/\/www.youtube.com\/channel\/UC847kAfTkaJsWpc1jtQwr3Q\"],\"hasMerchantReturnPolicy\":{\"@type\":\"MerchantReturnPolicy\",\"merchantReturnLink\":\"https:\/\/www.sestogrado.it\/en\/termini-e-condizioni\/\"}}]}<\/script>\n<meta property=\"product:brand\" content=\"Blue Ice\" \/>\n<meta property=\"product:price:amount\" content=\"99.00\" \/>\n<meta property=\"product:price:currency\" content=\"EUR\" \/>\n<meta property=\"og:availability\" content=\"instock\" \/>\n<meta property=\"product:availability\" content=\"instock\" \/>\n<meta property=\"product:condition\" content=\"new\" \/>\n<!-- \/ Yoast SEO plugin. -->","yoast_head_json":{"title":"Blue Ice Taka UL 20 zaino da alpinismo scialpinismo - Sestogrado","description":"Originariamente progettato per le competizioni di scialpinismo, il Blue Ice Taka UL 20 \u00e8 uno zaino ultra-minimalista, il pi\u00f9 leggero della categoria.Questo zaino \u00e8 stato progettato specificamente per le competizioni di scialpinismo. Con il suo peso piuma inferiore ai 400g, \u00e8 perfettamente adatto anche alle esigenze di tutti gli appassionati di sci alpinismo che cercano spedizioni ultra-rapide ed efficienti. Il suo gancio porta-sci \u00e8 bloccabile per fissare gli sci rapidamente, ed \u00e8 disponibile un secondo porta-sci. Dispone inoltre di uno scomparto rinforzato con zip e velcro per i ramponi e di un porta piccozza. Il nylon Ripstop 100d ad alta tenacit\u00e0 garantisce una delle durabilit\u00e0 pi\u00f9 elevate che questa categoria di peso possa offrire.Uno zaino minimalista ma altamente funzionale con il miglior rapporto peso\/durata. Tutto \u00e8 progettato per mantenerti in movimento senza dover togliere lo zaino.","robots":{"index":"index","follow":"follow","max-snippet":"max-snippet:-1","max-image-preview":"max-image-preview:large","max-video-preview":"max-video-preview:-1"},"canonical":"https:\/\/www.sestogrado.it\/en\/prodotto\/blue-ice-taka-ul-20-zaino-da-alpinismo-scialpinismo\/","og_locale":"en_US","og_type":"article","og_title":"Blue Ice Taka UL 20 zaino da alpinismo scialpinismo - Sestogrado","og_description":"Originariamente progettato per le competizioni di scialpinismo, il Blue Ice Taka UL 20 \u00e8 uno zaino ultra-minimalista, il pi\u00f9 leggero della categoria.Questo zaino \u00e8 stato progettato specificamente per le competizioni di scialpinismo. Con il suo peso piuma inferiore ai 400g, \u00e8 perfettamente adatto anche alle esigenze di tutti gli appassionati di sci alpinismo che cercano spedizioni ultra-rapide ed efficienti. Il suo gancio porta-sci \u00e8 bloccabile per fissare gli sci rapidamente, ed \u00e8 disponibile un secondo porta-sci. Dispone inoltre di uno scomparto rinforzato con zip e velcro per i ramponi e di un porta piccozza. Il nylon Ripstop 100d ad alta tenacit\u00e0 garantisce una delle durabilit\u00e0 pi\u00f9 elevate che questa categoria di peso possa offrire.Uno zaino minimalista ma altamente funzionale con il miglior rapporto peso\/durata. Tutto \u00e8 progettato per mantenerti in movimento senza dover togliere lo zaino.","og_url":"https:\/\/www.sestogrado.it\/en\/prodotto\/blue-ice-taka-ul-20-zaino-da-alpinismo-scialpinismo\/","og_site_name":"Sestogrado","article_publisher":"https:\/\/www.facebook.com\/pages\/Sestogrado\/1542635979353017?ref=bookmarks","article_modified_time":"2026-04-23T12:50:07+00:00","og_image":[{"width":1400,"height":1400,"url":"https:\/\/www.sestogrado.it\/wp-content\/uploads\/2024\/09\/01-4.jpg","type":"image\/jpeg"}],"twitter_misc":{"Price":"&euro;&nbsp;99,00","Availability":"In stock"},"schema":{"@context":"https:\/\/schema.org","@graph":[{"@type":"WebPage","@id":"https:\/\/www.sestogrado.it\/en\/prodotto\/blue-ice-taka-ul-20-zaino-da-alpinismo-scialpinismo\/","url":"https:\/\/www.sestogrado.it\/en\/prodotto\/blue-ice-taka-ul-20-zaino-da-alpinismo-scialpinismo\/","name":"Blue Ice Taka UL 20 zaino da alpinismo scialpinismo - Sestogrado","isPartOf":{"@id":"https:\/\/www.sestogrado.it\/en\/#website"},"primaryImageOfPage":{"@id":"https:\/\/www.sestogrado.it\/en\/prodotto\/blue-ice-taka-ul-20-zaino-da-alpinismo-scialpinismo\/#primaryimage"},"image":{"@id":"https:\/\/www.sestogrado.it\/prodotto\/blue-ice-taka-ul-20-zaino-da-alpinismo-scialpinismo\/#primaryimage"},"thumbnailUrl":"https:\/\/www.sestogrado.it\/wp-content\/uploads\/2024\/09\/01-4.jpg","datePublished":"2024-11-12T12:02:07+00:00","dateModified":"2026-04-23T12:50:07+00:00","description":"Originariamente progettato per le competizioni di scialpinismo, il Blue Ice Taka UL 20 \u00e8 uno zaino ultra-minimalista, il pi\u00f9 leggero della categoria.Questo zaino \u00e8 stato progettato specificamente per le competizioni di scialpinismo. Con il suo peso piuma inferiore ai 400g, \u00e8 perfettamente adatto anche alle esigenze di tutti gli appassionati di sci alpinismo che cercano spedizioni ultra-rapide ed efficienti. Il suo gancio porta-sci \u00e8 bloccabile per fissare gli sci rapidamente, ed \u00e8 disponibile un secondo porta-sci. Dispone inoltre di uno scomparto rinforzato con zip e velcro per i ramponi e di un porta piccozza. Il nylon Ripstop 100d ad alta tenacit\u00e0 garantisce una delle durabilit\u00e0 pi\u00f9 elevate che questa categoria di peso possa offrire.Uno zaino minimalista ma altamente funzionale con il miglior rapporto peso\/durata. Tutto \u00e8 progettato per mantenerti in movimento senza dover togliere lo zaino.","breadcrumb":{"@id":"https:\/\/www.sestogrado.it\/en\/prodotto\/blue-ice-taka-ul-20-zaino-da-alpinismo-scialpinismo\/#breadcrumb"},"inLanguage":"en-US","potentialAction":[{"@type":"ReadAction","target":[["https:\/\/www.sestogrado.it\/en\/prodotto\/blue-ice-taka-ul-20-zaino-da-alpinismo-scialpinismo\/"]]}]},{"@type":"ImageObject","inLanguage":"en-US","@id":"https:\/\/www.sestogrado.it\/en\/prodotto\/blue-ice-taka-ul-20-zaino-da-alpinismo-scialpinismo\/#primaryimage","url":"https:\/\/www.sestogrado.it\/wp-content\/uploads\/2024\/09\/01-4.jpg","contentUrl":"https:\/\/www.sestogrado.it\/wp-content\/uploads\/2024\/09\/01-4.jpg","width":1400,"height":1400,"caption":"blue ice taka UL"},{"@type":"BreadcrumbList","@id":"https:\/\/www.sestogrado.it\/en\/prodotto\/blue-ice-taka-ul-20-zaino-da-alpinismo-scialpinismo\/#breadcrumb","itemListElement":[{"@type":"ListItem","position":1,"name":"Home","item":"https:\/\/www.sestogrado.it\/en\/"},{"@type":"ListItem","position":2,"name":"Shop","item":"https:\/\/www.sestogrado.it\/en\/shop\/"},{"@type":"ListItem","position":3,"name":"Blue Ice Taka UL 20 zaino da alpinismo scialpinismo"}]},{"@type":"WebSite","@id":"https:\/\/www.sestogrado.it\/en\/#website","url":"https:\/\/www.sestogrado.it\/en\/","name":"Sestogrado","description":"yes we climb","publisher":{"@id":"https:\/\/www.sestogrado.it\/en\/#organization"},"potentialAction":[{"@type":"SearchAction","target":{"@type":"EntryPoint","urlTemplate":"https:\/\/www.sestogrado.it\/en\/?s={search_term_string}"},"query-input":{"@type":"PropertyValueSpecification","valueRequired":true,"valueName":"search_term_string"}}],"inLanguage":"en-US"},{"@type":"Organization","@id":"https:\/\/www.sestogrado.it\/en\/#organization","name":"Sestogrado","url":"https:\/\/www.sestogrado.it\/en\/","logo":{"@type":"ImageObject","inLanguage":"en-US","@id":"https:\/\/www.sestogrado.it\/en\/#\/schema\/logo\/image\/","url":"https:\/\/www.sestogrado.it\/wp-content\/uploads\/2015\/03\/sestogrado-favicon.png","contentUrl":"https:\/\/www.sestogrado.it\/wp-content\/uploads\/2015\/03\/sestogrado-favicon.png","width":260,"height":260,"caption":"Sestogrado"},"image":{"@id":"https:\/\/www.sestogrado.it\/en\/#\/schema\/logo\/image\/"},"sameAs":["https:\/\/www.facebook.com\/pages\/Sestogrado\/1542635979353017?ref=bookmarks","https:\/\/www.youtube.com\/channel\/UC847kAfTkaJsWpc1jtQwr3Q"],"hasMerchantReturnPolicy":{"@type":"MerchantReturnPolicy","merchantReturnLink":"https:\/\/www.sestogrado.it\/en\/termini-e-condizioni\/"}}]},"product_brand":"Blue Ice","product_price_amount":"99.00","product_price_currency":"EUR","og_availability":"instock","product_availability":"instock","product_condition":"new"},"_links":{"self":[{"href":"https:\/\/www.sestogrado.it\/en\/wp-json\/wp\/v2\/product\/171583","targetHints":{"allow":["GET"]}}],"collection":[{"href":"https:\/\/www.sestogrado.it\/en\/wp-json\/wp\/v2\/product"}],"about":[{"href":"https:\/\/www.sestogrado.it\/en\/wp-json\/wp\/v2\/types\/product"}],"replies":[{"embeddable":true,"href":"https:\/\/www.sestogrado.it\/en\/wp-json\/wp\/v2\/comments?post=171583"}],"wp:featuredmedia":[{"embeddable":true,"href":"https:\/\/www.sestogrado.it\/en\/wp-json\/wp\/v2\/media\/171584"}],"wp:attachment":[{"href":"https:\/\/www.sestogrado.it\/en\/wp-json\/wp\/v2\/media?parent=171583"}],"wp:term":[{"taxonomy":"product_brand","embeddable":true,"href":"https:\/\/www.sestogrado.it\/en\/wp-json\/wp\/v2\/product_brand?post=171583"},{"taxonomy":"product_cat","embeddable":true,"href":"https:\/\/www.sestogrado.it\/en\/wp-json\/wp\/v2\/product_cat?post=171583"},{"taxonomy":"product_tag","embeddable":true,"href":"https:\/\/www.sestogrado.it\/en\/wp-json\/wp\/v2\/product_tag?post=171583"}],"curies":[{"name":"wp","href":"https:\/\/api.w.org\/{rel}","templated":true}]}}