{"id":171572,"date":"2024-11-12T13:00:27","date_gmt":"2024-11-12T12:00:27","guid":{"rendered":"https:\/\/www.sestogrado.it\/?post_type=product&#038;p=171572"},"modified":"2026-02-11T19:07:52","modified_gmt":"2026-02-11T18:07:52","slug":"blue-ice-stache-50-ice-zaino-da-alpinismo-e-ghiaccio","status":"publish","type":"product","link":"https:\/\/www.sestogrado.it\/en\/prodotto\/blue-ice-stache-50-ice-zaino-da-alpinismo-e-ghiaccio\/","title":{"rendered":"Blue Ice Stache 50 Ice zaino da alpinismo e ghiaccio"},"content":{"rendered":"<p class=\"qtranxs-available-languages-message qtranxs-available-languages-message-en\">Sorry, this entry is only available in <a href=\"https:\/\/www.sestogrado.it\/it\/wp-json\/wp\/v2\/product\/171572\" class=\"qtranxs-available-language-link qtranxs-available-language-link-it\" title=\"Italiano\">Italiano<\/a>.<\/p>","protected":false},"excerpt":{"rendered":"<p>Sorry, this entry is only available in Italiano.<\/p>\n","protected":false},"featured_media":171577,"comment_status":"open","ping_status":"closed","template":"","meta":{"_acf_changed":false},"product_brand":[641],"product_cat":[389,1431],"product_tag":[],"class_list":{"0":"post-171572","1":"product","2":"type-product","3":"status-publish","4":"has-post-thumbnail","6":"product_brand-blue-ice","7":"product_cat-zaini-alpinismo","8":"product_cat-scialpinismo-zaini","10":"first","11":"instock","12":"sale","13":"taxable","14":"shipping-taxable","15":"purchasable","16":"product-type-variable"},"acf":[],"yoast_head":"<!-- This site is optimized with the Yoast SEO plugin v26.4 - https:\/\/yoast.com\/wordpress\/plugins\/seo\/ -->\n<title>Blue Ice Stache 50 Ice zaino da alpinismo e ghiaccio - Sestogrado<\/title>\n<meta name=\"description\" content=\"Il Blue Ice Stache 50 \u00e8 uno zaino da alpinismo originariamente progettato per l&#039;arrampicata su ghiaccio con lunghi avvicinamenti. Lo Stache 50 \u00e8 stato ottimizzato per essere utilizzato come uno zaino da alpinismo di grande volume per tutte le uscite invernali. Ha una tasca speciale sul davanti dello zaino, estremamente pratica per ramponi o altri attrezzi affilati. Questa tasca \u00e8 interamente foderata con un materiale ultra resistente e durevole 420D.Lo zaino \u00e8 realizzato in tessuto leggero 210D, che offre un ottimo rapporto resistenza-peso. \u00c8 dotato di una cintura in vita fissa con tasche e passanti per attrezzi, un pannello posteriore rimovibile e spallacci in schiuma a doppia densit\u00e0 per una migliore distribuzione del carico. All&#039;interno, c&#039;\u00e8 un&#039;organizzazione per l&#039;attrezzatura di sicurezza da valanga. Inoltre, \u00e8 presente un&#039;apertura con zip sul lato dello zaino per un facile accesso a tutta la tua attrezzatura.\" \/>\n<meta name=\"robots\" content=\"index, follow, max-snippet:-1, max-image-preview:large, max-video-preview:-1\" \/>\n<link rel=\"canonical\" href=\"https:\/\/www.sestogrado.it\/en\/prodotto\/blue-ice-stache-50-ice-zaino-da-alpinismo-e-ghiaccio\/\" \/>\n<meta property=\"og:locale\" content=\"en_US\" \/>\n<meta property=\"og:type\" content=\"article\" \/>\n<meta property=\"og:title\" content=\"Blue Ice Stache 50 Ice zaino da alpinismo e ghiaccio - Sestogrado\" \/>\n<meta property=\"og:description\" content=\"Il Blue Ice Stache 50 \u00e8 uno zaino da alpinismo originariamente progettato per l&#039;arrampicata su ghiaccio con lunghi avvicinamenti. Lo Stache 50 \u00e8 stato ottimizzato per essere utilizzato come uno zaino da alpinismo di grande volume per tutte le uscite invernali. Ha una tasca speciale sul davanti dello zaino, estremamente pratica per ramponi o altri attrezzi affilati. Questa tasca \u00e8 interamente foderata con un materiale ultra resistente e durevole 420D.Lo zaino \u00e8 realizzato in tessuto leggero 210D, che offre un ottimo rapporto resistenza-peso. \u00c8 dotato di una cintura in vita fissa con tasche e passanti per attrezzi, un pannello posteriore rimovibile e spallacci in schiuma a doppia densit\u00e0 per una migliore distribuzione del carico. All&#039;interno, c&#039;\u00e8 un&#039;organizzazione per l&#039;attrezzatura di sicurezza da valanga. Inoltre, \u00e8 presente un&#039;apertura con zip sul lato dello zaino per un facile accesso a tutta la tua attrezzatura.\" \/>\n<meta property=\"og:url\" content=\"https:\/\/www.sestogrado.it\/en\/prodotto\/blue-ice-stache-50-ice-zaino-da-alpinismo-e-ghiaccio\/\" \/>\n<meta property=\"og:site_name\" content=\"Sestogrado\" \/>\n<meta property=\"article:publisher\" content=\"https:\/\/www.facebook.com\/pages\/Sestogrado\/1542635979353017?ref=bookmarks\" \/>\n<meta property=\"article:modified_time\" content=\"2026-02-11T18:07:52+00:00\" \/>\n<meta property=\"og:image\" content=\"https:\/\/www.sestogrado.it\/wp-content\/uploads\/2024\/09\/01-3.jpg\" \/>\n\t<meta property=\"og:image:width\" content=\"1100\" \/>\n\t<meta property=\"og:image:height\" content=\"1100\" \/>\n\t<meta property=\"og:image:type\" content=\"image\/jpeg\" \/>\n<meta name=\"twitter:label1\" content=\"Availability\" \/>\n\t<meta name=\"twitter:data1\" content=\"In stock\" \/>\n<script type=\"application\/ld+json\" class=\"yoast-schema-graph\">{\"@context\":\"https:\/\/schema.org\",\"@graph\":[{\"@type\":\"WebPage\",\"@id\":\"https:\/\/www.sestogrado.it\/en\/prodotto\/blue-ice-stache-50-ice-zaino-da-alpinismo-e-ghiaccio\/\",\"url\":\"https:\/\/www.sestogrado.it\/en\/prodotto\/blue-ice-stache-50-ice-zaino-da-alpinismo-e-ghiaccio\/\",\"name\":\"Blue Ice Stache 50 Ice zaino da alpinismo e ghiaccio - Sestogrado\",\"isPartOf\":{\"@id\":\"https:\/\/www.sestogrado.it\/en\/#website\"},\"primaryImageOfPage\":{\"@id\":\"https:\/\/www.sestogrado.it\/en\/prodotto\/blue-ice-stache-50-ice-zaino-da-alpinismo-e-ghiaccio\/#primaryimage\"},\"image\":{\"@id\":\"https:\/\/www.sestogrado.it\/prodotto\/blue-ice-stache-50-ice-zaino-da-alpinismo-e-ghiaccio\/#primaryimage\"},\"thumbnailUrl\":\"https:\/\/www.sestogrado.it\/wp-content\/uploads\/2024\/09\/01-3.jpg\",\"datePublished\":\"2024-11-12T12:00:27+00:00\",\"dateModified\":\"2026-02-11T18:07:52+00:00\",\"description\":\"Il Blue Ice Stache 50 \u00e8 uno zaino da alpinismo originariamente progettato per l'arrampicata su ghiaccio con lunghi avvicinamenti. Lo Stache 50 \u00e8 stato ottimizzato per essere utilizzato come uno zaino da alpinismo di grande volume per tutte le uscite invernali. Ha una tasca speciale sul davanti dello zaino, estremamente pratica per ramponi o altri attrezzi affilati. Questa tasca \u00e8 interamente foderata con un materiale ultra resistente e durevole 420D.Lo zaino \u00e8 realizzato in tessuto leggero 210D, che offre un ottimo rapporto resistenza-peso. \u00c8 dotato di una cintura in vita fissa con tasche e passanti per attrezzi, un pannello posteriore rimovibile e spallacci in schiuma a doppia densit\u00e0 per una migliore distribuzione del carico. All'interno, c'\u00e8 un'organizzazione per l'attrezzatura di sicurezza da valanga. Inoltre, \u00e8 presente un'apertura con zip sul lato dello zaino per un facile accesso a tutta la tua attrezzatura.\",\"breadcrumb\":{\"@id\":\"https:\/\/www.sestogrado.it\/en\/prodotto\/blue-ice-stache-50-ice-zaino-da-alpinismo-e-ghiaccio\/#breadcrumb\"},\"inLanguage\":\"en-US\",\"potentialAction\":[{\"@type\":\"ReadAction\",\"target\":[[\"https:\/\/www.sestogrado.it\/en\/prodotto\/blue-ice-stache-50-ice-zaino-da-alpinismo-e-ghiaccio\/\"]]}]},{\"@type\":\"ImageObject\",\"inLanguage\":\"en-US\",\"@id\":\"https:\/\/www.sestogrado.it\/en\/prodotto\/blue-ice-stache-50-ice-zaino-da-alpinismo-e-ghiaccio\/#primaryimage\",\"url\":\"https:\/\/www.sestogrado.it\/wp-content\/uploads\/2024\/09\/01-3.jpg\",\"contentUrl\":\"https:\/\/www.sestogrado.it\/wp-content\/uploads\/2024\/09\/01-3.jpg\",\"width\":1100,\"height\":1100,\"caption\":\"stache 50\"},{\"@type\":\"BreadcrumbList\",\"@id\":\"https:\/\/www.sestogrado.it\/en\/prodotto\/blue-ice-stache-50-ice-zaino-da-alpinismo-e-ghiaccio\/#breadcrumb\",\"itemListElement\":[{\"@type\":\"ListItem\",\"position\":1,\"name\":\"Home\",\"item\":\"https:\/\/www.sestogrado.it\/en\/\"},{\"@type\":\"ListItem\",\"position\":2,\"name\":\"Shop\",\"item\":\"https:\/\/www.sestogrado.it\/en\/shop\/\"},{\"@type\":\"ListItem\",\"position\":3,\"name\":\"Blue Ice Stache 50 Ice zaino da alpinismo e ghiaccio\"}]},{\"@type\":\"WebSite\",\"@id\":\"https:\/\/www.sestogrado.it\/en\/#website\",\"url\":\"https:\/\/www.sestogrado.it\/en\/\",\"name\":\"Sestogrado\",\"description\":\"yes we climb\",\"publisher\":{\"@id\":\"https:\/\/www.sestogrado.it\/en\/#organization\"},\"potentialAction\":[{\"@type\":\"SearchAction\",\"target\":{\"@type\":\"EntryPoint\",\"urlTemplate\":\"https:\/\/www.sestogrado.it\/en\/?s={search_term_string}\"},\"query-input\":{\"@type\":\"PropertyValueSpecification\",\"valueRequired\":true,\"valueName\":\"search_term_string\"}}],\"inLanguage\":\"en-US\"},{\"@type\":\"Organization\",\"@id\":\"https:\/\/www.sestogrado.it\/en\/#organization\",\"name\":\"Sestogrado\",\"url\":\"https:\/\/www.sestogrado.it\/en\/\",\"logo\":{\"@type\":\"ImageObject\",\"inLanguage\":\"en-US\",\"@id\":\"https:\/\/www.sestogrado.it\/en\/#\/schema\/logo\/image\/\",\"url\":\"https:\/\/www.sestogrado.it\/wp-content\/uploads\/2015\/03\/sestogrado-favicon.png\",\"contentUrl\":\"https:\/\/www.sestogrado.it\/wp-content\/uploads\/2015\/03\/sestogrado-favicon.png\",\"width\":260,\"height\":260,\"caption\":\"Sestogrado\"},\"image\":{\"@id\":\"https:\/\/www.sestogrado.it\/en\/#\/schema\/logo\/image\/\"},\"sameAs\":[\"https:\/\/www.facebook.com\/pages\/Sestogrado\/1542635979353017?ref=bookmarks\",\"https:\/\/www.youtube.com\/channel\/UC847kAfTkaJsWpc1jtQwr3Q\"],\"hasMerchantReturnPolicy\":{\"@type\":\"MerchantReturnPolicy\",\"merchantReturnLink\":\"https:\/\/www.sestogrado.it\/en\/termini-e-condizioni\/\"}}]}<\/script>\n<meta property=\"product:brand\" content=\"Blue Ice\" \/>\n<meta property=\"og:availability\" content=\"instock\" \/>\n<meta property=\"product:availability\" content=\"instock\" \/>\n<meta property=\"product:condition\" content=\"new\" \/>\n<!-- \/ Yoast SEO plugin. -->","yoast_head_json":{"title":"Blue Ice Stache 50 Ice zaino da alpinismo e ghiaccio - Sestogrado","description":"Il Blue Ice Stache 50 \u00e8 uno zaino da alpinismo originariamente progettato per l'arrampicata su ghiaccio con lunghi avvicinamenti. Lo Stache 50 \u00e8 stato ottimizzato per essere utilizzato come uno zaino da alpinismo di grande volume per tutte le uscite invernali. Ha una tasca speciale sul davanti dello zaino, estremamente pratica per ramponi o altri attrezzi affilati. Questa tasca \u00e8 interamente foderata con un materiale ultra resistente e durevole 420D.Lo zaino \u00e8 realizzato in tessuto leggero 210D, che offre un ottimo rapporto resistenza-peso. \u00c8 dotato di una cintura in vita fissa con tasche e passanti per attrezzi, un pannello posteriore rimovibile e spallacci in schiuma a doppia densit\u00e0 per una migliore distribuzione del carico. All'interno, c'\u00e8 un'organizzazione per l'attrezzatura di sicurezza da valanga. Inoltre, \u00e8 presente un'apertura con zip sul lato dello zaino per un facile accesso a tutta la tua attrezzatura.","robots":{"index":"index","follow":"follow","max-snippet":"max-snippet:-1","max-image-preview":"max-image-preview:large","max-video-preview":"max-video-preview:-1"},"canonical":"https:\/\/www.sestogrado.it\/en\/prodotto\/blue-ice-stache-50-ice-zaino-da-alpinismo-e-ghiaccio\/","og_locale":"en_US","og_type":"article","og_title":"Blue Ice Stache 50 Ice zaino da alpinismo e ghiaccio - Sestogrado","og_description":"Il Blue Ice Stache 50 \u00e8 uno zaino da alpinismo originariamente progettato per l'arrampicata su ghiaccio con lunghi avvicinamenti. Lo Stache 50 \u00e8 stato ottimizzato per essere utilizzato come uno zaino da alpinismo di grande volume per tutte le uscite invernali. Ha una tasca speciale sul davanti dello zaino, estremamente pratica per ramponi o altri attrezzi affilati. Questa tasca \u00e8 interamente foderata con un materiale ultra resistente e durevole 420D.Lo zaino \u00e8 realizzato in tessuto leggero 210D, che offre un ottimo rapporto resistenza-peso. \u00c8 dotato di una cintura in vita fissa con tasche e passanti per attrezzi, un pannello posteriore rimovibile e spallacci in schiuma a doppia densit\u00e0 per una migliore distribuzione del carico. All'interno, c'\u00e8 un'organizzazione per l'attrezzatura di sicurezza da valanga. Inoltre, \u00e8 presente un'apertura con zip sul lato dello zaino per un facile accesso a tutta la tua attrezzatura.","og_url":"https:\/\/www.sestogrado.it\/en\/prodotto\/blue-ice-stache-50-ice-zaino-da-alpinismo-e-ghiaccio\/","og_site_name":"Sestogrado","article_publisher":"https:\/\/www.facebook.com\/pages\/Sestogrado\/1542635979353017?ref=bookmarks","article_modified_time":"2026-02-11T18:07:52+00:00","og_image":[{"width":1100,"height":1100,"url":"https:\/\/www.sestogrado.it\/wp-content\/uploads\/2024\/09\/01-3.jpg","type":"image\/jpeg"}],"twitter_misc":{"Availability":"In stock"},"schema":{"@context":"https:\/\/schema.org","@graph":[{"@type":"WebPage","@id":"https:\/\/www.sestogrado.it\/en\/prodotto\/blue-ice-stache-50-ice-zaino-da-alpinismo-e-ghiaccio\/","url":"https:\/\/www.sestogrado.it\/en\/prodotto\/blue-ice-stache-50-ice-zaino-da-alpinismo-e-ghiaccio\/","name":"Blue Ice Stache 50 Ice zaino da alpinismo e ghiaccio - Sestogrado","isPartOf":{"@id":"https:\/\/www.sestogrado.it\/en\/#website"},"primaryImageOfPage":{"@id":"https:\/\/www.sestogrado.it\/en\/prodotto\/blue-ice-stache-50-ice-zaino-da-alpinismo-e-ghiaccio\/#primaryimage"},"image":{"@id":"https:\/\/www.sestogrado.it\/prodotto\/blue-ice-stache-50-ice-zaino-da-alpinismo-e-ghiaccio\/#primaryimage"},"thumbnailUrl":"https:\/\/www.sestogrado.it\/wp-content\/uploads\/2024\/09\/01-3.jpg","datePublished":"2024-11-12T12:00:27+00:00","dateModified":"2026-02-11T18:07:52+00:00","description":"Il Blue Ice Stache 50 \u00e8 uno zaino da alpinismo originariamente progettato per l'arrampicata su ghiaccio con lunghi avvicinamenti. Lo Stache 50 \u00e8 stato ottimizzato per essere utilizzato come uno zaino da alpinismo di grande volume per tutte le uscite invernali. Ha una tasca speciale sul davanti dello zaino, estremamente pratica per ramponi o altri attrezzi affilati. Questa tasca \u00e8 interamente foderata con un materiale ultra resistente e durevole 420D.Lo zaino \u00e8 realizzato in tessuto leggero 210D, che offre un ottimo rapporto resistenza-peso. \u00c8 dotato di una cintura in vita fissa con tasche e passanti per attrezzi, un pannello posteriore rimovibile e spallacci in schiuma a doppia densit\u00e0 per una migliore distribuzione del carico. All'interno, c'\u00e8 un'organizzazione per l'attrezzatura di sicurezza da valanga. Inoltre, \u00e8 presente un'apertura con zip sul lato dello zaino per un facile accesso a tutta la tua attrezzatura.","breadcrumb":{"@id":"https:\/\/www.sestogrado.it\/en\/prodotto\/blue-ice-stache-50-ice-zaino-da-alpinismo-e-ghiaccio\/#breadcrumb"},"inLanguage":"en-US","potentialAction":[{"@type":"ReadAction","target":[["https:\/\/www.sestogrado.it\/en\/prodotto\/blue-ice-stache-50-ice-zaino-da-alpinismo-e-ghiaccio\/"]]}]},{"@type":"ImageObject","inLanguage":"en-US","@id":"https:\/\/www.sestogrado.it\/en\/prodotto\/blue-ice-stache-50-ice-zaino-da-alpinismo-e-ghiaccio\/#primaryimage","url":"https:\/\/www.sestogrado.it\/wp-content\/uploads\/2024\/09\/01-3.jpg","contentUrl":"https:\/\/www.sestogrado.it\/wp-content\/uploads\/2024\/09\/01-3.jpg","width":1100,"height":1100,"caption":"stache 50"},{"@type":"BreadcrumbList","@id":"https:\/\/www.sestogrado.it\/en\/prodotto\/blue-ice-stache-50-ice-zaino-da-alpinismo-e-ghiaccio\/#breadcrumb","itemListElement":[{"@type":"ListItem","position":1,"name":"Home","item":"https:\/\/www.sestogrado.it\/en\/"},{"@type":"ListItem","position":2,"name":"Shop","item":"https:\/\/www.sestogrado.it\/en\/shop\/"},{"@type":"ListItem","position":3,"name":"Blue Ice Stache 50 Ice zaino da alpinismo e ghiaccio"}]},{"@type":"WebSite","@id":"https:\/\/www.sestogrado.it\/en\/#website","url":"https:\/\/www.sestogrado.it\/en\/","name":"Sestogrado","description":"yes we climb","publisher":{"@id":"https:\/\/www.sestogrado.it\/en\/#organization"},"potentialAction":[{"@type":"SearchAction","target":{"@type":"EntryPoint","urlTemplate":"https:\/\/www.sestogrado.it\/en\/?s={search_term_string}"},"query-input":{"@type":"PropertyValueSpecification","valueRequired":true,"valueName":"search_term_string"}}],"inLanguage":"en-US"},{"@type":"Organization","@id":"https:\/\/www.sestogrado.it\/en\/#organization","name":"Sestogrado","url":"https:\/\/www.sestogrado.it\/en\/","logo":{"@type":"ImageObject","inLanguage":"en-US","@id":"https:\/\/www.sestogrado.it\/en\/#\/schema\/logo\/image\/","url":"https:\/\/www.sestogrado.it\/wp-content\/uploads\/2015\/03\/sestogrado-favicon.png","contentUrl":"https:\/\/www.sestogrado.it\/wp-content\/uploads\/2015\/03\/sestogrado-favicon.png","width":260,"height":260,"caption":"Sestogrado"},"image":{"@id":"https:\/\/www.sestogrado.it\/en\/#\/schema\/logo\/image\/"},"sameAs":["https:\/\/www.facebook.com\/pages\/Sestogrado\/1542635979353017?ref=bookmarks","https:\/\/www.youtube.com\/channel\/UC847kAfTkaJsWpc1jtQwr3Q"],"hasMerchantReturnPolicy":{"@type":"MerchantReturnPolicy","merchantReturnLink":"https:\/\/www.sestogrado.it\/en\/termini-e-condizioni\/"}}]},"product_brand":"Blue Ice","og_availability":"instock","product_availability":"instock","product_condition":"new"},"_links":{"self":[{"href":"https:\/\/www.sestogrado.it\/en\/wp-json\/wp\/v2\/product\/171572","targetHints":{"allow":["GET"]}}],"collection":[{"href":"https:\/\/www.sestogrado.it\/en\/wp-json\/wp\/v2\/product"}],"about":[{"href":"https:\/\/www.sestogrado.it\/en\/wp-json\/wp\/v2\/types\/product"}],"replies":[{"embeddable":true,"href":"https:\/\/www.sestogrado.it\/en\/wp-json\/wp\/v2\/comments?post=171572"}],"wp:featuredmedia":[{"embeddable":true,"href":"https:\/\/www.sestogrado.it\/en\/wp-json\/wp\/v2\/media\/171577"}],"wp:attachment":[{"href":"https:\/\/www.sestogrado.it\/en\/wp-json\/wp\/v2\/media?parent=171572"}],"wp:term":[{"taxonomy":"product_brand","embeddable":true,"href":"https:\/\/www.sestogrado.it\/en\/wp-json\/wp\/v2\/product_brand?post=171572"},{"taxonomy":"product_cat","embeddable":true,"href":"https:\/\/www.sestogrado.it\/en\/wp-json\/wp\/v2\/product_cat?post=171572"},{"taxonomy":"product_tag","embeddable":true,"href":"https:\/\/www.sestogrado.it\/en\/wp-json\/wp\/v2\/product_tag?post=171572"}],"curies":[{"name":"wp","href":"https:\/\/api.w.org\/{rel}","templated":true}]}}