{"id":171385,"date":"2024-09-23T10:02:48","date_gmt":"2024-09-23T08:02:48","guid":{"rendered":"https:\/\/www.sestogrado.it\/?post_type=product&#038;p=171385"},"modified":"2026-05-04T07:46:19","modified_gmt":"2026-05-04T05:46:19","slug":"millet-cosmic-20-zaino-alpinismo-scialpinismo-freeride","status":"publish","type":"product","link":"https:\/\/www.sestogrado.it\/en\/prodotto\/millet-cosmic-20-zaino-alpinismo-scialpinismo-freeride\/","title":{"rendered":"(Copia)"},"content":{"rendered":"<p class=\"qtranxs-available-languages-message qtranxs-available-languages-message-en\">Sorry, this entry is only available in <a href=\"https:\/\/www.sestogrado.it\/it\/wp-json\/wp\/v2\/product\/171385\" class=\"qtranxs-available-language-link qtranxs-available-language-link-it\" title=\"Italiano\">Italiano<\/a>.<\/p>","protected":false},"excerpt":{"rendered":"<p>Sorry, this entry is only available in Italiano.<\/p>\n","protected":false},"featured_media":171389,"comment_status":"open","ping_status":"closed","template":"","meta":{"_acf_changed":false},"product_brand":[312],"product_cat":[1431],"product_tag":[],"class_list":{"0":"post-171385","1":"product","2":"type-product","3":"status-publish","4":"has-post-thumbnail","6":"product_brand-millet","7":"product_cat-scialpinismo-zaini","9":"first","10":"instock","11":"sale","12":"taxable","13":"shipping-taxable","14":"purchasable","15":"product-type-variable"},"acf":[],"yoast_head":"<!-- This site is optimized with the Yoast SEO plugin v26.4 - https:\/\/yoast.com\/wordpress\/plugins\/seo\/ -->\n<title>(Copia) - Sestogrado<\/title>\n<meta name=\"description\" content=\"Il MILLET COSMIC 20 \u00e8 uno zaino da alpinismo che contiene tutto l&#039;essenziale di cui abbiamo bisogno per le nostre sessioni di freeride. Il suo design ampio e robusto in nylon riciclato al 100%, impermeabile e idrorepellente, ci d\u00e0 stabilit\u00e0 e resistenza per affrontare le curve nella neve fresca. Versatile, \u00e8 ideale per trasportare sci, bastoncini, snowboard, piccozze e casco. Questo zaino da freeride \u00e8 ricco di accessori. C&#039;\u00e8 uno scomparto dedicato per l&#039;attrezzatura di sicurezza, una tasca protettiva per gli occhiali e una tasca separata per la nostra sacca di idratazione. Gli spallacci ergonomici e regolabili includono una tasca per il boccaglio. Possiamo regolare la fascia toracica, dotata di un fischietto di emergenza, e la cintura in vita, con due tasche con zip. I nostri oggetti essenziali sono sempre a portata di mano.\" \/>\n<meta name=\"robots\" content=\"index, follow, max-snippet:-1, max-image-preview:large, max-video-preview:-1\" \/>\n<link rel=\"canonical\" href=\"https:\/\/www.sestogrado.it\/en\/prodotto\/millet-cosmic-20-zaino-alpinismo-scialpinismo-freeride\/\" \/>\n<meta property=\"og:locale\" content=\"en_US\" \/>\n<meta property=\"og:type\" content=\"article\" \/>\n<meta property=\"og:title\" content=\"(Copia) - Sestogrado\" \/>\n<meta property=\"og:description\" content=\"Il MILLET COSMIC 20 \u00e8 uno zaino da alpinismo che contiene tutto l&#039;essenziale di cui abbiamo bisogno per le nostre sessioni di freeride. Il suo design ampio e robusto in nylon riciclato al 100%, impermeabile e idrorepellente, ci d\u00e0 stabilit\u00e0 e resistenza per affrontare le curve nella neve fresca. Versatile, \u00e8 ideale per trasportare sci, bastoncini, snowboard, piccozze e casco. Questo zaino da freeride \u00e8 ricco di accessori. C&#039;\u00e8 uno scomparto dedicato per l&#039;attrezzatura di sicurezza, una tasca protettiva per gli occhiali e una tasca separata per la nostra sacca di idratazione. Gli spallacci ergonomici e regolabili includono una tasca per il boccaglio. Possiamo regolare la fascia toracica, dotata di un fischietto di emergenza, e la cintura in vita, con due tasche con zip. I nostri oggetti essenziali sono sempre a portata di mano.\" \/>\n<meta property=\"og:url\" content=\"https:\/\/www.sestogrado.it\/en\/prodotto\/millet-cosmic-20-zaino-alpinismo-scialpinismo-freeride\/\" \/>\n<meta property=\"og:site_name\" content=\"Sestogrado\" \/>\n<meta property=\"article:publisher\" content=\"https:\/\/www.facebook.com\/pages\/Sestogrado\/1542635979353017?ref=bookmarks\" \/>\n<meta property=\"article:modified_time\" content=\"2026-05-04T05:46:19+00:00\" \/>\n<meta property=\"og:image\" content=\"https:\/\/www.sestogrado.it\/wp-content\/uploads\/2024\/09\/01-1.jpg\" \/>\n\t<meta property=\"og:image:width\" content=\"1200\" \/>\n\t<meta property=\"og:image:height\" content=\"1200\" \/>\n\t<meta property=\"og:image:type\" content=\"image\/jpeg\" \/>\n<meta name=\"twitter:label1\" content=\"Availability\" \/>\n\t<meta name=\"twitter:data1\" content=\"In stock\" \/>\n<script type=\"application\/ld+json\" class=\"yoast-schema-graph\">{\"@context\":\"https:\/\/schema.org\",\"@graph\":[{\"@type\":\"WebPage\",\"@id\":\"https:\/\/www.sestogrado.it\/en\/prodotto\/millet-cosmic-20-zaino-alpinismo-scialpinismo-freeride\/\",\"url\":\"https:\/\/www.sestogrado.it\/en\/prodotto\/millet-cosmic-20-zaino-alpinismo-scialpinismo-freeride\/\",\"name\":\"(Copia) - Sestogrado\",\"isPartOf\":{\"@id\":\"https:\/\/www.sestogrado.it\/en\/#website\"},\"primaryImageOfPage\":{\"@id\":\"https:\/\/www.sestogrado.it\/en\/prodotto\/millet-cosmic-20-zaino-alpinismo-scialpinismo-freeride\/#primaryimage\"},\"image\":{\"@id\":\"https:\/\/www.sestogrado.it\/prodotto\/millet-cosmic-20-zaino-alpinismo-scialpinismo-freeride\/#primaryimage\"},\"thumbnailUrl\":\"https:\/\/www.sestogrado.it\/wp-content\/uploads\/2024\/09\/01-1.jpg\",\"datePublished\":\"2024-09-23T08:02:48+00:00\",\"dateModified\":\"2026-05-04T05:46:19+00:00\",\"description\":\"Il MILLET COSMIC 20 \u00e8 uno zaino da alpinismo che contiene tutto l'essenziale di cui abbiamo bisogno per le nostre sessioni di freeride. Il suo design ampio e robusto in nylon riciclato al 100%, impermeabile e idrorepellente, ci d\u00e0 stabilit\u00e0 e resistenza per affrontare le curve nella neve fresca. Versatile, \u00e8 ideale per trasportare sci, bastoncini, snowboard, piccozze e casco. Questo zaino da freeride \u00e8 ricco di accessori. C'\u00e8 uno scomparto dedicato per l'attrezzatura di sicurezza, una tasca protettiva per gli occhiali e una tasca separata per la nostra sacca di idratazione. Gli spallacci ergonomici e regolabili includono una tasca per il boccaglio. Possiamo regolare la fascia toracica, dotata di un fischietto di emergenza, e la cintura in vita, con due tasche con zip. I nostri oggetti essenziali sono sempre a portata di mano.\",\"breadcrumb\":{\"@id\":\"https:\/\/www.sestogrado.it\/en\/prodotto\/millet-cosmic-20-zaino-alpinismo-scialpinismo-freeride\/#breadcrumb\"},\"inLanguage\":\"en-US\",\"potentialAction\":[{\"@type\":\"ReadAction\",\"target\":[[\"https:\/\/www.sestogrado.it\/en\/prodotto\/millet-cosmic-20-zaino-alpinismo-scialpinismo-freeride\/\"]]}]},{\"@type\":\"ImageObject\",\"inLanguage\":\"en-US\",\"@id\":\"https:\/\/www.sestogrado.it\/en\/prodotto\/millet-cosmic-20-zaino-alpinismo-scialpinismo-freeride\/#primaryimage\",\"url\":\"https:\/\/www.sestogrado.it\/wp-content\/uploads\/2024\/09\/01-1.jpg\",\"contentUrl\":\"https:\/\/www.sestogrado.it\/wp-content\/uploads\/2024\/09\/01-1.jpg\",\"width\":1200,\"height\":1200,\"caption\":\"cosmic 20 dark denim\"},{\"@type\":\"BreadcrumbList\",\"@id\":\"https:\/\/www.sestogrado.it\/en\/prodotto\/millet-cosmic-20-zaino-alpinismo-scialpinismo-freeride\/#breadcrumb\",\"itemListElement\":[{\"@type\":\"ListItem\",\"position\":1,\"name\":\"Home\",\"item\":\"https:\/\/www.sestogrado.it\/en\/\"},{\"@type\":\"ListItem\",\"position\":2,\"name\":\"Shop\",\"item\":\"https:\/\/www.sestogrado.it\/en\/shop\/\"},{\"@type\":\"ListItem\",\"position\":3,\"name\":\"Millet Cosmic 20 zaino alpinismo scialpinismo freeride\"}]},{\"@type\":\"WebSite\",\"@id\":\"https:\/\/www.sestogrado.it\/en\/#website\",\"url\":\"https:\/\/www.sestogrado.it\/en\/\",\"name\":\"Sestogrado\",\"description\":\"yes we climb\",\"publisher\":{\"@id\":\"https:\/\/www.sestogrado.it\/en\/#organization\"},\"potentialAction\":[{\"@type\":\"SearchAction\",\"target\":{\"@type\":\"EntryPoint\",\"urlTemplate\":\"https:\/\/www.sestogrado.it\/en\/?s={search_term_string}\"},\"query-input\":{\"@type\":\"PropertyValueSpecification\",\"valueRequired\":true,\"valueName\":\"search_term_string\"}}],\"inLanguage\":\"en-US\"},{\"@type\":\"Organization\",\"@id\":\"https:\/\/www.sestogrado.it\/en\/#organization\",\"name\":\"Sestogrado\",\"url\":\"https:\/\/www.sestogrado.it\/en\/\",\"logo\":{\"@type\":\"ImageObject\",\"inLanguage\":\"en-US\",\"@id\":\"https:\/\/www.sestogrado.it\/en\/#\/schema\/logo\/image\/\",\"url\":\"https:\/\/www.sestogrado.it\/wp-content\/uploads\/2015\/03\/sestogrado-favicon.png\",\"contentUrl\":\"https:\/\/www.sestogrado.it\/wp-content\/uploads\/2015\/03\/sestogrado-favicon.png\",\"width\":260,\"height\":260,\"caption\":\"Sestogrado\"},\"image\":{\"@id\":\"https:\/\/www.sestogrado.it\/en\/#\/schema\/logo\/image\/\"},\"sameAs\":[\"https:\/\/www.facebook.com\/pages\/Sestogrado\/1542635979353017?ref=bookmarks\",\"https:\/\/www.youtube.com\/channel\/UC847kAfTkaJsWpc1jtQwr3Q\"],\"hasMerchantReturnPolicy\":{\"@type\":\"MerchantReturnPolicy\",\"merchantReturnLink\":\"https:\/\/www.sestogrado.it\/en\/termini-e-condizioni\/\"}}]}<\/script>\n<meta property=\"product:brand\" content=\"Millet\" \/>\n<meta property=\"og:availability\" content=\"instock\" \/>\n<meta property=\"product:availability\" content=\"instock\" \/>\n<meta property=\"product:condition\" content=\"new\" \/>\n<!-- \/ Yoast SEO plugin. -->","yoast_head_json":{"title":"(Copia) - Sestogrado","description":"Il MILLET COSMIC 20 \u00e8 uno zaino da alpinismo che contiene tutto l'essenziale di cui abbiamo bisogno per le nostre sessioni di freeride. Il suo design ampio e robusto in nylon riciclato al 100%, impermeabile e idrorepellente, ci d\u00e0 stabilit\u00e0 e resistenza per affrontare le curve nella neve fresca. Versatile, \u00e8 ideale per trasportare sci, bastoncini, snowboard, piccozze e casco. Questo zaino da freeride \u00e8 ricco di accessori. C'\u00e8 uno scomparto dedicato per l'attrezzatura di sicurezza, una tasca protettiva per gli occhiali e una tasca separata per la nostra sacca di idratazione. Gli spallacci ergonomici e regolabili includono una tasca per il boccaglio. Possiamo regolare la fascia toracica, dotata di un fischietto di emergenza, e la cintura in vita, con due tasche con zip. I nostri oggetti essenziali sono sempre a portata di mano.","robots":{"index":"index","follow":"follow","max-snippet":"max-snippet:-1","max-image-preview":"max-image-preview:large","max-video-preview":"max-video-preview:-1"},"canonical":"https:\/\/www.sestogrado.it\/en\/prodotto\/millet-cosmic-20-zaino-alpinismo-scialpinismo-freeride\/","og_locale":"en_US","og_type":"article","og_title":"(Copia) - Sestogrado","og_description":"Il MILLET COSMIC 20 \u00e8 uno zaino da alpinismo che contiene tutto l'essenziale di cui abbiamo bisogno per le nostre sessioni di freeride. Il suo design ampio e robusto in nylon riciclato al 100%, impermeabile e idrorepellente, ci d\u00e0 stabilit\u00e0 e resistenza per affrontare le curve nella neve fresca. Versatile, \u00e8 ideale per trasportare sci, bastoncini, snowboard, piccozze e casco. Questo zaino da freeride \u00e8 ricco di accessori. C'\u00e8 uno scomparto dedicato per l'attrezzatura di sicurezza, una tasca protettiva per gli occhiali e una tasca separata per la nostra sacca di idratazione. Gli spallacci ergonomici e regolabili includono una tasca per il boccaglio. Possiamo regolare la fascia toracica, dotata di un fischietto di emergenza, e la cintura in vita, con due tasche con zip. I nostri oggetti essenziali sono sempre a portata di mano.","og_url":"https:\/\/www.sestogrado.it\/en\/prodotto\/millet-cosmic-20-zaino-alpinismo-scialpinismo-freeride\/","og_site_name":"Sestogrado","article_publisher":"https:\/\/www.facebook.com\/pages\/Sestogrado\/1542635979353017?ref=bookmarks","article_modified_time":"2026-05-04T05:46:19+00:00","og_image":[{"width":1200,"height":1200,"url":"https:\/\/www.sestogrado.it\/wp-content\/uploads\/2024\/09\/01-1.jpg","type":"image\/jpeg"}],"twitter_misc":{"Availability":"In stock"},"schema":{"@context":"https:\/\/schema.org","@graph":[{"@type":"WebPage","@id":"https:\/\/www.sestogrado.it\/en\/prodotto\/millet-cosmic-20-zaino-alpinismo-scialpinismo-freeride\/","url":"https:\/\/www.sestogrado.it\/en\/prodotto\/millet-cosmic-20-zaino-alpinismo-scialpinismo-freeride\/","name":"(Copia) - Sestogrado","isPartOf":{"@id":"https:\/\/www.sestogrado.it\/en\/#website"},"primaryImageOfPage":{"@id":"https:\/\/www.sestogrado.it\/en\/prodotto\/millet-cosmic-20-zaino-alpinismo-scialpinismo-freeride\/#primaryimage"},"image":{"@id":"https:\/\/www.sestogrado.it\/prodotto\/millet-cosmic-20-zaino-alpinismo-scialpinismo-freeride\/#primaryimage"},"thumbnailUrl":"https:\/\/www.sestogrado.it\/wp-content\/uploads\/2024\/09\/01-1.jpg","datePublished":"2024-09-23T08:02:48+00:00","dateModified":"2026-05-04T05:46:19+00:00","description":"Il MILLET COSMIC 20 \u00e8 uno zaino da alpinismo che contiene tutto l'essenziale di cui abbiamo bisogno per le nostre sessioni di freeride. Il suo design ampio e robusto in nylon riciclato al 100%, impermeabile e idrorepellente, ci d\u00e0 stabilit\u00e0 e resistenza per affrontare le curve nella neve fresca. Versatile, \u00e8 ideale per trasportare sci, bastoncini, snowboard, piccozze e casco. Questo zaino da freeride \u00e8 ricco di accessori. C'\u00e8 uno scomparto dedicato per l'attrezzatura di sicurezza, una tasca protettiva per gli occhiali e una tasca separata per la nostra sacca di idratazione. Gli spallacci ergonomici e regolabili includono una tasca per il boccaglio. Possiamo regolare la fascia toracica, dotata di un fischietto di emergenza, e la cintura in vita, con due tasche con zip. I nostri oggetti essenziali sono sempre a portata di mano.","breadcrumb":{"@id":"https:\/\/www.sestogrado.it\/en\/prodotto\/millet-cosmic-20-zaino-alpinismo-scialpinismo-freeride\/#breadcrumb"},"inLanguage":"en-US","potentialAction":[{"@type":"ReadAction","target":[["https:\/\/www.sestogrado.it\/en\/prodotto\/millet-cosmic-20-zaino-alpinismo-scialpinismo-freeride\/"]]}]},{"@type":"ImageObject","inLanguage":"en-US","@id":"https:\/\/www.sestogrado.it\/en\/prodotto\/millet-cosmic-20-zaino-alpinismo-scialpinismo-freeride\/#primaryimage","url":"https:\/\/www.sestogrado.it\/wp-content\/uploads\/2024\/09\/01-1.jpg","contentUrl":"https:\/\/www.sestogrado.it\/wp-content\/uploads\/2024\/09\/01-1.jpg","width":1200,"height":1200,"caption":"cosmic 20 dark denim"},{"@type":"BreadcrumbList","@id":"https:\/\/www.sestogrado.it\/en\/prodotto\/millet-cosmic-20-zaino-alpinismo-scialpinismo-freeride\/#breadcrumb","itemListElement":[{"@type":"ListItem","position":1,"name":"Home","item":"https:\/\/www.sestogrado.it\/en\/"},{"@type":"ListItem","position":2,"name":"Shop","item":"https:\/\/www.sestogrado.it\/en\/shop\/"},{"@type":"ListItem","position":3,"name":"Millet Cosmic 20 zaino alpinismo scialpinismo freeride"}]},{"@type":"WebSite","@id":"https:\/\/www.sestogrado.it\/en\/#website","url":"https:\/\/www.sestogrado.it\/en\/","name":"Sestogrado","description":"yes we climb","publisher":{"@id":"https:\/\/www.sestogrado.it\/en\/#organization"},"potentialAction":[{"@type":"SearchAction","target":{"@type":"EntryPoint","urlTemplate":"https:\/\/www.sestogrado.it\/en\/?s={search_term_string}"},"query-input":{"@type":"PropertyValueSpecification","valueRequired":true,"valueName":"search_term_string"}}],"inLanguage":"en-US"},{"@type":"Organization","@id":"https:\/\/www.sestogrado.it\/en\/#organization","name":"Sestogrado","url":"https:\/\/www.sestogrado.it\/en\/","logo":{"@type":"ImageObject","inLanguage":"en-US","@id":"https:\/\/www.sestogrado.it\/en\/#\/schema\/logo\/image\/","url":"https:\/\/www.sestogrado.it\/wp-content\/uploads\/2015\/03\/sestogrado-favicon.png","contentUrl":"https:\/\/www.sestogrado.it\/wp-content\/uploads\/2015\/03\/sestogrado-favicon.png","width":260,"height":260,"caption":"Sestogrado"},"image":{"@id":"https:\/\/www.sestogrado.it\/en\/#\/schema\/logo\/image\/"},"sameAs":["https:\/\/www.facebook.com\/pages\/Sestogrado\/1542635979353017?ref=bookmarks","https:\/\/www.youtube.com\/channel\/UC847kAfTkaJsWpc1jtQwr3Q"],"hasMerchantReturnPolicy":{"@type":"MerchantReturnPolicy","merchantReturnLink":"https:\/\/www.sestogrado.it\/en\/termini-e-condizioni\/"}}]},"product_brand":"Millet","og_availability":"instock","product_availability":"instock","product_condition":"new"},"_links":{"self":[{"href":"https:\/\/www.sestogrado.it\/en\/wp-json\/wp\/v2\/product\/171385","targetHints":{"allow":["GET"]}}],"collection":[{"href":"https:\/\/www.sestogrado.it\/en\/wp-json\/wp\/v2\/product"}],"about":[{"href":"https:\/\/www.sestogrado.it\/en\/wp-json\/wp\/v2\/types\/product"}],"replies":[{"embeddable":true,"href":"https:\/\/www.sestogrado.it\/en\/wp-json\/wp\/v2\/comments?post=171385"}],"wp:featuredmedia":[{"embeddable":true,"href":"https:\/\/www.sestogrado.it\/en\/wp-json\/wp\/v2\/media\/171389"}],"wp:attachment":[{"href":"https:\/\/www.sestogrado.it\/en\/wp-json\/wp\/v2\/media?parent=171385"}],"wp:term":[{"taxonomy":"product_brand","embeddable":true,"href":"https:\/\/www.sestogrado.it\/en\/wp-json\/wp\/v2\/product_brand?post=171385"},{"taxonomy":"product_cat","embeddable":true,"href":"https:\/\/www.sestogrado.it\/en\/wp-json\/wp\/v2\/product_cat?post=171385"},{"taxonomy":"product_tag","embeddable":true,"href":"https:\/\/www.sestogrado.it\/en\/wp-json\/wp\/v2\/product_tag?post=171385"}],"curies":[{"name":"wp","href":"https:\/\/api.w.org\/{rel}","templated":true}]}}