{"id":169313,"date":"2024-08-23T14:11:19","date_gmt":"2024-08-23T12:11:19","guid":{"rendered":"https:\/\/www.sestogrado.it\/?post_type=product&#038;p=169313"},"modified":"2024-10-26T22:32:29","modified_gmt":"2024-10-26T20:32:29","slug":"black-diamond-distance-1500-lampada-frontale-ricaricabile","status":"publish","type":"product","link":"https:\/\/www.sestogrado.it\/en\/prodotto\/black-diamond-distance-1500-lampada-frontale-ricaricabile\/","title":{"rendered":"Black Diamond Distance 1500 lampada frontale ricaricabile"},"content":{"rendered":"<p class=\"qtranxs-available-languages-message qtranxs-available-languages-message-en\">Sorry, this entry is only available in <a href=\"https:\/\/www.sestogrado.it\/it\/wp-json\/wp\/v2\/product\/169313\" class=\"qtranxs-available-language-link qtranxs-available-language-link-it\" title=\"Italiano\">Italiano<\/a>.<\/p>","protected":false},"excerpt":{"rendered":"<p>Sorry, this entry is only available in Italiano.<\/p>\n","protected":false},"featured_media":169314,"comment_status":"open","ping_status":"closed","template":"","meta":{"_acf_changed":false},"product_brand":[121],"product_cat":[380],"product_tag":[],"class_list":{"0":"post-169313","1":"product","2":"type-product","3":"status-publish","4":"has-post-thumbnail","6":"product_brand-black-diamond","7":"product_cat-illuminazione","9":"first","10":"instock","11":"sale","12":"taxable","13":"shipping-taxable","14":"purchasable","15":"product-type-simple"},"acf":[],"yoast_head":"<!-- This site is optimized with the Yoast SEO plugin v26.4 - https:\/\/yoast.com\/wordpress\/plugins\/seo\/ -->\n<title>Black Diamond Distance 1500 lampada frontale ricaricabile - Sestogrado<\/title>\n<meta name=\"description\" content=\"Progettata per affrontare sessioni di resistenza notturna a ritmo sostenuto e attraversare terreni tecnici durante la notte, la lampada frontale Black Diamond Distance 1500 rappresenta il massimo della tecnologia nel suo settore. Grazie alla tecnologia integrata PowerTap\u2122, la Distance pu\u00f2 aumentare l&#039;illuminazione fino a 1500 lumen, permettendo una valutazione dettagliata del terreno a lunga distanza o l&#039;individuazione dei segnali del sentiero. La programmazione a emissione costante garantisce una luce continua, mentre la lente multifaccettata, accuratamente progettata, offre un&#039;illuminazione uniforme e affidabile, mantenendo la percezione della profondit\u00e0 senza creare ombre o distorsioni. Il pacco batteria magnetico intercambiabile ha una capacit\u00e0 sufficiente per durare tutta la notte a un&#039;impostazione moderata e pu\u00f2 essere sostituito facilmente con una sola mano, senza dover interrompere l&#039;attivit\u00e0. Il sistema Comfort Cradle\u2122 della Distance si adatta perfettamente alla testa, riducendo al minimo i rimbalzi e offrendo un comfort prolungato grazie all&#039;imbottitura integrata\" \/>\n<meta name=\"robots\" content=\"index, follow, max-snippet:-1, max-image-preview:large, max-video-preview:-1\" \/>\n<link rel=\"canonical\" href=\"https:\/\/www.sestogrado.it\/en\/prodotto\/black-diamond-distance-1500-lampada-frontale-ricaricabile\/\" \/>\n<meta property=\"og:locale\" content=\"en_US\" \/>\n<meta property=\"og:type\" content=\"article\" \/>\n<meta property=\"og:title\" content=\"Black Diamond Distance 1500 lampada frontale ricaricabile - Sestogrado\" \/>\n<meta property=\"og:description\" content=\"Progettata per affrontare sessioni di resistenza notturna a ritmo sostenuto e attraversare terreni tecnici durante la notte, la lampada frontale Black Diamond Distance 1500 rappresenta il massimo della tecnologia nel suo settore. Grazie alla tecnologia integrata PowerTap\u2122, la Distance pu\u00f2 aumentare l&#039;illuminazione fino a 1500 lumen, permettendo una valutazione dettagliata del terreno a lunga distanza o l&#039;individuazione dei segnali del sentiero. La programmazione a emissione costante garantisce una luce continua, mentre la lente multifaccettata, accuratamente progettata, offre un&#039;illuminazione uniforme e affidabile, mantenendo la percezione della profondit\u00e0 senza creare ombre o distorsioni. Il pacco batteria magnetico intercambiabile ha una capacit\u00e0 sufficiente per durare tutta la notte a un&#039;impostazione moderata e pu\u00f2 essere sostituito facilmente con una sola mano, senza dover interrompere l&#039;attivit\u00e0. Il sistema Comfort Cradle\u2122 della Distance si adatta perfettamente alla testa, riducendo al minimo i rimbalzi e offrendo un comfort prolungato grazie all&#039;imbottitura integrata\" \/>\n<meta property=\"og:url\" content=\"https:\/\/www.sestogrado.it\/en\/prodotto\/black-diamond-distance-1500-lampada-frontale-ricaricabile\/\" \/>\n<meta property=\"og:site_name\" content=\"Sestogrado\" \/>\n<meta property=\"article:publisher\" content=\"https:\/\/www.facebook.com\/pages\/Sestogrado\/1542635979353017?ref=bookmarks\" \/>\n<meta property=\"article:modified_time\" content=\"2024-10-26T20:32:29+00:00\" \/>\n<meta property=\"og:image\" content=\"https:\/\/www.sestogrado.it\/wp-content\/uploads\/2024\/08\/01-1.jpg\" \/>\n\t<meta property=\"og:image:width\" content=\"1000\" \/>\n\t<meta property=\"og:image:height\" content=\"1000\" \/>\n\t<meta property=\"og:image:type\" content=\"image\/jpeg\" \/>\n<meta name=\"twitter:label1\" content=\"Price\" \/>\n\t<meta name=\"twitter:data1\" content=\"&euro;&nbsp;169,90\" \/>\n\t<meta name=\"twitter:label2\" content=\"Availability\" \/>\n\t<meta name=\"twitter:data2\" content=\"In stock\" \/>\n<script type=\"application\/ld+json\" class=\"yoast-schema-graph\">{\"@context\":\"https:\/\/schema.org\",\"@graph\":[{\"@type\":\"WebPage\",\"@id\":\"https:\/\/www.sestogrado.it\/en\/prodotto\/black-diamond-distance-1500-lampada-frontale-ricaricabile\/\",\"url\":\"https:\/\/www.sestogrado.it\/en\/prodotto\/black-diamond-distance-1500-lampada-frontale-ricaricabile\/\",\"name\":\"Black Diamond Distance 1500 lampada frontale ricaricabile - Sestogrado\",\"isPartOf\":{\"@id\":\"https:\/\/www.sestogrado.it\/en\/#website\"},\"primaryImageOfPage\":{\"@id\":\"https:\/\/www.sestogrado.it\/en\/prodotto\/black-diamond-distance-1500-lampada-frontale-ricaricabile\/#primaryimage\"},\"image\":{\"@id\":\"https:\/\/www.sestogrado.it\/prodotto\/black-diamond-distance-1500-lampada-frontale-ricaricabile\/#primaryimage\"},\"thumbnailUrl\":\"https:\/\/www.sestogrado.it\/wp-content\/uploads\/2024\/08\/01-1.jpg\",\"datePublished\":\"2024-08-23T12:11:19+00:00\",\"dateModified\":\"2024-10-26T20:32:29+00:00\",\"description\":\"Progettata per affrontare sessioni di resistenza notturna a ritmo sostenuto e attraversare terreni tecnici durante la notte, la lampada frontale Black Diamond Distance 1500 rappresenta il massimo della tecnologia nel suo settore. Grazie alla tecnologia integrata PowerTap\u2122, la Distance pu\u00f2 aumentare l'illuminazione fino a 1500 lumen, permettendo una valutazione dettagliata del terreno a lunga distanza o l'individuazione dei segnali del sentiero. La programmazione a emissione costante garantisce una luce continua, mentre la lente multifaccettata, accuratamente progettata, offre un'illuminazione uniforme e affidabile, mantenendo la percezione della profondit\u00e0 senza creare ombre o distorsioni. Il pacco batteria magnetico intercambiabile ha una capacit\u00e0 sufficiente per durare tutta la notte a un'impostazione moderata e pu\u00f2 essere sostituito facilmente con una sola mano, senza dover interrompere l'attivit\u00e0. Il sistema Comfort Cradle\u2122 della Distance si adatta perfettamente alla testa, riducendo al minimo i rimbalzi e offrendo un comfort prolungato grazie all'imbottitura integrata\",\"breadcrumb\":{\"@id\":\"https:\/\/www.sestogrado.it\/en\/prodotto\/black-diamond-distance-1500-lampada-frontale-ricaricabile\/#breadcrumb\"},\"inLanguage\":\"en-US\",\"potentialAction\":[{\"@type\":\"ReadAction\",\"target\":[[\"https:\/\/www.sestogrado.it\/en\/prodotto\/black-diamond-distance-1500-lampada-frontale-ricaricabile\/\"]]}]},{\"@type\":\"ImageObject\",\"inLanguage\":\"en-US\",\"@id\":\"https:\/\/www.sestogrado.it\/en\/prodotto\/black-diamond-distance-1500-lampada-frontale-ricaricabile\/#primaryimage\",\"url\":\"https:\/\/www.sestogrado.it\/wp-content\/uploads\/2024\/08\/01-1.jpg\",\"contentUrl\":\"https:\/\/www.sestogrado.it\/wp-content\/uploads\/2024\/08\/01-1.jpg\",\"width\":1000,\"height\":1000,\"caption\":\"black diamond distance 1500\"},{\"@type\":\"BreadcrumbList\",\"@id\":\"https:\/\/www.sestogrado.it\/en\/prodotto\/black-diamond-distance-1500-lampada-frontale-ricaricabile\/#breadcrumb\",\"itemListElement\":[{\"@type\":\"ListItem\",\"position\":1,\"name\":\"Home\",\"item\":\"https:\/\/www.sestogrado.it\/en\/\"},{\"@type\":\"ListItem\",\"position\":2,\"name\":\"Shop\",\"item\":\"https:\/\/www.sestogrado.it\/en\/shop\/\"},{\"@type\":\"ListItem\",\"position\":3,\"name\":\"Black Diamond Distance 1500 lampada frontale ricaricabile\"}]},{\"@type\":\"WebSite\",\"@id\":\"https:\/\/www.sestogrado.it\/en\/#website\",\"url\":\"https:\/\/www.sestogrado.it\/en\/\",\"name\":\"Sestogrado\",\"description\":\"yes we climb\",\"publisher\":{\"@id\":\"https:\/\/www.sestogrado.it\/en\/#organization\"},\"potentialAction\":[{\"@type\":\"SearchAction\",\"target\":{\"@type\":\"EntryPoint\",\"urlTemplate\":\"https:\/\/www.sestogrado.it\/en\/?s={search_term_string}\"},\"query-input\":{\"@type\":\"PropertyValueSpecification\",\"valueRequired\":true,\"valueName\":\"search_term_string\"}}],\"inLanguage\":\"en-US\"},{\"@type\":\"Organization\",\"@id\":\"https:\/\/www.sestogrado.it\/en\/#organization\",\"name\":\"Sestogrado\",\"url\":\"https:\/\/www.sestogrado.it\/en\/\",\"logo\":{\"@type\":\"ImageObject\",\"inLanguage\":\"en-US\",\"@id\":\"https:\/\/www.sestogrado.it\/en\/#\/schema\/logo\/image\/\",\"url\":\"https:\/\/www.sestogrado.it\/wp-content\/uploads\/2015\/03\/sestogrado-favicon.png\",\"contentUrl\":\"https:\/\/www.sestogrado.it\/wp-content\/uploads\/2015\/03\/sestogrado-favicon.png\",\"width\":260,\"height\":260,\"caption\":\"Sestogrado\"},\"image\":{\"@id\":\"https:\/\/www.sestogrado.it\/en\/#\/schema\/logo\/image\/\"},\"sameAs\":[\"https:\/\/www.facebook.com\/pages\/Sestogrado\/1542635979353017?ref=bookmarks\",\"https:\/\/www.youtube.com\/channel\/UC847kAfTkaJsWpc1jtQwr3Q\"],\"hasMerchantReturnPolicy\":{\"@type\":\"MerchantReturnPolicy\",\"merchantReturnLink\":\"https:\/\/www.sestogrado.it\/en\/termini-e-condizioni\/\"}}]}<\/script>\n<meta property=\"product:brand\" content=\"Black Diamond\" \/>\n<meta property=\"product:price:amount\" content=\"169.90\" \/>\n<meta property=\"product:price:currency\" content=\"EUR\" \/>\n<meta property=\"og:availability\" content=\"instock\" \/>\n<meta property=\"product:availability\" content=\"instock\" \/>\n<meta property=\"product:condition\" content=\"new\" \/>\n<!-- \/ Yoast SEO plugin. -->","yoast_head_json":{"title":"Black Diamond Distance 1500 lampada frontale ricaricabile - Sestogrado","description":"Progettata per affrontare sessioni di resistenza notturna a ritmo sostenuto e attraversare terreni tecnici durante la notte, la lampada frontale Black Diamond Distance 1500 rappresenta il massimo della tecnologia nel suo settore. Grazie alla tecnologia integrata PowerTap\u2122, la Distance pu\u00f2 aumentare l'illuminazione fino a 1500 lumen, permettendo una valutazione dettagliata del terreno a lunga distanza o l'individuazione dei segnali del sentiero. La programmazione a emissione costante garantisce una luce continua, mentre la lente multifaccettata, accuratamente progettata, offre un'illuminazione uniforme e affidabile, mantenendo la percezione della profondit\u00e0 senza creare ombre o distorsioni. Il pacco batteria magnetico intercambiabile ha una capacit\u00e0 sufficiente per durare tutta la notte a un'impostazione moderata e pu\u00f2 essere sostituito facilmente con una sola mano, senza dover interrompere l'attivit\u00e0. Il sistema Comfort Cradle\u2122 della Distance si adatta perfettamente alla testa, riducendo al minimo i rimbalzi e offrendo un comfort prolungato grazie all'imbottitura integrata","robots":{"index":"index","follow":"follow","max-snippet":"max-snippet:-1","max-image-preview":"max-image-preview:large","max-video-preview":"max-video-preview:-1"},"canonical":"https:\/\/www.sestogrado.it\/en\/prodotto\/black-diamond-distance-1500-lampada-frontale-ricaricabile\/","og_locale":"en_US","og_type":"article","og_title":"Black Diamond Distance 1500 lampada frontale ricaricabile - Sestogrado","og_description":"Progettata per affrontare sessioni di resistenza notturna a ritmo sostenuto e attraversare terreni tecnici durante la notte, la lampada frontale Black Diamond Distance 1500 rappresenta il massimo della tecnologia nel suo settore. Grazie alla tecnologia integrata PowerTap\u2122, la Distance pu\u00f2 aumentare l'illuminazione fino a 1500 lumen, permettendo una valutazione dettagliata del terreno a lunga distanza o l'individuazione dei segnali del sentiero. La programmazione a emissione costante garantisce una luce continua, mentre la lente multifaccettata, accuratamente progettata, offre un'illuminazione uniforme e affidabile, mantenendo la percezione della profondit\u00e0 senza creare ombre o distorsioni. Il pacco batteria magnetico intercambiabile ha una capacit\u00e0 sufficiente per durare tutta la notte a un'impostazione moderata e pu\u00f2 essere sostituito facilmente con una sola mano, senza dover interrompere l'attivit\u00e0. Il sistema Comfort Cradle\u2122 della Distance si adatta perfettamente alla testa, riducendo al minimo i rimbalzi e offrendo un comfort prolungato grazie all'imbottitura integrata","og_url":"https:\/\/www.sestogrado.it\/en\/prodotto\/black-diamond-distance-1500-lampada-frontale-ricaricabile\/","og_site_name":"Sestogrado","article_publisher":"https:\/\/www.facebook.com\/pages\/Sestogrado\/1542635979353017?ref=bookmarks","article_modified_time":"2024-10-26T20:32:29+00:00","og_image":[{"width":1000,"height":1000,"url":"https:\/\/www.sestogrado.it\/wp-content\/uploads\/2024\/08\/01-1.jpg","type":"image\/jpeg"}],"twitter_misc":{"Price":"&euro;&nbsp;169,90","Availability":"In stock"},"schema":{"@context":"https:\/\/schema.org","@graph":[{"@type":"WebPage","@id":"https:\/\/www.sestogrado.it\/en\/prodotto\/black-diamond-distance-1500-lampada-frontale-ricaricabile\/","url":"https:\/\/www.sestogrado.it\/en\/prodotto\/black-diamond-distance-1500-lampada-frontale-ricaricabile\/","name":"Black Diamond Distance 1500 lampada frontale ricaricabile - Sestogrado","isPartOf":{"@id":"https:\/\/www.sestogrado.it\/en\/#website"},"primaryImageOfPage":{"@id":"https:\/\/www.sestogrado.it\/en\/prodotto\/black-diamond-distance-1500-lampada-frontale-ricaricabile\/#primaryimage"},"image":{"@id":"https:\/\/www.sestogrado.it\/prodotto\/black-diamond-distance-1500-lampada-frontale-ricaricabile\/#primaryimage"},"thumbnailUrl":"https:\/\/www.sestogrado.it\/wp-content\/uploads\/2024\/08\/01-1.jpg","datePublished":"2024-08-23T12:11:19+00:00","dateModified":"2024-10-26T20:32:29+00:00","description":"Progettata per affrontare sessioni di resistenza notturna a ritmo sostenuto e attraversare terreni tecnici durante la notte, la lampada frontale Black Diamond Distance 1500 rappresenta il massimo della tecnologia nel suo settore. Grazie alla tecnologia integrata PowerTap\u2122, la Distance pu\u00f2 aumentare l'illuminazione fino a 1500 lumen, permettendo una valutazione dettagliata del terreno a lunga distanza o l'individuazione dei segnali del sentiero. La programmazione a emissione costante garantisce una luce continua, mentre la lente multifaccettata, accuratamente progettata, offre un'illuminazione uniforme e affidabile, mantenendo la percezione della profondit\u00e0 senza creare ombre o distorsioni. Il pacco batteria magnetico intercambiabile ha una capacit\u00e0 sufficiente per durare tutta la notte a un'impostazione moderata e pu\u00f2 essere sostituito facilmente con una sola mano, senza dover interrompere l'attivit\u00e0. Il sistema Comfort Cradle\u2122 della Distance si adatta perfettamente alla testa, riducendo al minimo i rimbalzi e offrendo un comfort prolungato grazie all'imbottitura integrata","breadcrumb":{"@id":"https:\/\/www.sestogrado.it\/en\/prodotto\/black-diamond-distance-1500-lampada-frontale-ricaricabile\/#breadcrumb"},"inLanguage":"en-US","potentialAction":[{"@type":"ReadAction","target":[["https:\/\/www.sestogrado.it\/en\/prodotto\/black-diamond-distance-1500-lampada-frontale-ricaricabile\/"]]}]},{"@type":"ImageObject","inLanguage":"en-US","@id":"https:\/\/www.sestogrado.it\/en\/prodotto\/black-diamond-distance-1500-lampada-frontale-ricaricabile\/#primaryimage","url":"https:\/\/www.sestogrado.it\/wp-content\/uploads\/2024\/08\/01-1.jpg","contentUrl":"https:\/\/www.sestogrado.it\/wp-content\/uploads\/2024\/08\/01-1.jpg","width":1000,"height":1000,"caption":"black diamond distance 1500"},{"@type":"BreadcrumbList","@id":"https:\/\/www.sestogrado.it\/en\/prodotto\/black-diamond-distance-1500-lampada-frontale-ricaricabile\/#breadcrumb","itemListElement":[{"@type":"ListItem","position":1,"name":"Home","item":"https:\/\/www.sestogrado.it\/en\/"},{"@type":"ListItem","position":2,"name":"Shop","item":"https:\/\/www.sestogrado.it\/en\/shop\/"},{"@type":"ListItem","position":3,"name":"Black Diamond Distance 1500 lampada frontale ricaricabile"}]},{"@type":"WebSite","@id":"https:\/\/www.sestogrado.it\/en\/#website","url":"https:\/\/www.sestogrado.it\/en\/","name":"Sestogrado","description":"yes we climb","publisher":{"@id":"https:\/\/www.sestogrado.it\/en\/#organization"},"potentialAction":[{"@type":"SearchAction","target":{"@type":"EntryPoint","urlTemplate":"https:\/\/www.sestogrado.it\/en\/?s={search_term_string}"},"query-input":{"@type":"PropertyValueSpecification","valueRequired":true,"valueName":"search_term_string"}}],"inLanguage":"en-US"},{"@type":"Organization","@id":"https:\/\/www.sestogrado.it\/en\/#organization","name":"Sestogrado","url":"https:\/\/www.sestogrado.it\/en\/","logo":{"@type":"ImageObject","inLanguage":"en-US","@id":"https:\/\/www.sestogrado.it\/en\/#\/schema\/logo\/image\/","url":"https:\/\/www.sestogrado.it\/wp-content\/uploads\/2015\/03\/sestogrado-favicon.png","contentUrl":"https:\/\/www.sestogrado.it\/wp-content\/uploads\/2015\/03\/sestogrado-favicon.png","width":260,"height":260,"caption":"Sestogrado"},"image":{"@id":"https:\/\/www.sestogrado.it\/en\/#\/schema\/logo\/image\/"},"sameAs":["https:\/\/www.facebook.com\/pages\/Sestogrado\/1542635979353017?ref=bookmarks","https:\/\/www.youtube.com\/channel\/UC847kAfTkaJsWpc1jtQwr3Q"],"hasMerchantReturnPolicy":{"@type":"MerchantReturnPolicy","merchantReturnLink":"https:\/\/www.sestogrado.it\/en\/termini-e-condizioni\/"}}]},"product_brand":"Black Diamond","product_price_amount":"169.90","product_price_currency":"EUR","og_availability":"instock","product_availability":"instock","product_condition":"new"},"_links":{"self":[{"href":"https:\/\/www.sestogrado.it\/en\/wp-json\/wp\/v2\/product\/169313","targetHints":{"allow":["GET"]}}],"collection":[{"href":"https:\/\/www.sestogrado.it\/en\/wp-json\/wp\/v2\/product"}],"about":[{"href":"https:\/\/www.sestogrado.it\/en\/wp-json\/wp\/v2\/types\/product"}],"replies":[{"embeddable":true,"href":"https:\/\/www.sestogrado.it\/en\/wp-json\/wp\/v2\/comments?post=169313"}],"wp:featuredmedia":[{"embeddable":true,"href":"https:\/\/www.sestogrado.it\/en\/wp-json\/wp\/v2\/media\/169314"}],"wp:attachment":[{"href":"https:\/\/www.sestogrado.it\/en\/wp-json\/wp\/v2\/media?parent=169313"}],"wp:term":[{"taxonomy":"product_brand","embeddable":true,"href":"https:\/\/www.sestogrado.it\/en\/wp-json\/wp\/v2\/product_brand?post=169313"},{"taxonomy":"product_cat","embeddable":true,"href":"https:\/\/www.sestogrado.it\/en\/wp-json\/wp\/v2\/product_cat?post=169313"},{"taxonomy":"product_tag","embeddable":true,"href":"https:\/\/www.sestogrado.it\/en\/wp-json\/wp\/v2\/product_tag?post=169313"}],"curies":[{"name":"wp","href":"https:\/\/api.w.org\/{rel}","templated":true}]}}