{"id":167846,"date":"2024-07-31T14:29:40","date_gmt":"2024-07-31T12:29:40","guid":{"rendered":"https:\/\/www.sestogrado.it\/?post_type=product&#038;p=167846"},"modified":"2025-10-14T21:19:02","modified_gmt":"2025-10-14T19:19:02","slug":"idea-montagna-il-grande-libro-delle-creste","status":"publish","type":"product","link":"https:\/\/www.sestogrado.it\/en\/prodotto\/idea-montagna-il-grande-libro-delle-creste\/","title":{"rendered":"Idea Montagna Il grande Libro delle Creste"},"content":{"rendered":"<p class=\"qtranxs-available-languages-message qtranxs-available-languages-message-en\">Sorry, this entry is only available in <a href=\"https:\/\/www.sestogrado.it\/it\/wp-json\/wp\/v2\/product\/167846\" class=\"qtranxs-available-language-link qtranxs-available-language-link-it\" title=\"Italiano\">Italiano<\/a>.<\/p>","protected":false},"excerpt":{"rendered":"<p>Sorry, this entry is only available in Italiano.<\/p>\n","protected":false},"featured_media":167847,"comment_status":"open","ping_status":"closed","template":"","meta":{"_acf_changed":false},"product_brand":[331],"product_cat":[98],"product_tag":[],"class_list":{"0":"post-167846","1":"product","2":"type-product","3":"status-publish","4":"has-post-thumbnail","6":"product_brand-idea-montagna","7":"product_cat-libri","9":"first","10":"instock","11":"taxable","12":"shipping-taxable","13":"purchasable","14":"product-type-simple"},"acf":[],"yoast_head":"<!-- This site is optimized with the Yoast SEO plugin v26.4 - https:\/\/yoast.com\/wordpress\/plugins\/seo\/ -->\n<title>Idea Montagna Il grande Libro delle Creste - Sestogrado<\/title>\n<meta name=\"description\" content=\"Il grande Libro delle Creste contiene la relazione di 107 vie di cresta distribuite su tutto l&#039;arco alpino, dalle Alpi marittime confinanti con la Francia, fino alle Alpi retiche e dei tauri, al confine con la Slovenia.L\u2019orografia del mondo, a pensarci bene, ha sempre influenzato l\u2019uomo sulla divisione di stati, popoli, religioni. L\u2019uomo ha preso a pretesto la roccia e l\u2019acqua quali migliori mezzi per affermare la propria sovranit\u00e0 su un territorio. I crinali, le dorsali, cos\u00ec come i fiumi, hanno da sempre creato divisioni. Io da una parte, tu dall\u2019altra. Ma ci sono uomini che quel segno di divisione lo percorrono, chi lo naviga e chi lo scala, unendo due punti e potendo guardare da vicino o dall\u2019alto quei due mondi diversi, riconoscendone le differenze e interpretandone le affinit\u00e0.Mentre il navigatore scende verso il mare, l\u2019alpinista, andando in senso contrario, punta alla vetta di una montagna partendo dal basso, conquistando quel mondo sospeso tra due mondi. Sia navigatore che alpinista, forse inconsapevolmente, sono portatori di pace, uniscono, anche solo con il loro sguardo, quei due versanti, dando a entrambi la stessa dignit\u00e0, pur nella diversit\u00e0. La cresta di alta montagna \u00e8 la massima espressione di divisione, ma chi la percorre ha l\u2019occasione di essere l\u2019ideale simbolo di unione. Raggiunta la cima, punto di confluenza orografica di due versanti, l\u2019alpinista si incontra con l\u2019uomo dell\u2019altro mondo, diverso ma uguale a lui, che per un\u2019attrazione arcana ha percorso la cresta opposta.La cresta si contende con la parete la bellezza della montagna. In parete si \u00e8 protetti ma esposti alla caduta di roccia e ghiaccio, in cresta si \u00e8 esposti sul baratro ma protetti dai voleri della montagna. Due mondi allo specchio, dove finisce uno inizia l\u2019altro.\" \/>\n<meta name=\"robots\" content=\"index, follow, max-snippet:-1, max-image-preview:large, max-video-preview:-1\" \/>\n<link rel=\"canonical\" href=\"https:\/\/www.sestogrado.it\/en\/prodotto\/idea-montagna-il-grande-libro-delle-creste\/\" \/>\n<meta property=\"og:locale\" content=\"en_US\" \/>\n<meta property=\"og:type\" content=\"article\" \/>\n<meta property=\"og:title\" content=\"Idea Montagna Il grande Libro delle Creste - Sestogrado\" \/>\n<meta property=\"og:description\" content=\"Il grande Libro delle Creste contiene la relazione di 107 vie di cresta distribuite su tutto l&#039;arco alpino, dalle Alpi marittime confinanti con la Francia, fino alle Alpi retiche e dei tauri, al confine con la Slovenia.L\u2019orografia del mondo, a pensarci bene, ha sempre influenzato l\u2019uomo sulla divisione di stati, popoli, religioni. L\u2019uomo ha preso a pretesto la roccia e l\u2019acqua quali migliori mezzi per affermare la propria sovranit\u00e0 su un territorio. I crinali, le dorsali, cos\u00ec come i fiumi, hanno da sempre creato divisioni. Io da una parte, tu dall\u2019altra. Ma ci sono uomini che quel segno di divisione lo percorrono, chi lo naviga e chi lo scala, unendo due punti e potendo guardare da vicino o dall\u2019alto quei due mondi diversi, riconoscendone le differenze e interpretandone le affinit\u00e0.Mentre il navigatore scende verso il mare, l\u2019alpinista, andando in senso contrario, punta alla vetta di una montagna partendo dal basso, conquistando quel mondo sospeso tra due mondi. Sia navigatore che alpinista, forse inconsapevolmente, sono portatori di pace, uniscono, anche solo con il loro sguardo, quei due versanti, dando a entrambi la stessa dignit\u00e0, pur nella diversit\u00e0. La cresta di alta montagna \u00e8 la massima espressione di divisione, ma chi la percorre ha l\u2019occasione di essere l\u2019ideale simbolo di unione. Raggiunta la cima, punto di confluenza orografica di due versanti, l\u2019alpinista si incontra con l\u2019uomo dell\u2019altro mondo, diverso ma uguale a lui, che per un\u2019attrazione arcana ha percorso la cresta opposta.La cresta si contende con la parete la bellezza della montagna. In parete si \u00e8 protetti ma esposti alla caduta di roccia e ghiaccio, in cresta si \u00e8 esposti sul baratro ma protetti dai voleri della montagna. Due mondi allo specchio, dove finisce uno inizia l\u2019altro.\" \/>\n<meta property=\"og:url\" content=\"https:\/\/www.sestogrado.it\/en\/prodotto\/idea-montagna-il-grande-libro-delle-creste\/\" \/>\n<meta property=\"og:site_name\" content=\"Sestogrado\" \/>\n<meta property=\"article:publisher\" content=\"https:\/\/www.facebook.com\/pages\/Sestogrado\/1542635979353017?ref=bookmarks\" \/>\n<meta property=\"article:modified_time\" content=\"2025-10-14T19:19:02+00:00\" \/>\n<meta property=\"og:image\" content=\"https:\/\/www.sestogrado.it\/wp-content\/uploads\/2024\/07\/02-6.jpg\" \/>\n\t<meta property=\"og:image:width\" content=\"900\" \/>\n\t<meta property=\"og:image:height\" content=\"900\" \/>\n\t<meta property=\"og:image:type\" content=\"image\/jpeg\" \/>\n<meta name=\"twitter:label1\" content=\"Price\" \/>\n\t<meta name=\"twitter:data1\" content=\"&euro;&nbsp;39,00\" \/>\n\t<meta name=\"twitter:label2\" content=\"Availability\" \/>\n\t<meta name=\"twitter:data2\" content=\"In stock\" \/>\n<script type=\"application\/ld+json\" class=\"yoast-schema-graph\">{\"@context\":\"https:\/\/schema.org\",\"@graph\":[{\"@type\":\"WebPage\",\"@id\":\"https:\/\/www.sestogrado.it\/en\/prodotto\/idea-montagna-il-grande-libro-delle-creste\/\",\"url\":\"https:\/\/www.sestogrado.it\/en\/prodotto\/idea-montagna-il-grande-libro-delle-creste\/\",\"name\":\"Idea Montagna Il grande Libro delle Creste - Sestogrado\",\"isPartOf\":{\"@id\":\"https:\/\/www.sestogrado.it\/en\/#website\"},\"primaryImageOfPage\":{\"@id\":\"https:\/\/www.sestogrado.it\/en\/prodotto\/idea-montagna-il-grande-libro-delle-creste\/#primaryimage\"},\"image\":{\"@id\":\"https:\/\/www.sestogrado.it\/prodotto\/idea-montagna-il-grande-libro-delle-creste\/#primaryimage\"},\"thumbnailUrl\":\"https:\/\/www.sestogrado.it\/wp-content\/uploads\/2024\/07\/02-6.jpg\",\"datePublished\":\"2024-07-31T12:29:40+00:00\",\"dateModified\":\"2025-10-14T19:19:02+00:00\",\"description\":\"Il grande Libro delle Creste contiene la relazione di 107 vie di cresta distribuite su tutto l'arco alpino, dalle Alpi marittime confinanti con la Francia, fino alle Alpi retiche e dei tauri, al confine con la Slovenia.L\u2019orografia del mondo, a pensarci bene, ha sempre influenzato l\u2019uomo sulla divisione di stati, popoli, religioni. L\u2019uomo ha preso a pretesto la roccia e l\u2019acqua quali migliori mezzi per affermare la propria sovranit\u00e0 su un territorio. I crinali, le dorsali, cos\u00ec come i fiumi, hanno da sempre creato divisioni. Io da una parte, tu dall\u2019altra. Ma ci sono uomini che quel segno di divisione lo percorrono, chi lo naviga e chi lo scala, unendo due punti e potendo guardare da vicino o dall\u2019alto quei due mondi diversi, riconoscendone le differenze e interpretandone le affinit\u00e0.Mentre il navigatore scende verso il mare, l\u2019alpinista, andando in senso contrario, punta alla vetta di una montagna partendo dal basso, conquistando quel mondo sospeso tra due mondi. Sia navigatore che alpinista, forse inconsapevolmente, sono portatori di pace, uniscono, anche solo con il loro sguardo, quei due versanti, dando a entrambi la stessa dignit\u00e0, pur nella diversit\u00e0. La cresta di alta montagna \u00e8 la massima espressione di divisione, ma chi la percorre ha l\u2019occasione di essere l\u2019ideale simbolo di unione. Raggiunta la cima, punto di confluenza orografica di due versanti, l\u2019alpinista si incontra con l\u2019uomo dell\u2019altro mondo, diverso ma uguale a lui, che per un\u2019attrazione arcana ha percorso la cresta opposta.La cresta si contende con la parete la bellezza della montagna. In parete si \u00e8 protetti ma esposti alla caduta di roccia e ghiaccio, in cresta si \u00e8 esposti sul baratro ma protetti dai voleri della montagna. Due mondi allo specchio, dove finisce uno inizia l\u2019altro.\",\"breadcrumb\":{\"@id\":\"https:\/\/www.sestogrado.it\/en\/prodotto\/idea-montagna-il-grande-libro-delle-creste\/#breadcrumb\"},\"inLanguage\":\"en-US\",\"potentialAction\":[{\"@type\":\"ReadAction\",\"target\":[[\"https:\/\/www.sestogrado.it\/en\/prodotto\/idea-montagna-il-grande-libro-delle-creste\/\"]]}]},{\"@type\":\"ImageObject\",\"inLanguage\":\"en-US\",\"@id\":\"https:\/\/www.sestogrado.it\/en\/prodotto\/idea-montagna-il-grande-libro-delle-creste\/#primaryimage\",\"url\":\"https:\/\/www.sestogrado.it\/wp-content\/uploads\/2024\/07\/02-6.jpg\",\"contentUrl\":\"https:\/\/www.sestogrado.it\/wp-content\/uploads\/2024\/07\/02-6.jpg\",\"width\":900,\"height\":900,\"caption\":\"il grande libro delle creste\"},{\"@type\":\"BreadcrumbList\",\"@id\":\"https:\/\/www.sestogrado.it\/en\/prodotto\/idea-montagna-il-grande-libro-delle-creste\/#breadcrumb\",\"itemListElement\":[{\"@type\":\"ListItem\",\"position\":1,\"name\":\"Home\",\"item\":\"https:\/\/www.sestogrado.it\/en\/\"},{\"@type\":\"ListItem\",\"position\":2,\"name\":\"Shop\",\"item\":\"https:\/\/www.sestogrado.it\/en\/shop\/\"},{\"@type\":\"ListItem\",\"position\":3,\"name\":\"Idea Montagna Il grande Libro delle Creste\"}]},{\"@type\":\"WebSite\",\"@id\":\"https:\/\/www.sestogrado.it\/en\/#website\",\"url\":\"https:\/\/www.sestogrado.it\/en\/\",\"name\":\"Sestogrado\",\"description\":\"yes we climb\",\"publisher\":{\"@id\":\"https:\/\/www.sestogrado.it\/en\/#organization\"},\"potentialAction\":[{\"@type\":\"SearchAction\",\"target\":{\"@type\":\"EntryPoint\",\"urlTemplate\":\"https:\/\/www.sestogrado.it\/en\/?s={search_term_string}\"},\"query-input\":{\"@type\":\"PropertyValueSpecification\",\"valueRequired\":true,\"valueName\":\"search_term_string\"}}],\"inLanguage\":\"en-US\"},{\"@type\":\"Organization\",\"@id\":\"https:\/\/www.sestogrado.it\/en\/#organization\",\"name\":\"Sestogrado\",\"url\":\"https:\/\/www.sestogrado.it\/en\/\",\"logo\":{\"@type\":\"ImageObject\",\"inLanguage\":\"en-US\",\"@id\":\"https:\/\/www.sestogrado.it\/en\/#\/schema\/logo\/image\/\",\"url\":\"https:\/\/www.sestogrado.it\/wp-content\/uploads\/2015\/03\/sestogrado-favicon.png\",\"contentUrl\":\"https:\/\/www.sestogrado.it\/wp-content\/uploads\/2015\/03\/sestogrado-favicon.png\",\"width\":260,\"height\":260,\"caption\":\"Sestogrado\"},\"image\":{\"@id\":\"https:\/\/www.sestogrado.it\/en\/#\/schema\/logo\/image\/\"},\"sameAs\":[\"https:\/\/www.facebook.com\/pages\/Sestogrado\/1542635979353017?ref=bookmarks\",\"https:\/\/www.youtube.com\/channel\/UC847kAfTkaJsWpc1jtQwr3Q\"],\"hasMerchantReturnPolicy\":{\"@type\":\"MerchantReturnPolicy\",\"merchantReturnLink\":\"https:\/\/www.sestogrado.it\/en\/termini-e-condizioni\/\"}}]}<\/script>\n<meta property=\"product:brand\" content=\"Idea Montagna\" \/>\n<meta property=\"product:price:amount\" content=\"39.00\" \/>\n<meta property=\"product:price:currency\" content=\"EUR\" \/>\n<meta property=\"og:availability\" content=\"instock\" \/>\n<meta property=\"product:availability\" content=\"instock\" \/>\n<meta property=\"product:condition\" content=\"new\" \/>\n<!-- \/ Yoast SEO plugin. -->","yoast_head_json":{"title":"Idea Montagna Il grande Libro delle Creste - Sestogrado","description":"Il grande Libro delle Creste contiene la relazione di 107 vie di cresta distribuite su tutto l'arco alpino, dalle Alpi marittime confinanti con la Francia, fino alle Alpi retiche e dei tauri, al confine con la Slovenia.L\u2019orografia del mondo, a pensarci bene, ha sempre influenzato l\u2019uomo sulla divisione di stati, popoli, religioni. L\u2019uomo ha preso a pretesto la roccia e l\u2019acqua quali migliori mezzi per affermare la propria sovranit\u00e0 su un territorio. I crinali, le dorsali, cos\u00ec come i fiumi, hanno da sempre creato divisioni. Io da una parte, tu dall\u2019altra. Ma ci sono uomini che quel segno di divisione lo percorrono, chi lo naviga e chi lo scala, unendo due punti e potendo guardare da vicino o dall\u2019alto quei due mondi diversi, riconoscendone le differenze e interpretandone le affinit\u00e0.Mentre il navigatore scende verso il mare, l\u2019alpinista, andando in senso contrario, punta alla vetta di una montagna partendo dal basso, conquistando quel mondo sospeso tra due mondi. Sia navigatore che alpinista, forse inconsapevolmente, sono portatori di pace, uniscono, anche solo con il loro sguardo, quei due versanti, dando a entrambi la stessa dignit\u00e0, pur nella diversit\u00e0. La cresta di alta montagna \u00e8 la massima espressione di divisione, ma chi la percorre ha l\u2019occasione di essere l\u2019ideale simbolo di unione. Raggiunta la cima, punto di confluenza orografica di due versanti, l\u2019alpinista si incontra con l\u2019uomo dell\u2019altro mondo, diverso ma uguale a lui, che per un\u2019attrazione arcana ha percorso la cresta opposta.La cresta si contende con la parete la bellezza della montagna. In parete si \u00e8 protetti ma esposti alla caduta di roccia e ghiaccio, in cresta si \u00e8 esposti sul baratro ma protetti dai voleri della montagna. Due mondi allo specchio, dove finisce uno inizia l\u2019altro.","robots":{"index":"index","follow":"follow","max-snippet":"max-snippet:-1","max-image-preview":"max-image-preview:large","max-video-preview":"max-video-preview:-1"},"canonical":"https:\/\/www.sestogrado.it\/en\/prodotto\/idea-montagna-il-grande-libro-delle-creste\/","og_locale":"en_US","og_type":"article","og_title":"Idea Montagna Il grande Libro delle Creste - Sestogrado","og_description":"Il grande Libro delle Creste contiene la relazione di 107 vie di cresta distribuite su tutto l'arco alpino, dalle Alpi marittime confinanti con la Francia, fino alle Alpi retiche e dei tauri, al confine con la Slovenia.L\u2019orografia del mondo, a pensarci bene, ha sempre influenzato l\u2019uomo sulla divisione di stati, popoli, religioni. L\u2019uomo ha preso a pretesto la roccia e l\u2019acqua quali migliori mezzi per affermare la propria sovranit\u00e0 su un territorio. I crinali, le dorsali, cos\u00ec come i fiumi, hanno da sempre creato divisioni. Io da una parte, tu dall\u2019altra. Ma ci sono uomini che quel segno di divisione lo percorrono, chi lo naviga e chi lo scala, unendo due punti e potendo guardare da vicino o dall\u2019alto quei due mondi diversi, riconoscendone le differenze e interpretandone le affinit\u00e0.Mentre il navigatore scende verso il mare, l\u2019alpinista, andando in senso contrario, punta alla vetta di una montagna partendo dal basso, conquistando quel mondo sospeso tra due mondi. Sia navigatore che alpinista, forse inconsapevolmente, sono portatori di pace, uniscono, anche solo con il loro sguardo, quei due versanti, dando a entrambi la stessa dignit\u00e0, pur nella diversit\u00e0. La cresta di alta montagna \u00e8 la massima espressione di divisione, ma chi la percorre ha l\u2019occasione di essere l\u2019ideale simbolo di unione. Raggiunta la cima, punto di confluenza orografica di due versanti, l\u2019alpinista si incontra con l\u2019uomo dell\u2019altro mondo, diverso ma uguale a lui, che per un\u2019attrazione arcana ha percorso la cresta opposta.La cresta si contende con la parete la bellezza della montagna. In parete si \u00e8 protetti ma esposti alla caduta di roccia e ghiaccio, in cresta si \u00e8 esposti sul baratro ma protetti dai voleri della montagna. Due mondi allo specchio, dove finisce uno inizia l\u2019altro.","og_url":"https:\/\/www.sestogrado.it\/en\/prodotto\/idea-montagna-il-grande-libro-delle-creste\/","og_site_name":"Sestogrado","article_publisher":"https:\/\/www.facebook.com\/pages\/Sestogrado\/1542635979353017?ref=bookmarks","article_modified_time":"2025-10-14T19:19:02+00:00","og_image":[{"width":900,"height":900,"url":"https:\/\/www.sestogrado.it\/wp-content\/uploads\/2024\/07\/02-6.jpg","type":"image\/jpeg"}],"twitter_misc":{"Price":"&euro;&nbsp;39,00","Availability":"In stock"},"schema":{"@context":"https:\/\/schema.org","@graph":[{"@type":"WebPage","@id":"https:\/\/www.sestogrado.it\/en\/prodotto\/idea-montagna-il-grande-libro-delle-creste\/","url":"https:\/\/www.sestogrado.it\/en\/prodotto\/idea-montagna-il-grande-libro-delle-creste\/","name":"Idea Montagna Il grande Libro delle Creste - Sestogrado","isPartOf":{"@id":"https:\/\/www.sestogrado.it\/en\/#website"},"primaryImageOfPage":{"@id":"https:\/\/www.sestogrado.it\/en\/prodotto\/idea-montagna-il-grande-libro-delle-creste\/#primaryimage"},"image":{"@id":"https:\/\/www.sestogrado.it\/prodotto\/idea-montagna-il-grande-libro-delle-creste\/#primaryimage"},"thumbnailUrl":"https:\/\/www.sestogrado.it\/wp-content\/uploads\/2024\/07\/02-6.jpg","datePublished":"2024-07-31T12:29:40+00:00","dateModified":"2025-10-14T19:19:02+00:00","description":"Il grande Libro delle Creste contiene la relazione di 107 vie di cresta distribuite su tutto l'arco alpino, dalle Alpi marittime confinanti con la Francia, fino alle Alpi retiche e dei tauri, al confine con la Slovenia.L\u2019orografia del mondo, a pensarci bene, ha sempre influenzato l\u2019uomo sulla divisione di stati, popoli, religioni. L\u2019uomo ha preso a pretesto la roccia e l\u2019acqua quali migliori mezzi per affermare la propria sovranit\u00e0 su un territorio. I crinali, le dorsali, cos\u00ec come i fiumi, hanno da sempre creato divisioni. Io da una parte, tu dall\u2019altra. Ma ci sono uomini che quel segno di divisione lo percorrono, chi lo naviga e chi lo scala, unendo due punti e potendo guardare da vicino o dall\u2019alto quei due mondi diversi, riconoscendone le differenze e interpretandone le affinit\u00e0.Mentre il navigatore scende verso il mare, l\u2019alpinista, andando in senso contrario, punta alla vetta di una montagna partendo dal basso, conquistando quel mondo sospeso tra due mondi. Sia navigatore che alpinista, forse inconsapevolmente, sono portatori di pace, uniscono, anche solo con il loro sguardo, quei due versanti, dando a entrambi la stessa dignit\u00e0, pur nella diversit\u00e0. La cresta di alta montagna \u00e8 la massima espressione di divisione, ma chi la percorre ha l\u2019occasione di essere l\u2019ideale simbolo di unione. Raggiunta la cima, punto di confluenza orografica di due versanti, l\u2019alpinista si incontra con l\u2019uomo dell\u2019altro mondo, diverso ma uguale a lui, che per un\u2019attrazione arcana ha percorso la cresta opposta.La cresta si contende con la parete la bellezza della montagna. In parete si \u00e8 protetti ma esposti alla caduta di roccia e ghiaccio, in cresta si \u00e8 esposti sul baratro ma protetti dai voleri della montagna. Due mondi allo specchio, dove finisce uno inizia l\u2019altro.","breadcrumb":{"@id":"https:\/\/www.sestogrado.it\/en\/prodotto\/idea-montagna-il-grande-libro-delle-creste\/#breadcrumb"},"inLanguage":"en-US","potentialAction":[{"@type":"ReadAction","target":[["https:\/\/www.sestogrado.it\/en\/prodotto\/idea-montagna-il-grande-libro-delle-creste\/"]]}]},{"@type":"ImageObject","inLanguage":"en-US","@id":"https:\/\/www.sestogrado.it\/en\/prodotto\/idea-montagna-il-grande-libro-delle-creste\/#primaryimage","url":"https:\/\/www.sestogrado.it\/wp-content\/uploads\/2024\/07\/02-6.jpg","contentUrl":"https:\/\/www.sestogrado.it\/wp-content\/uploads\/2024\/07\/02-6.jpg","width":900,"height":900,"caption":"il grande libro delle creste"},{"@type":"BreadcrumbList","@id":"https:\/\/www.sestogrado.it\/en\/prodotto\/idea-montagna-il-grande-libro-delle-creste\/#breadcrumb","itemListElement":[{"@type":"ListItem","position":1,"name":"Home","item":"https:\/\/www.sestogrado.it\/en\/"},{"@type":"ListItem","position":2,"name":"Shop","item":"https:\/\/www.sestogrado.it\/en\/shop\/"},{"@type":"ListItem","position":3,"name":"Idea Montagna Il grande Libro delle Creste"}]},{"@type":"WebSite","@id":"https:\/\/www.sestogrado.it\/en\/#website","url":"https:\/\/www.sestogrado.it\/en\/","name":"Sestogrado","description":"yes we climb","publisher":{"@id":"https:\/\/www.sestogrado.it\/en\/#organization"},"potentialAction":[{"@type":"SearchAction","target":{"@type":"EntryPoint","urlTemplate":"https:\/\/www.sestogrado.it\/en\/?s={search_term_string}"},"query-input":{"@type":"PropertyValueSpecification","valueRequired":true,"valueName":"search_term_string"}}],"inLanguage":"en-US"},{"@type":"Organization","@id":"https:\/\/www.sestogrado.it\/en\/#organization","name":"Sestogrado","url":"https:\/\/www.sestogrado.it\/en\/","logo":{"@type":"ImageObject","inLanguage":"en-US","@id":"https:\/\/www.sestogrado.it\/en\/#\/schema\/logo\/image\/","url":"https:\/\/www.sestogrado.it\/wp-content\/uploads\/2015\/03\/sestogrado-favicon.png","contentUrl":"https:\/\/www.sestogrado.it\/wp-content\/uploads\/2015\/03\/sestogrado-favicon.png","width":260,"height":260,"caption":"Sestogrado"},"image":{"@id":"https:\/\/www.sestogrado.it\/en\/#\/schema\/logo\/image\/"},"sameAs":["https:\/\/www.facebook.com\/pages\/Sestogrado\/1542635979353017?ref=bookmarks","https:\/\/www.youtube.com\/channel\/UC847kAfTkaJsWpc1jtQwr3Q"],"hasMerchantReturnPolicy":{"@type":"MerchantReturnPolicy","merchantReturnLink":"https:\/\/www.sestogrado.it\/en\/termini-e-condizioni\/"}}]},"product_brand":"Idea Montagna","product_price_amount":"39.00","product_price_currency":"EUR","og_availability":"instock","product_availability":"instock","product_condition":"new"},"_links":{"self":[{"href":"https:\/\/www.sestogrado.it\/en\/wp-json\/wp\/v2\/product\/167846","targetHints":{"allow":["GET"]}}],"collection":[{"href":"https:\/\/www.sestogrado.it\/en\/wp-json\/wp\/v2\/product"}],"about":[{"href":"https:\/\/www.sestogrado.it\/en\/wp-json\/wp\/v2\/types\/product"}],"replies":[{"embeddable":true,"href":"https:\/\/www.sestogrado.it\/en\/wp-json\/wp\/v2\/comments?post=167846"}],"wp:featuredmedia":[{"embeddable":true,"href":"https:\/\/www.sestogrado.it\/en\/wp-json\/wp\/v2\/media\/167847"}],"wp:attachment":[{"href":"https:\/\/www.sestogrado.it\/en\/wp-json\/wp\/v2\/media?parent=167846"}],"wp:term":[{"taxonomy":"product_brand","embeddable":true,"href":"https:\/\/www.sestogrado.it\/en\/wp-json\/wp\/v2\/product_brand?post=167846"},{"taxonomy":"product_cat","embeddable":true,"href":"https:\/\/www.sestogrado.it\/en\/wp-json\/wp\/v2\/product_cat?post=167846"},{"taxonomy":"product_tag","embeddable":true,"href":"https:\/\/www.sestogrado.it\/en\/wp-json\/wp\/v2\/product_tag?post=167846"}],"curies":[{"name":"wp","href":"https:\/\/api.w.org\/{rel}","templated":true}]}}