{"id":166855,"date":"2024-12-19T10:54:40","date_gmt":"2024-12-19T09:54:40","guid":{"rendered":"https:\/\/www.sestogrado.it\/?post_type=product&#038;p=166855"},"modified":"2026-04-28T10:39:06","modified_gmt":"2026-04-28T08:39:06","slug":"fixe-roca-pedraforca-8-8-fusion-full-dry-corda-a-tripla-omologazione","status":"publish","type":"product","link":"https:\/\/www.sestogrado.it\/en\/prodotto\/fixe-roca-pedraforca-8-8-fusion-full-dry-corda-a-tripla-omologazione\/","title":{"rendered":"Fixe Roca Pedraforca 8.8 Fusion full dry corda a tripla omologazione"},"content":{"rendered":"<p class=\"qtranxs-available-languages-message qtranxs-available-languages-message-en\">Sorry, this entry is only available in <a href=\"https:\/\/www.sestogrado.it\/it\/wp-json\/wp\/v2\/product\/166855\" class=\"qtranxs-available-language-link qtranxs-available-language-link-it\" title=\"Italiano\">Italiano<\/a>.<\/p>","protected":false},"excerpt":{"rendered":"<p>Sorry, this entry is only available in Italiano.<\/p>\n","protected":false},"featured_media":166857,"comment_status":"open","ping_status":"closed","template":"","meta":{"_acf_changed":false},"product_brand":[778],"product_cat":[136],"product_tag":[],"class_list":{"0":"post-166855","1":"product","2":"type-product","3":"status-publish","4":"has-post-thumbnail","6":"product_brand-fixe","7":"product_cat-corde-corde","9":"first","10":"instock","11":"sale","12":"taxable","13":"shipping-taxable","14":"purchasable","15":"product-type-variable"},"acf":[],"yoast_head":"<!-- This site is optimized with the Yoast SEO plugin v26.4 - https:\/\/yoast.com\/wordpress\/plugins\/seo\/ -->\n<title>Fixe Roca Pedraforca 8.8 Fusion full dry corda a tripla omologazione - Sestogrado<\/title>\n<meta name=\"description\" content=\"La Fixe Roca Pedraforca 8.8 \u00e8 una corda a tripla omologazione, costruita con tecnologia Fusion, con cui la calza e l&#039;anima vengono saldate insieme per prevenire lo scivolamento della calza. E&#039; una corda a tripla omologazione, singola, doppia e gemella, tipicamente utilizzata dalle Guide Alpine o da chi si vuole muovere in ambiente alpinistico con una corda polivalente, leggera ed adattabile ad ogni situazione.La sua costruzione Fusion offre maggiore sicurezza sui percorsi tortuosi per superare rocce taglienti e creste. Con un diametro inferiore a 9 mm, la Pedraforca 8.8 si comporta meravigliosamente bene su tutti i tipi di terreno con una fluidit\u00e0 e una durata unici.Diametro: 8.8mmTrattamento Full Dry: la corda \u00e8 totalmente impermeabile, anima e calza, garantisce resistenza ad agenti esterni e pu\u00f2 essere utilizzata per cascate di ghiaccio. UIAA water repellent standard.Full Dry treatment:\u00a0Water-repellent treatment on the sheath and core. Totally waterproofs the rope. Provides resistance to oil, grease, and water. Extends the rope\u2019s lifespan. UIAA water repellent standard.Tipo di calza: Endurance, aumenta la durata di vita della corda, 48 trefoli.Fusion: previene lo scorrimento della calza. Le prestazioni e sicurezza della corda sono assicurate dall&#039;unione tra calza e anima.Segno di met\u00e0 corda: presente.\" \/>\n<meta name=\"robots\" content=\"index, follow, max-snippet:-1, max-image-preview:large, max-video-preview:-1\" \/>\n<link rel=\"canonical\" href=\"https:\/\/www.sestogrado.it\/en\/prodotto\/fixe-roca-pedraforca-8-8-fusion-full-dry-corda-a-tripla-omologazione\/\" \/>\n<meta property=\"og:locale\" content=\"en_US\" \/>\n<meta property=\"og:type\" content=\"article\" \/>\n<meta property=\"og:title\" content=\"Fixe Roca Pedraforca 8.8 Fusion full dry corda a tripla omologazione - Sestogrado\" \/>\n<meta property=\"og:description\" content=\"La Fixe Roca Pedraforca 8.8 \u00e8 una corda a tripla omologazione, costruita con tecnologia Fusion, con cui la calza e l&#039;anima vengono saldate insieme per prevenire lo scivolamento della calza. E&#039; una corda a tripla omologazione, singola, doppia e gemella, tipicamente utilizzata dalle Guide Alpine o da chi si vuole muovere in ambiente alpinistico con una corda polivalente, leggera ed adattabile ad ogni situazione.La sua costruzione Fusion offre maggiore sicurezza sui percorsi tortuosi per superare rocce taglienti e creste. Con un diametro inferiore a 9 mm, la Pedraforca 8.8 si comporta meravigliosamente bene su tutti i tipi di terreno con una fluidit\u00e0 e una durata unici.Diametro: 8.8mmTrattamento Full Dry: la corda \u00e8 totalmente impermeabile, anima e calza, garantisce resistenza ad agenti esterni e pu\u00f2 essere utilizzata per cascate di ghiaccio. UIAA water repellent standard.Full Dry treatment:\u00a0Water-repellent treatment on the sheath and core. Totally waterproofs the rope. Provides resistance to oil, grease, and water. Extends the rope\u2019s lifespan. UIAA water repellent standard.Tipo di calza: Endurance, aumenta la durata di vita della corda, 48 trefoli.Fusion: previene lo scorrimento della calza. Le prestazioni e sicurezza della corda sono assicurate dall&#039;unione tra calza e anima.Segno di met\u00e0 corda: presente.\" \/>\n<meta property=\"og:url\" content=\"https:\/\/www.sestogrado.it\/en\/prodotto\/fixe-roca-pedraforca-8-8-fusion-full-dry-corda-a-tripla-omologazione\/\" \/>\n<meta property=\"og:site_name\" content=\"Sestogrado\" \/>\n<meta property=\"article:publisher\" content=\"https:\/\/www.facebook.com\/pages\/Sestogrado\/1542635979353017?ref=bookmarks\" \/>\n<meta property=\"article:modified_time\" content=\"2026-04-28T08:39:06+00:00\" \/>\n<meta property=\"og:image\" content=\"https:\/\/www.sestogrado.it\/wp-content\/uploads\/2024\/07\/01-2.jpg\" \/>\n\t<meta property=\"og:image:width\" content=\"1200\" \/>\n\t<meta property=\"og:image:height\" content=\"1200\" \/>\n\t<meta property=\"og:image:type\" content=\"image\/jpeg\" \/>\n<meta name=\"twitter:label1\" content=\"Availability\" \/>\n\t<meta name=\"twitter:data1\" content=\"In stock\" \/>\n<script type=\"application\/ld+json\" class=\"yoast-schema-graph\">{\"@context\":\"https:\/\/schema.org\",\"@graph\":[{\"@type\":\"WebPage\",\"@id\":\"https:\/\/www.sestogrado.it\/en\/prodotto\/fixe-roca-pedraforca-8-8-fusion-full-dry-corda-a-tripla-omologazione\/\",\"url\":\"https:\/\/www.sestogrado.it\/en\/prodotto\/fixe-roca-pedraforca-8-8-fusion-full-dry-corda-a-tripla-omologazione\/\",\"name\":\"Fixe Roca Pedraforca 8.8 Fusion full dry corda a tripla omologazione - Sestogrado\",\"isPartOf\":{\"@id\":\"https:\/\/www.sestogrado.it\/en\/#website\"},\"primaryImageOfPage\":{\"@id\":\"https:\/\/www.sestogrado.it\/en\/prodotto\/fixe-roca-pedraforca-8-8-fusion-full-dry-corda-a-tripla-omologazione\/#primaryimage\"},\"image\":{\"@id\":\"https:\/\/www.sestogrado.it\/prodotto\/fixe-roca-pedraforca-8-8-fusion-full-dry-corda-a-tripla-omologazione\/#primaryimage\"},\"thumbnailUrl\":\"https:\/\/www.sestogrado.it\/wp-content\/uploads\/2024\/07\/01-2.jpg\",\"datePublished\":\"2024-12-19T09:54:40+00:00\",\"dateModified\":\"2026-04-28T08:39:06+00:00\",\"description\":\"La Fixe Roca Pedraforca 8.8 \u00e8 una corda a tripla omologazione, costruita con tecnologia Fusion, con cui la calza e l'anima vengono saldate insieme per prevenire lo scivolamento della calza. E' una corda a tripla omologazione, singola, doppia e gemella, tipicamente utilizzata dalle Guide Alpine o da chi si vuole muovere in ambiente alpinistico con una corda polivalente, leggera ed adattabile ad ogni situazione.La sua costruzione Fusion offre maggiore sicurezza sui percorsi tortuosi per superare rocce taglienti e creste. Con un diametro inferiore a 9 mm, la Pedraforca 8.8 si comporta meravigliosamente bene su tutti i tipi di terreno con una fluidit\u00e0 e una durata unici.Diametro: 8.8mmTrattamento Full Dry: la corda \u00e8 totalmente impermeabile, anima e calza, garantisce resistenza ad agenti esterni e pu\u00f2 essere utilizzata per cascate di ghiaccio. UIAA water repellent standard.Full Dry treatment:\u00a0Water-repellent treatment on the sheath and core. Totally waterproofs the rope. Provides resistance to oil, grease, and water. Extends the rope\u2019s lifespan. UIAA water repellent standard.Tipo di calza: Endurance, aumenta la durata di vita della corda, 48 trefoli.Fusion: previene lo scorrimento della calza. Le prestazioni e sicurezza della corda sono assicurate dall'unione tra calza e anima.Segno di met\u00e0 corda: presente.\",\"breadcrumb\":{\"@id\":\"https:\/\/www.sestogrado.it\/en\/prodotto\/fixe-roca-pedraforca-8-8-fusion-full-dry-corda-a-tripla-omologazione\/#breadcrumb\"},\"inLanguage\":\"en-US\",\"potentialAction\":[{\"@type\":\"ReadAction\",\"target\":[[\"https:\/\/www.sestogrado.it\/en\/prodotto\/fixe-roca-pedraforca-8-8-fusion-full-dry-corda-a-tripla-omologazione\/\"]]}]},{\"@type\":\"ImageObject\",\"inLanguage\":\"en-US\",\"@id\":\"https:\/\/www.sestogrado.it\/en\/prodotto\/fixe-roca-pedraforca-8-8-fusion-full-dry-corda-a-tripla-omologazione\/#primaryimage\",\"url\":\"https:\/\/www.sestogrado.it\/wp-content\/uploads\/2024\/07\/01-2.jpg\",\"contentUrl\":\"https:\/\/www.sestogrado.it\/wp-content\/uploads\/2024\/07\/01-2.jpg\",\"width\":1200,\"height\":1200,\"caption\":\"pedraforca gialla\"},{\"@type\":\"BreadcrumbList\",\"@id\":\"https:\/\/www.sestogrado.it\/en\/prodotto\/fixe-roca-pedraforca-8-8-fusion-full-dry-corda-a-tripla-omologazione\/#breadcrumb\",\"itemListElement\":[{\"@type\":\"ListItem\",\"position\":1,\"name\":\"Home\",\"item\":\"https:\/\/www.sestogrado.it\/en\/\"},{\"@type\":\"ListItem\",\"position\":2,\"name\":\"Shop\",\"item\":\"https:\/\/www.sestogrado.it\/en\/shop\/\"},{\"@type\":\"ListItem\",\"position\":3,\"name\":\"Fixe Roca Pedraforca 8.8 Fusion full dry corda a tripla omologazione\"}]},{\"@type\":\"WebSite\",\"@id\":\"https:\/\/www.sestogrado.it\/en\/#website\",\"url\":\"https:\/\/www.sestogrado.it\/en\/\",\"name\":\"Sestogrado\",\"description\":\"yes we climb\",\"publisher\":{\"@id\":\"https:\/\/www.sestogrado.it\/en\/#organization\"},\"potentialAction\":[{\"@type\":\"SearchAction\",\"target\":{\"@type\":\"EntryPoint\",\"urlTemplate\":\"https:\/\/www.sestogrado.it\/en\/?s={search_term_string}\"},\"query-input\":{\"@type\":\"PropertyValueSpecification\",\"valueRequired\":true,\"valueName\":\"search_term_string\"}}],\"inLanguage\":\"en-US\"},{\"@type\":\"Organization\",\"@id\":\"https:\/\/www.sestogrado.it\/en\/#organization\",\"name\":\"Sestogrado\",\"url\":\"https:\/\/www.sestogrado.it\/en\/\",\"logo\":{\"@type\":\"ImageObject\",\"inLanguage\":\"en-US\",\"@id\":\"https:\/\/www.sestogrado.it\/en\/#\/schema\/logo\/image\/\",\"url\":\"https:\/\/www.sestogrado.it\/wp-content\/uploads\/2015\/03\/sestogrado-favicon.png\",\"contentUrl\":\"https:\/\/www.sestogrado.it\/wp-content\/uploads\/2015\/03\/sestogrado-favicon.png\",\"width\":260,\"height\":260,\"caption\":\"Sestogrado\"},\"image\":{\"@id\":\"https:\/\/www.sestogrado.it\/en\/#\/schema\/logo\/image\/\"},\"sameAs\":[\"https:\/\/www.facebook.com\/pages\/Sestogrado\/1542635979353017?ref=bookmarks\",\"https:\/\/www.youtube.com\/channel\/UC847kAfTkaJsWpc1jtQwr3Q\"],\"hasMerchantReturnPolicy\":{\"@type\":\"MerchantReturnPolicy\",\"merchantReturnLink\":\"https:\/\/www.sestogrado.it\/en\/termini-e-condizioni\/\"}}]}<\/script>\n<meta property=\"product:brand\" content=\"Fixe\" \/>\n<meta property=\"og:availability\" content=\"instock\" \/>\n<meta property=\"product:availability\" content=\"instock\" \/>\n<meta property=\"product:condition\" content=\"new\" \/>\n<!-- \/ Yoast SEO plugin. -->","yoast_head_json":{"title":"Fixe Roca Pedraforca 8.8 Fusion full dry corda a tripla omologazione - Sestogrado","description":"La Fixe Roca Pedraforca 8.8 \u00e8 una corda a tripla omologazione, costruita con tecnologia Fusion, con cui la calza e l'anima vengono saldate insieme per prevenire lo scivolamento della calza. E' una corda a tripla omologazione, singola, doppia e gemella, tipicamente utilizzata dalle Guide Alpine o da chi si vuole muovere in ambiente alpinistico con una corda polivalente, leggera ed adattabile ad ogni situazione.La sua costruzione Fusion offre maggiore sicurezza sui percorsi tortuosi per superare rocce taglienti e creste. Con un diametro inferiore a 9 mm, la Pedraforca 8.8 si comporta meravigliosamente bene su tutti i tipi di terreno con una fluidit\u00e0 e una durata unici.Diametro: 8.8mmTrattamento Full Dry: la corda \u00e8 totalmente impermeabile, anima e calza, garantisce resistenza ad agenti esterni e pu\u00f2 essere utilizzata per cascate di ghiaccio. UIAA water repellent standard.Full Dry treatment:\u00a0Water-repellent treatment on the sheath and core. Totally waterproofs the rope. Provides resistance to oil, grease, and water. Extends the rope\u2019s lifespan. UIAA water repellent standard.Tipo di calza: Endurance, aumenta la durata di vita della corda, 48 trefoli.Fusion: previene lo scorrimento della calza. Le prestazioni e sicurezza della corda sono assicurate dall'unione tra calza e anima.Segno di met\u00e0 corda: presente.","robots":{"index":"index","follow":"follow","max-snippet":"max-snippet:-1","max-image-preview":"max-image-preview:large","max-video-preview":"max-video-preview:-1"},"canonical":"https:\/\/www.sestogrado.it\/en\/prodotto\/fixe-roca-pedraforca-8-8-fusion-full-dry-corda-a-tripla-omologazione\/","og_locale":"en_US","og_type":"article","og_title":"Fixe Roca Pedraforca 8.8 Fusion full dry corda a tripla omologazione - Sestogrado","og_description":"La Fixe Roca Pedraforca 8.8 \u00e8 una corda a tripla omologazione, costruita con tecnologia Fusion, con cui la calza e l'anima vengono saldate insieme per prevenire lo scivolamento della calza. E' una corda a tripla omologazione, singola, doppia e gemella, tipicamente utilizzata dalle Guide Alpine o da chi si vuole muovere in ambiente alpinistico con una corda polivalente, leggera ed adattabile ad ogni situazione.La sua costruzione Fusion offre maggiore sicurezza sui percorsi tortuosi per superare rocce taglienti e creste. Con un diametro inferiore a 9 mm, la Pedraforca 8.8 si comporta meravigliosamente bene su tutti i tipi di terreno con una fluidit\u00e0 e una durata unici.Diametro: 8.8mmTrattamento Full Dry: la corda \u00e8 totalmente impermeabile, anima e calza, garantisce resistenza ad agenti esterni e pu\u00f2 essere utilizzata per cascate di ghiaccio. UIAA water repellent standard.Full Dry treatment:\u00a0Water-repellent treatment on the sheath and core. Totally waterproofs the rope. Provides resistance to oil, grease, and water. Extends the rope\u2019s lifespan. UIAA water repellent standard.Tipo di calza: Endurance, aumenta la durata di vita della corda, 48 trefoli.Fusion: previene lo scorrimento della calza. Le prestazioni e sicurezza della corda sono assicurate dall'unione tra calza e anima.Segno di met\u00e0 corda: presente.","og_url":"https:\/\/www.sestogrado.it\/en\/prodotto\/fixe-roca-pedraforca-8-8-fusion-full-dry-corda-a-tripla-omologazione\/","og_site_name":"Sestogrado","article_publisher":"https:\/\/www.facebook.com\/pages\/Sestogrado\/1542635979353017?ref=bookmarks","article_modified_time":"2026-04-28T08:39:06+00:00","og_image":[{"width":1200,"height":1200,"url":"https:\/\/www.sestogrado.it\/wp-content\/uploads\/2024\/07\/01-2.jpg","type":"image\/jpeg"}],"twitter_misc":{"Availability":"In stock"},"schema":{"@context":"https:\/\/schema.org","@graph":[{"@type":"WebPage","@id":"https:\/\/www.sestogrado.it\/en\/prodotto\/fixe-roca-pedraforca-8-8-fusion-full-dry-corda-a-tripla-omologazione\/","url":"https:\/\/www.sestogrado.it\/en\/prodotto\/fixe-roca-pedraforca-8-8-fusion-full-dry-corda-a-tripla-omologazione\/","name":"Fixe Roca Pedraforca 8.8 Fusion full dry corda a tripla omologazione - Sestogrado","isPartOf":{"@id":"https:\/\/www.sestogrado.it\/en\/#website"},"primaryImageOfPage":{"@id":"https:\/\/www.sestogrado.it\/en\/prodotto\/fixe-roca-pedraforca-8-8-fusion-full-dry-corda-a-tripla-omologazione\/#primaryimage"},"image":{"@id":"https:\/\/www.sestogrado.it\/prodotto\/fixe-roca-pedraforca-8-8-fusion-full-dry-corda-a-tripla-omologazione\/#primaryimage"},"thumbnailUrl":"https:\/\/www.sestogrado.it\/wp-content\/uploads\/2024\/07\/01-2.jpg","datePublished":"2024-12-19T09:54:40+00:00","dateModified":"2026-04-28T08:39:06+00:00","description":"La Fixe Roca Pedraforca 8.8 \u00e8 una corda a tripla omologazione, costruita con tecnologia Fusion, con cui la calza e l'anima vengono saldate insieme per prevenire lo scivolamento della calza. E' una corda a tripla omologazione, singola, doppia e gemella, tipicamente utilizzata dalle Guide Alpine o da chi si vuole muovere in ambiente alpinistico con una corda polivalente, leggera ed adattabile ad ogni situazione.La sua costruzione Fusion offre maggiore sicurezza sui percorsi tortuosi per superare rocce taglienti e creste. Con un diametro inferiore a 9 mm, la Pedraforca 8.8 si comporta meravigliosamente bene su tutti i tipi di terreno con una fluidit\u00e0 e una durata unici.Diametro: 8.8mmTrattamento Full Dry: la corda \u00e8 totalmente impermeabile, anima e calza, garantisce resistenza ad agenti esterni e pu\u00f2 essere utilizzata per cascate di ghiaccio. UIAA water repellent standard.Full Dry treatment:\u00a0Water-repellent treatment on the sheath and core. Totally waterproofs the rope. Provides resistance to oil, grease, and water. Extends the rope\u2019s lifespan. UIAA water repellent standard.Tipo di calza: Endurance, aumenta la durata di vita della corda, 48 trefoli.Fusion: previene lo scorrimento della calza. Le prestazioni e sicurezza della corda sono assicurate dall'unione tra calza e anima.Segno di met\u00e0 corda: presente.","breadcrumb":{"@id":"https:\/\/www.sestogrado.it\/en\/prodotto\/fixe-roca-pedraforca-8-8-fusion-full-dry-corda-a-tripla-omologazione\/#breadcrumb"},"inLanguage":"en-US","potentialAction":[{"@type":"ReadAction","target":[["https:\/\/www.sestogrado.it\/en\/prodotto\/fixe-roca-pedraforca-8-8-fusion-full-dry-corda-a-tripla-omologazione\/"]]}]},{"@type":"ImageObject","inLanguage":"en-US","@id":"https:\/\/www.sestogrado.it\/en\/prodotto\/fixe-roca-pedraforca-8-8-fusion-full-dry-corda-a-tripla-omologazione\/#primaryimage","url":"https:\/\/www.sestogrado.it\/wp-content\/uploads\/2024\/07\/01-2.jpg","contentUrl":"https:\/\/www.sestogrado.it\/wp-content\/uploads\/2024\/07\/01-2.jpg","width":1200,"height":1200,"caption":"pedraforca gialla"},{"@type":"BreadcrumbList","@id":"https:\/\/www.sestogrado.it\/en\/prodotto\/fixe-roca-pedraforca-8-8-fusion-full-dry-corda-a-tripla-omologazione\/#breadcrumb","itemListElement":[{"@type":"ListItem","position":1,"name":"Home","item":"https:\/\/www.sestogrado.it\/en\/"},{"@type":"ListItem","position":2,"name":"Shop","item":"https:\/\/www.sestogrado.it\/en\/shop\/"},{"@type":"ListItem","position":3,"name":"Fixe Roca Pedraforca 8.8 Fusion full dry corda a tripla omologazione"}]},{"@type":"WebSite","@id":"https:\/\/www.sestogrado.it\/en\/#website","url":"https:\/\/www.sestogrado.it\/en\/","name":"Sestogrado","description":"yes we climb","publisher":{"@id":"https:\/\/www.sestogrado.it\/en\/#organization"},"potentialAction":[{"@type":"SearchAction","target":{"@type":"EntryPoint","urlTemplate":"https:\/\/www.sestogrado.it\/en\/?s={search_term_string}"},"query-input":{"@type":"PropertyValueSpecification","valueRequired":true,"valueName":"search_term_string"}}],"inLanguage":"en-US"},{"@type":"Organization","@id":"https:\/\/www.sestogrado.it\/en\/#organization","name":"Sestogrado","url":"https:\/\/www.sestogrado.it\/en\/","logo":{"@type":"ImageObject","inLanguage":"en-US","@id":"https:\/\/www.sestogrado.it\/en\/#\/schema\/logo\/image\/","url":"https:\/\/www.sestogrado.it\/wp-content\/uploads\/2015\/03\/sestogrado-favicon.png","contentUrl":"https:\/\/www.sestogrado.it\/wp-content\/uploads\/2015\/03\/sestogrado-favicon.png","width":260,"height":260,"caption":"Sestogrado"},"image":{"@id":"https:\/\/www.sestogrado.it\/en\/#\/schema\/logo\/image\/"},"sameAs":["https:\/\/www.facebook.com\/pages\/Sestogrado\/1542635979353017?ref=bookmarks","https:\/\/www.youtube.com\/channel\/UC847kAfTkaJsWpc1jtQwr3Q"],"hasMerchantReturnPolicy":{"@type":"MerchantReturnPolicy","merchantReturnLink":"https:\/\/www.sestogrado.it\/en\/termini-e-condizioni\/"}}]},"product_brand":"Fixe","og_availability":"instock","product_availability":"instock","product_condition":"new"},"_links":{"self":[{"href":"https:\/\/www.sestogrado.it\/en\/wp-json\/wp\/v2\/product\/166855","targetHints":{"allow":["GET"]}}],"collection":[{"href":"https:\/\/www.sestogrado.it\/en\/wp-json\/wp\/v2\/product"}],"about":[{"href":"https:\/\/www.sestogrado.it\/en\/wp-json\/wp\/v2\/types\/product"}],"replies":[{"embeddable":true,"href":"https:\/\/www.sestogrado.it\/en\/wp-json\/wp\/v2\/comments?post=166855"}],"wp:featuredmedia":[{"embeddable":true,"href":"https:\/\/www.sestogrado.it\/en\/wp-json\/wp\/v2\/media\/166857"}],"wp:attachment":[{"href":"https:\/\/www.sestogrado.it\/en\/wp-json\/wp\/v2\/media?parent=166855"}],"wp:term":[{"taxonomy":"product_brand","embeddable":true,"href":"https:\/\/www.sestogrado.it\/en\/wp-json\/wp\/v2\/product_brand?post=166855"},{"taxonomy":"product_cat","embeddable":true,"href":"https:\/\/www.sestogrado.it\/en\/wp-json\/wp\/v2\/product_cat?post=166855"},{"taxonomy":"product_tag","embeddable":true,"href":"https:\/\/www.sestogrado.it\/en\/wp-json\/wp\/v2\/product_tag?post=166855"}],"curies":[{"name":"wp","href":"https:\/\/api.w.org\/{rel}","templated":true}]}}