{"id":166268,"date":"2024-07-09T14:33:10","date_gmt":"2024-07-09T12:33:10","guid":{"rendered":"https:\/\/www.sestogrado.it\/?post_type=product&#038;p=166268"},"modified":"2026-01-27T14:57:08","modified_gmt":"2026-01-27T13:57:08","slug":"ffixe-roca-sadernes-9-8-corda-arrampicata","status":"publish","type":"product","link":"https:\/\/www.sestogrado.it\/en\/prodotto\/ffixe-roca-sadernes-9-8-corda-arrampicata\/","title":{"rendered":"Fixe Roca Foixarda 9.8 corda arrampicata (Copia)"},"content":{"rendered":"<p>La Fixe Roca Foixarda 9.8 \u00e8 una scelta\u00a0eccellente per principianti dell&#8217;arrampicata, sia su roccia o in palestra. Offre un&#8217;esperienza di maneggevolezza confortevole ed \u00e8 ideale per scalatori che apprezzano un tocco extra di sicurezza con i propri dispositivi. Con un diametro di 9,8 mm, \u00e8 molto ricercata dai climber sportivi e adatta a scalatori di tutti i livelli.<\/p>\n<p>Il Tunnel Foixarda, situato sulla montagna di Montju\u00efc a Barcellona, \u00e8 una delle pi\u00f9 grandi pareti di arrampicata urbane all&#8217;aperto del mondo. \u00c8 stato il punto d&#8217;ingresso nel mondo dell&#8217;arrampicata per generazioni di arrampicatori della citt\u00e0 e ha ispirato il nome di questa corda. Sebbene il suo periodo d&#8217;oro fosse negli anni &#8217;90, rimane ancora un punto di incontro popolare per gli arrampicatori urbani free climber.<\/p>\n<ul>\n<li>Diametro: 9.8mm<\/li>\n<li>Tipo corda: singola<\/li>\n<li><span class=\"lbl\">Trattamento: <\/span><span class=\"value\">Nature 100% PFC-free<\/span><\/li>\n<li><span class=\"lbl\">Tipo di calza: <\/span><span class=\"value\">Classica, favorisce la maneggevolezza, 48 trefoli.<\/span><\/li>\n<li>Segno di met\u00e0 corda: presente.<\/li>\n<li>Segno di 8 metri: \u00e8 una marcatura rossa che indica che mancano 8 metri al raggiungimento della fine della corda.<\/li>\n<li>Indicatore riflettente: indicatore riflettente, con le informazioni della corda, presente ad entrambe le estremit\u00e0.<\/li>\n<li>Taglio ultrasonico: sigilla i finali della corda, impedendone l&#8217;apertura.<\/li>\n<li><span class=\"lbl\">Numero di cadute UIAA: 7<\/span><\/li>\n<li>Peso: 62g\/m<\/li>\n<li><span class=\"lbl\">Forza di impatto: 8<\/span><span class=\"value\">,6kN<\/span><\/li>\n<li><span class=\"lbl\">Scorrimento calza: <\/span><span class=\"value\">0,0mm<\/span><\/li>\n<li>Allungamento dinamico: 31%<\/li>\n<li>Allungamento statico: 7%<\/li>\n<li>Percentuale calza: 36%<\/li>\n<\/ul>\n<p>&nbsp;<\/p>\n<p>Fixe \u00e8 stata fondata nel 1983 in un luogo circondato da montagne e zone di arrampicata di prim&#8217;ordine come Montserrat, Terradets e Siurana. \u00c8 diventato rapidamente un marchio leader nella comunit\u00e0 dell&#8217;arrampicata e i suoi prodotti sono attualmente conosciuti in tutto il mondo.<\/p>\n<p>Roca \u00e8 uno dei pi\u00f9 antichi produttori di corde al mondo. Fondata nel 1891, dal 2012 \u00e8 entrata a far parte del gruppo Fixe, per realizza tutte le corde del proprio catalogo.<\/p>\n<p>Le corde Fixe Roca sono supportate da pi\u00f9 di 125 anni di esperienza nel settore. Tutta la produzione avviene a Sant Quirze de Besora (Catalogna), dove Fixe ha anche la sua sede principale e magazzini.<\/p>\n<p>Ogni amante della montagna trover\u00e0 la corda che cerca nel catalogo Fixe. Corde per arrampicata sportiva, arrampicata trad, alpinismo, palestre di arrampicata e canyoning, sia dinamiche che statiche. Una corda per ogni situazione e ogni attivit\u00e0 su terreno verticale.<\/p>","protected":false},"excerpt":{"rendered":"<p>La Fixe Roca Foixarda 9.8 \u00e8 una scelta\u00a0eccellente per principianti dell&#8217;arrampicata, sia su roccia o in palestra. Offre un&#8217;esperienza di [&hellip;]<\/p>\n","protected":false},"featured_media":166272,"comment_status":"open","ping_status":"closed","template":"","meta":{"_acf_changed":false},"product_brand":[778],"product_cat":[136],"product_tag":[],"class_list":{"0":"post-166268","1":"product","2":"type-product","3":"status-publish","4":"has-post-thumbnail","6":"product_brand-fixe","7":"product_cat-corde-corde","9":"first","10":"instock","11":"sale","12":"taxable","13":"shipping-taxable","14":"purchasable","15":"product-type-variable"},"acf":[],"yoast_head":"<!-- This site is optimized with the Yoast SEO plugin v26.4 - https:\/\/yoast.com\/wordpress\/plugins\/seo\/ -->\n<title>Fixe Roca Foixarda 9.8 corda arrampicata (Copia) - Sestogrado<\/title>\n<meta name=\"description\" content=\"La Fixe Roca Sadernes 9.8 \u00e8 la scelta perfetta per gli amanti dell&#039;arrampicata sportiva. Offre una combinazione di durata e maneggevolezza, rendendola adatto a tutti gli scalatori sia da primo sia da secondo. Con il trattamento Dry garantisce una maggiore protezione dall&#039;umidit\u00e0 e una maggiore resistenza alla polvere e allo sporco. Questa corda \u00e8 consigliata anche per l&#039;arrampicata indoor.Sadernes \u00e8 una scuola di arrampicata amata dalla comunit\u00e0 di arrampicata in Catalogna. Immerso in un ambiente idilliaco, attira durante la stagione estiva un grande afflusso di appassionati di arrampicata sportiva. L&#039;area di arrampicata presenta numerose vie sportive attrezzate adatte ad arrampicatori di tutti i livelli.Diametro: 9,8 mmStandardizzazione: semplice\" \/>\n<meta name=\"robots\" content=\"index, follow, max-snippet:-1, max-image-preview:large, max-video-preview:-1\" \/>\n<link rel=\"canonical\" href=\"https:\/\/www.sestogrado.it\/en\/prodotto\/ffixe-roca-sadernes-9-8-corda-arrampicata\/\" \/>\n<meta property=\"og:locale\" content=\"en_US\" \/>\n<meta property=\"og:type\" content=\"article\" \/>\n<meta property=\"og:title\" content=\"Fixe Roca Foixarda 9.8 corda arrampicata (Copia) - Sestogrado\" \/>\n<meta property=\"og:description\" content=\"La Fixe Roca Sadernes 9.8 \u00e8 la scelta perfetta per gli amanti dell&#039;arrampicata sportiva. Offre una combinazione di durata e maneggevolezza, rendendola adatto a tutti gli scalatori sia da primo sia da secondo. Con il trattamento Dry garantisce una maggiore protezione dall&#039;umidit\u00e0 e una maggiore resistenza alla polvere e allo sporco. Questa corda \u00e8 consigliata anche per l&#039;arrampicata indoor.Sadernes \u00e8 una scuola di arrampicata amata dalla comunit\u00e0 di arrampicata in Catalogna. Immerso in un ambiente idilliaco, attira durante la stagione estiva un grande afflusso di appassionati di arrampicata sportiva. L&#039;area di arrampicata presenta numerose vie sportive attrezzate adatte ad arrampicatori di tutti i livelli.Diametro: 9,8 mmStandardizzazione: semplice\" \/>\n<meta property=\"og:url\" content=\"https:\/\/www.sestogrado.it\/en\/prodotto\/ffixe-roca-sadernes-9-8-corda-arrampicata\/\" \/>\n<meta property=\"og:site_name\" content=\"Sestogrado\" \/>\n<meta property=\"article:publisher\" content=\"https:\/\/www.facebook.com\/pages\/Sestogrado\/1542635979353017?ref=bookmarks\" \/>\n<meta property=\"article:modified_time\" content=\"2026-01-27T13:57:08+00:00\" \/>\n<meta property=\"og:image\" content=\"https:\/\/www.sestogrado.it\/wp-content\/uploads\/2024\/07\/sadernes.jpg\" \/>\n\t<meta property=\"og:image:width\" content=\"1200\" \/>\n\t<meta property=\"og:image:height\" content=\"1200\" \/>\n\t<meta property=\"og:image:type\" content=\"image\/jpeg\" \/>\n<meta name=\"twitter:label1\" content=\"Availability\" \/>\n\t<meta name=\"twitter:data1\" content=\"In stock\" \/>\n<script type=\"application\/ld+json\" class=\"yoast-schema-graph\">{\"@context\":\"https:\/\/schema.org\",\"@graph\":[{\"@type\":\"WebPage\",\"@id\":\"https:\/\/www.sestogrado.it\/en\/prodotto\/ffixe-roca-sadernes-9-8-corda-arrampicata\/\",\"url\":\"https:\/\/www.sestogrado.it\/en\/prodotto\/ffixe-roca-sadernes-9-8-corda-arrampicata\/\",\"name\":\"Fixe Roca Foixarda 9.8 corda arrampicata (Copia) - Sestogrado\",\"isPartOf\":{\"@id\":\"https:\/\/www.sestogrado.it\/en\/#website\"},\"primaryImageOfPage\":{\"@id\":\"https:\/\/www.sestogrado.it\/en\/prodotto\/ffixe-roca-sadernes-9-8-corda-arrampicata\/#primaryimage\"},\"image\":{\"@id\":\"https:\/\/www.sestogrado.it\/prodotto\/ffixe-roca-sadernes-9-8-corda-arrampicata\/#primaryimage\"},\"thumbnailUrl\":\"https:\/\/www.sestogrado.it\/wp-content\/uploads\/2024\/07\/sadernes.jpg\",\"datePublished\":\"2024-07-09T12:33:10+00:00\",\"dateModified\":\"2026-01-27T13:57:08+00:00\",\"description\":\"La Fixe Roca Sadernes 9.8 \u00e8 la scelta perfetta per gli amanti dell'arrampicata sportiva. Offre una combinazione di durata e maneggevolezza, rendendola adatto a tutti gli scalatori sia da primo sia da secondo. Con il trattamento Dry garantisce una maggiore protezione dall'umidit\u00e0 e una maggiore resistenza alla polvere e allo sporco. Questa corda \u00e8 consigliata anche per l'arrampicata indoor.Sadernes \u00e8 una scuola di arrampicata amata dalla comunit\u00e0 di arrampicata in Catalogna. Immerso in un ambiente idilliaco, attira durante la stagione estiva un grande afflusso di appassionati di arrampicata sportiva. L'area di arrampicata presenta numerose vie sportive attrezzate adatte ad arrampicatori di tutti i livelli.Diametro: 9,8 mmStandardizzazione: semplice\",\"breadcrumb\":{\"@id\":\"https:\/\/www.sestogrado.it\/en\/prodotto\/ffixe-roca-sadernes-9-8-corda-arrampicata\/#breadcrumb\"},\"inLanguage\":\"en-US\",\"potentialAction\":[{\"@type\":\"ReadAction\",\"target\":[[\"https:\/\/www.sestogrado.it\/en\/prodotto\/ffixe-roca-sadernes-9-8-corda-arrampicata\/\"]]}]},{\"@type\":\"ImageObject\",\"inLanguage\":\"en-US\",\"@id\":\"https:\/\/www.sestogrado.it\/en\/prodotto\/ffixe-roca-sadernes-9-8-corda-arrampicata\/#primaryimage\",\"url\":\"https:\/\/www.sestogrado.it\/wp-content\/uploads\/2024\/07\/sadernes.jpg\",\"contentUrl\":\"https:\/\/www.sestogrado.it\/wp-content\/uploads\/2024\/07\/sadernes.jpg\",\"width\":1200,\"height\":1200,\"caption\":\"sadernes\"},{\"@type\":\"BreadcrumbList\",\"@id\":\"https:\/\/www.sestogrado.it\/en\/prodotto\/ffixe-roca-sadernes-9-8-corda-arrampicata\/#breadcrumb\",\"itemListElement\":[{\"@type\":\"ListItem\",\"position\":1,\"name\":\"Home\",\"item\":\"https:\/\/www.sestogrado.it\/en\/\"},{\"@type\":\"ListItem\",\"position\":2,\"name\":\"Shop\",\"item\":\"https:\/\/www.sestogrado.it\/en\/shop\/\"},{\"@type\":\"ListItem\",\"position\":3,\"name\":\"Fixe Roca Sadernes 9.8 corda arrampicata\"}]},{\"@type\":\"WebSite\",\"@id\":\"https:\/\/www.sestogrado.it\/en\/#website\",\"url\":\"https:\/\/www.sestogrado.it\/en\/\",\"name\":\"Sestogrado\",\"description\":\"yes we climb\",\"publisher\":{\"@id\":\"https:\/\/www.sestogrado.it\/en\/#organization\"},\"potentialAction\":[{\"@type\":\"SearchAction\",\"target\":{\"@type\":\"EntryPoint\",\"urlTemplate\":\"https:\/\/www.sestogrado.it\/en\/?s={search_term_string}\"},\"query-input\":{\"@type\":\"PropertyValueSpecification\",\"valueRequired\":true,\"valueName\":\"search_term_string\"}}],\"inLanguage\":\"en-US\"},{\"@type\":\"Organization\",\"@id\":\"https:\/\/www.sestogrado.it\/en\/#organization\",\"name\":\"Sestogrado\",\"url\":\"https:\/\/www.sestogrado.it\/en\/\",\"logo\":{\"@type\":\"ImageObject\",\"inLanguage\":\"en-US\",\"@id\":\"https:\/\/www.sestogrado.it\/en\/#\/schema\/logo\/image\/\",\"url\":\"https:\/\/www.sestogrado.it\/wp-content\/uploads\/2015\/03\/sestogrado-favicon.png\",\"contentUrl\":\"https:\/\/www.sestogrado.it\/wp-content\/uploads\/2015\/03\/sestogrado-favicon.png\",\"width\":260,\"height\":260,\"caption\":\"Sestogrado\"},\"image\":{\"@id\":\"https:\/\/www.sestogrado.it\/en\/#\/schema\/logo\/image\/\"},\"sameAs\":[\"https:\/\/www.facebook.com\/pages\/Sestogrado\/1542635979353017?ref=bookmarks\",\"https:\/\/www.youtube.com\/channel\/UC847kAfTkaJsWpc1jtQwr3Q\"],\"hasMerchantReturnPolicy\":{\"@type\":\"MerchantReturnPolicy\",\"merchantReturnLink\":\"https:\/\/www.sestogrado.it\/en\/termini-e-condizioni\/\"}}]}<\/script>\n<meta property=\"product:brand\" content=\"Fixe\" \/>\n<meta property=\"og:availability\" content=\"instock\" \/>\n<meta property=\"product:availability\" content=\"instock\" \/>\n<meta property=\"product:condition\" content=\"new\" \/>\n<!-- \/ Yoast SEO plugin. -->","yoast_head_json":{"title":"Fixe Roca Foixarda 9.8 corda arrampicata (Copia) - Sestogrado","description":"La Fixe Roca Sadernes 9.8 \u00e8 la scelta perfetta per gli amanti dell'arrampicata sportiva. Offre una combinazione di durata e maneggevolezza, rendendola adatto a tutti gli scalatori sia da primo sia da secondo. Con il trattamento Dry garantisce una maggiore protezione dall'umidit\u00e0 e una maggiore resistenza alla polvere e allo sporco. Questa corda \u00e8 consigliata anche per l'arrampicata indoor.Sadernes \u00e8 una scuola di arrampicata amata dalla comunit\u00e0 di arrampicata in Catalogna. Immerso in un ambiente idilliaco, attira durante la stagione estiva un grande afflusso di appassionati di arrampicata sportiva. L'area di arrampicata presenta numerose vie sportive attrezzate adatte ad arrampicatori di tutti i livelli.Diametro: 9,8 mmStandardizzazione: semplice","robots":{"index":"index","follow":"follow","max-snippet":"max-snippet:-1","max-image-preview":"max-image-preview:large","max-video-preview":"max-video-preview:-1"},"canonical":"https:\/\/www.sestogrado.it\/en\/prodotto\/ffixe-roca-sadernes-9-8-corda-arrampicata\/","og_locale":"en_US","og_type":"article","og_title":"Fixe Roca Foixarda 9.8 corda arrampicata (Copia) - Sestogrado","og_description":"La Fixe Roca Sadernes 9.8 \u00e8 la scelta perfetta per gli amanti dell'arrampicata sportiva. Offre una combinazione di durata e maneggevolezza, rendendola adatto a tutti gli scalatori sia da primo sia da secondo. Con il trattamento Dry garantisce una maggiore protezione dall'umidit\u00e0 e una maggiore resistenza alla polvere e allo sporco. Questa corda \u00e8 consigliata anche per l'arrampicata indoor.Sadernes \u00e8 una scuola di arrampicata amata dalla comunit\u00e0 di arrampicata in Catalogna. Immerso in un ambiente idilliaco, attira durante la stagione estiva un grande afflusso di appassionati di arrampicata sportiva. L'area di arrampicata presenta numerose vie sportive attrezzate adatte ad arrampicatori di tutti i livelli.Diametro: 9,8 mmStandardizzazione: semplice","og_url":"https:\/\/www.sestogrado.it\/en\/prodotto\/ffixe-roca-sadernes-9-8-corda-arrampicata\/","og_site_name":"Sestogrado","article_publisher":"https:\/\/www.facebook.com\/pages\/Sestogrado\/1542635979353017?ref=bookmarks","article_modified_time":"2026-01-27T13:57:08+00:00","og_image":[{"width":1200,"height":1200,"url":"https:\/\/www.sestogrado.it\/wp-content\/uploads\/2024\/07\/sadernes.jpg","type":"image\/jpeg"}],"twitter_misc":{"Availability":"In stock"},"schema":{"@context":"https:\/\/schema.org","@graph":[{"@type":"WebPage","@id":"https:\/\/www.sestogrado.it\/en\/prodotto\/ffixe-roca-sadernes-9-8-corda-arrampicata\/","url":"https:\/\/www.sestogrado.it\/en\/prodotto\/ffixe-roca-sadernes-9-8-corda-arrampicata\/","name":"Fixe Roca Foixarda 9.8 corda arrampicata (Copia) - Sestogrado","isPartOf":{"@id":"https:\/\/www.sestogrado.it\/en\/#website"},"primaryImageOfPage":{"@id":"https:\/\/www.sestogrado.it\/en\/prodotto\/ffixe-roca-sadernes-9-8-corda-arrampicata\/#primaryimage"},"image":{"@id":"https:\/\/www.sestogrado.it\/prodotto\/ffixe-roca-sadernes-9-8-corda-arrampicata\/#primaryimage"},"thumbnailUrl":"https:\/\/www.sestogrado.it\/wp-content\/uploads\/2024\/07\/sadernes.jpg","datePublished":"2024-07-09T12:33:10+00:00","dateModified":"2026-01-27T13:57:08+00:00","description":"La Fixe Roca Sadernes 9.8 \u00e8 la scelta perfetta per gli amanti dell'arrampicata sportiva. Offre una combinazione di durata e maneggevolezza, rendendola adatto a tutti gli scalatori sia da primo sia da secondo. Con il trattamento Dry garantisce una maggiore protezione dall'umidit\u00e0 e una maggiore resistenza alla polvere e allo sporco. Questa corda \u00e8 consigliata anche per l'arrampicata indoor.Sadernes \u00e8 una scuola di arrampicata amata dalla comunit\u00e0 di arrampicata in Catalogna. Immerso in un ambiente idilliaco, attira durante la stagione estiva un grande afflusso di appassionati di arrampicata sportiva. L'area di arrampicata presenta numerose vie sportive attrezzate adatte ad arrampicatori di tutti i livelli.Diametro: 9,8 mmStandardizzazione: semplice","breadcrumb":{"@id":"https:\/\/www.sestogrado.it\/en\/prodotto\/ffixe-roca-sadernes-9-8-corda-arrampicata\/#breadcrumb"},"inLanguage":"en-US","potentialAction":[{"@type":"ReadAction","target":[["https:\/\/www.sestogrado.it\/en\/prodotto\/ffixe-roca-sadernes-9-8-corda-arrampicata\/"]]}]},{"@type":"ImageObject","inLanguage":"en-US","@id":"https:\/\/www.sestogrado.it\/en\/prodotto\/ffixe-roca-sadernes-9-8-corda-arrampicata\/#primaryimage","url":"https:\/\/www.sestogrado.it\/wp-content\/uploads\/2024\/07\/sadernes.jpg","contentUrl":"https:\/\/www.sestogrado.it\/wp-content\/uploads\/2024\/07\/sadernes.jpg","width":1200,"height":1200,"caption":"sadernes"},{"@type":"BreadcrumbList","@id":"https:\/\/www.sestogrado.it\/en\/prodotto\/ffixe-roca-sadernes-9-8-corda-arrampicata\/#breadcrumb","itemListElement":[{"@type":"ListItem","position":1,"name":"Home","item":"https:\/\/www.sestogrado.it\/en\/"},{"@type":"ListItem","position":2,"name":"Shop","item":"https:\/\/www.sestogrado.it\/en\/shop\/"},{"@type":"ListItem","position":3,"name":"Fixe Roca Sadernes 9.8 corda arrampicata"}]},{"@type":"WebSite","@id":"https:\/\/www.sestogrado.it\/en\/#website","url":"https:\/\/www.sestogrado.it\/en\/","name":"Sestogrado","description":"yes we climb","publisher":{"@id":"https:\/\/www.sestogrado.it\/en\/#organization"},"potentialAction":[{"@type":"SearchAction","target":{"@type":"EntryPoint","urlTemplate":"https:\/\/www.sestogrado.it\/en\/?s={search_term_string}"},"query-input":{"@type":"PropertyValueSpecification","valueRequired":true,"valueName":"search_term_string"}}],"inLanguage":"en-US"},{"@type":"Organization","@id":"https:\/\/www.sestogrado.it\/en\/#organization","name":"Sestogrado","url":"https:\/\/www.sestogrado.it\/en\/","logo":{"@type":"ImageObject","inLanguage":"en-US","@id":"https:\/\/www.sestogrado.it\/en\/#\/schema\/logo\/image\/","url":"https:\/\/www.sestogrado.it\/wp-content\/uploads\/2015\/03\/sestogrado-favicon.png","contentUrl":"https:\/\/www.sestogrado.it\/wp-content\/uploads\/2015\/03\/sestogrado-favicon.png","width":260,"height":260,"caption":"Sestogrado"},"image":{"@id":"https:\/\/www.sestogrado.it\/en\/#\/schema\/logo\/image\/"},"sameAs":["https:\/\/www.facebook.com\/pages\/Sestogrado\/1542635979353017?ref=bookmarks","https:\/\/www.youtube.com\/channel\/UC847kAfTkaJsWpc1jtQwr3Q"],"hasMerchantReturnPolicy":{"@type":"MerchantReturnPolicy","merchantReturnLink":"https:\/\/www.sestogrado.it\/en\/termini-e-condizioni\/"}}]},"product_brand":"Fixe","og_availability":"instock","product_availability":"instock","product_condition":"new"},"_links":{"self":[{"href":"https:\/\/www.sestogrado.it\/en\/wp-json\/wp\/v2\/product\/166268","targetHints":{"allow":["GET"]}}],"collection":[{"href":"https:\/\/www.sestogrado.it\/en\/wp-json\/wp\/v2\/product"}],"about":[{"href":"https:\/\/www.sestogrado.it\/en\/wp-json\/wp\/v2\/types\/product"}],"replies":[{"embeddable":true,"href":"https:\/\/www.sestogrado.it\/en\/wp-json\/wp\/v2\/comments?post=166268"}],"wp:featuredmedia":[{"embeddable":true,"href":"https:\/\/www.sestogrado.it\/en\/wp-json\/wp\/v2\/media\/166272"}],"wp:attachment":[{"href":"https:\/\/www.sestogrado.it\/en\/wp-json\/wp\/v2\/media?parent=166268"}],"wp:term":[{"taxonomy":"product_brand","embeddable":true,"href":"https:\/\/www.sestogrado.it\/en\/wp-json\/wp\/v2\/product_brand?post=166268"},{"taxonomy":"product_cat","embeddable":true,"href":"https:\/\/www.sestogrado.it\/en\/wp-json\/wp\/v2\/product_cat?post=166268"},{"taxonomy":"product_tag","embeddable":true,"href":"https:\/\/www.sestogrado.it\/en\/wp-json\/wp\/v2\/product_tag?post=166268"}],"curies":[{"name":"wp","href":"https:\/\/api.w.org\/{rel}","templated":true}]}}