{"id":16583,"date":"2022-04-28T12:10:41","date_gmt":"2022-04-28T10:10:41","guid":{"rendered":"https:\/\/www.sestogrado.it\/?post_type=product&#038;p=16583"},"modified":"2026-04-28T16:31:31","modified_gmt":"2026-04-28T14:31:31","slug":"arco-falesie-130-proposte-5000-tiri","status":"publish","type":"product","link":"https:\/\/www.sestogrado.it\/en\/prodotto\/arco-falesie-130-proposte-5000-tiri\/","title":{"rendered":"Arco Falesie ed. 2018"},"content":{"rendered":"<p><strong>Arco, Valle del Sarca, Valle dei Laghi, Valli Giudicarie, Val di Non, Trento, Rovereto<\/strong>. For anyone wanting to climb in these areas you will find\u00a0<strong>136 different proposals in this Guide Book: new or completely updated, for a total of 5260 routes of varying difficulties<\/strong>.<\/p>\n<p>A\u00a0<strong>360 degree scan of the verticality of these areas<\/strong>, with the wish to offer you a guide book which is as up to date as possible (the present Guide was finished in March 2018).<\/p>\n<p>Every wall, every sector, has been confronted with the pre-existing one, updated in detail, route per route in the difficulties, and in their descriptions.\u00a0<strong>23 new crags have been added<\/strong>.<\/p>\n<p>All the approach walks have all been retraced, one by one, with the added feature of using GPS tracks from the crag\u2019s car park. All the topos have been updated.<\/p>\n<p>Each crag is published with the precious collaboration of the route openers, with whom we have always confronted ourselves with. Nothing printed on these pages is written \u201csecretly\u201d. And it is with this logic that rock faces that bolters do not intend making \u201cpublic\u201d are not included.<\/p>\n<p>There are 136 crags presented here and only a few are very busy: Massone, Nago, La Gole. Many others, truly beautiful, are climbed by very few people and the choice for climbers is varied, stretching from vertical slabs to routes ideal for families, up to overhangs of 9a+.<\/p>\n<p>Enjoy yourselves, everybody!<\/p>\n<p><b class=\"\">Mario Manica<\/b>: from Rovereto, it is by hanging on to the hemp rope belonging to his father Bruno who was an alpinist, that Mario as a child had his first vertical experience. It will be the world of the Dolomites to give him his baptism on rock. As well as the Sarca Valley where, in 1979, with Giuliano Stenghel he opened the first two routes at Nago. In 1985 his first expedition: Patagonia. From there he went on to open numerous extra-European routes: Alaska, Baffin, Greenland, NW Territories, Borneo, Iran, Oman, Mali. His winter repetitions on the North and South Towers of Paine were the first ever in the world on that whole group. In the Great North, from 1988 to 2000, he was among the few alpinists to have made such a high number of first ascents on Big Walls. Not forgetting also the South of Mount Dickey (Alaska), the southern ar\u00eate of Mount Asgard (Baffin), the right ar\u00eate of Mount Nalumasortoq (Greenland). For Sonia\u2019s father, Antonella\u2019s husband, the pages of this guide book are the fruit of his total passion for exploration.<\/p>\n<p><b class=\"\">Antonella Cicogna<\/b>: started off on the crags of Nago and Massone when sports climbing was just beginning and she was little more than a girl. From then on, rock and ink have been inextricably linked throughout her life. A professional journalist and translator, she is responsible for the extra-European alpine news in 360\u00b0 the Italian Alpine Club monthly magazine. She was also in charge of the press office at the Mountain Film festival. From Milan, she moved to Rovereto after meeting Mario. Together they have climbed, walked, pedalled and been driven by that curiosity which has always kept them motivated. Amongst their favourite places are Colombia and Iran. Sonia\u2019s mother, Mario\u2019s wife, their three backpacks are always ready. Antonella has written these pages together with another two or three pairs of hands.<\/p>\n<p><b class=\"\">Davide Negretti<\/b>: it was his passion for rock faces which brought him here. He observes them, studies them and then puts them on paper. His untiring pencil has, in this way, traced most of the profiles of the crags and pitches of this guide book. Note book and pencil in hand have been like his chalk for this area which he knows so well and where he has chosen to live. From Como, David has lived in the Sarca Valley for many years now in direct contact with its land and nature, operating in a local farm and promoting its products. When he looks up high, the lure is too strong. A new vertical page comes alive with his 2B lead pencil, inevitably always kept handy.<\/p>\n<p>&nbsp;<\/p>\n<p>Browse a preview:<\/p>\n<p>https:\/\/issuu.com\/edizioni_versante_sud\/docs\/issuu_arcoeng<\/p>","protected":false},"excerpt":{"rendered":"<p>Arco, Valle del Sarca, Valle dei Laghi, Valli Giudicarie, Val di Non, Trento, Rovereto. For anyone wanting to climb in [&hellip;]<\/p>\n","protected":false},"featured_media":98624,"comment_status":"open","ping_status":"closed","template":"","meta":{"_acf_changed":false},"product_brand":[99],"product_cat":[98],"product_tag":[473,474],"class_list":{"0":"post-16583","1":"product","2":"type-product","3":"status-publish","4":"has-post-thumbnail","6":"product_brand-versante-sud","7":"product_cat-libri","8":"product_tag-arco","9":"product_tag-arco-falesie","11":"first","12":"instock","13":"taxable","14":"shipping-taxable","15":"purchasable","16":"product-type-simple"},"acf":[],"yoast_head":"<!-- This site is optimized with the Yoast SEO plugin v26.4 - https:\/\/yoast.com\/wordpress\/plugins\/seo\/ -->\n<title>Arco Falesie ed. 2018 - Sestogrado<\/title>\n<meta name=\"description\" content=\"Arco Falesie di Versante Sud \u00e8 la guida di Arco per chi non vuole perdersi neanche uno spot. Completamente rivista nel 2022, propone 130 falesie con pi\u00f9 di 5.000 tiri. Dal principiante all\u2019esperto, chi desidera arrampicare nel paradiso europeo dell\u2019arrampicata sportiva su roccia, in ogni stagione, trover\u00e0 nella presente guida 130 falesie per migliaia di metri di scalata su splendido calcare. La verticalit\u00e0 di queste zone \u00e8 stata messa sotto la lente d\u2019ingrandimento, con il desiderio di offrire un lavoro il pi\u00f9 aggiornato possibile. Molti i nuovi muri, tra cui gli eccezionali: Terre Alte, Terra di Nessuno, Le Trincee, Mappamondo, Lundo\u2026 Gli avvicinamenti sono stati tutti ripercorsi a uno a uno, con traccia GPS dal parcheggio alla falesia. Tutti i disegni sono stati rivisitati. Ogni falesia \u00e8 pubblicata con la preziosa disponibilit\u00e0 degli apritori, coi quali ci siamo sempre confrontati. Nulla di ci\u00f2 che troverete in queste pagine viene proposto \u201csottobanco\u201d. E con questa logica, non si troveranno muri che i chiodatori non intendono rendere \u201cpubblici\u201d. Dalla placca verticale al tiro di difficolt\u00e0 family fino allo strapiombo di 9b\u2026 A tutti, buon divertimento!\" \/>\n<meta name=\"robots\" content=\"index, follow, max-snippet:-1, max-image-preview:large, max-video-preview:-1\" \/>\n<link rel=\"canonical\" href=\"https:\/\/www.sestogrado.it\/en\/prodotto\/arco-falesie-130-proposte-5000-tiri\/\" \/>\n<meta property=\"og:locale\" content=\"en_US\" \/>\n<meta property=\"og:type\" content=\"article\" \/>\n<meta property=\"og:title\" content=\"Arco Falesie ed. 2018 - Sestogrado\" \/>\n<meta property=\"og:description\" content=\"Arco Falesie di Versante Sud \u00e8 la guida di Arco per chi non vuole perdersi neanche uno spot. Completamente rivista nel 2022, propone 130 falesie con pi\u00f9 di 5.000 tiri. Dal principiante all\u2019esperto, chi desidera arrampicare nel paradiso europeo dell\u2019arrampicata sportiva su roccia, in ogni stagione, trover\u00e0 nella presente guida 130 falesie per migliaia di metri di scalata su splendido calcare. La verticalit\u00e0 di queste zone \u00e8 stata messa sotto la lente d\u2019ingrandimento, con il desiderio di offrire un lavoro il pi\u00f9 aggiornato possibile. Molti i nuovi muri, tra cui gli eccezionali: Terre Alte, Terra di Nessuno, Le Trincee, Mappamondo, Lundo\u2026 Gli avvicinamenti sono stati tutti ripercorsi a uno a uno, con traccia GPS dal parcheggio alla falesia. Tutti i disegni sono stati rivisitati. Ogni falesia \u00e8 pubblicata con la preziosa disponibilit\u00e0 degli apritori, coi quali ci siamo sempre confrontati. Nulla di ci\u00f2 che troverete in queste pagine viene proposto \u201csottobanco\u201d. E con questa logica, non si troveranno muri che i chiodatori non intendono rendere \u201cpubblici\u201d. Dalla placca verticale al tiro di difficolt\u00e0 family fino allo strapiombo di 9b\u2026 A tutti, buon divertimento!\" \/>\n<meta property=\"og:url\" content=\"https:\/\/www.sestogrado.it\/en\/prodotto\/arco-falesie-130-proposte-5000-tiri\/\" \/>\n<meta property=\"og:site_name\" content=\"Sestogrado\" \/>\n<meta property=\"article:publisher\" content=\"https:\/\/www.facebook.com\/pages\/Sestogrado\/1542635979353017?ref=bookmarks\" \/>\n<meta property=\"article:modified_time\" content=\"2026-04-28T14:31:31+00:00\" \/>\n<meta property=\"og:image\" content=\"https:\/\/www.sestogrado.it\/wp-content\/uploads\/2018\/06\/01-13.jpg\" \/>\n\t<meta property=\"og:image:width\" content=\"1029\" \/>\n\t<meta property=\"og:image:height\" content=\"1029\" \/>\n\t<meta property=\"og:image:type\" content=\"image\/jpeg\" \/>\n<meta name=\"twitter:label1\" content=\"Price\" \/>\n\t<meta name=\"twitter:data1\" content=\"&euro;&nbsp;35,00\" \/>\n\t<meta name=\"twitter:label2\" content=\"Availability\" \/>\n\t<meta name=\"twitter:data2\" content=\"In stock\" \/>\n<script type=\"application\/ld+json\" class=\"yoast-schema-graph\">{\"@context\":\"https:\/\/schema.org\",\"@graph\":[{\"@type\":\"WebPage\",\"@id\":\"https:\/\/www.sestogrado.it\/en\/prodotto\/arco-falesie-130-proposte-5000-tiri\/\",\"url\":\"https:\/\/www.sestogrado.it\/en\/prodotto\/arco-falesie-130-proposte-5000-tiri\/\",\"name\":\"Arco Falesie ed. 2018 - Sestogrado\",\"isPartOf\":{\"@id\":\"https:\/\/www.sestogrado.it\/en\/#website\"},\"primaryImageOfPage\":{\"@id\":\"https:\/\/www.sestogrado.it\/en\/prodotto\/arco-falesie-130-proposte-5000-tiri\/#primaryimage\"},\"image\":{\"@id\":\"https:\/\/www.sestogrado.it\/prodotto\/arco-falesie-130-proposte-5000-tiri\/#primaryimage\"},\"thumbnailUrl\":\"https:\/\/www.sestogrado.it\/wp-content\/uploads\/2018\/06\/01-13.jpg\",\"datePublished\":\"2022-04-28T10:10:41+00:00\",\"dateModified\":\"2026-04-28T14:31:31+00:00\",\"description\":\"Arco Falesie di Versante Sud \u00e8 la guida di Arco per chi non vuole perdersi neanche uno spot. Completamente rivista nel 2022, propone 130 falesie con pi\u00f9 di 5.000 tiri. Dal principiante all\u2019esperto, chi desidera arrampicare nel paradiso europeo dell\u2019arrampicata sportiva su roccia, in ogni stagione, trover\u00e0 nella presente guida 130 falesie per migliaia di metri di scalata su splendido calcare. La verticalit\u00e0 di queste zone \u00e8 stata messa sotto la lente d\u2019ingrandimento, con il desiderio di offrire un lavoro il pi\u00f9 aggiornato possibile. Molti i nuovi muri, tra cui gli eccezionali: Terre Alte, Terra di Nessuno, Le Trincee, Mappamondo, Lundo\u2026 Gli avvicinamenti sono stati tutti ripercorsi a uno a uno, con traccia GPS dal parcheggio alla falesia. Tutti i disegni sono stati rivisitati. Ogni falesia \u00e8 pubblicata con la preziosa disponibilit\u00e0 degli apritori, coi quali ci siamo sempre confrontati. Nulla di ci\u00f2 che troverete in queste pagine viene proposto \u201csottobanco\u201d. E con questa logica, non si troveranno muri che i chiodatori non intendono rendere \u201cpubblici\u201d. Dalla placca verticale al tiro di difficolt\u00e0 family fino allo strapiombo di 9b\u2026 A tutti, buon divertimento!\",\"breadcrumb\":{\"@id\":\"https:\/\/www.sestogrado.it\/en\/prodotto\/arco-falesie-130-proposte-5000-tiri\/#breadcrumb\"},\"inLanguage\":\"en-US\",\"potentialAction\":[{\"@type\":\"ReadAction\",\"target\":[[\"https:\/\/www.sestogrado.it\/en\/prodotto\/arco-falesie-130-proposte-5000-tiri\/\"]]}]},{\"@type\":\"ImageObject\",\"inLanguage\":\"en-US\",\"@id\":\"https:\/\/www.sestogrado.it\/en\/prodotto\/arco-falesie-130-proposte-5000-tiri\/#primaryimage\",\"url\":\"https:\/\/www.sestogrado.it\/wp-content\/uploads\/2018\/06\/01-13.jpg\",\"contentUrl\":\"https:\/\/www.sestogrado.it\/wp-content\/uploads\/2018\/06\/01-13.jpg\",\"width\":1029,\"height\":1029,\"caption\":\"arco falesie\"},{\"@type\":\"BreadcrumbList\",\"@id\":\"https:\/\/www.sestogrado.it\/en\/prodotto\/arco-falesie-130-proposte-5000-tiri\/#breadcrumb\",\"itemListElement\":[{\"@type\":\"ListItem\",\"position\":1,\"name\":\"Home\",\"item\":\"https:\/\/www.sestogrado.it\/en\/\"},{\"@type\":\"ListItem\",\"position\":2,\"name\":\"Shop\",\"item\":\"https:\/\/www.sestogrado.it\/en\/shop\/\"},{\"@type\":\"ListItem\",\"position\":3,\"name\":\"Arco Falesie. 130 PROPOSTE. 5000 TIRI.\"}]},{\"@type\":\"WebSite\",\"@id\":\"https:\/\/www.sestogrado.it\/en\/#website\",\"url\":\"https:\/\/www.sestogrado.it\/en\/\",\"name\":\"Sestogrado\",\"description\":\"yes we climb\",\"publisher\":{\"@id\":\"https:\/\/www.sestogrado.it\/en\/#organization\"},\"potentialAction\":[{\"@type\":\"SearchAction\",\"target\":{\"@type\":\"EntryPoint\",\"urlTemplate\":\"https:\/\/www.sestogrado.it\/en\/?s={search_term_string}\"},\"query-input\":{\"@type\":\"PropertyValueSpecification\",\"valueRequired\":true,\"valueName\":\"search_term_string\"}}],\"inLanguage\":\"en-US\"},{\"@type\":\"Organization\",\"@id\":\"https:\/\/www.sestogrado.it\/en\/#organization\",\"name\":\"Sestogrado\",\"url\":\"https:\/\/www.sestogrado.it\/en\/\",\"logo\":{\"@type\":\"ImageObject\",\"inLanguage\":\"en-US\",\"@id\":\"https:\/\/www.sestogrado.it\/en\/#\/schema\/logo\/image\/\",\"url\":\"https:\/\/www.sestogrado.it\/wp-content\/uploads\/2015\/03\/sestogrado-favicon.png\",\"contentUrl\":\"https:\/\/www.sestogrado.it\/wp-content\/uploads\/2015\/03\/sestogrado-favicon.png\",\"width\":260,\"height\":260,\"caption\":\"Sestogrado\"},\"image\":{\"@id\":\"https:\/\/www.sestogrado.it\/en\/#\/schema\/logo\/image\/\"},\"sameAs\":[\"https:\/\/www.facebook.com\/pages\/Sestogrado\/1542635979353017?ref=bookmarks\",\"https:\/\/www.youtube.com\/channel\/UC847kAfTkaJsWpc1jtQwr3Q\"],\"hasMerchantReturnPolicy\":{\"@type\":\"MerchantReturnPolicy\",\"merchantReturnLink\":\"https:\/\/www.sestogrado.it\/en\/termini-e-condizioni\/\"}}]}<\/script>\n<meta property=\"product:brand\" content=\"Versante Sud\" \/>\n<meta property=\"product:price:amount\" content=\"35.00\" \/>\n<meta property=\"product:price:currency\" content=\"EUR\" \/>\n<meta property=\"og:availability\" content=\"instock\" \/>\n<meta property=\"product:availability\" content=\"instock\" \/>\n<meta property=\"product:condition\" content=\"new\" \/>\n<!-- \/ Yoast SEO plugin. -->","yoast_head_json":{"title":"Arco Falesie ed. 2018 - Sestogrado","description":"Arco Falesie di Versante Sud \u00e8 la guida di Arco per chi non vuole perdersi neanche uno spot. Completamente rivista nel 2022, propone 130 falesie con pi\u00f9 di 5.000 tiri. Dal principiante all\u2019esperto, chi desidera arrampicare nel paradiso europeo dell\u2019arrampicata sportiva su roccia, in ogni stagione, trover\u00e0 nella presente guida 130 falesie per migliaia di metri di scalata su splendido calcare. La verticalit\u00e0 di queste zone \u00e8 stata messa sotto la lente d\u2019ingrandimento, con il desiderio di offrire un lavoro il pi\u00f9 aggiornato possibile. Molti i nuovi muri, tra cui gli eccezionali: Terre Alte, Terra di Nessuno, Le Trincee, Mappamondo, Lundo\u2026 Gli avvicinamenti sono stati tutti ripercorsi a uno a uno, con traccia GPS dal parcheggio alla falesia. Tutti i disegni sono stati rivisitati. Ogni falesia \u00e8 pubblicata con la preziosa disponibilit\u00e0 degli apritori, coi quali ci siamo sempre confrontati. Nulla di ci\u00f2 che troverete in queste pagine viene proposto \u201csottobanco\u201d. E con questa logica, non si troveranno muri che i chiodatori non intendono rendere \u201cpubblici\u201d. Dalla placca verticale al tiro di difficolt\u00e0 family fino allo strapiombo di 9b\u2026 A tutti, buon divertimento!","robots":{"index":"index","follow":"follow","max-snippet":"max-snippet:-1","max-image-preview":"max-image-preview:large","max-video-preview":"max-video-preview:-1"},"canonical":"https:\/\/www.sestogrado.it\/en\/prodotto\/arco-falesie-130-proposte-5000-tiri\/","og_locale":"en_US","og_type":"article","og_title":"Arco Falesie ed. 2018 - Sestogrado","og_description":"Arco Falesie di Versante Sud \u00e8 la guida di Arco per chi non vuole perdersi neanche uno spot. Completamente rivista nel 2022, propone 130 falesie con pi\u00f9 di 5.000 tiri. Dal principiante all\u2019esperto, chi desidera arrampicare nel paradiso europeo dell\u2019arrampicata sportiva su roccia, in ogni stagione, trover\u00e0 nella presente guida 130 falesie per migliaia di metri di scalata su splendido calcare. La verticalit\u00e0 di queste zone \u00e8 stata messa sotto la lente d\u2019ingrandimento, con il desiderio di offrire un lavoro il pi\u00f9 aggiornato possibile. Molti i nuovi muri, tra cui gli eccezionali: Terre Alte, Terra di Nessuno, Le Trincee, Mappamondo, Lundo\u2026 Gli avvicinamenti sono stati tutti ripercorsi a uno a uno, con traccia GPS dal parcheggio alla falesia. Tutti i disegni sono stati rivisitati. Ogni falesia \u00e8 pubblicata con la preziosa disponibilit\u00e0 degli apritori, coi quali ci siamo sempre confrontati. Nulla di ci\u00f2 che troverete in queste pagine viene proposto \u201csottobanco\u201d. E con questa logica, non si troveranno muri che i chiodatori non intendono rendere \u201cpubblici\u201d. Dalla placca verticale al tiro di difficolt\u00e0 family fino allo strapiombo di 9b\u2026 A tutti, buon divertimento!","og_url":"https:\/\/www.sestogrado.it\/en\/prodotto\/arco-falesie-130-proposte-5000-tiri\/","og_site_name":"Sestogrado","article_publisher":"https:\/\/www.facebook.com\/pages\/Sestogrado\/1542635979353017?ref=bookmarks","article_modified_time":"2026-04-28T14:31:31+00:00","og_image":[{"width":1029,"height":1029,"url":"https:\/\/www.sestogrado.it\/wp-content\/uploads\/2018\/06\/01-13.jpg","type":"image\/jpeg"}],"twitter_misc":{"Price":"&euro;&nbsp;35,00","Availability":"In stock"},"schema":{"@context":"https:\/\/schema.org","@graph":[{"@type":"WebPage","@id":"https:\/\/www.sestogrado.it\/en\/prodotto\/arco-falesie-130-proposte-5000-tiri\/","url":"https:\/\/www.sestogrado.it\/en\/prodotto\/arco-falesie-130-proposte-5000-tiri\/","name":"Arco Falesie ed. 2018 - Sestogrado","isPartOf":{"@id":"https:\/\/www.sestogrado.it\/en\/#website"},"primaryImageOfPage":{"@id":"https:\/\/www.sestogrado.it\/en\/prodotto\/arco-falesie-130-proposte-5000-tiri\/#primaryimage"},"image":{"@id":"https:\/\/www.sestogrado.it\/prodotto\/arco-falesie-130-proposte-5000-tiri\/#primaryimage"},"thumbnailUrl":"https:\/\/www.sestogrado.it\/wp-content\/uploads\/2018\/06\/01-13.jpg","datePublished":"2022-04-28T10:10:41+00:00","dateModified":"2026-04-28T14:31:31+00:00","description":"Arco Falesie di Versante Sud \u00e8 la guida di Arco per chi non vuole perdersi neanche uno spot. Completamente rivista nel 2022, propone 130 falesie con pi\u00f9 di 5.000 tiri. Dal principiante all\u2019esperto, chi desidera arrampicare nel paradiso europeo dell\u2019arrampicata sportiva su roccia, in ogni stagione, trover\u00e0 nella presente guida 130 falesie per migliaia di metri di scalata su splendido calcare. La verticalit\u00e0 di queste zone \u00e8 stata messa sotto la lente d\u2019ingrandimento, con il desiderio di offrire un lavoro il pi\u00f9 aggiornato possibile. Molti i nuovi muri, tra cui gli eccezionali: Terre Alte, Terra di Nessuno, Le Trincee, Mappamondo, Lundo\u2026 Gli avvicinamenti sono stati tutti ripercorsi a uno a uno, con traccia GPS dal parcheggio alla falesia. Tutti i disegni sono stati rivisitati. Ogni falesia \u00e8 pubblicata con la preziosa disponibilit\u00e0 degli apritori, coi quali ci siamo sempre confrontati. Nulla di ci\u00f2 che troverete in queste pagine viene proposto \u201csottobanco\u201d. E con questa logica, non si troveranno muri che i chiodatori non intendono rendere \u201cpubblici\u201d. Dalla placca verticale al tiro di difficolt\u00e0 family fino allo strapiombo di 9b\u2026 A tutti, buon divertimento!","breadcrumb":{"@id":"https:\/\/www.sestogrado.it\/en\/prodotto\/arco-falesie-130-proposte-5000-tiri\/#breadcrumb"},"inLanguage":"en-US","potentialAction":[{"@type":"ReadAction","target":[["https:\/\/www.sestogrado.it\/en\/prodotto\/arco-falesie-130-proposte-5000-tiri\/"]]}]},{"@type":"ImageObject","inLanguage":"en-US","@id":"https:\/\/www.sestogrado.it\/en\/prodotto\/arco-falesie-130-proposte-5000-tiri\/#primaryimage","url":"https:\/\/www.sestogrado.it\/wp-content\/uploads\/2018\/06\/01-13.jpg","contentUrl":"https:\/\/www.sestogrado.it\/wp-content\/uploads\/2018\/06\/01-13.jpg","width":1029,"height":1029,"caption":"arco falesie"},{"@type":"BreadcrumbList","@id":"https:\/\/www.sestogrado.it\/en\/prodotto\/arco-falesie-130-proposte-5000-tiri\/#breadcrumb","itemListElement":[{"@type":"ListItem","position":1,"name":"Home","item":"https:\/\/www.sestogrado.it\/en\/"},{"@type":"ListItem","position":2,"name":"Shop","item":"https:\/\/www.sestogrado.it\/en\/shop\/"},{"@type":"ListItem","position":3,"name":"Arco Falesie. 130 PROPOSTE. 5000 TIRI."}]},{"@type":"WebSite","@id":"https:\/\/www.sestogrado.it\/en\/#website","url":"https:\/\/www.sestogrado.it\/en\/","name":"Sestogrado","description":"yes we climb","publisher":{"@id":"https:\/\/www.sestogrado.it\/en\/#organization"},"potentialAction":[{"@type":"SearchAction","target":{"@type":"EntryPoint","urlTemplate":"https:\/\/www.sestogrado.it\/en\/?s={search_term_string}"},"query-input":{"@type":"PropertyValueSpecification","valueRequired":true,"valueName":"search_term_string"}}],"inLanguage":"en-US"},{"@type":"Organization","@id":"https:\/\/www.sestogrado.it\/en\/#organization","name":"Sestogrado","url":"https:\/\/www.sestogrado.it\/en\/","logo":{"@type":"ImageObject","inLanguage":"en-US","@id":"https:\/\/www.sestogrado.it\/en\/#\/schema\/logo\/image\/","url":"https:\/\/www.sestogrado.it\/wp-content\/uploads\/2015\/03\/sestogrado-favicon.png","contentUrl":"https:\/\/www.sestogrado.it\/wp-content\/uploads\/2015\/03\/sestogrado-favicon.png","width":260,"height":260,"caption":"Sestogrado"},"image":{"@id":"https:\/\/www.sestogrado.it\/en\/#\/schema\/logo\/image\/"},"sameAs":["https:\/\/www.facebook.com\/pages\/Sestogrado\/1542635979353017?ref=bookmarks","https:\/\/www.youtube.com\/channel\/UC847kAfTkaJsWpc1jtQwr3Q"],"hasMerchantReturnPolicy":{"@type":"MerchantReturnPolicy","merchantReturnLink":"https:\/\/www.sestogrado.it\/en\/termini-e-condizioni\/"}}]},"product_brand":"Versante Sud","product_price_amount":"35.00","product_price_currency":"EUR","og_availability":"instock","product_availability":"instock","product_condition":"new"},"_links":{"self":[{"href":"https:\/\/www.sestogrado.it\/en\/wp-json\/wp\/v2\/product\/16583","targetHints":{"allow":["GET"]}}],"collection":[{"href":"https:\/\/www.sestogrado.it\/en\/wp-json\/wp\/v2\/product"}],"about":[{"href":"https:\/\/www.sestogrado.it\/en\/wp-json\/wp\/v2\/types\/product"}],"replies":[{"embeddable":true,"href":"https:\/\/www.sestogrado.it\/en\/wp-json\/wp\/v2\/comments?post=16583"}],"wp:featuredmedia":[{"embeddable":true,"href":"https:\/\/www.sestogrado.it\/en\/wp-json\/wp\/v2\/media\/98624"}],"wp:attachment":[{"href":"https:\/\/www.sestogrado.it\/en\/wp-json\/wp\/v2\/media?parent=16583"}],"wp:term":[{"taxonomy":"product_brand","embeddable":true,"href":"https:\/\/www.sestogrado.it\/en\/wp-json\/wp\/v2\/product_brand?post=16583"},{"taxonomy":"product_cat","embeddable":true,"href":"https:\/\/www.sestogrado.it\/en\/wp-json\/wp\/v2\/product_cat?post=16583"},{"taxonomy":"product_tag","embeddable":true,"href":"https:\/\/www.sestogrado.it\/en\/wp-json\/wp\/v2\/product_tag?post=16583"}],"curies":[{"name":"wp","href":"https:\/\/api.w.org\/{rel}","templated":true}]}}