{"id":165352,"date":"2024-06-25T15:17:29","date_gmt":"2024-06-25T13:17:29","guid":{"rendered":"https:\/\/www.sestogrado.it\/?post_type=product&#038;p=165352"},"modified":"2025-07-24T14:57:37","modified_gmt":"2025-07-24T12:57:37","slug":"blue-ice-reach-20-zaino","status":"publish","type":"product","link":"https:\/\/www.sestogrado.it\/en\/prodotto\/blue-ice-reach-20-zaino\/","title":{"rendered":"Blue Ice Reach 12 backpack for alpinism (Copia)"},"content":{"rendered":"<p>The Reach 12 liters is a versatile and very comfortable backpack ideal for objectives where speed and weight are the most important such as multi-pitch climbing, scrambling or short-day mountaineering routes.<\/p>\n<p>Its anatomical vest allows you to have everything you need at your fingertips without having to access the main pocket.<\/p>\n<p>In addition to its composition in extremely light Spectra this bag has all the accessories for high performance.<\/p>\n<p>Small but sturdy, it&#8217;s a climbing essential.<\/p>\n<p>\u2022 Highly breathable back panel and shoulder straps<br \/>\n\u2022 Detachable helmet holder<br \/>\n\u2022 Hydration bladder compatible<br \/>\n\u2022 Stowable rope carry strap<br \/>\n\u2022 Zippered mesh pockets that fit 500 ml soft flasks or smartphone<br \/>\n\u2022 One mesh drop pocket on side, drop sleeve on front, internal hanging pockets<br \/>\n\u2022 Material: Nylon 70D with Spectra\u00ae grid<br \/>\n\u2022 Volume: 12L<br \/>\n\u2022 Dimensions: 45x27x6cm<br \/>\n\u2022 Helmet Holder included<br \/>\n\u2022 Weight: 371 g<\/p>","protected":false},"excerpt":{"rendered":"<p>The Reach 12 liters is a versatile and very comfortable backpack ideal for objectives where speed and weight are the [&hellip;]<\/p>\n","protected":false},"featured_media":165354,"comment_status":"open","ping_status":"closed","template":"","meta":{"_acf_changed":false},"product_brand":[641],"product_cat":[389],"product_tag":[],"class_list":{"0":"post-165352","1":"product","2":"type-product","3":"status-publish","4":"has-post-thumbnail","6":"product_brand-blue-ice","7":"product_cat-zaini-alpinismo","9":"first","10":"instock","11":"sale","12":"taxable","13":"shipping-taxable","14":"purchasable","15":"product-type-simple"},"acf":[],"yoast_head":"<!-- This site is optimized with the Yoast SEO plugin v26.4 - https:\/\/yoast.com\/wordpress\/plugins\/seo\/ -->\n<title>Blue Ice Reach 12 backpack for alpinism (Copia) - Sestogrado<\/title>\n<meta name=\"description\" content=\"Il Blue Ice Reach 20 \u00e8 uno zaino ad alte prestazioni progettato per muoversi velocemente e con leggerezza a piedi, in arrampicata o spingendosi su terreni alpini.Puntando al massimo sull&#039;efficienza e sul mantenerti in movimento, il Reach 20 prende in prestito le tecniche utilizzate negli zaino da trail running per offrire un prodotto tecnico, leggero e confortevole. Dotato di un sistema di trasporto ispirato ai gilet da corsa, mantiene i tuoi oggetti essenziali a portata di mano con due tasche con cerniera, due tasche espandibili e due porta materiali.Estremamente confortevole e traspirante, \u00e8 dotato di porta piccozza ed \u00e8 compatibile con borracce morbide e porta casco.Uno zaino perfetto per l&#039;arrampicata su pi\u00f9 tiri, lo scrambling o le vie alpinistiche di breve durata.\" \/>\n<meta name=\"robots\" content=\"index, follow, max-snippet:-1, max-image-preview:large, max-video-preview:-1\" \/>\n<link rel=\"canonical\" href=\"https:\/\/www.sestogrado.it\/en\/prodotto\/blue-ice-reach-20-zaino\/\" \/>\n<meta property=\"og:locale\" content=\"en_US\" \/>\n<meta property=\"og:type\" content=\"article\" \/>\n<meta property=\"og:title\" content=\"Blue Ice Reach 12 backpack for alpinism (Copia) - Sestogrado\" \/>\n<meta property=\"og:description\" content=\"Il Blue Ice Reach 20 \u00e8 uno zaino ad alte prestazioni progettato per muoversi velocemente e con leggerezza a piedi, in arrampicata o spingendosi su terreni alpini.Puntando al massimo sull&#039;efficienza e sul mantenerti in movimento, il Reach 20 prende in prestito le tecniche utilizzate negli zaino da trail running per offrire un prodotto tecnico, leggero e confortevole. Dotato di un sistema di trasporto ispirato ai gilet da corsa, mantiene i tuoi oggetti essenziali a portata di mano con due tasche con cerniera, due tasche espandibili e due porta materiali.Estremamente confortevole e traspirante, \u00e8 dotato di porta piccozza ed \u00e8 compatibile con borracce morbide e porta casco.Uno zaino perfetto per l&#039;arrampicata su pi\u00f9 tiri, lo scrambling o le vie alpinistiche di breve durata.\" \/>\n<meta property=\"og:url\" content=\"https:\/\/www.sestogrado.it\/en\/prodotto\/blue-ice-reach-20-zaino\/\" \/>\n<meta property=\"og:site_name\" content=\"Sestogrado\" \/>\n<meta property=\"article:publisher\" content=\"https:\/\/www.facebook.com\/pages\/Sestogrado\/1542635979353017?ref=bookmarks\" \/>\n<meta property=\"article:modified_time\" content=\"2025-07-24T12:57:37+00:00\" \/>\n<meta property=\"og:image\" content=\"https:\/\/www.sestogrado.it\/wp-content\/uploads\/2024\/06\/01-2.jpg\" \/>\n\t<meta property=\"og:image:width\" content=\"1200\" \/>\n\t<meta property=\"og:image:height\" content=\"1200\" \/>\n\t<meta property=\"og:image:type\" content=\"image\/jpeg\" \/>\n<meta name=\"twitter:label1\" content=\"Price\" \/>\n\t<meta name=\"twitter:data1\" content=\"&euro;&nbsp;129,00\" \/>\n\t<meta name=\"twitter:label2\" content=\"Availability\" \/>\n\t<meta name=\"twitter:data2\" content=\"In stock\" \/>\n<script type=\"application\/ld+json\" class=\"yoast-schema-graph\">{\"@context\":\"https:\/\/schema.org\",\"@graph\":[{\"@type\":\"WebPage\",\"@id\":\"https:\/\/www.sestogrado.it\/en\/prodotto\/blue-ice-reach-20-zaino\/\",\"url\":\"https:\/\/www.sestogrado.it\/en\/prodotto\/blue-ice-reach-20-zaino\/\",\"name\":\"Blue Ice Reach 12 backpack for alpinism (Copia) - Sestogrado\",\"isPartOf\":{\"@id\":\"https:\/\/www.sestogrado.it\/en\/#website\"},\"primaryImageOfPage\":{\"@id\":\"https:\/\/www.sestogrado.it\/en\/prodotto\/blue-ice-reach-20-zaino\/#primaryimage\"},\"image\":{\"@id\":\"https:\/\/www.sestogrado.it\/prodotto\/blue-ice-reach-20-zaino\/#primaryimage\"},\"thumbnailUrl\":\"https:\/\/www.sestogrado.it\/wp-content\/uploads\/2024\/06\/01-2.jpg\",\"datePublished\":\"2024-06-25T13:17:29+00:00\",\"dateModified\":\"2025-07-24T12:57:37+00:00\",\"description\":\"Il Blue Ice Reach 20 \u00e8 uno zaino ad alte prestazioni progettato per muoversi velocemente e con leggerezza a piedi, in arrampicata o spingendosi su terreni alpini.Puntando al massimo sull'efficienza e sul mantenerti in movimento, il Reach 20 prende in prestito le tecniche utilizzate negli zaino da trail running per offrire un prodotto tecnico, leggero e confortevole. Dotato di un sistema di trasporto ispirato ai gilet da corsa, mantiene i tuoi oggetti essenziali a portata di mano con due tasche con cerniera, due tasche espandibili e due porta materiali.Estremamente confortevole e traspirante, \u00e8 dotato di porta piccozza ed \u00e8 compatibile con borracce morbide e porta casco.Uno zaino perfetto per l'arrampicata su pi\u00f9 tiri, lo scrambling o le vie alpinistiche di breve durata.\",\"breadcrumb\":{\"@id\":\"https:\/\/www.sestogrado.it\/en\/prodotto\/blue-ice-reach-20-zaino\/#breadcrumb\"},\"inLanguage\":\"en-US\",\"potentialAction\":[{\"@type\":\"ReadAction\",\"target\":[[\"https:\/\/www.sestogrado.it\/en\/prodotto\/blue-ice-reach-20-zaino\/\"]]}]},{\"@type\":\"ImageObject\",\"inLanguage\":\"en-US\",\"@id\":\"https:\/\/www.sestogrado.it\/en\/prodotto\/blue-ice-reach-20-zaino\/#primaryimage\",\"url\":\"https:\/\/www.sestogrado.it\/wp-content\/uploads\/2024\/06\/01-2.jpg\",\"contentUrl\":\"https:\/\/www.sestogrado.it\/wp-content\/uploads\/2024\/06\/01-2.jpg\",\"width\":1200,\"height\":1200,\"caption\":\"reach 20\"},{\"@type\":\"BreadcrumbList\",\"@id\":\"https:\/\/www.sestogrado.it\/en\/prodotto\/blue-ice-reach-20-zaino\/#breadcrumb\",\"itemListElement\":[{\"@type\":\"ListItem\",\"position\":1,\"name\":\"Home\",\"item\":\"https:\/\/www.sestogrado.it\/en\/\"},{\"@type\":\"ListItem\",\"position\":2,\"name\":\"Shop\",\"item\":\"https:\/\/www.sestogrado.it\/en\/shop\/\"},{\"@type\":\"ListItem\",\"position\":3,\"name\":\"Blue Ice Reach 20 zaino\"}]},{\"@type\":\"WebSite\",\"@id\":\"https:\/\/www.sestogrado.it\/en\/#website\",\"url\":\"https:\/\/www.sestogrado.it\/en\/\",\"name\":\"Sestogrado\",\"description\":\"yes we climb\",\"publisher\":{\"@id\":\"https:\/\/www.sestogrado.it\/en\/#organization\"},\"potentialAction\":[{\"@type\":\"SearchAction\",\"target\":{\"@type\":\"EntryPoint\",\"urlTemplate\":\"https:\/\/www.sestogrado.it\/en\/?s={search_term_string}\"},\"query-input\":{\"@type\":\"PropertyValueSpecification\",\"valueRequired\":true,\"valueName\":\"search_term_string\"}}],\"inLanguage\":\"en-US\"},{\"@type\":\"Organization\",\"@id\":\"https:\/\/www.sestogrado.it\/en\/#organization\",\"name\":\"Sestogrado\",\"url\":\"https:\/\/www.sestogrado.it\/en\/\",\"logo\":{\"@type\":\"ImageObject\",\"inLanguage\":\"en-US\",\"@id\":\"https:\/\/www.sestogrado.it\/en\/#\/schema\/logo\/image\/\",\"url\":\"https:\/\/www.sestogrado.it\/wp-content\/uploads\/2015\/03\/sestogrado-favicon.png\",\"contentUrl\":\"https:\/\/www.sestogrado.it\/wp-content\/uploads\/2015\/03\/sestogrado-favicon.png\",\"width\":260,\"height\":260,\"caption\":\"Sestogrado\"},\"image\":{\"@id\":\"https:\/\/www.sestogrado.it\/en\/#\/schema\/logo\/image\/\"},\"sameAs\":[\"https:\/\/www.facebook.com\/pages\/Sestogrado\/1542635979353017?ref=bookmarks\",\"https:\/\/www.youtube.com\/channel\/UC847kAfTkaJsWpc1jtQwr3Q\"],\"hasMerchantReturnPolicy\":{\"@type\":\"MerchantReturnPolicy\",\"merchantReturnLink\":\"https:\/\/www.sestogrado.it\/en\/termini-e-condizioni\/\"}}]}<\/script>\n<meta property=\"product:brand\" content=\"Blue Ice\" \/>\n<meta property=\"product:price:amount\" content=\"129.00\" \/>\n<meta property=\"product:price:currency\" content=\"EUR\" \/>\n<meta property=\"og:availability\" content=\"instock\" \/>\n<meta property=\"product:availability\" content=\"instock\" \/>\n<meta property=\"product:condition\" content=\"new\" \/>\n<!-- \/ Yoast SEO plugin. -->","yoast_head_json":{"title":"Blue Ice Reach 12 backpack for alpinism (Copia) - Sestogrado","description":"Il Blue Ice Reach 20 \u00e8 uno zaino ad alte prestazioni progettato per muoversi velocemente e con leggerezza a piedi, in arrampicata o spingendosi su terreni alpini.Puntando al massimo sull'efficienza e sul mantenerti in movimento, il Reach 20 prende in prestito le tecniche utilizzate negli zaino da trail running per offrire un prodotto tecnico, leggero e confortevole. Dotato di un sistema di trasporto ispirato ai gilet da corsa, mantiene i tuoi oggetti essenziali a portata di mano con due tasche con cerniera, due tasche espandibili e due porta materiali.Estremamente confortevole e traspirante, \u00e8 dotato di porta piccozza ed \u00e8 compatibile con borracce morbide e porta casco.Uno zaino perfetto per l'arrampicata su pi\u00f9 tiri, lo scrambling o le vie alpinistiche di breve durata.","robots":{"index":"index","follow":"follow","max-snippet":"max-snippet:-1","max-image-preview":"max-image-preview:large","max-video-preview":"max-video-preview:-1"},"canonical":"https:\/\/www.sestogrado.it\/en\/prodotto\/blue-ice-reach-20-zaino\/","og_locale":"en_US","og_type":"article","og_title":"Blue Ice Reach 12 backpack for alpinism (Copia) - Sestogrado","og_description":"Il Blue Ice Reach 20 \u00e8 uno zaino ad alte prestazioni progettato per muoversi velocemente e con leggerezza a piedi, in arrampicata o spingendosi su terreni alpini.Puntando al massimo sull'efficienza e sul mantenerti in movimento, il Reach 20 prende in prestito le tecniche utilizzate negli zaino da trail running per offrire un prodotto tecnico, leggero e confortevole. Dotato di un sistema di trasporto ispirato ai gilet da corsa, mantiene i tuoi oggetti essenziali a portata di mano con due tasche con cerniera, due tasche espandibili e due porta materiali.Estremamente confortevole e traspirante, \u00e8 dotato di porta piccozza ed \u00e8 compatibile con borracce morbide e porta casco.Uno zaino perfetto per l'arrampicata su pi\u00f9 tiri, lo scrambling o le vie alpinistiche di breve durata.","og_url":"https:\/\/www.sestogrado.it\/en\/prodotto\/blue-ice-reach-20-zaino\/","og_site_name":"Sestogrado","article_publisher":"https:\/\/www.facebook.com\/pages\/Sestogrado\/1542635979353017?ref=bookmarks","article_modified_time":"2025-07-24T12:57:37+00:00","og_image":[{"width":1200,"height":1200,"url":"https:\/\/www.sestogrado.it\/wp-content\/uploads\/2024\/06\/01-2.jpg","type":"image\/jpeg"}],"twitter_misc":{"Price":"&euro;&nbsp;129,00","Availability":"In stock"},"schema":{"@context":"https:\/\/schema.org","@graph":[{"@type":"WebPage","@id":"https:\/\/www.sestogrado.it\/en\/prodotto\/blue-ice-reach-20-zaino\/","url":"https:\/\/www.sestogrado.it\/en\/prodotto\/blue-ice-reach-20-zaino\/","name":"Blue Ice Reach 12 backpack for alpinism (Copia) - Sestogrado","isPartOf":{"@id":"https:\/\/www.sestogrado.it\/en\/#website"},"primaryImageOfPage":{"@id":"https:\/\/www.sestogrado.it\/en\/prodotto\/blue-ice-reach-20-zaino\/#primaryimage"},"image":{"@id":"https:\/\/www.sestogrado.it\/prodotto\/blue-ice-reach-20-zaino\/#primaryimage"},"thumbnailUrl":"https:\/\/www.sestogrado.it\/wp-content\/uploads\/2024\/06\/01-2.jpg","datePublished":"2024-06-25T13:17:29+00:00","dateModified":"2025-07-24T12:57:37+00:00","description":"Il Blue Ice Reach 20 \u00e8 uno zaino ad alte prestazioni progettato per muoversi velocemente e con leggerezza a piedi, in arrampicata o spingendosi su terreni alpini.Puntando al massimo sull'efficienza e sul mantenerti in movimento, il Reach 20 prende in prestito le tecniche utilizzate negli zaino da trail running per offrire un prodotto tecnico, leggero e confortevole. Dotato di un sistema di trasporto ispirato ai gilet da corsa, mantiene i tuoi oggetti essenziali a portata di mano con due tasche con cerniera, due tasche espandibili e due porta materiali.Estremamente confortevole e traspirante, \u00e8 dotato di porta piccozza ed \u00e8 compatibile con borracce morbide e porta casco.Uno zaino perfetto per l'arrampicata su pi\u00f9 tiri, lo scrambling o le vie alpinistiche di breve durata.","breadcrumb":{"@id":"https:\/\/www.sestogrado.it\/en\/prodotto\/blue-ice-reach-20-zaino\/#breadcrumb"},"inLanguage":"en-US","potentialAction":[{"@type":"ReadAction","target":[["https:\/\/www.sestogrado.it\/en\/prodotto\/blue-ice-reach-20-zaino\/"]]}]},{"@type":"ImageObject","inLanguage":"en-US","@id":"https:\/\/www.sestogrado.it\/en\/prodotto\/blue-ice-reach-20-zaino\/#primaryimage","url":"https:\/\/www.sestogrado.it\/wp-content\/uploads\/2024\/06\/01-2.jpg","contentUrl":"https:\/\/www.sestogrado.it\/wp-content\/uploads\/2024\/06\/01-2.jpg","width":1200,"height":1200,"caption":"reach 20"},{"@type":"BreadcrumbList","@id":"https:\/\/www.sestogrado.it\/en\/prodotto\/blue-ice-reach-20-zaino\/#breadcrumb","itemListElement":[{"@type":"ListItem","position":1,"name":"Home","item":"https:\/\/www.sestogrado.it\/en\/"},{"@type":"ListItem","position":2,"name":"Shop","item":"https:\/\/www.sestogrado.it\/en\/shop\/"},{"@type":"ListItem","position":3,"name":"Blue Ice Reach 20 zaino"}]},{"@type":"WebSite","@id":"https:\/\/www.sestogrado.it\/en\/#website","url":"https:\/\/www.sestogrado.it\/en\/","name":"Sestogrado","description":"yes we climb","publisher":{"@id":"https:\/\/www.sestogrado.it\/en\/#organization"},"potentialAction":[{"@type":"SearchAction","target":{"@type":"EntryPoint","urlTemplate":"https:\/\/www.sestogrado.it\/en\/?s={search_term_string}"},"query-input":{"@type":"PropertyValueSpecification","valueRequired":true,"valueName":"search_term_string"}}],"inLanguage":"en-US"},{"@type":"Organization","@id":"https:\/\/www.sestogrado.it\/en\/#organization","name":"Sestogrado","url":"https:\/\/www.sestogrado.it\/en\/","logo":{"@type":"ImageObject","inLanguage":"en-US","@id":"https:\/\/www.sestogrado.it\/en\/#\/schema\/logo\/image\/","url":"https:\/\/www.sestogrado.it\/wp-content\/uploads\/2015\/03\/sestogrado-favicon.png","contentUrl":"https:\/\/www.sestogrado.it\/wp-content\/uploads\/2015\/03\/sestogrado-favicon.png","width":260,"height":260,"caption":"Sestogrado"},"image":{"@id":"https:\/\/www.sestogrado.it\/en\/#\/schema\/logo\/image\/"},"sameAs":["https:\/\/www.facebook.com\/pages\/Sestogrado\/1542635979353017?ref=bookmarks","https:\/\/www.youtube.com\/channel\/UC847kAfTkaJsWpc1jtQwr3Q"],"hasMerchantReturnPolicy":{"@type":"MerchantReturnPolicy","merchantReturnLink":"https:\/\/www.sestogrado.it\/en\/termini-e-condizioni\/"}}]},"product_brand":"Blue Ice","product_price_amount":"129.00","product_price_currency":"EUR","og_availability":"instock","product_availability":"instock","product_condition":"new"},"_links":{"self":[{"href":"https:\/\/www.sestogrado.it\/en\/wp-json\/wp\/v2\/product\/165352","targetHints":{"allow":["GET"]}}],"collection":[{"href":"https:\/\/www.sestogrado.it\/en\/wp-json\/wp\/v2\/product"}],"about":[{"href":"https:\/\/www.sestogrado.it\/en\/wp-json\/wp\/v2\/types\/product"}],"replies":[{"embeddable":true,"href":"https:\/\/www.sestogrado.it\/en\/wp-json\/wp\/v2\/comments?post=165352"}],"wp:featuredmedia":[{"embeddable":true,"href":"https:\/\/www.sestogrado.it\/en\/wp-json\/wp\/v2\/media\/165354"}],"wp:attachment":[{"href":"https:\/\/www.sestogrado.it\/en\/wp-json\/wp\/v2\/media?parent=165352"}],"wp:term":[{"taxonomy":"product_brand","embeddable":true,"href":"https:\/\/www.sestogrado.it\/en\/wp-json\/wp\/v2\/product_brand?post=165352"},{"taxonomy":"product_cat","embeddable":true,"href":"https:\/\/www.sestogrado.it\/en\/wp-json\/wp\/v2\/product_cat?post=165352"},{"taxonomy":"product_tag","embeddable":true,"href":"https:\/\/www.sestogrado.it\/en\/wp-json\/wp\/v2\/product_tag?post=165352"}],"curies":[{"name":"wp","href":"https:\/\/api.w.org\/{rel}","templated":true}]}}