{"id":16428,"date":"2025-03-06T10:00:18","date_gmt":"2025-03-06T09:00:18","guid":{"rendered":"https:\/\/www.sestogrado.it\/?post_type=product&#038;p=16428"},"modified":"2026-05-12T12:16:16","modified_gmt":"2026-05-12T10:16:16","slug":"millet-peuterey-integrale-3510-zaino-arrampicata","status":"publish","type":"product","link":"https:\/\/www.sestogrado.it\/en\/prodotto\/millet-peuterey-integrale-3510-zaino-arrampicata\/","title":{"rendered":"Millet Peuterey Integrale 35+10 backpack"},"content":{"rendered":"<p><\/p>\n<div class=\"product-description-short-additional\">Understandably a bestseller, the Peuterey INTEGRALE 35+10 is designed for multi-day mountaineering trips, both summer and winter. Its mountain shape has more flex at the base, with slightly ampler vol ume. The U-shaped zip access to the main compartment goes right round the front, for easier kit retrieval. Distinctively, only this model in the range offers an ample crampon pocket on its face &#8211; a serious asset. Other important features: ultra-rugged ski holders, and FPP ice axe holder. Seriously solid.<\/div>\n<div class=\"product-description\">\n<p class=\"uppercase bold\">ACTIVITIES<\/p>\n<ul>\n<li>Alpinism<\/li>\n<li>Ski touring<\/li>\n<\/ul>\n<p>SPECIFICATIONS<\/p>\n<ul>\n<li>Mountain shape. Two-buckle extendable lid with storm collar<\/li>\n<li>Front access zip \/ Front crampons pocket<\/li>\n<li>FPP\u2122 ice-axe holder \/ Rope holder \/ Daisy chain<\/li>\n<li>Side stretch pocket<\/li>\n<li>Reinforced ski holders \/ Side compression straps<\/li>\n<li>Hydration compatible<\/li>\n<li>Continuous\u2122 shoulder strap build. Comfortable hip belt + 2 gear holders + zipped pocket<\/li>\n<li>Sternum strap \/ Load adjuster straps<\/li>\n<li>Volume: 35,+10L<\/li>\n<li>Backlength: 46 cm<\/li>\n<\/ul>\n<\/div>\n<p><\/p>","protected":false},"excerpt":{"rendered":"<p>Understandably a bestseller, the Peuterey INTEGRALE 35+10 is designed for multi-day mountaineering trips, both summer and winter. Its mountain shape [&hellip;]<\/p>\n","protected":false},"featured_media":201015,"comment_status":"open","ping_status":"closed","template":"","meta":{"_acf_changed":false},"product_brand":[312],"product_cat":[389,1432],"product_tag":[],"class_list":{"0":"post-16428","1":"product","2":"type-product","3":"status-publish","4":"has-post-thumbnail","6":"product_brand-millet","7":"product_cat-zaini-alpinismo","8":"product_cat-escursionismo","10":"first","11":"instock","12":"sale","13":"taxable","14":"shipping-taxable","15":"purchasable","16":"product-type-variable"},"acf":[],"yoast_head":"<!-- This site is optimized with the Yoast SEO plugin v26.4 - https:\/\/yoast.com\/wordpress\/plugins\/seo\/ -->\n<title>Millet Peuterey Integrale 35+10 backpack - Sestogrado<\/title>\n<meta name=\"description\" content=\"Il Millet Peuterey Integrale 35+10 \u00e8 uno zaino da alpinismo progettato per attivit\u00e0 intensa di pi\u00f9 giorni, in ogni terreno, sia d&#039;estate sia d&#039;inverno.Il Peuterey Integrale 35+10 ha una base ampia e flessibile, con una volumetria leggermente pi\u00f9 ampia, ha un accesso laterale con zip che offre un accesso facile e diretto ai materiali anche tenendo uno spallaccio indossato. Il profilo da montagna si allarga nella parte inferiore, offrendo ulteriore spazio quando serve, mentre l\u2019accesso diretto al vano principale avviene tramite una zip a U lungo tutto il pannello frontale, rendendo immediata la ricerca dell\u2019attrezzatura. A completare l\u2019organizzazione, l&#039;ampia tasca frontale dedicata ad accogliere i ramponi in modo sicuro e rapido, unica in tutta la gamma. Altre importanti caratteristiche: supporti per gli sci ultra robusti e porta piccozze in FPP.\" \/>\n<meta name=\"robots\" content=\"index, follow, max-snippet:-1, max-image-preview:large, max-video-preview:-1\" \/>\n<link rel=\"canonical\" href=\"https:\/\/www.sestogrado.it\/en\/prodotto\/millet-peuterey-integrale-3510-zaino-arrampicata\/\" \/>\n<meta property=\"og:locale\" content=\"en_US\" \/>\n<meta property=\"og:type\" content=\"article\" \/>\n<meta property=\"og:title\" content=\"Millet Peuterey Integrale 35+10 backpack - Sestogrado\" \/>\n<meta property=\"og:description\" content=\"Il Millet Peuterey Integrale 35+10 \u00e8 uno zaino da alpinismo progettato per attivit\u00e0 intensa di pi\u00f9 giorni, in ogni terreno, sia d&#039;estate sia d&#039;inverno.Il Peuterey Integrale 35+10 ha una base ampia e flessibile, con una volumetria leggermente pi\u00f9 ampia, ha un accesso laterale con zip che offre un accesso facile e diretto ai materiali anche tenendo uno spallaccio indossato. Il profilo da montagna si allarga nella parte inferiore, offrendo ulteriore spazio quando serve, mentre l\u2019accesso diretto al vano principale avviene tramite una zip a U lungo tutto il pannello frontale, rendendo immediata la ricerca dell\u2019attrezzatura. A completare l\u2019organizzazione, l&#039;ampia tasca frontale dedicata ad accogliere i ramponi in modo sicuro e rapido, unica in tutta la gamma. Altre importanti caratteristiche: supporti per gli sci ultra robusti e porta piccozze in FPP.\" \/>\n<meta property=\"og:url\" content=\"https:\/\/www.sestogrado.it\/en\/prodotto\/millet-peuterey-integrale-3510-zaino-arrampicata\/\" \/>\n<meta property=\"og:site_name\" content=\"Sestogrado\" \/>\n<meta property=\"article:publisher\" content=\"https:\/\/www.facebook.com\/pages\/Sestogrado\/1542635979353017?ref=bookmarks\" \/>\n<meta property=\"article:modified_time\" content=\"2026-05-12T10:16:16+00:00\" \/>\n<meta property=\"og:image\" content=\"https:\/\/www.sestogrado.it\/wp-content\/uploads\/2020\/03\/millet-peuterey-35-10-navy-blue-mis2427_n03959.jpg\" \/>\n\t<meta property=\"og:image:width\" content=\"1200\" \/>\n\t<meta property=\"og:image:height\" content=\"1200\" \/>\n\t<meta property=\"og:image:type\" content=\"image\/jpeg\" \/>\n<meta name=\"twitter:label1\" content=\"Availability\" \/>\n\t<meta name=\"twitter:data1\" content=\"In stock\" \/>\n<script type=\"application\/ld+json\" class=\"yoast-schema-graph\">{\"@context\":\"https:\/\/schema.org\",\"@graph\":[{\"@type\":\"WebPage\",\"@id\":\"https:\/\/www.sestogrado.it\/en\/prodotto\/millet-peuterey-integrale-3510-zaino-arrampicata\/\",\"url\":\"https:\/\/www.sestogrado.it\/en\/prodotto\/millet-peuterey-integrale-3510-zaino-arrampicata\/\",\"name\":\"Millet Peuterey Integrale 35+10 backpack - Sestogrado\",\"isPartOf\":{\"@id\":\"https:\/\/www.sestogrado.it\/en\/#website\"},\"primaryImageOfPage\":{\"@id\":\"https:\/\/www.sestogrado.it\/en\/prodotto\/millet-peuterey-integrale-3510-zaino-arrampicata\/#primaryimage\"},\"image\":{\"@id\":\"https:\/\/www.sestogrado.it\/prodotto\/millet-peuterey-integrale-3510-zaino-arrampicata\/#primaryimage\"},\"thumbnailUrl\":\"https:\/\/www.sestogrado.it\/wp-content\/uploads\/2020\/03\/millet-peuterey-35-10-navy-blue-mis2427_n03959.jpg\",\"datePublished\":\"2025-03-06T09:00:18+00:00\",\"dateModified\":\"2026-05-12T10:16:16+00:00\",\"description\":\"Il Millet Peuterey Integrale 35+10 \u00e8 uno zaino da alpinismo progettato per attivit\u00e0 intensa di pi\u00f9 giorni, in ogni terreno, sia d'estate sia d'inverno.Il Peuterey Integrale 35+10 ha una base ampia e flessibile, con una volumetria leggermente pi\u00f9 ampia, ha un accesso laterale con zip che offre un accesso facile e diretto ai materiali anche tenendo uno spallaccio indossato. Il profilo da montagna si allarga nella parte inferiore, offrendo ulteriore spazio quando serve, mentre l\u2019accesso diretto al vano principale avviene tramite una zip a U lungo tutto il pannello frontale, rendendo immediata la ricerca dell\u2019attrezzatura. A completare l\u2019organizzazione, l'ampia tasca frontale dedicata ad accogliere i ramponi in modo sicuro e rapido, unica in tutta la gamma. Altre importanti caratteristiche: supporti per gli sci ultra robusti e porta piccozze in FPP.\",\"breadcrumb\":{\"@id\":\"https:\/\/www.sestogrado.it\/en\/prodotto\/millet-peuterey-integrale-3510-zaino-arrampicata\/#breadcrumb\"},\"inLanguage\":\"en-US\",\"potentialAction\":[{\"@type\":\"ReadAction\",\"target\":[[\"https:\/\/www.sestogrado.it\/en\/prodotto\/millet-peuterey-integrale-3510-zaino-arrampicata\/\"]]}]},{\"@type\":\"ImageObject\",\"inLanguage\":\"en-US\",\"@id\":\"https:\/\/www.sestogrado.it\/en\/prodotto\/millet-peuterey-integrale-3510-zaino-arrampicata\/#primaryimage\",\"url\":\"https:\/\/www.sestogrado.it\/wp-content\/uploads\/2020\/03\/millet-peuterey-35-10-navy-blue-mis2427_n03959.jpg\",\"contentUrl\":\"https:\/\/www.sestogrado.it\/wp-content\/uploads\/2020\/03\/millet-peuterey-35-10-navy-blue-mis2427_n03959.jpg\",\"width\":1200,\"height\":1200,\"caption\":\"peuterey 35 dark denim\"},{\"@type\":\"BreadcrumbList\",\"@id\":\"https:\/\/www.sestogrado.it\/en\/prodotto\/millet-peuterey-integrale-3510-zaino-arrampicata\/#breadcrumb\",\"itemListElement\":[{\"@type\":\"ListItem\",\"position\":1,\"name\":\"Home\",\"item\":\"https:\/\/www.sestogrado.it\/en\/\"},{\"@type\":\"ListItem\",\"position\":2,\"name\":\"Shop\",\"item\":\"https:\/\/www.sestogrado.it\/en\/shop\/\"},{\"@type\":\"ListItem\",\"position\":3,\"name\":\"Millet Peuterey Integrale 35+10 zaino da alpinismo\"}]},{\"@type\":\"WebSite\",\"@id\":\"https:\/\/www.sestogrado.it\/en\/#website\",\"url\":\"https:\/\/www.sestogrado.it\/en\/\",\"name\":\"Sestogrado\",\"description\":\"yes we climb\",\"publisher\":{\"@id\":\"https:\/\/www.sestogrado.it\/en\/#organization\"},\"potentialAction\":[{\"@type\":\"SearchAction\",\"target\":{\"@type\":\"EntryPoint\",\"urlTemplate\":\"https:\/\/www.sestogrado.it\/en\/?s={search_term_string}\"},\"query-input\":{\"@type\":\"PropertyValueSpecification\",\"valueRequired\":true,\"valueName\":\"search_term_string\"}}],\"inLanguage\":\"en-US\"},{\"@type\":\"Organization\",\"@id\":\"https:\/\/www.sestogrado.it\/en\/#organization\",\"name\":\"Sestogrado\",\"url\":\"https:\/\/www.sestogrado.it\/en\/\",\"logo\":{\"@type\":\"ImageObject\",\"inLanguage\":\"en-US\",\"@id\":\"https:\/\/www.sestogrado.it\/en\/#\/schema\/logo\/image\/\",\"url\":\"https:\/\/www.sestogrado.it\/wp-content\/uploads\/2015\/03\/sestogrado-favicon.png\",\"contentUrl\":\"https:\/\/www.sestogrado.it\/wp-content\/uploads\/2015\/03\/sestogrado-favicon.png\",\"width\":260,\"height\":260,\"caption\":\"Sestogrado\"},\"image\":{\"@id\":\"https:\/\/www.sestogrado.it\/en\/#\/schema\/logo\/image\/\"},\"sameAs\":[\"https:\/\/www.facebook.com\/pages\/Sestogrado\/1542635979353017?ref=bookmarks\",\"https:\/\/www.youtube.com\/channel\/UC847kAfTkaJsWpc1jtQwr3Q\"],\"hasMerchantReturnPolicy\":{\"@type\":\"MerchantReturnPolicy\",\"merchantReturnLink\":\"https:\/\/www.sestogrado.it\/en\/termini-e-condizioni\/\"}}]}<\/script>\n<meta property=\"product:brand\" content=\"Millet\" \/>\n<meta property=\"og:availability\" content=\"instock\" \/>\n<meta property=\"product:availability\" content=\"instock\" \/>\n<meta property=\"product:condition\" content=\"new\" \/>\n<!-- \/ Yoast SEO plugin. -->","yoast_head_json":{"title":"Millet Peuterey Integrale 35+10 backpack - Sestogrado","description":"Il Millet Peuterey Integrale 35+10 \u00e8 uno zaino da alpinismo progettato per attivit\u00e0 intensa di pi\u00f9 giorni, in ogni terreno, sia d'estate sia d'inverno.Il Peuterey Integrale 35+10 ha una base ampia e flessibile, con una volumetria leggermente pi\u00f9 ampia, ha un accesso laterale con zip che offre un accesso facile e diretto ai materiali anche tenendo uno spallaccio indossato. Il profilo da montagna si allarga nella parte inferiore, offrendo ulteriore spazio quando serve, mentre l\u2019accesso diretto al vano principale avviene tramite una zip a U lungo tutto il pannello frontale, rendendo immediata la ricerca dell\u2019attrezzatura. A completare l\u2019organizzazione, l'ampia tasca frontale dedicata ad accogliere i ramponi in modo sicuro e rapido, unica in tutta la gamma. Altre importanti caratteristiche: supporti per gli sci ultra robusti e porta piccozze in FPP.","robots":{"index":"index","follow":"follow","max-snippet":"max-snippet:-1","max-image-preview":"max-image-preview:large","max-video-preview":"max-video-preview:-1"},"canonical":"https:\/\/www.sestogrado.it\/en\/prodotto\/millet-peuterey-integrale-3510-zaino-arrampicata\/","og_locale":"en_US","og_type":"article","og_title":"Millet Peuterey Integrale 35+10 backpack - Sestogrado","og_description":"Il Millet Peuterey Integrale 35+10 \u00e8 uno zaino da alpinismo progettato per attivit\u00e0 intensa di pi\u00f9 giorni, in ogni terreno, sia d'estate sia d'inverno.Il Peuterey Integrale 35+10 ha una base ampia e flessibile, con una volumetria leggermente pi\u00f9 ampia, ha un accesso laterale con zip che offre un accesso facile e diretto ai materiali anche tenendo uno spallaccio indossato. Il profilo da montagna si allarga nella parte inferiore, offrendo ulteriore spazio quando serve, mentre l\u2019accesso diretto al vano principale avviene tramite una zip a U lungo tutto il pannello frontale, rendendo immediata la ricerca dell\u2019attrezzatura. A completare l\u2019organizzazione, l'ampia tasca frontale dedicata ad accogliere i ramponi in modo sicuro e rapido, unica in tutta la gamma. Altre importanti caratteristiche: supporti per gli sci ultra robusti e porta piccozze in FPP.","og_url":"https:\/\/www.sestogrado.it\/en\/prodotto\/millet-peuterey-integrale-3510-zaino-arrampicata\/","og_site_name":"Sestogrado","article_publisher":"https:\/\/www.facebook.com\/pages\/Sestogrado\/1542635979353017?ref=bookmarks","article_modified_time":"2026-05-12T10:16:16+00:00","og_image":[{"width":1200,"height":1200,"url":"https:\/\/www.sestogrado.it\/wp-content\/uploads\/2020\/03\/millet-peuterey-35-10-navy-blue-mis2427_n03959.jpg","type":"image\/jpeg"}],"twitter_misc":{"Availability":"In stock"},"schema":{"@context":"https:\/\/schema.org","@graph":[{"@type":"WebPage","@id":"https:\/\/www.sestogrado.it\/en\/prodotto\/millet-peuterey-integrale-3510-zaino-arrampicata\/","url":"https:\/\/www.sestogrado.it\/en\/prodotto\/millet-peuterey-integrale-3510-zaino-arrampicata\/","name":"Millet Peuterey Integrale 35+10 backpack - Sestogrado","isPartOf":{"@id":"https:\/\/www.sestogrado.it\/en\/#website"},"primaryImageOfPage":{"@id":"https:\/\/www.sestogrado.it\/en\/prodotto\/millet-peuterey-integrale-3510-zaino-arrampicata\/#primaryimage"},"image":{"@id":"https:\/\/www.sestogrado.it\/prodotto\/millet-peuterey-integrale-3510-zaino-arrampicata\/#primaryimage"},"thumbnailUrl":"https:\/\/www.sestogrado.it\/wp-content\/uploads\/2020\/03\/millet-peuterey-35-10-navy-blue-mis2427_n03959.jpg","datePublished":"2025-03-06T09:00:18+00:00","dateModified":"2026-05-12T10:16:16+00:00","description":"Il Millet Peuterey Integrale 35+10 \u00e8 uno zaino da alpinismo progettato per attivit\u00e0 intensa di pi\u00f9 giorni, in ogni terreno, sia d'estate sia d'inverno.Il Peuterey Integrale 35+10 ha una base ampia e flessibile, con una volumetria leggermente pi\u00f9 ampia, ha un accesso laterale con zip che offre un accesso facile e diretto ai materiali anche tenendo uno spallaccio indossato. Il profilo da montagna si allarga nella parte inferiore, offrendo ulteriore spazio quando serve, mentre l\u2019accesso diretto al vano principale avviene tramite una zip a U lungo tutto il pannello frontale, rendendo immediata la ricerca dell\u2019attrezzatura. A completare l\u2019organizzazione, l'ampia tasca frontale dedicata ad accogliere i ramponi in modo sicuro e rapido, unica in tutta la gamma. Altre importanti caratteristiche: supporti per gli sci ultra robusti e porta piccozze in FPP.","breadcrumb":{"@id":"https:\/\/www.sestogrado.it\/en\/prodotto\/millet-peuterey-integrale-3510-zaino-arrampicata\/#breadcrumb"},"inLanguage":"en-US","potentialAction":[{"@type":"ReadAction","target":[["https:\/\/www.sestogrado.it\/en\/prodotto\/millet-peuterey-integrale-3510-zaino-arrampicata\/"]]}]},{"@type":"ImageObject","inLanguage":"en-US","@id":"https:\/\/www.sestogrado.it\/en\/prodotto\/millet-peuterey-integrale-3510-zaino-arrampicata\/#primaryimage","url":"https:\/\/www.sestogrado.it\/wp-content\/uploads\/2020\/03\/millet-peuterey-35-10-navy-blue-mis2427_n03959.jpg","contentUrl":"https:\/\/www.sestogrado.it\/wp-content\/uploads\/2020\/03\/millet-peuterey-35-10-navy-blue-mis2427_n03959.jpg","width":1200,"height":1200,"caption":"peuterey 35 dark denim"},{"@type":"BreadcrumbList","@id":"https:\/\/www.sestogrado.it\/en\/prodotto\/millet-peuterey-integrale-3510-zaino-arrampicata\/#breadcrumb","itemListElement":[{"@type":"ListItem","position":1,"name":"Home","item":"https:\/\/www.sestogrado.it\/en\/"},{"@type":"ListItem","position":2,"name":"Shop","item":"https:\/\/www.sestogrado.it\/en\/shop\/"},{"@type":"ListItem","position":3,"name":"Millet Peuterey Integrale 35+10 zaino da alpinismo"}]},{"@type":"WebSite","@id":"https:\/\/www.sestogrado.it\/en\/#website","url":"https:\/\/www.sestogrado.it\/en\/","name":"Sestogrado","description":"yes we climb","publisher":{"@id":"https:\/\/www.sestogrado.it\/en\/#organization"},"potentialAction":[{"@type":"SearchAction","target":{"@type":"EntryPoint","urlTemplate":"https:\/\/www.sestogrado.it\/en\/?s={search_term_string}"},"query-input":{"@type":"PropertyValueSpecification","valueRequired":true,"valueName":"search_term_string"}}],"inLanguage":"en-US"},{"@type":"Organization","@id":"https:\/\/www.sestogrado.it\/en\/#organization","name":"Sestogrado","url":"https:\/\/www.sestogrado.it\/en\/","logo":{"@type":"ImageObject","inLanguage":"en-US","@id":"https:\/\/www.sestogrado.it\/en\/#\/schema\/logo\/image\/","url":"https:\/\/www.sestogrado.it\/wp-content\/uploads\/2015\/03\/sestogrado-favicon.png","contentUrl":"https:\/\/www.sestogrado.it\/wp-content\/uploads\/2015\/03\/sestogrado-favicon.png","width":260,"height":260,"caption":"Sestogrado"},"image":{"@id":"https:\/\/www.sestogrado.it\/en\/#\/schema\/logo\/image\/"},"sameAs":["https:\/\/www.facebook.com\/pages\/Sestogrado\/1542635979353017?ref=bookmarks","https:\/\/www.youtube.com\/channel\/UC847kAfTkaJsWpc1jtQwr3Q"],"hasMerchantReturnPolicy":{"@type":"MerchantReturnPolicy","merchantReturnLink":"https:\/\/www.sestogrado.it\/en\/termini-e-condizioni\/"}}]},"product_brand":"Millet","og_availability":"instock","product_availability":"instock","product_condition":"new"},"_links":{"self":[{"href":"https:\/\/www.sestogrado.it\/en\/wp-json\/wp\/v2\/product\/16428","targetHints":{"allow":["GET"]}}],"collection":[{"href":"https:\/\/www.sestogrado.it\/en\/wp-json\/wp\/v2\/product"}],"about":[{"href":"https:\/\/www.sestogrado.it\/en\/wp-json\/wp\/v2\/types\/product"}],"replies":[{"embeddable":true,"href":"https:\/\/www.sestogrado.it\/en\/wp-json\/wp\/v2\/comments?post=16428"}],"wp:featuredmedia":[{"embeddable":true,"href":"https:\/\/www.sestogrado.it\/en\/wp-json\/wp\/v2\/media\/201015"}],"wp:attachment":[{"href":"https:\/\/www.sestogrado.it\/en\/wp-json\/wp\/v2\/media?parent=16428"}],"wp:term":[{"taxonomy":"product_brand","embeddable":true,"href":"https:\/\/www.sestogrado.it\/en\/wp-json\/wp\/v2\/product_brand?post=16428"},{"taxonomy":"product_cat","embeddable":true,"href":"https:\/\/www.sestogrado.it\/en\/wp-json\/wp\/v2\/product_cat?post=16428"},{"taxonomy":"product_tag","embeddable":true,"href":"https:\/\/www.sestogrado.it\/en\/wp-json\/wp\/v2\/product_tag?post=16428"}],"curies":[{"name":"wp","href":"https:\/\/api.w.org\/{rel}","templated":true}]}}