{"id":162924,"date":"2024-06-07T11:26:44","date_gmt":"2024-06-07T09:26:44","guid":{"rendered":"https:\/\/www.sestogrado.it\/?post_type=product&#038;p=162924"},"modified":"2026-04-27T22:09:47","modified_gmt":"2026-04-27T20:09:47","slug":"camp-laser-bastoncini-da-trekking","status":"publish","type":"product","link":"https:\/\/www.sestogrado.it\/en\/prodotto\/camp-laser-bastoncini-da-trekking\/","title":{"rendered":"Camp Laser bastoncini da trekking"},"content":{"rendered":"<p class=\"qtranxs-available-languages-message qtranxs-available-languages-message-en\">Sorry, this entry is only available in <a href=\"https:\/\/www.sestogrado.it\/it\/wp-json\/wp\/v2\/product\/162924\" class=\"qtranxs-available-language-link qtranxs-available-language-link-it\" title=\"Italiano\">Italiano<\/a>.<\/p>","protected":false},"excerpt":{"rendered":"<p>Sorry, this entry is only available in Italiano.<\/p>\n","protected":false},"featured_media":162928,"comment_status":"open","ping_status":"closed","template":"","meta":{"_acf_changed":false},"product_brand":[31],"product_cat":[572],"product_tag":[],"class_list":{"0":"post-162924","1":"product","2":"type-product","3":"status-publish","4":"has-post-thumbnail","6":"product_brand-camp","7":"product_cat-bastoncini","9":"first","10":"instock","11":"sale","12":"taxable","13":"shipping-taxable","14":"purchasable","15":"product-type-simple"},"acf":[],"yoast_head":"<!-- This site is optimized with the Yoast SEO plugin v26.4 - https:\/\/yoast.com\/wordpress\/plugins\/seo\/ -->\n<title>Camp Laser bastoncini da trekking - Sestogrado<\/title>\n<meta name=\"description\" content=\"I Camp Laser sono dei bastoncini da trekking telescopici in 3 sezioni, facilmente richiudibili e compattabili. Sono superleggeri, per chi non vuole portare con s\u00e9 nemmeno un grammo di troppoL\u2019estrema leggerezza del Laser, record nella nostra gamma, \u00e8 il risultato di precise scelte costruttive: innanzitutto la sezione ridotta del tubo in alluminio, poi i laccioli dal design minimale e infine la rotella di soli 30 mm di diametro. Proprio grazie all\u2019impiego dell\u2019alluminio, la leggerezza non compromette la robustezza. Il sistema di bloccaggio interno ad espansione \u201cRotating Lock\u201d garantisce al Laser un design pulito ed essenziale oltre a una grande funzionalit\u00e0: per regolare il bastoncino basta infatti ruotare tra loro i segmenti. Il Laser \u00e8 lungo 60 cm da chiuso e regolabile fino a 135 cm. Il comfort \u00e8 assicurato dall\u2019impugnatura in EVA di lunghezza superiore a quella adottata su altri modelli (19 cm), permettendo una grande libert\u00e0 di presa. Il top in plastica dell\u2019impugnatura protegge la parte in materiale espanso da eventuali impatti, ne riduce l\u2019usura e contribuisce alla durata del prodotto.\" \/>\n<meta name=\"robots\" content=\"index, follow, max-snippet:-1, max-image-preview:large, max-video-preview:-1\" \/>\n<link rel=\"canonical\" href=\"https:\/\/www.sestogrado.it\/en\/prodotto\/camp-laser-bastoncini-da-trekking\/\" \/>\n<meta property=\"og:locale\" content=\"en_US\" \/>\n<meta property=\"og:type\" content=\"article\" \/>\n<meta property=\"og:title\" content=\"Camp Laser bastoncini da trekking - Sestogrado\" \/>\n<meta property=\"og:description\" content=\"I Camp Laser sono dei bastoncini da trekking telescopici in 3 sezioni, facilmente richiudibili e compattabili. Sono superleggeri, per chi non vuole portare con s\u00e9 nemmeno un grammo di troppoL\u2019estrema leggerezza del Laser, record nella nostra gamma, \u00e8 il risultato di precise scelte costruttive: innanzitutto la sezione ridotta del tubo in alluminio, poi i laccioli dal design minimale e infine la rotella di soli 30 mm di diametro. Proprio grazie all\u2019impiego dell\u2019alluminio, la leggerezza non compromette la robustezza. Il sistema di bloccaggio interno ad espansione \u201cRotating Lock\u201d garantisce al Laser un design pulito ed essenziale oltre a una grande funzionalit\u00e0: per regolare il bastoncino basta infatti ruotare tra loro i segmenti. Il Laser \u00e8 lungo 60 cm da chiuso e regolabile fino a 135 cm. Il comfort \u00e8 assicurato dall\u2019impugnatura in EVA di lunghezza superiore a quella adottata su altri modelli (19 cm), permettendo una grande libert\u00e0 di presa. Il top in plastica dell\u2019impugnatura protegge la parte in materiale espanso da eventuali impatti, ne riduce l\u2019usura e contribuisce alla durata del prodotto.\" \/>\n<meta property=\"og:url\" content=\"https:\/\/www.sestogrado.it\/en\/prodotto\/camp-laser-bastoncini-da-trekking\/\" \/>\n<meta property=\"og:site_name\" content=\"Sestogrado\" \/>\n<meta property=\"article:publisher\" content=\"https:\/\/www.facebook.com\/pages\/Sestogrado\/1542635979353017?ref=bookmarks\" \/>\n<meta property=\"article:modified_time\" content=\"2026-04-27T20:09:47+00:00\" \/>\n<meta property=\"og:image\" content=\"https:\/\/www.sestogrado.it\/wp-content\/uploads\/2024\/05\/01-8.jpg\" \/>\n\t<meta property=\"og:image:width\" content=\"1400\" \/>\n\t<meta property=\"og:image:height\" content=\"1400\" \/>\n\t<meta property=\"og:image:type\" content=\"image\/jpeg\" \/>\n<meta name=\"twitter:label1\" content=\"Price\" \/>\n\t<meta name=\"twitter:data1\" content=\"&euro;&nbsp;55,00\" \/>\n\t<meta name=\"twitter:label2\" content=\"Availability\" \/>\n\t<meta name=\"twitter:data2\" content=\"In stock\" \/>\n<script type=\"application\/ld+json\" class=\"yoast-schema-graph\">{\"@context\":\"https:\/\/schema.org\",\"@graph\":[{\"@type\":\"WebPage\",\"@id\":\"https:\/\/www.sestogrado.it\/en\/prodotto\/camp-laser-bastoncini-da-trekking\/\",\"url\":\"https:\/\/www.sestogrado.it\/en\/prodotto\/camp-laser-bastoncini-da-trekking\/\",\"name\":\"Camp Laser bastoncini da trekking - Sestogrado\",\"isPartOf\":{\"@id\":\"https:\/\/www.sestogrado.it\/en\/#website\"},\"primaryImageOfPage\":{\"@id\":\"https:\/\/www.sestogrado.it\/en\/prodotto\/camp-laser-bastoncini-da-trekking\/#primaryimage\"},\"image\":{\"@id\":\"https:\/\/www.sestogrado.it\/prodotto\/camp-laser-bastoncini-da-trekking\/#primaryimage\"},\"thumbnailUrl\":\"https:\/\/www.sestogrado.it\/wp-content\/uploads\/2024\/05\/01-8.jpg\",\"datePublished\":\"2024-06-07T09:26:44+00:00\",\"dateModified\":\"2026-04-27T20:09:47+00:00\",\"description\":\"I Camp Laser sono dei bastoncini da trekking telescopici in 3 sezioni, facilmente richiudibili e compattabili. Sono superleggeri, per chi non vuole portare con s\u00e9 nemmeno un grammo di troppoL\u2019estrema leggerezza del Laser, record nella nostra gamma, \u00e8 il risultato di precise scelte costruttive: innanzitutto la sezione ridotta del tubo in alluminio, poi i laccioli dal design minimale e infine la rotella di soli 30 mm di diametro. Proprio grazie all\u2019impiego dell\u2019alluminio, la leggerezza non compromette la robustezza. Il sistema di bloccaggio interno ad espansione \u201cRotating Lock\u201d garantisce al Laser un design pulito ed essenziale oltre a una grande funzionalit\u00e0: per regolare il bastoncino basta infatti ruotare tra loro i segmenti. Il Laser \u00e8 lungo 60 cm da chiuso e regolabile fino a 135 cm. Il comfort \u00e8 assicurato dall\u2019impugnatura in EVA di lunghezza superiore a quella adottata su altri modelli (19 cm), permettendo una grande libert\u00e0 di presa. Il top in plastica dell\u2019impugnatura protegge la parte in materiale espanso da eventuali impatti, ne riduce l\u2019usura e contribuisce alla durata del prodotto.\",\"breadcrumb\":{\"@id\":\"https:\/\/www.sestogrado.it\/en\/prodotto\/camp-laser-bastoncini-da-trekking\/#breadcrumb\"},\"inLanguage\":\"en-US\",\"potentialAction\":[{\"@type\":\"ReadAction\",\"target\":[[\"https:\/\/www.sestogrado.it\/en\/prodotto\/camp-laser-bastoncini-da-trekking\/\"]]}]},{\"@type\":\"ImageObject\",\"inLanguage\":\"en-US\",\"@id\":\"https:\/\/www.sestogrado.it\/en\/prodotto\/camp-laser-bastoncini-da-trekking\/#primaryimage\",\"url\":\"https:\/\/www.sestogrado.it\/wp-content\/uploads\/2024\/05\/01-8.jpg\",\"contentUrl\":\"https:\/\/www.sestogrado.it\/wp-content\/uploads\/2024\/05\/01-8.jpg\",\"width\":1400,\"height\":1400,\"caption\":\"camp laser\"},{\"@type\":\"BreadcrumbList\",\"@id\":\"https:\/\/www.sestogrado.it\/en\/prodotto\/camp-laser-bastoncini-da-trekking\/#breadcrumb\",\"itemListElement\":[{\"@type\":\"ListItem\",\"position\":1,\"name\":\"Home\",\"item\":\"https:\/\/www.sestogrado.it\/en\/\"},{\"@type\":\"ListItem\",\"position\":2,\"name\":\"Shop\",\"item\":\"https:\/\/www.sestogrado.it\/en\/shop\/\"},{\"@type\":\"ListItem\",\"position\":3,\"name\":\"Camp Laser bastoncini da trekking\"}]},{\"@type\":\"WebSite\",\"@id\":\"https:\/\/www.sestogrado.it\/en\/#website\",\"url\":\"https:\/\/www.sestogrado.it\/en\/\",\"name\":\"Sestogrado\",\"description\":\"yes we climb\",\"publisher\":{\"@id\":\"https:\/\/www.sestogrado.it\/en\/#organization\"},\"potentialAction\":[{\"@type\":\"SearchAction\",\"target\":{\"@type\":\"EntryPoint\",\"urlTemplate\":\"https:\/\/www.sestogrado.it\/en\/?s={search_term_string}\"},\"query-input\":{\"@type\":\"PropertyValueSpecification\",\"valueRequired\":true,\"valueName\":\"search_term_string\"}}],\"inLanguage\":\"en-US\"},{\"@type\":\"Organization\",\"@id\":\"https:\/\/www.sestogrado.it\/en\/#organization\",\"name\":\"Sestogrado\",\"url\":\"https:\/\/www.sestogrado.it\/en\/\",\"logo\":{\"@type\":\"ImageObject\",\"inLanguage\":\"en-US\",\"@id\":\"https:\/\/www.sestogrado.it\/en\/#\/schema\/logo\/image\/\",\"url\":\"https:\/\/www.sestogrado.it\/wp-content\/uploads\/2015\/03\/sestogrado-favicon.png\",\"contentUrl\":\"https:\/\/www.sestogrado.it\/wp-content\/uploads\/2015\/03\/sestogrado-favicon.png\",\"width\":260,\"height\":260,\"caption\":\"Sestogrado\"},\"image\":{\"@id\":\"https:\/\/www.sestogrado.it\/en\/#\/schema\/logo\/image\/\"},\"sameAs\":[\"https:\/\/www.facebook.com\/pages\/Sestogrado\/1542635979353017?ref=bookmarks\",\"https:\/\/www.youtube.com\/channel\/UC847kAfTkaJsWpc1jtQwr3Q\"],\"hasMerchantReturnPolicy\":{\"@type\":\"MerchantReturnPolicy\",\"merchantReturnLink\":\"https:\/\/www.sestogrado.it\/en\/termini-e-condizioni\/\"}}]}<\/script>\n<meta property=\"product:brand\" content=\"Camp\" \/>\n<meta property=\"product:price:amount\" content=\"55.00\" \/>\n<meta property=\"product:price:currency\" content=\"EUR\" \/>\n<meta property=\"og:availability\" content=\"instock\" \/>\n<meta property=\"product:availability\" content=\"instock\" \/>\n<meta property=\"product:condition\" content=\"new\" \/>\n<!-- \/ Yoast SEO plugin. -->","yoast_head_json":{"title":"Camp Laser bastoncini da trekking - Sestogrado","description":"I Camp Laser sono dei bastoncini da trekking telescopici in 3 sezioni, facilmente richiudibili e compattabili. Sono superleggeri, per chi non vuole portare con s\u00e9 nemmeno un grammo di troppoL\u2019estrema leggerezza del Laser, record nella nostra gamma, \u00e8 il risultato di precise scelte costruttive: innanzitutto la sezione ridotta del tubo in alluminio, poi i laccioli dal design minimale e infine la rotella di soli 30 mm di diametro. Proprio grazie all\u2019impiego dell\u2019alluminio, la leggerezza non compromette la robustezza. Il sistema di bloccaggio interno ad espansione \u201cRotating Lock\u201d garantisce al Laser un design pulito ed essenziale oltre a una grande funzionalit\u00e0: per regolare il bastoncino basta infatti ruotare tra loro i segmenti. Il Laser \u00e8 lungo 60 cm da chiuso e regolabile fino a 135 cm. Il comfort \u00e8 assicurato dall\u2019impugnatura in EVA di lunghezza superiore a quella adottata su altri modelli (19 cm), permettendo una grande libert\u00e0 di presa. Il top in plastica dell\u2019impugnatura protegge la parte in materiale espanso da eventuali impatti, ne riduce l\u2019usura e contribuisce alla durata del prodotto.","robots":{"index":"index","follow":"follow","max-snippet":"max-snippet:-1","max-image-preview":"max-image-preview:large","max-video-preview":"max-video-preview:-1"},"canonical":"https:\/\/www.sestogrado.it\/en\/prodotto\/camp-laser-bastoncini-da-trekking\/","og_locale":"en_US","og_type":"article","og_title":"Camp Laser bastoncini da trekking - Sestogrado","og_description":"I Camp Laser sono dei bastoncini da trekking telescopici in 3 sezioni, facilmente richiudibili e compattabili. Sono superleggeri, per chi non vuole portare con s\u00e9 nemmeno un grammo di troppoL\u2019estrema leggerezza del Laser, record nella nostra gamma, \u00e8 il risultato di precise scelte costruttive: innanzitutto la sezione ridotta del tubo in alluminio, poi i laccioli dal design minimale e infine la rotella di soli 30 mm di diametro. Proprio grazie all\u2019impiego dell\u2019alluminio, la leggerezza non compromette la robustezza. Il sistema di bloccaggio interno ad espansione \u201cRotating Lock\u201d garantisce al Laser un design pulito ed essenziale oltre a una grande funzionalit\u00e0: per regolare il bastoncino basta infatti ruotare tra loro i segmenti. Il Laser \u00e8 lungo 60 cm da chiuso e regolabile fino a 135 cm. Il comfort \u00e8 assicurato dall\u2019impugnatura in EVA di lunghezza superiore a quella adottata su altri modelli (19 cm), permettendo una grande libert\u00e0 di presa. Il top in plastica dell\u2019impugnatura protegge la parte in materiale espanso da eventuali impatti, ne riduce l\u2019usura e contribuisce alla durata del prodotto.","og_url":"https:\/\/www.sestogrado.it\/en\/prodotto\/camp-laser-bastoncini-da-trekking\/","og_site_name":"Sestogrado","article_publisher":"https:\/\/www.facebook.com\/pages\/Sestogrado\/1542635979353017?ref=bookmarks","article_modified_time":"2026-04-27T20:09:47+00:00","og_image":[{"width":1400,"height":1400,"url":"https:\/\/www.sestogrado.it\/wp-content\/uploads\/2024\/05\/01-8.jpg","type":"image\/jpeg"}],"twitter_misc":{"Price":"&euro;&nbsp;55,00","Availability":"In stock"},"schema":{"@context":"https:\/\/schema.org","@graph":[{"@type":"WebPage","@id":"https:\/\/www.sestogrado.it\/en\/prodotto\/camp-laser-bastoncini-da-trekking\/","url":"https:\/\/www.sestogrado.it\/en\/prodotto\/camp-laser-bastoncini-da-trekking\/","name":"Camp Laser bastoncini da trekking - Sestogrado","isPartOf":{"@id":"https:\/\/www.sestogrado.it\/en\/#website"},"primaryImageOfPage":{"@id":"https:\/\/www.sestogrado.it\/en\/prodotto\/camp-laser-bastoncini-da-trekking\/#primaryimage"},"image":{"@id":"https:\/\/www.sestogrado.it\/prodotto\/camp-laser-bastoncini-da-trekking\/#primaryimage"},"thumbnailUrl":"https:\/\/www.sestogrado.it\/wp-content\/uploads\/2024\/05\/01-8.jpg","datePublished":"2024-06-07T09:26:44+00:00","dateModified":"2026-04-27T20:09:47+00:00","description":"I Camp Laser sono dei bastoncini da trekking telescopici in 3 sezioni, facilmente richiudibili e compattabili. Sono superleggeri, per chi non vuole portare con s\u00e9 nemmeno un grammo di troppoL\u2019estrema leggerezza del Laser, record nella nostra gamma, \u00e8 il risultato di precise scelte costruttive: innanzitutto la sezione ridotta del tubo in alluminio, poi i laccioli dal design minimale e infine la rotella di soli 30 mm di diametro. Proprio grazie all\u2019impiego dell\u2019alluminio, la leggerezza non compromette la robustezza. Il sistema di bloccaggio interno ad espansione \u201cRotating Lock\u201d garantisce al Laser un design pulito ed essenziale oltre a una grande funzionalit\u00e0: per regolare il bastoncino basta infatti ruotare tra loro i segmenti. Il Laser \u00e8 lungo 60 cm da chiuso e regolabile fino a 135 cm. Il comfort \u00e8 assicurato dall\u2019impugnatura in EVA di lunghezza superiore a quella adottata su altri modelli (19 cm), permettendo una grande libert\u00e0 di presa. Il top in plastica dell\u2019impugnatura protegge la parte in materiale espanso da eventuali impatti, ne riduce l\u2019usura e contribuisce alla durata del prodotto.","breadcrumb":{"@id":"https:\/\/www.sestogrado.it\/en\/prodotto\/camp-laser-bastoncini-da-trekking\/#breadcrumb"},"inLanguage":"en-US","potentialAction":[{"@type":"ReadAction","target":[["https:\/\/www.sestogrado.it\/en\/prodotto\/camp-laser-bastoncini-da-trekking\/"]]}]},{"@type":"ImageObject","inLanguage":"en-US","@id":"https:\/\/www.sestogrado.it\/en\/prodotto\/camp-laser-bastoncini-da-trekking\/#primaryimage","url":"https:\/\/www.sestogrado.it\/wp-content\/uploads\/2024\/05\/01-8.jpg","contentUrl":"https:\/\/www.sestogrado.it\/wp-content\/uploads\/2024\/05\/01-8.jpg","width":1400,"height":1400,"caption":"camp laser"},{"@type":"BreadcrumbList","@id":"https:\/\/www.sestogrado.it\/en\/prodotto\/camp-laser-bastoncini-da-trekking\/#breadcrumb","itemListElement":[{"@type":"ListItem","position":1,"name":"Home","item":"https:\/\/www.sestogrado.it\/en\/"},{"@type":"ListItem","position":2,"name":"Shop","item":"https:\/\/www.sestogrado.it\/en\/shop\/"},{"@type":"ListItem","position":3,"name":"Camp Laser bastoncini da trekking"}]},{"@type":"WebSite","@id":"https:\/\/www.sestogrado.it\/en\/#website","url":"https:\/\/www.sestogrado.it\/en\/","name":"Sestogrado","description":"yes we climb","publisher":{"@id":"https:\/\/www.sestogrado.it\/en\/#organization"},"potentialAction":[{"@type":"SearchAction","target":{"@type":"EntryPoint","urlTemplate":"https:\/\/www.sestogrado.it\/en\/?s={search_term_string}"},"query-input":{"@type":"PropertyValueSpecification","valueRequired":true,"valueName":"search_term_string"}}],"inLanguage":"en-US"},{"@type":"Organization","@id":"https:\/\/www.sestogrado.it\/en\/#organization","name":"Sestogrado","url":"https:\/\/www.sestogrado.it\/en\/","logo":{"@type":"ImageObject","inLanguage":"en-US","@id":"https:\/\/www.sestogrado.it\/en\/#\/schema\/logo\/image\/","url":"https:\/\/www.sestogrado.it\/wp-content\/uploads\/2015\/03\/sestogrado-favicon.png","contentUrl":"https:\/\/www.sestogrado.it\/wp-content\/uploads\/2015\/03\/sestogrado-favicon.png","width":260,"height":260,"caption":"Sestogrado"},"image":{"@id":"https:\/\/www.sestogrado.it\/en\/#\/schema\/logo\/image\/"},"sameAs":["https:\/\/www.facebook.com\/pages\/Sestogrado\/1542635979353017?ref=bookmarks","https:\/\/www.youtube.com\/channel\/UC847kAfTkaJsWpc1jtQwr3Q"],"hasMerchantReturnPolicy":{"@type":"MerchantReturnPolicy","merchantReturnLink":"https:\/\/www.sestogrado.it\/en\/termini-e-condizioni\/"}}]},"product_brand":"Camp","product_price_amount":"55.00","product_price_currency":"EUR","og_availability":"instock","product_availability":"instock","product_condition":"new"},"_links":{"self":[{"href":"https:\/\/www.sestogrado.it\/en\/wp-json\/wp\/v2\/product\/162924","targetHints":{"allow":["GET"]}}],"collection":[{"href":"https:\/\/www.sestogrado.it\/en\/wp-json\/wp\/v2\/product"}],"about":[{"href":"https:\/\/www.sestogrado.it\/en\/wp-json\/wp\/v2\/types\/product"}],"replies":[{"embeddable":true,"href":"https:\/\/www.sestogrado.it\/en\/wp-json\/wp\/v2\/comments?post=162924"}],"wp:featuredmedia":[{"embeddable":true,"href":"https:\/\/www.sestogrado.it\/en\/wp-json\/wp\/v2\/media\/162928"}],"wp:attachment":[{"href":"https:\/\/www.sestogrado.it\/en\/wp-json\/wp\/v2\/media?parent=162924"}],"wp:term":[{"taxonomy":"product_brand","embeddable":true,"href":"https:\/\/www.sestogrado.it\/en\/wp-json\/wp\/v2\/product_brand?post=162924"},{"taxonomy":"product_cat","embeddable":true,"href":"https:\/\/www.sestogrado.it\/en\/wp-json\/wp\/v2\/product_cat?post=162924"},{"taxonomy":"product_tag","embeddable":true,"href":"https:\/\/www.sestogrado.it\/en\/wp-json\/wp\/v2\/product_tag?post=162924"}],"curies":[{"name":"wp","href":"https:\/\/api.w.org\/{rel}","templated":true}]}}