{"id":161136,"date":"2024-05-10T09:50:36","date_gmt":"2024-05-10T07:50:36","guid":{"rendered":"https:\/\/www.sestogrado.it\/?post_type=product&#038;p=161136"},"modified":"2026-04-16T09:58:54","modified_gmt":"2026-04-16T07:58:54","slug":"ferrino-piuma-1-tenda-monoposto-compatta-ultraleggera","status":"publish","type":"product","link":"https:\/\/www.sestogrado.it\/en\/prodotto\/ferrino-piuma-1-tenda-monoposto-compatta-ultraleggera\/","title":{"rendered":"Ferrino Piuma 1 tenda monoposto compatta ultraleggera"},"content":{"rendered":"<p class=\"qtranxs-available-languages-message qtranxs-available-languages-message-en\">Sorry, this entry is only available in <a href=\"https:\/\/www.sestogrado.it\/it\/wp-json\/wp\/v2\/product\/161136\" class=\"qtranxs-available-language-link qtranxs-available-language-link-it\" title=\"Italiano\">Italiano<\/a>.<\/p>","protected":false},"excerpt":{"rendered":"<p>Sorry, this entry is only available in Italiano.<\/p>\n","protected":false},"featured_media":161189,"comment_status":"open","ping_status":"closed","template":"","meta":{"_acf_changed":false},"product_brand":[614],"product_cat":[661],"product_tag":[],"class_list":{"0":"post-161136","1":"product","2":"type-product","3":"status-publish","4":"has-post-thumbnail","6":"product_brand-ferrino","7":"product_cat-tende","9":"first","10":"instock","11":"sale","12":"taxable","13":"shipping-taxable","14":"purchasable","15":"product-type-simple"},"acf":[],"yoast_head":"<!-- This site is optimized with the Yoast SEO plugin v26.4 - https:\/\/yoast.com\/wordpress\/plugins\/seo\/ -->\n<title>Ferrino Piuma 1 tenda monoposto compatta ultraleggera - Sestogrado<\/title>\n<meta name=\"description\" content=\"La tenda ultraleggera Ferrino Piuma 1 \u00e8 stata sviluppata per trekker, bikepacker, per viaggi ultraleggeri e in backcountry. L&#039;obiettivo della tenda Piuma \u00e8 fornire un buon volume interno senza subire eventuali penalit\u00e0 in termini di funzionalit\u00e0 e peso. L&#039;accesso completo all&#039;abside \u00e8 favorito da un ingresso con cerniera posizionato nella parte alta della camera che consente di raggiungere la parte pi\u00f9 stretta dell&#039;abside anteriore, senza dover aprire la porta.\" \/>\n<meta name=\"robots\" content=\"index, follow, max-snippet:-1, max-image-preview:large, max-video-preview:-1\" \/>\n<link rel=\"canonical\" href=\"https:\/\/www.sestogrado.it\/en\/prodotto\/ferrino-piuma-1-tenda-monoposto-compatta-ultraleggera\/\" \/>\n<meta property=\"og:locale\" content=\"en_US\" \/>\n<meta property=\"og:type\" content=\"article\" \/>\n<meta property=\"og:title\" content=\"Ferrino Piuma 1 tenda monoposto compatta ultraleggera - Sestogrado\" \/>\n<meta property=\"og:description\" content=\"La tenda ultraleggera Ferrino Piuma 1 \u00e8 stata sviluppata per trekker, bikepacker, per viaggi ultraleggeri e in backcountry. L&#039;obiettivo della tenda Piuma \u00e8 fornire un buon volume interno senza subire eventuali penalit\u00e0 in termini di funzionalit\u00e0 e peso. L&#039;accesso completo all&#039;abside \u00e8 favorito da un ingresso con cerniera posizionato nella parte alta della camera che consente di raggiungere la parte pi\u00f9 stretta dell&#039;abside anteriore, senza dover aprire la porta.\" \/>\n<meta property=\"og:url\" content=\"https:\/\/www.sestogrado.it\/en\/prodotto\/ferrino-piuma-1-tenda-monoposto-compatta-ultraleggera\/\" \/>\n<meta property=\"og:site_name\" content=\"Sestogrado\" \/>\n<meta property=\"article:publisher\" content=\"https:\/\/www.facebook.com\/pages\/Sestogrado\/1542635979353017?ref=bookmarks\" \/>\n<meta property=\"article:modified_time\" content=\"2026-04-16T07:58:54+00:00\" \/>\n<meta property=\"og:image\" content=\"https:\/\/www.sestogrado.it\/wp-content\/uploads\/2024\/05\/01.jpg\" \/>\n\t<meta property=\"og:image:width\" content=\"2000\" \/>\n\t<meta property=\"og:image:height\" content=\"2000\" \/>\n\t<meta property=\"og:image:type\" content=\"image\/jpeg\" \/>\n<meta name=\"twitter:label1\" content=\"Price\" \/>\n\t<meta name=\"twitter:data1\" content=\"&euro;&nbsp;219,00\" \/>\n\t<meta name=\"twitter:label2\" content=\"Availability\" \/>\n\t<meta name=\"twitter:data2\" content=\"In stock\" \/>\n<script type=\"application\/ld+json\" class=\"yoast-schema-graph\">{\"@context\":\"https:\/\/schema.org\",\"@graph\":[{\"@type\":\"WebPage\",\"@id\":\"https:\/\/www.sestogrado.it\/en\/prodotto\/ferrino-piuma-1-tenda-monoposto-compatta-ultraleggera\/\",\"url\":\"https:\/\/www.sestogrado.it\/en\/prodotto\/ferrino-piuma-1-tenda-monoposto-compatta-ultraleggera\/\",\"name\":\"Ferrino Piuma 1 tenda monoposto compatta ultraleggera - Sestogrado\",\"isPartOf\":{\"@id\":\"https:\/\/www.sestogrado.it\/en\/#website\"},\"primaryImageOfPage\":{\"@id\":\"https:\/\/www.sestogrado.it\/en\/prodotto\/ferrino-piuma-1-tenda-monoposto-compatta-ultraleggera\/#primaryimage\"},\"image\":{\"@id\":\"https:\/\/www.sestogrado.it\/prodotto\/ferrino-piuma-1-tenda-monoposto-compatta-ultraleggera\/#primaryimage\"},\"thumbnailUrl\":\"https:\/\/www.sestogrado.it\/wp-content\/uploads\/2024\/05\/01.jpg\",\"datePublished\":\"2024-05-10T07:50:36+00:00\",\"dateModified\":\"2026-04-16T07:58:54+00:00\",\"description\":\"La tenda ultraleggera Ferrino Piuma 1 \u00e8 stata sviluppata per trekker, bikepacker, per viaggi ultraleggeri e in backcountry. L'obiettivo della tenda Piuma \u00e8 fornire un buon volume interno senza subire eventuali penalit\u00e0 in termini di funzionalit\u00e0 e peso. L'accesso completo all'abside \u00e8 favorito da un ingresso con cerniera posizionato nella parte alta della camera che consente di raggiungere la parte pi\u00f9 stretta dell'abside anteriore, senza dover aprire la porta.\",\"breadcrumb\":{\"@id\":\"https:\/\/www.sestogrado.it\/en\/prodotto\/ferrino-piuma-1-tenda-monoposto-compatta-ultraleggera\/#breadcrumb\"},\"inLanguage\":\"en-US\",\"potentialAction\":[{\"@type\":\"ReadAction\",\"target\":[[\"https:\/\/www.sestogrado.it\/en\/prodotto\/ferrino-piuma-1-tenda-monoposto-compatta-ultraleggera\/\"]]}]},{\"@type\":\"ImageObject\",\"inLanguage\":\"en-US\",\"@id\":\"https:\/\/www.sestogrado.it\/en\/prodotto\/ferrino-piuma-1-tenda-monoposto-compatta-ultraleggera\/#primaryimage\",\"url\":\"https:\/\/www.sestogrado.it\/wp-content\/uploads\/2024\/05\/01.jpg\",\"contentUrl\":\"https:\/\/www.sestogrado.it\/wp-content\/uploads\/2024\/05\/01.jpg\",\"width\":2000,\"height\":2000,\"caption\":\"ferrino piuma 1\"},{\"@type\":\"BreadcrumbList\",\"@id\":\"https:\/\/www.sestogrado.it\/en\/prodotto\/ferrino-piuma-1-tenda-monoposto-compatta-ultraleggera\/#breadcrumb\",\"itemListElement\":[{\"@type\":\"ListItem\",\"position\":1,\"name\":\"Home\",\"item\":\"https:\/\/www.sestogrado.it\/en\/\"},{\"@type\":\"ListItem\",\"position\":2,\"name\":\"Shop\",\"item\":\"https:\/\/www.sestogrado.it\/en\/shop\/\"},{\"@type\":\"ListItem\",\"position\":3,\"name\":\"Ferrino Piuma 1 tenda monoposto compatta ultraleggera\"}]},{\"@type\":\"WebSite\",\"@id\":\"https:\/\/www.sestogrado.it\/en\/#website\",\"url\":\"https:\/\/www.sestogrado.it\/en\/\",\"name\":\"Sestogrado\",\"description\":\"yes we climb\",\"publisher\":{\"@id\":\"https:\/\/www.sestogrado.it\/en\/#organization\"},\"potentialAction\":[{\"@type\":\"SearchAction\",\"target\":{\"@type\":\"EntryPoint\",\"urlTemplate\":\"https:\/\/www.sestogrado.it\/en\/?s={search_term_string}\"},\"query-input\":{\"@type\":\"PropertyValueSpecification\",\"valueRequired\":true,\"valueName\":\"search_term_string\"}}],\"inLanguage\":\"en-US\"},{\"@type\":\"Organization\",\"@id\":\"https:\/\/www.sestogrado.it\/en\/#organization\",\"name\":\"Sestogrado\",\"url\":\"https:\/\/www.sestogrado.it\/en\/\",\"logo\":{\"@type\":\"ImageObject\",\"inLanguage\":\"en-US\",\"@id\":\"https:\/\/www.sestogrado.it\/en\/#\/schema\/logo\/image\/\",\"url\":\"https:\/\/www.sestogrado.it\/wp-content\/uploads\/2015\/03\/sestogrado-favicon.png\",\"contentUrl\":\"https:\/\/www.sestogrado.it\/wp-content\/uploads\/2015\/03\/sestogrado-favicon.png\",\"width\":260,\"height\":260,\"caption\":\"Sestogrado\"},\"image\":{\"@id\":\"https:\/\/www.sestogrado.it\/en\/#\/schema\/logo\/image\/\"},\"sameAs\":[\"https:\/\/www.facebook.com\/pages\/Sestogrado\/1542635979353017?ref=bookmarks\",\"https:\/\/www.youtube.com\/channel\/UC847kAfTkaJsWpc1jtQwr3Q\"],\"hasMerchantReturnPolicy\":{\"@type\":\"MerchantReturnPolicy\",\"merchantReturnLink\":\"https:\/\/www.sestogrado.it\/en\/termini-e-condizioni\/\"}}]}<\/script>\n<meta property=\"product:brand\" content=\"Ferrino\" \/>\n<meta property=\"product:price:amount\" content=\"219.00\" \/>\n<meta property=\"product:price:currency\" content=\"EUR\" \/>\n<meta property=\"og:availability\" content=\"instock\" \/>\n<meta property=\"product:availability\" content=\"instock\" \/>\n<meta property=\"product:condition\" content=\"new\" \/>\n<!-- \/ Yoast SEO plugin. -->","yoast_head_json":{"title":"Ferrino Piuma 1 tenda monoposto compatta ultraleggera - Sestogrado","description":"La tenda ultraleggera Ferrino Piuma 1 \u00e8 stata sviluppata per trekker, bikepacker, per viaggi ultraleggeri e in backcountry. L'obiettivo della tenda Piuma \u00e8 fornire un buon volume interno senza subire eventuali penalit\u00e0 in termini di funzionalit\u00e0 e peso. L'accesso completo all'abside \u00e8 favorito da un ingresso con cerniera posizionato nella parte alta della camera che consente di raggiungere la parte pi\u00f9 stretta dell'abside anteriore, senza dover aprire la porta.","robots":{"index":"index","follow":"follow","max-snippet":"max-snippet:-1","max-image-preview":"max-image-preview:large","max-video-preview":"max-video-preview:-1"},"canonical":"https:\/\/www.sestogrado.it\/en\/prodotto\/ferrino-piuma-1-tenda-monoposto-compatta-ultraleggera\/","og_locale":"en_US","og_type":"article","og_title":"Ferrino Piuma 1 tenda monoposto compatta ultraleggera - Sestogrado","og_description":"La tenda ultraleggera Ferrino Piuma 1 \u00e8 stata sviluppata per trekker, bikepacker, per viaggi ultraleggeri e in backcountry. L'obiettivo della tenda Piuma \u00e8 fornire un buon volume interno senza subire eventuali penalit\u00e0 in termini di funzionalit\u00e0 e peso. L'accesso completo all'abside \u00e8 favorito da un ingresso con cerniera posizionato nella parte alta della camera che consente di raggiungere la parte pi\u00f9 stretta dell'abside anteriore, senza dover aprire la porta.","og_url":"https:\/\/www.sestogrado.it\/en\/prodotto\/ferrino-piuma-1-tenda-monoposto-compatta-ultraleggera\/","og_site_name":"Sestogrado","article_publisher":"https:\/\/www.facebook.com\/pages\/Sestogrado\/1542635979353017?ref=bookmarks","article_modified_time":"2026-04-16T07:58:54+00:00","og_image":[{"width":2000,"height":2000,"url":"https:\/\/www.sestogrado.it\/wp-content\/uploads\/2024\/05\/01.jpg","type":"image\/jpeg"}],"twitter_misc":{"Price":"&euro;&nbsp;219,00","Availability":"In stock"},"schema":{"@context":"https:\/\/schema.org","@graph":[{"@type":"WebPage","@id":"https:\/\/www.sestogrado.it\/en\/prodotto\/ferrino-piuma-1-tenda-monoposto-compatta-ultraleggera\/","url":"https:\/\/www.sestogrado.it\/en\/prodotto\/ferrino-piuma-1-tenda-monoposto-compatta-ultraleggera\/","name":"Ferrino Piuma 1 tenda monoposto compatta ultraleggera - Sestogrado","isPartOf":{"@id":"https:\/\/www.sestogrado.it\/en\/#website"},"primaryImageOfPage":{"@id":"https:\/\/www.sestogrado.it\/en\/prodotto\/ferrino-piuma-1-tenda-monoposto-compatta-ultraleggera\/#primaryimage"},"image":{"@id":"https:\/\/www.sestogrado.it\/prodotto\/ferrino-piuma-1-tenda-monoposto-compatta-ultraleggera\/#primaryimage"},"thumbnailUrl":"https:\/\/www.sestogrado.it\/wp-content\/uploads\/2024\/05\/01.jpg","datePublished":"2024-05-10T07:50:36+00:00","dateModified":"2026-04-16T07:58:54+00:00","description":"La tenda ultraleggera Ferrino Piuma 1 \u00e8 stata sviluppata per trekker, bikepacker, per viaggi ultraleggeri e in backcountry. L'obiettivo della tenda Piuma \u00e8 fornire un buon volume interno senza subire eventuali penalit\u00e0 in termini di funzionalit\u00e0 e peso. L'accesso completo all'abside \u00e8 favorito da un ingresso con cerniera posizionato nella parte alta della camera che consente di raggiungere la parte pi\u00f9 stretta dell'abside anteriore, senza dover aprire la porta.","breadcrumb":{"@id":"https:\/\/www.sestogrado.it\/en\/prodotto\/ferrino-piuma-1-tenda-monoposto-compatta-ultraleggera\/#breadcrumb"},"inLanguage":"en-US","potentialAction":[{"@type":"ReadAction","target":[["https:\/\/www.sestogrado.it\/en\/prodotto\/ferrino-piuma-1-tenda-monoposto-compatta-ultraleggera\/"]]}]},{"@type":"ImageObject","inLanguage":"en-US","@id":"https:\/\/www.sestogrado.it\/en\/prodotto\/ferrino-piuma-1-tenda-monoposto-compatta-ultraleggera\/#primaryimage","url":"https:\/\/www.sestogrado.it\/wp-content\/uploads\/2024\/05\/01.jpg","contentUrl":"https:\/\/www.sestogrado.it\/wp-content\/uploads\/2024\/05\/01.jpg","width":2000,"height":2000,"caption":"ferrino piuma 1"},{"@type":"BreadcrumbList","@id":"https:\/\/www.sestogrado.it\/en\/prodotto\/ferrino-piuma-1-tenda-monoposto-compatta-ultraleggera\/#breadcrumb","itemListElement":[{"@type":"ListItem","position":1,"name":"Home","item":"https:\/\/www.sestogrado.it\/en\/"},{"@type":"ListItem","position":2,"name":"Shop","item":"https:\/\/www.sestogrado.it\/en\/shop\/"},{"@type":"ListItem","position":3,"name":"Ferrino Piuma 1 tenda monoposto compatta ultraleggera"}]},{"@type":"WebSite","@id":"https:\/\/www.sestogrado.it\/en\/#website","url":"https:\/\/www.sestogrado.it\/en\/","name":"Sestogrado","description":"yes we climb","publisher":{"@id":"https:\/\/www.sestogrado.it\/en\/#organization"},"potentialAction":[{"@type":"SearchAction","target":{"@type":"EntryPoint","urlTemplate":"https:\/\/www.sestogrado.it\/en\/?s={search_term_string}"},"query-input":{"@type":"PropertyValueSpecification","valueRequired":true,"valueName":"search_term_string"}}],"inLanguage":"en-US"},{"@type":"Organization","@id":"https:\/\/www.sestogrado.it\/en\/#organization","name":"Sestogrado","url":"https:\/\/www.sestogrado.it\/en\/","logo":{"@type":"ImageObject","inLanguage":"en-US","@id":"https:\/\/www.sestogrado.it\/en\/#\/schema\/logo\/image\/","url":"https:\/\/www.sestogrado.it\/wp-content\/uploads\/2015\/03\/sestogrado-favicon.png","contentUrl":"https:\/\/www.sestogrado.it\/wp-content\/uploads\/2015\/03\/sestogrado-favicon.png","width":260,"height":260,"caption":"Sestogrado"},"image":{"@id":"https:\/\/www.sestogrado.it\/en\/#\/schema\/logo\/image\/"},"sameAs":["https:\/\/www.facebook.com\/pages\/Sestogrado\/1542635979353017?ref=bookmarks","https:\/\/www.youtube.com\/channel\/UC847kAfTkaJsWpc1jtQwr3Q"],"hasMerchantReturnPolicy":{"@type":"MerchantReturnPolicy","merchantReturnLink":"https:\/\/www.sestogrado.it\/en\/termini-e-condizioni\/"}}]},"product_brand":"Ferrino","product_price_amount":"219.00","product_price_currency":"EUR","og_availability":"instock","product_availability":"instock","product_condition":"new"},"_links":{"self":[{"href":"https:\/\/www.sestogrado.it\/en\/wp-json\/wp\/v2\/product\/161136","targetHints":{"allow":["GET"]}}],"collection":[{"href":"https:\/\/www.sestogrado.it\/en\/wp-json\/wp\/v2\/product"}],"about":[{"href":"https:\/\/www.sestogrado.it\/en\/wp-json\/wp\/v2\/types\/product"}],"replies":[{"embeddable":true,"href":"https:\/\/www.sestogrado.it\/en\/wp-json\/wp\/v2\/comments?post=161136"}],"wp:featuredmedia":[{"embeddable":true,"href":"https:\/\/www.sestogrado.it\/en\/wp-json\/wp\/v2\/media\/161189"}],"wp:attachment":[{"href":"https:\/\/www.sestogrado.it\/en\/wp-json\/wp\/v2\/media?parent=161136"}],"wp:term":[{"taxonomy":"product_brand","embeddable":true,"href":"https:\/\/www.sestogrado.it\/en\/wp-json\/wp\/v2\/product_brand?post=161136"},{"taxonomy":"product_cat","embeddable":true,"href":"https:\/\/www.sestogrado.it\/en\/wp-json\/wp\/v2\/product_cat?post=161136"},{"taxonomy":"product_tag","embeddable":true,"href":"https:\/\/www.sestogrado.it\/en\/wp-json\/wp\/v2\/product_tag?post=161136"}],"curies":[{"name":"wp","href":"https:\/\/api.w.org\/{rel}","templated":true}]}}