{"id":16098,"date":"2022-01-14T12:00:59","date_gmt":"2022-01-14T11:00:59","guid":{"rendered":"https:\/\/www.sestogrado.it\/?post_type=product&#038;p=16098"},"modified":"2026-03-31T22:19:23","modified_gmt":"2026-03-31T20:19:23","slug":"petzl-saka-sacchetto-portamagnesite","status":"publish","type":"product","link":"https:\/\/www.sestogrado.it\/en\/prodotto\/petzl-saka-sacchetto-portamagnesite\/","title":{"rendered":"Petzl Saka Chalk Bag"},"content":{"rendered":"<p>The SAKA chalk bag&#8217;s ergonomic shape allows easy access to the chalk. The soft fabric won\u2019t cause discomfort when wearing a pack or when your back is against a rock wall. Practical closure system with drawstring and cordlock. It can be opened with only one hand should you forget to open it before you start climbing.<\/p>\n<ul>\n<li>Ergonomic shape for easy finger access<\/li>\n<li>Rigid rim maintains the shape of the bag<\/li>\n<li>Closure system in woven fabric prevents chalk from spilling out during transport<\/li>\n<li>Textile toothbrush holder for better hold of all types of brushes<\/li>\n<li>Liner sewn into bottom of bag to avoid flipping it when pulling hand out of the chalk bag<\/li>\n<\/ul>\n<p><\/p>","protected":false},"excerpt":{"rendered":"<p>The SAKA chalk bag&#8217;s ergonomic shape allows easy access to the chalk. The soft fabric won\u2019t cause discomfort when wearing [&hellip;]<\/p>\n","protected":false},"featured_media":161789,"comment_status":"open","ping_status":"closed","template":"","meta":{"_acf_changed":false},"product_brand":[50],"product_cat":[742],"product_tag":[],"class_list":{"0":"post-16098","1":"product","2":"type-product","3":"status-publish","4":"has-post-thumbnail","6":"product_brand-petzl","7":"product_cat-portamagnesite","9":"first","10":"instock","11":"sale","12":"taxable","13":"shipping-taxable","14":"purchasable","15":"product-type-variable","16":"has-default-attributes"},"acf":[],"yoast_head":"<!-- This site is optimized with the Yoast SEO plugin v26.4 - https:\/\/yoast.com\/wordpress\/plugins\/seo\/ -->\n<title>Petzl Saka Chalk Bag - Sestogrado<\/title>\n<meta name=\"description\" content=\"Il Petzl Saka \u00e8 un sacchetto portamagnesite dalla forma ergonomica che consente un facile accesso alla magnesite anche da parte di chi ha le mani grandi. E&#039; realizzato con tessuto e cuciture di qualit\u00e0, il suo materiale\u00a0morbido risulta confortevole con uno zaino o quando si \u00e8 appoggiati alla roccia. Il sistema di chiusura del Petzl Saka \u00e8 pratico e facile da utilizzare grazie alla chiusura centrale con tramite cordino e tanka. Si pu\u00f2 aprire con una sola mano nel caso in cui ci si dimentica di aprirlo prima di cominciare ad arrampicare. Forma ergonomica per facilitare il passaggio delle dita. Bordatura rigida che permette al sacchetto di conservare la propria forma. Chiusura del sacchetto in tessuto per impedire la fuoriuscita della magnesite durante il trasporto. Porta spazzolino (non in dotazione) in tessuto per una migliore tenuta di ogni tipo di spazzolino. Fodera cucita in fondo al sacchetto per evitarne il ribaltamento quando si toglie la mano dal sacchetto portamagnesite. Il Petzl Saka \u00e8 un sacchetto portamagnesite confortevole, realizzato con materiali robusti, fatto per durare.\" \/>\n<meta name=\"robots\" content=\"index, follow, max-snippet:-1, max-image-preview:large, max-video-preview:-1\" \/>\n<link rel=\"canonical\" href=\"https:\/\/www.sestogrado.it\/en\/prodotto\/petzl-saka-sacchetto-portamagnesite\/\" \/>\n<meta property=\"og:locale\" content=\"en_US\" \/>\n<meta property=\"og:type\" content=\"article\" \/>\n<meta property=\"og:title\" content=\"Petzl Saka Chalk Bag - Sestogrado\" \/>\n<meta property=\"og:description\" content=\"Il Petzl Saka \u00e8 un sacchetto portamagnesite dalla forma ergonomica che consente un facile accesso alla magnesite anche da parte di chi ha le mani grandi. E&#039; realizzato con tessuto e cuciture di qualit\u00e0, il suo materiale\u00a0morbido risulta confortevole con uno zaino o quando si \u00e8 appoggiati alla roccia. Il sistema di chiusura del Petzl Saka \u00e8 pratico e facile da utilizzare grazie alla chiusura centrale con tramite cordino e tanka. Si pu\u00f2 aprire con una sola mano nel caso in cui ci si dimentica di aprirlo prima di cominciare ad arrampicare. Forma ergonomica per facilitare il passaggio delle dita. Bordatura rigida che permette al sacchetto di conservare la propria forma. Chiusura del sacchetto in tessuto per impedire la fuoriuscita della magnesite durante il trasporto. Porta spazzolino (non in dotazione) in tessuto per una migliore tenuta di ogni tipo di spazzolino. Fodera cucita in fondo al sacchetto per evitarne il ribaltamento quando si toglie la mano dal sacchetto portamagnesite. Il Petzl Saka \u00e8 un sacchetto portamagnesite confortevole, realizzato con materiali robusti, fatto per durare.\" \/>\n<meta property=\"og:url\" content=\"https:\/\/www.sestogrado.it\/en\/prodotto\/petzl-saka-sacchetto-portamagnesite\/\" \/>\n<meta property=\"og:site_name\" content=\"Sestogrado\" \/>\n<meta property=\"article:publisher\" content=\"https:\/\/www.facebook.com\/pages\/Sestogrado\/1542635979353017?ref=bookmarks\" \/>\n<meta property=\"article:modified_time\" content=\"2026-03-31T20:19:23+00:00\" \/>\n<meta property=\"og:image\" content=\"https:\/\/www.sestogrado.it\/wp-content\/uploads\/2022\/01\/stripes.jpg\" \/>\n\t<meta property=\"og:image:width\" content=\"1200\" \/>\n\t<meta property=\"og:image:height\" content=\"1200\" \/>\n\t<meta property=\"og:image:type\" content=\"image\/jpeg\" \/>\n<meta name=\"twitter:label1\" content=\"Availability\" \/>\n\t<meta name=\"twitter:data1\" content=\"In stock\" \/>\n<script type=\"application\/ld+json\" class=\"yoast-schema-graph\">{\"@context\":\"https:\/\/schema.org\",\"@graph\":[{\"@type\":\"WebPage\",\"@id\":\"https:\/\/www.sestogrado.it\/en\/prodotto\/petzl-saka-sacchetto-portamagnesite\/\",\"url\":\"https:\/\/www.sestogrado.it\/en\/prodotto\/petzl-saka-sacchetto-portamagnesite\/\",\"name\":\"Petzl Saka Chalk Bag - Sestogrado\",\"isPartOf\":{\"@id\":\"https:\/\/www.sestogrado.it\/en\/#website\"},\"primaryImageOfPage\":{\"@id\":\"https:\/\/www.sestogrado.it\/en\/prodotto\/petzl-saka-sacchetto-portamagnesite\/#primaryimage\"},\"image\":{\"@id\":\"https:\/\/www.sestogrado.it\/prodotto\/petzl-saka-sacchetto-portamagnesite\/#primaryimage\"},\"thumbnailUrl\":\"https:\/\/www.sestogrado.it\/wp-content\/uploads\/2022\/01\/stripes.jpg\",\"datePublished\":\"2022-01-14T11:00:59+00:00\",\"dateModified\":\"2026-03-31T20:19:23+00:00\",\"description\":\"Il Petzl Saka \u00e8 un sacchetto portamagnesite dalla forma ergonomica che consente un facile accesso alla magnesite anche da parte di chi ha le mani grandi. E' realizzato con tessuto e cuciture di qualit\u00e0, il suo materiale\u00a0morbido risulta confortevole con uno zaino o quando si \u00e8 appoggiati alla roccia. Il sistema di chiusura del Petzl Saka \u00e8 pratico e facile da utilizzare grazie alla chiusura centrale con tramite cordino e tanka. Si pu\u00f2 aprire con una sola mano nel caso in cui ci si dimentica di aprirlo prima di cominciare ad arrampicare. Forma ergonomica per facilitare il passaggio delle dita. Bordatura rigida che permette al sacchetto di conservare la propria forma. Chiusura del sacchetto in tessuto per impedire la fuoriuscita della magnesite durante il trasporto. Porta spazzolino (non in dotazione) in tessuto per una migliore tenuta di ogni tipo di spazzolino. Fodera cucita in fondo al sacchetto per evitarne il ribaltamento quando si toglie la mano dal sacchetto portamagnesite. Il Petzl Saka \u00e8 un sacchetto portamagnesite confortevole, realizzato con materiali robusti, fatto per durare.\",\"breadcrumb\":{\"@id\":\"https:\/\/www.sestogrado.it\/en\/prodotto\/petzl-saka-sacchetto-portamagnesite\/#breadcrumb\"},\"inLanguage\":\"en-US\",\"potentialAction\":[{\"@type\":\"ReadAction\",\"target\":[[\"https:\/\/www.sestogrado.it\/en\/prodotto\/petzl-saka-sacchetto-portamagnesite\/\"]]}]},{\"@type\":\"ImageObject\",\"inLanguage\":\"en-US\",\"@id\":\"https:\/\/www.sestogrado.it\/en\/prodotto\/petzl-saka-sacchetto-portamagnesite\/#primaryimage\",\"url\":\"https:\/\/www.sestogrado.it\/wp-content\/uploads\/2022\/01\/stripes.jpg\",\"contentUrl\":\"https:\/\/www.sestogrado.it\/wp-content\/uploads\/2022\/01\/stripes.jpg\",\"width\":1200,\"height\":1200,\"caption\":\"saka stripes\"},{\"@type\":\"BreadcrumbList\",\"@id\":\"https:\/\/www.sestogrado.it\/en\/prodotto\/petzl-saka-sacchetto-portamagnesite\/#breadcrumb\",\"itemListElement\":[{\"@type\":\"ListItem\",\"position\":1,\"name\":\"Home\",\"item\":\"https:\/\/www.sestogrado.it\/en\/\"},{\"@type\":\"ListItem\",\"position\":2,\"name\":\"Shop\",\"item\":\"https:\/\/www.sestogrado.it\/en\/shop\/\"},{\"@type\":\"ListItem\",\"position\":3,\"name\":\"Petzl Saka sacchetto portamagnesite\"}]},{\"@type\":\"WebSite\",\"@id\":\"https:\/\/www.sestogrado.it\/en\/#website\",\"url\":\"https:\/\/www.sestogrado.it\/en\/\",\"name\":\"Sestogrado\",\"description\":\"yes we climb\",\"publisher\":{\"@id\":\"https:\/\/www.sestogrado.it\/en\/#organization\"},\"potentialAction\":[{\"@type\":\"SearchAction\",\"target\":{\"@type\":\"EntryPoint\",\"urlTemplate\":\"https:\/\/www.sestogrado.it\/en\/?s={search_term_string}\"},\"query-input\":{\"@type\":\"PropertyValueSpecification\",\"valueRequired\":true,\"valueName\":\"search_term_string\"}}],\"inLanguage\":\"en-US\"},{\"@type\":\"Organization\",\"@id\":\"https:\/\/www.sestogrado.it\/en\/#organization\",\"name\":\"Sestogrado\",\"url\":\"https:\/\/www.sestogrado.it\/en\/\",\"logo\":{\"@type\":\"ImageObject\",\"inLanguage\":\"en-US\",\"@id\":\"https:\/\/www.sestogrado.it\/en\/#\/schema\/logo\/image\/\",\"url\":\"https:\/\/www.sestogrado.it\/wp-content\/uploads\/2015\/03\/sestogrado-favicon.png\",\"contentUrl\":\"https:\/\/www.sestogrado.it\/wp-content\/uploads\/2015\/03\/sestogrado-favicon.png\",\"width\":260,\"height\":260,\"caption\":\"Sestogrado\"},\"image\":{\"@id\":\"https:\/\/www.sestogrado.it\/en\/#\/schema\/logo\/image\/\"},\"sameAs\":[\"https:\/\/www.facebook.com\/pages\/Sestogrado\/1542635979353017?ref=bookmarks\",\"https:\/\/www.youtube.com\/channel\/UC847kAfTkaJsWpc1jtQwr3Q\"],\"hasMerchantReturnPolicy\":{\"@type\":\"MerchantReturnPolicy\",\"merchantReturnLink\":\"https:\/\/www.sestogrado.it\/en\/termini-e-condizioni\/\"}}]}<\/script>\n<meta property=\"product:brand\" content=\"Petzl\" \/>\n<meta property=\"og:availability\" content=\"instock\" \/>\n<meta property=\"product:availability\" content=\"instock\" \/>\n<meta property=\"product:condition\" content=\"new\" \/>\n<!-- \/ Yoast SEO plugin. -->","yoast_head_json":{"title":"Petzl Saka Chalk Bag - Sestogrado","description":"Il Petzl Saka \u00e8 un sacchetto portamagnesite dalla forma ergonomica che consente un facile accesso alla magnesite anche da parte di chi ha le mani grandi. E' realizzato con tessuto e cuciture di qualit\u00e0, il suo materiale\u00a0morbido risulta confortevole con uno zaino o quando si \u00e8 appoggiati alla roccia. Il sistema di chiusura del Petzl Saka \u00e8 pratico e facile da utilizzare grazie alla chiusura centrale con tramite cordino e tanka. Si pu\u00f2 aprire con una sola mano nel caso in cui ci si dimentica di aprirlo prima di cominciare ad arrampicare. Forma ergonomica per facilitare il passaggio delle dita. Bordatura rigida che permette al sacchetto di conservare la propria forma. Chiusura del sacchetto in tessuto per impedire la fuoriuscita della magnesite durante il trasporto. Porta spazzolino (non in dotazione) in tessuto per una migliore tenuta di ogni tipo di spazzolino. Fodera cucita in fondo al sacchetto per evitarne il ribaltamento quando si toglie la mano dal sacchetto portamagnesite. Il Petzl Saka \u00e8 un sacchetto portamagnesite confortevole, realizzato con materiali robusti, fatto per durare.","robots":{"index":"index","follow":"follow","max-snippet":"max-snippet:-1","max-image-preview":"max-image-preview:large","max-video-preview":"max-video-preview:-1"},"canonical":"https:\/\/www.sestogrado.it\/en\/prodotto\/petzl-saka-sacchetto-portamagnesite\/","og_locale":"en_US","og_type":"article","og_title":"Petzl Saka Chalk Bag - Sestogrado","og_description":"Il Petzl Saka \u00e8 un sacchetto portamagnesite dalla forma ergonomica che consente un facile accesso alla magnesite anche da parte di chi ha le mani grandi. E' realizzato con tessuto e cuciture di qualit\u00e0, il suo materiale\u00a0morbido risulta confortevole con uno zaino o quando si \u00e8 appoggiati alla roccia. Il sistema di chiusura del Petzl Saka \u00e8 pratico e facile da utilizzare grazie alla chiusura centrale con tramite cordino e tanka. Si pu\u00f2 aprire con una sola mano nel caso in cui ci si dimentica di aprirlo prima di cominciare ad arrampicare. Forma ergonomica per facilitare il passaggio delle dita. Bordatura rigida che permette al sacchetto di conservare la propria forma. Chiusura del sacchetto in tessuto per impedire la fuoriuscita della magnesite durante il trasporto. Porta spazzolino (non in dotazione) in tessuto per una migliore tenuta di ogni tipo di spazzolino. Fodera cucita in fondo al sacchetto per evitarne il ribaltamento quando si toglie la mano dal sacchetto portamagnesite. Il Petzl Saka \u00e8 un sacchetto portamagnesite confortevole, realizzato con materiali robusti, fatto per durare.","og_url":"https:\/\/www.sestogrado.it\/en\/prodotto\/petzl-saka-sacchetto-portamagnesite\/","og_site_name":"Sestogrado","article_publisher":"https:\/\/www.facebook.com\/pages\/Sestogrado\/1542635979353017?ref=bookmarks","article_modified_time":"2026-03-31T20:19:23+00:00","og_image":[{"width":1200,"height":1200,"url":"https:\/\/www.sestogrado.it\/wp-content\/uploads\/2022\/01\/stripes.jpg","type":"image\/jpeg"}],"twitter_misc":{"Availability":"In stock"},"schema":{"@context":"https:\/\/schema.org","@graph":[{"@type":"WebPage","@id":"https:\/\/www.sestogrado.it\/en\/prodotto\/petzl-saka-sacchetto-portamagnesite\/","url":"https:\/\/www.sestogrado.it\/en\/prodotto\/petzl-saka-sacchetto-portamagnesite\/","name":"Petzl Saka Chalk Bag - Sestogrado","isPartOf":{"@id":"https:\/\/www.sestogrado.it\/en\/#website"},"primaryImageOfPage":{"@id":"https:\/\/www.sestogrado.it\/en\/prodotto\/petzl-saka-sacchetto-portamagnesite\/#primaryimage"},"image":{"@id":"https:\/\/www.sestogrado.it\/prodotto\/petzl-saka-sacchetto-portamagnesite\/#primaryimage"},"thumbnailUrl":"https:\/\/www.sestogrado.it\/wp-content\/uploads\/2022\/01\/stripes.jpg","datePublished":"2022-01-14T11:00:59+00:00","dateModified":"2026-03-31T20:19:23+00:00","description":"Il Petzl Saka \u00e8 un sacchetto portamagnesite dalla forma ergonomica che consente un facile accesso alla magnesite anche da parte di chi ha le mani grandi. E' realizzato con tessuto e cuciture di qualit\u00e0, il suo materiale\u00a0morbido risulta confortevole con uno zaino o quando si \u00e8 appoggiati alla roccia. Il sistema di chiusura del Petzl Saka \u00e8 pratico e facile da utilizzare grazie alla chiusura centrale con tramite cordino e tanka. Si pu\u00f2 aprire con una sola mano nel caso in cui ci si dimentica di aprirlo prima di cominciare ad arrampicare. Forma ergonomica per facilitare il passaggio delle dita. Bordatura rigida che permette al sacchetto di conservare la propria forma. Chiusura del sacchetto in tessuto per impedire la fuoriuscita della magnesite durante il trasporto. Porta spazzolino (non in dotazione) in tessuto per una migliore tenuta di ogni tipo di spazzolino. Fodera cucita in fondo al sacchetto per evitarne il ribaltamento quando si toglie la mano dal sacchetto portamagnesite. Il Petzl Saka \u00e8 un sacchetto portamagnesite confortevole, realizzato con materiali robusti, fatto per durare.","breadcrumb":{"@id":"https:\/\/www.sestogrado.it\/en\/prodotto\/petzl-saka-sacchetto-portamagnesite\/#breadcrumb"},"inLanguage":"en-US","potentialAction":[{"@type":"ReadAction","target":[["https:\/\/www.sestogrado.it\/en\/prodotto\/petzl-saka-sacchetto-portamagnesite\/"]]}]},{"@type":"ImageObject","inLanguage":"en-US","@id":"https:\/\/www.sestogrado.it\/en\/prodotto\/petzl-saka-sacchetto-portamagnesite\/#primaryimage","url":"https:\/\/www.sestogrado.it\/wp-content\/uploads\/2022\/01\/stripes.jpg","contentUrl":"https:\/\/www.sestogrado.it\/wp-content\/uploads\/2022\/01\/stripes.jpg","width":1200,"height":1200,"caption":"saka stripes"},{"@type":"BreadcrumbList","@id":"https:\/\/www.sestogrado.it\/en\/prodotto\/petzl-saka-sacchetto-portamagnesite\/#breadcrumb","itemListElement":[{"@type":"ListItem","position":1,"name":"Home","item":"https:\/\/www.sestogrado.it\/en\/"},{"@type":"ListItem","position":2,"name":"Shop","item":"https:\/\/www.sestogrado.it\/en\/shop\/"},{"@type":"ListItem","position":3,"name":"Petzl Saka sacchetto portamagnesite"}]},{"@type":"WebSite","@id":"https:\/\/www.sestogrado.it\/en\/#website","url":"https:\/\/www.sestogrado.it\/en\/","name":"Sestogrado","description":"yes we climb","publisher":{"@id":"https:\/\/www.sestogrado.it\/en\/#organization"},"potentialAction":[{"@type":"SearchAction","target":{"@type":"EntryPoint","urlTemplate":"https:\/\/www.sestogrado.it\/en\/?s={search_term_string}"},"query-input":{"@type":"PropertyValueSpecification","valueRequired":true,"valueName":"search_term_string"}}],"inLanguage":"en-US"},{"@type":"Organization","@id":"https:\/\/www.sestogrado.it\/en\/#organization","name":"Sestogrado","url":"https:\/\/www.sestogrado.it\/en\/","logo":{"@type":"ImageObject","inLanguage":"en-US","@id":"https:\/\/www.sestogrado.it\/en\/#\/schema\/logo\/image\/","url":"https:\/\/www.sestogrado.it\/wp-content\/uploads\/2015\/03\/sestogrado-favicon.png","contentUrl":"https:\/\/www.sestogrado.it\/wp-content\/uploads\/2015\/03\/sestogrado-favicon.png","width":260,"height":260,"caption":"Sestogrado"},"image":{"@id":"https:\/\/www.sestogrado.it\/en\/#\/schema\/logo\/image\/"},"sameAs":["https:\/\/www.facebook.com\/pages\/Sestogrado\/1542635979353017?ref=bookmarks","https:\/\/www.youtube.com\/channel\/UC847kAfTkaJsWpc1jtQwr3Q"],"hasMerchantReturnPolicy":{"@type":"MerchantReturnPolicy","merchantReturnLink":"https:\/\/www.sestogrado.it\/en\/termini-e-condizioni\/"}}]},"product_brand":"Petzl","og_availability":"instock","product_availability":"instock","product_condition":"new"},"_links":{"self":[{"href":"https:\/\/www.sestogrado.it\/en\/wp-json\/wp\/v2\/product\/16098","targetHints":{"allow":["GET"]}}],"collection":[{"href":"https:\/\/www.sestogrado.it\/en\/wp-json\/wp\/v2\/product"}],"about":[{"href":"https:\/\/www.sestogrado.it\/en\/wp-json\/wp\/v2\/types\/product"}],"replies":[{"embeddable":true,"href":"https:\/\/www.sestogrado.it\/en\/wp-json\/wp\/v2\/comments?post=16098"}],"wp:featuredmedia":[{"embeddable":true,"href":"https:\/\/www.sestogrado.it\/en\/wp-json\/wp\/v2\/media\/161789"}],"wp:attachment":[{"href":"https:\/\/www.sestogrado.it\/en\/wp-json\/wp\/v2\/media?parent=16098"}],"wp:term":[{"taxonomy":"product_brand","embeddable":true,"href":"https:\/\/www.sestogrado.it\/en\/wp-json\/wp\/v2\/product_brand?post=16098"},{"taxonomy":"product_cat","embeddable":true,"href":"https:\/\/www.sestogrado.it\/en\/wp-json\/wp\/v2\/product_cat?post=16098"},{"taxonomy":"product_tag","embeddable":true,"href":"https:\/\/www.sestogrado.it\/en\/wp-json\/wp\/v2\/product_tag?post=16098"}],"curies":[{"name":"wp","href":"https:\/\/api.w.org\/{rel}","templated":true}]}}