{"id":160376,"date":"2024-06-18T14:58:07","date_gmt":"2024-06-18T12:58:07","guid":{"rendered":"https:\/\/www.sestogrado.it\/?post_type=product&#038;p=160376"},"modified":"2026-04-24T12:29:54","modified_gmt":"2026-04-24T10:29:54","slug":"camp-orbit-wire-express-ks-rinvio-rinvii-arrampicata","status":"publish","type":"product","link":"https:\/\/www.sestogrado.it\/en\/prodotto\/camp-orbit-wire-express-ks-rinvio-rinvii-arrampicata\/","title":{"rendered":"Camp Orbit Wire Express KS rinvio rinvii arrampicata"},"content":{"rendered":"<p class=\"qtranxs-available-languages-message qtranxs-available-languages-message-en\">Sorry, this entry is only available in <a href=\"https:\/\/www.sestogrado.it\/it\/wp-json\/wp\/v2\/product\/160376\" class=\"qtranxs-available-language-link qtranxs-available-language-link-it\" title=\"Italiano\">Italiano<\/a>.<\/p>","protected":false},"excerpt":{"rendered":"<p>Sorry, this entry is only available in Italiano.<\/p>\n","protected":false},"featured_media":160378,"comment_status":"open","ping_status":"closed","template":"","meta":{"_acf_changed":false},"product_brand":[31],"product_cat":[133],"product_tag":[],"class_list":{"0":"post-160376","1":"product","2":"type-product","3":"status-publish","4":"has-post-thumbnail","6":"product_brand-camp","7":"product_cat-rinvii","9":"first","10":"instock","11":"sale","12":"taxable","13":"shipping-taxable","14":"purchasable","15":"product-type-variable"},"acf":[],"yoast_head":"<!-- This site is optimized with the Yoast SEO plugin v26.4 - https:\/\/yoast.com\/wordpress\/plugins\/seo\/ -->\n<title>Camp Orbit Wire Express KS rinvio rinvii arrampicata - Sestogrado<\/title>\n<meta name=\"description\" content=\"Il Camp Orbit Wire Express KS \u00e8 un rinvio da arrampicata leggero e polivalente, grazie ai due moschettoni a filo Orbit Wire. Versione leggera degli Orbit Express,gli Orbit Wire Express KS sono dei rinvii affidabili e robusti, perfetti per tutti gli utilizzi intensivi. Dimensioni e morbidezza della leva garantiscono una eccellente funzionalit\u00e0. La fettuccia \u00e8 in robusto nylon da 16mm. La versione KS \u00e8 dotata del ferma moschettone Karstop Evo, per tenere correttamente orientato il moschettone lato corda.La leva a filo degli Orbit Wire garantisce leggerezza ed evita il fenomeno del gate flutter, ed apertura involontaria della leva. I moschettoni Orbit Wire sono particolarmente robusti e disegnati per assicurare un&#039;eccellente scorrimento delle corde. Dimensioni e apertura garantiscono un&#039;ottima maneggevolezza.\" \/>\n<meta name=\"robots\" content=\"index, follow, max-snippet:-1, max-image-preview:large, max-video-preview:-1\" \/>\n<link rel=\"canonical\" href=\"https:\/\/www.sestogrado.it\/en\/prodotto\/camp-orbit-wire-express-ks-rinvio-rinvii-arrampicata\/\" \/>\n<meta property=\"og:locale\" content=\"en_US\" \/>\n<meta property=\"og:type\" content=\"article\" \/>\n<meta property=\"og:title\" content=\"Camp Orbit Wire Express KS rinvio rinvii arrampicata - Sestogrado\" \/>\n<meta property=\"og:description\" content=\"Il Camp Orbit Wire Express KS \u00e8 un rinvio da arrampicata leggero e polivalente, grazie ai due moschettoni a filo Orbit Wire. Versione leggera degli Orbit Express,gli Orbit Wire Express KS sono dei rinvii affidabili e robusti, perfetti per tutti gli utilizzi intensivi. Dimensioni e morbidezza della leva garantiscono una eccellente funzionalit\u00e0. La fettuccia \u00e8 in robusto nylon da 16mm. La versione KS \u00e8 dotata del ferma moschettone Karstop Evo, per tenere correttamente orientato il moschettone lato corda.La leva a filo degli Orbit Wire garantisce leggerezza ed evita il fenomeno del gate flutter, ed apertura involontaria della leva. I moschettoni Orbit Wire sono particolarmente robusti e disegnati per assicurare un&#039;eccellente scorrimento delle corde. Dimensioni e apertura garantiscono un&#039;ottima maneggevolezza.\" \/>\n<meta property=\"og:url\" content=\"https:\/\/www.sestogrado.it\/en\/prodotto\/camp-orbit-wire-express-ks-rinvio-rinvii-arrampicata\/\" \/>\n<meta property=\"og:site_name\" content=\"Sestogrado\" \/>\n<meta property=\"article:publisher\" content=\"https:\/\/www.facebook.com\/pages\/Sestogrado\/1542635979353017?ref=bookmarks\" \/>\n<meta property=\"article:modified_time\" content=\"2026-04-24T10:29:54+00:00\" \/>\n<meta property=\"og:image\" content=\"https:\/\/www.sestogrado.it\/wp-content\/uploads\/2024\/04\/wire-ks.jpg\" \/>\n\t<meta property=\"og:image:width\" content=\"1600\" \/>\n\t<meta property=\"og:image:height\" content=\"1600\" \/>\n\t<meta property=\"og:image:type\" content=\"image\/jpeg\" \/>\n<meta name=\"twitter:label1\" content=\"Availability\" \/>\n\t<meta name=\"twitter:data1\" content=\"In stock\" \/>\n<script type=\"application\/ld+json\" class=\"yoast-schema-graph\">{\"@context\":\"https:\/\/schema.org\",\"@graph\":[{\"@type\":\"WebPage\",\"@id\":\"https:\/\/www.sestogrado.it\/en\/prodotto\/camp-orbit-wire-express-ks-rinvio-rinvii-arrampicata\/\",\"url\":\"https:\/\/www.sestogrado.it\/en\/prodotto\/camp-orbit-wire-express-ks-rinvio-rinvii-arrampicata\/\",\"name\":\"Camp Orbit Wire Express KS rinvio rinvii arrampicata - Sestogrado\",\"isPartOf\":{\"@id\":\"https:\/\/www.sestogrado.it\/en\/#website\"},\"primaryImageOfPage\":{\"@id\":\"https:\/\/www.sestogrado.it\/en\/prodotto\/camp-orbit-wire-express-ks-rinvio-rinvii-arrampicata\/#primaryimage\"},\"image\":{\"@id\":\"https:\/\/www.sestogrado.it\/prodotto\/camp-orbit-wire-express-ks-rinvio-rinvii-arrampicata\/#primaryimage\"},\"thumbnailUrl\":\"https:\/\/www.sestogrado.it\/wp-content\/uploads\/2024\/04\/wire-ks.jpg\",\"datePublished\":\"2024-06-18T12:58:07+00:00\",\"dateModified\":\"2026-04-24T10:29:54+00:00\",\"description\":\"Il Camp Orbit Wire Express KS \u00e8 un rinvio da arrampicata leggero e polivalente, grazie ai due moschettoni a filo Orbit Wire. Versione leggera degli Orbit Express,gli Orbit Wire Express KS sono dei rinvii affidabili e robusti, perfetti per tutti gli utilizzi intensivi. Dimensioni e morbidezza della leva garantiscono una eccellente funzionalit\u00e0. La fettuccia \u00e8 in robusto nylon da 16mm. La versione KS \u00e8 dotata del ferma moschettone Karstop Evo, per tenere correttamente orientato il moschettone lato corda.La leva a filo degli Orbit Wire garantisce leggerezza ed evita il fenomeno del gate flutter, ed apertura involontaria della leva. I moschettoni Orbit Wire sono particolarmente robusti e disegnati per assicurare un'eccellente scorrimento delle corde. Dimensioni e apertura garantiscono un'ottima maneggevolezza.\",\"breadcrumb\":{\"@id\":\"https:\/\/www.sestogrado.it\/en\/prodotto\/camp-orbit-wire-express-ks-rinvio-rinvii-arrampicata\/#breadcrumb\"},\"inLanguage\":\"en-US\",\"potentialAction\":[{\"@type\":\"ReadAction\",\"target\":[[\"https:\/\/www.sestogrado.it\/en\/prodotto\/camp-orbit-wire-express-ks-rinvio-rinvii-arrampicata\/\"]]}]},{\"@type\":\"ImageObject\",\"inLanguage\":\"en-US\",\"@id\":\"https:\/\/www.sestogrado.it\/en\/prodotto\/camp-orbit-wire-express-ks-rinvio-rinvii-arrampicata\/#primaryimage\",\"url\":\"https:\/\/www.sestogrado.it\/wp-content\/uploads\/2024\/04\/wire-ks.jpg\",\"contentUrl\":\"https:\/\/www.sestogrado.it\/wp-content\/uploads\/2024\/04\/wire-ks.jpg\",\"width\":1600,\"height\":1600,\"caption\":\"wire-ks\"},{\"@type\":\"BreadcrumbList\",\"@id\":\"https:\/\/www.sestogrado.it\/en\/prodotto\/camp-orbit-wire-express-ks-rinvio-rinvii-arrampicata\/#breadcrumb\",\"itemListElement\":[{\"@type\":\"ListItem\",\"position\":1,\"name\":\"Home\",\"item\":\"https:\/\/www.sestogrado.it\/en\/\"},{\"@type\":\"ListItem\",\"position\":2,\"name\":\"Shop\",\"item\":\"https:\/\/www.sestogrado.it\/en\/shop\/\"},{\"@type\":\"ListItem\",\"position\":3,\"name\":\"Camp Orbit Wire Express KS rinvio rinvii arrampicata\"}]},{\"@type\":\"WebSite\",\"@id\":\"https:\/\/www.sestogrado.it\/en\/#website\",\"url\":\"https:\/\/www.sestogrado.it\/en\/\",\"name\":\"Sestogrado\",\"description\":\"yes we climb\",\"publisher\":{\"@id\":\"https:\/\/www.sestogrado.it\/en\/#organization\"},\"potentialAction\":[{\"@type\":\"SearchAction\",\"target\":{\"@type\":\"EntryPoint\",\"urlTemplate\":\"https:\/\/www.sestogrado.it\/en\/?s={search_term_string}\"},\"query-input\":{\"@type\":\"PropertyValueSpecification\",\"valueRequired\":true,\"valueName\":\"search_term_string\"}}],\"inLanguage\":\"en-US\"},{\"@type\":\"Organization\",\"@id\":\"https:\/\/www.sestogrado.it\/en\/#organization\",\"name\":\"Sestogrado\",\"url\":\"https:\/\/www.sestogrado.it\/en\/\",\"logo\":{\"@type\":\"ImageObject\",\"inLanguage\":\"en-US\",\"@id\":\"https:\/\/www.sestogrado.it\/en\/#\/schema\/logo\/image\/\",\"url\":\"https:\/\/www.sestogrado.it\/wp-content\/uploads\/2015\/03\/sestogrado-favicon.png\",\"contentUrl\":\"https:\/\/www.sestogrado.it\/wp-content\/uploads\/2015\/03\/sestogrado-favicon.png\",\"width\":260,\"height\":260,\"caption\":\"Sestogrado\"},\"image\":{\"@id\":\"https:\/\/www.sestogrado.it\/en\/#\/schema\/logo\/image\/\"},\"sameAs\":[\"https:\/\/www.facebook.com\/pages\/Sestogrado\/1542635979353017?ref=bookmarks\",\"https:\/\/www.youtube.com\/channel\/UC847kAfTkaJsWpc1jtQwr3Q\"],\"hasMerchantReturnPolicy\":{\"@type\":\"MerchantReturnPolicy\",\"merchantReturnLink\":\"https:\/\/www.sestogrado.it\/en\/termini-e-condizioni\/\"}}]}<\/script>\n<meta property=\"product:brand\" content=\"Camp\" \/>\n<meta property=\"og:availability\" content=\"instock\" \/>\n<meta property=\"product:availability\" content=\"instock\" \/>\n<meta property=\"product:condition\" content=\"new\" \/>\n<!-- \/ Yoast SEO plugin. -->","yoast_head_json":{"title":"Camp Orbit Wire Express KS rinvio rinvii arrampicata - Sestogrado","description":"Il Camp Orbit Wire Express KS \u00e8 un rinvio da arrampicata leggero e polivalente, grazie ai due moschettoni a filo Orbit Wire. Versione leggera degli Orbit Express,gli Orbit Wire Express KS sono dei rinvii affidabili e robusti, perfetti per tutti gli utilizzi intensivi. Dimensioni e morbidezza della leva garantiscono una eccellente funzionalit\u00e0. La fettuccia \u00e8 in robusto nylon da 16mm. La versione KS \u00e8 dotata del ferma moschettone Karstop Evo, per tenere correttamente orientato il moschettone lato corda.La leva a filo degli Orbit Wire garantisce leggerezza ed evita il fenomeno del gate flutter, ed apertura involontaria della leva. I moschettoni Orbit Wire sono particolarmente robusti e disegnati per assicurare un'eccellente scorrimento delle corde. Dimensioni e apertura garantiscono un'ottima maneggevolezza.","robots":{"index":"index","follow":"follow","max-snippet":"max-snippet:-1","max-image-preview":"max-image-preview:large","max-video-preview":"max-video-preview:-1"},"canonical":"https:\/\/www.sestogrado.it\/en\/prodotto\/camp-orbit-wire-express-ks-rinvio-rinvii-arrampicata\/","og_locale":"en_US","og_type":"article","og_title":"Camp Orbit Wire Express KS rinvio rinvii arrampicata - Sestogrado","og_description":"Il Camp Orbit Wire Express KS \u00e8 un rinvio da arrampicata leggero e polivalente, grazie ai due moschettoni a filo Orbit Wire. Versione leggera degli Orbit Express,gli Orbit Wire Express KS sono dei rinvii affidabili e robusti, perfetti per tutti gli utilizzi intensivi. Dimensioni e morbidezza della leva garantiscono una eccellente funzionalit\u00e0. La fettuccia \u00e8 in robusto nylon da 16mm. La versione KS \u00e8 dotata del ferma moschettone Karstop Evo, per tenere correttamente orientato il moschettone lato corda.La leva a filo degli Orbit Wire garantisce leggerezza ed evita il fenomeno del gate flutter, ed apertura involontaria della leva. I moschettoni Orbit Wire sono particolarmente robusti e disegnati per assicurare un'eccellente scorrimento delle corde. Dimensioni e apertura garantiscono un'ottima maneggevolezza.","og_url":"https:\/\/www.sestogrado.it\/en\/prodotto\/camp-orbit-wire-express-ks-rinvio-rinvii-arrampicata\/","og_site_name":"Sestogrado","article_publisher":"https:\/\/www.facebook.com\/pages\/Sestogrado\/1542635979353017?ref=bookmarks","article_modified_time":"2026-04-24T10:29:54+00:00","og_image":[{"width":1600,"height":1600,"url":"https:\/\/www.sestogrado.it\/wp-content\/uploads\/2024\/04\/wire-ks.jpg","type":"image\/jpeg"}],"twitter_misc":{"Availability":"In stock"},"schema":{"@context":"https:\/\/schema.org","@graph":[{"@type":"WebPage","@id":"https:\/\/www.sestogrado.it\/en\/prodotto\/camp-orbit-wire-express-ks-rinvio-rinvii-arrampicata\/","url":"https:\/\/www.sestogrado.it\/en\/prodotto\/camp-orbit-wire-express-ks-rinvio-rinvii-arrampicata\/","name":"Camp Orbit Wire Express KS rinvio rinvii arrampicata - Sestogrado","isPartOf":{"@id":"https:\/\/www.sestogrado.it\/en\/#website"},"primaryImageOfPage":{"@id":"https:\/\/www.sestogrado.it\/en\/prodotto\/camp-orbit-wire-express-ks-rinvio-rinvii-arrampicata\/#primaryimage"},"image":{"@id":"https:\/\/www.sestogrado.it\/prodotto\/camp-orbit-wire-express-ks-rinvio-rinvii-arrampicata\/#primaryimage"},"thumbnailUrl":"https:\/\/www.sestogrado.it\/wp-content\/uploads\/2024\/04\/wire-ks.jpg","datePublished":"2024-06-18T12:58:07+00:00","dateModified":"2026-04-24T10:29:54+00:00","description":"Il Camp Orbit Wire Express KS \u00e8 un rinvio da arrampicata leggero e polivalente, grazie ai due moschettoni a filo Orbit Wire. Versione leggera degli Orbit Express,gli Orbit Wire Express KS sono dei rinvii affidabili e robusti, perfetti per tutti gli utilizzi intensivi. Dimensioni e morbidezza della leva garantiscono una eccellente funzionalit\u00e0. La fettuccia \u00e8 in robusto nylon da 16mm. La versione KS \u00e8 dotata del ferma moschettone Karstop Evo, per tenere correttamente orientato il moschettone lato corda.La leva a filo degli Orbit Wire garantisce leggerezza ed evita il fenomeno del gate flutter, ed apertura involontaria della leva. I moschettoni Orbit Wire sono particolarmente robusti e disegnati per assicurare un'eccellente scorrimento delle corde. Dimensioni e apertura garantiscono un'ottima maneggevolezza.","breadcrumb":{"@id":"https:\/\/www.sestogrado.it\/en\/prodotto\/camp-orbit-wire-express-ks-rinvio-rinvii-arrampicata\/#breadcrumb"},"inLanguage":"en-US","potentialAction":[{"@type":"ReadAction","target":[["https:\/\/www.sestogrado.it\/en\/prodotto\/camp-orbit-wire-express-ks-rinvio-rinvii-arrampicata\/"]]}]},{"@type":"ImageObject","inLanguage":"en-US","@id":"https:\/\/www.sestogrado.it\/en\/prodotto\/camp-orbit-wire-express-ks-rinvio-rinvii-arrampicata\/#primaryimage","url":"https:\/\/www.sestogrado.it\/wp-content\/uploads\/2024\/04\/wire-ks.jpg","contentUrl":"https:\/\/www.sestogrado.it\/wp-content\/uploads\/2024\/04\/wire-ks.jpg","width":1600,"height":1600,"caption":"wire-ks"},{"@type":"BreadcrumbList","@id":"https:\/\/www.sestogrado.it\/en\/prodotto\/camp-orbit-wire-express-ks-rinvio-rinvii-arrampicata\/#breadcrumb","itemListElement":[{"@type":"ListItem","position":1,"name":"Home","item":"https:\/\/www.sestogrado.it\/en\/"},{"@type":"ListItem","position":2,"name":"Shop","item":"https:\/\/www.sestogrado.it\/en\/shop\/"},{"@type":"ListItem","position":3,"name":"Camp Orbit Wire Express KS rinvio rinvii arrampicata"}]},{"@type":"WebSite","@id":"https:\/\/www.sestogrado.it\/en\/#website","url":"https:\/\/www.sestogrado.it\/en\/","name":"Sestogrado","description":"yes we climb","publisher":{"@id":"https:\/\/www.sestogrado.it\/en\/#organization"},"potentialAction":[{"@type":"SearchAction","target":{"@type":"EntryPoint","urlTemplate":"https:\/\/www.sestogrado.it\/en\/?s={search_term_string}"},"query-input":{"@type":"PropertyValueSpecification","valueRequired":true,"valueName":"search_term_string"}}],"inLanguage":"en-US"},{"@type":"Organization","@id":"https:\/\/www.sestogrado.it\/en\/#organization","name":"Sestogrado","url":"https:\/\/www.sestogrado.it\/en\/","logo":{"@type":"ImageObject","inLanguage":"en-US","@id":"https:\/\/www.sestogrado.it\/en\/#\/schema\/logo\/image\/","url":"https:\/\/www.sestogrado.it\/wp-content\/uploads\/2015\/03\/sestogrado-favicon.png","contentUrl":"https:\/\/www.sestogrado.it\/wp-content\/uploads\/2015\/03\/sestogrado-favicon.png","width":260,"height":260,"caption":"Sestogrado"},"image":{"@id":"https:\/\/www.sestogrado.it\/en\/#\/schema\/logo\/image\/"},"sameAs":["https:\/\/www.facebook.com\/pages\/Sestogrado\/1542635979353017?ref=bookmarks","https:\/\/www.youtube.com\/channel\/UC847kAfTkaJsWpc1jtQwr3Q"],"hasMerchantReturnPolicy":{"@type":"MerchantReturnPolicy","merchantReturnLink":"https:\/\/www.sestogrado.it\/en\/termini-e-condizioni\/"}}]},"product_brand":"Camp","og_availability":"instock","product_availability":"instock","product_condition":"new"},"_links":{"self":[{"href":"https:\/\/www.sestogrado.it\/en\/wp-json\/wp\/v2\/product\/160376","targetHints":{"allow":["GET"]}}],"collection":[{"href":"https:\/\/www.sestogrado.it\/en\/wp-json\/wp\/v2\/product"}],"about":[{"href":"https:\/\/www.sestogrado.it\/en\/wp-json\/wp\/v2\/types\/product"}],"replies":[{"embeddable":true,"href":"https:\/\/www.sestogrado.it\/en\/wp-json\/wp\/v2\/comments?post=160376"}],"wp:featuredmedia":[{"embeddable":true,"href":"https:\/\/www.sestogrado.it\/en\/wp-json\/wp\/v2\/media\/160378"}],"wp:attachment":[{"href":"https:\/\/www.sestogrado.it\/en\/wp-json\/wp\/v2\/media?parent=160376"}],"wp:term":[{"taxonomy":"product_brand","embeddable":true,"href":"https:\/\/www.sestogrado.it\/en\/wp-json\/wp\/v2\/product_brand?post=160376"},{"taxonomy":"product_cat","embeddable":true,"href":"https:\/\/www.sestogrado.it\/en\/wp-json\/wp\/v2\/product_cat?post=160376"},{"taxonomy":"product_tag","embeddable":true,"href":"https:\/\/www.sestogrado.it\/en\/wp-json\/wp\/v2\/product_tag?post=160376"}],"curies":[{"name":"wp","href":"https:\/\/api.w.org\/{rel}","templated":true}]}}