{"id":157179,"date":"2024-03-11T10:19:41","date_gmt":"2024-03-11T09:19:41","guid":{"rendered":"https:\/\/www.sestogrado.it\/?post_type=product&#038;p=157179"},"modified":"2026-04-16T10:01:13","modified_gmt":"2026-04-16T08:01:13","slug":"ferrino-diable-1100-duvet-rds-down-saccoletto-in-piuma","status":"publish","type":"product","link":"https:\/\/www.sestogrado.it\/en\/prodotto\/ferrino-diable-1100-duvet-rds-down-saccoletto-in-piuma\/","title":{"rendered":"Ferrino Diable 1100 Duvet rds down saccoletto in piuma"},"content":{"rendered":"<p class=\"qtranxs-available-languages-message qtranxs-available-languages-message-en\">Sorry, this entry is only available in <a href=\"https:\/\/www.sestogrado.it\/it\/wp-json\/wp\/v2\/product\/157179\" class=\"qtranxs-available-language-link qtranxs-available-language-link-it\" title=\"Italiano\">Italiano<\/a>.<\/p>","protected":false},"excerpt":{"rendered":"<p>Sorry, this entry is only available in Italiano.<\/p>\n","protected":false},"featured_media":157180,"comment_status":"open","ping_status":"closed","template":"","meta":{"_acf_changed":false},"product_brand":[614],"product_cat":[577],"product_tag":[],"class_list":{"0":"post-157179","1":"product","2":"type-product","3":"status-publish","4":"has-post-thumbnail","6":"product_brand-ferrino","7":"product_cat-sacchi-a-pelo","9":"first","10":"instock","11":"sale","12":"taxable","13":"shipping-taxable","14":"purchasable","15":"product-type-simple"},"acf":[],"yoast_head":"<!-- This site is optimized with the Yoast SEO plugin v26.4 - https:\/\/yoast.com\/wordpress\/plugins\/seo\/ -->\n<title>Ferrino Diable 1100 Duvet rds down saccoletto in piuma - Sestogrado<\/title>\n<meta name=\"description\" content=\"Il Ferrino Diable 1100 Duvet rds down \u00e8 un sacco a pelo in piuma della linea Diable, la pi\u00f9 tecnica di Ferrino, dedicata ad alpinismo tecnico, con il miglior rapporto termicit\u00e0\/peso\/dimensioni.La qualit\u00e0 della piuma e lo studio approfondito degli scomparti con cui \u00e8 realizzata la linea di sacchiletto Diable garantisce una ripartizione omogenea dell&#039;imbottitura per un comfort termico di livello superiore. I materiali e gli accessori utilizzati pongono questa linea al top della gamma Ferrino.Tessuto esterno: 100% Recycled Nylon 20D ripstopTessuto interno: 100% Recycled Poliestere 400 T 20DImbottitura: 550 g down 90\/10 700 cuinDispersione del calore minima grazie alle cuciture sfalsateApertura facilitata con sistema &quot; one touch &quot;Cupolino parafreddoCoprilampoTaschina internaTermocollare solo su modello Diable 1100Sacca di compressione e sacca di stoccaggio in cotone inclusa.Dimensioni aperto 215x80x55 cmPeso 1030 g + 87 g sacca di stoccaggioDimensioni chiuso MAX 19x38 cm - MIN 19x33 cmTEMPERATURA \u00b0C+15 \/ \u2640 -3 \/ \u2642 -9 \/ -28\" \/>\n<meta name=\"robots\" content=\"index, follow, max-snippet:-1, max-image-preview:large, max-video-preview:-1\" \/>\n<link rel=\"canonical\" href=\"https:\/\/www.sestogrado.it\/en\/prodotto\/ferrino-diable-1100-duvet-rds-down-saccoletto-in-piuma\/\" \/>\n<meta property=\"og:locale\" content=\"en_US\" \/>\n<meta property=\"og:type\" content=\"article\" \/>\n<meta property=\"og:title\" content=\"Ferrino Diable 1100 Duvet rds down saccoletto in piuma - Sestogrado\" \/>\n<meta property=\"og:description\" content=\"Il Ferrino Diable 1100 Duvet rds down \u00e8 un sacco a pelo in piuma della linea Diable, la pi\u00f9 tecnica di Ferrino, dedicata ad alpinismo tecnico, con il miglior rapporto termicit\u00e0\/peso\/dimensioni.La qualit\u00e0 della piuma e lo studio approfondito degli scomparti con cui \u00e8 realizzata la linea di sacchiletto Diable garantisce una ripartizione omogenea dell&#039;imbottitura per un comfort termico di livello superiore. I materiali e gli accessori utilizzati pongono questa linea al top della gamma Ferrino.Tessuto esterno: 100% Recycled Nylon 20D ripstopTessuto interno: 100% Recycled Poliestere 400 T 20DImbottitura: 550 g down 90\/10 700 cuinDispersione del calore minima grazie alle cuciture sfalsateApertura facilitata con sistema &quot; one touch &quot;Cupolino parafreddoCoprilampoTaschina internaTermocollare solo su modello Diable 1100Sacca di compressione e sacca di stoccaggio in cotone inclusa.Dimensioni aperto 215x80x55 cmPeso 1030 g + 87 g sacca di stoccaggioDimensioni chiuso MAX 19x38 cm - MIN 19x33 cmTEMPERATURA \u00b0C+15 \/ \u2640 -3 \/ \u2642 -9 \/ -28\" \/>\n<meta property=\"og:url\" content=\"https:\/\/www.sestogrado.it\/en\/prodotto\/ferrino-diable-1100-duvet-rds-down-saccoletto-in-piuma\/\" \/>\n<meta property=\"og:site_name\" content=\"Sestogrado\" \/>\n<meta property=\"article:publisher\" content=\"https:\/\/www.facebook.com\/pages\/Sestogrado\/1542635979353017?ref=bookmarks\" \/>\n<meta property=\"article:modified_time\" content=\"2026-04-16T08:01:13+00:00\" \/>\n<meta property=\"og:image\" content=\"https:\/\/www.sestogrado.it\/wp-content\/uploads\/2024\/03\/01-4.jpg\" \/>\n\t<meta property=\"og:image:width\" content=\"1800\" \/>\n\t<meta property=\"og:image:height\" content=\"1800\" \/>\n\t<meta property=\"og:image:type\" content=\"image\/jpeg\" \/>\n<meta name=\"twitter:label1\" content=\"Price\" \/>\n\t<meta name=\"twitter:data1\" content=\"&euro;&nbsp;309,00\" \/>\n\t<meta name=\"twitter:label2\" content=\"Availability\" \/>\n\t<meta name=\"twitter:data2\" content=\"In stock\" \/>\n<script type=\"application\/ld+json\" class=\"yoast-schema-graph\">{\"@context\":\"https:\/\/schema.org\",\"@graph\":[{\"@type\":\"WebPage\",\"@id\":\"https:\/\/www.sestogrado.it\/en\/prodotto\/ferrino-diable-1100-duvet-rds-down-saccoletto-in-piuma\/\",\"url\":\"https:\/\/www.sestogrado.it\/en\/prodotto\/ferrino-diable-1100-duvet-rds-down-saccoletto-in-piuma\/\",\"name\":\"Ferrino Diable 1100 Duvet rds down saccoletto in piuma - Sestogrado\",\"isPartOf\":{\"@id\":\"https:\/\/www.sestogrado.it\/en\/#website\"},\"primaryImageOfPage\":{\"@id\":\"https:\/\/www.sestogrado.it\/en\/prodotto\/ferrino-diable-1100-duvet-rds-down-saccoletto-in-piuma\/#primaryimage\"},\"image\":{\"@id\":\"https:\/\/www.sestogrado.it\/prodotto\/ferrino-diable-1100-duvet-rds-down-saccoletto-in-piuma\/#primaryimage\"},\"thumbnailUrl\":\"https:\/\/www.sestogrado.it\/wp-content\/uploads\/2024\/03\/01-4.jpg\",\"datePublished\":\"2024-03-11T09:19:41+00:00\",\"dateModified\":\"2026-04-16T08:01:13+00:00\",\"description\":\"Il Ferrino Diable 1100 Duvet rds down \u00e8 un sacco a pelo in piuma della linea Diable, la pi\u00f9 tecnica di Ferrino, dedicata ad alpinismo tecnico, con il miglior rapporto termicit\u00e0\/peso\/dimensioni.La qualit\u00e0 della piuma e lo studio approfondito degli scomparti con cui \u00e8 realizzata la linea di sacchiletto Diable garantisce una ripartizione omogenea dell'imbottitura per un comfort termico di livello superiore. I materiali e gli accessori utilizzati pongono questa linea al top della gamma Ferrino.Tessuto esterno: 100% Recycled Nylon 20D ripstopTessuto interno: 100% Recycled Poliestere 400 T 20DImbottitura: 550 g down 90\/10 700 cuinDispersione del calore minima grazie alle cuciture sfalsateApertura facilitata con sistema \\\" one touch \\\"Cupolino parafreddoCoprilampoTaschina internaTermocollare solo su modello Diable 1100Sacca di compressione e sacca di stoccaggio in cotone inclusa.Dimensioni aperto 215x80x55 cmPeso 1030 g + 87 g sacca di stoccaggioDimensioni chiuso MAX 19x38 cm - MIN 19x33 cmTEMPERATURA \u00b0C+15 \/ \u2640 -3 \/ \u2642 -9 \/ -28\",\"breadcrumb\":{\"@id\":\"https:\/\/www.sestogrado.it\/en\/prodotto\/ferrino-diable-1100-duvet-rds-down-saccoletto-in-piuma\/#breadcrumb\"},\"inLanguage\":\"en-US\",\"potentialAction\":[{\"@type\":\"ReadAction\",\"target\":[[\"https:\/\/www.sestogrado.it\/en\/prodotto\/ferrino-diable-1100-duvet-rds-down-saccoletto-in-piuma\/\"]]}]},{\"@type\":\"ImageObject\",\"inLanguage\":\"en-US\",\"@id\":\"https:\/\/www.sestogrado.it\/en\/prodotto\/ferrino-diable-1100-duvet-rds-down-saccoletto-in-piuma\/#primaryimage\",\"url\":\"https:\/\/www.sestogrado.it\/wp-content\/uploads\/2024\/03\/01-4.jpg\",\"contentUrl\":\"https:\/\/www.sestogrado.it\/wp-content\/uploads\/2024\/03\/01-4.jpg\",\"width\":1800,\"height\":1800,\"caption\":\"ferrino diable 1100\"},{\"@type\":\"BreadcrumbList\",\"@id\":\"https:\/\/www.sestogrado.it\/en\/prodotto\/ferrino-diable-1100-duvet-rds-down-saccoletto-in-piuma\/#breadcrumb\",\"itemListElement\":[{\"@type\":\"ListItem\",\"position\":1,\"name\":\"Home\",\"item\":\"https:\/\/www.sestogrado.it\/en\/\"},{\"@type\":\"ListItem\",\"position\":2,\"name\":\"Shop\",\"item\":\"https:\/\/www.sestogrado.it\/en\/shop\/\"},{\"@type\":\"ListItem\",\"position\":3,\"name\":\"Ferrino Diable 1100 Duvet rds down saccoletto in piuma\"}]},{\"@type\":\"WebSite\",\"@id\":\"https:\/\/www.sestogrado.it\/en\/#website\",\"url\":\"https:\/\/www.sestogrado.it\/en\/\",\"name\":\"Sestogrado\",\"description\":\"yes we climb\",\"publisher\":{\"@id\":\"https:\/\/www.sestogrado.it\/en\/#organization\"},\"potentialAction\":[{\"@type\":\"SearchAction\",\"target\":{\"@type\":\"EntryPoint\",\"urlTemplate\":\"https:\/\/www.sestogrado.it\/en\/?s={search_term_string}\"},\"query-input\":{\"@type\":\"PropertyValueSpecification\",\"valueRequired\":true,\"valueName\":\"search_term_string\"}}],\"inLanguage\":\"en-US\"},{\"@type\":\"Organization\",\"@id\":\"https:\/\/www.sestogrado.it\/en\/#organization\",\"name\":\"Sestogrado\",\"url\":\"https:\/\/www.sestogrado.it\/en\/\",\"logo\":{\"@type\":\"ImageObject\",\"inLanguage\":\"en-US\",\"@id\":\"https:\/\/www.sestogrado.it\/en\/#\/schema\/logo\/image\/\",\"url\":\"https:\/\/www.sestogrado.it\/wp-content\/uploads\/2015\/03\/sestogrado-favicon.png\",\"contentUrl\":\"https:\/\/www.sestogrado.it\/wp-content\/uploads\/2015\/03\/sestogrado-favicon.png\",\"width\":260,\"height\":260,\"caption\":\"Sestogrado\"},\"image\":{\"@id\":\"https:\/\/www.sestogrado.it\/en\/#\/schema\/logo\/image\/\"},\"sameAs\":[\"https:\/\/www.facebook.com\/pages\/Sestogrado\/1542635979353017?ref=bookmarks\",\"https:\/\/www.youtube.com\/channel\/UC847kAfTkaJsWpc1jtQwr3Q\"],\"hasMerchantReturnPolicy\":{\"@type\":\"MerchantReturnPolicy\",\"merchantReturnLink\":\"https:\/\/www.sestogrado.it\/en\/termini-e-condizioni\/\"}}]}<\/script>\n<meta property=\"product:brand\" content=\"Ferrino\" \/>\n<meta property=\"product:price:amount\" content=\"309.00\" \/>\n<meta property=\"product:price:currency\" content=\"EUR\" \/>\n<meta property=\"og:availability\" content=\"instock\" \/>\n<meta property=\"product:availability\" content=\"instock\" \/>\n<meta property=\"product:condition\" content=\"new\" \/>\n<!-- \/ Yoast SEO plugin. -->","yoast_head_json":{"title":"Ferrino Diable 1100 Duvet rds down saccoletto in piuma - Sestogrado","description":"Il Ferrino Diable 1100 Duvet rds down \u00e8 un sacco a pelo in piuma della linea Diable, la pi\u00f9 tecnica di Ferrino, dedicata ad alpinismo tecnico, con il miglior rapporto termicit\u00e0\/peso\/dimensioni.La qualit\u00e0 della piuma e lo studio approfondito degli scomparti con cui \u00e8 realizzata la linea di sacchiletto Diable garantisce una ripartizione omogenea dell'imbottitura per un comfort termico di livello superiore. I materiali e gli accessori utilizzati pongono questa linea al top della gamma Ferrino.Tessuto esterno: 100% Recycled Nylon 20D ripstopTessuto interno: 100% Recycled Poliestere 400 T 20DImbottitura: 550 g down 90\/10 700 cuinDispersione del calore minima grazie alle cuciture sfalsateApertura facilitata con sistema \" one touch \"Cupolino parafreddoCoprilampoTaschina internaTermocollare solo su modello Diable 1100Sacca di compressione e sacca di stoccaggio in cotone inclusa.Dimensioni aperto 215x80x55 cmPeso 1030 g + 87 g sacca di stoccaggioDimensioni chiuso MAX 19x38 cm - MIN 19x33 cmTEMPERATURA \u00b0C+15 \/ \u2640 -3 \/ \u2642 -9 \/ -28","robots":{"index":"index","follow":"follow","max-snippet":"max-snippet:-1","max-image-preview":"max-image-preview:large","max-video-preview":"max-video-preview:-1"},"canonical":"https:\/\/www.sestogrado.it\/en\/prodotto\/ferrino-diable-1100-duvet-rds-down-saccoletto-in-piuma\/","og_locale":"en_US","og_type":"article","og_title":"Ferrino Diable 1100 Duvet rds down saccoletto in piuma - Sestogrado","og_description":"Il Ferrino Diable 1100 Duvet rds down \u00e8 un sacco a pelo in piuma della linea Diable, la pi\u00f9 tecnica di Ferrino, dedicata ad alpinismo tecnico, con il miglior rapporto termicit\u00e0\/peso\/dimensioni.La qualit\u00e0 della piuma e lo studio approfondito degli scomparti con cui \u00e8 realizzata la linea di sacchiletto Diable garantisce una ripartizione omogenea dell'imbottitura per un comfort termico di livello superiore. I materiali e gli accessori utilizzati pongono questa linea al top della gamma Ferrino.Tessuto esterno: 100% Recycled Nylon 20D ripstopTessuto interno: 100% Recycled Poliestere 400 T 20DImbottitura: 550 g down 90\/10 700 cuinDispersione del calore minima grazie alle cuciture sfalsateApertura facilitata con sistema \" one touch \"Cupolino parafreddoCoprilampoTaschina internaTermocollare solo su modello Diable 1100Sacca di compressione e sacca di stoccaggio in cotone inclusa.Dimensioni aperto 215x80x55 cmPeso 1030 g + 87 g sacca di stoccaggioDimensioni chiuso MAX 19x38 cm - MIN 19x33 cmTEMPERATURA \u00b0C+15 \/ \u2640 -3 \/ \u2642 -9 \/ -28","og_url":"https:\/\/www.sestogrado.it\/en\/prodotto\/ferrino-diable-1100-duvet-rds-down-saccoletto-in-piuma\/","og_site_name":"Sestogrado","article_publisher":"https:\/\/www.facebook.com\/pages\/Sestogrado\/1542635979353017?ref=bookmarks","article_modified_time":"2026-04-16T08:01:13+00:00","og_image":[{"width":1800,"height":1800,"url":"https:\/\/www.sestogrado.it\/wp-content\/uploads\/2024\/03\/01-4.jpg","type":"image\/jpeg"}],"twitter_misc":{"Price":"&euro;&nbsp;309,00","Availability":"In stock"},"schema":{"@context":"https:\/\/schema.org","@graph":[{"@type":"WebPage","@id":"https:\/\/www.sestogrado.it\/en\/prodotto\/ferrino-diable-1100-duvet-rds-down-saccoletto-in-piuma\/","url":"https:\/\/www.sestogrado.it\/en\/prodotto\/ferrino-diable-1100-duvet-rds-down-saccoletto-in-piuma\/","name":"Ferrino Diable 1100 Duvet rds down saccoletto in piuma - Sestogrado","isPartOf":{"@id":"https:\/\/www.sestogrado.it\/en\/#website"},"primaryImageOfPage":{"@id":"https:\/\/www.sestogrado.it\/en\/prodotto\/ferrino-diable-1100-duvet-rds-down-saccoletto-in-piuma\/#primaryimage"},"image":{"@id":"https:\/\/www.sestogrado.it\/prodotto\/ferrino-diable-1100-duvet-rds-down-saccoletto-in-piuma\/#primaryimage"},"thumbnailUrl":"https:\/\/www.sestogrado.it\/wp-content\/uploads\/2024\/03\/01-4.jpg","datePublished":"2024-03-11T09:19:41+00:00","dateModified":"2026-04-16T08:01:13+00:00","description":"Il Ferrino Diable 1100 Duvet rds down \u00e8 un sacco a pelo in piuma della linea Diable, la pi\u00f9 tecnica di Ferrino, dedicata ad alpinismo tecnico, con il miglior rapporto termicit\u00e0\/peso\/dimensioni.La qualit\u00e0 della piuma e lo studio approfondito degli scomparti con cui \u00e8 realizzata la linea di sacchiletto Diable garantisce una ripartizione omogenea dell'imbottitura per un comfort termico di livello superiore. I materiali e gli accessori utilizzati pongono questa linea al top della gamma Ferrino.Tessuto esterno: 100% Recycled Nylon 20D ripstopTessuto interno: 100% Recycled Poliestere 400 T 20DImbottitura: 550 g down 90\/10 700 cuinDispersione del calore minima grazie alle cuciture sfalsateApertura facilitata con sistema \" one touch \"Cupolino parafreddoCoprilampoTaschina internaTermocollare solo su modello Diable 1100Sacca di compressione e sacca di stoccaggio in cotone inclusa.Dimensioni aperto 215x80x55 cmPeso 1030 g + 87 g sacca di stoccaggioDimensioni chiuso MAX 19x38 cm - MIN 19x33 cmTEMPERATURA \u00b0C+15 \/ \u2640 -3 \/ \u2642 -9 \/ -28","breadcrumb":{"@id":"https:\/\/www.sestogrado.it\/en\/prodotto\/ferrino-diable-1100-duvet-rds-down-saccoletto-in-piuma\/#breadcrumb"},"inLanguage":"en-US","potentialAction":[{"@type":"ReadAction","target":[["https:\/\/www.sestogrado.it\/en\/prodotto\/ferrino-diable-1100-duvet-rds-down-saccoletto-in-piuma\/"]]}]},{"@type":"ImageObject","inLanguage":"en-US","@id":"https:\/\/www.sestogrado.it\/en\/prodotto\/ferrino-diable-1100-duvet-rds-down-saccoletto-in-piuma\/#primaryimage","url":"https:\/\/www.sestogrado.it\/wp-content\/uploads\/2024\/03\/01-4.jpg","contentUrl":"https:\/\/www.sestogrado.it\/wp-content\/uploads\/2024\/03\/01-4.jpg","width":1800,"height":1800,"caption":"ferrino diable 1100"},{"@type":"BreadcrumbList","@id":"https:\/\/www.sestogrado.it\/en\/prodotto\/ferrino-diable-1100-duvet-rds-down-saccoletto-in-piuma\/#breadcrumb","itemListElement":[{"@type":"ListItem","position":1,"name":"Home","item":"https:\/\/www.sestogrado.it\/en\/"},{"@type":"ListItem","position":2,"name":"Shop","item":"https:\/\/www.sestogrado.it\/en\/shop\/"},{"@type":"ListItem","position":3,"name":"Ferrino Diable 1100 Duvet rds down saccoletto in piuma"}]},{"@type":"WebSite","@id":"https:\/\/www.sestogrado.it\/en\/#website","url":"https:\/\/www.sestogrado.it\/en\/","name":"Sestogrado","description":"yes we climb","publisher":{"@id":"https:\/\/www.sestogrado.it\/en\/#organization"},"potentialAction":[{"@type":"SearchAction","target":{"@type":"EntryPoint","urlTemplate":"https:\/\/www.sestogrado.it\/en\/?s={search_term_string}"},"query-input":{"@type":"PropertyValueSpecification","valueRequired":true,"valueName":"search_term_string"}}],"inLanguage":"en-US"},{"@type":"Organization","@id":"https:\/\/www.sestogrado.it\/en\/#organization","name":"Sestogrado","url":"https:\/\/www.sestogrado.it\/en\/","logo":{"@type":"ImageObject","inLanguage":"en-US","@id":"https:\/\/www.sestogrado.it\/en\/#\/schema\/logo\/image\/","url":"https:\/\/www.sestogrado.it\/wp-content\/uploads\/2015\/03\/sestogrado-favicon.png","contentUrl":"https:\/\/www.sestogrado.it\/wp-content\/uploads\/2015\/03\/sestogrado-favicon.png","width":260,"height":260,"caption":"Sestogrado"},"image":{"@id":"https:\/\/www.sestogrado.it\/en\/#\/schema\/logo\/image\/"},"sameAs":["https:\/\/www.facebook.com\/pages\/Sestogrado\/1542635979353017?ref=bookmarks","https:\/\/www.youtube.com\/channel\/UC847kAfTkaJsWpc1jtQwr3Q"],"hasMerchantReturnPolicy":{"@type":"MerchantReturnPolicy","merchantReturnLink":"https:\/\/www.sestogrado.it\/en\/termini-e-condizioni\/"}}]},"product_brand":"Ferrino","product_price_amount":"309.00","product_price_currency":"EUR","og_availability":"instock","product_availability":"instock","product_condition":"new"},"_links":{"self":[{"href":"https:\/\/www.sestogrado.it\/en\/wp-json\/wp\/v2\/product\/157179","targetHints":{"allow":["GET"]}}],"collection":[{"href":"https:\/\/www.sestogrado.it\/en\/wp-json\/wp\/v2\/product"}],"about":[{"href":"https:\/\/www.sestogrado.it\/en\/wp-json\/wp\/v2\/types\/product"}],"replies":[{"embeddable":true,"href":"https:\/\/www.sestogrado.it\/en\/wp-json\/wp\/v2\/comments?post=157179"}],"wp:featuredmedia":[{"embeddable":true,"href":"https:\/\/www.sestogrado.it\/en\/wp-json\/wp\/v2\/media\/157180"}],"wp:attachment":[{"href":"https:\/\/www.sestogrado.it\/en\/wp-json\/wp\/v2\/media?parent=157179"}],"wp:term":[{"taxonomy":"product_brand","embeddable":true,"href":"https:\/\/www.sestogrado.it\/en\/wp-json\/wp\/v2\/product_brand?post=157179"},{"taxonomy":"product_cat","embeddable":true,"href":"https:\/\/www.sestogrado.it\/en\/wp-json\/wp\/v2\/product_cat?post=157179"},{"taxonomy":"product_tag","embeddable":true,"href":"https:\/\/www.sestogrado.it\/en\/wp-json\/wp\/v2\/product_tag?post=157179"}],"curies":[{"name":"wp","href":"https:\/\/api.w.org\/{rel}","templated":true}]}}