{"id":157144,"date":"2024-03-07T14:52:18","date_gmt":"2024-03-07T13:52:18","guid":{"rendered":"https:\/\/www.sestogrado.it\/?post_type=product&#038;p=157144"},"modified":"2026-04-13T20:04:17","modified_gmt":"2026-04-13T18:04:17","slug":"blue-ice-dragonfly-34l-zaino-da-alpinismo","status":"publish","type":"product","link":"https:\/\/www.sestogrado.it\/en\/prodotto\/blue-ice-dragonfly-34l-zaino-da-alpinismo\/","title":{"rendered":"Blue Ice Dragonfly 34L zaino da alpinismo"},"content":{"rendered":"<p class=\"qtranxs-available-languages-message qtranxs-available-languages-message-en\">Sorry, this entry is only available in <a href=\"https:\/\/www.sestogrado.it\/it\/wp-json\/wp\/v2\/product\/157144\" class=\"qtranxs-available-language-link qtranxs-available-language-link-it\" title=\"Italiano\">Italiano<\/a>.<\/p>","protected":false},"excerpt":{"rendered":"<p>Sorry, this entry is only available in Italiano.<\/p>\n","protected":false},"featured_media":157145,"comment_status":"open","ping_status":"closed","template":"","meta":{"_acf_changed":false},"product_brand":[641],"product_cat":[389],"product_tag":[],"class_list":{"0":"post-157144","1":"product","2":"type-product","3":"status-publish","4":"has-post-thumbnail","6":"product_brand-blue-ice","7":"product_cat-zaini-alpinismo","9":"first","10":"instock","11":"sale","12":"taxable","13":"shipping-taxable","14":"purchasable","15":"product-type-simple"},"acf":[],"yoast_head":"<!-- This site is optimized with the Yoast SEO plugin v26.4 - https:\/\/yoast.com\/wordpress\/plugins\/seo\/ -->\n<title>Blue Ice Dragonfly 34L zaino da alpinismo - Sestogrado<\/title>\n<meta name=\"description\" content=\"Il Blue Ice Dragonfly 34L \u00e8 uno zaino alpino minimalista e ultraleggero per missioni veloci e leggere, fratello maggiore del 26 e 18 litri.E&#039; stato realizzato con un elevato rapporto peso\/resistenza pur essendo estremamente comodo da trasportare.Le tasche sono ottimizzate per l&#039;elasticit\u00e0 e la posizione per mantenere accessibili gli elementi essenziali. Costruito con un nuovo standard di vestibilit\u00e0, utilizziamo un sistema di trasporto basato su rete con rete ultrastatica per fornire traspirabilit\u00e0. Gli spallacci in schiuma ingegnerizzata trasferiscono i carichi senza deformarsi. I tessuti resistono alle intemperie e sono combinati con cerniere YKK resistenti all&#039;acqua.\" \/>\n<meta name=\"robots\" content=\"index, follow, max-snippet:-1, max-image-preview:large, max-video-preview:-1\" \/>\n<link rel=\"canonical\" href=\"https:\/\/www.sestogrado.it\/en\/prodotto\/blue-ice-dragonfly-34l-zaino-da-alpinismo\/\" \/>\n<meta property=\"og:locale\" content=\"en_US\" \/>\n<meta property=\"og:type\" content=\"article\" \/>\n<meta property=\"og:title\" content=\"Blue Ice Dragonfly 34L zaino da alpinismo - Sestogrado\" \/>\n<meta property=\"og:description\" content=\"Il Blue Ice Dragonfly 34L \u00e8 uno zaino alpino minimalista e ultraleggero per missioni veloci e leggere, fratello maggiore del 26 e 18 litri.E&#039; stato realizzato con un elevato rapporto peso\/resistenza pur essendo estremamente comodo da trasportare.Le tasche sono ottimizzate per l&#039;elasticit\u00e0 e la posizione per mantenere accessibili gli elementi essenziali. Costruito con un nuovo standard di vestibilit\u00e0, utilizziamo un sistema di trasporto basato su rete con rete ultrastatica per fornire traspirabilit\u00e0. Gli spallacci in schiuma ingegnerizzata trasferiscono i carichi senza deformarsi. I tessuti resistono alle intemperie e sono combinati con cerniere YKK resistenti all&#039;acqua.\" \/>\n<meta property=\"og:url\" content=\"https:\/\/www.sestogrado.it\/en\/prodotto\/blue-ice-dragonfly-34l-zaino-da-alpinismo\/\" \/>\n<meta property=\"og:site_name\" content=\"Sestogrado\" \/>\n<meta property=\"article:publisher\" content=\"https:\/\/www.facebook.com\/pages\/Sestogrado\/1542635979353017?ref=bookmarks\" \/>\n<meta property=\"article:modified_time\" content=\"2026-04-13T18:04:17+00:00\" \/>\n<meta property=\"og:image\" content=\"https:\/\/www.sestogrado.it\/wp-content\/uploads\/2024\/03\/01-2.jpg\" \/>\n\t<meta property=\"og:image:width\" content=\"1200\" \/>\n\t<meta property=\"og:image:height\" content=\"1200\" \/>\n\t<meta property=\"og:image:type\" content=\"image\/jpeg\" \/>\n<meta name=\"twitter:label1\" content=\"Price\" \/>\n\t<meta name=\"twitter:data1\" content=\"&euro;&nbsp;119,00\" \/>\n\t<meta name=\"twitter:label2\" content=\"Availability\" \/>\n\t<meta name=\"twitter:data2\" content=\"In stock\" \/>\n<script type=\"application\/ld+json\" class=\"yoast-schema-graph\">{\"@context\":\"https:\/\/schema.org\",\"@graph\":[{\"@type\":\"WebPage\",\"@id\":\"https:\/\/www.sestogrado.it\/en\/prodotto\/blue-ice-dragonfly-34l-zaino-da-alpinismo\/\",\"url\":\"https:\/\/www.sestogrado.it\/en\/prodotto\/blue-ice-dragonfly-34l-zaino-da-alpinismo\/\",\"name\":\"Blue Ice Dragonfly 34L zaino da alpinismo - Sestogrado\",\"isPartOf\":{\"@id\":\"https:\/\/www.sestogrado.it\/en\/#website\"},\"primaryImageOfPage\":{\"@id\":\"https:\/\/www.sestogrado.it\/en\/prodotto\/blue-ice-dragonfly-34l-zaino-da-alpinismo\/#primaryimage\"},\"image\":{\"@id\":\"https:\/\/www.sestogrado.it\/prodotto\/blue-ice-dragonfly-34l-zaino-da-alpinismo\/#primaryimage\"},\"thumbnailUrl\":\"https:\/\/www.sestogrado.it\/wp-content\/uploads\/2024\/03\/01-2.jpg\",\"datePublished\":\"2024-03-07T13:52:18+00:00\",\"dateModified\":\"2026-04-13T18:04:17+00:00\",\"description\":\"Il Blue Ice Dragonfly 34L \u00e8 uno zaino alpino minimalista e ultraleggero per missioni veloci e leggere, fratello maggiore del 26 e 18 litri.E' stato realizzato con un elevato rapporto peso\/resistenza pur essendo estremamente comodo da trasportare.Le tasche sono ottimizzate per l'elasticit\u00e0 e la posizione per mantenere accessibili gli elementi essenziali. Costruito con un nuovo standard di vestibilit\u00e0, utilizziamo un sistema di trasporto basato su rete con rete ultrastatica per fornire traspirabilit\u00e0. Gli spallacci in schiuma ingegnerizzata trasferiscono i carichi senza deformarsi. I tessuti resistono alle intemperie e sono combinati con cerniere YKK resistenti all'acqua.\",\"breadcrumb\":{\"@id\":\"https:\/\/www.sestogrado.it\/en\/prodotto\/blue-ice-dragonfly-34l-zaino-da-alpinismo\/#breadcrumb\"},\"inLanguage\":\"en-US\",\"potentialAction\":[{\"@type\":\"ReadAction\",\"target\":[[\"https:\/\/www.sestogrado.it\/en\/prodotto\/blue-ice-dragonfly-34l-zaino-da-alpinismo\/\"]]}]},{\"@type\":\"ImageObject\",\"inLanguage\":\"en-US\",\"@id\":\"https:\/\/www.sestogrado.it\/en\/prodotto\/blue-ice-dragonfly-34l-zaino-da-alpinismo\/#primaryimage\",\"url\":\"https:\/\/www.sestogrado.it\/wp-content\/uploads\/2024\/03\/01-2.jpg\",\"contentUrl\":\"https:\/\/www.sestogrado.it\/wp-content\/uploads\/2024\/03\/01-2.jpg\",\"width\":1200,\"height\":1200,\"caption\":\"dragonfly 34\"},{\"@type\":\"BreadcrumbList\",\"@id\":\"https:\/\/www.sestogrado.it\/en\/prodotto\/blue-ice-dragonfly-34l-zaino-da-alpinismo\/#breadcrumb\",\"itemListElement\":[{\"@type\":\"ListItem\",\"position\":1,\"name\":\"Home\",\"item\":\"https:\/\/www.sestogrado.it\/en\/\"},{\"@type\":\"ListItem\",\"position\":2,\"name\":\"Shop\",\"item\":\"https:\/\/www.sestogrado.it\/en\/shop\/\"},{\"@type\":\"ListItem\",\"position\":3,\"name\":\"Blue Ice Dragonfly 34L zaino da alpinismo\"}]},{\"@type\":\"WebSite\",\"@id\":\"https:\/\/www.sestogrado.it\/en\/#website\",\"url\":\"https:\/\/www.sestogrado.it\/en\/\",\"name\":\"Sestogrado\",\"description\":\"yes we climb\",\"publisher\":{\"@id\":\"https:\/\/www.sestogrado.it\/en\/#organization\"},\"potentialAction\":[{\"@type\":\"SearchAction\",\"target\":{\"@type\":\"EntryPoint\",\"urlTemplate\":\"https:\/\/www.sestogrado.it\/en\/?s={search_term_string}\"},\"query-input\":{\"@type\":\"PropertyValueSpecification\",\"valueRequired\":true,\"valueName\":\"search_term_string\"}}],\"inLanguage\":\"en-US\"},{\"@type\":\"Organization\",\"@id\":\"https:\/\/www.sestogrado.it\/en\/#organization\",\"name\":\"Sestogrado\",\"url\":\"https:\/\/www.sestogrado.it\/en\/\",\"logo\":{\"@type\":\"ImageObject\",\"inLanguage\":\"en-US\",\"@id\":\"https:\/\/www.sestogrado.it\/en\/#\/schema\/logo\/image\/\",\"url\":\"https:\/\/www.sestogrado.it\/wp-content\/uploads\/2015\/03\/sestogrado-favicon.png\",\"contentUrl\":\"https:\/\/www.sestogrado.it\/wp-content\/uploads\/2015\/03\/sestogrado-favicon.png\",\"width\":260,\"height\":260,\"caption\":\"Sestogrado\"},\"image\":{\"@id\":\"https:\/\/www.sestogrado.it\/en\/#\/schema\/logo\/image\/\"},\"sameAs\":[\"https:\/\/www.facebook.com\/pages\/Sestogrado\/1542635979353017?ref=bookmarks\",\"https:\/\/www.youtube.com\/channel\/UC847kAfTkaJsWpc1jtQwr3Q\"],\"hasMerchantReturnPolicy\":{\"@type\":\"MerchantReturnPolicy\",\"merchantReturnLink\":\"https:\/\/www.sestogrado.it\/en\/termini-e-condizioni\/\"}}]}<\/script>\n<meta property=\"product:brand\" content=\"Blue Ice\" \/>\n<meta property=\"product:price:amount\" content=\"119.00\" \/>\n<meta property=\"product:price:currency\" content=\"EUR\" \/>\n<meta property=\"og:availability\" content=\"instock\" \/>\n<meta property=\"product:availability\" content=\"instock\" \/>\n<meta property=\"product:condition\" content=\"new\" \/>\n<!-- \/ Yoast SEO plugin. -->","yoast_head_json":{"title":"Blue Ice Dragonfly 34L zaino da alpinismo - Sestogrado","description":"Il Blue Ice Dragonfly 34L \u00e8 uno zaino alpino minimalista e ultraleggero per missioni veloci e leggere, fratello maggiore del 26 e 18 litri.E' stato realizzato con un elevato rapporto peso\/resistenza pur essendo estremamente comodo da trasportare.Le tasche sono ottimizzate per l'elasticit\u00e0 e la posizione per mantenere accessibili gli elementi essenziali. Costruito con un nuovo standard di vestibilit\u00e0, utilizziamo un sistema di trasporto basato su rete con rete ultrastatica per fornire traspirabilit\u00e0. Gli spallacci in schiuma ingegnerizzata trasferiscono i carichi senza deformarsi. I tessuti resistono alle intemperie e sono combinati con cerniere YKK resistenti all'acqua.","robots":{"index":"index","follow":"follow","max-snippet":"max-snippet:-1","max-image-preview":"max-image-preview:large","max-video-preview":"max-video-preview:-1"},"canonical":"https:\/\/www.sestogrado.it\/en\/prodotto\/blue-ice-dragonfly-34l-zaino-da-alpinismo\/","og_locale":"en_US","og_type":"article","og_title":"Blue Ice Dragonfly 34L zaino da alpinismo - Sestogrado","og_description":"Il Blue Ice Dragonfly 34L \u00e8 uno zaino alpino minimalista e ultraleggero per missioni veloci e leggere, fratello maggiore del 26 e 18 litri.E' stato realizzato con un elevato rapporto peso\/resistenza pur essendo estremamente comodo da trasportare.Le tasche sono ottimizzate per l'elasticit\u00e0 e la posizione per mantenere accessibili gli elementi essenziali. Costruito con un nuovo standard di vestibilit\u00e0, utilizziamo un sistema di trasporto basato su rete con rete ultrastatica per fornire traspirabilit\u00e0. Gli spallacci in schiuma ingegnerizzata trasferiscono i carichi senza deformarsi. I tessuti resistono alle intemperie e sono combinati con cerniere YKK resistenti all'acqua.","og_url":"https:\/\/www.sestogrado.it\/en\/prodotto\/blue-ice-dragonfly-34l-zaino-da-alpinismo\/","og_site_name":"Sestogrado","article_publisher":"https:\/\/www.facebook.com\/pages\/Sestogrado\/1542635979353017?ref=bookmarks","article_modified_time":"2026-04-13T18:04:17+00:00","og_image":[{"width":1200,"height":1200,"url":"https:\/\/www.sestogrado.it\/wp-content\/uploads\/2024\/03\/01-2.jpg","type":"image\/jpeg"}],"twitter_misc":{"Price":"&euro;&nbsp;119,00","Availability":"In stock"},"schema":{"@context":"https:\/\/schema.org","@graph":[{"@type":"WebPage","@id":"https:\/\/www.sestogrado.it\/en\/prodotto\/blue-ice-dragonfly-34l-zaino-da-alpinismo\/","url":"https:\/\/www.sestogrado.it\/en\/prodotto\/blue-ice-dragonfly-34l-zaino-da-alpinismo\/","name":"Blue Ice Dragonfly 34L zaino da alpinismo - Sestogrado","isPartOf":{"@id":"https:\/\/www.sestogrado.it\/en\/#website"},"primaryImageOfPage":{"@id":"https:\/\/www.sestogrado.it\/en\/prodotto\/blue-ice-dragonfly-34l-zaino-da-alpinismo\/#primaryimage"},"image":{"@id":"https:\/\/www.sestogrado.it\/prodotto\/blue-ice-dragonfly-34l-zaino-da-alpinismo\/#primaryimage"},"thumbnailUrl":"https:\/\/www.sestogrado.it\/wp-content\/uploads\/2024\/03\/01-2.jpg","datePublished":"2024-03-07T13:52:18+00:00","dateModified":"2026-04-13T18:04:17+00:00","description":"Il Blue Ice Dragonfly 34L \u00e8 uno zaino alpino minimalista e ultraleggero per missioni veloci e leggere, fratello maggiore del 26 e 18 litri.E' stato realizzato con un elevato rapporto peso\/resistenza pur essendo estremamente comodo da trasportare.Le tasche sono ottimizzate per l'elasticit\u00e0 e la posizione per mantenere accessibili gli elementi essenziali. Costruito con un nuovo standard di vestibilit\u00e0, utilizziamo un sistema di trasporto basato su rete con rete ultrastatica per fornire traspirabilit\u00e0. Gli spallacci in schiuma ingegnerizzata trasferiscono i carichi senza deformarsi. I tessuti resistono alle intemperie e sono combinati con cerniere YKK resistenti all'acqua.","breadcrumb":{"@id":"https:\/\/www.sestogrado.it\/en\/prodotto\/blue-ice-dragonfly-34l-zaino-da-alpinismo\/#breadcrumb"},"inLanguage":"en-US","potentialAction":[{"@type":"ReadAction","target":[["https:\/\/www.sestogrado.it\/en\/prodotto\/blue-ice-dragonfly-34l-zaino-da-alpinismo\/"]]}]},{"@type":"ImageObject","inLanguage":"en-US","@id":"https:\/\/www.sestogrado.it\/en\/prodotto\/blue-ice-dragonfly-34l-zaino-da-alpinismo\/#primaryimage","url":"https:\/\/www.sestogrado.it\/wp-content\/uploads\/2024\/03\/01-2.jpg","contentUrl":"https:\/\/www.sestogrado.it\/wp-content\/uploads\/2024\/03\/01-2.jpg","width":1200,"height":1200,"caption":"dragonfly 34"},{"@type":"BreadcrumbList","@id":"https:\/\/www.sestogrado.it\/en\/prodotto\/blue-ice-dragonfly-34l-zaino-da-alpinismo\/#breadcrumb","itemListElement":[{"@type":"ListItem","position":1,"name":"Home","item":"https:\/\/www.sestogrado.it\/en\/"},{"@type":"ListItem","position":2,"name":"Shop","item":"https:\/\/www.sestogrado.it\/en\/shop\/"},{"@type":"ListItem","position":3,"name":"Blue Ice Dragonfly 34L zaino da alpinismo"}]},{"@type":"WebSite","@id":"https:\/\/www.sestogrado.it\/en\/#website","url":"https:\/\/www.sestogrado.it\/en\/","name":"Sestogrado","description":"yes we climb","publisher":{"@id":"https:\/\/www.sestogrado.it\/en\/#organization"},"potentialAction":[{"@type":"SearchAction","target":{"@type":"EntryPoint","urlTemplate":"https:\/\/www.sestogrado.it\/en\/?s={search_term_string}"},"query-input":{"@type":"PropertyValueSpecification","valueRequired":true,"valueName":"search_term_string"}}],"inLanguage":"en-US"},{"@type":"Organization","@id":"https:\/\/www.sestogrado.it\/en\/#organization","name":"Sestogrado","url":"https:\/\/www.sestogrado.it\/en\/","logo":{"@type":"ImageObject","inLanguage":"en-US","@id":"https:\/\/www.sestogrado.it\/en\/#\/schema\/logo\/image\/","url":"https:\/\/www.sestogrado.it\/wp-content\/uploads\/2015\/03\/sestogrado-favicon.png","contentUrl":"https:\/\/www.sestogrado.it\/wp-content\/uploads\/2015\/03\/sestogrado-favicon.png","width":260,"height":260,"caption":"Sestogrado"},"image":{"@id":"https:\/\/www.sestogrado.it\/en\/#\/schema\/logo\/image\/"},"sameAs":["https:\/\/www.facebook.com\/pages\/Sestogrado\/1542635979353017?ref=bookmarks","https:\/\/www.youtube.com\/channel\/UC847kAfTkaJsWpc1jtQwr3Q"],"hasMerchantReturnPolicy":{"@type":"MerchantReturnPolicy","merchantReturnLink":"https:\/\/www.sestogrado.it\/en\/termini-e-condizioni\/"}}]},"product_brand":"Blue Ice","product_price_amount":"119.00","product_price_currency":"EUR","og_availability":"instock","product_availability":"instock","product_condition":"new"},"_links":{"self":[{"href":"https:\/\/www.sestogrado.it\/en\/wp-json\/wp\/v2\/product\/157144","targetHints":{"allow":["GET"]}}],"collection":[{"href":"https:\/\/www.sestogrado.it\/en\/wp-json\/wp\/v2\/product"}],"about":[{"href":"https:\/\/www.sestogrado.it\/en\/wp-json\/wp\/v2\/types\/product"}],"replies":[{"embeddable":true,"href":"https:\/\/www.sestogrado.it\/en\/wp-json\/wp\/v2\/comments?post=157144"}],"wp:featuredmedia":[{"embeddable":true,"href":"https:\/\/www.sestogrado.it\/en\/wp-json\/wp\/v2\/media\/157145"}],"wp:attachment":[{"href":"https:\/\/www.sestogrado.it\/en\/wp-json\/wp\/v2\/media?parent=157144"}],"wp:term":[{"taxonomy":"product_brand","embeddable":true,"href":"https:\/\/www.sestogrado.it\/en\/wp-json\/wp\/v2\/product_brand?post=157144"},{"taxonomy":"product_cat","embeddable":true,"href":"https:\/\/www.sestogrado.it\/en\/wp-json\/wp\/v2\/product_cat?post=157144"},{"taxonomy":"product_tag","embeddable":true,"href":"https:\/\/www.sestogrado.it\/en\/wp-json\/wp\/v2\/product_tag?post=157144"}],"curies":[{"name":"wp","href":"https:\/\/api.w.org\/{rel}","templated":true}]}}