{"id":154709,"date":"2024-06-19T11:15:34","date_gmt":"2024-06-19T09:15:34","guid":{"rendered":"https:\/\/www.sestogrado.it\/?post_type=product&#038;p=154709"},"modified":"2026-04-13T15:08:48","modified_gmt":"2026-04-13T13:08:48","slug":"leki-neotrail-pro-fx-one-superlite-bastoncini-da-trail-running","status":"publish","type":"product","link":"https:\/\/www.sestogrado.it\/en\/prodotto\/leki-neotrail-pro-fx-one-superlite-bastoncini-da-trail-running\/","title":{"rendered":"Leki Ultratrail FX.ONE trail running poles (Copia)"},"content":{"rendered":"<p>Leki Ultratrail FX.ONE Trail running poles are poles composed of 4 sections and foldable into 3 short branches, which enclosed reach only 36 cm in length.<\/p>\n<p>They have been designed for all trail runners who move on difficult terrain and want to be supported at the top, thanks to very light carbon poles, which help and support the movement up and down.<\/p>\n<p>They are equipped with the Trail Shark grip that gives comfort and solid grip and an adjustable and detachable Shark frame strap mesh strap, and classic trail washers.<\/p>\n<p>Thanks to the super lightness due to the carbon construction, the Leki Ultratrail FX.ONE weigh 182 grams per stick, which makes them the compromise between two top models such as the Neotrail FX.ONE Superlite and the Evotrail FX: ONE TA.<\/p>\n<ul>\n<li>Type: Folding stick<\/li>\n<li>Area of \u200b\u200buse: Trail running<\/li>\n<li>Adjustment stroke: 110-135 cm<\/li>\n<li>Material Type: Carbon (HRC)<\/li>\n<li>4 sections<\/li>\n<li>Diameters per section: 16, 14, 14, 14 mm<\/li>\n<li>Grip: Trail Shark<\/li>\n<li>Strap: Shark frame strap mesh<\/li>\n<li>Dragonne: removable, adjustable<\/li>\n<li>Washer: with trail running washer<\/li>\n<li>Tip: Carbide tip<\/li>\n<li>Length of folded sticks: 36cm (120cm)<\/li>\n<li>Weight: 364 g (pair)<\/li>\n<\/ul>\n<p>Leki Ultratrail FX.ONE is the compromise between super lightness and strength, for those looking for a middle ground between the Leki Neotrail FX.ONE Superlite and the Leki Evotrail FX.ONE TA.<\/p>","protected":false},"excerpt":{"rendered":"<p>Leki Ultratrail FX.ONE Trail running poles are poles composed of 4 sections and foldable into 3 short branches, which enclosed [&hellip;]<\/p>\n","protected":false},"featured_media":155025,"comment_status":"open","ping_status":"closed","template":"","meta":{"_acf_changed":false},"product_brand":[735],"product_cat":[572],"product_tag":[],"class_list":{"0":"post-154709","1":"product","2":"type-product","3":"status-publish","4":"has-post-thumbnail","6":"product_brand-leki","7":"product_cat-bastoncini","9":"first","10":"instock","11":"sale","12":"taxable","13":"shipping-taxable","14":"purchasable","15":"product-type-variable"},"acf":[],"yoast_head":"<!-- This site is optimized with the Yoast SEO plugin v26.4 - https:\/\/yoast.com\/wordpress\/plugins\/seo\/ -->\n<title>Leki Ultratrail FX.ONE trail running poles (Copia) - Sestogrado<\/title>\n<meta name=\"description\" content=\"I Leki Neotrail Pro FX.ONE Superlite sono dei bastoncini da trail running, in carbonio e spuer leggeri. Sono composti da 4 sezioni e pieghevoli in 3 corti rami, che racchiusi raggiungono solo 38 cm di ingombro in lunghezza.Con solo 123g, il nuovo Neotrail Pro FX.One Superlite \u00e8 il bastoncino pi\u00f9 leggero che LEKI abbia mai sviluppato. Peso 100% ottimizzato e perfetto per i terreni tecnici. L&#039;impugnatura Spartan si basa sui feedback dei migliori atleti, e unisce minimalismo e versatilit\u00e0. \u00c8 dotato di un cinturino D-Loop Mesh ultraleggero e ad asciugatura rapida, il nuovo materiale dei passanti garantisce la massima traspirabilit\u00e0 e velocit\u00e0 di asciugatura. Con l&#039;aiuto del pulsante presente sull&#039;impugnatura, il lacciolo pu\u00f2 essere regolato in pochi secondi per non perdere tempo durante la gara. L&#039;impugnatura in schiuma leggera ha i lati appiattiti per un utilizzo ancora migliore durante la corsa. L&#039;asta superleggera con un diametro sottile di 14 mm \u00e8 ottimizzata per ottenere il minimo peso grazie al carbonio di alta qualit\u00e0.Sono stati progettati per tutti i trail runner che si muovono su terreni difficili e vogliono essere sostenuti al top, grazie a bastoni molto leggeri in carbonio, che aiutano e supportano il movimento in salita e discesa. Sono dotati dell&#039;impugnatura Spartan, al 100% ottimizzata per la leggerezza. I Leki Neotrail Pro FX.ONE Superlite sono perfetti per i terreni tecnici, le condizioni di clima caldo e per avere la massima libert\u00e0.\" \/>\n<meta name=\"robots\" content=\"index, follow, max-snippet:-1, max-image-preview:large, max-video-preview:-1\" \/>\n<link rel=\"canonical\" href=\"https:\/\/www.sestogrado.it\/en\/prodotto\/leki-neotrail-pro-fx-one-superlite-bastoncini-da-trail-running\/\" \/>\n<meta property=\"og:locale\" content=\"en_US\" \/>\n<meta property=\"og:type\" content=\"article\" \/>\n<meta property=\"og:title\" content=\"Leki Ultratrail FX.ONE trail running poles (Copia) - Sestogrado\" \/>\n<meta property=\"og:description\" content=\"I Leki Neotrail Pro FX.ONE Superlite sono dei bastoncini da trail running, in carbonio e spuer leggeri. Sono composti da 4 sezioni e pieghevoli in 3 corti rami, che racchiusi raggiungono solo 38 cm di ingombro in lunghezza.Con solo 123g, il nuovo Neotrail Pro FX.One Superlite \u00e8 il bastoncino pi\u00f9 leggero che LEKI abbia mai sviluppato. Peso 100% ottimizzato e perfetto per i terreni tecnici. L&#039;impugnatura Spartan si basa sui feedback dei migliori atleti, e unisce minimalismo e versatilit\u00e0. \u00c8 dotato di un cinturino D-Loop Mesh ultraleggero e ad asciugatura rapida, il nuovo materiale dei passanti garantisce la massima traspirabilit\u00e0 e velocit\u00e0 di asciugatura. Con l&#039;aiuto del pulsante presente sull&#039;impugnatura, il lacciolo pu\u00f2 essere regolato in pochi secondi per non perdere tempo durante la gara. L&#039;impugnatura in schiuma leggera ha i lati appiattiti per un utilizzo ancora migliore durante la corsa. L&#039;asta superleggera con un diametro sottile di 14 mm \u00e8 ottimizzata per ottenere il minimo peso grazie al carbonio di alta qualit\u00e0.Sono stati progettati per tutti i trail runner che si muovono su terreni difficili e vogliono essere sostenuti al top, grazie a bastoni molto leggeri in carbonio, che aiutano e supportano il movimento in salita e discesa. Sono dotati dell&#039;impugnatura Spartan, al 100% ottimizzata per la leggerezza. I Leki Neotrail Pro FX.ONE Superlite sono perfetti per i terreni tecnici, le condizioni di clima caldo e per avere la massima libert\u00e0.\" \/>\n<meta property=\"og:url\" content=\"https:\/\/www.sestogrado.it\/en\/prodotto\/leki-neotrail-pro-fx-one-superlite-bastoncini-da-trail-running\/\" \/>\n<meta property=\"og:site_name\" content=\"Sestogrado\" \/>\n<meta property=\"article:publisher\" content=\"https:\/\/www.facebook.com\/pages\/Sestogrado\/1542635979353017?ref=bookmarks\" \/>\n<meta property=\"article:modified_time\" content=\"2026-04-13T13:08:48+00:00\" \/>\n<meta property=\"og:image\" content=\"https:\/\/www.sestogrado.it\/wp-content\/uploads\/2024\/02\/03-1.jpg\" \/>\n\t<meta property=\"og:image:width\" content=\"1844\" \/>\n\t<meta property=\"og:image:height\" content=\"1844\" \/>\n\t<meta property=\"og:image:type\" content=\"image\/jpeg\" \/>\n<meta name=\"twitter:label1\" content=\"Availability\" \/>\n\t<meta name=\"twitter:data1\" content=\"In stock\" \/>\n<script type=\"application\/ld+json\" class=\"yoast-schema-graph\">{\"@context\":\"https:\/\/schema.org\",\"@graph\":[{\"@type\":\"WebPage\",\"@id\":\"https:\/\/www.sestogrado.it\/en\/prodotto\/leki-neotrail-pro-fx-one-superlite-bastoncini-da-trail-running\/\",\"url\":\"https:\/\/www.sestogrado.it\/en\/prodotto\/leki-neotrail-pro-fx-one-superlite-bastoncini-da-trail-running\/\",\"name\":\"Leki Ultratrail FX.ONE trail running poles (Copia) - Sestogrado\",\"isPartOf\":{\"@id\":\"https:\/\/www.sestogrado.it\/en\/#website\"},\"primaryImageOfPage\":{\"@id\":\"https:\/\/www.sestogrado.it\/en\/prodotto\/leki-neotrail-pro-fx-one-superlite-bastoncini-da-trail-running\/#primaryimage\"},\"image\":{\"@id\":\"https:\/\/www.sestogrado.it\/prodotto\/leki-neotrail-pro-fx-one-superlite-bastoncini-da-trail-running\/#primaryimage\"},\"thumbnailUrl\":\"https:\/\/www.sestogrado.it\/wp-content\/uploads\/2024\/02\/03-1.jpg\",\"datePublished\":\"2024-06-19T09:15:34+00:00\",\"dateModified\":\"2026-04-13T13:08:48+00:00\",\"description\":\"I Leki Neotrail Pro FX.ONE Superlite sono dei bastoncini da trail running, in carbonio e spuer leggeri. Sono composti da 4 sezioni e pieghevoli in 3 corti rami, che racchiusi raggiungono solo 38 cm di ingombro in lunghezza.Con solo 123g, il nuovo Neotrail Pro FX.One Superlite \u00e8 il bastoncino pi\u00f9 leggero che LEKI abbia mai sviluppato. Peso 100% ottimizzato e perfetto per i terreni tecnici. L'impugnatura Spartan si basa sui feedback dei migliori atleti, e unisce minimalismo e versatilit\u00e0. \u00c8 dotato di un cinturino D-Loop Mesh ultraleggero e ad asciugatura rapida, il nuovo materiale dei passanti garantisce la massima traspirabilit\u00e0 e velocit\u00e0 di asciugatura. Con l'aiuto del pulsante presente sull'impugnatura, il lacciolo pu\u00f2 essere regolato in pochi secondi per non perdere tempo durante la gara. L'impugnatura in schiuma leggera ha i lati appiattiti per un utilizzo ancora migliore durante la corsa. L'asta superleggera con un diametro sottile di 14 mm \u00e8 ottimizzata per ottenere il minimo peso grazie al carbonio di alta qualit\u00e0.Sono stati progettati per tutti i trail runner che si muovono su terreni difficili e vogliono essere sostenuti al top, grazie a bastoni molto leggeri in carbonio, che aiutano e supportano il movimento in salita e discesa. Sono dotati dell'impugnatura Spartan, al 100% ottimizzata per la leggerezza. I Leki Neotrail Pro FX.ONE Superlite sono perfetti per i terreni tecnici, le condizioni di clima caldo e per avere la massima libert\u00e0.\",\"breadcrumb\":{\"@id\":\"https:\/\/www.sestogrado.it\/en\/prodotto\/leki-neotrail-pro-fx-one-superlite-bastoncini-da-trail-running\/#breadcrumb\"},\"inLanguage\":\"en-US\",\"potentialAction\":[{\"@type\":\"ReadAction\",\"target\":[[\"https:\/\/www.sestogrado.it\/en\/prodotto\/leki-neotrail-pro-fx-one-superlite-bastoncini-da-trail-running\/\"]]}]},{\"@type\":\"ImageObject\",\"inLanguage\":\"en-US\",\"@id\":\"https:\/\/www.sestogrado.it\/en\/prodotto\/leki-neotrail-pro-fx-one-superlite-bastoncini-da-trail-running\/#primaryimage\",\"url\":\"https:\/\/www.sestogrado.it\/wp-content\/uploads\/2024\/02\/03-1.jpg\",\"contentUrl\":\"https:\/\/www.sestogrado.it\/wp-content\/uploads\/2024\/02\/03-1.jpg\",\"width\":1844,\"height\":1844,\"caption\":\"alphatrail\"},{\"@type\":\"BreadcrumbList\",\"@id\":\"https:\/\/www.sestogrado.it\/en\/prodotto\/leki-neotrail-pro-fx-one-superlite-bastoncini-da-trail-running\/#breadcrumb\",\"itemListElement\":[{\"@type\":\"ListItem\",\"position\":1,\"name\":\"Home\",\"item\":\"https:\/\/www.sestogrado.it\/en\/\"},{\"@type\":\"ListItem\",\"position\":2,\"name\":\"Shop\",\"item\":\"https:\/\/www.sestogrado.it\/en\/shop\/\"},{\"@type\":\"ListItem\",\"position\":3,\"name\":\"Leki Neotrail Pro FX.ONE Superlite Bastoncini da trail running\"}]},{\"@type\":\"WebSite\",\"@id\":\"https:\/\/www.sestogrado.it\/en\/#website\",\"url\":\"https:\/\/www.sestogrado.it\/en\/\",\"name\":\"Sestogrado\",\"description\":\"yes we climb\",\"publisher\":{\"@id\":\"https:\/\/www.sestogrado.it\/en\/#organization\"},\"potentialAction\":[{\"@type\":\"SearchAction\",\"target\":{\"@type\":\"EntryPoint\",\"urlTemplate\":\"https:\/\/www.sestogrado.it\/en\/?s={search_term_string}\"},\"query-input\":{\"@type\":\"PropertyValueSpecification\",\"valueRequired\":true,\"valueName\":\"search_term_string\"}}],\"inLanguage\":\"en-US\"},{\"@type\":\"Organization\",\"@id\":\"https:\/\/www.sestogrado.it\/en\/#organization\",\"name\":\"Sestogrado\",\"url\":\"https:\/\/www.sestogrado.it\/en\/\",\"logo\":{\"@type\":\"ImageObject\",\"inLanguage\":\"en-US\",\"@id\":\"https:\/\/www.sestogrado.it\/en\/#\/schema\/logo\/image\/\",\"url\":\"https:\/\/www.sestogrado.it\/wp-content\/uploads\/2015\/03\/sestogrado-favicon.png\",\"contentUrl\":\"https:\/\/www.sestogrado.it\/wp-content\/uploads\/2015\/03\/sestogrado-favicon.png\",\"width\":260,\"height\":260,\"caption\":\"Sestogrado\"},\"image\":{\"@id\":\"https:\/\/www.sestogrado.it\/en\/#\/schema\/logo\/image\/\"},\"sameAs\":[\"https:\/\/www.facebook.com\/pages\/Sestogrado\/1542635979353017?ref=bookmarks\",\"https:\/\/www.youtube.com\/channel\/UC847kAfTkaJsWpc1jtQwr3Q\"],\"hasMerchantReturnPolicy\":{\"@type\":\"MerchantReturnPolicy\",\"merchantReturnLink\":\"https:\/\/www.sestogrado.it\/en\/termini-e-condizioni\/\"}}]}<\/script>\n<meta property=\"product:brand\" content=\"Leki\" \/>\n<meta property=\"og:availability\" content=\"instock\" \/>\n<meta property=\"product:availability\" content=\"instock\" \/>\n<meta property=\"product:condition\" content=\"new\" \/>\n<!-- \/ Yoast SEO plugin. -->","yoast_head_json":{"title":"Leki Ultratrail FX.ONE trail running poles (Copia) - Sestogrado","description":"I Leki Neotrail Pro FX.ONE Superlite sono dei bastoncini da trail running, in carbonio e spuer leggeri. Sono composti da 4 sezioni e pieghevoli in 3 corti rami, che racchiusi raggiungono solo 38 cm di ingombro in lunghezza.Con solo 123g, il nuovo Neotrail Pro FX.One Superlite \u00e8 il bastoncino pi\u00f9 leggero che LEKI abbia mai sviluppato. Peso 100% ottimizzato e perfetto per i terreni tecnici. L'impugnatura Spartan si basa sui feedback dei migliori atleti, e unisce minimalismo e versatilit\u00e0. \u00c8 dotato di un cinturino D-Loop Mesh ultraleggero e ad asciugatura rapida, il nuovo materiale dei passanti garantisce la massima traspirabilit\u00e0 e velocit\u00e0 di asciugatura. Con l'aiuto del pulsante presente sull'impugnatura, il lacciolo pu\u00f2 essere regolato in pochi secondi per non perdere tempo durante la gara. L'impugnatura in schiuma leggera ha i lati appiattiti per un utilizzo ancora migliore durante la corsa. L'asta superleggera con un diametro sottile di 14 mm \u00e8 ottimizzata per ottenere il minimo peso grazie al carbonio di alta qualit\u00e0.Sono stati progettati per tutti i trail runner che si muovono su terreni difficili e vogliono essere sostenuti al top, grazie a bastoni molto leggeri in carbonio, che aiutano e supportano il movimento in salita e discesa. Sono dotati dell'impugnatura Spartan, al 100% ottimizzata per la leggerezza. I Leki Neotrail Pro FX.ONE Superlite sono perfetti per i terreni tecnici, le condizioni di clima caldo e per avere la massima libert\u00e0.","robots":{"index":"index","follow":"follow","max-snippet":"max-snippet:-1","max-image-preview":"max-image-preview:large","max-video-preview":"max-video-preview:-1"},"canonical":"https:\/\/www.sestogrado.it\/en\/prodotto\/leki-neotrail-pro-fx-one-superlite-bastoncini-da-trail-running\/","og_locale":"en_US","og_type":"article","og_title":"Leki Ultratrail FX.ONE trail running poles (Copia) - Sestogrado","og_description":"I Leki Neotrail Pro FX.ONE Superlite sono dei bastoncini da trail running, in carbonio e spuer leggeri. Sono composti da 4 sezioni e pieghevoli in 3 corti rami, che racchiusi raggiungono solo 38 cm di ingombro in lunghezza.Con solo 123g, il nuovo Neotrail Pro FX.One Superlite \u00e8 il bastoncino pi\u00f9 leggero che LEKI abbia mai sviluppato. Peso 100% ottimizzato e perfetto per i terreni tecnici. L'impugnatura Spartan si basa sui feedback dei migliori atleti, e unisce minimalismo e versatilit\u00e0. \u00c8 dotato di un cinturino D-Loop Mesh ultraleggero e ad asciugatura rapida, il nuovo materiale dei passanti garantisce la massima traspirabilit\u00e0 e velocit\u00e0 di asciugatura. Con l'aiuto del pulsante presente sull'impugnatura, il lacciolo pu\u00f2 essere regolato in pochi secondi per non perdere tempo durante la gara. L'impugnatura in schiuma leggera ha i lati appiattiti per un utilizzo ancora migliore durante la corsa. L'asta superleggera con un diametro sottile di 14 mm \u00e8 ottimizzata per ottenere il minimo peso grazie al carbonio di alta qualit\u00e0.Sono stati progettati per tutti i trail runner che si muovono su terreni difficili e vogliono essere sostenuti al top, grazie a bastoni molto leggeri in carbonio, che aiutano e supportano il movimento in salita e discesa. Sono dotati dell'impugnatura Spartan, al 100% ottimizzata per la leggerezza. I Leki Neotrail Pro FX.ONE Superlite sono perfetti per i terreni tecnici, le condizioni di clima caldo e per avere la massima libert\u00e0.","og_url":"https:\/\/www.sestogrado.it\/en\/prodotto\/leki-neotrail-pro-fx-one-superlite-bastoncini-da-trail-running\/","og_site_name":"Sestogrado","article_publisher":"https:\/\/www.facebook.com\/pages\/Sestogrado\/1542635979353017?ref=bookmarks","article_modified_time":"2026-04-13T13:08:48+00:00","og_image":[{"width":1844,"height":1844,"url":"https:\/\/www.sestogrado.it\/wp-content\/uploads\/2024\/02\/03-1.jpg","type":"image\/jpeg"}],"twitter_misc":{"Availability":"In stock"},"schema":{"@context":"https:\/\/schema.org","@graph":[{"@type":"WebPage","@id":"https:\/\/www.sestogrado.it\/en\/prodotto\/leki-neotrail-pro-fx-one-superlite-bastoncini-da-trail-running\/","url":"https:\/\/www.sestogrado.it\/en\/prodotto\/leki-neotrail-pro-fx-one-superlite-bastoncini-da-trail-running\/","name":"Leki Ultratrail FX.ONE trail running poles (Copia) - Sestogrado","isPartOf":{"@id":"https:\/\/www.sestogrado.it\/en\/#website"},"primaryImageOfPage":{"@id":"https:\/\/www.sestogrado.it\/en\/prodotto\/leki-neotrail-pro-fx-one-superlite-bastoncini-da-trail-running\/#primaryimage"},"image":{"@id":"https:\/\/www.sestogrado.it\/prodotto\/leki-neotrail-pro-fx-one-superlite-bastoncini-da-trail-running\/#primaryimage"},"thumbnailUrl":"https:\/\/www.sestogrado.it\/wp-content\/uploads\/2024\/02\/03-1.jpg","datePublished":"2024-06-19T09:15:34+00:00","dateModified":"2026-04-13T13:08:48+00:00","description":"I Leki Neotrail Pro FX.ONE Superlite sono dei bastoncini da trail running, in carbonio e spuer leggeri. Sono composti da 4 sezioni e pieghevoli in 3 corti rami, che racchiusi raggiungono solo 38 cm di ingombro in lunghezza.Con solo 123g, il nuovo Neotrail Pro FX.One Superlite \u00e8 il bastoncino pi\u00f9 leggero che LEKI abbia mai sviluppato. Peso 100% ottimizzato e perfetto per i terreni tecnici. L'impugnatura Spartan si basa sui feedback dei migliori atleti, e unisce minimalismo e versatilit\u00e0. \u00c8 dotato di un cinturino D-Loop Mesh ultraleggero e ad asciugatura rapida, il nuovo materiale dei passanti garantisce la massima traspirabilit\u00e0 e velocit\u00e0 di asciugatura. Con l'aiuto del pulsante presente sull'impugnatura, il lacciolo pu\u00f2 essere regolato in pochi secondi per non perdere tempo durante la gara. L'impugnatura in schiuma leggera ha i lati appiattiti per un utilizzo ancora migliore durante la corsa. L'asta superleggera con un diametro sottile di 14 mm \u00e8 ottimizzata per ottenere il minimo peso grazie al carbonio di alta qualit\u00e0.Sono stati progettati per tutti i trail runner che si muovono su terreni difficili e vogliono essere sostenuti al top, grazie a bastoni molto leggeri in carbonio, che aiutano e supportano il movimento in salita e discesa. Sono dotati dell'impugnatura Spartan, al 100% ottimizzata per la leggerezza. I Leki Neotrail Pro FX.ONE Superlite sono perfetti per i terreni tecnici, le condizioni di clima caldo e per avere la massima libert\u00e0.","breadcrumb":{"@id":"https:\/\/www.sestogrado.it\/en\/prodotto\/leki-neotrail-pro-fx-one-superlite-bastoncini-da-trail-running\/#breadcrumb"},"inLanguage":"en-US","potentialAction":[{"@type":"ReadAction","target":[["https:\/\/www.sestogrado.it\/en\/prodotto\/leki-neotrail-pro-fx-one-superlite-bastoncini-da-trail-running\/"]]}]},{"@type":"ImageObject","inLanguage":"en-US","@id":"https:\/\/www.sestogrado.it\/en\/prodotto\/leki-neotrail-pro-fx-one-superlite-bastoncini-da-trail-running\/#primaryimage","url":"https:\/\/www.sestogrado.it\/wp-content\/uploads\/2024\/02\/03-1.jpg","contentUrl":"https:\/\/www.sestogrado.it\/wp-content\/uploads\/2024\/02\/03-1.jpg","width":1844,"height":1844,"caption":"alphatrail"},{"@type":"BreadcrumbList","@id":"https:\/\/www.sestogrado.it\/en\/prodotto\/leki-neotrail-pro-fx-one-superlite-bastoncini-da-trail-running\/#breadcrumb","itemListElement":[{"@type":"ListItem","position":1,"name":"Home","item":"https:\/\/www.sestogrado.it\/en\/"},{"@type":"ListItem","position":2,"name":"Shop","item":"https:\/\/www.sestogrado.it\/en\/shop\/"},{"@type":"ListItem","position":3,"name":"Leki Neotrail Pro FX.ONE Superlite Bastoncini da trail running"}]},{"@type":"WebSite","@id":"https:\/\/www.sestogrado.it\/en\/#website","url":"https:\/\/www.sestogrado.it\/en\/","name":"Sestogrado","description":"yes we climb","publisher":{"@id":"https:\/\/www.sestogrado.it\/en\/#organization"},"potentialAction":[{"@type":"SearchAction","target":{"@type":"EntryPoint","urlTemplate":"https:\/\/www.sestogrado.it\/en\/?s={search_term_string}"},"query-input":{"@type":"PropertyValueSpecification","valueRequired":true,"valueName":"search_term_string"}}],"inLanguage":"en-US"},{"@type":"Organization","@id":"https:\/\/www.sestogrado.it\/en\/#organization","name":"Sestogrado","url":"https:\/\/www.sestogrado.it\/en\/","logo":{"@type":"ImageObject","inLanguage":"en-US","@id":"https:\/\/www.sestogrado.it\/en\/#\/schema\/logo\/image\/","url":"https:\/\/www.sestogrado.it\/wp-content\/uploads\/2015\/03\/sestogrado-favicon.png","contentUrl":"https:\/\/www.sestogrado.it\/wp-content\/uploads\/2015\/03\/sestogrado-favicon.png","width":260,"height":260,"caption":"Sestogrado"},"image":{"@id":"https:\/\/www.sestogrado.it\/en\/#\/schema\/logo\/image\/"},"sameAs":["https:\/\/www.facebook.com\/pages\/Sestogrado\/1542635979353017?ref=bookmarks","https:\/\/www.youtube.com\/channel\/UC847kAfTkaJsWpc1jtQwr3Q"],"hasMerchantReturnPolicy":{"@type":"MerchantReturnPolicy","merchantReturnLink":"https:\/\/www.sestogrado.it\/en\/termini-e-condizioni\/"}}]},"product_brand":"Leki","og_availability":"instock","product_availability":"instock","product_condition":"new"},"_links":{"self":[{"href":"https:\/\/www.sestogrado.it\/en\/wp-json\/wp\/v2\/product\/154709","targetHints":{"allow":["GET"]}}],"collection":[{"href":"https:\/\/www.sestogrado.it\/en\/wp-json\/wp\/v2\/product"}],"about":[{"href":"https:\/\/www.sestogrado.it\/en\/wp-json\/wp\/v2\/types\/product"}],"replies":[{"embeddable":true,"href":"https:\/\/www.sestogrado.it\/en\/wp-json\/wp\/v2\/comments?post=154709"}],"wp:featuredmedia":[{"embeddable":true,"href":"https:\/\/www.sestogrado.it\/en\/wp-json\/wp\/v2\/media\/155025"}],"wp:attachment":[{"href":"https:\/\/www.sestogrado.it\/en\/wp-json\/wp\/v2\/media?parent=154709"}],"wp:term":[{"taxonomy":"product_brand","embeddable":true,"href":"https:\/\/www.sestogrado.it\/en\/wp-json\/wp\/v2\/product_brand?post=154709"},{"taxonomy":"product_cat","embeddable":true,"href":"https:\/\/www.sestogrado.it\/en\/wp-json\/wp\/v2\/product_cat?post=154709"},{"taxonomy":"product_tag","embeddable":true,"href":"https:\/\/www.sestogrado.it\/en\/wp-json\/wp\/v2\/product_tag?post=154709"}],"curies":[{"name":"wp","href":"https:\/\/api.w.org\/{rel}","templated":true}]}}