{"id":154004,"date":"2025-10-08T08:00:59","date_gmt":"2025-10-08T06:00:59","guid":{"rendered":"https:\/\/www.sestogrado.it\/?post_type=product&#038;p=154004"},"modified":"2026-04-28T14:28:06","modified_gmt":"2026-04-28T12:28:06","slug":"fixe-roca-nargo-9-6-corda-arrampicata","status":"publish","type":"product","link":"https:\/\/www.sestogrado.it\/en\/prodotto\/fixe-roca-nargo-9-6-corda-arrampicata\/","title":{"rendered":"Fixe Narg\u00f2 9.6 corda arrampicata"},"content":{"rendered":"<p class=\"qtranxs-available-languages-message qtranxs-available-languages-message-en\">Sorry, this entry is only available in <a href=\"https:\/\/www.sestogrado.it\/it\/wp-json\/wp\/v2\/product\/154004\" class=\"qtranxs-available-language-link qtranxs-available-language-link-it\" title=\"Italiano\">Italiano<\/a>.<\/p>","protected":false},"excerpt":{"rendered":"<p>Sorry, this entry is only available in Italiano.<\/p>\n","protected":false},"featured_media":154009,"comment_status":"open","ping_status":"closed","template":"","meta":{"_acf_changed":false},"product_brand":[778],"product_cat":[136],"product_tag":[],"class_list":{"0":"post-154004","1":"product","2":"type-product","3":"status-publish","4":"has-post-thumbnail","6":"product_brand-fixe","7":"product_cat-corde-corde","9":"first","10":"instock","11":"sale","12":"featured","13":"taxable","14":"shipping-taxable","15":"purchasable","16":"product-type-variable"},"acf":[],"yoast_head":"<!-- This site is optimized with the Yoast SEO plugin v26.4 - https:\/\/yoast.com\/wordpress\/plugins\/seo\/ -->\n<title>Fixe Narg\u00f2 9.6 corda arrampicata - Sestogrado<\/title>\n<meta name=\"description\" content=\"La Fixe Roca Narg\u00f2 9.6 \u00e8 una corda da arrampicata progettata per gli arrampicatori sportivi che cercano un perfetto equilibrio tra peso e scorrevolezza. Grazie alla sua maneggevolezza e al diametro ottimale, offre un&#039;esperienza sicura e senza difficolt\u00e0 con la maggior parte di dispositivi di assicurazione. \u00c8 altamente raccomandata sia per l&#039;arrampicata outdoor che indoor.Negli ultimi anni, il Coll de Narg\u00f3, che da il nome alla corda, nella regione catalana dell&#039;Alt Urgell, \u00e8 diventato una residenza popolare per gli alpinisti. Questa zona vanta numerose scuole di arrampicata con calcare di eccezionale qualit\u00e0. Gli alpinisti possono esplorare diversi settori e godersi vie sportive di tutti i livelli, comprese le vie lunghe attrezzate.\" \/>\n<meta name=\"robots\" content=\"index, follow, max-snippet:-1, max-image-preview:large, max-video-preview:-1\" \/>\n<link rel=\"canonical\" href=\"https:\/\/www.sestogrado.it\/en\/prodotto\/fixe-roca-nargo-9-6-corda-arrampicata\/\" \/>\n<meta property=\"og:locale\" content=\"en_US\" \/>\n<meta property=\"og:type\" content=\"article\" \/>\n<meta property=\"og:title\" content=\"Fixe Narg\u00f2 9.6 corda arrampicata - Sestogrado\" \/>\n<meta property=\"og:description\" content=\"La Fixe Roca Narg\u00f2 9.6 \u00e8 una corda da arrampicata progettata per gli arrampicatori sportivi che cercano un perfetto equilibrio tra peso e scorrevolezza. Grazie alla sua maneggevolezza e al diametro ottimale, offre un&#039;esperienza sicura e senza difficolt\u00e0 con la maggior parte di dispositivi di assicurazione. \u00c8 altamente raccomandata sia per l&#039;arrampicata outdoor che indoor.Negli ultimi anni, il Coll de Narg\u00f3, che da il nome alla corda, nella regione catalana dell&#039;Alt Urgell, \u00e8 diventato una residenza popolare per gli alpinisti. Questa zona vanta numerose scuole di arrampicata con calcare di eccezionale qualit\u00e0. Gli alpinisti possono esplorare diversi settori e godersi vie sportive di tutti i livelli, comprese le vie lunghe attrezzate.\" \/>\n<meta property=\"og:url\" content=\"https:\/\/www.sestogrado.it\/en\/prodotto\/fixe-roca-nargo-9-6-corda-arrampicata\/\" \/>\n<meta property=\"og:site_name\" content=\"Sestogrado\" \/>\n<meta property=\"article:publisher\" content=\"https:\/\/www.facebook.com\/pages\/Sestogrado\/1542635979353017?ref=bookmarks\" \/>\n<meta property=\"article:modified_time\" content=\"2026-04-28T12:28:06+00:00\" \/>\n<meta property=\"og:image\" content=\"https:\/\/www.sestogrado.it\/wp-content\/uploads\/2024\/01\/96-nargo-1.jpg\" \/>\n\t<meta property=\"og:image:width\" content=\"800\" \/>\n\t<meta property=\"og:image:height\" content=\"800\" \/>\n\t<meta property=\"og:image:type\" content=\"image\/jpeg\" \/>\n<meta name=\"twitter:label1\" content=\"Availability\" \/>\n\t<meta name=\"twitter:data1\" content=\"In stock\" \/>\n<script type=\"application\/ld+json\" class=\"yoast-schema-graph\">{\"@context\":\"https:\/\/schema.org\",\"@graph\":[{\"@type\":\"WebPage\",\"@id\":\"https:\/\/www.sestogrado.it\/en\/prodotto\/fixe-roca-nargo-9-6-corda-arrampicata\/\",\"url\":\"https:\/\/www.sestogrado.it\/en\/prodotto\/fixe-roca-nargo-9-6-corda-arrampicata\/\",\"name\":\"Fixe Narg\u00f2 9.6 corda arrampicata - Sestogrado\",\"isPartOf\":{\"@id\":\"https:\/\/www.sestogrado.it\/en\/#website\"},\"primaryImageOfPage\":{\"@id\":\"https:\/\/www.sestogrado.it\/en\/prodotto\/fixe-roca-nargo-9-6-corda-arrampicata\/#primaryimage\"},\"image\":{\"@id\":\"https:\/\/www.sestogrado.it\/prodotto\/fixe-roca-nargo-9-6-corda-arrampicata\/#primaryimage\"},\"thumbnailUrl\":\"https:\/\/www.sestogrado.it\/wp-content\/uploads\/2024\/01\/96-nargo-1.jpg\",\"datePublished\":\"2025-10-08T06:00:59+00:00\",\"dateModified\":\"2026-04-28T12:28:06+00:00\",\"description\":\"La Fixe Roca Narg\u00f2 9.6 \u00e8 una corda da arrampicata progettata per gli arrampicatori sportivi che cercano un perfetto equilibrio tra peso e scorrevolezza. Grazie alla sua maneggevolezza e al diametro ottimale, offre un'esperienza sicura e senza difficolt\u00e0 con la maggior parte di dispositivi di assicurazione. \u00c8 altamente raccomandata sia per l'arrampicata outdoor che indoor.Negli ultimi anni, il Coll de Narg\u00f3, che da il nome alla corda, nella regione catalana dell'Alt Urgell, \u00e8 diventato una residenza popolare per gli alpinisti. Questa zona vanta numerose scuole di arrampicata con calcare di eccezionale qualit\u00e0. Gli alpinisti possono esplorare diversi settori e godersi vie sportive di tutti i livelli, comprese le vie lunghe attrezzate.\",\"breadcrumb\":{\"@id\":\"https:\/\/www.sestogrado.it\/en\/prodotto\/fixe-roca-nargo-9-6-corda-arrampicata\/#breadcrumb\"},\"inLanguage\":\"en-US\",\"potentialAction\":[{\"@type\":\"ReadAction\",\"target\":[[\"https:\/\/www.sestogrado.it\/en\/prodotto\/fixe-roca-nargo-9-6-corda-arrampicata\/\"]]}]},{\"@type\":\"ImageObject\",\"inLanguage\":\"en-US\",\"@id\":\"https:\/\/www.sestogrado.it\/en\/prodotto\/fixe-roca-nargo-9-6-corda-arrampicata\/#primaryimage\",\"url\":\"https:\/\/www.sestogrado.it\/wp-content\/uploads\/2024\/01\/96-nargo-1.jpg\",\"contentUrl\":\"https:\/\/www.sestogrado.it\/wp-content\/uploads\/2024\/01\/96-nargo-1.jpg\",\"width\":800,\"height\":800,\"caption\":\"fixe nargo\"},{\"@type\":\"BreadcrumbList\",\"@id\":\"https:\/\/www.sestogrado.it\/en\/prodotto\/fixe-roca-nargo-9-6-corda-arrampicata\/#breadcrumb\",\"itemListElement\":[{\"@type\":\"ListItem\",\"position\":1,\"name\":\"Home\",\"item\":\"https:\/\/www.sestogrado.it\/en\/\"},{\"@type\":\"ListItem\",\"position\":2,\"name\":\"Shop\",\"item\":\"https:\/\/www.sestogrado.it\/en\/shop\/\"},{\"@type\":\"ListItem\",\"position\":3,\"name\":\"Fixe Narg\u00f2 9.6 corda arrampicata\"}]},{\"@type\":\"WebSite\",\"@id\":\"https:\/\/www.sestogrado.it\/en\/#website\",\"url\":\"https:\/\/www.sestogrado.it\/en\/\",\"name\":\"Sestogrado\",\"description\":\"yes we climb\",\"publisher\":{\"@id\":\"https:\/\/www.sestogrado.it\/en\/#organization\"},\"potentialAction\":[{\"@type\":\"SearchAction\",\"target\":{\"@type\":\"EntryPoint\",\"urlTemplate\":\"https:\/\/www.sestogrado.it\/en\/?s={search_term_string}\"},\"query-input\":{\"@type\":\"PropertyValueSpecification\",\"valueRequired\":true,\"valueName\":\"search_term_string\"}}],\"inLanguage\":\"en-US\"},{\"@type\":\"Organization\",\"@id\":\"https:\/\/www.sestogrado.it\/en\/#organization\",\"name\":\"Sestogrado\",\"url\":\"https:\/\/www.sestogrado.it\/en\/\",\"logo\":{\"@type\":\"ImageObject\",\"inLanguage\":\"en-US\",\"@id\":\"https:\/\/www.sestogrado.it\/en\/#\/schema\/logo\/image\/\",\"url\":\"https:\/\/www.sestogrado.it\/wp-content\/uploads\/2015\/03\/sestogrado-favicon.png\",\"contentUrl\":\"https:\/\/www.sestogrado.it\/wp-content\/uploads\/2015\/03\/sestogrado-favicon.png\",\"width\":260,\"height\":260,\"caption\":\"Sestogrado\"},\"image\":{\"@id\":\"https:\/\/www.sestogrado.it\/en\/#\/schema\/logo\/image\/\"},\"sameAs\":[\"https:\/\/www.facebook.com\/pages\/Sestogrado\/1542635979353017?ref=bookmarks\",\"https:\/\/www.youtube.com\/channel\/UC847kAfTkaJsWpc1jtQwr3Q\"],\"hasMerchantReturnPolicy\":{\"@type\":\"MerchantReturnPolicy\",\"merchantReturnLink\":\"https:\/\/www.sestogrado.it\/en\/termini-e-condizioni\/\"}}]}<\/script>\n<meta property=\"product:brand\" content=\"Fixe\" \/>\n<meta property=\"og:availability\" content=\"instock\" \/>\n<meta property=\"product:availability\" content=\"instock\" \/>\n<meta property=\"product:condition\" content=\"new\" \/>\n<!-- \/ Yoast SEO plugin. -->","yoast_head_json":{"title":"Fixe Narg\u00f2 9.6 corda arrampicata - Sestogrado","description":"La Fixe Roca Narg\u00f2 9.6 \u00e8 una corda da arrampicata progettata per gli arrampicatori sportivi che cercano un perfetto equilibrio tra peso e scorrevolezza. Grazie alla sua maneggevolezza e al diametro ottimale, offre un'esperienza sicura e senza difficolt\u00e0 con la maggior parte di dispositivi di assicurazione. \u00c8 altamente raccomandata sia per l'arrampicata outdoor che indoor.Negli ultimi anni, il Coll de Narg\u00f3, che da il nome alla corda, nella regione catalana dell'Alt Urgell, \u00e8 diventato una residenza popolare per gli alpinisti. Questa zona vanta numerose scuole di arrampicata con calcare di eccezionale qualit\u00e0. Gli alpinisti possono esplorare diversi settori e godersi vie sportive di tutti i livelli, comprese le vie lunghe attrezzate.","robots":{"index":"index","follow":"follow","max-snippet":"max-snippet:-1","max-image-preview":"max-image-preview:large","max-video-preview":"max-video-preview:-1"},"canonical":"https:\/\/www.sestogrado.it\/en\/prodotto\/fixe-roca-nargo-9-6-corda-arrampicata\/","og_locale":"en_US","og_type":"article","og_title":"Fixe Narg\u00f2 9.6 corda arrampicata - Sestogrado","og_description":"La Fixe Roca Narg\u00f2 9.6 \u00e8 una corda da arrampicata progettata per gli arrampicatori sportivi che cercano un perfetto equilibrio tra peso e scorrevolezza. Grazie alla sua maneggevolezza e al diametro ottimale, offre un'esperienza sicura e senza difficolt\u00e0 con la maggior parte di dispositivi di assicurazione. \u00c8 altamente raccomandata sia per l'arrampicata outdoor che indoor.Negli ultimi anni, il Coll de Narg\u00f3, che da il nome alla corda, nella regione catalana dell'Alt Urgell, \u00e8 diventato una residenza popolare per gli alpinisti. Questa zona vanta numerose scuole di arrampicata con calcare di eccezionale qualit\u00e0. Gli alpinisti possono esplorare diversi settori e godersi vie sportive di tutti i livelli, comprese le vie lunghe attrezzate.","og_url":"https:\/\/www.sestogrado.it\/en\/prodotto\/fixe-roca-nargo-9-6-corda-arrampicata\/","og_site_name":"Sestogrado","article_publisher":"https:\/\/www.facebook.com\/pages\/Sestogrado\/1542635979353017?ref=bookmarks","article_modified_time":"2026-04-28T12:28:06+00:00","og_image":[{"width":800,"height":800,"url":"https:\/\/www.sestogrado.it\/wp-content\/uploads\/2024\/01\/96-nargo-1.jpg","type":"image\/jpeg"}],"twitter_misc":{"Availability":"In stock"},"schema":{"@context":"https:\/\/schema.org","@graph":[{"@type":"WebPage","@id":"https:\/\/www.sestogrado.it\/en\/prodotto\/fixe-roca-nargo-9-6-corda-arrampicata\/","url":"https:\/\/www.sestogrado.it\/en\/prodotto\/fixe-roca-nargo-9-6-corda-arrampicata\/","name":"Fixe Narg\u00f2 9.6 corda arrampicata - Sestogrado","isPartOf":{"@id":"https:\/\/www.sestogrado.it\/en\/#website"},"primaryImageOfPage":{"@id":"https:\/\/www.sestogrado.it\/en\/prodotto\/fixe-roca-nargo-9-6-corda-arrampicata\/#primaryimage"},"image":{"@id":"https:\/\/www.sestogrado.it\/prodotto\/fixe-roca-nargo-9-6-corda-arrampicata\/#primaryimage"},"thumbnailUrl":"https:\/\/www.sestogrado.it\/wp-content\/uploads\/2024\/01\/96-nargo-1.jpg","datePublished":"2025-10-08T06:00:59+00:00","dateModified":"2026-04-28T12:28:06+00:00","description":"La Fixe Roca Narg\u00f2 9.6 \u00e8 una corda da arrampicata progettata per gli arrampicatori sportivi che cercano un perfetto equilibrio tra peso e scorrevolezza. Grazie alla sua maneggevolezza e al diametro ottimale, offre un'esperienza sicura e senza difficolt\u00e0 con la maggior parte di dispositivi di assicurazione. \u00c8 altamente raccomandata sia per l'arrampicata outdoor che indoor.Negli ultimi anni, il Coll de Narg\u00f3, che da il nome alla corda, nella regione catalana dell'Alt Urgell, \u00e8 diventato una residenza popolare per gli alpinisti. Questa zona vanta numerose scuole di arrampicata con calcare di eccezionale qualit\u00e0. Gli alpinisti possono esplorare diversi settori e godersi vie sportive di tutti i livelli, comprese le vie lunghe attrezzate.","breadcrumb":{"@id":"https:\/\/www.sestogrado.it\/en\/prodotto\/fixe-roca-nargo-9-6-corda-arrampicata\/#breadcrumb"},"inLanguage":"en-US","potentialAction":[{"@type":"ReadAction","target":[["https:\/\/www.sestogrado.it\/en\/prodotto\/fixe-roca-nargo-9-6-corda-arrampicata\/"]]}]},{"@type":"ImageObject","inLanguage":"en-US","@id":"https:\/\/www.sestogrado.it\/en\/prodotto\/fixe-roca-nargo-9-6-corda-arrampicata\/#primaryimage","url":"https:\/\/www.sestogrado.it\/wp-content\/uploads\/2024\/01\/96-nargo-1.jpg","contentUrl":"https:\/\/www.sestogrado.it\/wp-content\/uploads\/2024\/01\/96-nargo-1.jpg","width":800,"height":800,"caption":"fixe nargo"},{"@type":"BreadcrumbList","@id":"https:\/\/www.sestogrado.it\/en\/prodotto\/fixe-roca-nargo-9-6-corda-arrampicata\/#breadcrumb","itemListElement":[{"@type":"ListItem","position":1,"name":"Home","item":"https:\/\/www.sestogrado.it\/en\/"},{"@type":"ListItem","position":2,"name":"Shop","item":"https:\/\/www.sestogrado.it\/en\/shop\/"},{"@type":"ListItem","position":3,"name":"Fixe Narg\u00f2 9.6 corda arrampicata"}]},{"@type":"WebSite","@id":"https:\/\/www.sestogrado.it\/en\/#website","url":"https:\/\/www.sestogrado.it\/en\/","name":"Sestogrado","description":"yes we climb","publisher":{"@id":"https:\/\/www.sestogrado.it\/en\/#organization"},"potentialAction":[{"@type":"SearchAction","target":{"@type":"EntryPoint","urlTemplate":"https:\/\/www.sestogrado.it\/en\/?s={search_term_string}"},"query-input":{"@type":"PropertyValueSpecification","valueRequired":true,"valueName":"search_term_string"}}],"inLanguage":"en-US"},{"@type":"Organization","@id":"https:\/\/www.sestogrado.it\/en\/#organization","name":"Sestogrado","url":"https:\/\/www.sestogrado.it\/en\/","logo":{"@type":"ImageObject","inLanguage":"en-US","@id":"https:\/\/www.sestogrado.it\/en\/#\/schema\/logo\/image\/","url":"https:\/\/www.sestogrado.it\/wp-content\/uploads\/2015\/03\/sestogrado-favicon.png","contentUrl":"https:\/\/www.sestogrado.it\/wp-content\/uploads\/2015\/03\/sestogrado-favicon.png","width":260,"height":260,"caption":"Sestogrado"},"image":{"@id":"https:\/\/www.sestogrado.it\/en\/#\/schema\/logo\/image\/"},"sameAs":["https:\/\/www.facebook.com\/pages\/Sestogrado\/1542635979353017?ref=bookmarks","https:\/\/www.youtube.com\/channel\/UC847kAfTkaJsWpc1jtQwr3Q"],"hasMerchantReturnPolicy":{"@type":"MerchantReturnPolicy","merchantReturnLink":"https:\/\/www.sestogrado.it\/en\/termini-e-condizioni\/"}}]},"product_brand":"Fixe","og_availability":"instock","product_availability":"instock","product_condition":"new"},"_links":{"self":[{"href":"https:\/\/www.sestogrado.it\/en\/wp-json\/wp\/v2\/product\/154004","targetHints":{"allow":["GET"]}}],"collection":[{"href":"https:\/\/www.sestogrado.it\/en\/wp-json\/wp\/v2\/product"}],"about":[{"href":"https:\/\/www.sestogrado.it\/en\/wp-json\/wp\/v2\/types\/product"}],"replies":[{"embeddable":true,"href":"https:\/\/www.sestogrado.it\/en\/wp-json\/wp\/v2\/comments?post=154004"}],"wp:featuredmedia":[{"embeddable":true,"href":"https:\/\/www.sestogrado.it\/en\/wp-json\/wp\/v2\/media\/154009"}],"wp:attachment":[{"href":"https:\/\/www.sestogrado.it\/en\/wp-json\/wp\/v2\/media?parent=154004"}],"wp:term":[{"taxonomy":"product_brand","embeddable":true,"href":"https:\/\/www.sestogrado.it\/en\/wp-json\/wp\/v2\/product_brand?post=154004"},{"taxonomy":"product_cat","embeddable":true,"href":"https:\/\/www.sestogrado.it\/en\/wp-json\/wp\/v2\/product_cat?post=154004"},{"taxonomy":"product_tag","embeddable":true,"href":"https:\/\/www.sestogrado.it\/en\/wp-json\/wp\/v2\/product_tag?post=154004"}],"curies":[{"name":"wp","href":"https:\/\/api.w.org\/{rel}","templated":true}]}}