{"id":153387,"date":"2024-01-18T09:11:20","date_gmt":"2024-01-18T08:11:20","guid":{"rendered":"https:\/\/www.sestogrado.it\/?post_type=product&#038;p=153387"},"modified":"2026-02-25T16:44:44","modified_gmt":"2026-02-25T15:44:44","slug":"pieps-pro-ips-artva-a-doppia-antenna","status":"publish","type":"product","link":"https:\/\/www.sestogrado.it\/en\/prodotto\/pieps-pro-ips-artva-a-doppia-antenna\/","title":{"rendered":"Pieps Pro IPS artva a doppia antenna"},"content":{"rendered":"<p class=\"qtranxs-available-languages-message qtranxs-available-languages-message-en\">Sorry, this entry is only available in <a href=\"https:\/\/www.sestogrado.it\/it\/wp-json\/wp\/v2\/product\/153387\" class=\"qtranxs-available-language-link qtranxs-available-language-link-it\" title=\"Italiano\">Italiano<\/a>.<\/p>","protected":false},"excerpt":{"rendered":"<p>Sorry, this entry is only available in Italiano.<\/p>\n","protected":false},"featured_media":153391,"comment_status":"open","ping_status":"closed","template":"","meta":{"_acf_changed":false},"product_brand":[722],"product_cat":[1399],"product_tag":[],"class_list":{"0":"post-153387","1":"product","2":"type-product","3":"status-publish","4":"has-post-thumbnail","6":"product_brand-pieps","7":"product_cat-artva","9":"first","10":"instock","11":"sale","12":"taxable","13":"shipping-taxable","14":"purchasable","15":"product-type-simple"},"acf":[],"yoast_head":"<!-- This site is optimized with the Yoast SEO plugin v26.4 - https:\/\/yoast.com\/wordpress\/plugins\/seo\/ -->\n<title>Pieps Pro IPS artva a doppia antenna - Sestogrado<\/title>\n<meta name=\"description\" content=\"Il PIEPS PRO IPS, con un&#039;ampiezza della striscia di ricerca di 80 m e prestazioni di invio e ricerca ai vertici del settore grazie al SISTEMA DI PROTEZIONE DELLE INTERFERENZE e alla tecnologia di elaborazione del segnale a doppia antenna.SISTEMA DI PROTEZIONE DALLE INTERFERENZE (IPS)Questa tecnologia unica compensa l&#039;influenza delle interferenze elettroniche e metalliche sul trasmettitore analizzando e adattandosi ai segnali di disturbo. In questo modo, in modalit\u00e0 di trasmissione, il PIEPS PRO IPS mantiene la massima potenza di trasmissione, non influenzata dai segnali di interferenza.&#039;Pertanto, in caso di seppellimento a causa di una valanga, gli utenti del PIEPS PRO IPS non devono pi\u00f9 preoccuparsi delle interferenze causate da oggetti personali che potrebbero ridurre al minimo la potenza di trasmissione in modalit\u00e0 di invio.I prodotti elettronici possono causare diversi tipi di interferenze. Il sistema IPS \u00e8 in grado di compensarne una buona parte, ma a causa della loro diversit\u00e0 non possiamo escludere tutte le fonti di interferenza. Pertanto, si consiglia di mantenere una distanza minima di 20 cm in modalit\u00e0 di trasmissione e di 50 cm in modalit\u00e0 di ricerca dalle possibili fonti di interferenza.ELABORAZIONE DEL SEGNALE A DOPPIA ANTENNALa qualit\u00e0 di tracciamento del segnale, gi\u00e0 leader di PIEPS, \u00e8 stata ulteriormente migliorata con il PIEPS PRO IPS. Grazie alla funzione DUAL ANTENNA SIGNAL PROCESSING, l&#039;elaborazione del segnale viene eseguita simultaneamente sulle antenne X e Y. Ci\u00f2 garantisce una localizzazione ancora pi\u00f9 precisa del segnale trasmesso, un&#039;efficace eliminazione dei segnali fantasma e una portata reale molto elevata. Ci\u00f2 consente all&#039;utente di ottenere un&#039;indicazione di direzione estremamente affidabile e stabile fin dal primo segnale.\" \/>\n<meta name=\"robots\" content=\"index, follow, max-snippet:-1, max-image-preview:large, max-video-preview:-1\" \/>\n<link rel=\"canonical\" href=\"https:\/\/www.sestogrado.it\/en\/prodotto\/pieps-pro-ips-artva-a-doppia-antenna\/\" \/>\n<meta property=\"og:locale\" content=\"en_US\" \/>\n<meta property=\"og:type\" content=\"article\" \/>\n<meta property=\"og:title\" content=\"Pieps Pro IPS artva a doppia antenna - Sestogrado\" \/>\n<meta property=\"og:description\" content=\"Il PIEPS PRO IPS, con un&#039;ampiezza della striscia di ricerca di 80 m e prestazioni di invio e ricerca ai vertici del settore grazie al SISTEMA DI PROTEZIONE DELLE INTERFERENZE e alla tecnologia di elaborazione del segnale a doppia antenna.SISTEMA DI PROTEZIONE DALLE INTERFERENZE (IPS)Questa tecnologia unica compensa l&#039;influenza delle interferenze elettroniche e metalliche sul trasmettitore analizzando e adattandosi ai segnali di disturbo. In questo modo, in modalit\u00e0 di trasmissione, il PIEPS PRO IPS mantiene la massima potenza di trasmissione, non influenzata dai segnali di interferenza.&#039;Pertanto, in caso di seppellimento a causa di una valanga, gli utenti del PIEPS PRO IPS non devono pi\u00f9 preoccuparsi delle interferenze causate da oggetti personali che potrebbero ridurre al minimo la potenza di trasmissione in modalit\u00e0 di invio.I prodotti elettronici possono causare diversi tipi di interferenze. Il sistema IPS \u00e8 in grado di compensarne una buona parte, ma a causa della loro diversit\u00e0 non possiamo escludere tutte le fonti di interferenza. Pertanto, si consiglia di mantenere una distanza minima di 20 cm in modalit\u00e0 di trasmissione e di 50 cm in modalit\u00e0 di ricerca dalle possibili fonti di interferenza.ELABORAZIONE DEL SEGNALE A DOPPIA ANTENNALa qualit\u00e0 di tracciamento del segnale, gi\u00e0 leader di PIEPS, \u00e8 stata ulteriormente migliorata con il PIEPS PRO IPS. Grazie alla funzione DUAL ANTENNA SIGNAL PROCESSING, l&#039;elaborazione del segnale viene eseguita simultaneamente sulle antenne X e Y. Ci\u00f2 garantisce una localizzazione ancora pi\u00f9 precisa del segnale trasmesso, un&#039;efficace eliminazione dei segnali fantasma e una portata reale molto elevata. Ci\u00f2 consente all&#039;utente di ottenere un&#039;indicazione di direzione estremamente affidabile e stabile fin dal primo segnale.\" \/>\n<meta property=\"og:url\" content=\"https:\/\/www.sestogrado.it\/en\/prodotto\/pieps-pro-ips-artva-a-doppia-antenna\/\" \/>\n<meta property=\"og:site_name\" content=\"Sestogrado\" \/>\n<meta property=\"article:publisher\" content=\"https:\/\/www.facebook.com\/pages\/Sestogrado\/1542635979353017?ref=bookmarks\" \/>\n<meta property=\"article:modified_time\" content=\"2026-02-25T15:44:44+00:00\" \/>\n<meta property=\"og:image\" content=\"https:\/\/www.sestogrado.it\/wp-content\/uploads\/2024\/01\/01-3.jpg\" \/>\n\t<meta property=\"og:image:width\" content=\"1200\" \/>\n\t<meta property=\"og:image:height\" content=\"1200\" \/>\n\t<meta property=\"og:image:type\" content=\"image\/jpeg\" \/>\n<meta name=\"twitter:label1\" content=\"Price\" \/>\n\t<meta name=\"twitter:data1\" content=\"&euro;&nbsp;469,00\" \/>\n\t<meta name=\"twitter:label2\" content=\"Availability\" \/>\n\t<meta name=\"twitter:data2\" content=\"In stock\" \/>\n<script type=\"application\/ld+json\" class=\"yoast-schema-graph\">{\"@context\":\"https:\/\/schema.org\",\"@graph\":[{\"@type\":\"WebPage\",\"@id\":\"https:\/\/www.sestogrado.it\/en\/prodotto\/pieps-pro-ips-artva-a-doppia-antenna\/\",\"url\":\"https:\/\/www.sestogrado.it\/en\/prodotto\/pieps-pro-ips-artva-a-doppia-antenna\/\",\"name\":\"Pieps Pro IPS artva a doppia antenna - Sestogrado\",\"isPartOf\":{\"@id\":\"https:\/\/www.sestogrado.it\/en\/#website\"},\"primaryImageOfPage\":{\"@id\":\"https:\/\/www.sestogrado.it\/en\/prodotto\/pieps-pro-ips-artva-a-doppia-antenna\/#primaryimage\"},\"image\":{\"@id\":\"https:\/\/www.sestogrado.it\/prodotto\/pieps-pro-ips-artva-a-doppia-antenna\/#primaryimage\"},\"thumbnailUrl\":\"https:\/\/www.sestogrado.it\/wp-content\/uploads\/2024\/01\/01-3.jpg\",\"datePublished\":\"2024-01-18T08:11:20+00:00\",\"dateModified\":\"2026-02-25T15:44:44+00:00\",\"description\":\"Il PIEPS PRO IPS, con un'ampiezza della striscia di ricerca di 80 m e prestazioni di invio e ricerca ai vertici del settore grazie al SISTEMA DI PROTEZIONE DELLE INTERFERENZE e alla tecnologia di elaborazione del segnale a doppia antenna.SISTEMA DI PROTEZIONE DALLE INTERFERENZE (IPS)Questa tecnologia unica compensa l'influenza delle interferenze elettroniche e metalliche sul trasmettitore analizzando e adattandosi ai segnali di disturbo. In questo modo, in modalit\u00e0 di trasmissione, il PIEPS PRO IPS mantiene la massima potenza di trasmissione, non influenzata dai segnali di interferenza.'Pertanto, in caso di seppellimento a causa di una valanga, gli utenti del PIEPS PRO IPS non devono pi\u00f9 preoccuparsi delle interferenze causate da oggetti personali che potrebbero ridurre al minimo la potenza di trasmissione in modalit\u00e0 di invio.I prodotti elettronici possono causare diversi tipi di interferenze. Il sistema IPS \u00e8 in grado di compensarne una buona parte, ma a causa della loro diversit\u00e0 non possiamo escludere tutte le fonti di interferenza. Pertanto, si consiglia di mantenere una distanza minima di 20 cm in modalit\u00e0 di trasmissione e di 50 cm in modalit\u00e0 di ricerca dalle possibili fonti di interferenza.ELABORAZIONE DEL SEGNALE A DOPPIA ANTENNALa qualit\u00e0 di tracciamento del segnale, gi\u00e0 leader di PIEPS, \u00e8 stata ulteriormente migliorata con il PIEPS PRO IPS. Grazie alla funzione DUAL ANTENNA SIGNAL PROCESSING, l'elaborazione del segnale viene eseguita simultaneamente sulle antenne X e Y. Ci\u00f2 garantisce una localizzazione ancora pi\u00f9 precisa del segnale trasmesso, un'efficace eliminazione dei segnali fantasma e una portata reale molto elevata. Ci\u00f2 consente all'utente di ottenere un'indicazione di direzione estremamente affidabile e stabile fin dal primo segnale.\",\"breadcrumb\":{\"@id\":\"https:\/\/www.sestogrado.it\/en\/prodotto\/pieps-pro-ips-artva-a-doppia-antenna\/#breadcrumb\"},\"inLanguage\":\"en-US\",\"potentialAction\":[{\"@type\":\"ReadAction\",\"target\":[[\"https:\/\/www.sestogrado.it\/en\/prodotto\/pieps-pro-ips-artva-a-doppia-antenna\/\"]]}]},{\"@type\":\"ImageObject\",\"inLanguage\":\"en-US\",\"@id\":\"https:\/\/www.sestogrado.it\/en\/prodotto\/pieps-pro-ips-artva-a-doppia-antenna\/#primaryimage\",\"url\":\"https:\/\/www.sestogrado.it\/wp-content\/uploads\/2024\/01\/01-3.jpg\",\"contentUrl\":\"https:\/\/www.sestogrado.it\/wp-content\/uploads\/2024\/01\/01-3.jpg\",\"width\":1200,\"height\":1200,\"caption\":\"pieps pro ips\"},{\"@type\":\"BreadcrumbList\",\"@id\":\"https:\/\/www.sestogrado.it\/en\/prodotto\/pieps-pro-ips-artva-a-doppia-antenna\/#breadcrumb\",\"itemListElement\":[{\"@type\":\"ListItem\",\"position\":1,\"name\":\"Home\",\"item\":\"https:\/\/www.sestogrado.it\/en\/\"},{\"@type\":\"ListItem\",\"position\":2,\"name\":\"Shop\",\"item\":\"https:\/\/www.sestogrado.it\/en\/shop\/\"},{\"@type\":\"ListItem\",\"position\":3,\"name\":\"Pieps Pro IPS artva a doppia antenna\"}]},{\"@type\":\"WebSite\",\"@id\":\"https:\/\/www.sestogrado.it\/en\/#website\",\"url\":\"https:\/\/www.sestogrado.it\/en\/\",\"name\":\"Sestogrado\",\"description\":\"yes we climb\",\"publisher\":{\"@id\":\"https:\/\/www.sestogrado.it\/en\/#organization\"},\"potentialAction\":[{\"@type\":\"SearchAction\",\"target\":{\"@type\":\"EntryPoint\",\"urlTemplate\":\"https:\/\/www.sestogrado.it\/en\/?s={search_term_string}\"},\"query-input\":{\"@type\":\"PropertyValueSpecification\",\"valueRequired\":true,\"valueName\":\"search_term_string\"}}],\"inLanguage\":\"en-US\"},{\"@type\":\"Organization\",\"@id\":\"https:\/\/www.sestogrado.it\/en\/#organization\",\"name\":\"Sestogrado\",\"url\":\"https:\/\/www.sestogrado.it\/en\/\",\"logo\":{\"@type\":\"ImageObject\",\"inLanguage\":\"en-US\",\"@id\":\"https:\/\/www.sestogrado.it\/en\/#\/schema\/logo\/image\/\",\"url\":\"https:\/\/www.sestogrado.it\/wp-content\/uploads\/2015\/03\/sestogrado-favicon.png\",\"contentUrl\":\"https:\/\/www.sestogrado.it\/wp-content\/uploads\/2015\/03\/sestogrado-favicon.png\",\"width\":260,\"height\":260,\"caption\":\"Sestogrado\"},\"image\":{\"@id\":\"https:\/\/www.sestogrado.it\/en\/#\/schema\/logo\/image\/\"},\"sameAs\":[\"https:\/\/www.facebook.com\/pages\/Sestogrado\/1542635979353017?ref=bookmarks\",\"https:\/\/www.youtube.com\/channel\/UC847kAfTkaJsWpc1jtQwr3Q\"],\"hasMerchantReturnPolicy\":{\"@type\":\"MerchantReturnPolicy\",\"merchantReturnLink\":\"https:\/\/www.sestogrado.it\/en\/termini-e-condizioni\/\"}}]}<\/script>\n<meta property=\"product:brand\" content=\"Pieps\" \/>\n<meta property=\"product:price:amount\" content=\"469.00\" \/>\n<meta property=\"product:price:currency\" content=\"EUR\" \/>\n<meta property=\"og:availability\" content=\"instock\" \/>\n<meta property=\"product:availability\" content=\"instock\" \/>\n<meta property=\"product:condition\" content=\"new\" \/>\n<!-- \/ Yoast SEO plugin. -->","yoast_head_json":{"title":"Pieps Pro IPS artva a doppia antenna - Sestogrado","description":"Il PIEPS PRO IPS, con un'ampiezza della striscia di ricerca di 80 m e prestazioni di invio e ricerca ai vertici del settore grazie al SISTEMA DI PROTEZIONE DELLE INTERFERENZE e alla tecnologia di elaborazione del segnale a doppia antenna.SISTEMA DI PROTEZIONE DALLE INTERFERENZE (IPS)Questa tecnologia unica compensa l'influenza delle interferenze elettroniche e metalliche sul trasmettitore analizzando e adattandosi ai segnali di disturbo. In questo modo, in modalit\u00e0 di trasmissione, il PIEPS PRO IPS mantiene la massima potenza di trasmissione, non influenzata dai segnali di interferenza.'Pertanto, in caso di seppellimento a causa di una valanga, gli utenti del PIEPS PRO IPS non devono pi\u00f9 preoccuparsi delle interferenze causate da oggetti personali che potrebbero ridurre al minimo la potenza di trasmissione in modalit\u00e0 di invio.I prodotti elettronici possono causare diversi tipi di interferenze. Il sistema IPS \u00e8 in grado di compensarne una buona parte, ma a causa della loro diversit\u00e0 non possiamo escludere tutte le fonti di interferenza. Pertanto, si consiglia di mantenere una distanza minima di 20 cm in modalit\u00e0 di trasmissione e di 50 cm in modalit\u00e0 di ricerca dalle possibili fonti di interferenza.ELABORAZIONE DEL SEGNALE A DOPPIA ANTENNALa qualit\u00e0 di tracciamento del segnale, gi\u00e0 leader di PIEPS, \u00e8 stata ulteriormente migliorata con il PIEPS PRO IPS. Grazie alla funzione DUAL ANTENNA SIGNAL PROCESSING, l'elaborazione del segnale viene eseguita simultaneamente sulle antenne X e Y. Ci\u00f2 garantisce una localizzazione ancora pi\u00f9 precisa del segnale trasmesso, un'efficace eliminazione dei segnali fantasma e una portata reale molto elevata. Ci\u00f2 consente all'utente di ottenere un'indicazione di direzione estremamente affidabile e stabile fin dal primo segnale.","robots":{"index":"index","follow":"follow","max-snippet":"max-snippet:-1","max-image-preview":"max-image-preview:large","max-video-preview":"max-video-preview:-1"},"canonical":"https:\/\/www.sestogrado.it\/en\/prodotto\/pieps-pro-ips-artva-a-doppia-antenna\/","og_locale":"en_US","og_type":"article","og_title":"Pieps Pro IPS artva a doppia antenna - Sestogrado","og_description":"Il PIEPS PRO IPS, con un'ampiezza della striscia di ricerca di 80 m e prestazioni di invio e ricerca ai vertici del settore grazie al SISTEMA DI PROTEZIONE DELLE INTERFERENZE e alla tecnologia di elaborazione del segnale a doppia antenna.SISTEMA DI PROTEZIONE DALLE INTERFERENZE (IPS)Questa tecnologia unica compensa l'influenza delle interferenze elettroniche e metalliche sul trasmettitore analizzando e adattandosi ai segnali di disturbo. In questo modo, in modalit\u00e0 di trasmissione, il PIEPS PRO IPS mantiene la massima potenza di trasmissione, non influenzata dai segnali di interferenza.'Pertanto, in caso di seppellimento a causa di una valanga, gli utenti del PIEPS PRO IPS non devono pi\u00f9 preoccuparsi delle interferenze causate da oggetti personali che potrebbero ridurre al minimo la potenza di trasmissione in modalit\u00e0 di invio.I prodotti elettronici possono causare diversi tipi di interferenze. Il sistema IPS \u00e8 in grado di compensarne una buona parte, ma a causa della loro diversit\u00e0 non possiamo escludere tutte le fonti di interferenza. Pertanto, si consiglia di mantenere una distanza minima di 20 cm in modalit\u00e0 di trasmissione e di 50 cm in modalit\u00e0 di ricerca dalle possibili fonti di interferenza.ELABORAZIONE DEL SEGNALE A DOPPIA ANTENNALa qualit\u00e0 di tracciamento del segnale, gi\u00e0 leader di PIEPS, \u00e8 stata ulteriormente migliorata con il PIEPS PRO IPS. Grazie alla funzione DUAL ANTENNA SIGNAL PROCESSING, l'elaborazione del segnale viene eseguita simultaneamente sulle antenne X e Y. Ci\u00f2 garantisce una localizzazione ancora pi\u00f9 precisa del segnale trasmesso, un'efficace eliminazione dei segnali fantasma e una portata reale molto elevata. Ci\u00f2 consente all'utente di ottenere un'indicazione di direzione estremamente affidabile e stabile fin dal primo segnale.","og_url":"https:\/\/www.sestogrado.it\/en\/prodotto\/pieps-pro-ips-artva-a-doppia-antenna\/","og_site_name":"Sestogrado","article_publisher":"https:\/\/www.facebook.com\/pages\/Sestogrado\/1542635979353017?ref=bookmarks","article_modified_time":"2026-02-25T15:44:44+00:00","og_image":[{"width":1200,"height":1200,"url":"https:\/\/www.sestogrado.it\/wp-content\/uploads\/2024\/01\/01-3.jpg","type":"image\/jpeg"}],"twitter_misc":{"Price":"&euro;&nbsp;469,00","Availability":"In stock"},"schema":{"@context":"https:\/\/schema.org","@graph":[{"@type":"WebPage","@id":"https:\/\/www.sestogrado.it\/en\/prodotto\/pieps-pro-ips-artva-a-doppia-antenna\/","url":"https:\/\/www.sestogrado.it\/en\/prodotto\/pieps-pro-ips-artva-a-doppia-antenna\/","name":"Pieps Pro IPS artva a doppia antenna - Sestogrado","isPartOf":{"@id":"https:\/\/www.sestogrado.it\/en\/#website"},"primaryImageOfPage":{"@id":"https:\/\/www.sestogrado.it\/en\/prodotto\/pieps-pro-ips-artva-a-doppia-antenna\/#primaryimage"},"image":{"@id":"https:\/\/www.sestogrado.it\/prodotto\/pieps-pro-ips-artva-a-doppia-antenna\/#primaryimage"},"thumbnailUrl":"https:\/\/www.sestogrado.it\/wp-content\/uploads\/2024\/01\/01-3.jpg","datePublished":"2024-01-18T08:11:20+00:00","dateModified":"2026-02-25T15:44:44+00:00","description":"Il PIEPS PRO IPS, con un'ampiezza della striscia di ricerca di 80 m e prestazioni di invio e ricerca ai vertici del settore grazie al SISTEMA DI PROTEZIONE DELLE INTERFERENZE e alla tecnologia di elaborazione del segnale a doppia antenna.SISTEMA DI PROTEZIONE DALLE INTERFERENZE (IPS)Questa tecnologia unica compensa l'influenza delle interferenze elettroniche e metalliche sul trasmettitore analizzando e adattandosi ai segnali di disturbo. In questo modo, in modalit\u00e0 di trasmissione, il PIEPS PRO IPS mantiene la massima potenza di trasmissione, non influenzata dai segnali di interferenza.'Pertanto, in caso di seppellimento a causa di una valanga, gli utenti del PIEPS PRO IPS non devono pi\u00f9 preoccuparsi delle interferenze causate da oggetti personali che potrebbero ridurre al minimo la potenza di trasmissione in modalit\u00e0 di invio.I prodotti elettronici possono causare diversi tipi di interferenze. Il sistema IPS \u00e8 in grado di compensarne una buona parte, ma a causa della loro diversit\u00e0 non possiamo escludere tutte le fonti di interferenza. Pertanto, si consiglia di mantenere una distanza minima di 20 cm in modalit\u00e0 di trasmissione e di 50 cm in modalit\u00e0 di ricerca dalle possibili fonti di interferenza.ELABORAZIONE DEL SEGNALE A DOPPIA ANTENNALa qualit\u00e0 di tracciamento del segnale, gi\u00e0 leader di PIEPS, \u00e8 stata ulteriormente migliorata con il PIEPS PRO IPS. Grazie alla funzione DUAL ANTENNA SIGNAL PROCESSING, l'elaborazione del segnale viene eseguita simultaneamente sulle antenne X e Y. Ci\u00f2 garantisce una localizzazione ancora pi\u00f9 precisa del segnale trasmesso, un'efficace eliminazione dei segnali fantasma e una portata reale molto elevata. Ci\u00f2 consente all'utente di ottenere un'indicazione di direzione estremamente affidabile e stabile fin dal primo segnale.","breadcrumb":{"@id":"https:\/\/www.sestogrado.it\/en\/prodotto\/pieps-pro-ips-artva-a-doppia-antenna\/#breadcrumb"},"inLanguage":"en-US","potentialAction":[{"@type":"ReadAction","target":[["https:\/\/www.sestogrado.it\/en\/prodotto\/pieps-pro-ips-artva-a-doppia-antenna\/"]]}]},{"@type":"ImageObject","inLanguage":"en-US","@id":"https:\/\/www.sestogrado.it\/en\/prodotto\/pieps-pro-ips-artva-a-doppia-antenna\/#primaryimage","url":"https:\/\/www.sestogrado.it\/wp-content\/uploads\/2024\/01\/01-3.jpg","contentUrl":"https:\/\/www.sestogrado.it\/wp-content\/uploads\/2024\/01\/01-3.jpg","width":1200,"height":1200,"caption":"pieps pro ips"},{"@type":"BreadcrumbList","@id":"https:\/\/www.sestogrado.it\/en\/prodotto\/pieps-pro-ips-artva-a-doppia-antenna\/#breadcrumb","itemListElement":[{"@type":"ListItem","position":1,"name":"Home","item":"https:\/\/www.sestogrado.it\/en\/"},{"@type":"ListItem","position":2,"name":"Shop","item":"https:\/\/www.sestogrado.it\/en\/shop\/"},{"@type":"ListItem","position":3,"name":"Pieps Pro IPS artva a doppia antenna"}]},{"@type":"WebSite","@id":"https:\/\/www.sestogrado.it\/en\/#website","url":"https:\/\/www.sestogrado.it\/en\/","name":"Sestogrado","description":"yes we climb","publisher":{"@id":"https:\/\/www.sestogrado.it\/en\/#organization"},"potentialAction":[{"@type":"SearchAction","target":{"@type":"EntryPoint","urlTemplate":"https:\/\/www.sestogrado.it\/en\/?s={search_term_string}"},"query-input":{"@type":"PropertyValueSpecification","valueRequired":true,"valueName":"search_term_string"}}],"inLanguage":"en-US"},{"@type":"Organization","@id":"https:\/\/www.sestogrado.it\/en\/#organization","name":"Sestogrado","url":"https:\/\/www.sestogrado.it\/en\/","logo":{"@type":"ImageObject","inLanguage":"en-US","@id":"https:\/\/www.sestogrado.it\/en\/#\/schema\/logo\/image\/","url":"https:\/\/www.sestogrado.it\/wp-content\/uploads\/2015\/03\/sestogrado-favicon.png","contentUrl":"https:\/\/www.sestogrado.it\/wp-content\/uploads\/2015\/03\/sestogrado-favicon.png","width":260,"height":260,"caption":"Sestogrado"},"image":{"@id":"https:\/\/www.sestogrado.it\/en\/#\/schema\/logo\/image\/"},"sameAs":["https:\/\/www.facebook.com\/pages\/Sestogrado\/1542635979353017?ref=bookmarks","https:\/\/www.youtube.com\/channel\/UC847kAfTkaJsWpc1jtQwr3Q"],"hasMerchantReturnPolicy":{"@type":"MerchantReturnPolicy","merchantReturnLink":"https:\/\/www.sestogrado.it\/en\/termini-e-condizioni\/"}}]},"product_brand":"Pieps","product_price_amount":"469.00","product_price_currency":"EUR","og_availability":"instock","product_availability":"instock","product_condition":"new"},"_links":{"self":[{"href":"https:\/\/www.sestogrado.it\/en\/wp-json\/wp\/v2\/product\/153387","targetHints":{"allow":["GET"]}}],"collection":[{"href":"https:\/\/www.sestogrado.it\/en\/wp-json\/wp\/v2\/product"}],"about":[{"href":"https:\/\/www.sestogrado.it\/en\/wp-json\/wp\/v2\/types\/product"}],"replies":[{"embeddable":true,"href":"https:\/\/www.sestogrado.it\/en\/wp-json\/wp\/v2\/comments?post=153387"}],"wp:featuredmedia":[{"embeddable":true,"href":"https:\/\/www.sestogrado.it\/en\/wp-json\/wp\/v2\/media\/153391"}],"wp:attachment":[{"href":"https:\/\/www.sestogrado.it\/en\/wp-json\/wp\/v2\/media?parent=153387"}],"wp:term":[{"taxonomy":"product_brand","embeddable":true,"href":"https:\/\/www.sestogrado.it\/en\/wp-json\/wp\/v2\/product_brand?post=153387"},{"taxonomy":"product_cat","embeddable":true,"href":"https:\/\/www.sestogrado.it\/en\/wp-json\/wp\/v2\/product_cat?post=153387"},{"taxonomy":"product_tag","embeddable":true,"href":"https:\/\/www.sestogrado.it\/en\/wp-json\/wp\/v2\/product_tag?post=153387"}],"curies":[{"name":"wp","href":"https:\/\/api.w.org\/{rel}","templated":true}]}}