{"id":153385,"date":"2024-01-18T09:00:32","date_gmt":"2024-01-18T08:00:32","guid":{"rendered":"https:\/\/www.sestogrado.it\/?post_type=product&#038;p=153385"},"modified":"2026-03-02T08:16:40","modified_gmt":"2026-03-02T07:16:40","slug":"pieps-pro-bt-artva-digitale-tre-antenne","status":"publish","type":"product","link":"https:\/\/www.sestogrado.it\/en\/prodotto\/pieps-pro-bt-artva-digitale-tre-antenne\/","title":{"rendered":"Pieps Pro BT artva digitale ricerca in valanga"},"content":{"rendered":"<p class=\"qtranxs-available-languages-message qtranxs-available-languages-message-en\">Sorry, this entry is only available in <a href=\"https:\/\/www.sestogrado.it\/it\/wp-json\/wp\/v2\/product\/153385\" class=\"qtranxs-available-language-link qtranxs-available-language-link-it\" title=\"Italiano\">Italiano<\/a>.<\/p>","protected":false},"excerpt":{"rendered":"<p>Sorry, this entry is only available in Italiano.<\/p>\n","protected":false},"featured_media":153386,"comment_status":"open","ping_status":"closed","template":"","meta":{"_acf_changed":false},"product_brand":[722],"product_cat":[1399],"product_tag":[],"class_list":{"0":"post-153385","1":"product","2":"type-product","3":"status-publish","4":"has-post-thumbnail","6":"product_brand-pieps","7":"product_cat-artva","9":"first","10":"outofstock","11":"sale","12":"taxable","13":"shipping-taxable","14":"purchasable","15":"product-type-simple"},"acf":[],"yoast_head":"<!-- This site is optimized with the Yoast SEO plugin v26.4 - https:\/\/yoast.com\/wordpress\/plugins\/seo\/ -->\n<title>Pieps Pro BT artva digitale ricerca in valanga - Sestogrado<\/title>\n<meta name=\"description\" content=\"Il ricetrasmettitore per valanghe Pieps Pro BT \u00e8 un dispositivo affidabile di ultima generazione. Non solo il raggio di ricezione circolare e stabile \u00e8 immediatamente convincente, ma anche la durata della batteria di 600 ore in modalit\u00e0 di trasmissione \u00e8 un punto di riferimento per altri dispositivi. Inoltre, ora il dispositivo pu\u00f2 essere configurato e aggiornato in modalit\u00e0 wireless tramite Bluetooth e l&#039;app PIEPS!La funzione di marcatura precisa, il passaggio automatico dalla modalit\u00e0 di trasmissione a quella di ricezione in caso di sepoltura post-burst \u00e8 qualcosa a cui Pieps \u00e8 gi\u00e0 abituato e anche in questo caso tutto pu\u00f2 essere gestito in modo perfetto, semplice e soprattutto intuitivo, perch\u00e9 in caso di emergenza ogni secondo \u00e8 importante. Un motore a vibrazione e la compatibilit\u00e0 con il TX600 e l&#039;iProbe facilitano ulteriormente la gestione della ricerca di sepoltura e il dispositivo dispone anche di un inclinometro integrato.Funzione di SCANSIONE Mantieni una panoramica! Questa funzione fornisce una rapida visione della situazione con pi\u00f9 persone sepolte nella neve e mostra il numero di persone sepolte in una specifica area ravvicinata.Selezione della vittima Ricerca mirata strategica! In modalit\u00e0 di SCANSIONE dettagliata, il trasmettitore per valanghe mostra direzione e distanza per ogni persona sepolta per consentire una strategia di soccorso mirata.Modalit\u00e0 di verifica del gruppo Pro Controlla come un PRO! Verifica efficientemente che i trasmettitori nel gruppo stiano trasmettendo e ricevendo correttamente.Inclinometro La funzione inclinometro visualizza l&#039;inclinazione del terreno.Auto Antenna Switch Utilizza sempre l&#039;antenna con il segnale pi\u00f9 forte.Eliminazione del segnale fantasma La sofisticata verifica del segnale di Pieps mostra solo i segnali provenienti dai trasmettitori e non &quot;segnali fantasma&quot; da altre fonti.Ricerca automatica-invio Il trasmettitore per valanghe passa automaticamente dalla ricerca all&#039;invio dopo un certo periodo di inattivit\u00e0 (assenza di movimento).\" \/>\n<meta name=\"robots\" content=\"index, follow, max-snippet:-1, max-image-preview:large, max-video-preview:-1\" \/>\n<link rel=\"canonical\" href=\"https:\/\/www.sestogrado.it\/en\/prodotto\/pieps-pro-bt-artva-digitale-tre-antenne\/\" \/>\n<meta property=\"og:locale\" content=\"en_US\" \/>\n<meta property=\"og:type\" content=\"article\" \/>\n<meta property=\"og:title\" content=\"Pieps Pro BT artva digitale ricerca in valanga - Sestogrado\" \/>\n<meta property=\"og:description\" content=\"Il ricetrasmettitore per valanghe Pieps Pro BT \u00e8 un dispositivo affidabile di ultima generazione. Non solo il raggio di ricezione circolare e stabile \u00e8 immediatamente convincente, ma anche la durata della batteria di 600 ore in modalit\u00e0 di trasmissione \u00e8 un punto di riferimento per altri dispositivi. Inoltre, ora il dispositivo pu\u00f2 essere configurato e aggiornato in modalit\u00e0 wireless tramite Bluetooth e l&#039;app PIEPS!La funzione di marcatura precisa, il passaggio automatico dalla modalit\u00e0 di trasmissione a quella di ricezione in caso di sepoltura post-burst \u00e8 qualcosa a cui Pieps \u00e8 gi\u00e0 abituato e anche in questo caso tutto pu\u00f2 essere gestito in modo perfetto, semplice e soprattutto intuitivo, perch\u00e9 in caso di emergenza ogni secondo \u00e8 importante. Un motore a vibrazione e la compatibilit\u00e0 con il TX600 e l&#039;iProbe facilitano ulteriormente la gestione della ricerca di sepoltura e il dispositivo dispone anche di un inclinometro integrato.Funzione di SCANSIONE Mantieni una panoramica! Questa funzione fornisce una rapida visione della situazione con pi\u00f9 persone sepolte nella neve e mostra il numero di persone sepolte in una specifica area ravvicinata.Selezione della vittima Ricerca mirata strategica! In modalit\u00e0 di SCANSIONE dettagliata, il trasmettitore per valanghe mostra direzione e distanza per ogni persona sepolta per consentire una strategia di soccorso mirata.Modalit\u00e0 di verifica del gruppo Pro Controlla come un PRO! Verifica efficientemente che i trasmettitori nel gruppo stiano trasmettendo e ricevendo correttamente.Inclinometro La funzione inclinometro visualizza l&#039;inclinazione del terreno.Auto Antenna Switch Utilizza sempre l&#039;antenna con il segnale pi\u00f9 forte.Eliminazione del segnale fantasma La sofisticata verifica del segnale di Pieps mostra solo i segnali provenienti dai trasmettitori e non &quot;segnali fantasma&quot; da altre fonti.Ricerca automatica-invio Il trasmettitore per valanghe passa automaticamente dalla ricerca all&#039;invio dopo un certo periodo di inattivit\u00e0 (assenza di movimento).\" \/>\n<meta property=\"og:url\" content=\"https:\/\/www.sestogrado.it\/en\/prodotto\/pieps-pro-bt-artva-digitale-tre-antenne\/\" \/>\n<meta property=\"og:site_name\" content=\"Sestogrado\" \/>\n<meta property=\"article:publisher\" content=\"https:\/\/www.facebook.com\/pages\/Sestogrado\/1542635979353017?ref=bookmarks\" \/>\n<meta property=\"article:modified_time\" content=\"2026-03-02T07:16:40+00:00\" \/>\n<meta property=\"og:image\" content=\"https:\/\/www.sestogrado.it\/wp-content\/uploads\/2024\/01\/01-pro.jpg\" \/>\n\t<meta property=\"og:image:width\" content=\"1200\" \/>\n\t<meta property=\"og:image:height\" content=\"1200\" \/>\n\t<meta property=\"og:image:type\" content=\"image\/jpeg\" \/>\n<meta name=\"twitter:label1\" content=\"Price\" \/>\n\t<meta name=\"twitter:data1\" content=\"&euro;&nbsp;359,00\" \/>\n\t<meta name=\"twitter:label2\" content=\"Availability\" \/>\n\t<meta name=\"twitter:data2\" content=\"Out of stock\" \/>\n<script type=\"application\/ld+json\" class=\"yoast-schema-graph\">{\"@context\":\"https:\/\/schema.org\",\"@graph\":[{\"@type\":\"WebPage\",\"@id\":\"https:\/\/www.sestogrado.it\/en\/prodotto\/pieps-pro-bt-artva-digitale-tre-antenne\/\",\"url\":\"https:\/\/www.sestogrado.it\/en\/prodotto\/pieps-pro-bt-artva-digitale-tre-antenne\/\",\"name\":\"Pieps Pro BT artva digitale ricerca in valanga - Sestogrado\",\"isPartOf\":{\"@id\":\"https:\/\/www.sestogrado.it\/en\/#website\"},\"primaryImageOfPage\":{\"@id\":\"https:\/\/www.sestogrado.it\/en\/prodotto\/pieps-pro-bt-artva-digitale-tre-antenne\/#primaryimage\"},\"image\":{\"@id\":\"https:\/\/www.sestogrado.it\/prodotto\/pieps-pro-bt-artva-digitale-tre-antenne\/#primaryimage\"},\"thumbnailUrl\":\"https:\/\/www.sestogrado.it\/wp-content\/uploads\/2024\/01\/01-pro.jpg\",\"datePublished\":\"2024-01-18T08:00:32+00:00\",\"dateModified\":\"2026-03-02T07:16:40+00:00\",\"description\":\"Il ricetrasmettitore per valanghe Pieps Pro BT \u00e8 un dispositivo affidabile di ultima generazione. Non solo il raggio di ricezione circolare e stabile \u00e8 immediatamente convincente, ma anche la durata della batteria di 600 ore in modalit\u00e0 di trasmissione \u00e8 un punto di riferimento per altri dispositivi. Inoltre, ora il dispositivo pu\u00f2 essere configurato e aggiornato in modalit\u00e0 wireless tramite Bluetooth e l'app PIEPS!La funzione di marcatura precisa, il passaggio automatico dalla modalit\u00e0 di trasmissione a quella di ricezione in caso di sepoltura post-burst \u00e8 qualcosa a cui Pieps \u00e8 gi\u00e0 abituato e anche in questo caso tutto pu\u00f2 essere gestito in modo perfetto, semplice e soprattutto intuitivo, perch\u00e9 in caso di emergenza ogni secondo \u00e8 importante. Un motore a vibrazione e la compatibilit\u00e0 con il TX600 e l'iProbe facilitano ulteriormente la gestione della ricerca di sepoltura e il dispositivo dispone anche di un inclinometro integrato.Funzione di SCANSIONE Mantieni una panoramica! Questa funzione fornisce una rapida visione della situazione con pi\u00f9 persone sepolte nella neve e mostra il numero di persone sepolte in una specifica area ravvicinata.Selezione della vittima Ricerca mirata strategica! In modalit\u00e0 di SCANSIONE dettagliata, il trasmettitore per valanghe mostra direzione e distanza per ogni persona sepolta per consentire una strategia di soccorso mirata.Modalit\u00e0 di verifica del gruppo Pro Controlla come un PRO! Verifica efficientemente che i trasmettitori nel gruppo stiano trasmettendo e ricevendo correttamente.Inclinometro La funzione inclinometro visualizza l'inclinazione del terreno.Auto Antenna Switch Utilizza sempre l'antenna con il segnale pi\u00f9 forte.Eliminazione del segnale fantasma La sofisticata verifica del segnale di Pieps mostra solo i segnali provenienti dai trasmettitori e non \\\"segnali fantasma\\\" da altre fonti.Ricerca automatica-invio Il trasmettitore per valanghe passa automaticamente dalla ricerca all'invio dopo un certo periodo di inattivit\u00e0 (assenza di movimento).\",\"breadcrumb\":{\"@id\":\"https:\/\/www.sestogrado.it\/en\/prodotto\/pieps-pro-bt-artva-digitale-tre-antenne\/#breadcrumb\"},\"inLanguage\":\"en-US\",\"potentialAction\":[{\"@type\":\"ReadAction\",\"target\":[[\"https:\/\/www.sestogrado.it\/en\/prodotto\/pieps-pro-bt-artva-digitale-tre-antenne\/\"]]}]},{\"@type\":\"ImageObject\",\"inLanguage\":\"en-US\",\"@id\":\"https:\/\/www.sestogrado.it\/en\/prodotto\/pieps-pro-bt-artva-digitale-tre-antenne\/#primaryimage\",\"url\":\"https:\/\/www.sestogrado.it\/wp-content\/uploads\/2024\/01\/01-pro.jpg\",\"contentUrl\":\"https:\/\/www.sestogrado.it\/wp-content\/uploads\/2024\/01\/01-pro.jpg\",\"width\":1200,\"height\":1200,\"caption\":\"pieps pro bt\"},{\"@type\":\"BreadcrumbList\",\"@id\":\"https:\/\/www.sestogrado.it\/en\/prodotto\/pieps-pro-bt-artva-digitale-tre-antenne\/#breadcrumb\",\"itemListElement\":[{\"@type\":\"ListItem\",\"position\":1,\"name\":\"Home\",\"item\":\"https:\/\/www.sestogrado.it\/en\/\"},{\"@type\":\"ListItem\",\"position\":2,\"name\":\"Shop\",\"item\":\"https:\/\/www.sestogrado.it\/en\/shop\/\"},{\"@type\":\"ListItem\",\"position\":3,\"name\":\"Pieps Pro BT artva digitale ricerca in valanga\"}]},{\"@type\":\"WebSite\",\"@id\":\"https:\/\/www.sestogrado.it\/en\/#website\",\"url\":\"https:\/\/www.sestogrado.it\/en\/\",\"name\":\"Sestogrado\",\"description\":\"yes we climb\",\"publisher\":{\"@id\":\"https:\/\/www.sestogrado.it\/en\/#organization\"},\"potentialAction\":[{\"@type\":\"SearchAction\",\"target\":{\"@type\":\"EntryPoint\",\"urlTemplate\":\"https:\/\/www.sestogrado.it\/en\/?s={search_term_string}\"},\"query-input\":{\"@type\":\"PropertyValueSpecification\",\"valueRequired\":true,\"valueName\":\"search_term_string\"}}],\"inLanguage\":\"en-US\"},{\"@type\":\"Organization\",\"@id\":\"https:\/\/www.sestogrado.it\/en\/#organization\",\"name\":\"Sestogrado\",\"url\":\"https:\/\/www.sestogrado.it\/en\/\",\"logo\":{\"@type\":\"ImageObject\",\"inLanguage\":\"en-US\",\"@id\":\"https:\/\/www.sestogrado.it\/en\/#\/schema\/logo\/image\/\",\"url\":\"https:\/\/www.sestogrado.it\/wp-content\/uploads\/2015\/03\/sestogrado-favicon.png\",\"contentUrl\":\"https:\/\/www.sestogrado.it\/wp-content\/uploads\/2015\/03\/sestogrado-favicon.png\",\"width\":260,\"height\":260,\"caption\":\"Sestogrado\"},\"image\":{\"@id\":\"https:\/\/www.sestogrado.it\/en\/#\/schema\/logo\/image\/\"},\"sameAs\":[\"https:\/\/www.facebook.com\/pages\/Sestogrado\/1542635979353017?ref=bookmarks\",\"https:\/\/www.youtube.com\/channel\/UC847kAfTkaJsWpc1jtQwr3Q\"],\"hasMerchantReturnPolicy\":{\"@type\":\"MerchantReturnPolicy\",\"merchantReturnLink\":\"https:\/\/www.sestogrado.it\/en\/termini-e-condizioni\/\"}}]}<\/script>\n<meta property=\"product:brand\" content=\"Pieps\" \/>\n<meta property=\"product:price:amount\" content=\"359.00\" \/>\n<meta property=\"product:price:currency\" content=\"EUR\" \/>\n<meta property=\"og:availability\" content=\"out of stock\" \/>\n<meta property=\"product:availability\" content=\"out of stock\" \/>\n<meta property=\"product:condition\" content=\"new\" \/>\n<!-- \/ Yoast SEO plugin. -->","yoast_head_json":{"title":"Pieps Pro BT artva digitale ricerca in valanga - Sestogrado","description":"Il ricetrasmettitore per valanghe Pieps Pro BT \u00e8 un dispositivo affidabile di ultima generazione. Non solo il raggio di ricezione circolare e stabile \u00e8 immediatamente convincente, ma anche la durata della batteria di 600 ore in modalit\u00e0 di trasmissione \u00e8 un punto di riferimento per altri dispositivi. Inoltre, ora il dispositivo pu\u00f2 essere configurato e aggiornato in modalit\u00e0 wireless tramite Bluetooth e l'app PIEPS!La funzione di marcatura precisa, il passaggio automatico dalla modalit\u00e0 di trasmissione a quella di ricezione in caso di sepoltura post-burst \u00e8 qualcosa a cui Pieps \u00e8 gi\u00e0 abituato e anche in questo caso tutto pu\u00f2 essere gestito in modo perfetto, semplice e soprattutto intuitivo, perch\u00e9 in caso di emergenza ogni secondo \u00e8 importante. Un motore a vibrazione e la compatibilit\u00e0 con il TX600 e l'iProbe facilitano ulteriormente la gestione della ricerca di sepoltura e il dispositivo dispone anche di un inclinometro integrato.Funzione di SCANSIONE Mantieni una panoramica! Questa funzione fornisce una rapida visione della situazione con pi\u00f9 persone sepolte nella neve e mostra il numero di persone sepolte in una specifica area ravvicinata.Selezione della vittima Ricerca mirata strategica! In modalit\u00e0 di SCANSIONE dettagliata, il trasmettitore per valanghe mostra direzione e distanza per ogni persona sepolta per consentire una strategia di soccorso mirata.Modalit\u00e0 di verifica del gruppo Pro Controlla come un PRO! Verifica efficientemente che i trasmettitori nel gruppo stiano trasmettendo e ricevendo correttamente.Inclinometro La funzione inclinometro visualizza l'inclinazione del terreno.Auto Antenna Switch Utilizza sempre l'antenna con il segnale pi\u00f9 forte.Eliminazione del segnale fantasma La sofisticata verifica del segnale di Pieps mostra solo i segnali provenienti dai trasmettitori e non \"segnali fantasma\" da altre fonti.Ricerca automatica-invio Il trasmettitore per valanghe passa automaticamente dalla ricerca all'invio dopo un certo periodo di inattivit\u00e0 (assenza di movimento).","robots":{"index":"index","follow":"follow","max-snippet":"max-snippet:-1","max-image-preview":"max-image-preview:large","max-video-preview":"max-video-preview:-1"},"canonical":"https:\/\/www.sestogrado.it\/en\/prodotto\/pieps-pro-bt-artva-digitale-tre-antenne\/","og_locale":"en_US","og_type":"article","og_title":"Pieps Pro BT artva digitale ricerca in valanga - Sestogrado","og_description":"Il ricetrasmettitore per valanghe Pieps Pro BT \u00e8 un dispositivo affidabile di ultima generazione. Non solo il raggio di ricezione circolare e stabile \u00e8 immediatamente convincente, ma anche la durata della batteria di 600 ore in modalit\u00e0 di trasmissione \u00e8 un punto di riferimento per altri dispositivi. Inoltre, ora il dispositivo pu\u00f2 essere configurato e aggiornato in modalit\u00e0 wireless tramite Bluetooth e l'app PIEPS!La funzione di marcatura precisa, il passaggio automatico dalla modalit\u00e0 di trasmissione a quella di ricezione in caso di sepoltura post-burst \u00e8 qualcosa a cui Pieps \u00e8 gi\u00e0 abituato e anche in questo caso tutto pu\u00f2 essere gestito in modo perfetto, semplice e soprattutto intuitivo, perch\u00e9 in caso di emergenza ogni secondo \u00e8 importante. Un motore a vibrazione e la compatibilit\u00e0 con il TX600 e l'iProbe facilitano ulteriormente la gestione della ricerca di sepoltura e il dispositivo dispone anche di un inclinometro integrato.Funzione di SCANSIONE Mantieni una panoramica! Questa funzione fornisce una rapida visione della situazione con pi\u00f9 persone sepolte nella neve e mostra il numero di persone sepolte in una specifica area ravvicinata.Selezione della vittima Ricerca mirata strategica! In modalit\u00e0 di SCANSIONE dettagliata, il trasmettitore per valanghe mostra direzione e distanza per ogni persona sepolta per consentire una strategia di soccorso mirata.Modalit\u00e0 di verifica del gruppo Pro Controlla come un PRO! Verifica efficientemente che i trasmettitori nel gruppo stiano trasmettendo e ricevendo correttamente.Inclinometro La funzione inclinometro visualizza l'inclinazione del terreno.Auto Antenna Switch Utilizza sempre l'antenna con il segnale pi\u00f9 forte.Eliminazione del segnale fantasma La sofisticata verifica del segnale di Pieps mostra solo i segnali provenienti dai trasmettitori e non \"segnali fantasma\" da altre fonti.Ricerca automatica-invio Il trasmettitore per valanghe passa automaticamente dalla ricerca all'invio dopo un certo periodo di inattivit\u00e0 (assenza di movimento).","og_url":"https:\/\/www.sestogrado.it\/en\/prodotto\/pieps-pro-bt-artva-digitale-tre-antenne\/","og_site_name":"Sestogrado","article_publisher":"https:\/\/www.facebook.com\/pages\/Sestogrado\/1542635979353017?ref=bookmarks","article_modified_time":"2026-03-02T07:16:40+00:00","og_image":[{"width":1200,"height":1200,"url":"https:\/\/www.sestogrado.it\/wp-content\/uploads\/2024\/01\/01-pro.jpg","type":"image\/jpeg"}],"twitter_misc":{"Price":"&euro;&nbsp;359,00","Availability":"Out of stock"},"schema":{"@context":"https:\/\/schema.org","@graph":[{"@type":"WebPage","@id":"https:\/\/www.sestogrado.it\/en\/prodotto\/pieps-pro-bt-artva-digitale-tre-antenne\/","url":"https:\/\/www.sestogrado.it\/en\/prodotto\/pieps-pro-bt-artva-digitale-tre-antenne\/","name":"Pieps Pro BT artva digitale ricerca in valanga - Sestogrado","isPartOf":{"@id":"https:\/\/www.sestogrado.it\/en\/#website"},"primaryImageOfPage":{"@id":"https:\/\/www.sestogrado.it\/en\/prodotto\/pieps-pro-bt-artva-digitale-tre-antenne\/#primaryimage"},"image":{"@id":"https:\/\/www.sestogrado.it\/prodotto\/pieps-pro-bt-artva-digitale-tre-antenne\/#primaryimage"},"thumbnailUrl":"https:\/\/www.sestogrado.it\/wp-content\/uploads\/2024\/01\/01-pro.jpg","datePublished":"2024-01-18T08:00:32+00:00","dateModified":"2026-03-02T07:16:40+00:00","description":"Il ricetrasmettitore per valanghe Pieps Pro BT \u00e8 un dispositivo affidabile di ultima generazione. Non solo il raggio di ricezione circolare e stabile \u00e8 immediatamente convincente, ma anche la durata della batteria di 600 ore in modalit\u00e0 di trasmissione \u00e8 un punto di riferimento per altri dispositivi. Inoltre, ora il dispositivo pu\u00f2 essere configurato e aggiornato in modalit\u00e0 wireless tramite Bluetooth e l'app PIEPS!La funzione di marcatura precisa, il passaggio automatico dalla modalit\u00e0 di trasmissione a quella di ricezione in caso di sepoltura post-burst \u00e8 qualcosa a cui Pieps \u00e8 gi\u00e0 abituato e anche in questo caso tutto pu\u00f2 essere gestito in modo perfetto, semplice e soprattutto intuitivo, perch\u00e9 in caso di emergenza ogni secondo \u00e8 importante. Un motore a vibrazione e la compatibilit\u00e0 con il TX600 e l'iProbe facilitano ulteriormente la gestione della ricerca di sepoltura e il dispositivo dispone anche di un inclinometro integrato.Funzione di SCANSIONE Mantieni una panoramica! Questa funzione fornisce una rapida visione della situazione con pi\u00f9 persone sepolte nella neve e mostra il numero di persone sepolte in una specifica area ravvicinata.Selezione della vittima Ricerca mirata strategica! In modalit\u00e0 di SCANSIONE dettagliata, il trasmettitore per valanghe mostra direzione e distanza per ogni persona sepolta per consentire una strategia di soccorso mirata.Modalit\u00e0 di verifica del gruppo Pro Controlla come un PRO! Verifica efficientemente che i trasmettitori nel gruppo stiano trasmettendo e ricevendo correttamente.Inclinometro La funzione inclinometro visualizza l'inclinazione del terreno.Auto Antenna Switch Utilizza sempre l'antenna con il segnale pi\u00f9 forte.Eliminazione del segnale fantasma La sofisticata verifica del segnale di Pieps mostra solo i segnali provenienti dai trasmettitori e non \"segnali fantasma\" da altre fonti.Ricerca automatica-invio Il trasmettitore per valanghe passa automaticamente dalla ricerca all'invio dopo un certo periodo di inattivit\u00e0 (assenza di movimento).","breadcrumb":{"@id":"https:\/\/www.sestogrado.it\/en\/prodotto\/pieps-pro-bt-artva-digitale-tre-antenne\/#breadcrumb"},"inLanguage":"en-US","potentialAction":[{"@type":"ReadAction","target":[["https:\/\/www.sestogrado.it\/en\/prodotto\/pieps-pro-bt-artva-digitale-tre-antenne\/"]]}]},{"@type":"ImageObject","inLanguage":"en-US","@id":"https:\/\/www.sestogrado.it\/en\/prodotto\/pieps-pro-bt-artva-digitale-tre-antenne\/#primaryimage","url":"https:\/\/www.sestogrado.it\/wp-content\/uploads\/2024\/01\/01-pro.jpg","contentUrl":"https:\/\/www.sestogrado.it\/wp-content\/uploads\/2024\/01\/01-pro.jpg","width":1200,"height":1200,"caption":"pieps pro bt"},{"@type":"BreadcrumbList","@id":"https:\/\/www.sestogrado.it\/en\/prodotto\/pieps-pro-bt-artva-digitale-tre-antenne\/#breadcrumb","itemListElement":[{"@type":"ListItem","position":1,"name":"Home","item":"https:\/\/www.sestogrado.it\/en\/"},{"@type":"ListItem","position":2,"name":"Shop","item":"https:\/\/www.sestogrado.it\/en\/shop\/"},{"@type":"ListItem","position":3,"name":"Pieps Pro BT artva digitale ricerca in valanga"}]},{"@type":"WebSite","@id":"https:\/\/www.sestogrado.it\/en\/#website","url":"https:\/\/www.sestogrado.it\/en\/","name":"Sestogrado","description":"yes we climb","publisher":{"@id":"https:\/\/www.sestogrado.it\/en\/#organization"},"potentialAction":[{"@type":"SearchAction","target":{"@type":"EntryPoint","urlTemplate":"https:\/\/www.sestogrado.it\/en\/?s={search_term_string}"},"query-input":{"@type":"PropertyValueSpecification","valueRequired":true,"valueName":"search_term_string"}}],"inLanguage":"en-US"},{"@type":"Organization","@id":"https:\/\/www.sestogrado.it\/en\/#organization","name":"Sestogrado","url":"https:\/\/www.sestogrado.it\/en\/","logo":{"@type":"ImageObject","inLanguage":"en-US","@id":"https:\/\/www.sestogrado.it\/en\/#\/schema\/logo\/image\/","url":"https:\/\/www.sestogrado.it\/wp-content\/uploads\/2015\/03\/sestogrado-favicon.png","contentUrl":"https:\/\/www.sestogrado.it\/wp-content\/uploads\/2015\/03\/sestogrado-favicon.png","width":260,"height":260,"caption":"Sestogrado"},"image":{"@id":"https:\/\/www.sestogrado.it\/en\/#\/schema\/logo\/image\/"},"sameAs":["https:\/\/www.facebook.com\/pages\/Sestogrado\/1542635979353017?ref=bookmarks","https:\/\/www.youtube.com\/channel\/UC847kAfTkaJsWpc1jtQwr3Q"],"hasMerchantReturnPolicy":{"@type":"MerchantReturnPolicy","merchantReturnLink":"https:\/\/www.sestogrado.it\/en\/termini-e-condizioni\/"}}]},"product_brand":"Pieps","product_price_amount":"359.00","product_price_currency":"EUR","og_availability":"out of stock","product_availability":"out of stock","product_condition":"new"},"_links":{"self":[{"href":"https:\/\/www.sestogrado.it\/en\/wp-json\/wp\/v2\/product\/153385","targetHints":{"allow":["GET"]}}],"collection":[{"href":"https:\/\/www.sestogrado.it\/en\/wp-json\/wp\/v2\/product"}],"about":[{"href":"https:\/\/www.sestogrado.it\/en\/wp-json\/wp\/v2\/types\/product"}],"replies":[{"embeddable":true,"href":"https:\/\/www.sestogrado.it\/en\/wp-json\/wp\/v2\/comments?post=153385"}],"wp:featuredmedia":[{"embeddable":true,"href":"https:\/\/www.sestogrado.it\/en\/wp-json\/wp\/v2\/media\/153386"}],"wp:attachment":[{"href":"https:\/\/www.sestogrado.it\/en\/wp-json\/wp\/v2\/media?parent=153385"}],"wp:term":[{"taxonomy":"product_brand","embeddable":true,"href":"https:\/\/www.sestogrado.it\/en\/wp-json\/wp\/v2\/product_brand?post=153385"},{"taxonomy":"product_cat","embeddable":true,"href":"https:\/\/www.sestogrado.it\/en\/wp-json\/wp\/v2\/product_cat?post=153385"},{"taxonomy":"product_tag","embeddable":true,"href":"https:\/\/www.sestogrado.it\/en\/wp-json\/wp\/v2\/product_tag?post=153385"}],"curies":[{"name":"wp","href":"https:\/\/api.w.org\/{rel}","templated":true}]}}