{"id":153380,"date":"2024-01-18T08:53:39","date_gmt":"2024-01-18T07:53:39","guid":{"rendered":"https:\/\/www.sestogrado.it\/?post_type=product&#038;p=153380"},"modified":"2026-03-26T10:02:58","modified_gmt":"2026-03-26T09:02:58","slug":"pieps-powder-bt-artva-digitale-tre-antenne","status":"publish","type":"product","link":"https:\/\/www.sestogrado.it\/en\/prodotto\/pieps-powder-bt-artva-digitale-tre-antenne\/","title":{"rendered":"Pieps Powder BT artva digitale ricerca in valanga"},"content":{"rendered":"<p class=\"qtranxs-available-languages-message qtranxs-available-languages-message-en\">Sorry, this entry is only available in <a href=\"https:\/\/www.sestogrado.it\/it\/wp-json\/wp\/v2\/product\/153380\" class=\"qtranxs-available-language-link qtranxs-available-language-link-it\" title=\"Italiano\">Italiano<\/a>.<\/p>","protected":false},"excerpt":{"rendered":"<p>Sorry, this entry is only available in Italiano.<\/p>\n","protected":false},"featured_media":153383,"comment_status":"open","ping_status":"closed","template":"","meta":{"_acf_changed":false},"product_brand":[722],"product_cat":[1399],"product_tag":[],"class_list":{"0":"post-153380","1":"product","2":"type-product","3":"status-publish","4":"has-post-thumbnail","6":"product_brand-pieps","7":"product_cat-artva","9":"first","10":"instock","11":"sale","12":"taxable","13":"shipping-taxable","14":"purchasable","15":"product-type-simple"},"acf":[],"yoast_head":"<!-- This site is optimized with the Yoast SEO plugin v26.4 - https:\/\/yoast.com\/wordpress\/plugins\/seo\/ -->\n<title>Pieps Powder BT artva digitale ricerca in valanga - Sestogrado<\/title>\n<meta name=\"description\" content=\"Il ricetrasmettitore per valanghe Pieps Powder BT non lascia nulla a desiderare. Il nome d\u00e0 gi\u00e0 un&#039;idea di chi sia il destinatario del dispositivo: gli sciatori che si concentrano solo sullo sci e che non hanno bisogno o vogliono avere a che fare con una complicata tecnologia di ricerca in valanga.Il Powder BT convince per la sua maneggevolezza intuitiva e la riduzione all&#039;essenziale senza compromessi. Il campo di ricezione e di trasmissione \u00e8 ampio, circolare e stabile, le prestazioni di marcatura sono ineguagliabili da lungo tempo e, in caso di post-seppellimento, il dispositivo passa automaticamente alla modalit\u00e0 di trasmissione. La novit\u00e0 \u00e8 che il dispositivo pu\u00f2 essere configurato e aggiornato tramite Bluetooth e l&#039;app PIEPS, ma \u00e8 anche rapido, semplice e senza complicazioni.INTERRUTTORE AUTOMATICO DELL&#039;ANTENNA Utilizza sempre l&#039;antenna con il segnale pi\u00f9 forte in caso di interferenze.ELIMINAZIONE DEL SEGNALE FANTASMA Dotato di Pieps Advanced Signal Verification, il Powder BT visualizza solo i segnali provenienti dai trasmettitori e non i &quot;segnali fantasma&quot; da altre fonti.RICERCA AUTOMATICA-INVIO In caso di una seconda valanga, il trasmettitore per valanghe passa automaticamente dalla modalit\u00e0 di ricerca a quella di invio dopo un certo periodo di inattivit\u00e0 (il sensore di movimento non rileva alcun movimento).MODALIT\u00c0 DI VERIFICA DI GRUPPO Il modo rapido e semplice per assicurarsi che i trasmettitori per valanghe nel gruppo stiano trasmettendo correttamente.\" \/>\n<meta name=\"robots\" content=\"index, follow, max-snippet:-1, max-image-preview:large, max-video-preview:-1\" \/>\n<link rel=\"canonical\" href=\"https:\/\/www.sestogrado.it\/en\/prodotto\/pieps-powder-bt-artva-digitale-tre-antenne\/\" \/>\n<meta property=\"og:locale\" content=\"en_US\" \/>\n<meta property=\"og:type\" content=\"article\" \/>\n<meta property=\"og:title\" content=\"Pieps Powder BT artva digitale ricerca in valanga - Sestogrado\" \/>\n<meta property=\"og:description\" content=\"Il ricetrasmettitore per valanghe Pieps Powder BT non lascia nulla a desiderare. Il nome d\u00e0 gi\u00e0 un&#039;idea di chi sia il destinatario del dispositivo: gli sciatori che si concentrano solo sullo sci e che non hanno bisogno o vogliono avere a che fare con una complicata tecnologia di ricerca in valanga.Il Powder BT convince per la sua maneggevolezza intuitiva e la riduzione all&#039;essenziale senza compromessi. Il campo di ricezione e di trasmissione \u00e8 ampio, circolare e stabile, le prestazioni di marcatura sono ineguagliabili da lungo tempo e, in caso di post-seppellimento, il dispositivo passa automaticamente alla modalit\u00e0 di trasmissione. La novit\u00e0 \u00e8 che il dispositivo pu\u00f2 essere configurato e aggiornato tramite Bluetooth e l&#039;app PIEPS, ma \u00e8 anche rapido, semplice e senza complicazioni.INTERRUTTORE AUTOMATICO DELL&#039;ANTENNA Utilizza sempre l&#039;antenna con il segnale pi\u00f9 forte in caso di interferenze.ELIMINAZIONE DEL SEGNALE FANTASMA Dotato di Pieps Advanced Signal Verification, il Powder BT visualizza solo i segnali provenienti dai trasmettitori e non i &quot;segnali fantasma&quot; da altre fonti.RICERCA AUTOMATICA-INVIO In caso di una seconda valanga, il trasmettitore per valanghe passa automaticamente dalla modalit\u00e0 di ricerca a quella di invio dopo un certo periodo di inattivit\u00e0 (il sensore di movimento non rileva alcun movimento).MODALIT\u00c0 DI VERIFICA DI GRUPPO Il modo rapido e semplice per assicurarsi che i trasmettitori per valanghe nel gruppo stiano trasmettendo correttamente.\" \/>\n<meta property=\"og:url\" content=\"https:\/\/www.sestogrado.it\/en\/prodotto\/pieps-powder-bt-artva-digitale-tre-antenne\/\" \/>\n<meta property=\"og:site_name\" content=\"Sestogrado\" \/>\n<meta property=\"article:publisher\" content=\"https:\/\/www.facebook.com\/pages\/Sestogrado\/1542635979353017?ref=bookmarks\" \/>\n<meta property=\"article:modified_time\" content=\"2026-03-26T09:02:58+00:00\" \/>\n<meta property=\"og:image\" content=\"https:\/\/www.sestogrado.it\/wp-content\/uploads\/2024\/01\/01-2.jpg\" \/>\n\t<meta property=\"og:image:width\" content=\"1200\" \/>\n\t<meta property=\"og:image:height\" content=\"1200\" \/>\n\t<meta property=\"og:image:type\" content=\"image\/jpeg\" \/>\n<meta name=\"twitter:label1\" content=\"Price\" \/>\n\t<meta name=\"twitter:data1\" content=\"&euro;&nbsp;299,00\" \/>\n\t<meta name=\"twitter:label2\" content=\"Availability\" \/>\n\t<meta name=\"twitter:data2\" content=\"In stock\" \/>\n<script type=\"application\/ld+json\" class=\"yoast-schema-graph\">{\"@context\":\"https:\/\/schema.org\",\"@graph\":[{\"@type\":\"WebPage\",\"@id\":\"https:\/\/www.sestogrado.it\/en\/prodotto\/pieps-powder-bt-artva-digitale-tre-antenne\/\",\"url\":\"https:\/\/www.sestogrado.it\/en\/prodotto\/pieps-powder-bt-artva-digitale-tre-antenne\/\",\"name\":\"Pieps Powder BT artva digitale ricerca in valanga - Sestogrado\",\"isPartOf\":{\"@id\":\"https:\/\/www.sestogrado.it\/en\/#website\"},\"primaryImageOfPage\":{\"@id\":\"https:\/\/www.sestogrado.it\/en\/prodotto\/pieps-powder-bt-artva-digitale-tre-antenne\/#primaryimage\"},\"image\":{\"@id\":\"https:\/\/www.sestogrado.it\/prodotto\/pieps-powder-bt-artva-digitale-tre-antenne\/#primaryimage\"},\"thumbnailUrl\":\"https:\/\/www.sestogrado.it\/wp-content\/uploads\/2024\/01\/01-2.jpg\",\"datePublished\":\"2024-01-18T07:53:39+00:00\",\"dateModified\":\"2026-03-26T09:02:58+00:00\",\"description\":\"Il ricetrasmettitore per valanghe Pieps Powder BT non lascia nulla a desiderare. Il nome d\u00e0 gi\u00e0 un'idea di chi sia il destinatario del dispositivo: gli sciatori che si concentrano solo sullo sci e che non hanno bisogno o vogliono avere a che fare con una complicata tecnologia di ricerca in valanga.Il Powder BT convince per la sua maneggevolezza intuitiva e la riduzione all'essenziale senza compromessi. Il campo di ricezione e di trasmissione \u00e8 ampio, circolare e stabile, le prestazioni di marcatura sono ineguagliabili da lungo tempo e, in caso di post-seppellimento, il dispositivo passa automaticamente alla modalit\u00e0 di trasmissione. La novit\u00e0 \u00e8 che il dispositivo pu\u00f2 essere configurato e aggiornato tramite Bluetooth e l'app PIEPS, ma \u00e8 anche rapido, semplice e senza complicazioni.INTERRUTTORE AUTOMATICO DELL'ANTENNA Utilizza sempre l'antenna con il segnale pi\u00f9 forte in caso di interferenze.ELIMINAZIONE DEL SEGNALE FANTASMA Dotato di Pieps Advanced Signal Verification, il Powder BT visualizza solo i segnali provenienti dai trasmettitori e non i \\\"segnali fantasma\\\" da altre fonti.RICERCA AUTOMATICA-INVIO In caso di una seconda valanga, il trasmettitore per valanghe passa automaticamente dalla modalit\u00e0 di ricerca a quella di invio dopo un certo periodo di inattivit\u00e0 (il sensore di movimento non rileva alcun movimento).MODALIT\u00c0 DI VERIFICA DI GRUPPO Il modo rapido e semplice per assicurarsi che i trasmettitori per valanghe nel gruppo stiano trasmettendo correttamente.\",\"breadcrumb\":{\"@id\":\"https:\/\/www.sestogrado.it\/en\/prodotto\/pieps-powder-bt-artva-digitale-tre-antenne\/#breadcrumb\"},\"inLanguage\":\"en-US\",\"potentialAction\":[{\"@type\":\"ReadAction\",\"target\":[[\"https:\/\/www.sestogrado.it\/en\/prodotto\/pieps-powder-bt-artva-digitale-tre-antenne\/\"]]}]},{\"@type\":\"ImageObject\",\"inLanguage\":\"en-US\",\"@id\":\"https:\/\/www.sestogrado.it\/en\/prodotto\/pieps-powder-bt-artva-digitale-tre-antenne\/#primaryimage\",\"url\":\"https:\/\/www.sestogrado.it\/wp-content\/uploads\/2024\/01\/01-2.jpg\",\"contentUrl\":\"https:\/\/www.sestogrado.it\/wp-content\/uploads\/2024\/01\/01-2.jpg\",\"width\":1200,\"height\":1200,\"caption\":\"pieps powder bt\"},{\"@type\":\"BreadcrumbList\",\"@id\":\"https:\/\/www.sestogrado.it\/en\/prodotto\/pieps-powder-bt-artva-digitale-tre-antenne\/#breadcrumb\",\"itemListElement\":[{\"@type\":\"ListItem\",\"position\":1,\"name\":\"Home\",\"item\":\"https:\/\/www.sestogrado.it\/en\/\"},{\"@type\":\"ListItem\",\"position\":2,\"name\":\"Shop\",\"item\":\"https:\/\/www.sestogrado.it\/en\/shop\/\"},{\"@type\":\"ListItem\",\"position\":3,\"name\":\"Pieps Powder BT artva digitale ricerca in valanga\"}]},{\"@type\":\"WebSite\",\"@id\":\"https:\/\/www.sestogrado.it\/en\/#website\",\"url\":\"https:\/\/www.sestogrado.it\/en\/\",\"name\":\"Sestogrado\",\"description\":\"yes we climb\",\"publisher\":{\"@id\":\"https:\/\/www.sestogrado.it\/en\/#organization\"},\"potentialAction\":[{\"@type\":\"SearchAction\",\"target\":{\"@type\":\"EntryPoint\",\"urlTemplate\":\"https:\/\/www.sestogrado.it\/en\/?s={search_term_string}\"},\"query-input\":{\"@type\":\"PropertyValueSpecification\",\"valueRequired\":true,\"valueName\":\"search_term_string\"}}],\"inLanguage\":\"en-US\"},{\"@type\":\"Organization\",\"@id\":\"https:\/\/www.sestogrado.it\/en\/#organization\",\"name\":\"Sestogrado\",\"url\":\"https:\/\/www.sestogrado.it\/en\/\",\"logo\":{\"@type\":\"ImageObject\",\"inLanguage\":\"en-US\",\"@id\":\"https:\/\/www.sestogrado.it\/en\/#\/schema\/logo\/image\/\",\"url\":\"https:\/\/www.sestogrado.it\/wp-content\/uploads\/2015\/03\/sestogrado-favicon.png\",\"contentUrl\":\"https:\/\/www.sestogrado.it\/wp-content\/uploads\/2015\/03\/sestogrado-favicon.png\",\"width\":260,\"height\":260,\"caption\":\"Sestogrado\"},\"image\":{\"@id\":\"https:\/\/www.sestogrado.it\/en\/#\/schema\/logo\/image\/\"},\"sameAs\":[\"https:\/\/www.facebook.com\/pages\/Sestogrado\/1542635979353017?ref=bookmarks\",\"https:\/\/www.youtube.com\/channel\/UC847kAfTkaJsWpc1jtQwr3Q\"],\"hasMerchantReturnPolicy\":{\"@type\":\"MerchantReturnPolicy\",\"merchantReturnLink\":\"https:\/\/www.sestogrado.it\/en\/termini-e-condizioni\/\"}}]}<\/script>\n<meta property=\"product:brand\" content=\"Pieps\" \/>\n<meta property=\"product:price:amount\" content=\"299.00\" \/>\n<meta property=\"product:price:currency\" content=\"EUR\" \/>\n<meta property=\"og:availability\" content=\"instock\" \/>\n<meta property=\"product:availability\" content=\"instock\" \/>\n<meta property=\"product:condition\" content=\"new\" \/>\n<!-- \/ Yoast SEO plugin. -->","yoast_head_json":{"title":"Pieps Powder BT artva digitale ricerca in valanga - Sestogrado","description":"Il ricetrasmettitore per valanghe Pieps Powder BT non lascia nulla a desiderare. Il nome d\u00e0 gi\u00e0 un'idea di chi sia il destinatario del dispositivo: gli sciatori che si concentrano solo sullo sci e che non hanno bisogno o vogliono avere a che fare con una complicata tecnologia di ricerca in valanga.Il Powder BT convince per la sua maneggevolezza intuitiva e la riduzione all'essenziale senza compromessi. Il campo di ricezione e di trasmissione \u00e8 ampio, circolare e stabile, le prestazioni di marcatura sono ineguagliabili da lungo tempo e, in caso di post-seppellimento, il dispositivo passa automaticamente alla modalit\u00e0 di trasmissione. La novit\u00e0 \u00e8 che il dispositivo pu\u00f2 essere configurato e aggiornato tramite Bluetooth e l'app PIEPS, ma \u00e8 anche rapido, semplice e senza complicazioni.INTERRUTTORE AUTOMATICO DELL'ANTENNA Utilizza sempre l'antenna con il segnale pi\u00f9 forte in caso di interferenze.ELIMINAZIONE DEL SEGNALE FANTASMA Dotato di Pieps Advanced Signal Verification, il Powder BT visualizza solo i segnali provenienti dai trasmettitori e non i \"segnali fantasma\" da altre fonti.RICERCA AUTOMATICA-INVIO In caso di una seconda valanga, il trasmettitore per valanghe passa automaticamente dalla modalit\u00e0 di ricerca a quella di invio dopo un certo periodo di inattivit\u00e0 (il sensore di movimento non rileva alcun movimento).MODALIT\u00c0 DI VERIFICA DI GRUPPO Il modo rapido e semplice per assicurarsi che i trasmettitori per valanghe nel gruppo stiano trasmettendo correttamente.","robots":{"index":"index","follow":"follow","max-snippet":"max-snippet:-1","max-image-preview":"max-image-preview:large","max-video-preview":"max-video-preview:-1"},"canonical":"https:\/\/www.sestogrado.it\/en\/prodotto\/pieps-powder-bt-artva-digitale-tre-antenne\/","og_locale":"en_US","og_type":"article","og_title":"Pieps Powder BT artva digitale ricerca in valanga - Sestogrado","og_description":"Il ricetrasmettitore per valanghe Pieps Powder BT non lascia nulla a desiderare. Il nome d\u00e0 gi\u00e0 un'idea di chi sia il destinatario del dispositivo: gli sciatori che si concentrano solo sullo sci e che non hanno bisogno o vogliono avere a che fare con una complicata tecnologia di ricerca in valanga.Il Powder BT convince per la sua maneggevolezza intuitiva e la riduzione all'essenziale senza compromessi. Il campo di ricezione e di trasmissione \u00e8 ampio, circolare e stabile, le prestazioni di marcatura sono ineguagliabili da lungo tempo e, in caso di post-seppellimento, il dispositivo passa automaticamente alla modalit\u00e0 di trasmissione. La novit\u00e0 \u00e8 che il dispositivo pu\u00f2 essere configurato e aggiornato tramite Bluetooth e l'app PIEPS, ma \u00e8 anche rapido, semplice e senza complicazioni.INTERRUTTORE AUTOMATICO DELL'ANTENNA Utilizza sempre l'antenna con il segnale pi\u00f9 forte in caso di interferenze.ELIMINAZIONE DEL SEGNALE FANTASMA Dotato di Pieps Advanced Signal Verification, il Powder BT visualizza solo i segnali provenienti dai trasmettitori e non i \"segnali fantasma\" da altre fonti.RICERCA AUTOMATICA-INVIO In caso di una seconda valanga, il trasmettitore per valanghe passa automaticamente dalla modalit\u00e0 di ricerca a quella di invio dopo un certo periodo di inattivit\u00e0 (il sensore di movimento non rileva alcun movimento).MODALIT\u00c0 DI VERIFICA DI GRUPPO Il modo rapido e semplice per assicurarsi che i trasmettitori per valanghe nel gruppo stiano trasmettendo correttamente.","og_url":"https:\/\/www.sestogrado.it\/en\/prodotto\/pieps-powder-bt-artva-digitale-tre-antenne\/","og_site_name":"Sestogrado","article_publisher":"https:\/\/www.facebook.com\/pages\/Sestogrado\/1542635979353017?ref=bookmarks","article_modified_time":"2026-03-26T09:02:58+00:00","og_image":[{"width":1200,"height":1200,"url":"https:\/\/www.sestogrado.it\/wp-content\/uploads\/2024\/01\/01-2.jpg","type":"image\/jpeg"}],"twitter_misc":{"Price":"&euro;&nbsp;299,00","Availability":"In stock"},"schema":{"@context":"https:\/\/schema.org","@graph":[{"@type":"WebPage","@id":"https:\/\/www.sestogrado.it\/en\/prodotto\/pieps-powder-bt-artva-digitale-tre-antenne\/","url":"https:\/\/www.sestogrado.it\/en\/prodotto\/pieps-powder-bt-artva-digitale-tre-antenne\/","name":"Pieps Powder BT artva digitale ricerca in valanga - Sestogrado","isPartOf":{"@id":"https:\/\/www.sestogrado.it\/en\/#website"},"primaryImageOfPage":{"@id":"https:\/\/www.sestogrado.it\/en\/prodotto\/pieps-powder-bt-artva-digitale-tre-antenne\/#primaryimage"},"image":{"@id":"https:\/\/www.sestogrado.it\/prodotto\/pieps-powder-bt-artva-digitale-tre-antenne\/#primaryimage"},"thumbnailUrl":"https:\/\/www.sestogrado.it\/wp-content\/uploads\/2024\/01\/01-2.jpg","datePublished":"2024-01-18T07:53:39+00:00","dateModified":"2026-03-26T09:02:58+00:00","description":"Il ricetrasmettitore per valanghe Pieps Powder BT non lascia nulla a desiderare. Il nome d\u00e0 gi\u00e0 un'idea di chi sia il destinatario del dispositivo: gli sciatori che si concentrano solo sullo sci e che non hanno bisogno o vogliono avere a che fare con una complicata tecnologia di ricerca in valanga.Il Powder BT convince per la sua maneggevolezza intuitiva e la riduzione all'essenziale senza compromessi. Il campo di ricezione e di trasmissione \u00e8 ampio, circolare e stabile, le prestazioni di marcatura sono ineguagliabili da lungo tempo e, in caso di post-seppellimento, il dispositivo passa automaticamente alla modalit\u00e0 di trasmissione. La novit\u00e0 \u00e8 che il dispositivo pu\u00f2 essere configurato e aggiornato tramite Bluetooth e l'app PIEPS, ma \u00e8 anche rapido, semplice e senza complicazioni.INTERRUTTORE AUTOMATICO DELL'ANTENNA Utilizza sempre l'antenna con il segnale pi\u00f9 forte in caso di interferenze.ELIMINAZIONE DEL SEGNALE FANTASMA Dotato di Pieps Advanced Signal Verification, il Powder BT visualizza solo i segnali provenienti dai trasmettitori e non i \"segnali fantasma\" da altre fonti.RICERCA AUTOMATICA-INVIO In caso di una seconda valanga, il trasmettitore per valanghe passa automaticamente dalla modalit\u00e0 di ricerca a quella di invio dopo un certo periodo di inattivit\u00e0 (il sensore di movimento non rileva alcun movimento).MODALIT\u00c0 DI VERIFICA DI GRUPPO Il modo rapido e semplice per assicurarsi che i trasmettitori per valanghe nel gruppo stiano trasmettendo correttamente.","breadcrumb":{"@id":"https:\/\/www.sestogrado.it\/en\/prodotto\/pieps-powder-bt-artva-digitale-tre-antenne\/#breadcrumb"},"inLanguage":"en-US","potentialAction":[{"@type":"ReadAction","target":[["https:\/\/www.sestogrado.it\/en\/prodotto\/pieps-powder-bt-artva-digitale-tre-antenne\/"]]}]},{"@type":"ImageObject","inLanguage":"en-US","@id":"https:\/\/www.sestogrado.it\/en\/prodotto\/pieps-powder-bt-artva-digitale-tre-antenne\/#primaryimage","url":"https:\/\/www.sestogrado.it\/wp-content\/uploads\/2024\/01\/01-2.jpg","contentUrl":"https:\/\/www.sestogrado.it\/wp-content\/uploads\/2024\/01\/01-2.jpg","width":1200,"height":1200,"caption":"pieps powder bt"},{"@type":"BreadcrumbList","@id":"https:\/\/www.sestogrado.it\/en\/prodotto\/pieps-powder-bt-artva-digitale-tre-antenne\/#breadcrumb","itemListElement":[{"@type":"ListItem","position":1,"name":"Home","item":"https:\/\/www.sestogrado.it\/en\/"},{"@type":"ListItem","position":2,"name":"Shop","item":"https:\/\/www.sestogrado.it\/en\/shop\/"},{"@type":"ListItem","position":3,"name":"Pieps Powder BT artva digitale ricerca in valanga"}]},{"@type":"WebSite","@id":"https:\/\/www.sestogrado.it\/en\/#website","url":"https:\/\/www.sestogrado.it\/en\/","name":"Sestogrado","description":"yes we climb","publisher":{"@id":"https:\/\/www.sestogrado.it\/en\/#organization"},"potentialAction":[{"@type":"SearchAction","target":{"@type":"EntryPoint","urlTemplate":"https:\/\/www.sestogrado.it\/en\/?s={search_term_string}"},"query-input":{"@type":"PropertyValueSpecification","valueRequired":true,"valueName":"search_term_string"}}],"inLanguage":"en-US"},{"@type":"Organization","@id":"https:\/\/www.sestogrado.it\/en\/#organization","name":"Sestogrado","url":"https:\/\/www.sestogrado.it\/en\/","logo":{"@type":"ImageObject","inLanguage":"en-US","@id":"https:\/\/www.sestogrado.it\/en\/#\/schema\/logo\/image\/","url":"https:\/\/www.sestogrado.it\/wp-content\/uploads\/2015\/03\/sestogrado-favicon.png","contentUrl":"https:\/\/www.sestogrado.it\/wp-content\/uploads\/2015\/03\/sestogrado-favicon.png","width":260,"height":260,"caption":"Sestogrado"},"image":{"@id":"https:\/\/www.sestogrado.it\/en\/#\/schema\/logo\/image\/"},"sameAs":["https:\/\/www.facebook.com\/pages\/Sestogrado\/1542635979353017?ref=bookmarks","https:\/\/www.youtube.com\/channel\/UC847kAfTkaJsWpc1jtQwr3Q"],"hasMerchantReturnPolicy":{"@type":"MerchantReturnPolicy","merchantReturnLink":"https:\/\/www.sestogrado.it\/en\/termini-e-condizioni\/"}}]},"product_brand":"Pieps","product_price_amount":"299.00","product_price_currency":"EUR","og_availability":"instock","product_availability":"instock","product_condition":"new"},"_links":{"self":[{"href":"https:\/\/www.sestogrado.it\/en\/wp-json\/wp\/v2\/product\/153380","targetHints":{"allow":["GET"]}}],"collection":[{"href":"https:\/\/www.sestogrado.it\/en\/wp-json\/wp\/v2\/product"}],"about":[{"href":"https:\/\/www.sestogrado.it\/en\/wp-json\/wp\/v2\/types\/product"}],"replies":[{"embeddable":true,"href":"https:\/\/www.sestogrado.it\/en\/wp-json\/wp\/v2\/comments?post=153380"}],"wp:featuredmedia":[{"embeddable":true,"href":"https:\/\/www.sestogrado.it\/en\/wp-json\/wp\/v2\/media\/153383"}],"wp:attachment":[{"href":"https:\/\/www.sestogrado.it\/en\/wp-json\/wp\/v2\/media?parent=153380"}],"wp:term":[{"taxonomy":"product_brand","embeddable":true,"href":"https:\/\/www.sestogrado.it\/en\/wp-json\/wp\/v2\/product_brand?post=153380"},{"taxonomy":"product_cat","embeddable":true,"href":"https:\/\/www.sestogrado.it\/en\/wp-json\/wp\/v2\/product_cat?post=153380"},{"taxonomy":"product_tag","embeddable":true,"href":"https:\/\/www.sestogrado.it\/en\/wp-json\/wp\/v2\/product_tag?post=153380"}],"curies":[{"name":"wp","href":"https:\/\/api.w.org\/{rel}","templated":true}]}}