{"id":151855,"date":"2024-01-12T10:46:23","date_gmt":"2024-01-12T09:46:23","guid":{"rendered":"https:\/\/www.sestogrado.it\/?post_type=product&#038;p=151855"},"modified":"2025-09-21T17:52:11","modified_gmt":"2025-09-21T15:52:11","slug":"alien-x-cam-friend-arrampicata-tutte-le-misure","status":"publish","type":"product","link":"https:\/\/www.sestogrado.it\/en\/prodotto\/alien-x-cam-friend-arrampicata-tutte-le-misure\/","title":{"rendered":"Alien X Cam friend arrampicata tutte le misure"},"content":{"rendered":"<p class=\"qtranxs-available-languages-message qtranxs-available-languages-message-en\">Sorry, this entry is only available in <a href=\"https:\/\/www.sestogrado.it\/it\/wp-json\/wp\/v2\/product\/151855\" class=\"qtranxs-available-language-link qtranxs-available-language-link-it\" title=\"Italiano\">Italiano<\/a>.<\/p>","protected":false},"excerpt":{"rendered":"<p>Sorry, this entry is only available in Italiano.<\/p>\n","protected":false},"featured_media":151856,"comment_status":"open","ping_status":"closed","template":"","meta":{"_acf_changed":false},"product_brand":[779],"product_cat":[135],"product_tag":[],"class_list":{"0":"post-151855","1":"product","2":"type-product","3":"status-publish","4":"has-post-thumbnail","6":"product_brand-alien","7":"product_cat-friends-e-nuts","9":"first","10":"instock","11":"sale","12":"taxable","13":"shipping-taxable","14":"purchasable","15":"product-type-variable"},"acf":[],"yoast_head":"<!-- This site is optimized with the Yoast SEO plugin v26.4 - https:\/\/yoast.com\/wordpress\/plugins\/seo\/ -->\n<title>Alien X Cam friend arrampicata tutte le misure - Sestogrado<\/title>\n<meta name=\"description\" content=\"L&#039;Alien X \u00e8 la sesta generazione della microcam che ha ottenuto il suo primo brevetto nel 1986, in Colorado (USA). Mantiene il suo carattere originale, con una versione migliorata in termini di prestazioni e finiture. Disponibile in sei dimensioni, la nuova Alien X presenta le seguenti migliorie:Camme con texture X-grip. Migliora la presa delle camme durante i primi utilizzi.Tre dimensioni pi\u00f9 versatili. Le tre dimensioni pi\u00f9 grandi (3\/4 giallo, 7\/8 grigio e 1 rosso) possono funzionare come ancoraggi passivi.Il tirante \u00e8 pi\u00f9 ergonomico e ridimensionato. Il ridisegno del tirante ha trasformato l&#039;Alien X in una microcamma facile e veloce da maneggiare, sia durante il posizionamento che nell&#039;estrazione.E&#039; pi\u00f9 facile da usare indossando i guanti. Rispetto alle sei dimensioni, ora c&#039;\u00e8 uno spazio aggiuntivo di 3 mm tra il tirante e le camme.Ha una costruzione solida e compatta. Le rivettature in metallo e l&#039;articolazione a rivetti rendono questa microcamma un pezzo pi\u00f9 omogeneo, con un design pi\u00f9 compattoLeggerezza e volume ridotto. Il peso e l&#039;ingombro della imbragatura sono ridottiLa sua flessibilit\u00e0 assorbe i movimenti della corda, impedendo alle camme di spostarsi una volta posizionateDesign della geometria delle camme.\" \/>\n<meta name=\"robots\" content=\"index, follow, max-snippet:-1, max-image-preview:large, max-video-preview:-1\" \/>\n<link rel=\"canonical\" href=\"https:\/\/www.sestogrado.it\/en\/prodotto\/alien-x-cam-friend-arrampicata-tutte-le-misure\/\" \/>\n<meta property=\"og:locale\" content=\"en_US\" \/>\n<meta property=\"og:type\" content=\"article\" \/>\n<meta property=\"og:title\" content=\"Alien X Cam friend arrampicata tutte le misure - Sestogrado\" \/>\n<meta property=\"og:description\" content=\"L&#039;Alien X \u00e8 la sesta generazione della microcam che ha ottenuto il suo primo brevetto nel 1986, in Colorado (USA). Mantiene il suo carattere originale, con una versione migliorata in termini di prestazioni e finiture. Disponibile in sei dimensioni, la nuova Alien X presenta le seguenti migliorie:Camme con texture X-grip. Migliora la presa delle camme durante i primi utilizzi.Tre dimensioni pi\u00f9 versatili. Le tre dimensioni pi\u00f9 grandi (3\/4 giallo, 7\/8 grigio e 1 rosso) possono funzionare come ancoraggi passivi.Il tirante \u00e8 pi\u00f9 ergonomico e ridimensionato. Il ridisegno del tirante ha trasformato l&#039;Alien X in una microcamma facile e veloce da maneggiare, sia durante il posizionamento che nell&#039;estrazione.E&#039; pi\u00f9 facile da usare indossando i guanti. Rispetto alle sei dimensioni, ora c&#039;\u00e8 uno spazio aggiuntivo di 3 mm tra il tirante e le camme.Ha una costruzione solida e compatta. Le rivettature in metallo e l&#039;articolazione a rivetti rendono questa microcamma un pezzo pi\u00f9 omogeneo, con un design pi\u00f9 compattoLeggerezza e volume ridotto. Il peso e l&#039;ingombro della imbragatura sono ridottiLa sua flessibilit\u00e0 assorbe i movimenti della corda, impedendo alle camme di spostarsi una volta posizionateDesign della geometria delle camme.\" \/>\n<meta property=\"og:url\" content=\"https:\/\/www.sestogrado.it\/en\/prodotto\/alien-x-cam-friend-arrampicata-tutte-le-misure\/\" \/>\n<meta property=\"og:site_name\" content=\"Sestogrado\" \/>\n<meta property=\"article:publisher\" content=\"https:\/\/www.facebook.com\/pages\/Sestogrado\/1542635979353017?ref=bookmarks\" \/>\n<meta property=\"article:modified_time\" content=\"2025-09-21T15:52:11+00:00\" \/>\n<meta property=\"og:image\" content=\"https:\/\/www.sestogrado.it\/wp-content\/uploads\/2024\/01\/alien-x.jpg\" \/>\n\t<meta property=\"og:image:width\" content=\"800\" \/>\n\t<meta property=\"og:image:height\" content=\"800\" \/>\n\t<meta property=\"og:image:type\" content=\"image\/jpeg\" \/>\n<meta name=\"twitter:label1\" content=\"Availability\" \/>\n\t<meta name=\"twitter:data1\" content=\"In stock\" \/>\n<script type=\"application\/ld+json\" class=\"yoast-schema-graph\">{\"@context\":\"https:\/\/schema.org\",\"@graph\":[{\"@type\":\"WebPage\",\"@id\":\"https:\/\/www.sestogrado.it\/en\/prodotto\/alien-x-cam-friend-arrampicata-tutte-le-misure\/\",\"url\":\"https:\/\/www.sestogrado.it\/en\/prodotto\/alien-x-cam-friend-arrampicata-tutte-le-misure\/\",\"name\":\"Alien X Cam friend arrampicata tutte le misure - Sestogrado\",\"isPartOf\":{\"@id\":\"https:\/\/www.sestogrado.it\/en\/#website\"},\"primaryImageOfPage\":{\"@id\":\"https:\/\/www.sestogrado.it\/en\/prodotto\/alien-x-cam-friend-arrampicata-tutte-le-misure\/#primaryimage\"},\"image\":{\"@id\":\"https:\/\/www.sestogrado.it\/prodotto\/alien-x-cam-friend-arrampicata-tutte-le-misure\/#primaryimage\"},\"thumbnailUrl\":\"https:\/\/www.sestogrado.it\/wp-content\/uploads\/2024\/01\/alien-x.jpg\",\"datePublished\":\"2024-01-12T09:46:23+00:00\",\"dateModified\":\"2025-09-21T15:52:11+00:00\",\"description\":\"L'Alien X \u00e8 la sesta generazione della microcam che ha ottenuto il suo primo brevetto nel 1986, in Colorado (USA). Mantiene il suo carattere originale, con una versione migliorata in termini di prestazioni e finiture. Disponibile in sei dimensioni, la nuova Alien X presenta le seguenti migliorie:Camme con texture X-grip. Migliora la presa delle camme durante i primi utilizzi.Tre dimensioni pi\u00f9 versatili. Le tre dimensioni pi\u00f9 grandi (3\/4 giallo, 7\/8 grigio e 1 rosso) possono funzionare come ancoraggi passivi.Il tirante \u00e8 pi\u00f9 ergonomico e ridimensionato. Il ridisegno del tirante ha trasformato l'Alien X in una microcamma facile e veloce da maneggiare, sia durante il posizionamento che nell'estrazione.E' pi\u00f9 facile da usare indossando i guanti. Rispetto alle sei dimensioni, ora c'\u00e8 uno spazio aggiuntivo di 3 mm tra il tirante e le camme.Ha una costruzione solida e compatta. Le rivettature in metallo e l'articolazione a rivetti rendono questa microcamma un pezzo pi\u00f9 omogeneo, con un design pi\u00f9 compattoLeggerezza e volume ridotto. Il peso e l'ingombro della imbragatura sono ridottiLa sua flessibilit\u00e0 assorbe i movimenti della corda, impedendo alle camme di spostarsi una volta posizionateDesign della geometria delle camme.\",\"breadcrumb\":{\"@id\":\"https:\/\/www.sestogrado.it\/en\/prodotto\/alien-x-cam-friend-arrampicata-tutte-le-misure\/#breadcrumb\"},\"inLanguage\":\"en-US\",\"potentialAction\":[{\"@type\":\"ReadAction\",\"target\":[[\"https:\/\/www.sestogrado.it\/en\/prodotto\/alien-x-cam-friend-arrampicata-tutte-le-misure\/\"]]}]},{\"@type\":\"ImageObject\",\"inLanguage\":\"en-US\",\"@id\":\"https:\/\/www.sestogrado.it\/en\/prodotto\/alien-x-cam-friend-arrampicata-tutte-le-misure\/#primaryimage\",\"url\":\"https:\/\/www.sestogrado.it\/wp-content\/uploads\/2024\/01\/alien-x.jpg\",\"contentUrl\":\"https:\/\/www.sestogrado.it\/wp-content\/uploads\/2024\/01\/alien-x.jpg\",\"width\":800,\"height\":800,\"caption\":\"alien x\"},{\"@type\":\"BreadcrumbList\",\"@id\":\"https:\/\/www.sestogrado.it\/en\/prodotto\/alien-x-cam-friend-arrampicata-tutte-le-misure\/#breadcrumb\",\"itemListElement\":[{\"@type\":\"ListItem\",\"position\":1,\"name\":\"Home\",\"item\":\"https:\/\/www.sestogrado.it\/en\/\"},{\"@type\":\"ListItem\",\"position\":2,\"name\":\"Shop\",\"item\":\"https:\/\/www.sestogrado.it\/en\/shop\/\"},{\"@type\":\"ListItem\",\"position\":3,\"name\":\"Alien X Cam friend arrampicata tutte le misure\"}]},{\"@type\":\"WebSite\",\"@id\":\"https:\/\/www.sestogrado.it\/en\/#website\",\"url\":\"https:\/\/www.sestogrado.it\/en\/\",\"name\":\"Sestogrado\",\"description\":\"yes we climb\",\"publisher\":{\"@id\":\"https:\/\/www.sestogrado.it\/en\/#organization\"},\"potentialAction\":[{\"@type\":\"SearchAction\",\"target\":{\"@type\":\"EntryPoint\",\"urlTemplate\":\"https:\/\/www.sestogrado.it\/en\/?s={search_term_string}\"},\"query-input\":{\"@type\":\"PropertyValueSpecification\",\"valueRequired\":true,\"valueName\":\"search_term_string\"}}],\"inLanguage\":\"en-US\"},{\"@type\":\"Organization\",\"@id\":\"https:\/\/www.sestogrado.it\/en\/#organization\",\"name\":\"Sestogrado\",\"url\":\"https:\/\/www.sestogrado.it\/en\/\",\"logo\":{\"@type\":\"ImageObject\",\"inLanguage\":\"en-US\",\"@id\":\"https:\/\/www.sestogrado.it\/en\/#\/schema\/logo\/image\/\",\"url\":\"https:\/\/www.sestogrado.it\/wp-content\/uploads\/2015\/03\/sestogrado-favicon.png\",\"contentUrl\":\"https:\/\/www.sestogrado.it\/wp-content\/uploads\/2015\/03\/sestogrado-favicon.png\",\"width\":260,\"height\":260,\"caption\":\"Sestogrado\"},\"image\":{\"@id\":\"https:\/\/www.sestogrado.it\/en\/#\/schema\/logo\/image\/\"},\"sameAs\":[\"https:\/\/www.facebook.com\/pages\/Sestogrado\/1542635979353017?ref=bookmarks\",\"https:\/\/www.youtube.com\/channel\/UC847kAfTkaJsWpc1jtQwr3Q\"],\"hasMerchantReturnPolicy\":{\"@type\":\"MerchantReturnPolicy\",\"merchantReturnLink\":\"https:\/\/www.sestogrado.it\/en\/termini-e-condizioni\/\"}}]}<\/script>\n<meta property=\"product:brand\" content=\"Alien\" \/>\n<meta property=\"og:availability\" content=\"instock\" \/>\n<meta property=\"product:availability\" content=\"instock\" \/>\n<meta property=\"product:condition\" content=\"new\" \/>\n<!-- \/ Yoast SEO plugin. -->","yoast_head_json":{"title":"Alien X Cam friend arrampicata tutte le misure - Sestogrado","description":"L'Alien X \u00e8 la sesta generazione della microcam che ha ottenuto il suo primo brevetto nel 1986, in Colorado (USA). Mantiene il suo carattere originale, con una versione migliorata in termini di prestazioni e finiture. Disponibile in sei dimensioni, la nuova Alien X presenta le seguenti migliorie:Camme con texture X-grip. Migliora la presa delle camme durante i primi utilizzi.Tre dimensioni pi\u00f9 versatili. Le tre dimensioni pi\u00f9 grandi (3\/4 giallo, 7\/8 grigio e 1 rosso) possono funzionare come ancoraggi passivi.Il tirante \u00e8 pi\u00f9 ergonomico e ridimensionato. Il ridisegno del tirante ha trasformato l'Alien X in una microcamma facile e veloce da maneggiare, sia durante il posizionamento che nell'estrazione.E' pi\u00f9 facile da usare indossando i guanti. Rispetto alle sei dimensioni, ora c'\u00e8 uno spazio aggiuntivo di 3 mm tra il tirante e le camme.Ha una costruzione solida e compatta. Le rivettature in metallo e l'articolazione a rivetti rendono questa microcamma un pezzo pi\u00f9 omogeneo, con un design pi\u00f9 compattoLeggerezza e volume ridotto. Il peso e l'ingombro della imbragatura sono ridottiLa sua flessibilit\u00e0 assorbe i movimenti della corda, impedendo alle camme di spostarsi una volta posizionateDesign della geometria delle camme.","robots":{"index":"index","follow":"follow","max-snippet":"max-snippet:-1","max-image-preview":"max-image-preview:large","max-video-preview":"max-video-preview:-1"},"canonical":"https:\/\/www.sestogrado.it\/en\/prodotto\/alien-x-cam-friend-arrampicata-tutte-le-misure\/","og_locale":"en_US","og_type":"article","og_title":"Alien X Cam friend arrampicata tutte le misure - Sestogrado","og_description":"L'Alien X \u00e8 la sesta generazione della microcam che ha ottenuto il suo primo brevetto nel 1986, in Colorado (USA). Mantiene il suo carattere originale, con una versione migliorata in termini di prestazioni e finiture. Disponibile in sei dimensioni, la nuova Alien X presenta le seguenti migliorie:Camme con texture X-grip. Migliora la presa delle camme durante i primi utilizzi.Tre dimensioni pi\u00f9 versatili. Le tre dimensioni pi\u00f9 grandi (3\/4 giallo, 7\/8 grigio e 1 rosso) possono funzionare come ancoraggi passivi.Il tirante \u00e8 pi\u00f9 ergonomico e ridimensionato. Il ridisegno del tirante ha trasformato l'Alien X in una microcamma facile e veloce da maneggiare, sia durante il posizionamento che nell'estrazione.E' pi\u00f9 facile da usare indossando i guanti. Rispetto alle sei dimensioni, ora c'\u00e8 uno spazio aggiuntivo di 3 mm tra il tirante e le camme.Ha una costruzione solida e compatta. Le rivettature in metallo e l'articolazione a rivetti rendono questa microcamma un pezzo pi\u00f9 omogeneo, con un design pi\u00f9 compattoLeggerezza e volume ridotto. Il peso e l'ingombro della imbragatura sono ridottiLa sua flessibilit\u00e0 assorbe i movimenti della corda, impedendo alle camme di spostarsi una volta posizionateDesign della geometria delle camme.","og_url":"https:\/\/www.sestogrado.it\/en\/prodotto\/alien-x-cam-friend-arrampicata-tutte-le-misure\/","og_site_name":"Sestogrado","article_publisher":"https:\/\/www.facebook.com\/pages\/Sestogrado\/1542635979353017?ref=bookmarks","article_modified_time":"2025-09-21T15:52:11+00:00","og_image":[{"width":800,"height":800,"url":"https:\/\/www.sestogrado.it\/wp-content\/uploads\/2024\/01\/alien-x.jpg","type":"image\/jpeg"}],"twitter_misc":{"Availability":"In stock"},"schema":{"@context":"https:\/\/schema.org","@graph":[{"@type":"WebPage","@id":"https:\/\/www.sestogrado.it\/en\/prodotto\/alien-x-cam-friend-arrampicata-tutte-le-misure\/","url":"https:\/\/www.sestogrado.it\/en\/prodotto\/alien-x-cam-friend-arrampicata-tutte-le-misure\/","name":"Alien X Cam friend arrampicata tutte le misure - Sestogrado","isPartOf":{"@id":"https:\/\/www.sestogrado.it\/en\/#website"},"primaryImageOfPage":{"@id":"https:\/\/www.sestogrado.it\/en\/prodotto\/alien-x-cam-friend-arrampicata-tutte-le-misure\/#primaryimage"},"image":{"@id":"https:\/\/www.sestogrado.it\/prodotto\/alien-x-cam-friend-arrampicata-tutte-le-misure\/#primaryimage"},"thumbnailUrl":"https:\/\/www.sestogrado.it\/wp-content\/uploads\/2024\/01\/alien-x.jpg","datePublished":"2024-01-12T09:46:23+00:00","dateModified":"2025-09-21T15:52:11+00:00","description":"L'Alien X \u00e8 la sesta generazione della microcam che ha ottenuto il suo primo brevetto nel 1986, in Colorado (USA). Mantiene il suo carattere originale, con una versione migliorata in termini di prestazioni e finiture. Disponibile in sei dimensioni, la nuova Alien X presenta le seguenti migliorie:Camme con texture X-grip. Migliora la presa delle camme durante i primi utilizzi.Tre dimensioni pi\u00f9 versatili. Le tre dimensioni pi\u00f9 grandi (3\/4 giallo, 7\/8 grigio e 1 rosso) possono funzionare come ancoraggi passivi.Il tirante \u00e8 pi\u00f9 ergonomico e ridimensionato. Il ridisegno del tirante ha trasformato l'Alien X in una microcamma facile e veloce da maneggiare, sia durante il posizionamento che nell'estrazione.E' pi\u00f9 facile da usare indossando i guanti. Rispetto alle sei dimensioni, ora c'\u00e8 uno spazio aggiuntivo di 3 mm tra il tirante e le camme.Ha una costruzione solida e compatta. Le rivettature in metallo e l'articolazione a rivetti rendono questa microcamma un pezzo pi\u00f9 omogeneo, con un design pi\u00f9 compattoLeggerezza e volume ridotto. Il peso e l'ingombro della imbragatura sono ridottiLa sua flessibilit\u00e0 assorbe i movimenti della corda, impedendo alle camme di spostarsi una volta posizionateDesign della geometria delle camme.","breadcrumb":{"@id":"https:\/\/www.sestogrado.it\/en\/prodotto\/alien-x-cam-friend-arrampicata-tutte-le-misure\/#breadcrumb"},"inLanguage":"en-US","potentialAction":[{"@type":"ReadAction","target":[["https:\/\/www.sestogrado.it\/en\/prodotto\/alien-x-cam-friend-arrampicata-tutte-le-misure\/"]]}]},{"@type":"ImageObject","inLanguage":"en-US","@id":"https:\/\/www.sestogrado.it\/en\/prodotto\/alien-x-cam-friend-arrampicata-tutte-le-misure\/#primaryimage","url":"https:\/\/www.sestogrado.it\/wp-content\/uploads\/2024\/01\/alien-x.jpg","contentUrl":"https:\/\/www.sestogrado.it\/wp-content\/uploads\/2024\/01\/alien-x.jpg","width":800,"height":800,"caption":"alien x"},{"@type":"BreadcrumbList","@id":"https:\/\/www.sestogrado.it\/en\/prodotto\/alien-x-cam-friend-arrampicata-tutte-le-misure\/#breadcrumb","itemListElement":[{"@type":"ListItem","position":1,"name":"Home","item":"https:\/\/www.sestogrado.it\/en\/"},{"@type":"ListItem","position":2,"name":"Shop","item":"https:\/\/www.sestogrado.it\/en\/shop\/"},{"@type":"ListItem","position":3,"name":"Alien X Cam friend arrampicata tutte le misure"}]},{"@type":"WebSite","@id":"https:\/\/www.sestogrado.it\/en\/#website","url":"https:\/\/www.sestogrado.it\/en\/","name":"Sestogrado","description":"yes we climb","publisher":{"@id":"https:\/\/www.sestogrado.it\/en\/#organization"},"potentialAction":[{"@type":"SearchAction","target":{"@type":"EntryPoint","urlTemplate":"https:\/\/www.sestogrado.it\/en\/?s={search_term_string}"},"query-input":{"@type":"PropertyValueSpecification","valueRequired":true,"valueName":"search_term_string"}}],"inLanguage":"en-US"},{"@type":"Organization","@id":"https:\/\/www.sestogrado.it\/en\/#organization","name":"Sestogrado","url":"https:\/\/www.sestogrado.it\/en\/","logo":{"@type":"ImageObject","inLanguage":"en-US","@id":"https:\/\/www.sestogrado.it\/en\/#\/schema\/logo\/image\/","url":"https:\/\/www.sestogrado.it\/wp-content\/uploads\/2015\/03\/sestogrado-favicon.png","contentUrl":"https:\/\/www.sestogrado.it\/wp-content\/uploads\/2015\/03\/sestogrado-favicon.png","width":260,"height":260,"caption":"Sestogrado"},"image":{"@id":"https:\/\/www.sestogrado.it\/en\/#\/schema\/logo\/image\/"},"sameAs":["https:\/\/www.facebook.com\/pages\/Sestogrado\/1542635979353017?ref=bookmarks","https:\/\/www.youtube.com\/channel\/UC847kAfTkaJsWpc1jtQwr3Q"],"hasMerchantReturnPolicy":{"@type":"MerchantReturnPolicy","merchantReturnLink":"https:\/\/www.sestogrado.it\/en\/termini-e-condizioni\/"}}]},"product_brand":"Alien","og_availability":"instock","product_availability":"instock","product_condition":"new"},"_links":{"self":[{"href":"https:\/\/www.sestogrado.it\/en\/wp-json\/wp\/v2\/product\/151855","targetHints":{"allow":["GET"]}}],"collection":[{"href":"https:\/\/www.sestogrado.it\/en\/wp-json\/wp\/v2\/product"}],"about":[{"href":"https:\/\/www.sestogrado.it\/en\/wp-json\/wp\/v2\/types\/product"}],"replies":[{"embeddable":true,"href":"https:\/\/www.sestogrado.it\/en\/wp-json\/wp\/v2\/comments?post=151855"}],"wp:featuredmedia":[{"embeddable":true,"href":"https:\/\/www.sestogrado.it\/en\/wp-json\/wp\/v2\/media\/151856"}],"wp:attachment":[{"href":"https:\/\/www.sestogrado.it\/en\/wp-json\/wp\/v2\/media?parent=151855"}],"wp:term":[{"taxonomy":"product_brand","embeddable":true,"href":"https:\/\/www.sestogrado.it\/en\/wp-json\/wp\/v2\/product_brand?post=151855"},{"taxonomy":"product_cat","embeddable":true,"href":"https:\/\/www.sestogrado.it\/en\/wp-json\/wp\/v2\/product_cat?post=151855"},{"taxonomy":"product_tag","embeddable":true,"href":"https:\/\/www.sestogrado.it\/en\/wp-json\/wp\/v2\/product_tag?post=151855"}],"curies":[{"name":"wp","href":"https:\/\/api.w.org\/{rel}","templated":true}]}}