{"id":15002,"date":"2018-02-12T16:11:35","date_gmt":"2018-02-12T15:11:35","guid":{"rendered":"https:\/\/www.sestogrado.it\/?post_type=product&#038;p=15002"},"modified":"2026-05-04T13:00:40","modified_gmt":"2026-05-04T11:00:40","slug":"beal-joker-9-1-soft-unicore-dry-cover-corda-arrampicata","status":"publish","type":"product","link":"https:\/\/www.sestogrado.it\/en\/prodotto\/beal-joker-9-1-soft-unicore-dry-cover-corda-arrampicata\/","title":{"rendered":"Beal Joker 9.1 Soft Unicore Dry cover"},"content":{"rendered":"<p><\/p>\n<div class=\"ui-product-details__description\">Released recently, the Jokers are quickly becoming Beal&#8217;s best-selling ropes due to their versatility, longevity, and performance ideal for advanced climbers. This Joker Soft Unicore Climbing Rope sports the same specs as the original 9.1mm diameter, except a softer feel adds more fluidity that&#8217;s pleasant to use for advanced experts. Given its softer feel, this model slides through carabiners and belay devices better to reduce rope drag on wandering routes. Its Unicore construction bonds the rope&#8217;s core to the sheath to stop the two from slipping off each other like most ropes do after awhile. Certified as a single, half, or twin rope, the Joker shines whether you&#8217;re projection sport routes or tackling traditional multi-pitches.<\/div>\n<ul class=\"product-details-accordion__list\">\n<li class=\"product-details-accordion__bulletpoint\">Beal&#8217;s single, twin, and half climbing rope with a softer feel<\/li>\n<li class=\"product-details-accordion__bulletpoint\">9.1mm fluidly slides through carabiners and belay devices<\/li>\n<li class=\"product-details-accordion__bulletpoint\">Unicore bonds sheath to core for long-lasting durability<\/li>\n<li class=\"product-details-accordion__bulletpoint\">Dry Core adds water- and abrasion-resistance to the sheath<\/li>\n<\/ul>\n<p>BEAL has been making rope history since the 80\u2019s. Passion and research led to the development of the concept of dynamic ropes, changing the climbing world forever. The\u00a0BEAL team is fully integrated into its work, caring about new technology applications, test reports, as well as emotions and enthusiasms. Evolution is what lets BEAL anticipate changes and stay tuned with climbers\u2019 everyday needs.<\/p>\n<p>&nbsp;<\/p>","protected":false},"excerpt":{"rendered":"<p>Released recently, the Jokers are quickly becoming Beal&#8217;s best-selling ropes due to their versatility, longevity, and performance ideal for advanced [&hellip;]<\/p>\n","protected":false},"featured_media":38804,"comment_status":"open","ping_status":"closed","template":"","meta":{"_acf_changed":false},"product_brand":[84],"product_cat":[136],"product_tag":[],"class_list":{"0":"post-15002","1":"product","2":"type-product","3":"status-publish","4":"has-post-thumbnail","6":"product_brand-beal","7":"product_cat-corde-corde","9":"first","10":"instock","11":"sale","12":"taxable","13":"shipping-taxable","14":"purchasable","15":"product-type-variable"},"acf":[],"yoast_head":"<!-- This site is optimized with the Yoast SEO plugin v26.4 - https:\/\/yoast.com\/wordpress\/plugins\/seo\/ -->\n<title>Beal Joker 9.1 Soft Unicore Dry cover - Sestogrado<\/title>\n<meta name=\"description\" content=\"La Beal Joker 9.1 Soft \u00e8 la versione super morbida e maneggevole della celebre Beal Joker 9.1. La Joker Soft \u00e8 stata sviluppata per fornire la massima maneggevolezza e fluidit\u00e0, per uno scorrimento della corda ottimale anche sulle vie pi\u00f9 irregolari.\" \/>\n<meta name=\"robots\" content=\"index, follow, max-snippet:-1, max-image-preview:large, max-video-preview:-1\" \/>\n<link rel=\"canonical\" href=\"https:\/\/www.sestogrado.it\/en\/prodotto\/beal-joker-9-1-soft-unicore-dry-cover-corda-arrampicata\/\" \/>\n<meta property=\"og:locale\" content=\"en_US\" \/>\n<meta property=\"og:type\" content=\"article\" \/>\n<meta property=\"og:title\" content=\"Beal Joker 9.1 Soft Unicore Dry cover - Sestogrado\" \/>\n<meta property=\"og:description\" content=\"La Beal Joker 9.1 Soft \u00e8 la versione super morbida e maneggevole della celebre Beal Joker 9.1. La Joker Soft \u00e8 stata sviluppata per fornire la massima maneggevolezza e fluidit\u00e0, per uno scorrimento della corda ottimale anche sulle vie pi\u00f9 irregolari.\" \/>\n<meta property=\"og:url\" content=\"https:\/\/www.sestogrado.it\/en\/prodotto\/beal-joker-9-1-soft-unicore-dry-cover-corda-arrampicata\/\" \/>\n<meta property=\"og:site_name\" content=\"Sestogrado\" \/>\n<meta property=\"article:publisher\" content=\"https:\/\/www.facebook.com\/pages\/Sestogrado\/1542635979353017?ref=bookmarks\" \/>\n<meta property=\"article:modified_time\" content=\"2026-05-04T11:00:40+00:00\" \/>\n<meta property=\"og:image\" content=\"https:\/\/www.sestogrado.it\/wp-content\/uploads\/2018\/02\/joker-soft.jpg\" \/>\n\t<meta property=\"og:image:width\" content=\"1200\" \/>\n\t<meta property=\"og:image:height\" content=\"1200\" \/>\n\t<meta property=\"og:image:type\" content=\"image\/jpeg\" \/>\n<meta name=\"twitter:label1\" content=\"Availability\" \/>\n\t<meta name=\"twitter:data1\" content=\"In stock\" \/>\n<script type=\"application\/ld+json\" class=\"yoast-schema-graph\">{\"@context\":\"https:\/\/schema.org\",\"@graph\":[{\"@type\":\"WebPage\",\"@id\":\"https:\/\/www.sestogrado.it\/en\/prodotto\/beal-joker-9-1-soft-unicore-dry-cover-corda-arrampicata\/\",\"url\":\"https:\/\/www.sestogrado.it\/en\/prodotto\/beal-joker-9-1-soft-unicore-dry-cover-corda-arrampicata\/\",\"name\":\"Beal Joker 9.1 Soft Unicore Dry cover - Sestogrado\",\"isPartOf\":{\"@id\":\"https:\/\/www.sestogrado.it\/en\/#website\"},\"primaryImageOfPage\":{\"@id\":\"https:\/\/www.sestogrado.it\/en\/prodotto\/beal-joker-9-1-soft-unicore-dry-cover-corda-arrampicata\/#primaryimage\"},\"image\":{\"@id\":\"https:\/\/www.sestogrado.it\/prodotto\/beal-joker-9-1-soft-unicore-dry-cover-corda-arrampicata\/#primaryimage\"},\"thumbnailUrl\":\"https:\/\/www.sestogrado.it\/wp-content\/uploads\/2018\/02\/joker-soft.jpg\",\"datePublished\":\"2018-02-12T15:11:35+00:00\",\"dateModified\":\"2026-05-04T11:00:40+00:00\",\"description\":\"La Beal Joker 9.1 Soft \u00e8 la versione super morbida e maneggevole della celebre Beal Joker 9.1. La Joker Soft \u00e8 stata sviluppata per fornire la massima maneggevolezza e fluidit\u00e0, per uno scorrimento della corda ottimale anche sulle vie pi\u00f9 irregolari.\",\"breadcrumb\":{\"@id\":\"https:\/\/www.sestogrado.it\/en\/prodotto\/beal-joker-9-1-soft-unicore-dry-cover-corda-arrampicata\/#breadcrumb\"},\"inLanguage\":\"en-US\",\"potentialAction\":[{\"@type\":\"ReadAction\",\"target\":[[\"https:\/\/www.sestogrado.it\/en\/prodotto\/beal-joker-9-1-soft-unicore-dry-cover-corda-arrampicata\/\"]]}]},{\"@type\":\"ImageObject\",\"inLanguage\":\"en-US\",\"@id\":\"https:\/\/www.sestogrado.it\/en\/prodotto\/beal-joker-9-1-soft-unicore-dry-cover-corda-arrampicata\/#primaryimage\",\"url\":\"https:\/\/www.sestogrado.it\/wp-content\/uploads\/2018\/02\/joker-soft.jpg\",\"contentUrl\":\"https:\/\/www.sestogrado.it\/wp-content\/uploads\/2018\/02\/joker-soft.jpg\",\"width\":1200,\"height\":1200,\"caption\":\"beal joker soft\"},{\"@type\":\"BreadcrumbList\",\"@id\":\"https:\/\/www.sestogrado.it\/en\/prodotto\/beal-joker-9-1-soft-unicore-dry-cover-corda-arrampicata\/#breadcrumb\",\"itemListElement\":[{\"@type\":\"ListItem\",\"position\":1,\"name\":\"Home\",\"item\":\"https:\/\/www.sestogrado.it\/en\/\"},{\"@type\":\"ListItem\",\"position\":2,\"name\":\"Shop\",\"item\":\"https:\/\/www.sestogrado.it\/en\/shop\/\"},{\"@type\":\"ListItem\",\"position\":3,\"name\":\"Beal Joker 9.1 Soft Unicore Dry cover corda arrampicata\"}]},{\"@type\":\"WebSite\",\"@id\":\"https:\/\/www.sestogrado.it\/en\/#website\",\"url\":\"https:\/\/www.sestogrado.it\/en\/\",\"name\":\"Sestogrado\",\"description\":\"yes we climb\",\"publisher\":{\"@id\":\"https:\/\/www.sestogrado.it\/en\/#organization\"},\"potentialAction\":[{\"@type\":\"SearchAction\",\"target\":{\"@type\":\"EntryPoint\",\"urlTemplate\":\"https:\/\/www.sestogrado.it\/en\/?s={search_term_string}\"},\"query-input\":{\"@type\":\"PropertyValueSpecification\",\"valueRequired\":true,\"valueName\":\"search_term_string\"}}],\"inLanguage\":\"en-US\"},{\"@type\":\"Organization\",\"@id\":\"https:\/\/www.sestogrado.it\/en\/#organization\",\"name\":\"Sestogrado\",\"url\":\"https:\/\/www.sestogrado.it\/en\/\",\"logo\":{\"@type\":\"ImageObject\",\"inLanguage\":\"en-US\",\"@id\":\"https:\/\/www.sestogrado.it\/en\/#\/schema\/logo\/image\/\",\"url\":\"https:\/\/www.sestogrado.it\/wp-content\/uploads\/2015\/03\/sestogrado-favicon.png\",\"contentUrl\":\"https:\/\/www.sestogrado.it\/wp-content\/uploads\/2015\/03\/sestogrado-favicon.png\",\"width\":260,\"height\":260,\"caption\":\"Sestogrado\"},\"image\":{\"@id\":\"https:\/\/www.sestogrado.it\/en\/#\/schema\/logo\/image\/\"},\"sameAs\":[\"https:\/\/www.facebook.com\/pages\/Sestogrado\/1542635979353017?ref=bookmarks\",\"https:\/\/www.youtube.com\/channel\/UC847kAfTkaJsWpc1jtQwr3Q\"],\"hasMerchantReturnPolicy\":{\"@type\":\"MerchantReturnPolicy\",\"merchantReturnLink\":\"https:\/\/www.sestogrado.it\/en\/termini-e-condizioni\/\"}}]}<\/script>\n<meta property=\"product:brand\" content=\"Beal\" \/>\n<meta property=\"og:availability\" content=\"instock\" \/>\n<meta property=\"product:availability\" content=\"instock\" \/>\n<meta property=\"product:condition\" content=\"new\" \/>\n<!-- \/ Yoast SEO plugin. -->","yoast_head_json":{"title":"Beal Joker 9.1 Soft Unicore Dry cover - Sestogrado","description":"La Beal Joker 9.1 Soft \u00e8 la versione super morbida e maneggevole della celebre Beal Joker 9.1. La Joker Soft \u00e8 stata sviluppata per fornire la massima maneggevolezza e fluidit\u00e0, per uno scorrimento della corda ottimale anche sulle vie pi\u00f9 irregolari.","robots":{"index":"index","follow":"follow","max-snippet":"max-snippet:-1","max-image-preview":"max-image-preview:large","max-video-preview":"max-video-preview:-1"},"canonical":"https:\/\/www.sestogrado.it\/en\/prodotto\/beal-joker-9-1-soft-unicore-dry-cover-corda-arrampicata\/","og_locale":"en_US","og_type":"article","og_title":"Beal Joker 9.1 Soft Unicore Dry cover - Sestogrado","og_description":"La Beal Joker 9.1 Soft \u00e8 la versione super morbida e maneggevole della celebre Beal Joker 9.1. La Joker Soft \u00e8 stata sviluppata per fornire la massima maneggevolezza e fluidit\u00e0, per uno scorrimento della corda ottimale anche sulle vie pi\u00f9 irregolari.","og_url":"https:\/\/www.sestogrado.it\/en\/prodotto\/beal-joker-9-1-soft-unicore-dry-cover-corda-arrampicata\/","og_site_name":"Sestogrado","article_publisher":"https:\/\/www.facebook.com\/pages\/Sestogrado\/1542635979353017?ref=bookmarks","article_modified_time":"2026-05-04T11:00:40+00:00","og_image":[{"width":1200,"height":1200,"url":"https:\/\/www.sestogrado.it\/wp-content\/uploads\/2018\/02\/joker-soft.jpg","type":"image\/jpeg"}],"twitter_misc":{"Availability":"In stock"},"schema":{"@context":"https:\/\/schema.org","@graph":[{"@type":"WebPage","@id":"https:\/\/www.sestogrado.it\/en\/prodotto\/beal-joker-9-1-soft-unicore-dry-cover-corda-arrampicata\/","url":"https:\/\/www.sestogrado.it\/en\/prodotto\/beal-joker-9-1-soft-unicore-dry-cover-corda-arrampicata\/","name":"Beal Joker 9.1 Soft Unicore Dry cover - Sestogrado","isPartOf":{"@id":"https:\/\/www.sestogrado.it\/en\/#website"},"primaryImageOfPage":{"@id":"https:\/\/www.sestogrado.it\/en\/prodotto\/beal-joker-9-1-soft-unicore-dry-cover-corda-arrampicata\/#primaryimage"},"image":{"@id":"https:\/\/www.sestogrado.it\/prodotto\/beal-joker-9-1-soft-unicore-dry-cover-corda-arrampicata\/#primaryimage"},"thumbnailUrl":"https:\/\/www.sestogrado.it\/wp-content\/uploads\/2018\/02\/joker-soft.jpg","datePublished":"2018-02-12T15:11:35+00:00","dateModified":"2026-05-04T11:00:40+00:00","description":"La Beal Joker 9.1 Soft \u00e8 la versione super morbida e maneggevole della celebre Beal Joker 9.1. La Joker Soft \u00e8 stata sviluppata per fornire la massima maneggevolezza e fluidit\u00e0, per uno scorrimento della corda ottimale anche sulle vie pi\u00f9 irregolari.","breadcrumb":{"@id":"https:\/\/www.sestogrado.it\/en\/prodotto\/beal-joker-9-1-soft-unicore-dry-cover-corda-arrampicata\/#breadcrumb"},"inLanguage":"en-US","potentialAction":[{"@type":"ReadAction","target":[["https:\/\/www.sestogrado.it\/en\/prodotto\/beal-joker-9-1-soft-unicore-dry-cover-corda-arrampicata\/"]]}]},{"@type":"ImageObject","inLanguage":"en-US","@id":"https:\/\/www.sestogrado.it\/en\/prodotto\/beal-joker-9-1-soft-unicore-dry-cover-corda-arrampicata\/#primaryimage","url":"https:\/\/www.sestogrado.it\/wp-content\/uploads\/2018\/02\/joker-soft.jpg","contentUrl":"https:\/\/www.sestogrado.it\/wp-content\/uploads\/2018\/02\/joker-soft.jpg","width":1200,"height":1200,"caption":"beal joker soft"},{"@type":"BreadcrumbList","@id":"https:\/\/www.sestogrado.it\/en\/prodotto\/beal-joker-9-1-soft-unicore-dry-cover-corda-arrampicata\/#breadcrumb","itemListElement":[{"@type":"ListItem","position":1,"name":"Home","item":"https:\/\/www.sestogrado.it\/en\/"},{"@type":"ListItem","position":2,"name":"Shop","item":"https:\/\/www.sestogrado.it\/en\/shop\/"},{"@type":"ListItem","position":3,"name":"Beal Joker 9.1 Soft Unicore Dry cover corda arrampicata"}]},{"@type":"WebSite","@id":"https:\/\/www.sestogrado.it\/en\/#website","url":"https:\/\/www.sestogrado.it\/en\/","name":"Sestogrado","description":"yes we climb","publisher":{"@id":"https:\/\/www.sestogrado.it\/en\/#organization"},"potentialAction":[{"@type":"SearchAction","target":{"@type":"EntryPoint","urlTemplate":"https:\/\/www.sestogrado.it\/en\/?s={search_term_string}"},"query-input":{"@type":"PropertyValueSpecification","valueRequired":true,"valueName":"search_term_string"}}],"inLanguage":"en-US"},{"@type":"Organization","@id":"https:\/\/www.sestogrado.it\/en\/#organization","name":"Sestogrado","url":"https:\/\/www.sestogrado.it\/en\/","logo":{"@type":"ImageObject","inLanguage":"en-US","@id":"https:\/\/www.sestogrado.it\/en\/#\/schema\/logo\/image\/","url":"https:\/\/www.sestogrado.it\/wp-content\/uploads\/2015\/03\/sestogrado-favicon.png","contentUrl":"https:\/\/www.sestogrado.it\/wp-content\/uploads\/2015\/03\/sestogrado-favicon.png","width":260,"height":260,"caption":"Sestogrado"},"image":{"@id":"https:\/\/www.sestogrado.it\/en\/#\/schema\/logo\/image\/"},"sameAs":["https:\/\/www.facebook.com\/pages\/Sestogrado\/1542635979353017?ref=bookmarks","https:\/\/www.youtube.com\/channel\/UC847kAfTkaJsWpc1jtQwr3Q"],"hasMerchantReturnPolicy":{"@type":"MerchantReturnPolicy","merchantReturnLink":"https:\/\/www.sestogrado.it\/en\/termini-e-condizioni\/"}}]},"product_brand":"Beal","og_availability":"instock","product_availability":"instock","product_condition":"new"},"_links":{"self":[{"href":"https:\/\/www.sestogrado.it\/en\/wp-json\/wp\/v2\/product\/15002","targetHints":{"allow":["GET"]}}],"collection":[{"href":"https:\/\/www.sestogrado.it\/en\/wp-json\/wp\/v2\/product"}],"about":[{"href":"https:\/\/www.sestogrado.it\/en\/wp-json\/wp\/v2\/types\/product"}],"replies":[{"embeddable":true,"href":"https:\/\/www.sestogrado.it\/en\/wp-json\/wp\/v2\/comments?post=15002"}],"wp:featuredmedia":[{"embeddable":true,"href":"https:\/\/www.sestogrado.it\/en\/wp-json\/wp\/v2\/media\/38804"}],"wp:attachment":[{"href":"https:\/\/www.sestogrado.it\/en\/wp-json\/wp\/v2\/media?parent=15002"}],"wp:term":[{"taxonomy":"product_brand","embeddable":true,"href":"https:\/\/www.sestogrado.it\/en\/wp-json\/wp\/v2\/product_brand?post=15002"},{"taxonomy":"product_cat","embeddable":true,"href":"https:\/\/www.sestogrado.it\/en\/wp-json\/wp\/v2\/product_cat?post=15002"},{"taxonomy":"product_tag","embeddable":true,"href":"https:\/\/www.sestogrado.it\/en\/wp-json\/wp\/v2\/product_tag?post=15002"}],"curies":[{"name":"wp","href":"https:\/\/api.w.org\/{rel}","templated":true}]}}