{"id":144711,"date":"2023-10-17T12:39:22","date_gmt":"2023-10-17T10:39:22","guid":{"rendered":"https:\/\/www.sestogrado.it\/?post_type=product&#038;p=144711"},"modified":"2026-04-23T22:35:24","modified_gmt":"2026-04-23T20:35:24","slug":"millet-trilogy-kamet-35-zaino-da-alpinismo","status":"publish","type":"product","link":"https:\/\/www.sestogrado.it\/en\/prodotto\/millet-trilogy-kamet-35-zaino-da-alpinismo\/","title":{"rendered":"Millet Trilogy Kamet 35 zaino da alpinismo"},"content":{"rendered":"<p class=\"qtranxs-available-languages-message qtranxs-available-languages-message-en\">Sorry, this entry is only available in <a href=\"https:\/\/www.sestogrado.it\/it\/wp-json\/wp\/v2\/product\/144711\" class=\"qtranxs-available-language-link qtranxs-available-language-link-it\" title=\"Italiano\">Italiano<\/a>.<\/p>","protected":false},"excerpt":{"rendered":"<p>Sorry, this entry is only available in Italiano.<\/p>\n","protected":false},"featured_media":144713,"comment_status":"open","ping_status":"closed","template":"","meta":{"_acf_changed":false},"product_brand":[312],"product_cat":[389,1431],"product_tag":[],"class_list":{"0":"post-144711","1":"product","2":"type-product","3":"status-publish","4":"has-post-thumbnail","6":"product_brand-millet","7":"product_cat-zaini-alpinismo","8":"product_cat-scialpinismo-zaini","10":"first","11":"instock","12":"sale","13":"taxable","14":"shipping-taxable","15":"purchasable","16":"product-type-simple"},"acf":[],"yoast_head":"<!-- This site is optimized with the Yoast SEO plugin v26.4 - https:\/\/yoast.com\/wordpress\/plugins\/seo\/ -->\n<title>Millet Trilogy Kamet 35 zaino da alpinismo - Sestogrado<\/title>\n<meta name=\"description\" content=\"Il Millet Trilogy 35 kamet \u00e8 uno zaino super tecnico, dedicato ad attivit\u00e0 alpinistiche, scialpinistiche di uno o pi\u00f9 giorni. Realizzato in robusto nylon TPU con fondo rinforzato, non teme sfregamenti o abrasioni. Impermeabile e idrorepellente, pu\u00f2 essere utilizzato tutto l&#039;anno. Le cinghie regolabili, i richiami di carico e la cintura in vita rimovibile lo rendono piacevole da trasportare. Stiamo tracciando sentieri gi\u00e0 da due giorni. I nostri sci sono fissati in diagonale al nostro zaino porta sci. Teniamo la piccozza legata alla cintura in caso di necessit\u00e0. Il nostro zaino tecnico, impermeabile e resistente, in nylon TPU, rimane saldamente al suo posto. Una volta raggiunta la vetta, un canalone di neve immacolata si distende davanti a noi. Afferriamo lo zaino per le maniglie superiori. E recuperiamo la nostra giacca attraverso la zip di accesso laterale. Gli sci sono pronti per la discesa. Si parte. Il nostro zaino minimalista \u00e8 ben bilanciato grazie ai richiami di carico. Con il suo peso ottimale ci sembra quasi di non averlo sulle spalle.\" \/>\n<meta name=\"robots\" content=\"index, follow, max-snippet:-1, max-image-preview:large, max-video-preview:-1\" \/>\n<link rel=\"canonical\" href=\"https:\/\/www.sestogrado.it\/en\/prodotto\/millet-trilogy-kamet-35-zaino-da-alpinismo\/\" \/>\n<meta property=\"og:locale\" content=\"en_US\" \/>\n<meta property=\"og:type\" content=\"article\" \/>\n<meta property=\"og:title\" content=\"Millet Trilogy Kamet 35 zaino da alpinismo - Sestogrado\" \/>\n<meta property=\"og:description\" content=\"Il Millet Trilogy 35 kamet \u00e8 uno zaino super tecnico, dedicato ad attivit\u00e0 alpinistiche, scialpinistiche di uno o pi\u00f9 giorni. Realizzato in robusto nylon TPU con fondo rinforzato, non teme sfregamenti o abrasioni. Impermeabile e idrorepellente, pu\u00f2 essere utilizzato tutto l&#039;anno. Le cinghie regolabili, i richiami di carico e la cintura in vita rimovibile lo rendono piacevole da trasportare. Stiamo tracciando sentieri gi\u00e0 da due giorni. I nostri sci sono fissati in diagonale al nostro zaino porta sci. Teniamo la piccozza legata alla cintura in caso di necessit\u00e0. Il nostro zaino tecnico, impermeabile e resistente, in nylon TPU, rimane saldamente al suo posto. Una volta raggiunta la vetta, un canalone di neve immacolata si distende davanti a noi. Afferriamo lo zaino per le maniglie superiori. E recuperiamo la nostra giacca attraverso la zip di accesso laterale. Gli sci sono pronti per la discesa. Si parte. Il nostro zaino minimalista \u00e8 ben bilanciato grazie ai richiami di carico. Con il suo peso ottimale ci sembra quasi di non averlo sulle spalle.\" \/>\n<meta property=\"og:url\" content=\"https:\/\/www.sestogrado.it\/en\/prodotto\/millet-trilogy-kamet-35-zaino-da-alpinismo\/\" \/>\n<meta property=\"og:site_name\" content=\"Sestogrado\" \/>\n<meta property=\"article:publisher\" content=\"https:\/\/www.facebook.com\/pages\/Sestogrado\/1542635979353017?ref=bookmarks\" \/>\n<meta property=\"article:modified_time\" content=\"2026-04-23T20:35:24+00:00\" \/>\n<meta property=\"og:image\" content=\"https:\/\/www.sestogrado.it\/wp-content\/uploads\/2023\/10\/01-10-scaled.jpg\" \/>\n\t<meta property=\"og:image:width\" content=\"2560\" \/>\n\t<meta property=\"og:image:height\" content=\"2560\" \/>\n\t<meta property=\"og:image:type\" content=\"image\/jpeg\" \/>\n<meta name=\"twitter:label1\" content=\"Price\" \/>\n\t<meta name=\"twitter:data1\" content=\"&euro;&nbsp;149,00\" \/>\n\t<meta name=\"twitter:label2\" content=\"Availability\" \/>\n\t<meta name=\"twitter:data2\" content=\"In stock\" \/>\n<script type=\"application\/ld+json\" class=\"yoast-schema-graph\">{\"@context\":\"https:\/\/schema.org\",\"@graph\":[{\"@type\":\"WebPage\",\"@id\":\"https:\/\/www.sestogrado.it\/en\/prodotto\/millet-trilogy-kamet-35-zaino-da-alpinismo\/\",\"url\":\"https:\/\/www.sestogrado.it\/en\/prodotto\/millet-trilogy-kamet-35-zaino-da-alpinismo\/\",\"name\":\"Millet Trilogy Kamet 35 zaino da alpinismo - Sestogrado\",\"isPartOf\":{\"@id\":\"https:\/\/www.sestogrado.it\/en\/#website\"},\"primaryImageOfPage\":{\"@id\":\"https:\/\/www.sestogrado.it\/en\/prodotto\/millet-trilogy-kamet-35-zaino-da-alpinismo\/#primaryimage\"},\"image\":{\"@id\":\"https:\/\/www.sestogrado.it\/prodotto\/millet-trilogy-kamet-35-zaino-da-alpinismo\/#primaryimage\"},\"thumbnailUrl\":\"https:\/\/www.sestogrado.it\/wp-content\/uploads\/2023\/10\/01-10-scaled.jpg\",\"datePublished\":\"2023-10-17T10:39:22+00:00\",\"dateModified\":\"2026-04-23T20:35:24+00:00\",\"description\":\"Il Millet Trilogy 35 kamet \u00e8 uno zaino super tecnico, dedicato ad attivit\u00e0 alpinistiche, scialpinistiche di uno o pi\u00f9 giorni. Realizzato in robusto nylon TPU con fondo rinforzato, non teme sfregamenti o abrasioni. Impermeabile e idrorepellente, pu\u00f2 essere utilizzato tutto l'anno. Le cinghie regolabili, i richiami di carico e la cintura in vita rimovibile lo rendono piacevole da trasportare. Stiamo tracciando sentieri gi\u00e0 da due giorni. I nostri sci sono fissati in diagonale al nostro zaino porta sci. Teniamo la piccozza legata alla cintura in caso di necessit\u00e0. Il nostro zaino tecnico, impermeabile e resistente, in nylon TPU, rimane saldamente al suo posto. Una volta raggiunta la vetta, un canalone di neve immacolata si distende davanti a noi. Afferriamo lo zaino per le maniglie superiori. E recuperiamo la nostra giacca attraverso la zip di accesso laterale. Gli sci sono pronti per la discesa. Si parte. Il nostro zaino minimalista \u00e8 ben bilanciato grazie ai richiami di carico. Con il suo peso ottimale ci sembra quasi di non averlo sulle spalle.\",\"breadcrumb\":{\"@id\":\"https:\/\/www.sestogrado.it\/en\/prodotto\/millet-trilogy-kamet-35-zaino-da-alpinismo\/#breadcrumb\"},\"inLanguage\":\"en-US\",\"potentialAction\":[{\"@type\":\"ReadAction\",\"target\":[[\"https:\/\/www.sestogrado.it\/en\/prodotto\/millet-trilogy-kamet-35-zaino-da-alpinismo\/\"]]}]},{\"@type\":\"ImageObject\",\"inLanguage\":\"en-US\",\"@id\":\"https:\/\/www.sestogrado.it\/en\/prodotto\/millet-trilogy-kamet-35-zaino-da-alpinismo\/#primaryimage\",\"url\":\"https:\/\/www.sestogrado.it\/wp-content\/uploads\/2023\/10\/01-10-scaled.jpg\",\"contentUrl\":\"https:\/\/www.sestogrado.it\/wp-content\/uploads\/2023\/10\/01-10-scaled.jpg\",\"width\":2560,\"height\":2560,\"caption\":\"millet trilogy 35\"},{\"@type\":\"BreadcrumbList\",\"@id\":\"https:\/\/www.sestogrado.it\/en\/prodotto\/millet-trilogy-kamet-35-zaino-da-alpinismo\/#breadcrumb\",\"itemListElement\":[{\"@type\":\"ListItem\",\"position\":1,\"name\":\"Home\",\"item\":\"https:\/\/www.sestogrado.it\/en\/\"},{\"@type\":\"ListItem\",\"position\":2,\"name\":\"Shop\",\"item\":\"https:\/\/www.sestogrado.it\/en\/shop\/\"},{\"@type\":\"ListItem\",\"position\":3,\"name\":\"Millet Trilogy Kamet 35 zaino da alpinismo\"}]},{\"@type\":\"WebSite\",\"@id\":\"https:\/\/www.sestogrado.it\/en\/#website\",\"url\":\"https:\/\/www.sestogrado.it\/en\/\",\"name\":\"Sestogrado\",\"description\":\"yes we climb\",\"publisher\":{\"@id\":\"https:\/\/www.sestogrado.it\/en\/#organization\"},\"potentialAction\":[{\"@type\":\"SearchAction\",\"target\":{\"@type\":\"EntryPoint\",\"urlTemplate\":\"https:\/\/www.sestogrado.it\/en\/?s={search_term_string}\"},\"query-input\":{\"@type\":\"PropertyValueSpecification\",\"valueRequired\":true,\"valueName\":\"search_term_string\"}}],\"inLanguage\":\"en-US\"},{\"@type\":\"Organization\",\"@id\":\"https:\/\/www.sestogrado.it\/en\/#organization\",\"name\":\"Sestogrado\",\"url\":\"https:\/\/www.sestogrado.it\/en\/\",\"logo\":{\"@type\":\"ImageObject\",\"inLanguage\":\"en-US\",\"@id\":\"https:\/\/www.sestogrado.it\/en\/#\/schema\/logo\/image\/\",\"url\":\"https:\/\/www.sestogrado.it\/wp-content\/uploads\/2015\/03\/sestogrado-favicon.png\",\"contentUrl\":\"https:\/\/www.sestogrado.it\/wp-content\/uploads\/2015\/03\/sestogrado-favicon.png\",\"width\":260,\"height\":260,\"caption\":\"Sestogrado\"},\"image\":{\"@id\":\"https:\/\/www.sestogrado.it\/en\/#\/schema\/logo\/image\/\"},\"sameAs\":[\"https:\/\/www.facebook.com\/pages\/Sestogrado\/1542635979353017?ref=bookmarks\",\"https:\/\/www.youtube.com\/channel\/UC847kAfTkaJsWpc1jtQwr3Q\"],\"hasMerchantReturnPolicy\":{\"@type\":\"MerchantReturnPolicy\",\"merchantReturnLink\":\"https:\/\/www.sestogrado.it\/en\/termini-e-condizioni\/\"}}]}<\/script>\n<meta property=\"product:brand\" content=\"Millet\" \/>\n<meta property=\"product:price:amount\" content=\"149.00\" \/>\n<meta property=\"product:price:currency\" content=\"EUR\" \/>\n<meta property=\"og:availability\" content=\"instock\" \/>\n<meta property=\"product:availability\" content=\"instock\" \/>\n<meta property=\"product:condition\" content=\"new\" \/>\n<!-- \/ Yoast SEO plugin. -->","yoast_head_json":{"title":"Millet Trilogy Kamet 35 zaino da alpinismo - Sestogrado","description":"Il Millet Trilogy 35 kamet \u00e8 uno zaino super tecnico, dedicato ad attivit\u00e0 alpinistiche, scialpinistiche di uno o pi\u00f9 giorni. Realizzato in robusto nylon TPU con fondo rinforzato, non teme sfregamenti o abrasioni. Impermeabile e idrorepellente, pu\u00f2 essere utilizzato tutto l'anno. Le cinghie regolabili, i richiami di carico e la cintura in vita rimovibile lo rendono piacevole da trasportare. Stiamo tracciando sentieri gi\u00e0 da due giorni. I nostri sci sono fissati in diagonale al nostro zaino porta sci. Teniamo la piccozza legata alla cintura in caso di necessit\u00e0. Il nostro zaino tecnico, impermeabile e resistente, in nylon TPU, rimane saldamente al suo posto. Una volta raggiunta la vetta, un canalone di neve immacolata si distende davanti a noi. Afferriamo lo zaino per le maniglie superiori. E recuperiamo la nostra giacca attraverso la zip di accesso laterale. Gli sci sono pronti per la discesa. Si parte. Il nostro zaino minimalista \u00e8 ben bilanciato grazie ai richiami di carico. Con il suo peso ottimale ci sembra quasi di non averlo sulle spalle.","robots":{"index":"index","follow":"follow","max-snippet":"max-snippet:-1","max-image-preview":"max-image-preview:large","max-video-preview":"max-video-preview:-1"},"canonical":"https:\/\/www.sestogrado.it\/en\/prodotto\/millet-trilogy-kamet-35-zaino-da-alpinismo\/","og_locale":"en_US","og_type":"article","og_title":"Millet Trilogy Kamet 35 zaino da alpinismo - Sestogrado","og_description":"Il Millet Trilogy 35 kamet \u00e8 uno zaino super tecnico, dedicato ad attivit\u00e0 alpinistiche, scialpinistiche di uno o pi\u00f9 giorni. Realizzato in robusto nylon TPU con fondo rinforzato, non teme sfregamenti o abrasioni. Impermeabile e idrorepellente, pu\u00f2 essere utilizzato tutto l'anno. Le cinghie regolabili, i richiami di carico e la cintura in vita rimovibile lo rendono piacevole da trasportare. Stiamo tracciando sentieri gi\u00e0 da due giorni. I nostri sci sono fissati in diagonale al nostro zaino porta sci. Teniamo la piccozza legata alla cintura in caso di necessit\u00e0. Il nostro zaino tecnico, impermeabile e resistente, in nylon TPU, rimane saldamente al suo posto. Una volta raggiunta la vetta, un canalone di neve immacolata si distende davanti a noi. Afferriamo lo zaino per le maniglie superiori. E recuperiamo la nostra giacca attraverso la zip di accesso laterale. Gli sci sono pronti per la discesa. Si parte. Il nostro zaino minimalista \u00e8 ben bilanciato grazie ai richiami di carico. Con il suo peso ottimale ci sembra quasi di non averlo sulle spalle.","og_url":"https:\/\/www.sestogrado.it\/en\/prodotto\/millet-trilogy-kamet-35-zaino-da-alpinismo\/","og_site_name":"Sestogrado","article_publisher":"https:\/\/www.facebook.com\/pages\/Sestogrado\/1542635979353017?ref=bookmarks","article_modified_time":"2026-04-23T20:35:24+00:00","og_image":[{"width":2560,"height":2560,"url":"https:\/\/www.sestogrado.it\/wp-content\/uploads\/2023\/10\/01-10-scaled.jpg","type":"image\/jpeg"}],"twitter_misc":{"Price":"&euro;&nbsp;149,00","Availability":"In stock"},"schema":{"@context":"https:\/\/schema.org","@graph":[{"@type":"WebPage","@id":"https:\/\/www.sestogrado.it\/en\/prodotto\/millet-trilogy-kamet-35-zaino-da-alpinismo\/","url":"https:\/\/www.sestogrado.it\/en\/prodotto\/millet-trilogy-kamet-35-zaino-da-alpinismo\/","name":"Millet Trilogy Kamet 35 zaino da alpinismo - Sestogrado","isPartOf":{"@id":"https:\/\/www.sestogrado.it\/en\/#website"},"primaryImageOfPage":{"@id":"https:\/\/www.sestogrado.it\/en\/prodotto\/millet-trilogy-kamet-35-zaino-da-alpinismo\/#primaryimage"},"image":{"@id":"https:\/\/www.sestogrado.it\/prodotto\/millet-trilogy-kamet-35-zaino-da-alpinismo\/#primaryimage"},"thumbnailUrl":"https:\/\/www.sestogrado.it\/wp-content\/uploads\/2023\/10\/01-10-scaled.jpg","datePublished":"2023-10-17T10:39:22+00:00","dateModified":"2026-04-23T20:35:24+00:00","description":"Il Millet Trilogy 35 kamet \u00e8 uno zaino super tecnico, dedicato ad attivit\u00e0 alpinistiche, scialpinistiche di uno o pi\u00f9 giorni. Realizzato in robusto nylon TPU con fondo rinforzato, non teme sfregamenti o abrasioni. Impermeabile e idrorepellente, pu\u00f2 essere utilizzato tutto l'anno. Le cinghie regolabili, i richiami di carico e la cintura in vita rimovibile lo rendono piacevole da trasportare. Stiamo tracciando sentieri gi\u00e0 da due giorni. I nostri sci sono fissati in diagonale al nostro zaino porta sci. Teniamo la piccozza legata alla cintura in caso di necessit\u00e0. Il nostro zaino tecnico, impermeabile e resistente, in nylon TPU, rimane saldamente al suo posto. Una volta raggiunta la vetta, un canalone di neve immacolata si distende davanti a noi. Afferriamo lo zaino per le maniglie superiori. E recuperiamo la nostra giacca attraverso la zip di accesso laterale. Gli sci sono pronti per la discesa. Si parte. Il nostro zaino minimalista \u00e8 ben bilanciato grazie ai richiami di carico. Con il suo peso ottimale ci sembra quasi di non averlo sulle spalle.","breadcrumb":{"@id":"https:\/\/www.sestogrado.it\/en\/prodotto\/millet-trilogy-kamet-35-zaino-da-alpinismo\/#breadcrumb"},"inLanguage":"en-US","potentialAction":[{"@type":"ReadAction","target":[["https:\/\/www.sestogrado.it\/en\/prodotto\/millet-trilogy-kamet-35-zaino-da-alpinismo\/"]]}]},{"@type":"ImageObject","inLanguage":"en-US","@id":"https:\/\/www.sestogrado.it\/en\/prodotto\/millet-trilogy-kamet-35-zaino-da-alpinismo\/#primaryimage","url":"https:\/\/www.sestogrado.it\/wp-content\/uploads\/2023\/10\/01-10-scaled.jpg","contentUrl":"https:\/\/www.sestogrado.it\/wp-content\/uploads\/2023\/10\/01-10-scaled.jpg","width":2560,"height":2560,"caption":"millet trilogy 35"},{"@type":"BreadcrumbList","@id":"https:\/\/www.sestogrado.it\/en\/prodotto\/millet-trilogy-kamet-35-zaino-da-alpinismo\/#breadcrumb","itemListElement":[{"@type":"ListItem","position":1,"name":"Home","item":"https:\/\/www.sestogrado.it\/en\/"},{"@type":"ListItem","position":2,"name":"Shop","item":"https:\/\/www.sestogrado.it\/en\/shop\/"},{"@type":"ListItem","position":3,"name":"Millet Trilogy Kamet 35 zaino da alpinismo"}]},{"@type":"WebSite","@id":"https:\/\/www.sestogrado.it\/en\/#website","url":"https:\/\/www.sestogrado.it\/en\/","name":"Sestogrado","description":"yes we climb","publisher":{"@id":"https:\/\/www.sestogrado.it\/en\/#organization"},"potentialAction":[{"@type":"SearchAction","target":{"@type":"EntryPoint","urlTemplate":"https:\/\/www.sestogrado.it\/en\/?s={search_term_string}"},"query-input":{"@type":"PropertyValueSpecification","valueRequired":true,"valueName":"search_term_string"}}],"inLanguage":"en-US"},{"@type":"Organization","@id":"https:\/\/www.sestogrado.it\/en\/#organization","name":"Sestogrado","url":"https:\/\/www.sestogrado.it\/en\/","logo":{"@type":"ImageObject","inLanguage":"en-US","@id":"https:\/\/www.sestogrado.it\/en\/#\/schema\/logo\/image\/","url":"https:\/\/www.sestogrado.it\/wp-content\/uploads\/2015\/03\/sestogrado-favicon.png","contentUrl":"https:\/\/www.sestogrado.it\/wp-content\/uploads\/2015\/03\/sestogrado-favicon.png","width":260,"height":260,"caption":"Sestogrado"},"image":{"@id":"https:\/\/www.sestogrado.it\/en\/#\/schema\/logo\/image\/"},"sameAs":["https:\/\/www.facebook.com\/pages\/Sestogrado\/1542635979353017?ref=bookmarks","https:\/\/www.youtube.com\/channel\/UC847kAfTkaJsWpc1jtQwr3Q"],"hasMerchantReturnPolicy":{"@type":"MerchantReturnPolicy","merchantReturnLink":"https:\/\/www.sestogrado.it\/en\/termini-e-condizioni\/"}}]},"product_brand":"Millet","product_price_amount":"149.00","product_price_currency":"EUR","og_availability":"instock","product_availability":"instock","product_condition":"new"},"_links":{"self":[{"href":"https:\/\/www.sestogrado.it\/en\/wp-json\/wp\/v2\/product\/144711","targetHints":{"allow":["GET"]}}],"collection":[{"href":"https:\/\/www.sestogrado.it\/en\/wp-json\/wp\/v2\/product"}],"about":[{"href":"https:\/\/www.sestogrado.it\/en\/wp-json\/wp\/v2\/types\/product"}],"replies":[{"embeddable":true,"href":"https:\/\/www.sestogrado.it\/en\/wp-json\/wp\/v2\/comments?post=144711"}],"wp:featuredmedia":[{"embeddable":true,"href":"https:\/\/www.sestogrado.it\/en\/wp-json\/wp\/v2\/media\/144713"}],"wp:attachment":[{"href":"https:\/\/www.sestogrado.it\/en\/wp-json\/wp\/v2\/media?parent=144711"}],"wp:term":[{"taxonomy":"product_brand","embeddable":true,"href":"https:\/\/www.sestogrado.it\/en\/wp-json\/wp\/v2\/product_brand?post=144711"},{"taxonomy":"product_cat","embeddable":true,"href":"https:\/\/www.sestogrado.it\/en\/wp-json\/wp\/v2\/product_cat?post=144711"},{"taxonomy":"product_tag","embeddable":true,"href":"https:\/\/www.sestogrado.it\/en\/wp-json\/wp\/v2\/product_tag?post=144711"}],"curies":[{"name":"wp","href":"https:\/\/api.w.org\/{rel}","templated":true}]}}