{"id":144701,"date":"2023-10-17T10:14:39","date_gmt":"2023-10-17T08:14:39","guid":{"rendered":"https:\/\/www.sestogrado.it\/?post_type=product&#038;p=144701"},"modified":"2026-04-26T16:13:13","modified_gmt":"2026-04-26T14:13:13","slug":"alpinismo-facile-in-trentino-alto-adige-vol-2-guida-versante-sud","status":"publish","type":"product","link":"https:\/\/www.sestogrado.it\/en\/prodotto\/alpinismo-facile-in-trentino-alto-adige-vol-2-guida-versante-sud\/","title":{"rendered":"Alpinismo facile in Trentino Alto Adige Vol 2 guida versante sud"},"content":{"rendered":"<p class=\"qtranxs-available-languages-message qtranxs-available-languages-message-en\">Sorry, this entry is only available in <a href=\"https:\/\/www.sestogrado.it\/it\/wp-json\/wp\/v2\/product\/144701\" class=\"qtranxs-available-language-link qtranxs-available-language-link-it\" title=\"Italiano\">Italiano<\/a>.<\/p>","protected":false},"excerpt":{"rendered":"<p>Sorry, this entry is only available in Italiano.<\/p>\n","protected":false},"featured_media":144702,"comment_status":"open","ping_status":"closed","template":"","meta":{"_acf_changed":false},"product_brand":[99],"product_cat":[98],"product_tag":[],"class_list":{"0":"post-144701","1":"product","2":"type-product","3":"status-publish","4":"has-post-thumbnail","6":"product_brand-versante-sud","7":"product_cat-libri","9":"first","10":"instock","11":"taxable","12":"shipping-taxable","13":"purchasable","14":"product-type-simple"},"acf":[],"yoast_head":"<!-- This site is optimized with the Yoast SEO plugin v26.4 - https:\/\/yoast.com\/wordpress\/plugins\/seo\/ -->\n<title>Alpinismo facile in Trentino Alto Adige Vol 2 guida versante sud - Sestogrado<\/title>\n<meta name=\"description\" content=\"Alpinismo facile in Trentino Alto Adige Vol 2 \u00e8 un lavoro imponente, un vero libro dei sogni per gli amanti delle salite di vetta:\u00a0249 itinerari\u00a0scelti tra\u00a0le\u00a0cime\u00a0pi\u00f9 belle\u00a0e imponenti\u00a0di\u00a043\u00a0gruppi\u00a0montuosi, divisi in due volumi.Il\u00a0secondo volume,\u00a0dedicato alle\u00a0valli orientali,\u00a0propone\u00a0116 salite scelte\u00a0tra i\u00a024 gruppi montuosi a est della valle dell\u2019Adige: Breonie di Levante, Alpi Aurine, Monti di Predoi, Monti di Fundres, Vedrette di Ries, Monti di Casies, Gruppo delle Odle-Puez, Gruppo delle Fanes-Senes-Braies, Dolomiti di Sesto, Gruppo del Catinaccio, Gruppo del Sella-Sassolungo, Gruppo del Latemar, Gruppo della Marmolada, Catena di Cima Bocche, Catena dei Lagorai, Gruppo di Cima d\u2019Asta, Pale di San Martino, Alpi Feltrine, Gruppo della Schiara, Catena di Cima Dodici, Piccole Dolomiti, Massiccio del Grappa, Gruppo del Col Nudo-Cavallo, Monti Lessini.I percorsi proposti sono\u00a0selezionati per la loro panoramicit\u00e0 e per la difficolt\u00e0: non sono presenti itinerari con difficolt\u00e0 alpinistiche oltre il II grado, ma non tutte le salite sono\u00a0passeggiate escursionistiche:\u00a0alcune richiedono la conoscenza della\u00a0progressione su ghiacciaio,\u00a0l\u2019uso di un\u00a0set da ferrata,\u00a0la capacit\u00e0 di\u00a0muoversi appoggiando le mani.Infine vi sono\u00a0proposte per quasi tutte le stagioni:\u00a0in entrambi i volumi troviamo itinerari dell\u2019arco alpino vero e proprio con alte quote e ghiaccio, da percorrere in piena estate, sia itinerari su gruppi montuosi pi\u00f9 prossimi alla Pianura Padana, quindi percorribili fino ad autunno inoltrato o inverni con poche precipitazioni.\" \/>\n<meta name=\"robots\" content=\"index, follow, max-snippet:-1, max-image-preview:large, max-video-preview:-1\" \/>\n<link rel=\"canonical\" href=\"https:\/\/www.sestogrado.it\/en\/prodotto\/alpinismo-facile-in-trentino-alto-adige-vol-2-guida-versante-sud\/\" \/>\n<meta property=\"og:locale\" content=\"en_US\" \/>\n<meta property=\"og:type\" content=\"article\" \/>\n<meta property=\"og:title\" content=\"Alpinismo facile in Trentino Alto Adige Vol 2 guida versante sud - Sestogrado\" \/>\n<meta property=\"og:description\" content=\"Alpinismo facile in Trentino Alto Adige Vol 2 \u00e8 un lavoro imponente, un vero libro dei sogni per gli amanti delle salite di vetta:\u00a0249 itinerari\u00a0scelti tra\u00a0le\u00a0cime\u00a0pi\u00f9 belle\u00a0e imponenti\u00a0di\u00a043\u00a0gruppi\u00a0montuosi, divisi in due volumi.Il\u00a0secondo volume,\u00a0dedicato alle\u00a0valli orientali,\u00a0propone\u00a0116 salite scelte\u00a0tra i\u00a024 gruppi montuosi a est della valle dell\u2019Adige: Breonie di Levante, Alpi Aurine, Monti di Predoi, Monti di Fundres, Vedrette di Ries, Monti di Casies, Gruppo delle Odle-Puez, Gruppo delle Fanes-Senes-Braies, Dolomiti di Sesto, Gruppo del Catinaccio, Gruppo del Sella-Sassolungo, Gruppo del Latemar, Gruppo della Marmolada, Catena di Cima Bocche, Catena dei Lagorai, Gruppo di Cima d\u2019Asta, Pale di San Martino, Alpi Feltrine, Gruppo della Schiara, Catena di Cima Dodici, Piccole Dolomiti, Massiccio del Grappa, Gruppo del Col Nudo-Cavallo, Monti Lessini.I percorsi proposti sono\u00a0selezionati per la loro panoramicit\u00e0 e per la difficolt\u00e0: non sono presenti itinerari con difficolt\u00e0 alpinistiche oltre il II grado, ma non tutte le salite sono\u00a0passeggiate escursionistiche:\u00a0alcune richiedono la conoscenza della\u00a0progressione su ghiacciaio,\u00a0l\u2019uso di un\u00a0set da ferrata,\u00a0la capacit\u00e0 di\u00a0muoversi appoggiando le mani.Infine vi sono\u00a0proposte per quasi tutte le stagioni:\u00a0in entrambi i volumi troviamo itinerari dell\u2019arco alpino vero e proprio con alte quote e ghiaccio, da percorrere in piena estate, sia itinerari su gruppi montuosi pi\u00f9 prossimi alla Pianura Padana, quindi percorribili fino ad autunno inoltrato o inverni con poche precipitazioni.\" \/>\n<meta property=\"og:url\" content=\"https:\/\/www.sestogrado.it\/en\/prodotto\/alpinismo-facile-in-trentino-alto-adige-vol-2-guida-versante-sud\/\" \/>\n<meta property=\"og:site_name\" content=\"Sestogrado\" \/>\n<meta property=\"article:publisher\" content=\"https:\/\/www.facebook.com\/pages\/Sestogrado\/1542635979353017?ref=bookmarks\" \/>\n<meta property=\"article:modified_time\" content=\"2026-04-26T14:13:13+00:00\" \/>\n<meta property=\"og:image\" content=\"https:\/\/www.sestogrado.it\/wp-content\/uploads\/2023\/10\/alp.jpg\" \/>\n\t<meta property=\"og:image:width\" content=\"900\" \/>\n\t<meta property=\"og:image:height\" content=\"900\" \/>\n\t<meta property=\"og:image:type\" content=\"image\/jpeg\" \/>\n<meta name=\"twitter:label1\" content=\"Price\" \/>\n\t<meta name=\"twitter:data1\" content=\"&euro;&nbsp;38,00\" \/>\n\t<meta name=\"twitter:label2\" content=\"Availability\" \/>\n\t<meta name=\"twitter:data2\" content=\"In stock\" \/>\n<script type=\"application\/ld+json\" class=\"yoast-schema-graph\">{\"@context\":\"https:\/\/schema.org\",\"@graph\":[{\"@type\":\"WebPage\",\"@id\":\"https:\/\/www.sestogrado.it\/en\/prodotto\/alpinismo-facile-in-trentino-alto-adige-vol-2-guida-versante-sud\/\",\"url\":\"https:\/\/www.sestogrado.it\/en\/prodotto\/alpinismo-facile-in-trentino-alto-adige-vol-2-guida-versante-sud\/\",\"name\":\"Alpinismo facile in Trentino Alto Adige Vol 2 guida versante sud - Sestogrado\",\"isPartOf\":{\"@id\":\"https:\/\/www.sestogrado.it\/en\/#website\"},\"primaryImageOfPage\":{\"@id\":\"https:\/\/www.sestogrado.it\/en\/prodotto\/alpinismo-facile-in-trentino-alto-adige-vol-2-guida-versante-sud\/#primaryimage\"},\"image\":{\"@id\":\"https:\/\/www.sestogrado.it\/prodotto\/alpinismo-facile-in-trentino-alto-adige-vol-2-guida-versante-sud\/#primaryimage\"},\"thumbnailUrl\":\"https:\/\/www.sestogrado.it\/wp-content\/uploads\/2023\/10\/alp.jpg\",\"datePublished\":\"2023-10-17T08:14:39+00:00\",\"dateModified\":\"2026-04-26T14:13:13+00:00\",\"description\":\"Alpinismo facile in Trentino Alto Adige Vol 2 \u00e8 un lavoro imponente, un vero libro dei sogni per gli amanti delle salite di vetta:\u00a0249 itinerari\u00a0scelti tra\u00a0le\u00a0cime\u00a0pi\u00f9 belle\u00a0e imponenti\u00a0di\u00a043\u00a0gruppi\u00a0montuosi, divisi in due volumi.Il\u00a0secondo volume,\u00a0dedicato alle\u00a0valli orientali,\u00a0propone\u00a0116 salite scelte\u00a0tra i\u00a024 gruppi montuosi a est della valle dell\u2019Adige: Breonie di Levante, Alpi Aurine, Monti di Predoi, Monti di Fundres, Vedrette di Ries, Monti di Casies, Gruppo delle Odle-Puez, Gruppo delle Fanes-Senes-Braies, Dolomiti di Sesto, Gruppo del Catinaccio, Gruppo del Sella-Sassolungo, Gruppo del Latemar, Gruppo della Marmolada, Catena di Cima Bocche, Catena dei Lagorai, Gruppo di Cima d\u2019Asta, Pale di San Martino, Alpi Feltrine, Gruppo della Schiara, Catena di Cima Dodici, Piccole Dolomiti, Massiccio del Grappa, Gruppo del Col Nudo-Cavallo, Monti Lessini.I percorsi proposti sono\u00a0selezionati per la loro panoramicit\u00e0 e per la difficolt\u00e0: non sono presenti itinerari con difficolt\u00e0 alpinistiche oltre il II grado, ma non tutte le salite sono\u00a0passeggiate escursionistiche:\u00a0alcune richiedono la conoscenza della\u00a0progressione su ghiacciaio,\u00a0l\u2019uso di un\u00a0set da ferrata,\u00a0la capacit\u00e0 di\u00a0muoversi appoggiando le mani.Infine vi sono\u00a0proposte per quasi tutte le stagioni:\u00a0in entrambi i volumi troviamo itinerari dell\u2019arco alpino vero e proprio con alte quote e ghiaccio, da percorrere in piena estate, sia itinerari su gruppi montuosi pi\u00f9 prossimi alla Pianura Padana, quindi percorribili fino ad autunno inoltrato o inverni con poche precipitazioni.\",\"breadcrumb\":{\"@id\":\"https:\/\/www.sestogrado.it\/en\/prodotto\/alpinismo-facile-in-trentino-alto-adige-vol-2-guida-versante-sud\/#breadcrumb\"},\"inLanguage\":\"en-US\",\"potentialAction\":[{\"@type\":\"ReadAction\",\"target\":[[\"https:\/\/www.sestogrado.it\/en\/prodotto\/alpinismo-facile-in-trentino-alto-adige-vol-2-guida-versante-sud\/\"]]}]},{\"@type\":\"ImageObject\",\"inLanguage\":\"en-US\",\"@id\":\"https:\/\/www.sestogrado.it\/en\/prodotto\/alpinismo-facile-in-trentino-alto-adige-vol-2-guida-versante-sud\/#primaryimage\",\"url\":\"https:\/\/www.sestogrado.it\/wp-content\/uploads\/2023\/10\/alp.jpg\",\"contentUrl\":\"https:\/\/www.sestogrado.it\/wp-content\/uploads\/2023\/10\/alp.jpg\",\"width\":900,\"height\":900,\"caption\":\"alpinismo facile\"},{\"@type\":\"BreadcrumbList\",\"@id\":\"https:\/\/www.sestogrado.it\/en\/prodotto\/alpinismo-facile-in-trentino-alto-adige-vol-2-guida-versante-sud\/#breadcrumb\",\"itemListElement\":[{\"@type\":\"ListItem\",\"position\":1,\"name\":\"Home\",\"item\":\"https:\/\/www.sestogrado.it\/en\/\"},{\"@type\":\"ListItem\",\"position\":2,\"name\":\"Shop\",\"item\":\"https:\/\/www.sestogrado.it\/en\/shop\/\"},{\"@type\":\"ListItem\",\"position\":3,\"name\":\"Alpinismo facile in Trentino Alto Adige Vol 2 guida versante sud\"}]},{\"@type\":\"WebSite\",\"@id\":\"https:\/\/www.sestogrado.it\/en\/#website\",\"url\":\"https:\/\/www.sestogrado.it\/en\/\",\"name\":\"Sestogrado\",\"description\":\"yes we climb\",\"publisher\":{\"@id\":\"https:\/\/www.sestogrado.it\/en\/#organization\"},\"potentialAction\":[{\"@type\":\"SearchAction\",\"target\":{\"@type\":\"EntryPoint\",\"urlTemplate\":\"https:\/\/www.sestogrado.it\/en\/?s={search_term_string}\"},\"query-input\":{\"@type\":\"PropertyValueSpecification\",\"valueRequired\":true,\"valueName\":\"search_term_string\"}}],\"inLanguage\":\"en-US\"},{\"@type\":\"Organization\",\"@id\":\"https:\/\/www.sestogrado.it\/en\/#organization\",\"name\":\"Sestogrado\",\"url\":\"https:\/\/www.sestogrado.it\/en\/\",\"logo\":{\"@type\":\"ImageObject\",\"inLanguage\":\"en-US\",\"@id\":\"https:\/\/www.sestogrado.it\/en\/#\/schema\/logo\/image\/\",\"url\":\"https:\/\/www.sestogrado.it\/wp-content\/uploads\/2015\/03\/sestogrado-favicon.png\",\"contentUrl\":\"https:\/\/www.sestogrado.it\/wp-content\/uploads\/2015\/03\/sestogrado-favicon.png\",\"width\":260,\"height\":260,\"caption\":\"Sestogrado\"},\"image\":{\"@id\":\"https:\/\/www.sestogrado.it\/en\/#\/schema\/logo\/image\/\"},\"sameAs\":[\"https:\/\/www.facebook.com\/pages\/Sestogrado\/1542635979353017?ref=bookmarks\",\"https:\/\/www.youtube.com\/channel\/UC847kAfTkaJsWpc1jtQwr3Q\"],\"hasMerchantReturnPolicy\":{\"@type\":\"MerchantReturnPolicy\",\"merchantReturnLink\":\"https:\/\/www.sestogrado.it\/en\/termini-e-condizioni\/\"}}]}<\/script>\n<meta property=\"product:brand\" content=\"Versante Sud\" \/>\n<meta property=\"product:price:amount\" content=\"38.00\" \/>\n<meta property=\"product:price:currency\" content=\"EUR\" \/>\n<meta property=\"og:availability\" content=\"instock\" \/>\n<meta property=\"product:availability\" content=\"instock\" \/>\n<meta property=\"product:condition\" content=\"new\" \/>\n<!-- \/ Yoast SEO plugin. -->","yoast_head_json":{"title":"Alpinismo facile in Trentino Alto Adige Vol 2 guida versante sud - Sestogrado","description":"Alpinismo facile in Trentino Alto Adige Vol 2 \u00e8 un lavoro imponente, un vero libro dei sogni per gli amanti delle salite di vetta:\u00a0249 itinerari\u00a0scelti tra\u00a0le\u00a0cime\u00a0pi\u00f9 belle\u00a0e imponenti\u00a0di\u00a043\u00a0gruppi\u00a0montuosi, divisi in due volumi.Il\u00a0secondo volume,\u00a0dedicato alle\u00a0valli orientali,\u00a0propone\u00a0116 salite scelte\u00a0tra i\u00a024 gruppi montuosi a est della valle dell\u2019Adige: Breonie di Levante, Alpi Aurine, Monti di Predoi, Monti di Fundres, Vedrette di Ries, Monti di Casies, Gruppo delle Odle-Puez, Gruppo delle Fanes-Senes-Braies, Dolomiti di Sesto, Gruppo del Catinaccio, Gruppo del Sella-Sassolungo, Gruppo del Latemar, Gruppo della Marmolada, Catena di Cima Bocche, Catena dei Lagorai, Gruppo di Cima d\u2019Asta, Pale di San Martino, Alpi Feltrine, Gruppo della Schiara, Catena di Cima Dodici, Piccole Dolomiti, Massiccio del Grappa, Gruppo del Col Nudo-Cavallo, Monti Lessini.I percorsi proposti sono\u00a0selezionati per la loro panoramicit\u00e0 e per la difficolt\u00e0: non sono presenti itinerari con difficolt\u00e0 alpinistiche oltre il II grado, ma non tutte le salite sono\u00a0passeggiate escursionistiche:\u00a0alcune richiedono la conoscenza della\u00a0progressione su ghiacciaio,\u00a0l\u2019uso di un\u00a0set da ferrata,\u00a0la capacit\u00e0 di\u00a0muoversi appoggiando le mani.Infine vi sono\u00a0proposte per quasi tutte le stagioni:\u00a0in entrambi i volumi troviamo itinerari dell\u2019arco alpino vero e proprio con alte quote e ghiaccio, da percorrere in piena estate, sia itinerari su gruppi montuosi pi\u00f9 prossimi alla Pianura Padana, quindi percorribili fino ad autunno inoltrato o inverni con poche precipitazioni.","robots":{"index":"index","follow":"follow","max-snippet":"max-snippet:-1","max-image-preview":"max-image-preview:large","max-video-preview":"max-video-preview:-1"},"canonical":"https:\/\/www.sestogrado.it\/en\/prodotto\/alpinismo-facile-in-trentino-alto-adige-vol-2-guida-versante-sud\/","og_locale":"en_US","og_type":"article","og_title":"Alpinismo facile in Trentino Alto Adige Vol 2 guida versante sud - Sestogrado","og_description":"Alpinismo facile in Trentino Alto Adige Vol 2 \u00e8 un lavoro imponente, un vero libro dei sogni per gli amanti delle salite di vetta:\u00a0249 itinerari\u00a0scelti tra\u00a0le\u00a0cime\u00a0pi\u00f9 belle\u00a0e imponenti\u00a0di\u00a043\u00a0gruppi\u00a0montuosi, divisi in due volumi.Il\u00a0secondo volume,\u00a0dedicato alle\u00a0valli orientali,\u00a0propone\u00a0116 salite scelte\u00a0tra i\u00a024 gruppi montuosi a est della valle dell\u2019Adige: Breonie di Levante, Alpi Aurine, Monti di Predoi, Monti di Fundres, Vedrette di Ries, Monti di Casies, Gruppo delle Odle-Puez, Gruppo delle Fanes-Senes-Braies, Dolomiti di Sesto, Gruppo del Catinaccio, Gruppo del Sella-Sassolungo, Gruppo del Latemar, Gruppo della Marmolada, Catena di Cima Bocche, Catena dei Lagorai, Gruppo di Cima d\u2019Asta, Pale di San Martino, Alpi Feltrine, Gruppo della Schiara, Catena di Cima Dodici, Piccole Dolomiti, Massiccio del Grappa, Gruppo del Col Nudo-Cavallo, Monti Lessini.I percorsi proposti sono\u00a0selezionati per la loro panoramicit\u00e0 e per la difficolt\u00e0: non sono presenti itinerari con difficolt\u00e0 alpinistiche oltre il II grado, ma non tutte le salite sono\u00a0passeggiate escursionistiche:\u00a0alcune richiedono la conoscenza della\u00a0progressione su ghiacciaio,\u00a0l\u2019uso di un\u00a0set da ferrata,\u00a0la capacit\u00e0 di\u00a0muoversi appoggiando le mani.Infine vi sono\u00a0proposte per quasi tutte le stagioni:\u00a0in entrambi i volumi troviamo itinerari dell\u2019arco alpino vero e proprio con alte quote e ghiaccio, da percorrere in piena estate, sia itinerari su gruppi montuosi pi\u00f9 prossimi alla Pianura Padana, quindi percorribili fino ad autunno inoltrato o inverni con poche precipitazioni.","og_url":"https:\/\/www.sestogrado.it\/en\/prodotto\/alpinismo-facile-in-trentino-alto-adige-vol-2-guida-versante-sud\/","og_site_name":"Sestogrado","article_publisher":"https:\/\/www.facebook.com\/pages\/Sestogrado\/1542635979353017?ref=bookmarks","article_modified_time":"2026-04-26T14:13:13+00:00","og_image":[{"width":900,"height":900,"url":"https:\/\/www.sestogrado.it\/wp-content\/uploads\/2023\/10\/alp.jpg","type":"image\/jpeg"}],"twitter_misc":{"Price":"&euro;&nbsp;38,00","Availability":"In stock"},"schema":{"@context":"https:\/\/schema.org","@graph":[{"@type":"WebPage","@id":"https:\/\/www.sestogrado.it\/en\/prodotto\/alpinismo-facile-in-trentino-alto-adige-vol-2-guida-versante-sud\/","url":"https:\/\/www.sestogrado.it\/en\/prodotto\/alpinismo-facile-in-trentino-alto-adige-vol-2-guida-versante-sud\/","name":"Alpinismo facile in Trentino Alto Adige Vol 2 guida versante sud - Sestogrado","isPartOf":{"@id":"https:\/\/www.sestogrado.it\/en\/#website"},"primaryImageOfPage":{"@id":"https:\/\/www.sestogrado.it\/en\/prodotto\/alpinismo-facile-in-trentino-alto-adige-vol-2-guida-versante-sud\/#primaryimage"},"image":{"@id":"https:\/\/www.sestogrado.it\/prodotto\/alpinismo-facile-in-trentino-alto-adige-vol-2-guida-versante-sud\/#primaryimage"},"thumbnailUrl":"https:\/\/www.sestogrado.it\/wp-content\/uploads\/2023\/10\/alp.jpg","datePublished":"2023-10-17T08:14:39+00:00","dateModified":"2026-04-26T14:13:13+00:00","description":"Alpinismo facile in Trentino Alto Adige Vol 2 \u00e8 un lavoro imponente, un vero libro dei sogni per gli amanti delle salite di vetta:\u00a0249 itinerari\u00a0scelti tra\u00a0le\u00a0cime\u00a0pi\u00f9 belle\u00a0e imponenti\u00a0di\u00a043\u00a0gruppi\u00a0montuosi, divisi in due volumi.Il\u00a0secondo volume,\u00a0dedicato alle\u00a0valli orientali,\u00a0propone\u00a0116 salite scelte\u00a0tra i\u00a024 gruppi montuosi a est della valle dell\u2019Adige: Breonie di Levante, Alpi Aurine, Monti di Predoi, Monti di Fundres, Vedrette di Ries, Monti di Casies, Gruppo delle Odle-Puez, Gruppo delle Fanes-Senes-Braies, Dolomiti di Sesto, Gruppo del Catinaccio, Gruppo del Sella-Sassolungo, Gruppo del Latemar, Gruppo della Marmolada, Catena di Cima Bocche, Catena dei Lagorai, Gruppo di Cima d\u2019Asta, Pale di San Martino, Alpi Feltrine, Gruppo della Schiara, Catena di Cima Dodici, Piccole Dolomiti, Massiccio del Grappa, Gruppo del Col Nudo-Cavallo, Monti Lessini.I percorsi proposti sono\u00a0selezionati per la loro panoramicit\u00e0 e per la difficolt\u00e0: non sono presenti itinerari con difficolt\u00e0 alpinistiche oltre il II grado, ma non tutte le salite sono\u00a0passeggiate escursionistiche:\u00a0alcune richiedono la conoscenza della\u00a0progressione su ghiacciaio,\u00a0l\u2019uso di un\u00a0set da ferrata,\u00a0la capacit\u00e0 di\u00a0muoversi appoggiando le mani.Infine vi sono\u00a0proposte per quasi tutte le stagioni:\u00a0in entrambi i volumi troviamo itinerari dell\u2019arco alpino vero e proprio con alte quote e ghiaccio, da percorrere in piena estate, sia itinerari su gruppi montuosi pi\u00f9 prossimi alla Pianura Padana, quindi percorribili fino ad autunno inoltrato o inverni con poche precipitazioni.","breadcrumb":{"@id":"https:\/\/www.sestogrado.it\/en\/prodotto\/alpinismo-facile-in-trentino-alto-adige-vol-2-guida-versante-sud\/#breadcrumb"},"inLanguage":"en-US","potentialAction":[{"@type":"ReadAction","target":[["https:\/\/www.sestogrado.it\/en\/prodotto\/alpinismo-facile-in-trentino-alto-adige-vol-2-guida-versante-sud\/"]]}]},{"@type":"ImageObject","inLanguage":"en-US","@id":"https:\/\/www.sestogrado.it\/en\/prodotto\/alpinismo-facile-in-trentino-alto-adige-vol-2-guida-versante-sud\/#primaryimage","url":"https:\/\/www.sestogrado.it\/wp-content\/uploads\/2023\/10\/alp.jpg","contentUrl":"https:\/\/www.sestogrado.it\/wp-content\/uploads\/2023\/10\/alp.jpg","width":900,"height":900,"caption":"alpinismo facile"},{"@type":"BreadcrumbList","@id":"https:\/\/www.sestogrado.it\/en\/prodotto\/alpinismo-facile-in-trentino-alto-adige-vol-2-guida-versante-sud\/#breadcrumb","itemListElement":[{"@type":"ListItem","position":1,"name":"Home","item":"https:\/\/www.sestogrado.it\/en\/"},{"@type":"ListItem","position":2,"name":"Shop","item":"https:\/\/www.sestogrado.it\/en\/shop\/"},{"@type":"ListItem","position":3,"name":"Alpinismo facile in Trentino Alto Adige Vol 2 guida versante sud"}]},{"@type":"WebSite","@id":"https:\/\/www.sestogrado.it\/en\/#website","url":"https:\/\/www.sestogrado.it\/en\/","name":"Sestogrado","description":"yes we climb","publisher":{"@id":"https:\/\/www.sestogrado.it\/en\/#organization"},"potentialAction":[{"@type":"SearchAction","target":{"@type":"EntryPoint","urlTemplate":"https:\/\/www.sestogrado.it\/en\/?s={search_term_string}"},"query-input":{"@type":"PropertyValueSpecification","valueRequired":true,"valueName":"search_term_string"}}],"inLanguage":"en-US"},{"@type":"Organization","@id":"https:\/\/www.sestogrado.it\/en\/#organization","name":"Sestogrado","url":"https:\/\/www.sestogrado.it\/en\/","logo":{"@type":"ImageObject","inLanguage":"en-US","@id":"https:\/\/www.sestogrado.it\/en\/#\/schema\/logo\/image\/","url":"https:\/\/www.sestogrado.it\/wp-content\/uploads\/2015\/03\/sestogrado-favicon.png","contentUrl":"https:\/\/www.sestogrado.it\/wp-content\/uploads\/2015\/03\/sestogrado-favicon.png","width":260,"height":260,"caption":"Sestogrado"},"image":{"@id":"https:\/\/www.sestogrado.it\/en\/#\/schema\/logo\/image\/"},"sameAs":["https:\/\/www.facebook.com\/pages\/Sestogrado\/1542635979353017?ref=bookmarks","https:\/\/www.youtube.com\/channel\/UC847kAfTkaJsWpc1jtQwr3Q"],"hasMerchantReturnPolicy":{"@type":"MerchantReturnPolicy","merchantReturnLink":"https:\/\/www.sestogrado.it\/en\/termini-e-condizioni\/"}}]},"product_brand":"Versante Sud","product_price_amount":"38.00","product_price_currency":"EUR","og_availability":"instock","product_availability":"instock","product_condition":"new"},"_links":{"self":[{"href":"https:\/\/www.sestogrado.it\/en\/wp-json\/wp\/v2\/product\/144701","targetHints":{"allow":["GET"]}}],"collection":[{"href":"https:\/\/www.sestogrado.it\/en\/wp-json\/wp\/v2\/product"}],"about":[{"href":"https:\/\/www.sestogrado.it\/en\/wp-json\/wp\/v2\/types\/product"}],"replies":[{"embeddable":true,"href":"https:\/\/www.sestogrado.it\/en\/wp-json\/wp\/v2\/comments?post=144701"}],"wp:featuredmedia":[{"embeddable":true,"href":"https:\/\/www.sestogrado.it\/en\/wp-json\/wp\/v2\/media\/144702"}],"wp:attachment":[{"href":"https:\/\/www.sestogrado.it\/en\/wp-json\/wp\/v2\/media?parent=144701"}],"wp:term":[{"taxonomy":"product_brand","embeddable":true,"href":"https:\/\/www.sestogrado.it\/en\/wp-json\/wp\/v2\/product_brand?post=144701"},{"taxonomy":"product_cat","embeddable":true,"href":"https:\/\/www.sestogrado.it\/en\/wp-json\/wp\/v2\/product_cat?post=144701"},{"taxonomy":"product_tag","embeddable":true,"href":"https:\/\/www.sestogrado.it\/en\/wp-json\/wp\/v2\/product_tag?post=144701"}],"curies":[{"name":"wp","href":"https:\/\/api.w.org\/{rel}","templated":true}]}}