{"id":144301,"date":"2023-10-12T11:41:31","date_gmt":"2023-10-12T09:41:31","guid":{"rendered":"https:\/\/www.sestogrado.it\/?post_type=product&#038;p=144301"},"modified":"2026-04-01T07:56:13","modified_gmt":"2026-04-01T05:56:13","slug":"opinel-tradition-n07-inox-coltello-da-outdoor","status":"publish","type":"product","link":"https:\/\/www.sestogrado.it\/en\/prodotto\/opinel-tradition-n07-inox-coltello-da-outdoor\/","title":{"rendered":"Opinel N\u00b006 Olive Wood (Copia)"},"content":{"rendered":"<p>Opinel N\u00b006 Olive Wood is made to be the ideal for outdoor activities and sports, the N\u00b006 is also practical and efficient for daily manual work (small crafts and sewing). Its size is particularly suited to the most petty hands.<\/p>\n<p>It offers an excellent cutting quality. The safety ring allows the user to work without any risks.<\/p>\n<p>&nbsp;<\/p>\n<ul>\n<li><strong>Blade length<\/strong>: 7cm<\/li>\n<li><strong>Sandvik Stainelss Steel 12C27<\/strong>: We use Sandvik 12C27 modified stainless steel. It is anti-corrosive thanks to the addition of chrome and requires no special maintenance. Its carbon content of at least 0.40% gives excellent cutting edge.Blade hardness 57-58 HRC<\/li>\n<li><strong>Handle<\/strong>: The mythical tree of the Mediterranean ! This hard wood has a yellow to orange appearance and has a dense and often tortuous veining. Soft to the touch it has a nice polish.<\/li>\n<li><strong>Safety Ring<\/strong>: Invented by Marcel Opinel in 1955, the Virobloc safety ring is fitted to all folding knives from the N\u00b0 06. Cut out of stainless steel, the Virobloc has two sections, one fixed and one sliding. In addition to locking the blade open (safety in use), it is now possible to lock the blade closed (safety in transport).<\/li>\n<\/ul>\n<p>&nbsp;<\/p>\n<div class=\"product_summary\">Opinel under the mediterranean sun.<\/div>\n<p><\/p>","protected":false},"excerpt":{"rendered":"<p>Opinel N\u00b006 Olive Wood is made to be the ideal for outdoor activities and sports, the N\u00b006 is also practical [&hellip;]<\/p>\n","protected":false},"featured_media":144302,"comment_status":"open","ping_status":"closed","template":"","meta":{"_acf_changed":false},"product_brand":[1286],"product_cat":[141],"product_tag":[],"class_list":{"0":"post-144301","1":"product","2":"type-product","3":"status-publish","4":"has-post-thumbnail","6":"product_brand-opinel","7":"product_cat-accessori-accessori","9":"first","10":"instock","11":"sale","12":"taxable","13":"shipping-taxable","14":"purchasable","15":"product-type-simple"},"acf":[],"yoast_head":"<!-- This site is optimized with the Yoast SEO plugin v26.4 - https:\/\/yoast.com\/wordpress\/plugins\/seo\/ -->\n<title>Opinel N\u00b006 Olive Wood (Copia) - Sestogrado<\/title>\n<meta name=\"description\" content=\"Creato da Joseph Opinel oltre 120 anni fa, il N\u00b0 07 resta un simbolo del marchio. \u00c8 ideale per il campeggio e i pic-nic, ma vi accompagner\u00e0 sempre anche nella vita quotidiana. La sua lama in acciaio inox di 8 cm garantisce un taglio eccellente e un&#039;ottima resistenza alla corrosione. Il suo manico in faggio verniciato assicura una presa sicura e piacevole. L&#039;anello di sicurezza permette di bloccare la lama in posizione aperta o chiusa.L&#039;acciaio inossidabile martensitico utilizzato nelle lame OPINEL \u00e8 ottimizzato per garantire un&#039;elevata resistenza alla corrosione e alte prestazioni meccaniche. La lama ha un eccellente tagliente e un&#039;elevata resistenza all&#039;abrasione (usura) che le consente di resistere al contatto regolare con materiali duri, come la ceramica, prima di dover essere riaffilata. A differenza dell&#039;acciaio al carbonio, l&#039;acciaio inox ha il vantaggio di non richiedere manutenzione in condizioni d&#039;uso ordinarie. Tuttavia, pu\u00f2 raggiungere i suoi limiti quando viene messo a contatto prolungato con un ambiente aggressivo (acido, acqua salata, detergenti, ecc.). Durezza 55-57 HRC. Origine europea.Il faggio \u00e8 il legno pi\u00f9 usato per la fabbricazione dei manici Opinel. Proveniente da coltivazioni francesi, \u00e8 duro, resistente e facile da lavorare. Di un aspetto omogeneo, il suo colore chiaro varia dal giallo al rosato. \u00c8 riconoscibile per la presenza di numerosi trattini scuri. Il manico \u00e8 verniciato per essere protetto efficacemente da sporco e umidit\u00e0.\" \/>\n<meta name=\"robots\" content=\"index, follow, max-snippet:-1, max-image-preview:large, max-video-preview:-1\" \/>\n<link rel=\"canonical\" href=\"https:\/\/www.sestogrado.it\/en\/prodotto\/opinel-tradition-n07-inox-coltello-da-outdoor\/\" \/>\n<meta property=\"og:locale\" content=\"en_US\" \/>\n<meta property=\"og:type\" content=\"article\" \/>\n<meta property=\"og:title\" content=\"Opinel N\u00b006 Olive Wood (Copia) - Sestogrado\" \/>\n<meta property=\"og:description\" content=\"Creato da Joseph Opinel oltre 120 anni fa, il N\u00b0 07 resta un simbolo del marchio. \u00c8 ideale per il campeggio e i pic-nic, ma vi accompagner\u00e0 sempre anche nella vita quotidiana. La sua lama in acciaio inox di 8 cm garantisce un taglio eccellente e un&#039;ottima resistenza alla corrosione. Il suo manico in faggio verniciato assicura una presa sicura e piacevole. L&#039;anello di sicurezza permette di bloccare la lama in posizione aperta o chiusa.L&#039;acciaio inossidabile martensitico utilizzato nelle lame OPINEL \u00e8 ottimizzato per garantire un&#039;elevata resistenza alla corrosione e alte prestazioni meccaniche. La lama ha un eccellente tagliente e un&#039;elevata resistenza all&#039;abrasione (usura) che le consente di resistere al contatto regolare con materiali duri, come la ceramica, prima di dover essere riaffilata. A differenza dell&#039;acciaio al carbonio, l&#039;acciaio inox ha il vantaggio di non richiedere manutenzione in condizioni d&#039;uso ordinarie. Tuttavia, pu\u00f2 raggiungere i suoi limiti quando viene messo a contatto prolungato con un ambiente aggressivo (acido, acqua salata, detergenti, ecc.). Durezza 55-57 HRC. Origine europea.Il faggio \u00e8 il legno pi\u00f9 usato per la fabbricazione dei manici Opinel. Proveniente da coltivazioni francesi, \u00e8 duro, resistente e facile da lavorare. Di un aspetto omogeneo, il suo colore chiaro varia dal giallo al rosato. \u00c8 riconoscibile per la presenza di numerosi trattini scuri. Il manico \u00e8 verniciato per essere protetto efficacemente da sporco e umidit\u00e0.\" \/>\n<meta property=\"og:url\" content=\"https:\/\/www.sestogrado.it\/en\/prodotto\/opinel-tradition-n07-inox-coltello-da-outdoor\/\" \/>\n<meta property=\"og:site_name\" content=\"Sestogrado\" \/>\n<meta property=\"article:publisher\" content=\"https:\/\/www.facebook.com\/pages\/Sestogrado\/1542635979353017?ref=bookmarks\" \/>\n<meta property=\"article:modified_time\" content=\"2026-04-01T05:56:13+00:00\" \/>\n<meta property=\"og:image\" content=\"https:\/\/www.sestogrado.it\/wp-content\/uploads\/2023\/10\/07.jpg\" \/>\n\t<meta property=\"og:image:width\" content=\"1200\" \/>\n\t<meta property=\"og:image:height\" content=\"1200\" \/>\n\t<meta property=\"og:image:type\" content=\"image\/jpeg\" \/>\n<meta name=\"twitter:label1\" content=\"Price\" \/>\n\t<meta name=\"twitter:data1\" content=\"&euro;&nbsp;13,90\" \/>\n\t<meta name=\"twitter:label2\" content=\"Availability\" \/>\n\t<meta name=\"twitter:data2\" content=\"In stock\" \/>\n<script type=\"application\/ld+json\" class=\"yoast-schema-graph\">{\"@context\":\"https:\/\/schema.org\",\"@graph\":[{\"@type\":\"WebPage\",\"@id\":\"https:\/\/www.sestogrado.it\/en\/prodotto\/opinel-tradition-n07-inox-coltello-da-outdoor\/\",\"url\":\"https:\/\/www.sestogrado.it\/en\/prodotto\/opinel-tradition-n07-inox-coltello-da-outdoor\/\",\"name\":\"Opinel N\u00b006 Olive Wood (Copia) - Sestogrado\",\"isPartOf\":{\"@id\":\"https:\/\/www.sestogrado.it\/en\/#website\"},\"primaryImageOfPage\":{\"@id\":\"https:\/\/www.sestogrado.it\/en\/prodotto\/opinel-tradition-n07-inox-coltello-da-outdoor\/#primaryimage\"},\"image\":{\"@id\":\"https:\/\/www.sestogrado.it\/prodotto\/opinel-tradition-n07-inox-coltello-da-outdoor\/#primaryimage\"},\"thumbnailUrl\":\"https:\/\/www.sestogrado.it\/wp-content\/uploads\/2023\/10\/07.jpg\",\"datePublished\":\"2023-10-12T09:41:31+00:00\",\"dateModified\":\"2026-04-01T05:56:13+00:00\",\"description\":\"Creato da Joseph Opinel oltre 120 anni fa, il N\u00b0 07 resta un simbolo del marchio. \u00c8 ideale per il campeggio e i pic-nic, ma vi accompagner\u00e0 sempre anche nella vita quotidiana. La sua lama in acciaio inox di 8 cm garantisce un taglio eccellente e un'ottima resistenza alla corrosione. Il suo manico in faggio verniciato assicura una presa sicura e piacevole. L'anello di sicurezza permette di bloccare la lama in posizione aperta o chiusa.L'acciaio inossidabile martensitico utilizzato nelle lame OPINEL \u00e8 ottimizzato per garantire un'elevata resistenza alla corrosione e alte prestazioni meccaniche. La lama ha un eccellente tagliente e un'elevata resistenza all'abrasione (usura) che le consente di resistere al contatto regolare con materiali duri, come la ceramica, prima di dover essere riaffilata. A differenza dell'acciaio al carbonio, l'acciaio inox ha il vantaggio di non richiedere manutenzione in condizioni d'uso ordinarie. Tuttavia, pu\u00f2 raggiungere i suoi limiti quando viene messo a contatto prolungato con un ambiente aggressivo (acido, acqua salata, detergenti, ecc.). Durezza 55-57 HRC. Origine europea.Il faggio \u00e8 il legno pi\u00f9 usato per la fabbricazione dei manici Opinel. Proveniente da coltivazioni francesi, \u00e8 duro, resistente e facile da lavorare. Di un aspetto omogeneo, il suo colore chiaro varia dal giallo al rosato. \u00c8 riconoscibile per la presenza di numerosi trattini scuri. Il manico \u00e8 verniciato per essere protetto efficacemente da sporco e umidit\u00e0.\",\"breadcrumb\":{\"@id\":\"https:\/\/www.sestogrado.it\/en\/prodotto\/opinel-tradition-n07-inox-coltello-da-outdoor\/#breadcrumb\"},\"inLanguage\":\"en-US\",\"potentialAction\":[{\"@type\":\"ReadAction\",\"target\":[[\"https:\/\/www.sestogrado.it\/en\/prodotto\/opinel-tradition-n07-inox-coltello-da-outdoor\/\"]]}]},{\"@type\":\"ImageObject\",\"inLanguage\":\"en-US\",\"@id\":\"https:\/\/www.sestogrado.it\/en\/prodotto\/opinel-tradition-n07-inox-coltello-da-outdoor\/#primaryimage\",\"url\":\"https:\/\/www.sestogrado.it\/wp-content\/uploads\/2023\/10\/07.jpg\",\"contentUrl\":\"https:\/\/www.sestogrado.it\/wp-content\/uploads\/2023\/10\/07.jpg\",\"width\":1200,\"height\":1200,\"caption\":\"opinel 07\"},{\"@type\":\"BreadcrumbList\",\"@id\":\"https:\/\/www.sestogrado.it\/en\/prodotto\/opinel-tradition-n07-inox-coltello-da-outdoor\/#breadcrumb\",\"itemListElement\":[{\"@type\":\"ListItem\",\"position\":1,\"name\":\"Home\",\"item\":\"https:\/\/www.sestogrado.it\/en\/\"},{\"@type\":\"ListItem\",\"position\":2,\"name\":\"Shop\",\"item\":\"https:\/\/www.sestogrado.it\/en\/shop\/\"},{\"@type\":\"ListItem\",\"position\":3,\"name\":\"Opinel Tradition n\u00b007 INOX coltello da outdoor\"}]},{\"@type\":\"WebSite\",\"@id\":\"https:\/\/www.sestogrado.it\/en\/#website\",\"url\":\"https:\/\/www.sestogrado.it\/en\/\",\"name\":\"Sestogrado\",\"description\":\"yes we climb\",\"publisher\":{\"@id\":\"https:\/\/www.sestogrado.it\/en\/#organization\"},\"potentialAction\":[{\"@type\":\"SearchAction\",\"target\":{\"@type\":\"EntryPoint\",\"urlTemplate\":\"https:\/\/www.sestogrado.it\/en\/?s={search_term_string}\"},\"query-input\":{\"@type\":\"PropertyValueSpecification\",\"valueRequired\":true,\"valueName\":\"search_term_string\"}}],\"inLanguage\":\"en-US\"},{\"@type\":\"Organization\",\"@id\":\"https:\/\/www.sestogrado.it\/en\/#organization\",\"name\":\"Sestogrado\",\"url\":\"https:\/\/www.sestogrado.it\/en\/\",\"logo\":{\"@type\":\"ImageObject\",\"inLanguage\":\"en-US\",\"@id\":\"https:\/\/www.sestogrado.it\/en\/#\/schema\/logo\/image\/\",\"url\":\"https:\/\/www.sestogrado.it\/wp-content\/uploads\/2015\/03\/sestogrado-favicon.png\",\"contentUrl\":\"https:\/\/www.sestogrado.it\/wp-content\/uploads\/2015\/03\/sestogrado-favicon.png\",\"width\":260,\"height\":260,\"caption\":\"Sestogrado\"},\"image\":{\"@id\":\"https:\/\/www.sestogrado.it\/en\/#\/schema\/logo\/image\/\"},\"sameAs\":[\"https:\/\/www.facebook.com\/pages\/Sestogrado\/1542635979353017?ref=bookmarks\",\"https:\/\/www.youtube.com\/channel\/UC847kAfTkaJsWpc1jtQwr3Q\"],\"hasMerchantReturnPolicy\":{\"@type\":\"MerchantReturnPolicy\",\"merchantReturnLink\":\"https:\/\/www.sestogrado.it\/en\/termini-e-condizioni\/\"}}]}<\/script>\n<meta property=\"product:brand\" content=\"Opinel\" \/>\n<meta property=\"product:price:amount\" content=\"13.90\" \/>\n<meta property=\"product:price:currency\" content=\"EUR\" \/>\n<meta property=\"og:availability\" content=\"instock\" \/>\n<meta property=\"product:availability\" content=\"instock\" \/>\n<meta property=\"product:condition\" content=\"new\" \/>\n<!-- \/ Yoast SEO plugin. -->","yoast_head_json":{"title":"Opinel N\u00b006 Olive Wood (Copia) - Sestogrado","description":"Creato da Joseph Opinel oltre 120 anni fa, il N\u00b0 07 resta un simbolo del marchio. \u00c8 ideale per il campeggio e i pic-nic, ma vi accompagner\u00e0 sempre anche nella vita quotidiana. La sua lama in acciaio inox di 8 cm garantisce un taglio eccellente e un'ottima resistenza alla corrosione. Il suo manico in faggio verniciato assicura una presa sicura e piacevole. L'anello di sicurezza permette di bloccare la lama in posizione aperta o chiusa.L'acciaio inossidabile martensitico utilizzato nelle lame OPINEL \u00e8 ottimizzato per garantire un'elevata resistenza alla corrosione e alte prestazioni meccaniche. La lama ha un eccellente tagliente e un'elevata resistenza all'abrasione (usura) che le consente di resistere al contatto regolare con materiali duri, come la ceramica, prima di dover essere riaffilata. A differenza dell'acciaio al carbonio, l'acciaio inox ha il vantaggio di non richiedere manutenzione in condizioni d'uso ordinarie. Tuttavia, pu\u00f2 raggiungere i suoi limiti quando viene messo a contatto prolungato con un ambiente aggressivo (acido, acqua salata, detergenti, ecc.). Durezza 55-57 HRC. Origine europea.Il faggio \u00e8 il legno pi\u00f9 usato per la fabbricazione dei manici Opinel. Proveniente da coltivazioni francesi, \u00e8 duro, resistente e facile da lavorare. Di un aspetto omogeneo, il suo colore chiaro varia dal giallo al rosato. \u00c8 riconoscibile per la presenza di numerosi trattini scuri. Il manico \u00e8 verniciato per essere protetto efficacemente da sporco e umidit\u00e0.","robots":{"index":"index","follow":"follow","max-snippet":"max-snippet:-1","max-image-preview":"max-image-preview:large","max-video-preview":"max-video-preview:-1"},"canonical":"https:\/\/www.sestogrado.it\/en\/prodotto\/opinel-tradition-n07-inox-coltello-da-outdoor\/","og_locale":"en_US","og_type":"article","og_title":"Opinel N\u00b006 Olive Wood (Copia) - Sestogrado","og_description":"Creato da Joseph Opinel oltre 120 anni fa, il N\u00b0 07 resta un simbolo del marchio. \u00c8 ideale per il campeggio e i pic-nic, ma vi accompagner\u00e0 sempre anche nella vita quotidiana. La sua lama in acciaio inox di 8 cm garantisce un taglio eccellente e un'ottima resistenza alla corrosione. Il suo manico in faggio verniciato assicura una presa sicura e piacevole. L'anello di sicurezza permette di bloccare la lama in posizione aperta o chiusa.L'acciaio inossidabile martensitico utilizzato nelle lame OPINEL \u00e8 ottimizzato per garantire un'elevata resistenza alla corrosione e alte prestazioni meccaniche. La lama ha un eccellente tagliente e un'elevata resistenza all'abrasione (usura) che le consente di resistere al contatto regolare con materiali duri, come la ceramica, prima di dover essere riaffilata. A differenza dell'acciaio al carbonio, l'acciaio inox ha il vantaggio di non richiedere manutenzione in condizioni d'uso ordinarie. Tuttavia, pu\u00f2 raggiungere i suoi limiti quando viene messo a contatto prolungato con un ambiente aggressivo (acido, acqua salata, detergenti, ecc.). Durezza 55-57 HRC. Origine europea.Il faggio \u00e8 il legno pi\u00f9 usato per la fabbricazione dei manici Opinel. Proveniente da coltivazioni francesi, \u00e8 duro, resistente e facile da lavorare. Di un aspetto omogeneo, il suo colore chiaro varia dal giallo al rosato. \u00c8 riconoscibile per la presenza di numerosi trattini scuri. Il manico \u00e8 verniciato per essere protetto efficacemente da sporco e umidit\u00e0.","og_url":"https:\/\/www.sestogrado.it\/en\/prodotto\/opinel-tradition-n07-inox-coltello-da-outdoor\/","og_site_name":"Sestogrado","article_publisher":"https:\/\/www.facebook.com\/pages\/Sestogrado\/1542635979353017?ref=bookmarks","article_modified_time":"2026-04-01T05:56:13+00:00","og_image":[{"width":1200,"height":1200,"url":"https:\/\/www.sestogrado.it\/wp-content\/uploads\/2023\/10\/07.jpg","type":"image\/jpeg"}],"twitter_misc":{"Price":"&euro;&nbsp;13,90","Availability":"In stock"},"schema":{"@context":"https:\/\/schema.org","@graph":[{"@type":"WebPage","@id":"https:\/\/www.sestogrado.it\/en\/prodotto\/opinel-tradition-n07-inox-coltello-da-outdoor\/","url":"https:\/\/www.sestogrado.it\/en\/prodotto\/opinel-tradition-n07-inox-coltello-da-outdoor\/","name":"Opinel N\u00b006 Olive Wood (Copia) - Sestogrado","isPartOf":{"@id":"https:\/\/www.sestogrado.it\/en\/#website"},"primaryImageOfPage":{"@id":"https:\/\/www.sestogrado.it\/en\/prodotto\/opinel-tradition-n07-inox-coltello-da-outdoor\/#primaryimage"},"image":{"@id":"https:\/\/www.sestogrado.it\/prodotto\/opinel-tradition-n07-inox-coltello-da-outdoor\/#primaryimage"},"thumbnailUrl":"https:\/\/www.sestogrado.it\/wp-content\/uploads\/2023\/10\/07.jpg","datePublished":"2023-10-12T09:41:31+00:00","dateModified":"2026-04-01T05:56:13+00:00","description":"Creato da Joseph Opinel oltre 120 anni fa, il N\u00b0 07 resta un simbolo del marchio. \u00c8 ideale per il campeggio e i pic-nic, ma vi accompagner\u00e0 sempre anche nella vita quotidiana. La sua lama in acciaio inox di 8 cm garantisce un taglio eccellente e un'ottima resistenza alla corrosione. Il suo manico in faggio verniciato assicura una presa sicura e piacevole. L'anello di sicurezza permette di bloccare la lama in posizione aperta o chiusa.L'acciaio inossidabile martensitico utilizzato nelle lame OPINEL \u00e8 ottimizzato per garantire un'elevata resistenza alla corrosione e alte prestazioni meccaniche. La lama ha un eccellente tagliente e un'elevata resistenza all'abrasione (usura) che le consente di resistere al contatto regolare con materiali duri, come la ceramica, prima di dover essere riaffilata. A differenza dell'acciaio al carbonio, l'acciaio inox ha il vantaggio di non richiedere manutenzione in condizioni d'uso ordinarie. Tuttavia, pu\u00f2 raggiungere i suoi limiti quando viene messo a contatto prolungato con un ambiente aggressivo (acido, acqua salata, detergenti, ecc.). Durezza 55-57 HRC. Origine europea.Il faggio \u00e8 il legno pi\u00f9 usato per la fabbricazione dei manici Opinel. Proveniente da coltivazioni francesi, \u00e8 duro, resistente e facile da lavorare. Di un aspetto omogeneo, il suo colore chiaro varia dal giallo al rosato. \u00c8 riconoscibile per la presenza di numerosi trattini scuri. Il manico \u00e8 verniciato per essere protetto efficacemente da sporco e umidit\u00e0.","breadcrumb":{"@id":"https:\/\/www.sestogrado.it\/en\/prodotto\/opinel-tradition-n07-inox-coltello-da-outdoor\/#breadcrumb"},"inLanguage":"en-US","potentialAction":[{"@type":"ReadAction","target":[["https:\/\/www.sestogrado.it\/en\/prodotto\/opinel-tradition-n07-inox-coltello-da-outdoor\/"]]}]},{"@type":"ImageObject","inLanguage":"en-US","@id":"https:\/\/www.sestogrado.it\/en\/prodotto\/opinel-tradition-n07-inox-coltello-da-outdoor\/#primaryimage","url":"https:\/\/www.sestogrado.it\/wp-content\/uploads\/2023\/10\/07.jpg","contentUrl":"https:\/\/www.sestogrado.it\/wp-content\/uploads\/2023\/10\/07.jpg","width":1200,"height":1200,"caption":"opinel 07"},{"@type":"BreadcrumbList","@id":"https:\/\/www.sestogrado.it\/en\/prodotto\/opinel-tradition-n07-inox-coltello-da-outdoor\/#breadcrumb","itemListElement":[{"@type":"ListItem","position":1,"name":"Home","item":"https:\/\/www.sestogrado.it\/en\/"},{"@type":"ListItem","position":2,"name":"Shop","item":"https:\/\/www.sestogrado.it\/en\/shop\/"},{"@type":"ListItem","position":3,"name":"Opinel Tradition n\u00b007 INOX coltello da outdoor"}]},{"@type":"WebSite","@id":"https:\/\/www.sestogrado.it\/en\/#website","url":"https:\/\/www.sestogrado.it\/en\/","name":"Sestogrado","description":"yes we climb","publisher":{"@id":"https:\/\/www.sestogrado.it\/en\/#organization"},"potentialAction":[{"@type":"SearchAction","target":{"@type":"EntryPoint","urlTemplate":"https:\/\/www.sestogrado.it\/en\/?s={search_term_string}"},"query-input":{"@type":"PropertyValueSpecification","valueRequired":true,"valueName":"search_term_string"}}],"inLanguage":"en-US"},{"@type":"Organization","@id":"https:\/\/www.sestogrado.it\/en\/#organization","name":"Sestogrado","url":"https:\/\/www.sestogrado.it\/en\/","logo":{"@type":"ImageObject","inLanguage":"en-US","@id":"https:\/\/www.sestogrado.it\/en\/#\/schema\/logo\/image\/","url":"https:\/\/www.sestogrado.it\/wp-content\/uploads\/2015\/03\/sestogrado-favicon.png","contentUrl":"https:\/\/www.sestogrado.it\/wp-content\/uploads\/2015\/03\/sestogrado-favicon.png","width":260,"height":260,"caption":"Sestogrado"},"image":{"@id":"https:\/\/www.sestogrado.it\/en\/#\/schema\/logo\/image\/"},"sameAs":["https:\/\/www.facebook.com\/pages\/Sestogrado\/1542635979353017?ref=bookmarks","https:\/\/www.youtube.com\/channel\/UC847kAfTkaJsWpc1jtQwr3Q"],"hasMerchantReturnPolicy":{"@type":"MerchantReturnPolicy","merchantReturnLink":"https:\/\/www.sestogrado.it\/en\/termini-e-condizioni\/"}}]},"product_brand":"Opinel","product_price_amount":"13.90","product_price_currency":"EUR","og_availability":"instock","product_availability":"instock","product_condition":"new"},"_links":{"self":[{"href":"https:\/\/www.sestogrado.it\/en\/wp-json\/wp\/v2\/product\/144301","targetHints":{"allow":["GET"]}}],"collection":[{"href":"https:\/\/www.sestogrado.it\/en\/wp-json\/wp\/v2\/product"}],"about":[{"href":"https:\/\/www.sestogrado.it\/en\/wp-json\/wp\/v2\/types\/product"}],"replies":[{"embeddable":true,"href":"https:\/\/www.sestogrado.it\/en\/wp-json\/wp\/v2\/comments?post=144301"}],"wp:featuredmedia":[{"embeddable":true,"href":"https:\/\/www.sestogrado.it\/en\/wp-json\/wp\/v2\/media\/144302"}],"wp:attachment":[{"href":"https:\/\/www.sestogrado.it\/en\/wp-json\/wp\/v2\/media?parent=144301"}],"wp:term":[{"taxonomy":"product_brand","embeddable":true,"href":"https:\/\/www.sestogrado.it\/en\/wp-json\/wp\/v2\/product_brand?post=144301"},{"taxonomy":"product_cat","embeddable":true,"href":"https:\/\/www.sestogrado.it\/en\/wp-json\/wp\/v2\/product_cat?post=144301"},{"taxonomy":"product_tag","embeddable":true,"href":"https:\/\/www.sestogrado.it\/en\/wp-json\/wp\/v2\/product_tag?post=144301"}],"curies":[{"name":"wp","href":"https:\/\/api.w.org\/{rel}","templated":true}]}}