{"id":138699,"date":"2023-08-01T09:59:48","date_gmt":"2023-08-01T07:59:48","guid":{"rendered":"https:\/\/www.sestogrado.it\/?post_type=product&#038;p=138699"},"modified":"2026-02-01T18:24:52","modified_gmt":"2026-02-01T17:24:52","slug":"blue-ice-halo-imbrago-arrampicata-alpinismo","status":"publish","type":"product","link":"https:\/\/www.sestogrado.it\/en\/prodotto\/blue-ice-halo-imbrago-arrampicata-alpinismo\/","title":{"rendered":"Blue Ice Halo imbrago arrampicata alpinismo"},"content":{"rendered":"<p>Il Blue Ice Halo \u00e8 l&#8217;imbrago ultraleggero, pi\u00f9 tecnico della gamma Blue Ice, dedicato ai climber pi\u00f9 esigenti, che si ingaggiano su ogni tipo di terreno verticale. E&#8217; costruito con la innovativa e brevettata Yarn Wrapping Technology, una modalit\u00e0 costruttiva in cui i filamenti delle fibre stesse costituiscono la struttura portante dell&#8217;imbrago. L&#8217;Halo offre un&#8217;eccellente distribuzione del carico pur essendo estremamente aerodinamico e a basso profilo. Con un peso piuma di 255 grammi, \u00e8 altamente compatto e minimalista pur garantendo un comfort eccezionale. \u00c8 progettato per offrire agli alpinisti prestazioni e funzionalit\u00e0 con i suoi due robusti passanti per l&#8217;attrezzatura sagomati in 3D nella parte anteriore, due passanti posteriori a basso profilo e due passanti per le clip per il ghiaccio.<\/p>\n<ul>\n<li>Struttura avvolgente in UHMWPE<\/li>\n<li>Cosciali completamente laminati<\/li>\n<li>Fibbia di bloccaggio rapido in alluminio aeronautico forgiato a caldo<\/li>\n<li>Due passanti sagomati in 3D con sovrastampa per l&#8217;attrezzatura<\/li>\n<li>2 passanti posteriori a basso profilo per l&#8217;attrezzatura<\/li>\n<li>2 passanti per le clip per il ghiaccio<\/li>\n<li>Elastico di sospensione per le gambe non apribile (regolabile con semplici nodi scorsoi)<\/li>\n<li>Anello ventrale &#8220;Magic Ring&#8221; in UHMWPE<\/li>\n<li>2 punti di ancoraggio rinforzati con guaina protettiva in HTPE<\/li>\n<li>Peso: 255g<\/li>\n<\/ul>\n<p>&nbsp;<\/p>\n<p>Il Blue Ice Halo \u00e8 una imbracatura top di gamma, estremamente leggera, resistente, indicata per l&#8217;arrampicata tecnica su roccia o ghiaccio.<\/p>\n<p><iframe src=\"\/\/www.youtube.com\/embed\/JVq6LnMCXhs\" width=\"560\" height=\"314\" allowfullscreen=\"allowfullscreen\"><\/iframe><\/p>\n<p>Blue Ice \u00e8 un\u2019azienda con sede a Chamonix che produce solo articoli da alpinismo di alta qualit\u00e0. Gli zaini Blue Ice sono dedicati ad un alpinismo tecnico e di alto livello. Inizialmente era semplicemente una questione di vivere la nostra passione al massimo: arrampicare, sciare, esplorare o semplicemente entrare in contatto con noi stessi e le montagne \u2026 prima di estendere questo progetto a tutti gli amanti delle vette l\u00e0 fuori.<\/p>\n","protected":false},"excerpt":{"rendered":"<p>Il Blue Ice Halo \u00e8 l&#8217;imbrago ultraleggero, pi\u00f9 tecnico della gamma Blue Ice, dedicato ai climber pi\u00f9 esigenti, che si [&hellip;]<\/p>\n","protected":false},"featured_media":138700,"comment_status":"open","ping_status":"closed","template":"","meta":{"_acf_changed":false},"product_brand":[641],"product_cat":[182,183],"product_tag":[],"class_list":{"0":"post-138699","1":"product","2":"type-product","3":"status-publish","4":"has-post-thumbnail","6":"product_brand-blue-ice","7":"product_cat-sportivi","8":"product_cat-alpinismo","10":"first","11":"instock","12":"sale","13":"taxable","14":"shipping-taxable","15":"purchasable","16":"product-type-variable"},"acf":[],"yoast_head":"<!-- This site is optimized with the Yoast SEO plugin v26.4 - https:\/\/yoast.com\/wordpress\/plugins\/seo\/ -->\n<title>Blue Ice Halo imbrago arrampicata alpinismo - Sestogrado<\/title>\n<meta name=\"description\" content=\"Il Blue Ice Halo \u00e8 l&#039;imbrago ultraleggero, pi\u00f9 tecnico della gamma Blue Ice, dedicato ai climber pi\u00f9 esigenti, che si ingaggiano su ogni tipo di terreno verticale. E&#039; costruito con la innovativa e brevettata Yarn Wrapping Technology, una modalit\u00e0 costruttiva in cui i filamenti delle fibre stesse costituiscono la struttura portante dell&#039;imbrago. L&#039;Halo offre un&#039;eccellente distribuzione del carico pur essendo estremamente aerodinamico e a basso profilo. Con un peso piuma di 255 grammi, \u00e8 altamente compatto e minimalista pur garantendo un comfort eccezionale. \u00c8 progettato per offrire agli alpinisti prestazioni e funzionalit\u00e0 con i suoi due robusti passanti per l&#039;attrezzatura sagomati in 3D nella parte anteriore, due passanti posteriori a basso profilo e due passanti per le clip per il ghiaccio.Struttura avvolgente in UHMWPECosciali completamente laminatiFibbia di bloccaggio rapido in alluminio aeronautico forgiato a caldoDue passanti sagomati in 3D con sovrastampa per l&#039;attrezzatura2 passanti posteriori a basso profilo per l&#039;attrezzatura2 passanti per le clip per il ghiaccioElastico di sospensione per le gambe non apribile (regolabile con semplici nodi scorsoi)Anello ventrale &quot;Magic Ring&quot; in UHMWPE2 punti di ancoraggio rinforzati con guaina protettiva in HTPEPeso: 255gIl Blue Ice Halo \u00e8 una imbracatura top di gamma, estremamente leggera, resistente, indicata per l&#039;arrampicata tecnica su roccia o ghiaccio.\" \/>\n<meta name=\"robots\" content=\"index, follow, max-snippet:-1, max-image-preview:large, max-video-preview:-1\" \/>\n<link rel=\"canonical\" href=\"https:\/\/www.sestogrado.it\/en\/prodotto\/blue-ice-halo-imbrago-arrampicata-alpinismo\/\" \/>\n<meta property=\"og:locale\" content=\"en_US\" \/>\n<meta property=\"og:type\" content=\"article\" \/>\n<meta property=\"og:title\" content=\"Blue Ice Halo imbrago arrampicata alpinismo - Sestogrado\" \/>\n<meta property=\"og:description\" content=\"Il Blue Ice Halo \u00e8 l&#039;imbrago ultraleggero, pi\u00f9 tecnico della gamma Blue Ice, dedicato ai climber pi\u00f9 esigenti, che si ingaggiano su ogni tipo di terreno verticale. E&#039; costruito con la innovativa e brevettata Yarn Wrapping Technology, una modalit\u00e0 costruttiva in cui i filamenti delle fibre stesse costituiscono la struttura portante dell&#039;imbrago. L&#039;Halo offre un&#039;eccellente distribuzione del carico pur essendo estremamente aerodinamico e a basso profilo. Con un peso piuma di 255 grammi, \u00e8 altamente compatto e minimalista pur garantendo un comfort eccezionale. \u00c8 progettato per offrire agli alpinisti prestazioni e funzionalit\u00e0 con i suoi due robusti passanti per l&#039;attrezzatura sagomati in 3D nella parte anteriore, due passanti posteriori a basso profilo e due passanti per le clip per il ghiaccio.Struttura avvolgente in UHMWPECosciali completamente laminatiFibbia di bloccaggio rapido in alluminio aeronautico forgiato a caldoDue passanti sagomati in 3D con sovrastampa per l&#039;attrezzatura2 passanti posteriori a basso profilo per l&#039;attrezzatura2 passanti per le clip per il ghiaccioElastico di sospensione per le gambe non apribile (regolabile con semplici nodi scorsoi)Anello ventrale &quot;Magic Ring&quot; in UHMWPE2 punti di ancoraggio rinforzati con guaina protettiva in HTPEPeso: 255gIl Blue Ice Halo \u00e8 una imbracatura top di gamma, estremamente leggera, resistente, indicata per l&#039;arrampicata tecnica su roccia o ghiaccio.\" \/>\n<meta property=\"og:url\" content=\"https:\/\/www.sestogrado.it\/en\/prodotto\/blue-ice-halo-imbrago-arrampicata-alpinismo\/\" \/>\n<meta property=\"og:site_name\" content=\"Sestogrado\" \/>\n<meta property=\"article:publisher\" content=\"https:\/\/www.facebook.com\/pages\/Sestogrado\/1542635979353017?ref=bookmarks\" \/>\n<meta property=\"article:modified_time\" content=\"2026-02-01T17:24:52+00:00\" \/>\n<meta property=\"og:image\" content=\"https:\/\/www.sestogrado.it\/wp-content\/uploads\/2023\/08\/01.jpg\" \/>\n\t<meta property=\"og:image:width\" content=\"1400\" \/>\n\t<meta property=\"og:image:height\" content=\"1400\" \/>\n\t<meta property=\"og:image:type\" content=\"image\/jpeg\" \/>\n<meta name=\"twitter:label1\" content=\"Availability\" \/>\n\t<meta name=\"twitter:data1\" content=\"In stock\" \/>\n<script type=\"application\/ld+json\" class=\"yoast-schema-graph\">{\"@context\":\"https:\/\/schema.org\",\"@graph\":[{\"@type\":\"WebPage\",\"@id\":\"https:\/\/www.sestogrado.it\/en\/prodotto\/blue-ice-halo-imbrago-arrampicata-alpinismo\/\",\"url\":\"https:\/\/www.sestogrado.it\/en\/prodotto\/blue-ice-halo-imbrago-arrampicata-alpinismo\/\",\"name\":\"Blue Ice Halo imbrago arrampicata alpinismo - Sestogrado\",\"isPartOf\":{\"@id\":\"https:\/\/www.sestogrado.it\/en\/#website\"},\"primaryImageOfPage\":{\"@id\":\"https:\/\/www.sestogrado.it\/en\/prodotto\/blue-ice-halo-imbrago-arrampicata-alpinismo\/#primaryimage\"},\"image\":{\"@id\":\"https:\/\/www.sestogrado.it\/prodotto\/blue-ice-halo-imbrago-arrampicata-alpinismo\/#primaryimage\"},\"thumbnailUrl\":\"https:\/\/www.sestogrado.it\/wp-content\/uploads\/2023\/08\/01.jpg\",\"datePublished\":\"2023-08-01T07:59:48+00:00\",\"dateModified\":\"2026-02-01T17:24:52+00:00\",\"description\":\"Il Blue Ice Halo \u00e8 l'imbrago ultraleggero, pi\u00f9 tecnico della gamma Blue Ice, dedicato ai climber pi\u00f9 esigenti, che si ingaggiano su ogni tipo di terreno verticale. E' costruito con la innovativa e brevettata Yarn Wrapping Technology, una modalit\u00e0 costruttiva in cui i filamenti delle fibre stesse costituiscono la struttura portante dell'imbrago. L'Halo offre un'eccellente distribuzione del carico pur essendo estremamente aerodinamico e a basso profilo. Con un peso piuma di 255 grammi, \u00e8 altamente compatto e minimalista pur garantendo un comfort eccezionale. \u00c8 progettato per offrire agli alpinisti prestazioni e funzionalit\u00e0 con i suoi due robusti passanti per l'attrezzatura sagomati in 3D nella parte anteriore, due passanti posteriori a basso profilo e due passanti per le clip per il ghiaccio.Struttura avvolgente in UHMWPECosciali completamente laminatiFibbia di bloccaggio rapido in alluminio aeronautico forgiato a caldoDue passanti sagomati in 3D con sovrastampa per l'attrezzatura2 passanti posteriori a basso profilo per l'attrezzatura2 passanti per le clip per il ghiaccioElastico di sospensione per le gambe non apribile (regolabile con semplici nodi scorsoi)Anello ventrale \\\"Magic Ring\\\" in UHMWPE2 punti di ancoraggio rinforzati con guaina protettiva in HTPEPeso: 255gIl Blue Ice Halo \u00e8 una imbracatura top di gamma, estremamente leggera, resistente, indicata per l'arrampicata tecnica su roccia o ghiaccio.\",\"breadcrumb\":{\"@id\":\"https:\/\/www.sestogrado.it\/en\/prodotto\/blue-ice-halo-imbrago-arrampicata-alpinismo\/#breadcrumb\"},\"inLanguage\":\"en-US\",\"potentialAction\":[{\"@type\":\"ReadAction\",\"target\":[[\"https:\/\/www.sestogrado.it\/en\/prodotto\/blue-ice-halo-imbrago-arrampicata-alpinismo\/\"]]}]},{\"@type\":\"ImageObject\",\"inLanguage\":\"en-US\",\"@id\":\"https:\/\/www.sestogrado.it\/en\/prodotto\/blue-ice-halo-imbrago-arrampicata-alpinismo\/#primaryimage\",\"url\":\"https:\/\/www.sestogrado.it\/wp-content\/uploads\/2023\/08\/01.jpg\",\"contentUrl\":\"https:\/\/www.sestogrado.it\/wp-content\/uploads\/2023\/08\/01.jpg\",\"width\":1400,\"height\":1400,\"caption\":\"blue ice halo\"},{\"@type\":\"BreadcrumbList\",\"@id\":\"https:\/\/www.sestogrado.it\/en\/prodotto\/blue-ice-halo-imbrago-arrampicata-alpinismo\/#breadcrumb\",\"itemListElement\":[{\"@type\":\"ListItem\",\"position\":1,\"name\":\"Home\",\"item\":\"https:\/\/www.sestogrado.it\/en\/\"},{\"@type\":\"ListItem\",\"position\":2,\"name\":\"Shop\",\"item\":\"https:\/\/www.sestogrado.it\/en\/shop\/\"},{\"@type\":\"ListItem\",\"position\":3,\"name\":\"Blue Ice Halo imbrago arrampicata alpinismo\"}]},{\"@type\":\"WebSite\",\"@id\":\"https:\/\/www.sestogrado.it\/en\/#website\",\"url\":\"https:\/\/www.sestogrado.it\/en\/\",\"name\":\"Sestogrado\",\"description\":\"yes we climb\",\"publisher\":{\"@id\":\"https:\/\/www.sestogrado.it\/en\/#organization\"},\"potentialAction\":[{\"@type\":\"SearchAction\",\"target\":{\"@type\":\"EntryPoint\",\"urlTemplate\":\"https:\/\/www.sestogrado.it\/en\/?s={search_term_string}\"},\"query-input\":{\"@type\":\"PropertyValueSpecification\",\"valueRequired\":true,\"valueName\":\"search_term_string\"}}],\"inLanguage\":\"en-US\"},{\"@type\":\"Organization\",\"@id\":\"https:\/\/www.sestogrado.it\/en\/#organization\",\"name\":\"Sestogrado\",\"url\":\"https:\/\/www.sestogrado.it\/en\/\",\"logo\":{\"@type\":\"ImageObject\",\"inLanguage\":\"en-US\",\"@id\":\"https:\/\/www.sestogrado.it\/en\/#\/schema\/logo\/image\/\",\"url\":\"https:\/\/www.sestogrado.it\/wp-content\/uploads\/2015\/03\/sestogrado-favicon.png\",\"contentUrl\":\"https:\/\/www.sestogrado.it\/wp-content\/uploads\/2015\/03\/sestogrado-favicon.png\",\"width\":260,\"height\":260,\"caption\":\"Sestogrado\"},\"image\":{\"@id\":\"https:\/\/www.sestogrado.it\/en\/#\/schema\/logo\/image\/\"},\"sameAs\":[\"https:\/\/www.facebook.com\/pages\/Sestogrado\/1542635979353017?ref=bookmarks\",\"https:\/\/www.youtube.com\/channel\/UC847kAfTkaJsWpc1jtQwr3Q\"],\"hasMerchantReturnPolicy\":{\"@type\":\"MerchantReturnPolicy\",\"merchantReturnLink\":\"https:\/\/www.sestogrado.it\/en\/termini-e-condizioni\/\"}}]}<\/script>\n<meta property=\"product:brand\" content=\"Blue Ice\" \/>\n<meta property=\"og:availability\" content=\"instock\" \/>\n<meta property=\"product:availability\" content=\"instock\" \/>\n<meta property=\"product:condition\" content=\"new\" \/>\n<!-- \/ Yoast SEO plugin. -->","yoast_head_json":{"title":"Blue Ice Halo imbrago arrampicata alpinismo - Sestogrado","description":"Il Blue Ice Halo \u00e8 l'imbrago ultraleggero, pi\u00f9 tecnico della gamma Blue Ice, dedicato ai climber pi\u00f9 esigenti, che si ingaggiano su ogni tipo di terreno verticale. E' costruito con la innovativa e brevettata Yarn Wrapping Technology, una modalit\u00e0 costruttiva in cui i filamenti delle fibre stesse costituiscono la struttura portante dell'imbrago. L'Halo offre un'eccellente distribuzione del carico pur essendo estremamente aerodinamico e a basso profilo. Con un peso piuma di 255 grammi, \u00e8 altamente compatto e minimalista pur garantendo un comfort eccezionale. \u00c8 progettato per offrire agli alpinisti prestazioni e funzionalit\u00e0 con i suoi due robusti passanti per l'attrezzatura sagomati in 3D nella parte anteriore, due passanti posteriori a basso profilo e due passanti per le clip per il ghiaccio.Struttura avvolgente in UHMWPECosciali completamente laminatiFibbia di bloccaggio rapido in alluminio aeronautico forgiato a caldoDue passanti sagomati in 3D con sovrastampa per l'attrezzatura2 passanti posteriori a basso profilo per l'attrezzatura2 passanti per le clip per il ghiaccioElastico di sospensione per le gambe non apribile (regolabile con semplici nodi scorsoi)Anello ventrale \"Magic Ring\" in UHMWPE2 punti di ancoraggio rinforzati con guaina protettiva in HTPEPeso: 255gIl Blue Ice Halo \u00e8 una imbracatura top di gamma, estremamente leggera, resistente, indicata per l'arrampicata tecnica su roccia o ghiaccio.","robots":{"index":"index","follow":"follow","max-snippet":"max-snippet:-1","max-image-preview":"max-image-preview:large","max-video-preview":"max-video-preview:-1"},"canonical":"https:\/\/www.sestogrado.it\/en\/prodotto\/blue-ice-halo-imbrago-arrampicata-alpinismo\/","og_locale":"en_US","og_type":"article","og_title":"Blue Ice Halo imbrago arrampicata alpinismo - Sestogrado","og_description":"Il Blue Ice Halo \u00e8 l'imbrago ultraleggero, pi\u00f9 tecnico della gamma Blue Ice, dedicato ai climber pi\u00f9 esigenti, che si ingaggiano su ogni tipo di terreno verticale. E' costruito con la innovativa e brevettata Yarn Wrapping Technology, una modalit\u00e0 costruttiva in cui i filamenti delle fibre stesse costituiscono la struttura portante dell'imbrago. L'Halo offre un'eccellente distribuzione del carico pur essendo estremamente aerodinamico e a basso profilo. Con un peso piuma di 255 grammi, \u00e8 altamente compatto e minimalista pur garantendo un comfort eccezionale. \u00c8 progettato per offrire agli alpinisti prestazioni e funzionalit\u00e0 con i suoi due robusti passanti per l'attrezzatura sagomati in 3D nella parte anteriore, due passanti posteriori a basso profilo e due passanti per le clip per il ghiaccio.Struttura avvolgente in UHMWPECosciali completamente laminatiFibbia di bloccaggio rapido in alluminio aeronautico forgiato a caldoDue passanti sagomati in 3D con sovrastampa per l'attrezzatura2 passanti posteriori a basso profilo per l'attrezzatura2 passanti per le clip per il ghiaccioElastico di sospensione per le gambe non apribile (regolabile con semplici nodi scorsoi)Anello ventrale \"Magic Ring\" in UHMWPE2 punti di ancoraggio rinforzati con guaina protettiva in HTPEPeso: 255gIl Blue Ice Halo \u00e8 una imbracatura top di gamma, estremamente leggera, resistente, indicata per l'arrampicata tecnica su roccia o ghiaccio.","og_url":"https:\/\/www.sestogrado.it\/en\/prodotto\/blue-ice-halo-imbrago-arrampicata-alpinismo\/","og_site_name":"Sestogrado","article_publisher":"https:\/\/www.facebook.com\/pages\/Sestogrado\/1542635979353017?ref=bookmarks","article_modified_time":"2026-02-01T17:24:52+00:00","og_image":[{"width":1400,"height":1400,"url":"https:\/\/www.sestogrado.it\/wp-content\/uploads\/2023\/08\/01.jpg","type":"image\/jpeg"}],"twitter_misc":{"Availability":"In stock"},"schema":{"@context":"https:\/\/schema.org","@graph":[{"@type":"WebPage","@id":"https:\/\/www.sestogrado.it\/en\/prodotto\/blue-ice-halo-imbrago-arrampicata-alpinismo\/","url":"https:\/\/www.sestogrado.it\/en\/prodotto\/blue-ice-halo-imbrago-arrampicata-alpinismo\/","name":"Blue Ice Halo imbrago arrampicata alpinismo - Sestogrado","isPartOf":{"@id":"https:\/\/www.sestogrado.it\/en\/#website"},"primaryImageOfPage":{"@id":"https:\/\/www.sestogrado.it\/en\/prodotto\/blue-ice-halo-imbrago-arrampicata-alpinismo\/#primaryimage"},"image":{"@id":"https:\/\/www.sestogrado.it\/prodotto\/blue-ice-halo-imbrago-arrampicata-alpinismo\/#primaryimage"},"thumbnailUrl":"https:\/\/www.sestogrado.it\/wp-content\/uploads\/2023\/08\/01.jpg","datePublished":"2023-08-01T07:59:48+00:00","dateModified":"2026-02-01T17:24:52+00:00","description":"Il Blue Ice Halo \u00e8 l'imbrago ultraleggero, pi\u00f9 tecnico della gamma Blue Ice, dedicato ai climber pi\u00f9 esigenti, che si ingaggiano su ogni tipo di terreno verticale. E' costruito con la innovativa e brevettata Yarn Wrapping Technology, una modalit\u00e0 costruttiva in cui i filamenti delle fibre stesse costituiscono la struttura portante dell'imbrago. L'Halo offre un'eccellente distribuzione del carico pur essendo estremamente aerodinamico e a basso profilo. Con un peso piuma di 255 grammi, \u00e8 altamente compatto e minimalista pur garantendo un comfort eccezionale. \u00c8 progettato per offrire agli alpinisti prestazioni e funzionalit\u00e0 con i suoi due robusti passanti per l'attrezzatura sagomati in 3D nella parte anteriore, due passanti posteriori a basso profilo e due passanti per le clip per il ghiaccio.Struttura avvolgente in UHMWPECosciali completamente laminatiFibbia di bloccaggio rapido in alluminio aeronautico forgiato a caldoDue passanti sagomati in 3D con sovrastampa per l'attrezzatura2 passanti posteriori a basso profilo per l'attrezzatura2 passanti per le clip per il ghiaccioElastico di sospensione per le gambe non apribile (regolabile con semplici nodi scorsoi)Anello ventrale \"Magic Ring\" in UHMWPE2 punti di ancoraggio rinforzati con guaina protettiva in HTPEPeso: 255gIl Blue Ice Halo \u00e8 una imbracatura top di gamma, estremamente leggera, resistente, indicata per l'arrampicata tecnica su roccia o ghiaccio.","breadcrumb":{"@id":"https:\/\/www.sestogrado.it\/en\/prodotto\/blue-ice-halo-imbrago-arrampicata-alpinismo\/#breadcrumb"},"inLanguage":"en-US","potentialAction":[{"@type":"ReadAction","target":[["https:\/\/www.sestogrado.it\/en\/prodotto\/blue-ice-halo-imbrago-arrampicata-alpinismo\/"]]}]},{"@type":"ImageObject","inLanguage":"en-US","@id":"https:\/\/www.sestogrado.it\/en\/prodotto\/blue-ice-halo-imbrago-arrampicata-alpinismo\/#primaryimage","url":"https:\/\/www.sestogrado.it\/wp-content\/uploads\/2023\/08\/01.jpg","contentUrl":"https:\/\/www.sestogrado.it\/wp-content\/uploads\/2023\/08\/01.jpg","width":1400,"height":1400,"caption":"blue ice halo"},{"@type":"BreadcrumbList","@id":"https:\/\/www.sestogrado.it\/en\/prodotto\/blue-ice-halo-imbrago-arrampicata-alpinismo\/#breadcrumb","itemListElement":[{"@type":"ListItem","position":1,"name":"Home","item":"https:\/\/www.sestogrado.it\/en\/"},{"@type":"ListItem","position":2,"name":"Shop","item":"https:\/\/www.sestogrado.it\/en\/shop\/"},{"@type":"ListItem","position":3,"name":"Blue Ice Halo imbrago arrampicata alpinismo"}]},{"@type":"WebSite","@id":"https:\/\/www.sestogrado.it\/en\/#website","url":"https:\/\/www.sestogrado.it\/en\/","name":"Sestogrado","description":"yes we climb","publisher":{"@id":"https:\/\/www.sestogrado.it\/en\/#organization"},"potentialAction":[{"@type":"SearchAction","target":{"@type":"EntryPoint","urlTemplate":"https:\/\/www.sestogrado.it\/en\/?s={search_term_string}"},"query-input":{"@type":"PropertyValueSpecification","valueRequired":true,"valueName":"search_term_string"}}],"inLanguage":"en-US"},{"@type":"Organization","@id":"https:\/\/www.sestogrado.it\/en\/#organization","name":"Sestogrado","url":"https:\/\/www.sestogrado.it\/en\/","logo":{"@type":"ImageObject","inLanguage":"en-US","@id":"https:\/\/www.sestogrado.it\/en\/#\/schema\/logo\/image\/","url":"https:\/\/www.sestogrado.it\/wp-content\/uploads\/2015\/03\/sestogrado-favicon.png","contentUrl":"https:\/\/www.sestogrado.it\/wp-content\/uploads\/2015\/03\/sestogrado-favicon.png","width":260,"height":260,"caption":"Sestogrado"},"image":{"@id":"https:\/\/www.sestogrado.it\/en\/#\/schema\/logo\/image\/"},"sameAs":["https:\/\/www.facebook.com\/pages\/Sestogrado\/1542635979353017?ref=bookmarks","https:\/\/www.youtube.com\/channel\/UC847kAfTkaJsWpc1jtQwr3Q"],"hasMerchantReturnPolicy":{"@type":"MerchantReturnPolicy","merchantReturnLink":"https:\/\/www.sestogrado.it\/en\/termini-e-condizioni\/"}}]},"product_brand":"Blue Ice","og_availability":"instock","product_availability":"instock","product_condition":"new"},"_links":{"self":[{"href":"https:\/\/www.sestogrado.it\/en\/wp-json\/wp\/v2\/product\/138699","targetHints":{"allow":["GET"]}}],"collection":[{"href":"https:\/\/www.sestogrado.it\/en\/wp-json\/wp\/v2\/product"}],"about":[{"href":"https:\/\/www.sestogrado.it\/en\/wp-json\/wp\/v2\/types\/product"}],"replies":[{"embeddable":true,"href":"https:\/\/www.sestogrado.it\/en\/wp-json\/wp\/v2\/comments?post=138699"}],"wp:featuredmedia":[{"embeddable":true,"href":"https:\/\/www.sestogrado.it\/en\/wp-json\/wp\/v2\/media\/138700"}],"wp:attachment":[{"href":"https:\/\/www.sestogrado.it\/en\/wp-json\/wp\/v2\/media?parent=138699"}],"wp:term":[{"taxonomy":"product_brand","embeddable":true,"href":"https:\/\/www.sestogrado.it\/en\/wp-json\/wp\/v2\/product_brand?post=138699"},{"taxonomy":"product_cat","embeddable":true,"href":"https:\/\/www.sestogrado.it\/en\/wp-json\/wp\/v2\/product_cat?post=138699"},{"taxonomy":"product_tag","embeddable":true,"href":"https:\/\/www.sestogrado.it\/en\/wp-json\/wp\/v2\/product_tag?post=138699"}],"curies":[{"name":"wp","href":"https:\/\/api.w.org\/{rel}","templated":true}]}}