{"id":137968,"date":"2023-07-23T11:26:04","date_gmt":"2023-07-23T09:26:04","guid":{"rendered":"https:\/\/www.sestogrado.it\/?post_type=product&#038;p=137968"},"modified":"2026-05-12T15:38:37","modified_gmt":"2026-05-12T13:38:37","slug":"fixe-roca-vignemale-8-0-mezza-corda-arrampicata","status":"publish","type":"product","link":"https:\/\/www.sestogrado.it\/en\/prodotto\/fixe-roca-vignemale-8-0-mezza-corda-arrampicata\/","title":{"rendered":"Fixe Roca Vignemale 8.0 mezza corda arrampicata"},"content":{"rendered":"<p>La Fixe Roca Vignemale 8.0 \u00e8 una mezza corda totalmente impermeabile, omologata anche come gemella. E&#8217; una corda leggera adatta a tutti i tipi di salite e arrampicate. Il suo peso ridotto di soli 41gr\/m consente agli scalatori di muoversi senza quasi notare il peso o l&#8217;attrito. Grazie al trattamento full dry, anima e calza, \u00e8 raccomandata per l&#8217;arrampicata su ghiaccio, l&#8217;alpinismo, le ascensioni in montagna e l&#8217;arrampicata mista (roccia e ghiaccio) e sulle pareti. Questa corda leggera e versatile \u00e8 adatta sia per le attivit\u00e0 invernali che estive.<\/p>\n<p>Il Vignemale \u00e8 una delle grandi icone dei Pirenei. Con i suoi 3.299 metri, \u00e8 la vetta pi\u00f9 alta della catena centrale dei Pirenei. L&#8217;ambiente circostante \u00e8 tipicamente alpino e la sua parete nord di 800 metri offre grandi sfide agli amanti dell&#8217;arrampicata su ghiaccio e pareti.<\/p>\n<ul>\n<li>Diametro: 8.0mm<\/li>\n<li>Omologazione: mezza e gemella<\/li>\n<li><span class=\"lbl\">Trattamento Full Dry: Trattamento idrorepellente sulla calza e l&#8217;anima. Impermeabilizza completamente la corda. Fornisce resistenza all&#8217;olio, al grasso e all&#8217;acqua. Prolunga la durata della corda. Standard UIAA di idrorepellenza.<\/span><\/li>\n<li>Costruzione Endurance: favorisce lo scorrimento e prolunga la durata della corda. Intrecciata con 36 trefoli.<\/li>\n<li>Segno di met\u00e0 corda: presente.<\/li>\n<li>Segno di 8 metri: \u00e8 una marcatura rossa che indica che mancano 8 metri al raggiungimento della fine della corda.<\/li>\n<li>Indicatore riflettente: indicatore riflettente, con le informazioni della corda, presente ad entrambe le estremit\u00e0.<\/li>\n<li>Taglio ultrasonico: sigilla i finali della corda, impedendone l&#8217;apertura.<\/li>\n<li><span class=\"lbl\">Peso: 41 g\/m<\/span><\/li>\n<li><span class=\"lbl\">Allungamento statico: 9%\/8<\/span><span class=\"value\">%<\/span><\/li>\n<li><span class=\"lbl\">Numero di cadute UIAA: 6\/15<\/span><\/li>\n<li><span class=\"lbl\">Forza di impatto: 7,7<\/span><span class=\"value\">kN\/8,6kN<\/span><\/li>\n<li><span class=\"lbl\">Scorrimento calza: <\/span><span class=\"value\">0,0mm<\/span><\/li>\n<li>Allungamento dinamico: 34%\/26%<\/li>\n<li>Allungamento statico: 9%\/8%<\/li>\n<\/ul>\n<p>&nbsp;<\/p>\n<p>Fixe \u00e8 stata fondata nel 1983 in un luogo circondato da montagne e zone di arrampicata di prim&#8217;ordine come Montserrat, Terradets e Siurana. \u00c8 diventato rapidamente un marchio leader nella comunit\u00e0 dell&#8217;arrampicata e i suoi prodotti sono attualmente conosciuti in tutto il mondo.<\/p>\n<p>Roca \u00e8 uno dei pi\u00f9 antichi produttori di corde al mondo. Fondata nel 1891, dal 2012 \u00e8 entrata a far parte del gruppo Fixe, per realizza tutte le corde del proprio catalogo.<\/p>\n<p>Le corde Fixe Roca sono supportate da pi\u00f9 di 125 anni di esperienza nel settore. Tutta la produzione avviene a Sant Quirze de Besora (Catalogna), dove Fixe ha anche la sua sede principale e magazzini.<\/p>\n<p>Ogni amante della montagna trover\u00e0 la corda che cerca nel catalogo Fixe. Corde per arrampicata sportiva, arrampicata trad, alpinismo, palestre di arrampicata e canyoning, sia dinamiche che statiche. Una corda per ogni situazione e ogni attivit\u00e0 su terreno verticale.<\/p>","protected":false},"excerpt":{"rendered":"<p>La Fixe Roca Vignemale 8.0 \u00e8 una mezza corda totalmente impermeabile, omologata anche come gemella. E&#8217; una corda leggera adatta [&hellip;]<\/p>\n","protected":false},"featured_media":137969,"comment_status":"open","ping_status":"closed","template":"","meta":{"_acf_changed":false},"product_brand":[778],"product_cat":[1357],"product_tag":[],"class_list":{"0":"post-137968","1":"product","2":"type-product","3":"status-publish","4":"has-post-thumbnail","6":"product_brand-fixe","7":"product_cat-mezze-corde","9":"first","10":"instock","11":"sale","12":"taxable","13":"shipping-taxable","14":"purchasable","15":"product-type-variable"},"acf":[],"yoast_head":"<!-- This site is optimized with the Yoast SEO plugin v26.4 - https:\/\/yoast.com\/wordpress\/plugins\/seo\/ -->\n<title>Fixe Roca Vignemale 8.0 mezza corda arrampicata - Sestogrado<\/title>\n<meta name=\"description\" content=\"La Fixe Vignemale 8.0 \u00e8 una mezza corda totalmente impermeabile, omologata anche come gemella. E&#039; una corda leggera adatta a tutti i tipi di salite e arrampicate. Il suo peso ridotto di soli 41gr\/m consente agli scalatori di muoversi senza quasi notare il peso.\" \/>\n<meta name=\"robots\" content=\"index, follow, max-snippet:-1, max-image-preview:large, max-video-preview:-1\" \/>\n<link rel=\"canonical\" href=\"https:\/\/www.sestogrado.it\/en\/prodotto\/fixe-roca-vignemale-8-0-mezza-corda-arrampicata\/\" \/>\n<meta property=\"og:locale\" content=\"en_US\" \/>\n<meta property=\"og:type\" content=\"article\" \/>\n<meta property=\"og:title\" content=\"Fixe Roca Vignemale 8.0 mezza corda arrampicata - Sestogrado\" \/>\n<meta property=\"og:description\" content=\"La Fixe Vignemale 8.0 \u00e8 una mezza corda totalmente impermeabile, omologata anche come gemella. E&#039; una corda leggera adatta a tutti i tipi di salite e arrampicate. Il suo peso ridotto di soli 41gr\/m consente agli scalatori di muoversi senza quasi notare il peso.\" \/>\n<meta property=\"og:url\" content=\"https:\/\/www.sestogrado.it\/en\/prodotto\/fixe-roca-vignemale-8-0-mezza-corda-arrampicata\/\" \/>\n<meta property=\"og:site_name\" content=\"Sestogrado\" \/>\n<meta property=\"article:publisher\" content=\"https:\/\/www.facebook.com\/pages\/Sestogrado\/1542635979353017?ref=bookmarks\" \/>\n<meta property=\"article:modified_time\" content=\"2026-05-12T13:38:37+00:00\" \/>\n<meta property=\"og:image\" content=\"https:\/\/www.sestogrado.it\/wp-content\/uploads\/2023\/07\/80-vignemale.jpg\" \/>\n\t<meta property=\"og:image:width\" content=\"800\" \/>\n\t<meta property=\"og:image:height\" content=\"800\" \/>\n\t<meta property=\"og:image:type\" content=\"image\/jpeg\" \/>\n<meta name=\"twitter:label1\" content=\"Availability\" \/>\n\t<meta name=\"twitter:data1\" content=\"In stock\" \/>\n<script type=\"application\/ld+json\" class=\"yoast-schema-graph\">{\"@context\":\"https:\/\/schema.org\",\"@graph\":[{\"@type\":\"WebPage\",\"@id\":\"https:\/\/www.sestogrado.it\/en\/prodotto\/fixe-roca-vignemale-8-0-mezza-corda-arrampicata\/\",\"url\":\"https:\/\/www.sestogrado.it\/en\/prodotto\/fixe-roca-vignemale-8-0-mezza-corda-arrampicata\/\",\"name\":\"Fixe Roca Vignemale 8.0 mezza corda arrampicata - Sestogrado\",\"isPartOf\":{\"@id\":\"https:\/\/www.sestogrado.it\/en\/#website\"},\"primaryImageOfPage\":{\"@id\":\"https:\/\/www.sestogrado.it\/en\/prodotto\/fixe-roca-vignemale-8-0-mezza-corda-arrampicata\/#primaryimage\"},\"image\":{\"@id\":\"https:\/\/www.sestogrado.it\/prodotto\/fixe-roca-vignemale-8-0-mezza-corda-arrampicata\/#primaryimage\"},\"thumbnailUrl\":\"https:\/\/www.sestogrado.it\/wp-content\/uploads\/2023\/07\/80-vignemale.jpg\",\"datePublished\":\"2023-07-23T09:26:04+00:00\",\"dateModified\":\"2026-05-12T13:38:37+00:00\",\"description\":\"La Fixe Vignemale 8.0 \u00e8 una mezza corda totalmente impermeabile, omologata anche come gemella. E' una corda leggera adatta a tutti i tipi di salite e arrampicate. Il suo peso ridotto di soli 41gr\/m consente agli scalatori di muoversi senza quasi notare il peso.\",\"breadcrumb\":{\"@id\":\"https:\/\/www.sestogrado.it\/en\/prodotto\/fixe-roca-vignemale-8-0-mezza-corda-arrampicata\/#breadcrumb\"},\"inLanguage\":\"en-US\",\"potentialAction\":[{\"@type\":\"ReadAction\",\"target\":[[\"https:\/\/www.sestogrado.it\/en\/prodotto\/fixe-roca-vignemale-8-0-mezza-corda-arrampicata\/\"]]}]},{\"@type\":\"ImageObject\",\"inLanguage\":\"en-US\",\"@id\":\"https:\/\/www.sestogrado.it\/en\/prodotto\/fixe-roca-vignemale-8-0-mezza-corda-arrampicata\/#primaryimage\",\"url\":\"https:\/\/www.sestogrado.it\/wp-content\/uploads\/2023\/07\/80-vignemale.jpg\",\"contentUrl\":\"https:\/\/www.sestogrado.it\/wp-content\/uploads\/2023\/07\/80-vignemale.jpg\",\"width\":800,\"height\":800,\"caption\":\"vignemale 8.0\"},{\"@type\":\"BreadcrumbList\",\"@id\":\"https:\/\/www.sestogrado.it\/en\/prodotto\/fixe-roca-vignemale-8-0-mezza-corda-arrampicata\/#breadcrumb\",\"itemListElement\":[{\"@type\":\"ListItem\",\"position\":1,\"name\":\"Home\",\"item\":\"https:\/\/www.sestogrado.it\/en\/\"},{\"@type\":\"ListItem\",\"position\":2,\"name\":\"Shop\",\"item\":\"https:\/\/www.sestogrado.it\/en\/shop\/\"},{\"@type\":\"ListItem\",\"position\":3,\"name\":\"Fixe Vignemale 8.0 mezza corda arrampicata\"}]},{\"@type\":\"WebSite\",\"@id\":\"https:\/\/www.sestogrado.it\/en\/#website\",\"url\":\"https:\/\/www.sestogrado.it\/en\/\",\"name\":\"Sestogrado\",\"description\":\"yes we climb\",\"publisher\":{\"@id\":\"https:\/\/www.sestogrado.it\/en\/#organization\"},\"potentialAction\":[{\"@type\":\"SearchAction\",\"target\":{\"@type\":\"EntryPoint\",\"urlTemplate\":\"https:\/\/www.sestogrado.it\/en\/?s={search_term_string}\"},\"query-input\":{\"@type\":\"PropertyValueSpecification\",\"valueRequired\":true,\"valueName\":\"search_term_string\"}}],\"inLanguage\":\"en-US\"},{\"@type\":\"Organization\",\"@id\":\"https:\/\/www.sestogrado.it\/en\/#organization\",\"name\":\"Sestogrado\",\"url\":\"https:\/\/www.sestogrado.it\/en\/\",\"logo\":{\"@type\":\"ImageObject\",\"inLanguage\":\"en-US\",\"@id\":\"https:\/\/www.sestogrado.it\/en\/#\/schema\/logo\/image\/\",\"url\":\"https:\/\/www.sestogrado.it\/wp-content\/uploads\/2015\/03\/sestogrado-favicon.png\",\"contentUrl\":\"https:\/\/www.sestogrado.it\/wp-content\/uploads\/2015\/03\/sestogrado-favicon.png\",\"width\":260,\"height\":260,\"caption\":\"Sestogrado\"},\"image\":{\"@id\":\"https:\/\/www.sestogrado.it\/en\/#\/schema\/logo\/image\/\"},\"sameAs\":[\"https:\/\/www.facebook.com\/pages\/Sestogrado\/1542635979353017?ref=bookmarks\",\"https:\/\/www.youtube.com\/channel\/UC847kAfTkaJsWpc1jtQwr3Q\"],\"hasMerchantReturnPolicy\":{\"@type\":\"MerchantReturnPolicy\",\"merchantReturnLink\":\"https:\/\/www.sestogrado.it\/en\/termini-e-condizioni\/\"}}]}<\/script>\n<meta property=\"product:brand\" content=\"Fixe\" \/>\n<meta property=\"og:availability\" content=\"instock\" \/>\n<meta property=\"product:availability\" content=\"instock\" \/>\n<meta property=\"product:condition\" content=\"new\" \/>\n<!-- \/ Yoast SEO plugin. -->","yoast_head_json":{"title":"Fixe Roca Vignemale 8.0 mezza corda arrampicata - Sestogrado","description":"La Fixe Vignemale 8.0 \u00e8 una mezza corda totalmente impermeabile, omologata anche come gemella. E' una corda leggera adatta a tutti i tipi di salite e arrampicate. Il suo peso ridotto di soli 41gr\/m consente agli scalatori di muoversi senza quasi notare il peso.","robots":{"index":"index","follow":"follow","max-snippet":"max-snippet:-1","max-image-preview":"max-image-preview:large","max-video-preview":"max-video-preview:-1"},"canonical":"https:\/\/www.sestogrado.it\/en\/prodotto\/fixe-roca-vignemale-8-0-mezza-corda-arrampicata\/","og_locale":"en_US","og_type":"article","og_title":"Fixe Roca Vignemale 8.0 mezza corda arrampicata - Sestogrado","og_description":"La Fixe Vignemale 8.0 \u00e8 una mezza corda totalmente impermeabile, omologata anche come gemella. E' una corda leggera adatta a tutti i tipi di salite e arrampicate. Il suo peso ridotto di soli 41gr\/m consente agli scalatori di muoversi senza quasi notare il peso.","og_url":"https:\/\/www.sestogrado.it\/en\/prodotto\/fixe-roca-vignemale-8-0-mezza-corda-arrampicata\/","og_site_name":"Sestogrado","article_publisher":"https:\/\/www.facebook.com\/pages\/Sestogrado\/1542635979353017?ref=bookmarks","article_modified_time":"2026-05-12T13:38:37+00:00","og_image":[{"width":800,"height":800,"url":"https:\/\/www.sestogrado.it\/wp-content\/uploads\/2023\/07\/80-vignemale.jpg","type":"image\/jpeg"}],"twitter_misc":{"Availability":"In stock"},"schema":{"@context":"https:\/\/schema.org","@graph":[{"@type":"WebPage","@id":"https:\/\/www.sestogrado.it\/en\/prodotto\/fixe-roca-vignemale-8-0-mezza-corda-arrampicata\/","url":"https:\/\/www.sestogrado.it\/en\/prodotto\/fixe-roca-vignemale-8-0-mezza-corda-arrampicata\/","name":"Fixe Roca Vignemale 8.0 mezza corda arrampicata - Sestogrado","isPartOf":{"@id":"https:\/\/www.sestogrado.it\/en\/#website"},"primaryImageOfPage":{"@id":"https:\/\/www.sestogrado.it\/en\/prodotto\/fixe-roca-vignemale-8-0-mezza-corda-arrampicata\/#primaryimage"},"image":{"@id":"https:\/\/www.sestogrado.it\/prodotto\/fixe-roca-vignemale-8-0-mezza-corda-arrampicata\/#primaryimage"},"thumbnailUrl":"https:\/\/www.sestogrado.it\/wp-content\/uploads\/2023\/07\/80-vignemale.jpg","datePublished":"2023-07-23T09:26:04+00:00","dateModified":"2026-05-12T13:38:37+00:00","description":"La Fixe Vignemale 8.0 \u00e8 una mezza corda totalmente impermeabile, omologata anche come gemella. E' una corda leggera adatta a tutti i tipi di salite e arrampicate. Il suo peso ridotto di soli 41gr\/m consente agli scalatori di muoversi senza quasi notare il peso.","breadcrumb":{"@id":"https:\/\/www.sestogrado.it\/en\/prodotto\/fixe-roca-vignemale-8-0-mezza-corda-arrampicata\/#breadcrumb"},"inLanguage":"en-US","potentialAction":[{"@type":"ReadAction","target":[["https:\/\/www.sestogrado.it\/en\/prodotto\/fixe-roca-vignemale-8-0-mezza-corda-arrampicata\/"]]}]},{"@type":"ImageObject","inLanguage":"en-US","@id":"https:\/\/www.sestogrado.it\/en\/prodotto\/fixe-roca-vignemale-8-0-mezza-corda-arrampicata\/#primaryimage","url":"https:\/\/www.sestogrado.it\/wp-content\/uploads\/2023\/07\/80-vignemale.jpg","contentUrl":"https:\/\/www.sestogrado.it\/wp-content\/uploads\/2023\/07\/80-vignemale.jpg","width":800,"height":800,"caption":"vignemale 8.0"},{"@type":"BreadcrumbList","@id":"https:\/\/www.sestogrado.it\/en\/prodotto\/fixe-roca-vignemale-8-0-mezza-corda-arrampicata\/#breadcrumb","itemListElement":[{"@type":"ListItem","position":1,"name":"Home","item":"https:\/\/www.sestogrado.it\/en\/"},{"@type":"ListItem","position":2,"name":"Shop","item":"https:\/\/www.sestogrado.it\/en\/shop\/"},{"@type":"ListItem","position":3,"name":"Fixe Vignemale 8.0 mezza corda arrampicata"}]},{"@type":"WebSite","@id":"https:\/\/www.sestogrado.it\/en\/#website","url":"https:\/\/www.sestogrado.it\/en\/","name":"Sestogrado","description":"yes we climb","publisher":{"@id":"https:\/\/www.sestogrado.it\/en\/#organization"},"potentialAction":[{"@type":"SearchAction","target":{"@type":"EntryPoint","urlTemplate":"https:\/\/www.sestogrado.it\/en\/?s={search_term_string}"},"query-input":{"@type":"PropertyValueSpecification","valueRequired":true,"valueName":"search_term_string"}}],"inLanguage":"en-US"},{"@type":"Organization","@id":"https:\/\/www.sestogrado.it\/en\/#organization","name":"Sestogrado","url":"https:\/\/www.sestogrado.it\/en\/","logo":{"@type":"ImageObject","inLanguage":"en-US","@id":"https:\/\/www.sestogrado.it\/en\/#\/schema\/logo\/image\/","url":"https:\/\/www.sestogrado.it\/wp-content\/uploads\/2015\/03\/sestogrado-favicon.png","contentUrl":"https:\/\/www.sestogrado.it\/wp-content\/uploads\/2015\/03\/sestogrado-favicon.png","width":260,"height":260,"caption":"Sestogrado"},"image":{"@id":"https:\/\/www.sestogrado.it\/en\/#\/schema\/logo\/image\/"},"sameAs":["https:\/\/www.facebook.com\/pages\/Sestogrado\/1542635979353017?ref=bookmarks","https:\/\/www.youtube.com\/channel\/UC847kAfTkaJsWpc1jtQwr3Q"],"hasMerchantReturnPolicy":{"@type":"MerchantReturnPolicy","merchantReturnLink":"https:\/\/www.sestogrado.it\/en\/termini-e-condizioni\/"}}]},"product_brand":"Fixe","og_availability":"instock","product_availability":"instock","product_condition":"new"},"_links":{"self":[{"href":"https:\/\/www.sestogrado.it\/en\/wp-json\/wp\/v2\/product\/137968","targetHints":{"allow":["GET"]}}],"collection":[{"href":"https:\/\/www.sestogrado.it\/en\/wp-json\/wp\/v2\/product"}],"about":[{"href":"https:\/\/www.sestogrado.it\/en\/wp-json\/wp\/v2\/types\/product"}],"replies":[{"embeddable":true,"href":"https:\/\/www.sestogrado.it\/en\/wp-json\/wp\/v2\/comments?post=137968"}],"wp:featuredmedia":[{"embeddable":true,"href":"https:\/\/www.sestogrado.it\/en\/wp-json\/wp\/v2\/media\/137969"}],"wp:attachment":[{"href":"https:\/\/www.sestogrado.it\/en\/wp-json\/wp\/v2\/media?parent=137968"}],"wp:term":[{"taxonomy":"product_brand","embeddable":true,"href":"https:\/\/www.sestogrado.it\/en\/wp-json\/wp\/v2\/product_brand?post=137968"},{"taxonomy":"product_cat","embeddable":true,"href":"https:\/\/www.sestogrado.it\/en\/wp-json\/wp\/v2\/product_cat?post=137968"},{"taxonomy":"product_tag","embeddable":true,"href":"https:\/\/www.sestogrado.it\/en\/wp-json\/wp\/v2\/product_tag?post=137968"}],"curies":[{"name":"wp","href":"https:\/\/api.w.org\/{rel}","templated":true}]}}