{"id":13733,"date":"2022-04-08T12:00:22","date_gmt":"2022-04-08T10:00:22","guid":{"rendered":"https:\/\/www.sestogrado.it\/?post_type=product&#038;p=13733"},"modified":"2026-03-11T13:23:13","modified_gmt":"2026-03-11T12:23:13","slug":"millet-prolighter-3810-zaino-arrampicata","status":"publish","type":"product","link":"https:\/\/www.sestogrado.it\/en\/prodotto\/millet-prolighter-3810-zaino-arrampicata\/","title":{"rendered":"Millet Prolighter 38+10 backpack alpinism"},"content":{"rendered":"<p><\/p>\n<div class=\"product-description-short-additional\">This alpine-shaped, super-slim pack is a marvel on mountaineering excursions all year round. Every effort has been made to deliver free-flowing movement, and this freedom is the headline feature of it s design. The only Prolighter model with a removable hip belt, which can make way for a simple webbing strap, the PROLIGHTER 38+10 is readily compatible with wearing a harness. For alpinists who prefer an advanced tech spec. Popular for its: &#8211; rope holder with compression strap &#8211; reinforced ski holder &#8211; removable hip belt &#8211; direct side access &#8211; adjustable lid for large loads.<\/div>\n<div class=\"product-description\">\n<ul>\n<li>Clean-cut alpine shape. Two-buckle extendable lid with storm collar<\/li>\n<li>Flapped front access zip<\/li>\n<li>FPP Ergo\u2122 ice-axe holder \/ Rope holder<\/li>\n<li>3 haul loops<\/li>\n<li>Reinforced ski holders \/ Side compression straps<\/li>\n<li>2 zipped pockets on lid \/ Hydration compatible<\/li>\n<li>Continuous\u2122 shoulder strap build. Removable harness-type hip belt + integral webbing waist belt + gear holder<\/li>\n<li>Sternum strap \/ Load adjuster straps<\/li>\n<li>Volume: 38+10L<\/li>\n<li>Backlength: 46 cm<\/li>\n<\/ul>\n<p>&nbsp;<\/p>\n<p><img decoding=\"async\" class=\"alignnone size-full wp-image-98677 img-fluid\" src=\"https:\/\/www.sestogrado.it\/wp-content\/uploads\/2022\/04\/porta-picche.jpg\" alt=\"Ice-pick holder\" width=\"200\" height=\"200\" srcset=\"https:\/\/www.sestogrado.it\/wp-content\/uploads\/2022\/04\/porta-picche.jpg 200w, https:\/\/www.sestogrado.it\/wp-content\/uploads\/2022\/04\/porta-picche-100x100.jpg 100w, https:\/\/www.sestogrado.it\/wp-content\/uploads\/2022\/04\/porta-picche-150x150.jpg 150w, https:\/\/www.sestogrado.it\/wp-content\/uploads\/2022\/04\/porta-picche-45x45.jpg 45w, https:\/\/www.sestogrado.it\/wp-content\/uploads\/2022\/04\/porta-picche-80x80.jpg 80w, https:\/\/www.sestogrado.it\/wp-content\/uploads\/2022\/04\/porta-picche-60x60.jpg 60w, https:\/\/www.sestogrado.it\/wp-content\/uploads\/2022\/04\/porta-picche-90x90.jpg 90w\" sizes=\"(max-width: 200px) 100vw, 200px\" \/><\/p>\n<p><strong><em>With ice pick holder<\/em><\/strong><\/p>\n<\/div>\n<p><\/p>","protected":false},"excerpt":{"rendered":"<p>This alpine-shaped, super-slim pack is a marvel on mountaineering excursions all year round. Every effort has been made to deliver [&hellip;]<\/p>\n","protected":false},"featured_media":98918,"comment_status":"open","ping_status":"closed","template":"","meta":{"_acf_changed":false},"product_brand":[312],"product_cat":[389,1431],"product_tag":[],"class_list":{"0":"post-13733","1":"product","2":"type-product","3":"status-publish","4":"has-post-thumbnail","6":"product_brand-millet","7":"product_cat-zaini-alpinismo","8":"product_cat-scialpinismo-zaini","10":"first","11":"instock","12":"sale","13":"taxable","14":"shipping-taxable","15":"purchasable","16":"product-type-variable"},"acf":[],"yoast_head":"<!-- This site is optimized with the Yoast SEO plugin v26.4 - https:\/\/yoast.com\/wordpress\/plugins\/seo\/ -->\n<title>Millet Prolighter 38+10 backpack alpinism - Sestogrado<\/title>\n<meta name=\"description\" content=\"Il Millet Prolighter 38+10 \u00e8 uno zaino alpinistico super compatto e leggero per attivit\u00e0 in montagna in tutte le stagioni. Nella realizzazione del Prolighter \u00e8 stata posta massima attenzione alla libert\u00e0 di movimento, e questa libert\u00e0 \u00e8 la linea guida nella realizzazione del suo design. La cintura ventrale imbottita rimovibile rende il Prolighter immediatamente pronto ed indossabile con qualsiasi imbrago. Per gli alpinisti che ricercano funzionalit\u00e0 tecniche avanzate in uno zaino, il Prolighter offre: fettuccia ferma corda, porta sci rinforzati, cintura ventrale rimovibile, diretto accesso laterale al contenuto, spallacci pienamente regolabili per carichi pesanti.\" \/>\n<meta name=\"robots\" content=\"index, follow, max-snippet:-1, max-image-preview:large, max-video-preview:-1\" \/>\n<link rel=\"canonical\" href=\"https:\/\/www.sestogrado.it\/en\/prodotto\/millet-prolighter-3810-zaino-arrampicata\/\" \/>\n<meta property=\"og:locale\" content=\"en_US\" \/>\n<meta property=\"og:type\" content=\"article\" \/>\n<meta property=\"og:title\" content=\"Millet Prolighter 38+10 backpack alpinism - Sestogrado\" \/>\n<meta property=\"og:description\" content=\"Il Millet Prolighter 38+10 \u00e8 uno zaino alpinistico super compatto e leggero per attivit\u00e0 in montagna in tutte le stagioni. Nella realizzazione del Prolighter \u00e8 stata posta massima attenzione alla libert\u00e0 di movimento, e questa libert\u00e0 \u00e8 la linea guida nella realizzazione del suo design. La cintura ventrale imbottita rimovibile rende il Prolighter immediatamente pronto ed indossabile con qualsiasi imbrago. Per gli alpinisti che ricercano funzionalit\u00e0 tecniche avanzate in uno zaino, il Prolighter offre: fettuccia ferma corda, porta sci rinforzati, cintura ventrale rimovibile, diretto accesso laterale al contenuto, spallacci pienamente regolabili per carichi pesanti.\" \/>\n<meta property=\"og:url\" content=\"https:\/\/www.sestogrado.it\/en\/prodotto\/millet-prolighter-3810-zaino-arrampicata\/\" \/>\n<meta property=\"og:site_name\" content=\"Sestogrado\" \/>\n<meta property=\"article:publisher\" content=\"https:\/\/www.facebook.com\/pages\/Sestogrado\/1542635979353017?ref=bookmarks\" \/>\n<meta property=\"article:modified_time\" content=\"2026-03-11T12:23:13+00:00\" \/>\n<meta property=\"og:image\" content=\"https:\/\/www.sestogrado.it\/wp-content\/uploads\/2017\/10\/prolighter-3810-zaino-da-escursionismo.jpg\" \/>\n\t<meta property=\"og:image:width\" content=\"1500\" \/>\n\t<meta property=\"og:image:height\" content=\"1500\" \/>\n\t<meta property=\"og:image:type\" content=\"image\/jpeg\" \/>\n<meta name=\"twitter:label1\" content=\"Availability\" \/>\n\t<meta name=\"twitter:data1\" content=\"In stock\" \/>\n<script type=\"application\/ld+json\" class=\"yoast-schema-graph\">{\"@context\":\"https:\/\/schema.org\",\"@graph\":[{\"@type\":\"WebPage\",\"@id\":\"https:\/\/www.sestogrado.it\/en\/prodotto\/millet-prolighter-3810-zaino-arrampicata\/\",\"url\":\"https:\/\/www.sestogrado.it\/en\/prodotto\/millet-prolighter-3810-zaino-arrampicata\/\",\"name\":\"Millet Prolighter 38+10 backpack alpinism - Sestogrado\",\"isPartOf\":{\"@id\":\"https:\/\/www.sestogrado.it\/en\/#website\"},\"primaryImageOfPage\":{\"@id\":\"https:\/\/www.sestogrado.it\/en\/prodotto\/millet-prolighter-3810-zaino-arrampicata\/#primaryimage\"},\"image\":{\"@id\":\"https:\/\/www.sestogrado.it\/prodotto\/millet-prolighter-3810-zaino-arrampicata\/#primaryimage\"},\"thumbnailUrl\":\"https:\/\/www.sestogrado.it\/wp-content\/uploads\/2017\/10\/prolighter-3810-zaino-da-escursionismo.jpg\",\"datePublished\":\"2022-04-08T10:00:22+00:00\",\"dateModified\":\"2026-03-11T12:23:13+00:00\",\"description\":\"Il Millet Prolighter 38+10 \u00e8 uno zaino alpinistico super compatto e leggero per attivit\u00e0 in montagna in tutte le stagioni. Nella realizzazione del Prolighter \u00e8 stata posta massima attenzione alla libert\u00e0 di movimento, e questa libert\u00e0 \u00e8 la linea guida nella realizzazione del suo design. La cintura ventrale imbottita rimovibile rende il Prolighter immediatamente pronto ed indossabile con qualsiasi imbrago. Per gli alpinisti che ricercano funzionalit\u00e0 tecniche avanzate in uno zaino, il Prolighter offre: fettuccia ferma corda, porta sci rinforzati, cintura ventrale rimovibile, diretto accesso laterale al contenuto, spallacci pienamente regolabili per carichi pesanti.\",\"breadcrumb\":{\"@id\":\"https:\/\/www.sestogrado.it\/en\/prodotto\/millet-prolighter-3810-zaino-arrampicata\/#breadcrumb\"},\"inLanguage\":\"en-US\",\"potentialAction\":[{\"@type\":\"ReadAction\",\"target\":[[\"https:\/\/www.sestogrado.it\/en\/prodotto\/millet-prolighter-3810-zaino-arrampicata\/\"]]}]},{\"@type\":\"ImageObject\",\"inLanguage\":\"en-US\",\"@id\":\"https:\/\/www.sestogrado.it\/en\/prodotto\/millet-prolighter-3810-zaino-arrampicata\/#primaryimage\",\"url\":\"https:\/\/www.sestogrado.it\/wp-content\/uploads\/2017\/10\/prolighter-3810-zaino-da-escursionismo.jpg\",\"contentUrl\":\"https:\/\/www.sestogrado.it\/wp-content\/uploads\/2017\/10\/prolighter-3810-zaino-da-escursionismo.jpg\",\"width\":1500,\"height\":1500,\"caption\":\"MILLET prolighter 38+10\"},{\"@type\":\"BreadcrumbList\",\"@id\":\"https:\/\/www.sestogrado.it\/en\/prodotto\/millet-prolighter-3810-zaino-arrampicata\/#breadcrumb\",\"itemListElement\":[{\"@type\":\"ListItem\",\"position\":1,\"name\":\"Home\",\"item\":\"https:\/\/www.sestogrado.it\/en\/\"},{\"@type\":\"ListItem\",\"position\":2,\"name\":\"Shop\",\"item\":\"https:\/\/www.sestogrado.it\/en\/shop\/\"},{\"@type\":\"ListItem\",\"position\":3,\"name\":\"Millet Prolighter 38+10 zaino arrampicata alpinismo scialpinismo\"}]},{\"@type\":\"WebSite\",\"@id\":\"https:\/\/www.sestogrado.it\/en\/#website\",\"url\":\"https:\/\/www.sestogrado.it\/en\/\",\"name\":\"Sestogrado\",\"description\":\"yes we climb\",\"publisher\":{\"@id\":\"https:\/\/www.sestogrado.it\/en\/#organization\"},\"potentialAction\":[{\"@type\":\"SearchAction\",\"target\":{\"@type\":\"EntryPoint\",\"urlTemplate\":\"https:\/\/www.sestogrado.it\/en\/?s={search_term_string}\"},\"query-input\":{\"@type\":\"PropertyValueSpecification\",\"valueRequired\":true,\"valueName\":\"search_term_string\"}}],\"inLanguage\":\"en-US\"},{\"@type\":\"Organization\",\"@id\":\"https:\/\/www.sestogrado.it\/en\/#organization\",\"name\":\"Sestogrado\",\"url\":\"https:\/\/www.sestogrado.it\/en\/\",\"logo\":{\"@type\":\"ImageObject\",\"inLanguage\":\"en-US\",\"@id\":\"https:\/\/www.sestogrado.it\/en\/#\/schema\/logo\/image\/\",\"url\":\"https:\/\/www.sestogrado.it\/wp-content\/uploads\/2015\/03\/sestogrado-favicon.png\",\"contentUrl\":\"https:\/\/www.sestogrado.it\/wp-content\/uploads\/2015\/03\/sestogrado-favicon.png\",\"width\":260,\"height\":260,\"caption\":\"Sestogrado\"},\"image\":{\"@id\":\"https:\/\/www.sestogrado.it\/en\/#\/schema\/logo\/image\/\"},\"sameAs\":[\"https:\/\/www.facebook.com\/pages\/Sestogrado\/1542635979353017?ref=bookmarks\",\"https:\/\/www.youtube.com\/channel\/UC847kAfTkaJsWpc1jtQwr3Q\"],\"hasMerchantReturnPolicy\":{\"@type\":\"MerchantReturnPolicy\",\"merchantReturnLink\":\"https:\/\/www.sestogrado.it\/en\/termini-e-condizioni\/\"}}]}<\/script>\n<meta property=\"product:brand\" content=\"Millet\" \/>\n<meta property=\"og:availability\" content=\"instock\" \/>\n<meta property=\"product:availability\" content=\"instock\" \/>\n<meta property=\"product:condition\" content=\"new\" \/>\n<!-- \/ Yoast SEO plugin. -->","yoast_head_json":{"title":"Millet Prolighter 38+10 backpack alpinism - Sestogrado","description":"Il Millet Prolighter 38+10 \u00e8 uno zaino alpinistico super compatto e leggero per attivit\u00e0 in montagna in tutte le stagioni. Nella realizzazione del Prolighter \u00e8 stata posta massima attenzione alla libert\u00e0 di movimento, e questa libert\u00e0 \u00e8 la linea guida nella realizzazione del suo design. La cintura ventrale imbottita rimovibile rende il Prolighter immediatamente pronto ed indossabile con qualsiasi imbrago. Per gli alpinisti che ricercano funzionalit\u00e0 tecniche avanzate in uno zaino, il Prolighter offre: fettuccia ferma corda, porta sci rinforzati, cintura ventrale rimovibile, diretto accesso laterale al contenuto, spallacci pienamente regolabili per carichi pesanti.","robots":{"index":"index","follow":"follow","max-snippet":"max-snippet:-1","max-image-preview":"max-image-preview:large","max-video-preview":"max-video-preview:-1"},"canonical":"https:\/\/www.sestogrado.it\/en\/prodotto\/millet-prolighter-3810-zaino-arrampicata\/","og_locale":"en_US","og_type":"article","og_title":"Millet Prolighter 38+10 backpack alpinism - Sestogrado","og_description":"Il Millet Prolighter 38+10 \u00e8 uno zaino alpinistico super compatto e leggero per attivit\u00e0 in montagna in tutte le stagioni. Nella realizzazione del Prolighter \u00e8 stata posta massima attenzione alla libert\u00e0 di movimento, e questa libert\u00e0 \u00e8 la linea guida nella realizzazione del suo design. La cintura ventrale imbottita rimovibile rende il Prolighter immediatamente pronto ed indossabile con qualsiasi imbrago. Per gli alpinisti che ricercano funzionalit\u00e0 tecniche avanzate in uno zaino, il Prolighter offre: fettuccia ferma corda, porta sci rinforzati, cintura ventrale rimovibile, diretto accesso laterale al contenuto, spallacci pienamente regolabili per carichi pesanti.","og_url":"https:\/\/www.sestogrado.it\/en\/prodotto\/millet-prolighter-3810-zaino-arrampicata\/","og_site_name":"Sestogrado","article_publisher":"https:\/\/www.facebook.com\/pages\/Sestogrado\/1542635979353017?ref=bookmarks","article_modified_time":"2026-03-11T12:23:13+00:00","og_image":[{"width":1500,"height":1500,"url":"https:\/\/www.sestogrado.it\/wp-content\/uploads\/2017\/10\/prolighter-3810-zaino-da-escursionismo.jpg","type":"image\/jpeg"}],"twitter_misc":{"Availability":"In stock"},"schema":{"@context":"https:\/\/schema.org","@graph":[{"@type":"WebPage","@id":"https:\/\/www.sestogrado.it\/en\/prodotto\/millet-prolighter-3810-zaino-arrampicata\/","url":"https:\/\/www.sestogrado.it\/en\/prodotto\/millet-prolighter-3810-zaino-arrampicata\/","name":"Millet Prolighter 38+10 backpack alpinism - Sestogrado","isPartOf":{"@id":"https:\/\/www.sestogrado.it\/en\/#website"},"primaryImageOfPage":{"@id":"https:\/\/www.sestogrado.it\/en\/prodotto\/millet-prolighter-3810-zaino-arrampicata\/#primaryimage"},"image":{"@id":"https:\/\/www.sestogrado.it\/prodotto\/millet-prolighter-3810-zaino-arrampicata\/#primaryimage"},"thumbnailUrl":"https:\/\/www.sestogrado.it\/wp-content\/uploads\/2017\/10\/prolighter-3810-zaino-da-escursionismo.jpg","datePublished":"2022-04-08T10:00:22+00:00","dateModified":"2026-03-11T12:23:13+00:00","description":"Il Millet Prolighter 38+10 \u00e8 uno zaino alpinistico super compatto e leggero per attivit\u00e0 in montagna in tutte le stagioni. Nella realizzazione del Prolighter \u00e8 stata posta massima attenzione alla libert\u00e0 di movimento, e questa libert\u00e0 \u00e8 la linea guida nella realizzazione del suo design. La cintura ventrale imbottita rimovibile rende il Prolighter immediatamente pronto ed indossabile con qualsiasi imbrago. Per gli alpinisti che ricercano funzionalit\u00e0 tecniche avanzate in uno zaino, il Prolighter offre: fettuccia ferma corda, porta sci rinforzati, cintura ventrale rimovibile, diretto accesso laterale al contenuto, spallacci pienamente regolabili per carichi pesanti.","breadcrumb":{"@id":"https:\/\/www.sestogrado.it\/en\/prodotto\/millet-prolighter-3810-zaino-arrampicata\/#breadcrumb"},"inLanguage":"en-US","potentialAction":[{"@type":"ReadAction","target":[["https:\/\/www.sestogrado.it\/en\/prodotto\/millet-prolighter-3810-zaino-arrampicata\/"]]}]},{"@type":"ImageObject","inLanguage":"en-US","@id":"https:\/\/www.sestogrado.it\/en\/prodotto\/millet-prolighter-3810-zaino-arrampicata\/#primaryimage","url":"https:\/\/www.sestogrado.it\/wp-content\/uploads\/2017\/10\/prolighter-3810-zaino-da-escursionismo.jpg","contentUrl":"https:\/\/www.sestogrado.it\/wp-content\/uploads\/2017\/10\/prolighter-3810-zaino-da-escursionismo.jpg","width":1500,"height":1500,"caption":"MILLET prolighter 38+10"},{"@type":"BreadcrumbList","@id":"https:\/\/www.sestogrado.it\/en\/prodotto\/millet-prolighter-3810-zaino-arrampicata\/#breadcrumb","itemListElement":[{"@type":"ListItem","position":1,"name":"Home","item":"https:\/\/www.sestogrado.it\/en\/"},{"@type":"ListItem","position":2,"name":"Shop","item":"https:\/\/www.sestogrado.it\/en\/shop\/"},{"@type":"ListItem","position":3,"name":"Millet Prolighter 38+10 zaino arrampicata alpinismo scialpinismo"}]},{"@type":"WebSite","@id":"https:\/\/www.sestogrado.it\/en\/#website","url":"https:\/\/www.sestogrado.it\/en\/","name":"Sestogrado","description":"yes we climb","publisher":{"@id":"https:\/\/www.sestogrado.it\/en\/#organization"},"potentialAction":[{"@type":"SearchAction","target":{"@type":"EntryPoint","urlTemplate":"https:\/\/www.sestogrado.it\/en\/?s={search_term_string}"},"query-input":{"@type":"PropertyValueSpecification","valueRequired":true,"valueName":"search_term_string"}}],"inLanguage":"en-US"},{"@type":"Organization","@id":"https:\/\/www.sestogrado.it\/en\/#organization","name":"Sestogrado","url":"https:\/\/www.sestogrado.it\/en\/","logo":{"@type":"ImageObject","inLanguage":"en-US","@id":"https:\/\/www.sestogrado.it\/en\/#\/schema\/logo\/image\/","url":"https:\/\/www.sestogrado.it\/wp-content\/uploads\/2015\/03\/sestogrado-favicon.png","contentUrl":"https:\/\/www.sestogrado.it\/wp-content\/uploads\/2015\/03\/sestogrado-favicon.png","width":260,"height":260,"caption":"Sestogrado"},"image":{"@id":"https:\/\/www.sestogrado.it\/en\/#\/schema\/logo\/image\/"},"sameAs":["https:\/\/www.facebook.com\/pages\/Sestogrado\/1542635979353017?ref=bookmarks","https:\/\/www.youtube.com\/channel\/UC847kAfTkaJsWpc1jtQwr3Q"],"hasMerchantReturnPolicy":{"@type":"MerchantReturnPolicy","merchantReturnLink":"https:\/\/www.sestogrado.it\/en\/termini-e-condizioni\/"}}]},"product_brand":"Millet","og_availability":"instock","product_availability":"instock","product_condition":"new"},"_links":{"self":[{"href":"https:\/\/www.sestogrado.it\/en\/wp-json\/wp\/v2\/product\/13733","targetHints":{"allow":["GET"]}}],"collection":[{"href":"https:\/\/www.sestogrado.it\/en\/wp-json\/wp\/v2\/product"}],"about":[{"href":"https:\/\/www.sestogrado.it\/en\/wp-json\/wp\/v2\/types\/product"}],"replies":[{"embeddable":true,"href":"https:\/\/www.sestogrado.it\/en\/wp-json\/wp\/v2\/comments?post=13733"}],"wp:featuredmedia":[{"embeddable":true,"href":"https:\/\/www.sestogrado.it\/en\/wp-json\/wp\/v2\/media\/98918"}],"wp:attachment":[{"href":"https:\/\/www.sestogrado.it\/en\/wp-json\/wp\/v2\/media?parent=13733"}],"wp:term":[{"taxonomy":"product_brand","embeddable":true,"href":"https:\/\/www.sestogrado.it\/en\/wp-json\/wp\/v2\/product_brand?post=13733"},{"taxonomy":"product_cat","embeddable":true,"href":"https:\/\/www.sestogrado.it\/en\/wp-json\/wp\/v2\/product_cat?post=13733"},{"taxonomy":"product_tag","embeddable":true,"href":"https:\/\/www.sestogrado.it\/en\/wp-json\/wp\/v2\/product_tag?post=13733"}],"curies":[{"name":"wp","href":"https:\/\/api.w.org\/{rel}","templated":true}]}}