{"id":137302,"date":"2023-07-14T08:45:06","date_gmt":"2023-07-14T06:45:06","guid":{"rendered":"https:\/\/www.sestogrado.it\/?post_type=product&#038;p=137302"},"modified":"2026-05-09T22:15:56","modified_gmt":"2026-05-09T20:15:56","slug":"fixe-roca-riglos-8-4-mezza-corda-arrampicata","status":"publish","type":"product","link":"https:\/\/www.sestogrado.it\/en\/prodotto\/fixe-roca-riglos-8-4-mezza-corda-arrampicata\/","title":{"rendered":"Fixe Roca Riglos 8.4 mezza corda arrampicata"},"content":{"rendered":"<p class=\"qtranxs-available-languages-message qtranxs-available-languages-message-en\">Sorry, this entry is only available in <a href=\"https:\/\/www.sestogrado.it\/it\/wp-json\/wp\/v2\/product\/137302\" class=\"qtranxs-available-language-link qtranxs-available-language-link-it\" title=\"Italiano\">Italiano<\/a>.<\/p>","protected":false},"excerpt":{"rendered":"<p>Sorry, this entry is only available in Italiano.<\/p>\n","protected":false},"featured_media":137303,"comment_status":"open","ping_status":"closed","template":"","meta":{"_acf_changed":false},"product_brand":[778],"product_cat":[1357],"product_tag":[],"class_list":{"0":"post-137302","1":"product","2":"type-product","3":"status-publish","4":"has-post-thumbnail","6":"product_brand-fixe","7":"product_cat-mezze-corde","9":"first","10":"instock","11":"sale","12":"taxable","13":"shipping-taxable","14":"purchasable","15":"product-type-variable"},"acf":[],"yoast_head":"<!-- This site is optimized with the Yoast SEO plugin v26.4 - https:\/\/yoast.com\/wordpress\/plugins\/seo\/ -->\n<title>Fixe Roca Riglos 8.4 mezza corda arrampicata - Sestogrado<\/title>\n<meta name=\"description\" content=\"La Fixe Roca Riglos 8.4 \u00e8 una mezza corda resistente e polivalente, progettata per l&#039;arrampicata su roccia. Il suo diametro di 8,4 mm e la sua costruzione offrono grande sicurezza durante la progressione su pareti e un controllo eccezionale per i dispositivi di assicurazione. \u00c8 una corda eccellente per gli arrampicatori su vie multipitch e per ogni terreno d&#039;avventura. \u00c8 molto affidabile quando \u00e8 necessario effettuare uno o pi\u00f9 calate e per l&#039;utilizzo da parte di tre arrampicatori.I Mallets di Riglos sono formazioni geologiche costituite da rocce con pareti verticali chiamate mallos. Si trovano nella citt\u00e0 di Riglos, nella provincia di Huesca, e raggiungono la loro altezza massima di 275 metri con lo sperone settentrionale di Pis\u00f3n. Ci sono vie aeree e sentieri tortuosi. Gli arrampicatori devono scendere in calata da molti dei suoi mallets.\" \/>\n<meta name=\"robots\" content=\"index, follow, max-snippet:-1, max-image-preview:large, max-video-preview:-1\" \/>\n<link rel=\"canonical\" href=\"https:\/\/www.sestogrado.it\/en\/prodotto\/fixe-roca-riglos-8-4-mezza-corda-arrampicata\/\" \/>\n<meta property=\"og:locale\" content=\"en_US\" \/>\n<meta property=\"og:type\" content=\"article\" \/>\n<meta property=\"og:title\" content=\"Fixe Roca Riglos 8.4 mezza corda arrampicata - Sestogrado\" \/>\n<meta property=\"og:description\" content=\"La Fixe Roca Riglos 8.4 \u00e8 una mezza corda resistente e polivalente, progettata per l&#039;arrampicata su roccia. Il suo diametro di 8,4 mm e la sua costruzione offrono grande sicurezza durante la progressione su pareti e un controllo eccezionale per i dispositivi di assicurazione. \u00c8 una corda eccellente per gli arrampicatori su vie multipitch e per ogni terreno d&#039;avventura. \u00c8 molto affidabile quando \u00e8 necessario effettuare uno o pi\u00f9 calate e per l&#039;utilizzo da parte di tre arrampicatori.I Mallets di Riglos sono formazioni geologiche costituite da rocce con pareti verticali chiamate mallos. Si trovano nella citt\u00e0 di Riglos, nella provincia di Huesca, e raggiungono la loro altezza massima di 275 metri con lo sperone settentrionale di Pis\u00f3n. Ci sono vie aeree e sentieri tortuosi. Gli arrampicatori devono scendere in calata da molti dei suoi mallets.\" \/>\n<meta property=\"og:url\" content=\"https:\/\/www.sestogrado.it\/en\/prodotto\/fixe-roca-riglos-8-4-mezza-corda-arrampicata\/\" \/>\n<meta property=\"og:site_name\" content=\"Sestogrado\" \/>\n<meta property=\"article:publisher\" content=\"https:\/\/www.facebook.com\/pages\/Sestogrado\/1542635979353017?ref=bookmarks\" \/>\n<meta property=\"article:modified_time\" content=\"2026-05-09T20:15:56+00:00\" \/>\n<meta property=\"og:image\" content=\"https:\/\/www.sestogrado.it\/wp-content\/uploads\/2023\/07\/84-riglos.jpg\" \/>\n\t<meta property=\"og:image:width\" content=\"800\" \/>\n\t<meta property=\"og:image:height\" content=\"800\" \/>\n\t<meta property=\"og:image:type\" content=\"image\/jpeg\" \/>\n<meta name=\"twitter:label1\" content=\"Availability\" \/>\n\t<meta name=\"twitter:data1\" content=\"In stock\" \/>\n<script type=\"application\/ld+json\" class=\"yoast-schema-graph\">{\"@context\":\"https:\/\/schema.org\",\"@graph\":[{\"@type\":\"WebPage\",\"@id\":\"https:\/\/www.sestogrado.it\/en\/prodotto\/fixe-roca-riglos-8-4-mezza-corda-arrampicata\/\",\"url\":\"https:\/\/www.sestogrado.it\/en\/prodotto\/fixe-roca-riglos-8-4-mezza-corda-arrampicata\/\",\"name\":\"Fixe Roca Riglos 8.4 mezza corda arrampicata - Sestogrado\",\"isPartOf\":{\"@id\":\"https:\/\/www.sestogrado.it\/en\/#website\"},\"primaryImageOfPage\":{\"@id\":\"https:\/\/www.sestogrado.it\/en\/prodotto\/fixe-roca-riglos-8-4-mezza-corda-arrampicata\/#primaryimage\"},\"image\":{\"@id\":\"https:\/\/www.sestogrado.it\/prodotto\/fixe-roca-riglos-8-4-mezza-corda-arrampicata\/#primaryimage\"},\"thumbnailUrl\":\"https:\/\/www.sestogrado.it\/wp-content\/uploads\/2023\/07\/84-riglos.jpg\",\"datePublished\":\"2023-07-14T06:45:06+00:00\",\"dateModified\":\"2026-05-09T20:15:56+00:00\",\"description\":\"La Fixe Roca Riglos 8.4 \u00e8 una mezza corda resistente e polivalente, progettata per l'arrampicata su roccia. Il suo diametro di 8,4 mm e la sua costruzione offrono grande sicurezza durante la progressione su pareti e un controllo eccezionale per i dispositivi di assicurazione. \u00c8 una corda eccellente per gli arrampicatori su vie multipitch e per ogni terreno d'avventura. \u00c8 molto affidabile quando \u00e8 necessario effettuare uno o pi\u00f9 calate e per l'utilizzo da parte di tre arrampicatori.I Mallets di Riglos sono formazioni geologiche costituite da rocce con pareti verticali chiamate mallos. Si trovano nella citt\u00e0 di Riglos, nella provincia di Huesca, e raggiungono la loro altezza massima di 275 metri con lo sperone settentrionale di Pis\u00f3n. Ci sono vie aeree e sentieri tortuosi. Gli arrampicatori devono scendere in calata da molti dei suoi mallets.\",\"breadcrumb\":{\"@id\":\"https:\/\/www.sestogrado.it\/en\/prodotto\/fixe-roca-riglos-8-4-mezza-corda-arrampicata\/#breadcrumb\"},\"inLanguage\":\"en-US\",\"potentialAction\":[{\"@type\":\"ReadAction\",\"target\":[[\"https:\/\/www.sestogrado.it\/en\/prodotto\/fixe-roca-riglos-8-4-mezza-corda-arrampicata\/\"]]}]},{\"@type\":\"ImageObject\",\"inLanguage\":\"en-US\",\"@id\":\"https:\/\/www.sestogrado.it\/en\/prodotto\/fixe-roca-riglos-8-4-mezza-corda-arrampicata\/#primaryimage\",\"url\":\"https:\/\/www.sestogrado.it\/wp-content\/uploads\/2023\/07\/84-riglos.jpg\",\"contentUrl\":\"https:\/\/www.sestogrado.it\/wp-content\/uploads\/2023\/07\/84-riglos.jpg\",\"width\":800,\"height\":800,\"caption\":\"riglos 8.4\"},{\"@type\":\"BreadcrumbList\",\"@id\":\"https:\/\/www.sestogrado.it\/en\/prodotto\/fixe-roca-riglos-8-4-mezza-corda-arrampicata\/#breadcrumb\",\"itemListElement\":[{\"@type\":\"ListItem\",\"position\":1,\"name\":\"Home\",\"item\":\"https:\/\/www.sestogrado.it\/en\/\"},{\"@type\":\"ListItem\",\"position\":2,\"name\":\"Shop\",\"item\":\"https:\/\/www.sestogrado.it\/en\/shop\/\"},{\"@type\":\"ListItem\",\"position\":3,\"name\":\"Fixe Roca Riglos 8.4 mezza corda arrampicata\"}]},{\"@type\":\"WebSite\",\"@id\":\"https:\/\/www.sestogrado.it\/en\/#website\",\"url\":\"https:\/\/www.sestogrado.it\/en\/\",\"name\":\"Sestogrado\",\"description\":\"yes we climb\",\"publisher\":{\"@id\":\"https:\/\/www.sestogrado.it\/en\/#organization\"},\"potentialAction\":[{\"@type\":\"SearchAction\",\"target\":{\"@type\":\"EntryPoint\",\"urlTemplate\":\"https:\/\/www.sestogrado.it\/en\/?s={search_term_string}\"},\"query-input\":{\"@type\":\"PropertyValueSpecification\",\"valueRequired\":true,\"valueName\":\"search_term_string\"}}],\"inLanguage\":\"en-US\"},{\"@type\":\"Organization\",\"@id\":\"https:\/\/www.sestogrado.it\/en\/#organization\",\"name\":\"Sestogrado\",\"url\":\"https:\/\/www.sestogrado.it\/en\/\",\"logo\":{\"@type\":\"ImageObject\",\"inLanguage\":\"en-US\",\"@id\":\"https:\/\/www.sestogrado.it\/en\/#\/schema\/logo\/image\/\",\"url\":\"https:\/\/www.sestogrado.it\/wp-content\/uploads\/2015\/03\/sestogrado-favicon.png\",\"contentUrl\":\"https:\/\/www.sestogrado.it\/wp-content\/uploads\/2015\/03\/sestogrado-favicon.png\",\"width\":260,\"height\":260,\"caption\":\"Sestogrado\"},\"image\":{\"@id\":\"https:\/\/www.sestogrado.it\/en\/#\/schema\/logo\/image\/\"},\"sameAs\":[\"https:\/\/www.facebook.com\/pages\/Sestogrado\/1542635979353017?ref=bookmarks\",\"https:\/\/www.youtube.com\/channel\/UC847kAfTkaJsWpc1jtQwr3Q\"],\"hasMerchantReturnPolicy\":{\"@type\":\"MerchantReturnPolicy\",\"merchantReturnLink\":\"https:\/\/www.sestogrado.it\/en\/termini-e-condizioni\/\"}}]}<\/script>\n<meta property=\"product:brand\" content=\"Fixe\" \/>\n<meta property=\"og:availability\" content=\"instock\" \/>\n<meta property=\"product:availability\" content=\"instock\" \/>\n<meta property=\"product:condition\" content=\"new\" \/>\n<!-- \/ Yoast SEO plugin. -->","yoast_head_json":{"title":"Fixe Roca Riglos 8.4 mezza corda arrampicata - Sestogrado","description":"La Fixe Roca Riglos 8.4 \u00e8 una mezza corda resistente e polivalente, progettata per l'arrampicata su roccia. Il suo diametro di 8,4 mm e la sua costruzione offrono grande sicurezza durante la progressione su pareti e un controllo eccezionale per i dispositivi di assicurazione. \u00c8 una corda eccellente per gli arrampicatori su vie multipitch e per ogni terreno d'avventura. \u00c8 molto affidabile quando \u00e8 necessario effettuare uno o pi\u00f9 calate e per l'utilizzo da parte di tre arrampicatori.I Mallets di Riglos sono formazioni geologiche costituite da rocce con pareti verticali chiamate mallos. Si trovano nella citt\u00e0 di Riglos, nella provincia di Huesca, e raggiungono la loro altezza massima di 275 metri con lo sperone settentrionale di Pis\u00f3n. Ci sono vie aeree e sentieri tortuosi. Gli arrampicatori devono scendere in calata da molti dei suoi mallets.","robots":{"index":"index","follow":"follow","max-snippet":"max-snippet:-1","max-image-preview":"max-image-preview:large","max-video-preview":"max-video-preview:-1"},"canonical":"https:\/\/www.sestogrado.it\/en\/prodotto\/fixe-roca-riglos-8-4-mezza-corda-arrampicata\/","og_locale":"en_US","og_type":"article","og_title":"Fixe Roca Riglos 8.4 mezza corda arrampicata - Sestogrado","og_description":"La Fixe Roca Riglos 8.4 \u00e8 una mezza corda resistente e polivalente, progettata per l'arrampicata su roccia. Il suo diametro di 8,4 mm e la sua costruzione offrono grande sicurezza durante la progressione su pareti e un controllo eccezionale per i dispositivi di assicurazione. \u00c8 una corda eccellente per gli arrampicatori su vie multipitch e per ogni terreno d'avventura. \u00c8 molto affidabile quando \u00e8 necessario effettuare uno o pi\u00f9 calate e per l'utilizzo da parte di tre arrampicatori.I Mallets di Riglos sono formazioni geologiche costituite da rocce con pareti verticali chiamate mallos. Si trovano nella citt\u00e0 di Riglos, nella provincia di Huesca, e raggiungono la loro altezza massima di 275 metri con lo sperone settentrionale di Pis\u00f3n. Ci sono vie aeree e sentieri tortuosi. Gli arrampicatori devono scendere in calata da molti dei suoi mallets.","og_url":"https:\/\/www.sestogrado.it\/en\/prodotto\/fixe-roca-riglos-8-4-mezza-corda-arrampicata\/","og_site_name":"Sestogrado","article_publisher":"https:\/\/www.facebook.com\/pages\/Sestogrado\/1542635979353017?ref=bookmarks","article_modified_time":"2026-05-09T20:15:56+00:00","og_image":[{"width":800,"height":800,"url":"https:\/\/www.sestogrado.it\/wp-content\/uploads\/2023\/07\/84-riglos.jpg","type":"image\/jpeg"}],"twitter_misc":{"Availability":"In stock"},"schema":{"@context":"https:\/\/schema.org","@graph":[{"@type":"WebPage","@id":"https:\/\/www.sestogrado.it\/en\/prodotto\/fixe-roca-riglos-8-4-mezza-corda-arrampicata\/","url":"https:\/\/www.sestogrado.it\/en\/prodotto\/fixe-roca-riglos-8-4-mezza-corda-arrampicata\/","name":"Fixe Roca Riglos 8.4 mezza corda arrampicata - Sestogrado","isPartOf":{"@id":"https:\/\/www.sestogrado.it\/en\/#website"},"primaryImageOfPage":{"@id":"https:\/\/www.sestogrado.it\/en\/prodotto\/fixe-roca-riglos-8-4-mezza-corda-arrampicata\/#primaryimage"},"image":{"@id":"https:\/\/www.sestogrado.it\/prodotto\/fixe-roca-riglos-8-4-mezza-corda-arrampicata\/#primaryimage"},"thumbnailUrl":"https:\/\/www.sestogrado.it\/wp-content\/uploads\/2023\/07\/84-riglos.jpg","datePublished":"2023-07-14T06:45:06+00:00","dateModified":"2026-05-09T20:15:56+00:00","description":"La Fixe Roca Riglos 8.4 \u00e8 una mezza corda resistente e polivalente, progettata per l'arrampicata su roccia. Il suo diametro di 8,4 mm e la sua costruzione offrono grande sicurezza durante la progressione su pareti e un controllo eccezionale per i dispositivi di assicurazione. \u00c8 una corda eccellente per gli arrampicatori su vie multipitch e per ogni terreno d'avventura. \u00c8 molto affidabile quando \u00e8 necessario effettuare uno o pi\u00f9 calate e per l'utilizzo da parte di tre arrampicatori.I Mallets di Riglos sono formazioni geologiche costituite da rocce con pareti verticali chiamate mallos. Si trovano nella citt\u00e0 di Riglos, nella provincia di Huesca, e raggiungono la loro altezza massima di 275 metri con lo sperone settentrionale di Pis\u00f3n. Ci sono vie aeree e sentieri tortuosi. Gli arrampicatori devono scendere in calata da molti dei suoi mallets.","breadcrumb":{"@id":"https:\/\/www.sestogrado.it\/en\/prodotto\/fixe-roca-riglos-8-4-mezza-corda-arrampicata\/#breadcrumb"},"inLanguage":"en-US","potentialAction":[{"@type":"ReadAction","target":[["https:\/\/www.sestogrado.it\/en\/prodotto\/fixe-roca-riglos-8-4-mezza-corda-arrampicata\/"]]}]},{"@type":"ImageObject","inLanguage":"en-US","@id":"https:\/\/www.sestogrado.it\/en\/prodotto\/fixe-roca-riglos-8-4-mezza-corda-arrampicata\/#primaryimage","url":"https:\/\/www.sestogrado.it\/wp-content\/uploads\/2023\/07\/84-riglos.jpg","contentUrl":"https:\/\/www.sestogrado.it\/wp-content\/uploads\/2023\/07\/84-riglos.jpg","width":800,"height":800,"caption":"riglos 8.4"},{"@type":"BreadcrumbList","@id":"https:\/\/www.sestogrado.it\/en\/prodotto\/fixe-roca-riglos-8-4-mezza-corda-arrampicata\/#breadcrumb","itemListElement":[{"@type":"ListItem","position":1,"name":"Home","item":"https:\/\/www.sestogrado.it\/en\/"},{"@type":"ListItem","position":2,"name":"Shop","item":"https:\/\/www.sestogrado.it\/en\/shop\/"},{"@type":"ListItem","position":3,"name":"Fixe Roca Riglos 8.4 mezza corda arrampicata"}]},{"@type":"WebSite","@id":"https:\/\/www.sestogrado.it\/en\/#website","url":"https:\/\/www.sestogrado.it\/en\/","name":"Sestogrado","description":"yes we climb","publisher":{"@id":"https:\/\/www.sestogrado.it\/en\/#organization"},"potentialAction":[{"@type":"SearchAction","target":{"@type":"EntryPoint","urlTemplate":"https:\/\/www.sestogrado.it\/en\/?s={search_term_string}"},"query-input":{"@type":"PropertyValueSpecification","valueRequired":true,"valueName":"search_term_string"}}],"inLanguage":"en-US"},{"@type":"Organization","@id":"https:\/\/www.sestogrado.it\/en\/#organization","name":"Sestogrado","url":"https:\/\/www.sestogrado.it\/en\/","logo":{"@type":"ImageObject","inLanguage":"en-US","@id":"https:\/\/www.sestogrado.it\/en\/#\/schema\/logo\/image\/","url":"https:\/\/www.sestogrado.it\/wp-content\/uploads\/2015\/03\/sestogrado-favicon.png","contentUrl":"https:\/\/www.sestogrado.it\/wp-content\/uploads\/2015\/03\/sestogrado-favicon.png","width":260,"height":260,"caption":"Sestogrado"},"image":{"@id":"https:\/\/www.sestogrado.it\/en\/#\/schema\/logo\/image\/"},"sameAs":["https:\/\/www.facebook.com\/pages\/Sestogrado\/1542635979353017?ref=bookmarks","https:\/\/www.youtube.com\/channel\/UC847kAfTkaJsWpc1jtQwr3Q"],"hasMerchantReturnPolicy":{"@type":"MerchantReturnPolicy","merchantReturnLink":"https:\/\/www.sestogrado.it\/en\/termini-e-condizioni\/"}}]},"product_brand":"Fixe","og_availability":"instock","product_availability":"instock","product_condition":"new"},"_links":{"self":[{"href":"https:\/\/www.sestogrado.it\/en\/wp-json\/wp\/v2\/product\/137302","targetHints":{"allow":["GET"]}}],"collection":[{"href":"https:\/\/www.sestogrado.it\/en\/wp-json\/wp\/v2\/product"}],"about":[{"href":"https:\/\/www.sestogrado.it\/en\/wp-json\/wp\/v2\/types\/product"}],"replies":[{"embeddable":true,"href":"https:\/\/www.sestogrado.it\/en\/wp-json\/wp\/v2\/comments?post=137302"}],"wp:featuredmedia":[{"embeddable":true,"href":"https:\/\/www.sestogrado.it\/en\/wp-json\/wp\/v2\/media\/137303"}],"wp:attachment":[{"href":"https:\/\/www.sestogrado.it\/en\/wp-json\/wp\/v2\/media?parent=137302"}],"wp:term":[{"taxonomy":"product_brand","embeddable":true,"href":"https:\/\/www.sestogrado.it\/en\/wp-json\/wp\/v2\/product_brand?post=137302"},{"taxonomy":"product_cat","embeddable":true,"href":"https:\/\/www.sestogrado.it\/en\/wp-json\/wp\/v2\/product_cat?post=137302"},{"taxonomy":"product_tag","embeddable":true,"href":"https:\/\/www.sestogrado.it\/en\/wp-json\/wp\/v2\/product_tag?post=137302"}],"curies":[{"name":"wp","href":"https:\/\/api.w.org\/{rel}","templated":true}]}}